{"id":3835,"date":"2026-01-21T04:04:58","date_gmt":"2026-01-21T04:04:58","guid":{"rendered":"https:\/\/fumot.uk\/?post_type=product&#038;p=3835"},"modified":"2026-01-21T08:39:13","modified_gmt":"2026-01-21T08:39:13","slug":"jnr-falcon-16000-puffs-pineapple-mango-orange","status":"publish","type":"product","link":"https:\/\/fumot.uk\/es\/product\/jnr-falcon-16000-puffs-pineapple-mango-orange\/","title":{"rendered":"JNR Falcon 16000 Puffs Pi\u00f1a Mango Naranja \u2013 Vape Desechable de Cristal (22ml, Flujo de Aire Ajustable)"},"content":{"rendered":"<p><strong>JNR Falcon 16000 Puffs \u2013 Pi\u00f1a Mango Naranja<\/strong> trae una brillante mezcla tropical a un vape desechable premium, inspirado en cristal. Construido con <strong>Doble Bobina de Malla<\/strong> calefacci\u00f3n y <strong>flujo de aire ajustable<\/strong>, est\u00e1 dise\u00f1ado para ofrecer vapor denso y suave de manera consistente, mientras te permite ajustar la calada para que se adapte a tu estilo.<\/p>\n<p><strong>Sabor: Pi\u00f1a Mango Naranja<\/strong><br \/>Un tr\u00edo animado de frutas tropicales en perfecto equilibrio: jugosa <strong>mango<\/strong> dulzura, el toque crujiente de <strong>pi\u00f1a<\/strong>, y un limpio <strong>acabado de naranja.<\/strong> Cada calada se siente refrescante y con capas: dulce al principio, brillante en el medio, y ligeramente c\u00edtrica en la exhalaci\u00f3n.<\/p>\n<h3><strong>Caracter\u00edsticas Clave<\/strong><\/h3>\n<ul>\n<li><strong>Caladas:<\/strong> Hasta 16000 caladas<\/li>\n<li><strong>Capacidad de e-l\u00edquido:<\/strong> 22ml<\/li>\n<li><strong>Opciones de nicotina:<\/strong> 2% o 5%<\/li>\n<li><strong>Bobina:<\/strong> Tecnolog\u00eda de Doble Bobina de Malla<\/li>\n<li><strong>Flujo de aire:<\/strong> Control de flujo de aire ajustable<\/li>\n<li><strong>Bater\u00eda:<\/strong> 850mAh recargable<\/li>\n<li><strong>Carga:<\/strong> Type-C<\/li>\n<li><strong>Resistencia:<\/strong> 1\u03a9<\/li>\n<li><strong>Dise\u00f1o:<\/strong> Artesan\u00eda estilo cristal<\/li>\n<li><strong>Gama de sabores:<\/strong> 20 sabores disponibles<\/li>\n<\/ul>\n<h3><strong>Por qu\u00e9 te gustar\u00e1<\/strong><\/h3>\n<p>Si buscas un <strong>vape desechable tropical<\/strong> que no sabe plano despu\u00e9s de unas pocas sesiones, esta mezcla se mantiene vibrante gracias al sistema Dual Mesh. Ajusta el flujo de aire para una calada m\u00e1s abierta y aireada o un tir\u00f3n ligeramente m\u00e1s ajustado\u2014ideal para usuarios que prefieren una <strong>sensaci\u00f3n Direct-to-Lung<\/strong> .<\/p>\n<p>Explora m\u00e1s sabores de la serie en <a href=\"https:\/\/fumot.uk\/es\/\" target=\"_blank\" rel=\"noopener\">fumot.uk<\/a>, o explora la colecci\u00f3n completa aqu\u00ed: <a href=\"https:\/\/fumot.uk\/es\/product-category\/jnr-falcon-16000-puffs\/\" target=\"_blank\" rel=\"noopener\">colecci\u00f3n JNR Falcon 16000 Puffs<\/a>.<\/p>","protected":false},"excerpt":{"rendered":"<p>Pi\u00f1a Tropical Mango Naranja en un vape desechable JNR Falcon 16000 Puffs estilo cristal. 22ml, Bobina de Malla Dual, flujo de aire ajustable, recargable de 850mAh (Tipo-C), opciones de nicotina 2%\/5%.<\/p>","protected":false},"featured_media":3875,"comment_status":"open","ping_status":"closed","template":"","meta":[],"product_brand":[],"product_cat":[191,192,17],"product_tag":[193,20,21,113,72,73,42,80,35,26,62,28],"class_list":{"0":"post-3835","1":"product","2":"type-product","3":"status-publish","4":"has-post-thumbnail","6":"product_cat-16000-puff","7":"product_cat-jnr-falcon-16000-puffs","8":"product_cat-vape","9":"product_tag-22ml","10":"product_tag-850mah","11":"product_tag-adjustable-airflow","12":"product_tag-crystal-vape","13":"product_tag-direct-to-lung","14":"product_tag-dual-mesh","15":"product_tag-mango","16":"product_tag-orange","17":"product_tag-pineapple","18":"product_tag-rechargeable","19":"product_tag-sale-vape","20":"product_tag-type-c","22":"first","23":"instock","24":"sale","25":"shipping-taxable","26":"purchasable","27":"product-type-variable","28":"has-default-attributes"},"yoast_head":"<!-- This site is optimized with the Yoast SEO plugin v26.8 - https:\/\/yoast.com\/product\/yoast-seo-wordpress\/ -->\n<title>JNR Falcon 16000 Pineapple Mango Orange | 22ml<\/title>\n<meta name=\"description\" content=\"JNR Falcon 16000 Puffs Pineapple Mango Orange: 22ml e-liquid, Dual Mesh Coil, adjustable airflow, 850mAh rechargeable Type-C. Nicotine 2% or 5%.\" \/>\n<meta name=\"robots\" content=\"index, follow, max-snippet:-1, max-image-preview:large, max-video-preview:-1\" \/>\n<link rel=\"canonical\" href=\"https:\/\/fumot.uk\/es\/product\/jnr-falcon-16000-puffs-pineapple-mango-orange\/\" \/>\n<meta property=\"og:locale\" content=\"es_ES\" \/>\n<meta property=\"og:type\" content=\"article\" \/>\n<meta property=\"og:title\" content=\"JNR Falcon 16000 \u2013 Pineapple Mango Orange (22ml, Dual Mesh)\" \/>\n<meta property=\"og:description\" content=\"A crisp tropical trio: mango sweetness, pineapple tang, orange finish. Crystal-style design, adjustable airflow, 850mAh rechargeable Type\u2011C, 2%\/5% nicotine.\" \/>\n<meta property=\"og:url\" content=\"https:\/\/fumot.uk\/es\/product\/jnr-falcon-16000-puffs-pineapple-mango-orange\/\" \/>\n<meta property=\"og:site_name\" content=\"Fumot Official Direct | Straight from the Factory, 100% Genuine\" \/>\n<meta property=\"article:modified_time\" content=\"2026-01-21T08:39:13+00:00\" \/>\n<meta property=\"og:image\" content=\"https:\/\/fumot.uk\/wp-content\/uploads\/2026\/01\/Pineapple-mango-orange_JNR-Falcon-16000-Puffs-Disposable-Vape-1024x1024.jpg\" \/>\n\t<meta property=\"og:image:width\" content=\"1024\" \/>\n\t<meta property=\"og:image:height\" content=\"1024\" \/>\n\t<meta property=\"og:image:type\" content=\"image\/jpeg\" \/>\n<meta name=\"twitter:card\" content=\"summary_large_image\" \/>\n<meta name=\"twitter:label1\" content=\"Tiempo de lectura\" \/>\n\t<meta name=\"twitter:data1\" content=\"1 minuto\" \/>\n<script type=\"application\/ld+json\" class=\"yoast-schema-graph\">{\"@context\":\"https:\/\/schema.org\",\"@graph\":[{\"@type\":\"WebPage\",\"@id\":\"https:\/\/fumot.uk\/product\/jnr-falcon-16000-puffs-pineapple-mango-orange\/\",\"url\":\"https:\/\/fumot.uk\/product\/jnr-falcon-16000-puffs-pineapple-mango-orange\/\",\"name\":\"JNR Falcon 16000 Pineapple Mango Orange | 22ml\",\"isPartOf\":{\"@id\":\"https:\/\/fumot.uk\/#website\"},\"primaryImageOfPage\":{\"@id\":\"https:\/\/fumot.uk\/product\/jnr-falcon-16000-puffs-pineapple-mango-orange\/#primaryimage\"},\"image\":{\"@id\":\"https:\/\/fumot.uk\/product\/jnr-falcon-16000-puffs-pineapple-mango-orange\/#primaryimage\"},\"thumbnailUrl\":\"https:\/\/fumot.uk\/wp-content\/uploads\/2026\/01\/Pineapple-mango-orange_JNR-Falcon-16000-Puffs-Disposable-Vape.jpg\",\"datePublished\":\"2026-01-21T04:04:58+00:00\",\"dateModified\":\"2026-01-21T08:39:13+00:00\",\"description\":\"JNR Falcon 16000 Puffs Pineapple Mango Orange: 22ml e-liquid, Dual Mesh Coil, adjustable airflow, 850mAh rechargeable Type-C. Nicotine 2% or 5%.\",\"breadcrumb\":{\"@id\":\"https:\/\/fumot.uk\/product\/jnr-falcon-16000-puffs-pineapple-mango-orange\/#breadcrumb\"},\"inLanguage\":\"es\",\"potentialAction\":[{\"@type\":\"ReadAction\",\"target\":[\"https:\/\/fumot.uk\/product\/jnr-falcon-16000-puffs-pineapple-mango-orange\/\"]}]},{\"@type\":\"ImageObject\",\"inLanguage\":\"es\",\"@id\":\"https:\/\/fumot.uk\/product\/jnr-falcon-16000-puffs-pineapple-mango-orange\/#primaryimage\",\"url\":\"https:\/\/fumot.uk\/wp-content\/uploads\/2026\/01\/Pineapple-mango-orange_JNR-Falcon-16000-Puffs-Disposable-Vape.jpg\",\"contentUrl\":\"https:\/\/fumot.uk\/wp-content\/uploads\/2026\/01\/Pineapple-mango-orange_JNR-Falcon-16000-Puffs-Disposable-Vape.jpg\",\"width\":2500,\"height\":2500},{\"@type\":\"BreadcrumbList\",\"@id\":\"https:\/\/fumot.uk\/product\/jnr-falcon-16000-puffs-pineapple-mango-orange\/#breadcrumb\",\"itemListElement\":[{\"@type\":\"ListItem\",\"position\":1,\"name\":\"Home\",\"item\":\"https:\/\/fumot.uk\/\"},{\"@type\":\"ListItem\",\"position\":2,\"name\":\"Shop\",\"item\":\"https:\/\/fumot.uk\/shop\/\"},{\"@type\":\"ListItem\",\"position\":3,\"name\":\"JNR Falcon 16000 Puffs Pineapple Mango Orange \u2013 Crystal Disposable Vape (22ml, Adjustable Airflow)\"}]},{\"@type\":\"WebSite\",\"@id\":\"https:\/\/fumot.uk\/#website\",\"url\":\"https:\/\/fumot.uk\/\",\"name\":\"Fumot Official Direct | Straight from the Factory, 100% Genuine\",\"description\":\"Official Website\",\"publisher\":{\"@id\":\"https:\/\/fumot.uk\/#organization\"},\"potentialAction\":[{\"@type\":\"SearchAction\",\"target\":{\"@type\":\"EntryPoint\",\"urlTemplate\":\"https:\/\/fumot.uk\/?s={search_term_string}\"},\"query-input\":{\"@type\":\"PropertyValueSpecification\",\"valueRequired\":true,\"valueName\":\"search_term_string\"}}],\"inLanguage\":\"es\"},{\"@type\":\"Organization\",\"@id\":\"https:\/\/fumot.uk\/#organization\",\"name\":\"Fumot Official Direct | Straight from the Factory, 100% Genuine\",\"url\":\"https:\/\/fumot.uk\/\",\"logo\":{\"@type\":\"ImageObject\",\"inLanguage\":\"es\",\"@id\":\"https:\/\/fumot.uk\/#\/schema\/logo\/image\/\",\"url\":\"https:\/\/fumot.uk\/wp-content\/uploads\/2026\/01\/cropped-fumot-logo1.png\",\"contentUrl\":\"https:\/\/fumot.uk\/wp-content\/uploads\/2026\/01\/cropped-fumot-logo1.png\",\"width\":152,\"height\":106,\"caption\":\"Fumot Official Direct | Straight from the Factory, 100% Genuine\"},\"image\":{\"@id\":\"https:\/\/fumot.uk\/#\/schema\/logo\/image\/\"}}]}<\/script>\n<!-- \/ Yoast SEO plugin. -->","yoast_head_json":{"title":"JNR Falcon 16000 Pi\u00f1a Mango Naranja | 22ml","description":"JNR Falcon 16000 Puffs Pi\u00f1a Mango Naranja: 22ml de e-l\u00edquido, Doble Bobina de Malla, flujo de aire ajustable, 850mAh recargable Tipo-C. Nicotina 2% o 5%.","robots":{"index":"index","follow":"follow","max-snippet":"max-snippet:-1","max-image-preview":"max-image-preview:large","max-video-preview":"max-video-preview:-1"},"canonical":"https:\/\/fumot.uk\/es\/product\/jnr-falcon-16000-puffs-pineapple-mango-orange\/","og_locale":"es_ES","og_type":"article","og_title":"JNR Falcon 16000 \u2013 Pineapple Mango Orange (22ml, Dual Mesh)","og_description":"A crisp tropical trio: mango sweetness, pineapple tang, orange finish. Crystal-style design, adjustable airflow, 850mAh rechargeable Type\u2011C, 2%\/5% nicotine.","og_url":"https:\/\/fumot.uk\/es\/product\/jnr-falcon-16000-puffs-pineapple-mango-orange\/","og_site_name":"Fumot Official Direct | Straight from the Factory, 100% Genuine","article_modified_time":"2026-01-21T08:39:13+00:00","og_image":[{"width":1024,"height":1024,"url":"https:\/\/fumot.uk\/wp-content\/uploads\/2026\/01\/Pineapple-mango-orange_JNR-Falcon-16000-Puffs-Disposable-Vape-1024x1024.jpg","type":"image\/jpeg"}],"twitter_card":"summary_large_image","twitter_misc":{"Tiempo de lectura":"1 minuto"},"schema":{"@context":"https:\/\/schema.org","@graph":[{"@type":"WebPage","@id":"https:\/\/fumot.uk\/product\/jnr-falcon-16000-puffs-pineapple-mango-orange\/","url":"https:\/\/fumot.uk\/product\/jnr-falcon-16000-puffs-pineapple-mango-orange\/","name":"JNR Falcon 16000 Pi\u00f1a Mango Naranja | 22ml","isPartOf":{"@id":"https:\/\/fumot.uk\/#website"},"primaryImageOfPage":{"@id":"https:\/\/fumot.uk\/product\/jnr-falcon-16000-puffs-pineapple-mango-orange\/#primaryimage"},"image":{"@id":"https:\/\/fumot.uk\/product\/jnr-falcon-16000-puffs-pineapple-mango-orange\/#primaryimage"},"thumbnailUrl":"https:\/\/fumot.uk\/wp-content\/uploads\/2026\/01\/Pineapple-mango-orange_JNR-Falcon-16000-Puffs-Disposable-Vape.jpg","datePublished":"2026-01-21T04:04:58+00:00","dateModified":"2026-01-21T08:39:13+00:00","description":"JNR Falcon 16000 Puffs Pi\u00f1a Mango Naranja: 22ml de e-l\u00edquido, Doble Bobina de Malla, flujo de aire ajustable, 850mAh recargable Tipo-C. Nicotina 2% o 5%.","breadcrumb":{"@id":"https:\/\/fumot.uk\/product\/jnr-falcon-16000-puffs-pineapple-mango-orange\/#breadcrumb"},"inLanguage":"es","potentialAction":[{"@type":"ReadAction","target":["https:\/\/fumot.uk\/product\/jnr-falcon-16000-puffs-pineapple-mango-orange\/"]}]},{"@type":"ImageObject","inLanguage":"es","@id":"https:\/\/fumot.uk\/product\/jnr-falcon-16000-puffs-pineapple-mango-orange\/#primaryimage","url":"https:\/\/fumot.uk\/wp-content\/uploads\/2026\/01\/Pineapple-mango-orange_JNR-Falcon-16000-Puffs-Disposable-Vape.jpg","contentUrl":"https:\/\/fumot.uk\/wp-content\/uploads\/2026\/01\/Pineapple-mango-orange_JNR-Falcon-16000-Puffs-Disposable-Vape.jpg","width":2500,"height":2500},{"@type":"BreadcrumbList","@id":"https:\/\/fumot.uk\/product\/jnr-falcon-16000-puffs-pineapple-mango-orange\/#breadcrumb","itemListElement":[{"@type":"ListItem","position":1,"name":"Home","item":"https:\/\/fumot.uk\/"},{"@type":"ListItem","position":2,"name":"Shop","item":"https:\/\/fumot.uk\/shop\/"},{"@type":"ListItem","position":3,"name":"JNR Falcon 16000 Puffs Pineapple Mango Orange \u2013 Crystal Disposable Vape (22ml, Adjustable Airflow)"}]},{"@type":"WebSite","@id":"https:\/\/fumot.uk\/#website","url":"https:\/\/fumot.uk\/","name":"Fumot Official Direct | Directo desde la f\u00e1brica, 100% Original","description":"Sitio Oficial","publisher":{"@id":"https:\/\/fumot.uk\/#organization"},"potentialAction":[{"@type":"SearchAction","target":{"@type":"EntryPoint","urlTemplate":"https:\/\/fumot.uk\/?s={search_term_string}"},"query-input":{"@type":"PropertyValueSpecification","valueRequired":true,"valueName":"search_term_string"}}],"inLanguage":"es"},{"@type":"Organization","@id":"https:\/\/fumot.uk\/#organization","name":"Fumot Official Direct | Directo desde la f\u00e1brica, 100% Original","url":"https:\/\/fumot.uk\/","logo":{"@type":"ImageObject","inLanguage":"es","@id":"https:\/\/fumot.uk\/#\/schema\/logo\/image\/","url":"https:\/\/fumot.uk\/wp-content\/uploads\/2026\/01\/cropped-fumot-logo1.png","contentUrl":"https:\/\/fumot.uk\/wp-content\/uploads\/2026\/01\/cropped-fumot-logo1.png","width":152,"height":106,"caption":"Fumot Official Direct | Straight from the Factory, 100% Genuine"},"image":{"@id":"https:\/\/fumot.uk\/#\/schema\/logo\/image\/"}}]}},"_links":{"self":[{"href":"https:\/\/fumot.uk\/es\/wp-json\/wp\/v2\/product\/3835","targetHints":{"allow":["GET"]}}],"collection":[{"href":"https:\/\/fumot.uk\/es\/wp-json\/wp\/v2\/product"}],"about":[{"href":"https:\/\/fumot.uk\/es\/wp-json\/wp\/v2\/types\/product"}],"replies":[{"embeddable":true,"href":"https:\/\/fumot.uk\/es\/wp-json\/wp\/v2\/comments?post=3835"}],"wp:featuredmedia":[{"embeddable":true,"href":"https:\/\/fumot.uk\/es\/wp-json\/wp\/v2\/media\/3875"}],"wp:attachment":[{"href":"https:\/\/fumot.uk\/es\/wp-json\/wp\/v2\/media?parent=3835"}],"wp:term":[{"taxonomy":"product_brand","embeddable":true,"href":"https:\/\/fumot.uk\/es\/wp-json\/wp\/v2\/product_brand?post=3835"},{"taxonomy":"product_cat","embeddable":true,"href":"https:\/\/fumot.uk\/es\/wp-json\/wp\/v2\/product_cat?post=3835"},{"taxonomy":"product_tag","embeddable":true,"href":"https:\/\/fumot.uk\/es\/wp-json\/wp\/v2\/product_tag?post=3835"}],"curies":[{"name":"wp","href":"https:\/\/api.w.org\/{rel}","templated":true}]}}