{"id":3826,"date":"2026-01-21T04:04:56","date_gmt":"2026-01-21T04:04:56","guid":{"rendered":"https:\/\/fumot.uk\/?post_type=product&#038;p=3826"},"modified":"2026-01-21T08:44:24","modified_gmt":"2026-01-21T08:44:24","slug":"jnr-falcon-16000-puffs-blueberry-red-raspberry","status":"publish","type":"product","link":"https:\/\/fumot.uk\/es\/product\/jnr-falcon-16000-puffs-blueberry-red-raspberry\/","title":{"rendered":"JNR Falcon 16000 Puffs Blueberry Red Raspberry Vape Desechable (22ml, Malla Dual, Flujo de Aire Ajustable)"},"content":{"rendered":"<p><strong>JNR Falcon 16000 Puffs \u2013 Ar\u00e1ndano Frambuesa Roja<\/strong> ofrece una brillante mezcla de bayas en un vape desechable de estilo cristal. El dulce y maduro ar\u00e1ndano se encuentra con la refrescante y ligeramente \u00e1cida mordida de la frambuesa roja para un acabado limpio y afrutado que permanece satisfactorio desde la primera calada hasta la \u00faltima.<\/p>\n<p>Construido con <strong>Doble Bobina de Malla<\/strong> calentamiento para una calidez uniforme y vapor denso, el Falcon tambi\u00e9n cuenta con <strong>flujo de aire ajustable<\/strong> para que puedas ajustar tu inhalaci\u00f3n: m\u00e1s aireada para una sensaci\u00f3n m\u00e1s suave Directo-a-Pulm\u00f3n o ligeramente m\u00e1s ajustada para un sabor m\u00e1s concentrado.<\/p>\n<h3>Perfil de Sabor: Ar\u00e1ndano Frambuesa Roja<\/h3>\n<ul>\n<li><strong>Inhalaci\u00f3n:<\/strong> dulce jugoso de ar\u00e1ndano<\/li>\n<li><strong>Exhalaci\u00f3n:<\/strong> toque crujiente de frambuesa roja<\/li>\n<li><strong>En general:<\/strong> vape de bayas equilibrado, dulce y \u00e1cido, fresco y vibrante<\/li>\n<\/ul>\n<h3>Caracter\u00edsticas Clave<\/h3>\n<ul>\n<li><strong>Cuenta de Caladas:<\/strong> hasta 16000 caladas<\/li>\n<li><strong>850mAh (recargable)<\/strong> 22ml<\/li>\n<li><strong>Opciones de Nicotina:<\/strong> 2% o 5%<\/li>\n<li><strong>Bobina:<\/strong> Tecnolog\u00eda de Doble Bobina de Malla<\/li>\n<li><strong>Flujo de aire:<\/strong> Control de flujo de aire ajustable<\/li>\n<li><strong>Bater\u00eda:<\/strong> 850mAh recargable<\/li>\n<li><strong>Carga:<\/strong> Type-C<\/li>\n<li><strong>Resistencia:<\/strong> 1\u03a9<\/li>\n<li><strong>Dise\u00f1o:<\/strong> apariencia de artesan\u00eda estilo cristal<\/li>\n<li><strong>Rango de Sabores:<\/strong> 20 sabores disponibles<\/li>\n<\/ul>\n<h3>Por qu\u00e9 te gustar\u00e1<\/h3>\n<p>Si prefieres <strong>sabores de vape de frutas frescas<\/strong> que no sean excesivamente parecidos a caramelos, Ar\u00e1ndano Frambuesa Roja es una excelente opci\u00f3n diaria: lo suficientemente dulce para sentirse suave, con la acidez justa para mantenerlo vivo.<\/p>\n<p>Explora m\u00e1s sabores y ofertas en <a href=\"https:\/\/fumot.uk\/es\/\">fumot.uk<\/a>, o navega por el <a href=\"https:\/\/fumot.uk\/es\/product-category\/16000-puff\/\">colecci\u00f3n de 16000 caladas<\/a> para m\u00e1s opciones de vape desechable de alta capacidad.<\/p>","protected":false},"excerpt":{"rendered":"<p>JNR Falcon 16000 Puffs en Ar\u00e1ndano Frambuesa Roja: ar\u00e1ndano dulce + frambuesa roja \u00e1cida, Doble Bobina de Malla, flujo de aire ajustable, 22ml, 850mAh recargable (Tipo\u2011C).<\/p>","protected":false},"featured_media":3866,"comment_status":"open","ping_status":"closed","template":"","meta":[],"product_brand":[],"product_cat":[191,192,17],"product_tag":[193,20,21,33,113,72,73,34,26,62,28],"class_list":{"0":"post-3826","1":"product","2":"type-product","3":"status-publish","4":"has-post-thumbnail","6":"product_cat-16000-puff","7":"product_cat-jnr-falcon-16000-puffs","8":"product_cat-vape","9":"product_tag-22ml","10":"product_tag-850mah","11":"product_tag-adjustable-airflow","12":"product_tag-blueberry","13":"product_tag-crystal-vape","14":"product_tag-direct-to-lung","15":"product_tag-dual-mesh","16":"product_tag-raspberry","17":"product_tag-rechargeable","18":"product_tag-sale-vape","19":"product_tag-type-c","21":"first","22":"instock","23":"sale","24":"shipping-taxable","25":"purchasable","26":"product-type-variable","27":"has-default-attributes"},"yoast_head":"<!-- This site is optimized with the Yoast SEO plugin v26.8 - https:\/\/yoast.com\/product\/yoast-seo-wordpress\/ -->\n<title>JNR Falcon 16000 Blueberry Red Raspberry | 22ml<\/title>\n<meta name=\"description\" content=\"JNR Falcon 16000 Puffs Blueberry Red Raspberry disposable vape: 22ml e-liquid, Dual Mesh Coil, adjustable airflow, 850mAh rechargeable, 2%\/5% nicotine.\" \/>\n<meta name=\"robots\" content=\"index, follow, max-snippet:-1, max-image-preview:large, max-video-preview:-1\" \/>\n<link rel=\"canonical\" href=\"https:\/\/fumot.uk\/es\/product\/jnr-falcon-16000-puffs-blueberry-red-raspberry\/\" \/>\n<meta property=\"og:locale\" content=\"es_ES\" \/>\n<meta property=\"og:type\" content=\"article\" \/>\n<meta property=\"og:title\" content=\"JNR Falcon 16000 \u2013 Blueberry Red Raspberry\" \/>\n<meta property=\"og:description\" content=\"A vibrant berry blend\u2014sweet blueberry and tangy red raspberry\u2014with Dual Mesh Coil, adjustable airflow, 22ml capacity and rechargeable 850mAh battery.\" \/>\n<meta property=\"og:url\" content=\"https:\/\/fumot.uk\/es\/product\/jnr-falcon-16000-puffs-blueberry-red-raspberry\/\" \/>\n<meta property=\"og:site_name\" content=\"Fumot Official Direct | Straight from the Factory, 100% Genuine\" \/>\n<meta property=\"article:modified_time\" content=\"2026-01-21T08:44:24+00:00\" \/>\n<meta property=\"og:image\" content=\"https:\/\/fumot.uk\/wp-content\/uploads\/2026\/01\/Blueberry-red-raspberry-JNR-Falcon-16000-Puffs-Disposable-Vape-1024x1024.jpg\" \/>\n\t<meta property=\"og:image:width\" content=\"1024\" \/>\n\t<meta property=\"og:image:height\" content=\"1024\" \/>\n\t<meta property=\"og:image:type\" content=\"image\/jpeg\" \/>\n<meta name=\"twitter:card\" content=\"summary_large_image\" \/>\n<meta name=\"twitter:label1\" content=\"Tiempo de lectura\" \/>\n\t<meta name=\"twitter:data1\" content=\"1 minuto\" \/>\n<script type=\"application\/ld+json\" class=\"yoast-schema-graph\">{\"@context\":\"https:\/\/schema.org\",\"@graph\":[{\"@type\":\"WebPage\",\"@id\":\"https:\/\/fumot.uk\/product\/jnr-falcon-16000-puffs-blueberry-red-raspberry\/\",\"url\":\"https:\/\/fumot.uk\/product\/jnr-falcon-16000-puffs-blueberry-red-raspberry\/\",\"name\":\"JNR Falcon 16000 Blueberry Red Raspberry | 22ml\",\"isPartOf\":{\"@id\":\"https:\/\/fumot.uk\/#website\"},\"primaryImageOfPage\":{\"@id\":\"https:\/\/fumot.uk\/product\/jnr-falcon-16000-puffs-blueberry-red-raspberry\/#primaryimage\"},\"image\":{\"@id\":\"https:\/\/fumot.uk\/product\/jnr-falcon-16000-puffs-blueberry-red-raspberry\/#primaryimage\"},\"thumbnailUrl\":\"https:\/\/fumot.uk\/wp-content\/uploads\/2026\/01\/Blueberry-red-raspberry-JNR-Falcon-16000-Puffs-Disposable-Vape.jpg\",\"datePublished\":\"2026-01-21T04:04:56+00:00\",\"dateModified\":\"2026-01-21T08:44:24+00:00\",\"description\":\"JNR Falcon 16000 Puffs Blueberry Red Raspberry disposable vape: 22ml e-liquid, Dual Mesh Coil, adjustable airflow, 850mAh rechargeable, 2%\/5% nicotine.\",\"breadcrumb\":{\"@id\":\"https:\/\/fumot.uk\/product\/jnr-falcon-16000-puffs-blueberry-red-raspberry\/#breadcrumb\"},\"inLanguage\":\"es\",\"potentialAction\":[{\"@type\":\"ReadAction\",\"target\":[\"https:\/\/fumot.uk\/product\/jnr-falcon-16000-puffs-blueberry-red-raspberry\/\"]}]},{\"@type\":\"ImageObject\",\"inLanguage\":\"es\",\"@id\":\"https:\/\/fumot.uk\/product\/jnr-falcon-16000-puffs-blueberry-red-raspberry\/#primaryimage\",\"url\":\"https:\/\/fumot.uk\/wp-content\/uploads\/2026\/01\/Blueberry-red-raspberry-JNR-Falcon-16000-Puffs-Disposable-Vape.jpg\",\"contentUrl\":\"https:\/\/fumot.uk\/wp-content\/uploads\/2026\/01\/Blueberry-red-raspberry-JNR-Falcon-16000-Puffs-Disposable-Vape.jpg\",\"width\":2500,\"height\":2500},{\"@type\":\"BreadcrumbList\",\"@id\":\"https:\/\/fumot.uk\/product\/jnr-falcon-16000-puffs-blueberry-red-raspberry\/#breadcrumb\",\"itemListElement\":[{\"@type\":\"ListItem\",\"position\":1,\"name\":\"Home\",\"item\":\"https:\/\/fumot.uk\/\"},{\"@type\":\"ListItem\",\"position\":2,\"name\":\"Shop\",\"item\":\"https:\/\/fumot.uk\/shop\/\"},{\"@type\":\"ListItem\",\"position\":3,\"name\":\"JNR Falcon 16000 Puffs Blueberry Red Raspberry Disposable Vape (22ml, Dual Mesh, Adjustable Airflow)\"}]},{\"@type\":\"WebSite\",\"@id\":\"https:\/\/fumot.uk\/#website\",\"url\":\"https:\/\/fumot.uk\/\",\"name\":\"Fumot Official Direct | Straight from the Factory, 100% Genuine\",\"description\":\"Official Website\",\"publisher\":{\"@id\":\"https:\/\/fumot.uk\/#organization\"},\"potentialAction\":[{\"@type\":\"SearchAction\",\"target\":{\"@type\":\"EntryPoint\",\"urlTemplate\":\"https:\/\/fumot.uk\/?s={search_term_string}\"},\"query-input\":{\"@type\":\"PropertyValueSpecification\",\"valueRequired\":true,\"valueName\":\"search_term_string\"}}],\"inLanguage\":\"es\"},{\"@type\":\"Organization\",\"@id\":\"https:\/\/fumot.uk\/#organization\",\"name\":\"Fumot Official Direct | Straight from the Factory, 100% Genuine\",\"url\":\"https:\/\/fumot.uk\/\",\"logo\":{\"@type\":\"ImageObject\",\"inLanguage\":\"es\",\"@id\":\"https:\/\/fumot.uk\/#\/schema\/logo\/image\/\",\"url\":\"https:\/\/fumot.uk\/wp-content\/uploads\/2026\/01\/cropped-fumot-logo1.png\",\"contentUrl\":\"https:\/\/fumot.uk\/wp-content\/uploads\/2026\/01\/cropped-fumot-logo1.png\",\"width\":152,\"height\":106,\"caption\":\"Fumot Official Direct | Straight from the Factory, 100% Genuine\"},\"image\":{\"@id\":\"https:\/\/fumot.uk\/#\/schema\/logo\/image\/\"}}]}<\/script>\n<!-- \/ Yoast SEO plugin. -->","yoast_head_json":{"title":"JNR Falcon 16000 Ar\u00e1ndano Frambuesa Roja | 22ml","description":"Vape desechable JNR Falcon 16000 Puffs Blueberry Red Raspberry: 22ml de e-l\u00edquido, Doble Bobina de Malla, flujo de aire ajustable, 850mAh recargable, 2%\/5% nicotina.","robots":{"index":"index","follow":"follow","max-snippet":"max-snippet:-1","max-image-preview":"max-image-preview:large","max-video-preview":"max-video-preview:-1"},"canonical":"https:\/\/fumot.uk\/es\/product\/jnr-falcon-16000-puffs-blueberry-red-raspberry\/","og_locale":"es_ES","og_type":"article","og_title":"JNR Falcon 16000 \u2013 Blueberry Red Raspberry","og_description":"A vibrant berry blend\u2014sweet blueberry and tangy red raspberry\u2014with Dual Mesh Coil, adjustable airflow, 22ml capacity and rechargeable 850mAh battery.","og_url":"https:\/\/fumot.uk\/es\/product\/jnr-falcon-16000-puffs-blueberry-red-raspberry\/","og_site_name":"Fumot Official Direct | Straight from the Factory, 100% Genuine","article_modified_time":"2026-01-21T08:44:24+00:00","og_image":[{"width":1024,"height":1024,"url":"https:\/\/fumot.uk\/wp-content\/uploads\/2026\/01\/Blueberry-red-raspberry-JNR-Falcon-16000-Puffs-Disposable-Vape-1024x1024.jpg","type":"image\/jpeg"}],"twitter_card":"summary_large_image","twitter_misc":{"Tiempo de lectura":"1 minuto"},"schema":{"@context":"https:\/\/schema.org","@graph":[{"@type":"WebPage","@id":"https:\/\/fumot.uk\/product\/jnr-falcon-16000-puffs-blueberry-red-raspberry\/","url":"https:\/\/fumot.uk\/product\/jnr-falcon-16000-puffs-blueberry-red-raspberry\/","name":"JNR Falcon 16000 Ar\u00e1ndano Frambuesa Roja | 22ml","isPartOf":{"@id":"https:\/\/fumot.uk\/#website"},"primaryImageOfPage":{"@id":"https:\/\/fumot.uk\/product\/jnr-falcon-16000-puffs-blueberry-red-raspberry\/#primaryimage"},"image":{"@id":"https:\/\/fumot.uk\/product\/jnr-falcon-16000-puffs-blueberry-red-raspberry\/#primaryimage"},"thumbnailUrl":"https:\/\/fumot.uk\/wp-content\/uploads\/2026\/01\/Blueberry-red-raspberry-JNR-Falcon-16000-Puffs-Disposable-Vape.jpg","datePublished":"2026-01-21T04:04:56+00:00","dateModified":"2026-01-21T08:44:24+00:00","description":"Vape desechable JNR Falcon 16000 Puffs Blueberry Red Raspberry: 22ml de e-l\u00edquido, Doble Bobina de Malla, flujo de aire ajustable, 850mAh recargable, 2%\/5% nicotina.","breadcrumb":{"@id":"https:\/\/fumot.uk\/product\/jnr-falcon-16000-puffs-blueberry-red-raspberry\/#breadcrumb"},"inLanguage":"es","potentialAction":[{"@type":"ReadAction","target":["https:\/\/fumot.uk\/product\/jnr-falcon-16000-puffs-blueberry-red-raspberry\/"]}]},{"@type":"ImageObject","inLanguage":"es","@id":"https:\/\/fumot.uk\/product\/jnr-falcon-16000-puffs-blueberry-red-raspberry\/#primaryimage","url":"https:\/\/fumot.uk\/wp-content\/uploads\/2026\/01\/Blueberry-red-raspberry-JNR-Falcon-16000-Puffs-Disposable-Vape.jpg","contentUrl":"https:\/\/fumot.uk\/wp-content\/uploads\/2026\/01\/Blueberry-red-raspberry-JNR-Falcon-16000-Puffs-Disposable-Vape.jpg","width":2500,"height":2500},{"@type":"BreadcrumbList","@id":"https:\/\/fumot.uk\/product\/jnr-falcon-16000-puffs-blueberry-red-raspberry\/#breadcrumb","itemListElement":[{"@type":"ListItem","position":1,"name":"Home","item":"https:\/\/fumot.uk\/"},{"@type":"ListItem","position":2,"name":"Shop","item":"https:\/\/fumot.uk\/shop\/"},{"@type":"ListItem","position":3,"name":"JNR Falcon 16000 Puffs Blueberry Red Raspberry Disposable Vape (22ml, Dual Mesh, Adjustable Airflow)"}]},{"@type":"WebSite","@id":"https:\/\/fumot.uk\/#website","url":"https:\/\/fumot.uk\/","name":"Fumot Official Direct | Directo desde la f\u00e1brica, 100% Original","description":"Sitio Oficial","publisher":{"@id":"https:\/\/fumot.uk\/#organization"},"potentialAction":[{"@type":"SearchAction","target":{"@type":"EntryPoint","urlTemplate":"https:\/\/fumot.uk\/?s={search_term_string}"},"query-input":{"@type":"PropertyValueSpecification","valueRequired":true,"valueName":"search_term_string"}}],"inLanguage":"es"},{"@type":"Organization","@id":"https:\/\/fumot.uk\/#organization","name":"Fumot Official Direct | Directo desde la f\u00e1brica, 100% Original","url":"https:\/\/fumot.uk\/","logo":{"@type":"ImageObject","inLanguage":"es","@id":"https:\/\/fumot.uk\/#\/schema\/logo\/image\/","url":"https:\/\/fumot.uk\/wp-content\/uploads\/2026\/01\/cropped-fumot-logo1.png","contentUrl":"https:\/\/fumot.uk\/wp-content\/uploads\/2026\/01\/cropped-fumot-logo1.png","width":152,"height":106,"caption":"Fumot Official Direct | Straight from the Factory, 100% Genuine"},"image":{"@id":"https:\/\/fumot.uk\/#\/schema\/logo\/image\/"}}]}},"_links":{"self":[{"href":"https:\/\/fumot.uk\/es\/wp-json\/wp\/v2\/product\/3826","targetHints":{"allow":["GET"]}}],"collection":[{"href":"https:\/\/fumot.uk\/es\/wp-json\/wp\/v2\/product"}],"about":[{"href":"https:\/\/fumot.uk\/es\/wp-json\/wp\/v2\/types\/product"}],"replies":[{"embeddable":true,"href":"https:\/\/fumot.uk\/es\/wp-json\/wp\/v2\/comments?post=3826"}],"wp:featuredmedia":[{"embeddable":true,"href":"https:\/\/fumot.uk\/es\/wp-json\/wp\/v2\/media\/3866"}],"wp:attachment":[{"href":"https:\/\/fumot.uk\/es\/wp-json\/wp\/v2\/media?parent=3826"}],"wp:term":[{"taxonomy":"product_brand","embeddable":true,"href":"https:\/\/fumot.uk\/es\/wp-json\/wp\/v2\/product_brand?post=3826"},{"taxonomy":"product_cat","embeddable":true,"href":"https:\/\/fumot.uk\/es\/wp-json\/wp\/v2\/product_cat?post=3826"},{"taxonomy":"product_tag","embeddable":true,"href":"https:\/\/fumot.uk\/es\/wp-json\/wp\/v2\/product_tag?post=3826"}],"curies":[{"name":"wp","href":"https:\/\/api.w.org\/{rel}","templated":true}]}}