{"id":3824,"date":"2026-01-21T04:04:55","date_gmt":"2026-01-21T04:04:55","guid":{"rendered":"https:\/\/fumot.uk\/?post_type=product&#038;p=3824"},"modified":"2026-01-21T09:11:43","modified_gmt":"2026-01-21T09:11:43","slug":"jnr-falcon-16000-puffs-blue-razz-ice","status":"publish","type":"product","link":"https:\/\/fumot.uk\/es\/product\/jnr-falcon-16000-puffs-blue-razz-ice\/","title":{"rendered":"JNR Falcon 16000 Puffs Blue Razz Ice Vape Desechable (22ml, Malla Doble, Flujo de Aire Ajustable)"},"content":{"rendered":"<p><strong>JNR Falcon 16000 Puffs \u2013 Blue Razz Ice<\/strong> ofrece una audaz dulzura de caramelo de frambuesa azul terminada con un limpio y helado toque de menta. Construido con un dise\u00f1o de artesan\u00eda inspirado en cristal, este vapeador desechable de alta capacidad est\u00e1 dise\u00f1ado para un sabor consistente y nubes densas gracias a su <strong>Doble Bobina de Malla<\/strong> sistema de calentamiento. Con <strong>flujo de aire ajustable<\/strong>, puedes ajustar tu calada\u2014desde una inhalaci\u00f3n m\u00e1s suave y aireada hasta un golpe m\u00e1s enfocado\u2014para que cada sesi\u00f3n se sienta personal.<\/p>\n<p><strong>Perfil de sabor:<\/strong> Blue Razz Ice combina notas brillantes y \u00e1cidas de frambuesa azul con un refrescante final fresco. La dulzura afrutada se mantiene al frente mientras que la exhalaci\u00f3n helada mantiene el vapeador sinti\u00e9ndose n\u00edtido y ligero\u2014ideal cuando deseas una opci\u00f3n dulce pero refrescante para todo el d\u00eda.<\/p>\n<h3>Caracter\u00edsticas Clave<\/h3>\n<ul>\n<li><strong>Caladas:<\/strong> hasta 16000<\/li>\n<li><strong>Capacidad de e-l\u00edquido:<\/strong> 22ml<\/li>\n<li><strong>Opciones de nicotina:<\/strong> 2% o 5%<\/li>\n<li><strong>Tecnolog\u00eda de bobina:<\/strong> Bobina de Doble Malla para un calentamiento uniforme<\/li>\n<li><strong>Flujo de aire:<\/strong> Control de flujo de aire ajustable<\/li>\n<li><strong>Bater\u00eda:<\/strong> 850mAh recargable<\/li>\n<li><strong>Carga:<\/strong> Type-C<\/li>\n<li><strong>Resistencia:<\/strong> 1\u03a9<\/li>\n<li><strong>Dise\u00f1o:<\/strong> Aspecto de artesan\u00eda estilo cristal<\/li>\n<li><strong>Gama de sabores:<\/strong> 20 sabores disponibles en la serie Falcon<\/li>\n<\/ul>\n<h3>Por qu\u00e9 Blue Razz Ice es un Favorito de los Fans<\/h3>\n<p>Si te gusta el golpe de <strong>frambuesa azul<\/strong> con un final refrescante que no sobrepasa la fruta, Blue Razz Ice logra un equilibrio satisfactorio. Es dulce, vibrante y refrescante\u2014genial para descansos r\u00e1pidos o sesiones m\u00e1s largas donde deseas un regusto limpio y fr\u00edo.<\/p>\n<p><strong>Compra con confianza en<\/strong> <a href=\"https:\/\/fumot.uk\/es\/\">fumot.uk<\/a> y explora m\u00e1s opciones de alta cantidad de caladas en nuestro <a href=\"https:\/\/fumot.uk\/es\/product-category\/16000-puff\/\">colecci\u00f3n de 16000 caladas<\/a>.<\/p>","protected":false},"excerpt":{"rendered":"<p>JNR Falcon 16000 Puffs Blue Razz Ice: dulce frambuesa azul con un acabado de menta helada, Dual Mesh Coil, flujo de aire ajustable, 22ml, 850mAh recargable Type\u2011C. Nicotina: 2% o 5%.<\/p>","protected":false},"featured_media":3864,"comment_status":"open","ping_status":"closed","template":"","meta":[],"product_brand":[],"product_cat":[191,192,17],"product_tag":[193,20,21,22,113,72,73,29,26,62,28],"class_list":{"0":"post-3824","1":"product","2":"type-product","3":"status-publish","4":"has-post-thumbnail","6":"product_cat-16000-puff","7":"product_cat-jnr-falcon-16000-puffs","8":"product_cat-vape","9":"product_tag-22ml","10":"product_tag-850mah","11":"product_tag-adjustable-airflow","12":"product_tag-blue-razz","13":"product_tag-crystal-vape","14":"product_tag-direct-to-lung","15":"product_tag-dual-mesh","16":"product_tag-ice","17":"product_tag-rechargeable","18":"product_tag-sale-vape","19":"product_tag-type-c","21":"first","22":"instock","23":"sale","24":"shipping-taxable","25":"purchasable","26":"product-type-variable","27":"has-default-attributes"},"yoast_head":"<!-- This site is optimized with the Yoast SEO plugin v26.8 - https:\/\/yoast.com\/product\/yoast-seo-wordpress\/ -->\n<title>JNR Falcon 16000 Puffs Blue Razz Ice | fumot.uk<\/title>\n<meta name=\"description\" content=\"JNR Falcon 16000 Puffs Blue Razz Ice disposable vape: 22ml, Dual Mesh Coil, adjustable airflow, 850mAh Type\u2011C rechargeable. 2% or 5% nicotine.\" \/>\n<meta name=\"robots\" content=\"index, follow, max-snippet:-1, max-image-preview:large, max-video-preview:-1\" \/>\n<link rel=\"canonical\" href=\"https:\/\/fumot.uk\/es\/product\/jnr-falcon-16000-puffs-blue-razz-ice\/\" \/>\n<meta property=\"og:locale\" content=\"es_ES\" \/>\n<meta property=\"og:type\" content=\"article\" \/>\n<meta property=\"og:title\" content=\"JNR Falcon 16000 Puffs \u2013 Blue Razz Ice\" \/>\n<meta property=\"og:description\" content=\"Sweet blue raspberry meets an icy mint finish. 22ml, Dual Mesh Coil, adjustable airflow, 850mAh Type\u2011C rechargeable. Available in 2% or 5% nicotine.\" \/>\n<meta property=\"og:url\" content=\"https:\/\/fumot.uk\/es\/product\/jnr-falcon-16000-puffs-blue-razz-ice\/\" \/>\n<meta property=\"og:site_name\" content=\"Fumot Official Direct | Straight from the Factory, 100% Genuine\" \/>\n<meta property=\"article:modified_time\" content=\"2026-01-21T09:11:43+00:00\" \/>\n<meta property=\"og:image\" content=\"https:\/\/fumot.uk\/wp-content\/uploads\/2026\/01\/Blue-Razz-Ice_JNR-Falcon-16000-Puffs-Disposable-Vape-1024x1024.jpg\" \/>\n\t<meta property=\"og:image:width\" content=\"1024\" \/>\n\t<meta property=\"og:image:height\" content=\"1024\" \/>\n\t<meta property=\"og:image:type\" content=\"image\/jpeg\" \/>\n<meta name=\"twitter:card\" content=\"summary_large_image\" \/>\n<meta name=\"twitter:label1\" content=\"Tiempo de lectura\" \/>\n\t<meta name=\"twitter:data1\" content=\"1 minuto\" \/>\n<script type=\"application\/ld+json\" class=\"yoast-schema-graph\">{\"@context\":\"https:\/\/schema.org\",\"@graph\":[{\"@type\":\"WebPage\",\"@id\":\"https:\/\/fumot.uk\/product\/jnr-falcon-16000-puffs-blue-razz-ice\/\",\"url\":\"https:\/\/fumot.uk\/product\/jnr-falcon-16000-puffs-blue-razz-ice\/\",\"name\":\"JNR Falcon 16000 Puffs Blue Razz Ice | fumot.uk\",\"isPartOf\":{\"@id\":\"https:\/\/fumot.uk\/#website\"},\"primaryImageOfPage\":{\"@id\":\"https:\/\/fumot.uk\/product\/jnr-falcon-16000-puffs-blue-razz-ice\/#primaryimage\"},\"image\":{\"@id\":\"https:\/\/fumot.uk\/product\/jnr-falcon-16000-puffs-blue-razz-ice\/#primaryimage\"},\"thumbnailUrl\":\"https:\/\/fumot.uk\/wp-content\/uploads\/2026\/01\/Blue-Razz-Ice_JNR-Falcon-16000-Puffs-Disposable-Vape.jpg\",\"datePublished\":\"2026-01-21T04:04:55+00:00\",\"dateModified\":\"2026-01-21T09:11:43+00:00\",\"description\":\"JNR Falcon 16000 Puffs Blue Razz Ice disposable vape: 22ml, Dual Mesh Coil, adjustable airflow, 850mAh Type\u2011C rechargeable. 2% or 5% nicotine.\",\"breadcrumb\":{\"@id\":\"https:\/\/fumot.uk\/product\/jnr-falcon-16000-puffs-blue-razz-ice\/#breadcrumb\"},\"inLanguage\":\"es\",\"potentialAction\":[{\"@type\":\"ReadAction\",\"target\":[\"https:\/\/fumot.uk\/product\/jnr-falcon-16000-puffs-blue-razz-ice\/\"]}]},{\"@type\":\"ImageObject\",\"inLanguage\":\"es\",\"@id\":\"https:\/\/fumot.uk\/product\/jnr-falcon-16000-puffs-blue-razz-ice\/#primaryimage\",\"url\":\"https:\/\/fumot.uk\/wp-content\/uploads\/2026\/01\/Blue-Razz-Ice_JNR-Falcon-16000-Puffs-Disposable-Vape.jpg\",\"contentUrl\":\"https:\/\/fumot.uk\/wp-content\/uploads\/2026\/01\/Blue-Razz-Ice_JNR-Falcon-16000-Puffs-Disposable-Vape.jpg\",\"width\":2500,\"height\":2500},{\"@type\":\"BreadcrumbList\",\"@id\":\"https:\/\/fumot.uk\/product\/jnr-falcon-16000-puffs-blue-razz-ice\/#breadcrumb\",\"itemListElement\":[{\"@type\":\"ListItem\",\"position\":1,\"name\":\"Home\",\"item\":\"https:\/\/fumot.uk\/\"},{\"@type\":\"ListItem\",\"position\":2,\"name\":\"Shop\",\"item\":\"https:\/\/fumot.uk\/shop\/\"},{\"@type\":\"ListItem\",\"position\":3,\"name\":\"JNR Falcon 16000 Puffs Blue Razz Ice Disposable Vape (22ml, Dual Mesh, Adjustable Airflow)\"}]},{\"@type\":\"WebSite\",\"@id\":\"https:\/\/fumot.uk\/#website\",\"url\":\"https:\/\/fumot.uk\/\",\"name\":\"Fumot Official Direct | Straight from the Factory, 100% Genuine\",\"description\":\"Official Website\",\"publisher\":{\"@id\":\"https:\/\/fumot.uk\/#organization\"},\"potentialAction\":[{\"@type\":\"SearchAction\",\"target\":{\"@type\":\"EntryPoint\",\"urlTemplate\":\"https:\/\/fumot.uk\/?s={search_term_string}\"},\"query-input\":{\"@type\":\"PropertyValueSpecification\",\"valueRequired\":true,\"valueName\":\"search_term_string\"}}],\"inLanguage\":\"es\"},{\"@type\":\"Organization\",\"@id\":\"https:\/\/fumot.uk\/#organization\",\"name\":\"Fumot Official Direct | Straight from the Factory, 100% Genuine\",\"url\":\"https:\/\/fumot.uk\/\",\"logo\":{\"@type\":\"ImageObject\",\"inLanguage\":\"es\",\"@id\":\"https:\/\/fumot.uk\/#\/schema\/logo\/image\/\",\"url\":\"https:\/\/fumot.uk\/wp-content\/uploads\/2026\/01\/cropped-fumot-logo1.png\",\"contentUrl\":\"https:\/\/fumot.uk\/wp-content\/uploads\/2026\/01\/cropped-fumot-logo1.png\",\"width\":152,\"height\":106,\"caption\":\"Fumot Official Direct | Straight from the Factory, 100% Genuine\"},\"image\":{\"@id\":\"https:\/\/fumot.uk\/#\/schema\/logo\/image\/\"}}]}<\/script>\n<!-- \/ Yoast SEO plugin. -->","yoast_head_json":{"title":"JNR Falcon 16000 Puffs Blue Razz Ice | fumot.uk","description":"JNR Falcon 16000 Puffs Blue Razz Ice vape desechable: 22ml, Doble Bobina de Malla, flujo de aire ajustable, 850mAh recargable Tipo\u2011C. 2% o 5% nicotina.","robots":{"index":"index","follow":"follow","max-snippet":"max-snippet:-1","max-image-preview":"max-image-preview:large","max-video-preview":"max-video-preview:-1"},"canonical":"https:\/\/fumot.uk\/es\/product\/jnr-falcon-16000-puffs-blue-razz-ice\/","og_locale":"es_ES","og_type":"article","og_title":"JNR Falcon 16000 Puffs \u2013 Blue Razz Ice","og_description":"Sweet blue raspberry meets an icy mint finish. 22ml, Dual Mesh Coil, adjustable airflow, 850mAh Type\u2011C rechargeable. Available in 2% or 5% nicotine.","og_url":"https:\/\/fumot.uk\/es\/product\/jnr-falcon-16000-puffs-blue-razz-ice\/","og_site_name":"Fumot Official Direct | Straight from the Factory, 100% Genuine","article_modified_time":"2026-01-21T09:11:43+00:00","og_image":[{"width":1024,"height":1024,"url":"https:\/\/fumot.uk\/wp-content\/uploads\/2026\/01\/Blue-Razz-Ice_JNR-Falcon-16000-Puffs-Disposable-Vape-1024x1024.jpg","type":"image\/jpeg"}],"twitter_card":"summary_large_image","twitter_misc":{"Tiempo de lectura":"1 minuto"},"schema":{"@context":"https:\/\/schema.org","@graph":[{"@type":"WebPage","@id":"https:\/\/fumot.uk\/product\/jnr-falcon-16000-puffs-blue-razz-ice\/","url":"https:\/\/fumot.uk\/product\/jnr-falcon-16000-puffs-blue-razz-ice\/","name":"JNR Falcon 16000 Puffs Blue Razz Ice | fumot.uk","isPartOf":{"@id":"https:\/\/fumot.uk\/#website"},"primaryImageOfPage":{"@id":"https:\/\/fumot.uk\/product\/jnr-falcon-16000-puffs-blue-razz-ice\/#primaryimage"},"image":{"@id":"https:\/\/fumot.uk\/product\/jnr-falcon-16000-puffs-blue-razz-ice\/#primaryimage"},"thumbnailUrl":"https:\/\/fumot.uk\/wp-content\/uploads\/2026\/01\/Blue-Razz-Ice_JNR-Falcon-16000-Puffs-Disposable-Vape.jpg","datePublished":"2026-01-21T04:04:55+00:00","dateModified":"2026-01-21T09:11:43+00:00","description":"JNR Falcon 16000 Puffs Blue Razz Ice vape desechable: 22ml, Doble Bobina de Malla, flujo de aire ajustable, 850mAh recargable Tipo\u2011C. 2% o 5% nicotina.","breadcrumb":{"@id":"https:\/\/fumot.uk\/product\/jnr-falcon-16000-puffs-blue-razz-ice\/#breadcrumb"},"inLanguage":"es","potentialAction":[{"@type":"ReadAction","target":["https:\/\/fumot.uk\/product\/jnr-falcon-16000-puffs-blue-razz-ice\/"]}]},{"@type":"ImageObject","inLanguage":"es","@id":"https:\/\/fumot.uk\/product\/jnr-falcon-16000-puffs-blue-razz-ice\/#primaryimage","url":"https:\/\/fumot.uk\/wp-content\/uploads\/2026\/01\/Blue-Razz-Ice_JNR-Falcon-16000-Puffs-Disposable-Vape.jpg","contentUrl":"https:\/\/fumot.uk\/wp-content\/uploads\/2026\/01\/Blue-Razz-Ice_JNR-Falcon-16000-Puffs-Disposable-Vape.jpg","width":2500,"height":2500},{"@type":"BreadcrumbList","@id":"https:\/\/fumot.uk\/product\/jnr-falcon-16000-puffs-blue-razz-ice\/#breadcrumb","itemListElement":[{"@type":"ListItem","position":1,"name":"Home","item":"https:\/\/fumot.uk\/"},{"@type":"ListItem","position":2,"name":"Shop","item":"https:\/\/fumot.uk\/shop\/"},{"@type":"ListItem","position":3,"name":"JNR Falcon 16000 Puffs Blue Razz Ice Disposable Vape (22ml, Dual Mesh, Adjustable Airflow)"}]},{"@type":"WebSite","@id":"https:\/\/fumot.uk\/#website","url":"https:\/\/fumot.uk\/","name":"Fumot Official Direct | Directo desde la f\u00e1brica, 100% Original","description":"Sitio Oficial","publisher":{"@id":"https:\/\/fumot.uk\/#organization"},"potentialAction":[{"@type":"SearchAction","target":{"@type":"EntryPoint","urlTemplate":"https:\/\/fumot.uk\/?s={search_term_string}"},"query-input":{"@type":"PropertyValueSpecification","valueRequired":true,"valueName":"search_term_string"}}],"inLanguage":"es"},{"@type":"Organization","@id":"https:\/\/fumot.uk\/#organization","name":"Fumot Official Direct | Directo desde la f\u00e1brica, 100% Original","url":"https:\/\/fumot.uk\/","logo":{"@type":"ImageObject","inLanguage":"es","@id":"https:\/\/fumot.uk\/#\/schema\/logo\/image\/","url":"https:\/\/fumot.uk\/wp-content\/uploads\/2026\/01\/cropped-fumot-logo1.png","contentUrl":"https:\/\/fumot.uk\/wp-content\/uploads\/2026\/01\/cropped-fumot-logo1.png","width":152,"height":106,"caption":"Fumot Official Direct | Straight from the Factory, 100% Genuine"},"image":{"@id":"https:\/\/fumot.uk\/#\/schema\/logo\/image\/"}}]}},"_links":{"self":[{"href":"https:\/\/fumot.uk\/es\/wp-json\/wp\/v2\/product\/3824","targetHints":{"allow":["GET"]}}],"collection":[{"href":"https:\/\/fumot.uk\/es\/wp-json\/wp\/v2\/product"}],"about":[{"href":"https:\/\/fumot.uk\/es\/wp-json\/wp\/v2\/types\/product"}],"replies":[{"embeddable":true,"href":"https:\/\/fumot.uk\/es\/wp-json\/wp\/v2\/comments?post=3824"}],"wp:featuredmedia":[{"embeddable":true,"href":"https:\/\/fumot.uk\/es\/wp-json\/wp\/v2\/media\/3864"}],"wp:attachment":[{"href":"https:\/\/fumot.uk\/es\/wp-json\/wp\/v2\/media?parent=3824"}],"wp:term":[{"taxonomy":"product_brand","embeddable":true,"href":"https:\/\/fumot.uk\/es\/wp-json\/wp\/v2\/product_brand?post=3824"},{"taxonomy":"product_cat","embeddable":true,"href":"https:\/\/fumot.uk\/es\/wp-json\/wp\/v2\/product_cat?post=3824"},{"taxonomy":"product_tag","embeddable":true,"href":"https:\/\/fumot.uk\/es\/wp-json\/wp\/v2\/product_tag?post=3824"}],"curies":[{"name":"wp","href":"https:\/\/api.w.org\/{rel}","templated":true}]}}