{"id":381,"date":"2026-01-20T02:43:46","date_gmt":"2026-01-20T02:43:46","guid":{"rendered":"https:\/\/fumot.uk\/?post_type=product&#038;p=381"},"modified":"2026-01-20T07:05:45","modified_gmt":"2026-01-20T07:05:45","slug":"watermelon-bubblegum-randm-tornado-12000-puffs","status":"publish","type":"product","link":"https:\/\/fumot.uk\/es\/product\/watermelon-bubblegum-randm-tornado-12000-puffs\/","title":{"rendered":"RAndM Tornado 12000 Puffs Sand\u00eda Chicle Vape Desechable (20ml, 850mAh, Pantalla LED)"},"content":{"rendered":"<p><strong>RAndM Tornado 12000 Puffs \u2013 Sand\u00eda Chicle<\/strong> ofrece un vapeo suave y sabroso con un toque brillante y veraniego. Este <strong>vape desechable<\/strong> combina un estilo moderno con un rendimiento fiable, presentando una generosa <strong>20ml de e-l\u00edquido<\/strong> capacidad, un integrado <strong>Bater\u00eda recargable de 850mAh<\/strong>, un claro <strong>pantalla LED<\/strong>, y avanzada <strong>bobina de malla<\/strong> tecnolog\u00eda para un sabor consistente desde la primera calada hasta la \u00faltima.<\/p>\n<p><strong>Sabor: Sand\u00eda Chicle<\/strong> mezcla la dulzura jugosa de la sand\u00eda con un acabado cl\u00e1sico de chicle\u2014fresco, como de caramelo, y agradablemente nost\u00e1lgico. Espera una inhalaci\u00f3n afrutada con un suave y dulce regusto que se siente como un regalo de un d\u00eda c\u00e1lido sin ser abrumador.<\/p>\n<h3>Caracter\u00edsticas Clave<\/h3>\n<ul>\n<li><strong>Hasta 12000 caladas<\/strong> (dependiente del dispositivo)<\/li>\n<li><strong>20ml de e-l\u00edquido<\/strong> capacidad<\/li>\n<li><strong>Opciones de sal de nicotina:<\/strong> 0% \/ 2% \/ 3% \/ 5%<\/li>\n<li><strong>Bobina de malla<\/strong> para un sabor suave y uniforme<\/li>\n<li><strong>Bater\u00eda recargable incorporada de 850mAh<\/strong><\/li>\n<li><strong>pantalla LED<\/strong> para el estado de la bater\u00eda y el e-l\u00edquido<\/li>\n<li><strong>Recargable Tipo-C<\/strong> (cable no especificado)<\/li>\n<li><strong>40 sabores disponibles<\/strong> en la serie RAndM Tornado 12000<\/li>\n<\/ul>\n<h3>Por qu\u00e9 te gustar\u00e1<\/h3>\n<p>Si quieres un <strong>vape desechable de larga duraci\u00f3n<\/strong> con una experiencia f\u00e1cil y sin complicaciones, el RAndM Tornado 12000 est\u00e1 dise\u00f1ado para la conveniencia diaria. La pantalla te ayuda a mantener un seguimiento del poder y el e-l\u00edquido de un vistazo, mientras que la bobina de malla mantiene el perfil de Sand\u00eda Chicle limpio, dulce y consistente.<\/p>\n<p>Explora m\u00e1s sabores y opciones de vape desechable en <a href=\"https:\/\/fumot.uk\/es\/\">fumot.uk<\/a>. \u00bfBuscas perfiles similares de dulce y afrutado? Navega por nuestras colecciones y descubre tu pr\u00f3ximo vapeo para todo el d\u00eda.<\/p>","protected":false},"excerpt":{"rendered":"<p>RAndM Tornado 12000 Puffs Sand\u00eda Chicle: jugosa sand\u00eda + dulzura cl\u00e1sica de chicle. 20ml de e-l\u00edquido, bater\u00eda recargable de 850mAh, bobina de malla y pantalla LED.<\/p>","protected":false},"featured_media":423,"comment_status":"open","ping_status":"closed","template":"","meta":[],"product_brand":[],"product_cat":[58,59,17],"product_tag":[60,20,49,23,25,26,62,28,32],"class_list":{"0":"post-381","1":"product","2":"type-product","3":"status-publish","4":"has-post-thumbnail","6":"product_cat-12000-puff","7":"product_cat-randm-tornado-12000-puffs","8":"product_cat-vape","9":"product_tag-20ml","10":"product_tag-850mah","11":"product_tag-bubblegum","12":"product_tag-display","13":"product_tag-mesh-coil","14":"product_tag-rechargeable","15":"product_tag-sale-vape","16":"product_tag-type-c","17":"product_tag-watermelon","19":"first","20":"instock","21":"sale","22":"shipping-taxable","23":"purchasable","24":"product-type-variable","25":"has-default-attributes"},"yoast_head":"<!-- This site is optimized with the Yoast SEO plugin v26.8 - https:\/\/yoast.com\/product\/yoast-seo-wordpress\/ -->\n<title>RAndM Tornado 12000 Watermelon Bubblegum | 20ml<\/title>\n<meta name=\"description\" content=\"Shop RAndM Tornado 12000 Puffs Watermelon Bubblegum. 20ml e-liquid, 850mAh rechargeable battery, mesh coil &amp; LED display. Nicotine: 0\/2\/3\/5%.\" \/>\n<meta name=\"robots\" content=\"index, follow, max-snippet:-1, max-image-preview:large, max-video-preview:-1\" \/>\n<link rel=\"canonical\" href=\"https:\/\/fumot.uk\/es\/product\/watermelon-bubblegum-randm-tornado-12000-puffs\/\" \/>\n<meta property=\"og:locale\" content=\"es_ES\" \/>\n<meta property=\"og:type\" content=\"article\" \/>\n<meta property=\"og:title\" content=\"Watermelon Bubblegum \u2013 RAndM Tornado 12000 Puffs\" \/>\n<meta property=\"og:description\" content=\"A juicy watermelon inhale with a sweet bubblegum finish. 20ml, 850mAh rechargeable, mesh coil, and LED display\u2014available now on fumot.uk.\" \/>\n<meta property=\"og:url\" content=\"https:\/\/fumot.uk\/es\/product\/watermelon-bubblegum-randm-tornado-12000-puffs\/\" \/>\n<meta property=\"og:site_name\" content=\"Fumot Official Direct | Straight from the Factory, 100% Genuine\" \/>\n<meta property=\"article:modified_time\" content=\"2026-01-20T07:05:45+00:00\" \/>\n<meta property=\"og:image\" content=\"https:\/\/fumot.uk\/wp-content\/uploads\/2026\/01\/Randm-Tornado-12000-Puffs-Watermelon-bubble-gum-Disposable-Vape-scaled-1.jpg\" \/>\n\t<meta property=\"og:image:width\" content=\"2560\" \/>\n\t<meta property=\"og:image:height\" content=\"2560\" \/>\n\t<meta property=\"og:image:type\" content=\"image\/jpeg\" \/>\n<meta name=\"twitter:card\" content=\"summary_large_image\" \/>\n<meta name=\"twitter:label1\" content=\"Tiempo de lectura\" \/>\n\t<meta name=\"twitter:data1\" content=\"2 minutos\" \/>\n<script type=\"application\/ld+json\" class=\"yoast-schema-graph\">{\"@context\":\"https:\/\/schema.org\",\"@graph\":[{\"@type\":\"WebPage\",\"@id\":\"https:\/\/fumot.uk\/product\/watermelon-bubblegum-randm-tornado-12000-puffs\/\",\"url\":\"https:\/\/fumot.uk\/product\/watermelon-bubblegum-randm-tornado-12000-puffs\/\",\"name\":\"RAndM Tornado 12000 Watermelon Bubblegum | 20ml\",\"isPartOf\":{\"@id\":\"https:\/\/fumot.uk\/#website\"},\"primaryImageOfPage\":{\"@id\":\"https:\/\/fumot.uk\/product\/watermelon-bubblegum-randm-tornado-12000-puffs\/#primaryimage\"},\"image\":{\"@id\":\"https:\/\/fumot.uk\/product\/watermelon-bubblegum-randm-tornado-12000-puffs\/#primaryimage\"},\"thumbnailUrl\":\"https:\/\/fumot.uk\/wp-content\/uploads\/2026\/01\/Randm-Tornado-12000-Puffs-Watermelon-bubble-gum-Disposable-Vape-scaled-1.jpg\",\"datePublished\":\"2026-01-20T02:43:46+00:00\",\"dateModified\":\"2026-01-20T07:05:45+00:00\",\"description\":\"Shop RAndM Tornado 12000 Puffs Watermelon Bubblegum. 20ml e-liquid, 850mAh rechargeable battery, mesh coil & LED display. Nicotine: 0\/2\/3\/5%.\",\"breadcrumb\":{\"@id\":\"https:\/\/fumot.uk\/product\/watermelon-bubblegum-randm-tornado-12000-puffs\/#breadcrumb\"},\"inLanguage\":\"es\",\"potentialAction\":[{\"@type\":\"ReadAction\",\"target\":[\"https:\/\/fumot.uk\/product\/watermelon-bubblegum-randm-tornado-12000-puffs\/\"]}]},{\"@type\":\"ImageObject\",\"inLanguage\":\"es\",\"@id\":\"https:\/\/fumot.uk\/product\/watermelon-bubblegum-randm-tornado-12000-puffs\/#primaryimage\",\"url\":\"https:\/\/fumot.uk\/wp-content\/uploads\/2026\/01\/Randm-Tornado-12000-Puffs-Watermelon-bubble-gum-Disposable-Vape-scaled-1.jpg\",\"contentUrl\":\"https:\/\/fumot.uk\/wp-content\/uploads\/2026\/01\/Randm-Tornado-12000-Puffs-Watermelon-bubble-gum-Disposable-Vape-scaled-1.jpg\",\"width\":2560,\"height\":2560},{\"@type\":\"BreadcrumbList\",\"@id\":\"https:\/\/fumot.uk\/product\/watermelon-bubblegum-randm-tornado-12000-puffs\/#breadcrumb\",\"itemListElement\":[{\"@type\":\"ListItem\",\"position\":1,\"name\":\"Home\",\"item\":\"https:\/\/fumot.uk\/\"},{\"@type\":\"ListItem\",\"position\":2,\"name\":\"Shop\",\"item\":\"https:\/\/fumot.uk\/shop\/\"},{\"@type\":\"ListItem\",\"position\":3,\"name\":\"RAndM Tornado 12000 Puffs Watermelon Bubblegum Disposable Vape (20ml, 850mAh, LED Display)\"}]},{\"@type\":\"WebSite\",\"@id\":\"https:\/\/fumot.uk\/#website\",\"url\":\"https:\/\/fumot.uk\/\",\"name\":\"Fumot Official Direct | Straight from the Factory, 100% Genuine\",\"description\":\"Official Website\",\"publisher\":{\"@id\":\"https:\/\/fumot.uk\/#organization\"},\"potentialAction\":[{\"@type\":\"SearchAction\",\"target\":{\"@type\":\"EntryPoint\",\"urlTemplate\":\"https:\/\/fumot.uk\/?s={search_term_string}\"},\"query-input\":{\"@type\":\"PropertyValueSpecification\",\"valueRequired\":true,\"valueName\":\"search_term_string\"}}],\"inLanguage\":\"es\"},{\"@type\":\"Organization\",\"@id\":\"https:\/\/fumot.uk\/#organization\",\"name\":\"Fumot Official Direct | Straight from the Factory, 100% Genuine\",\"url\":\"https:\/\/fumot.uk\/\",\"logo\":{\"@type\":\"ImageObject\",\"inLanguage\":\"es\",\"@id\":\"https:\/\/fumot.uk\/#\/schema\/logo\/image\/\",\"url\":\"https:\/\/fumot.uk\/wp-content\/uploads\/2026\/01\/cropped-fumot-logo1.png\",\"contentUrl\":\"https:\/\/fumot.uk\/wp-content\/uploads\/2026\/01\/cropped-fumot-logo1.png\",\"width\":152,\"height\":106,\"caption\":\"Fumot Official Direct | Straight from the Factory, 100% Genuine\"},\"image\":{\"@id\":\"https:\/\/fumot.uk\/#\/schema\/logo\/image\/\"}}]}<\/script>\n<!-- \/ Yoast SEO plugin. -->","yoast_head_json":{"title":"RAndM Tornado 12000 Sand\u00eda Chicle | 20ml","description":"Comprar RAndM Tornado 12000 Puffs Sand\u00eda Chicle. 20ml de e-l\u00edquido, bater\u00eda recargable de 850mAh, bobina de malla y pantalla LED. Nicotina: 0\/2\/3\/5%.","robots":{"index":"index","follow":"follow","max-snippet":"max-snippet:-1","max-image-preview":"max-image-preview:large","max-video-preview":"max-video-preview:-1"},"canonical":"https:\/\/fumot.uk\/es\/product\/watermelon-bubblegum-randm-tornado-12000-puffs\/","og_locale":"es_ES","og_type":"article","og_title":"Watermelon Bubblegum \u2013 RAndM Tornado 12000 Puffs","og_description":"A juicy watermelon inhale with a sweet bubblegum finish. 20ml, 850mAh rechargeable, mesh coil, and LED display\u2014available now on fumot.uk.","og_url":"https:\/\/fumot.uk\/es\/product\/watermelon-bubblegum-randm-tornado-12000-puffs\/","og_site_name":"Fumot Official Direct | Straight from the Factory, 100% Genuine","article_modified_time":"2026-01-20T07:05:45+00:00","og_image":[{"width":2560,"height":2560,"url":"https:\/\/fumot.uk\/wp-content\/uploads\/2026\/01\/Randm-Tornado-12000-Puffs-Watermelon-bubble-gum-Disposable-Vape-scaled-1.jpg","type":"image\/jpeg"}],"twitter_card":"summary_large_image","twitter_misc":{"Tiempo de lectura":"2 minutos"},"schema":{"@context":"https:\/\/schema.org","@graph":[{"@type":"WebPage","@id":"https:\/\/fumot.uk\/product\/watermelon-bubblegum-randm-tornado-12000-puffs\/","url":"https:\/\/fumot.uk\/product\/watermelon-bubblegum-randm-tornado-12000-puffs\/","name":"RAndM Tornado 12000 Sand\u00eda Chicle | 20ml","isPartOf":{"@id":"https:\/\/fumot.uk\/#website"},"primaryImageOfPage":{"@id":"https:\/\/fumot.uk\/product\/watermelon-bubblegum-randm-tornado-12000-puffs\/#primaryimage"},"image":{"@id":"https:\/\/fumot.uk\/product\/watermelon-bubblegum-randm-tornado-12000-puffs\/#primaryimage"},"thumbnailUrl":"https:\/\/fumot.uk\/wp-content\/uploads\/2026\/01\/Randm-Tornado-12000-Puffs-Watermelon-bubble-gum-Disposable-Vape-scaled-1.jpg","datePublished":"2026-01-20T02:43:46+00:00","dateModified":"2026-01-20T07:05:45+00:00","description":"Comprar RAndM Tornado 12000 Puffs Sand\u00eda Chicle. 20ml de e-l\u00edquido, bater\u00eda recargable de 850mAh, bobina de malla y pantalla LED. Nicotina: 0\/2\/3\/5%.","breadcrumb":{"@id":"https:\/\/fumot.uk\/product\/watermelon-bubblegum-randm-tornado-12000-puffs\/#breadcrumb"},"inLanguage":"es","potentialAction":[{"@type":"ReadAction","target":["https:\/\/fumot.uk\/product\/watermelon-bubblegum-randm-tornado-12000-puffs\/"]}]},{"@type":"ImageObject","inLanguage":"es","@id":"https:\/\/fumot.uk\/product\/watermelon-bubblegum-randm-tornado-12000-puffs\/#primaryimage","url":"https:\/\/fumot.uk\/wp-content\/uploads\/2026\/01\/Randm-Tornado-12000-Puffs-Watermelon-bubble-gum-Disposable-Vape-scaled-1.jpg","contentUrl":"https:\/\/fumot.uk\/wp-content\/uploads\/2026\/01\/Randm-Tornado-12000-Puffs-Watermelon-bubble-gum-Disposable-Vape-scaled-1.jpg","width":2560,"height":2560},{"@type":"BreadcrumbList","@id":"https:\/\/fumot.uk\/product\/watermelon-bubblegum-randm-tornado-12000-puffs\/#breadcrumb","itemListElement":[{"@type":"ListItem","position":1,"name":"Home","item":"https:\/\/fumot.uk\/"},{"@type":"ListItem","position":2,"name":"Shop","item":"https:\/\/fumot.uk\/shop\/"},{"@type":"ListItem","position":3,"name":"RAndM Tornado 12000 Puffs Watermelon Bubblegum Disposable Vape (20ml, 850mAh, LED Display)"}]},{"@type":"WebSite","@id":"https:\/\/fumot.uk\/#website","url":"https:\/\/fumot.uk\/","name":"Fumot Official Direct | Directo desde la f\u00e1brica, 100% Original","description":"Sitio Oficial","publisher":{"@id":"https:\/\/fumot.uk\/#organization"},"potentialAction":[{"@type":"SearchAction","target":{"@type":"EntryPoint","urlTemplate":"https:\/\/fumot.uk\/?s={search_term_string}"},"query-input":{"@type":"PropertyValueSpecification","valueRequired":true,"valueName":"search_term_string"}}],"inLanguage":"es"},{"@type":"Organization","@id":"https:\/\/fumot.uk\/#organization","name":"Fumot Official Direct | Directo desde la f\u00e1brica, 100% Original","url":"https:\/\/fumot.uk\/","logo":{"@type":"ImageObject","inLanguage":"es","@id":"https:\/\/fumot.uk\/#\/schema\/logo\/image\/","url":"https:\/\/fumot.uk\/wp-content\/uploads\/2026\/01\/cropped-fumot-logo1.png","contentUrl":"https:\/\/fumot.uk\/wp-content\/uploads\/2026\/01\/cropped-fumot-logo1.png","width":152,"height":106,"caption":"Fumot Official Direct | Straight from the Factory, 100% Genuine"},"image":{"@id":"https:\/\/fumot.uk\/#\/schema\/logo\/image\/"}}]}},"_links":{"self":[{"href":"https:\/\/fumot.uk\/es\/wp-json\/wp\/v2\/product\/381","targetHints":{"allow":["GET"]}}],"collection":[{"href":"https:\/\/fumot.uk\/es\/wp-json\/wp\/v2\/product"}],"about":[{"href":"https:\/\/fumot.uk\/es\/wp-json\/wp\/v2\/types\/product"}],"replies":[{"embeddable":true,"href":"https:\/\/fumot.uk\/es\/wp-json\/wp\/v2\/comments?post=381"}],"wp:featuredmedia":[{"embeddable":true,"href":"https:\/\/fumot.uk\/es\/wp-json\/wp\/v2\/media\/423"}],"wp:attachment":[{"href":"https:\/\/fumot.uk\/es\/wp-json\/wp\/v2\/media?parent=381"}],"wp:term":[{"taxonomy":"product_brand","embeddable":true,"href":"https:\/\/fumot.uk\/es\/wp-json\/wp\/v2\/product_brand?post=381"},{"taxonomy":"product_cat","embeddable":true,"href":"https:\/\/fumot.uk\/es\/wp-json\/wp\/v2\/product_cat?post=381"},{"taxonomy":"product_tag","embeddable":true,"href":"https:\/\/fumot.uk\/es\/wp-json\/wp\/v2\/product_tag?post=381"}],"curies":[{"name":"wp","href":"https:\/\/api.w.org\/{rel}","templated":true}]}}