{"id":3801,"date":"2026-01-21T04:04:33","date_gmt":"2026-01-21T04:04:33","guid":{"rendered":"https:\/\/fumot.uk\/?post_type=product&#038;p=3801"},"modified":"2026-01-21T09:13:31","modified_gmt":"2026-01-21T09:13:31","slug":"al-fakher-crown-bar-20000-puffs-blueberry-raspberry-blaubeere-himbeere-fruchtige-harmonie","status":"publish","type":"product","link":"https:\/\/fumot.uk\/es\/product\/al-fakher-crown-bar-20000-puffs-blueberry-raspberry-blaubeere-himbeere-fruchtige-harmonie\/","title":{"rendered":"AL FAKHER Crown Bar 20000 Puffs Blueberry Raspberry (20ml, 850mAh, Flujo de Aire Ajustable)"},"content":{"rendered":"<p><strong>AL FAKHER Crown Bar 20000 Puffs \u2013 Ar\u00e1ndano Frambuesa<\/strong> combina un acabado de cuero de estilo empresarial y premium con un perfil de bayas audaz y amigable para el d\u00eda a d\u00eda. Dise\u00f1ado para una <strong>DTL (Directo al Pulm\u00f3n)<\/strong> calada suave, cuenta con un <strong>pantalla digital LED<\/strong>, una <strong>flujo de aire ajustable<\/strong> deslizador n\u00edtido y un <strong>bobina de malla de 0.6\u03a9<\/strong> sensible para mantener el sabor limpio y consistente desde la primera calada hasta la \u00faltima.<\/p>\n<h3>Sabor: Ar\u00e1ndano Frambuesa<\/h3>\n<p>Espera la dulzura redondeada de <strong>ar\u00e1ndano<\/strong> al principio, seguida del brillo ligeramente \u00e1cido de <strong>frambuesa<\/strong>. El resultado es un vape de frutas equilibrado: jugoso, vibrante y refrescante sin saber pesado.<\/p>\n<h3>Por qu\u00e9 te gustar\u00e1<\/h3>\n<ul>\n<li><strong>20,000+ caladas<\/strong> para un disfrute duradero*<\/li>\n<li><strong>Capacidad de e-l\u00edquido de 20ml<\/strong> para uso prolongado<\/li>\n<li><strong>Bater\u00eda recargable de 850mAh<\/strong> con <strong>carga r\u00e1pida USB\u2011C<\/strong><\/li>\n<li><strong>bobina de malla de 0.6\u03a9<\/strong> para un sabor m\u00e1s completo y vapor suave<\/li>\n<li><strong>Flujo de aire ajustable<\/strong> para ajustar tu calada<\/li>\n<li><strong>pantalla LED<\/strong> para ver el estado del dispositivo de un vistazo<\/li>\n<li><strong>Opciones de nicotina:<\/strong> 0% \/ 2% \/ 3% \/ 5%<\/li>\n<\/ul>\n<h3>Especificaciones del producto<\/h3>\n<ul>\n<li><strong>Marca\/Serie:<\/strong> AL FAKHER Crown Bar<\/li>\n<li><strong>Tipo:<\/strong> Vape desechable recargable<\/li>\n<li><strong>Sabor:<\/strong> Ar\u00e1ndano Frambuesa<\/li>\n<li><strong>Conteo de caladas:<\/strong> 20000+*<\/li>\n<li><strong>E-l\u00edquido:<\/strong> 20ml<\/li>\n<li><strong>Bater\u00eda:<\/strong> 850mAh<\/li>\n<li><strong>Carga:<\/strong> USB\u2011C<\/li>\n<li><strong>Bobina:<\/strong> Malla de 0.6\u03a9<\/li>\n<li><strong>Estilo de vapeo:<\/strong> DTL (Directo al Pulm\u00f3n)<\/li>\n<li><strong>Pantalla:<\/strong> pantalla digital LED<\/li>\n<li><strong>Flujo de aire:<\/strong> Ajustable<\/li>\n<li><strong>Fuerza de nicotina:<\/strong> 0% \/ 2% \/ 3% \/ 5%<\/li>\n<\/ul>\n<p>Explora m\u00e1s opciones duraderas en nuestra <a href=\"https:\/\/fumot.uk\/es\/product-tag\/20000-puff\/\">vapes de 20000 caladas<\/a> colecci\u00f3n, o explora la <a href=\"https:\/\/fumot.uk\/es\/product-tag\/al-fakher\/\">AL FAKHER Crown Bar<\/a> gama en <a href=\"https:\/\/fumot.uk\/es\/\">fumot.uk<\/a>.<\/p>\n<p><small>*El conteo de caladas es una estimaci\u00f3n y puede variar seg\u00fan la longitud de la calada y el estilo de uso.<\/small><\/p>","protected":false},"excerpt":{"rendered":"<p>AL FAKHER Crown Bar 20000 Puffs en Ar\u00e1ndano Frambuesa: dulce ar\u00e1ndano se encuentra con frambuesa \u00e1cida con una suave calada DTL, pantalla LED, flujo de aire ajustable, 20ml de e-l\u00edquido y bater\u00eda recargable USB\u2011C de 850mAh.<\/p>","protected":false},"featured_media":3850,"comment_status":"open","ping_status":"closed","template":"","meta":[],"product_brand":[],"product_cat":[68,190,17],"product_tag":[60,20,21,33,72,23,25,34,26,28],"class_list":{"0":"post-3801","1":"product","2":"type-product","3":"status-publish","4":"has-post-thumbnail","6":"product_cat-20000-puff","7":"product_cat-al-fakher-crown-bar-20000-puffs","8":"product_cat-vape","9":"product_tag-20ml","10":"product_tag-850mah","11":"product_tag-adjustable-airflow","12":"product_tag-blueberry","13":"product_tag-direct-to-lung","14":"product_tag-display","15":"product_tag-mesh-coil","16":"product_tag-raspberry","17":"product_tag-rechargeable","18":"product_tag-type-c","20":"first","21":"instock","22":"sale","23":"shipping-taxable","24":"purchasable","25":"product-type-variable","26":"has-default-attributes"},"yoast_head":"<!-- This site is optimized with the Yoast SEO plugin v26.8 - https:\/\/yoast.com\/product\/yoast-seo-wordpress\/ -->\n<title>AL FAKHER Crown Bar 20000 Puffs Blueberry Raspberry<\/title>\n<meta name=\"description\" content=\"Shop AL FAKHER Crown Bar 20000 Puffs Blueberry Raspberry: 20ml, 850mAh USB\u2011C rechargeable, LED display, adjustable airflow, 0.6\u03a9 mesh coil. Nic 0-5%.\" \/>\n<meta name=\"robots\" content=\"index, follow, max-snippet:-1, max-image-preview:large, max-video-preview:-1\" \/>\n<link rel=\"canonical\" href=\"https:\/\/fumot.uk\/es\/product\/al-fakher-crown-bar-20000-puffs-blueberry-raspberry-blaubeere-himbeere-fruchtige-harmonie\/\" \/>\n<meta property=\"og:locale\" content=\"es_ES\" \/>\n<meta property=\"og:type\" content=\"article\" \/>\n<meta property=\"og:title\" content=\"Blueberry Raspberry AL FAKHER Crown Bar 20000 Puffs\" \/>\n<meta property=\"og:description\" content=\"A juicy berry blend with premium feel\u201420ml, 850mAh USB\u2011C rechargeable, mesh coil, LED display and adjustable airflow. Choose 0% to 5% nicotine.\" \/>\n<meta property=\"og:url\" content=\"https:\/\/fumot.uk\/es\/product\/al-fakher-crown-bar-20000-puffs-blueberry-raspberry-blaubeere-himbeere-fruchtige-harmonie\/\" \/>\n<meta property=\"og:site_name\" content=\"Fumot Official Direct | Straight from the Factory, 100% Genuine\" \/>\n<meta property=\"article:modified_time\" content=\"2026-01-21T09:13:31+00:00\" \/>\n<meta property=\"og:image\" content=\"https:\/\/fumot.uk\/wp-content\/uploads\/2026\/01\/AL-FAKHER-CROWN-BAR-20000-Puffs-Blueberry-Raspberry-Disposable-Vape-scaled-1.png\" \/>\n\t<meta property=\"og:image:width\" content=\"2560\" \/>\n\t<meta property=\"og:image:height\" content=\"2560\" \/>\n\t<meta property=\"og:image:type\" content=\"image\/png\" \/>\n<meta name=\"twitter:card\" content=\"summary_large_image\" \/>\n<meta name=\"twitter:label1\" content=\"Tiempo de lectura\" \/>\n\t<meta name=\"twitter:data1\" content=\"1 minuto\" \/>\n<script type=\"application\/ld+json\" class=\"yoast-schema-graph\">{\"@context\":\"https:\/\/schema.org\",\"@graph\":[{\"@type\":\"WebPage\",\"@id\":\"https:\/\/fumot.uk\/product\/al-fakher-crown-bar-20000-puffs-blueberry-raspberry-blaubeere-himbeere-fruchtige-harmonie\/\",\"url\":\"https:\/\/fumot.uk\/product\/al-fakher-crown-bar-20000-puffs-blueberry-raspberry-blaubeere-himbeere-fruchtige-harmonie\/\",\"name\":\"AL FAKHER Crown Bar 20000 Puffs Blueberry Raspberry\",\"isPartOf\":{\"@id\":\"https:\/\/fumot.uk\/#website\"},\"primaryImageOfPage\":{\"@id\":\"https:\/\/fumot.uk\/product\/al-fakher-crown-bar-20000-puffs-blueberry-raspberry-blaubeere-himbeere-fruchtige-harmonie\/#primaryimage\"},\"image\":{\"@id\":\"https:\/\/fumot.uk\/product\/al-fakher-crown-bar-20000-puffs-blueberry-raspberry-blaubeere-himbeere-fruchtige-harmonie\/#primaryimage\"},\"thumbnailUrl\":\"https:\/\/fumot.uk\/wp-content\/uploads\/2026\/01\/AL-FAKHER-CROWN-BAR-20000-Puffs-Blueberry-Raspberry-Disposable-Vape-scaled-1.png\",\"datePublished\":\"2026-01-21T04:04:33+00:00\",\"dateModified\":\"2026-01-21T09:13:31+00:00\",\"description\":\"Shop AL FAKHER Crown Bar 20000 Puffs Blueberry Raspberry: 20ml, 850mAh USB\u2011C rechargeable, LED display, adjustable airflow, 0.6\u03a9 mesh coil. Nic 0-5%.\",\"breadcrumb\":{\"@id\":\"https:\/\/fumot.uk\/product\/al-fakher-crown-bar-20000-puffs-blueberry-raspberry-blaubeere-himbeere-fruchtige-harmonie\/#breadcrumb\"},\"inLanguage\":\"es\",\"potentialAction\":[{\"@type\":\"ReadAction\",\"target\":[\"https:\/\/fumot.uk\/product\/al-fakher-crown-bar-20000-puffs-blueberry-raspberry-blaubeere-himbeere-fruchtige-harmonie\/\"]}]},{\"@type\":\"ImageObject\",\"inLanguage\":\"es\",\"@id\":\"https:\/\/fumot.uk\/product\/al-fakher-crown-bar-20000-puffs-blueberry-raspberry-blaubeere-himbeere-fruchtige-harmonie\/#primaryimage\",\"url\":\"https:\/\/fumot.uk\/wp-content\/uploads\/2026\/01\/AL-FAKHER-CROWN-BAR-20000-Puffs-Blueberry-Raspberry-Disposable-Vape-scaled-1.png\",\"contentUrl\":\"https:\/\/fumot.uk\/wp-content\/uploads\/2026\/01\/AL-FAKHER-CROWN-BAR-20000-Puffs-Blueberry-Raspberry-Disposable-Vape-scaled-1.png\",\"width\":2560,\"height\":2560},{\"@type\":\"BreadcrumbList\",\"@id\":\"https:\/\/fumot.uk\/product\/al-fakher-crown-bar-20000-puffs-blueberry-raspberry-blaubeere-himbeere-fruchtige-harmonie\/#breadcrumb\",\"itemListElement\":[{\"@type\":\"ListItem\",\"position\":1,\"name\":\"Home\",\"item\":\"https:\/\/fumot.uk\/\"},{\"@type\":\"ListItem\",\"position\":2,\"name\":\"Shop\",\"item\":\"https:\/\/fumot.uk\/shop\/\"},{\"@type\":\"ListItem\",\"position\":3,\"name\":\"AL FAKHER Crown Bar 20000 Puffs Blueberry Raspberry (20ml, 850mAh, Adjustable Airflow)\"}]},{\"@type\":\"WebSite\",\"@id\":\"https:\/\/fumot.uk\/#website\",\"url\":\"https:\/\/fumot.uk\/\",\"name\":\"Fumot Official Direct | Straight from the Factory, 100% Genuine\",\"description\":\"Official Website\",\"publisher\":{\"@id\":\"https:\/\/fumot.uk\/#organization\"},\"potentialAction\":[{\"@type\":\"SearchAction\",\"target\":{\"@type\":\"EntryPoint\",\"urlTemplate\":\"https:\/\/fumot.uk\/?s={search_term_string}\"},\"query-input\":{\"@type\":\"PropertyValueSpecification\",\"valueRequired\":true,\"valueName\":\"search_term_string\"}}],\"inLanguage\":\"es\"},{\"@type\":\"Organization\",\"@id\":\"https:\/\/fumot.uk\/#organization\",\"name\":\"Fumot Official Direct | Straight from the Factory, 100% Genuine\",\"url\":\"https:\/\/fumot.uk\/\",\"logo\":{\"@type\":\"ImageObject\",\"inLanguage\":\"es\",\"@id\":\"https:\/\/fumot.uk\/#\/schema\/logo\/image\/\",\"url\":\"https:\/\/fumot.uk\/wp-content\/uploads\/2026\/01\/cropped-fumot-logo1.png\",\"contentUrl\":\"https:\/\/fumot.uk\/wp-content\/uploads\/2026\/01\/cropped-fumot-logo1.png\",\"width\":152,\"height\":106,\"caption\":\"Fumot Official Direct | Straight from the Factory, 100% Genuine\"},\"image\":{\"@id\":\"https:\/\/fumot.uk\/#\/schema\/logo\/image\/\"}}]}<\/script>\n<!-- \/ Yoast SEO plugin. -->","yoast_head_json":{"title":"AL FAKHER Crown Bar 20000 Puffs Ar\u00e1ndano Frambuesa","description":"Tienda AL FAKHER Crown Bar 20000 Puffs Ar\u00e1ndano Frambuesa: 20ml, 850mAh USB\u2011C recargable, pantalla LED, flujo de aire ajustable, bobina de malla de 0.6\u03a9. Nic 0-5%.","robots":{"index":"index","follow":"follow","max-snippet":"max-snippet:-1","max-image-preview":"max-image-preview:large","max-video-preview":"max-video-preview:-1"},"canonical":"https:\/\/fumot.uk\/es\/product\/al-fakher-crown-bar-20000-puffs-blueberry-raspberry-blaubeere-himbeere-fruchtige-harmonie\/","og_locale":"es_ES","og_type":"article","og_title":"Blueberry Raspberry AL FAKHER Crown Bar 20000 Puffs","og_description":"A juicy berry blend with premium feel\u201420ml, 850mAh USB\u2011C rechargeable, mesh coil, LED display and adjustable airflow. Choose 0% to 5% nicotine.","og_url":"https:\/\/fumot.uk\/es\/product\/al-fakher-crown-bar-20000-puffs-blueberry-raspberry-blaubeere-himbeere-fruchtige-harmonie\/","og_site_name":"Fumot Official Direct | Straight from the Factory, 100% Genuine","article_modified_time":"2026-01-21T09:13:31+00:00","og_image":[{"width":2560,"height":2560,"url":"https:\/\/fumot.uk\/wp-content\/uploads\/2026\/01\/AL-FAKHER-CROWN-BAR-20000-Puffs-Blueberry-Raspberry-Disposable-Vape-scaled-1.png","type":"image\/png"}],"twitter_card":"summary_large_image","twitter_misc":{"Tiempo de lectura":"1 minuto"},"schema":{"@context":"https:\/\/schema.org","@graph":[{"@type":"WebPage","@id":"https:\/\/fumot.uk\/product\/al-fakher-crown-bar-20000-puffs-blueberry-raspberry-blaubeere-himbeere-fruchtige-harmonie\/","url":"https:\/\/fumot.uk\/product\/al-fakher-crown-bar-20000-puffs-blueberry-raspberry-blaubeere-himbeere-fruchtige-harmonie\/","name":"AL FAKHER Crown Bar 20000 Puffs Ar\u00e1ndano Frambuesa","isPartOf":{"@id":"https:\/\/fumot.uk\/#website"},"primaryImageOfPage":{"@id":"https:\/\/fumot.uk\/product\/al-fakher-crown-bar-20000-puffs-blueberry-raspberry-blaubeere-himbeere-fruchtige-harmonie\/#primaryimage"},"image":{"@id":"https:\/\/fumot.uk\/product\/al-fakher-crown-bar-20000-puffs-blueberry-raspberry-blaubeere-himbeere-fruchtige-harmonie\/#primaryimage"},"thumbnailUrl":"https:\/\/fumot.uk\/wp-content\/uploads\/2026\/01\/AL-FAKHER-CROWN-BAR-20000-Puffs-Blueberry-Raspberry-Disposable-Vape-scaled-1.png","datePublished":"2026-01-21T04:04:33+00:00","dateModified":"2026-01-21T09:13:31+00:00","description":"Tienda AL FAKHER Crown Bar 20000 Puffs Ar\u00e1ndano Frambuesa: 20ml, 850mAh USB\u2011C recargable, pantalla LED, flujo de aire ajustable, bobina de malla de 0.6\u03a9. Nic 0-5%.","breadcrumb":{"@id":"https:\/\/fumot.uk\/product\/al-fakher-crown-bar-20000-puffs-blueberry-raspberry-blaubeere-himbeere-fruchtige-harmonie\/#breadcrumb"},"inLanguage":"es","potentialAction":[{"@type":"ReadAction","target":["https:\/\/fumot.uk\/product\/al-fakher-crown-bar-20000-puffs-blueberry-raspberry-blaubeere-himbeere-fruchtige-harmonie\/"]}]},{"@type":"ImageObject","inLanguage":"es","@id":"https:\/\/fumot.uk\/product\/al-fakher-crown-bar-20000-puffs-blueberry-raspberry-blaubeere-himbeere-fruchtige-harmonie\/#primaryimage","url":"https:\/\/fumot.uk\/wp-content\/uploads\/2026\/01\/AL-FAKHER-CROWN-BAR-20000-Puffs-Blueberry-Raspberry-Disposable-Vape-scaled-1.png","contentUrl":"https:\/\/fumot.uk\/wp-content\/uploads\/2026\/01\/AL-FAKHER-CROWN-BAR-20000-Puffs-Blueberry-Raspberry-Disposable-Vape-scaled-1.png","width":2560,"height":2560},{"@type":"BreadcrumbList","@id":"https:\/\/fumot.uk\/product\/al-fakher-crown-bar-20000-puffs-blueberry-raspberry-blaubeere-himbeere-fruchtige-harmonie\/#breadcrumb","itemListElement":[{"@type":"ListItem","position":1,"name":"Home","item":"https:\/\/fumot.uk\/"},{"@type":"ListItem","position":2,"name":"Shop","item":"https:\/\/fumot.uk\/shop\/"},{"@type":"ListItem","position":3,"name":"AL FAKHER Crown Bar 20000 Puffs Blueberry Raspberry (20ml, 850mAh, Adjustable Airflow)"}]},{"@type":"WebSite","@id":"https:\/\/fumot.uk\/#website","url":"https:\/\/fumot.uk\/","name":"Fumot Official Direct | Directo desde la f\u00e1brica, 100% Original","description":"Sitio Oficial","publisher":{"@id":"https:\/\/fumot.uk\/#organization"},"potentialAction":[{"@type":"SearchAction","target":{"@type":"EntryPoint","urlTemplate":"https:\/\/fumot.uk\/?s={search_term_string}"},"query-input":{"@type":"PropertyValueSpecification","valueRequired":true,"valueName":"search_term_string"}}],"inLanguage":"es"},{"@type":"Organization","@id":"https:\/\/fumot.uk\/#organization","name":"Fumot Official Direct | Directo desde la f\u00e1brica, 100% Original","url":"https:\/\/fumot.uk\/","logo":{"@type":"ImageObject","inLanguage":"es","@id":"https:\/\/fumot.uk\/#\/schema\/logo\/image\/","url":"https:\/\/fumot.uk\/wp-content\/uploads\/2026\/01\/cropped-fumot-logo1.png","contentUrl":"https:\/\/fumot.uk\/wp-content\/uploads\/2026\/01\/cropped-fumot-logo1.png","width":152,"height":106,"caption":"Fumot Official Direct | Straight from the Factory, 100% Genuine"},"image":{"@id":"https:\/\/fumot.uk\/#\/schema\/logo\/image\/"}}]}},"_links":{"self":[{"href":"https:\/\/fumot.uk\/es\/wp-json\/wp\/v2\/product\/3801","targetHints":{"allow":["GET"]}}],"collection":[{"href":"https:\/\/fumot.uk\/es\/wp-json\/wp\/v2\/product"}],"about":[{"href":"https:\/\/fumot.uk\/es\/wp-json\/wp\/v2\/types\/product"}],"replies":[{"embeddable":true,"href":"https:\/\/fumot.uk\/es\/wp-json\/wp\/v2\/comments?post=3801"}],"wp:featuredmedia":[{"embeddable":true,"href":"https:\/\/fumot.uk\/es\/wp-json\/wp\/v2\/media\/3850"}],"wp:attachment":[{"href":"https:\/\/fumot.uk\/es\/wp-json\/wp\/v2\/media?parent=3801"}],"wp:term":[{"taxonomy":"product_brand","embeddable":true,"href":"https:\/\/fumot.uk\/es\/wp-json\/wp\/v2\/product_brand?post=3801"},{"taxonomy":"product_cat","embeddable":true,"href":"https:\/\/fumot.uk\/es\/wp-json\/wp\/v2\/product_cat?post=3801"},{"taxonomy":"product_tag","embeddable":true,"href":"https:\/\/fumot.uk\/es\/wp-json\/wp\/v2\/product_tag?post=3801"}],"curies":[{"name":"wp","href":"https:\/\/api.w.org\/{rel}","templated":true}]}}