{"id":3799,"date":"2026-01-21T04:04:32","date_gmt":"2026-01-21T04:04:32","guid":{"rendered":"https:\/\/fumot.uk\/?post_type=product&#038;p=3799"},"modified":"2026-01-21T09:17:48","modified_gmt":"2026-01-21T09:17:48","slug":"al-fakher-crown-bar-20000-puffs-strawberry-punch-erdbeere-power-suse-explosion","status":"publish","type":"product","link":"https:\/\/fumot.uk\/es\/product\/al-fakher-crown-bar-20000-puffs-strawberry-punch-erdbeere-power-suse-explosion\/","title":{"rendered":"AL FAKHER Crown Bar 20000 Puffs Golpe de Fresa (Vape de Fresa) | Flujo de Aire Ajustable, Pantalla LED, 20ml"},"content":{"rendered":"<p><strong>AL FAKHER Crown Bar 20000 Puffs \u2013 Strawberry Punch<\/strong> combina un dise\u00f1o de aspecto de cuero premium, inspirado en los negocios, con una experiencia de vapeo audaz y afrutada. Dise\u00f1ado para el disfrute diario, este desechable recargable ofrece una calada suave y con sabor predominante con una <strong>bobina de malla de 0.6\u03a9<\/strong>, adem\u00e1s de un <strong>pantalla digital LED de alta resoluci\u00f3n<\/strong> para llevar un seguimiento del uso de un vistazo.<\/p>\n<p><strong>Destacado de sabor: Strawberry Punch<\/strong><br \/>Dulzura jugosa de fresa madura se encuentra con un toque ligero y refrescante, creando un \u201cpunch\u201d brillante que se mantiene equilibrado desde la primera inhalaci\u00f3n hasta la \u00faltima. Si disfrutas de <strong>vape de fresa<\/strong> sabores que se sienten vivos (no excesivamente dulces), Strawberry Punch es una elecci\u00f3n f\u00e1cil para todo el d\u00eda.<\/p>\n<h3>Por qu\u00e9 te encantar\u00e1 el Crown Bar 20000<\/h3>\n<ul>\n<li><strong>Hasta 20000+ caladas<\/strong> para sesiones duraderas<\/li>\n<li><strong>Capacidad de e-l\u00edquido de 20ml<\/strong> para una entrega de sabor prolongada<\/li>\n<li><strong>Bater\u00eda recargable de 850mAh<\/strong> con <strong>carga r\u00e1pida USB-C<\/strong><\/li>\n<li><strong>Flujo de aire ajustable<\/strong> para personalizar tu calada<\/li>\n<li><strong>bobina de malla de 0.6\u03a9<\/strong> para un sabor m\u00e1s suave y completo<\/li>\n<li><strong>pantalla digital LED<\/strong> para un monitoreo claro y r\u00e1pido<\/li>\n<li><strong>DTL (Directo al Pulm\u00f3n)<\/strong> estilo para una inhalaci\u00f3n aireada y satisfactoria<\/li>\n<\/ul>\n<h3>Especificaciones del producto<\/h3>\n<ul>\n<li><strong>Marca \/ Serie:<\/strong> AL FAKHER Crown Bar<\/li>\n<li><strong>Caladas:<\/strong> 20000+ (aprox.)<\/li>\n<li><strong>Capacidad de E-l\u00edquido:<\/strong> Ponche de Fresa<\/li>\n<li><strong>E-l\u00edquido:<\/strong> 20ml<\/li>\n<li><strong>Bater\u00eda:<\/strong> 850mAh (recargable USB-C)<\/li>\n<li><strong>Bobina:<\/strong> Resistencia de Malla de 0.6\u03a9<\/li>\n<li><strong>Flujo de aire:<\/strong> Ajustable<\/li>\n<li><strong>Pantalla:<\/strong> digital LED<\/li>\n<li><strong>Estilo de vapeo:<\/strong> DTL<\/li>\n<li><strong>Opciones de nicotina:<\/strong> 0% \/ 2% \/ 3% \/ 5%<\/li>\n<\/ul>\n<p>Explora m\u00e1s sabores y la gama completa en <a href=\"https:\/\/fumot.uk\/es\/\" target=\"_blank\" rel=\"noopener\">fumot.uk<\/a>.<\/p>\n<p><strong>AL FAKHER Crown Bar 20000 Puffs Strawberry Punch<\/strong> \u2014 un golpe de fresa madura con un acabado crujiente y contundente, envuelto en un dispositivo elegante y de aspecto premium.<\/p>","protected":false},"excerpt":{"rendered":"<p>AL FAKHER Crown Bar 20000 Puffs en Strawberry Punch: dulzura de fresa madura con un ligero toque \u00e1cido. 20ml de e-l\u00edquido, 850mAh USB-C recargable, 0.6\u03a9 bobina de malla, pantalla LED, flujo de aire ajustable (DTL).<\/p>","protected":false},"featured_media":3848,"comment_status":"open","ping_status":"closed","template":"","meta":[],"product_brand":[],"product_cat":[68,190,17],"product_tag":[60,20,21,72,23,25,26,37,28],"class_list":{"0":"post-3799","1":"product","2":"type-product","3":"status-publish","4":"has-post-thumbnail","6":"product_cat-20000-puff","7":"product_cat-al-fakher-crown-bar-20000-puffs","8":"product_cat-vape","9":"product_tag-20ml","10":"product_tag-850mah","11":"product_tag-adjustable-airflow","12":"product_tag-direct-to-lung","13":"product_tag-display","14":"product_tag-mesh-coil","15":"product_tag-rechargeable","16":"product_tag-strawberry","17":"product_tag-type-c","19":"first","20":"instock","21":"sale","22":"shipping-taxable","23":"purchasable","24":"product-type-variable","25":"has-default-attributes"},"yoast_head":"<!-- This site is optimized with the Yoast SEO plugin v26.8 - https:\/\/yoast.com\/product\/yoast-seo-wordpress\/ -->\n<title>AL FAKHER Crown Bar 20000 Strawberry Punch | 20ml<\/title>\n<meta name=\"description\" content=\"Shop AL FAKHER Crown Bar 20000 Puffs Strawberry Punch. 20ml e-liquid, 850mAh USB-C rechargeable, 0.6\u03a9 mesh coil, LED display &amp; adjustable airflow (DTL).\" \/>\n<meta name=\"robots\" content=\"index, follow, max-snippet:-1, max-image-preview:large, max-video-preview:-1\" \/>\n<link rel=\"canonical\" href=\"https:\/\/fumot.uk\/es\/product\/al-fakher-crown-bar-20000-puffs-strawberry-punch-erdbeere-power-suse-explosion\/\" \/>\n<meta property=\"og:locale\" content=\"es_ES\" \/>\n<meta property=\"og:type\" content=\"article\" \/>\n<meta property=\"og:title\" content=\"AL FAKHER Crown Bar 20000 Puffs \u2013 Strawberry Punch\" \/>\n<meta property=\"og:description\" content=\"Juicy strawberry sweetness with a crisp punchy finish. 20ml, 850mAh USB-C rechargeable, 0.6\u03a9 mesh coil, LED display and adjustable airflow. Available on fumot.uk.\" \/>\n<meta property=\"og:url\" content=\"https:\/\/fumot.uk\/es\/product\/al-fakher-crown-bar-20000-puffs-strawberry-punch-erdbeere-power-suse-explosion\/\" \/>\n<meta property=\"og:site_name\" content=\"Fumot Official Direct | Straight from the Factory, 100% Genuine\" \/>\n<meta property=\"article:modified_time\" content=\"2026-01-21T09:17:48+00:00\" \/>\n<meta property=\"og:image\" content=\"https:\/\/fumot.uk\/wp-content\/uploads\/2026\/01\/AL-FAKHER-CROWN-BAR-20000-Puffs-Strawberry-Punch-Disposable-Vape-scaled-1.png\" \/>\n\t<meta property=\"og:image:width\" content=\"2560\" \/>\n\t<meta property=\"og:image:height\" content=\"2560\" \/>\n\t<meta property=\"og:image:type\" content=\"image\/png\" \/>\n<meta name=\"twitter:card\" content=\"summary_large_image\" \/>\n<meta name=\"twitter:label1\" content=\"Tiempo de lectura\" \/>\n\t<meta name=\"twitter:data1\" content=\"1 minuto\" \/>\n<script type=\"application\/ld+json\" class=\"yoast-schema-graph\">{\"@context\":\"https:\/\/schema.org\",\"@graph\":[{\"@type\":\"WebPage\",\"@id\":\"https:\/\/fumot.uk\/product\/al-fakher-crown-bar-20000-puffs-strawberry-punch-erdbeere-power-suse-explosion\/\",\"url\":\"https:\/\/fumot.uk\/product\/al-fakher-crown-bar-20000-puffs-strawberry-punch-erdbeere-power-suse-explosion\/\",\"name\":\"AL FAKHER Crown Bar 20000 Strawberry Punch | 20ml\",\"isPartOf\":{\"@id\":\"https:\/\/fumot.uk\/#website\"},\"primaryImageOfPage\":{\"@id\":\"https:\/\/fumot.uk\/product\/al-fakher-crown-bar-20000-puffs-strawberry-punch-erdbeere-power-suse-explosion\/#primaryimage\"},\"image\":{\"@id\":\"https:\/\/fumot.uk\/product\/al-fakher-crown-bar-20000-puffs-strawberry-punch-erdbeere-power-suse-explosion\/#primaryimage\"},\"thumbnailUrl\":\"https:\/\/fumot.uk\/wp-content\/uploads\/2026\/01\/AL-FAKHER-CROWN-BAR-20000-Puffs-Strawberry-Punch-Disposable-Vape-scaled-1.png\",\"datePublished\":\"2026-01-21T04:04:32+00:00\",\"dateModified\":\"2026-01-21T09:17:48+00:00\",\"description\":\"Shop AL FAKHER Crown Bar 20000 Puffs Strawberry Punch. 20ml e-liquid, 850mAh USB-C rechargeable, 0.6\u03a9 mesh coil, LED display & adjustable airflow (DTL).\",\"breadcrumb\":{\"@id\":\"https:\/\/fumot.uk\/product\/al-fakher-crown-bar-20000-puffs-strawberry-punch-erdbeere-power-suse-explosion\/#breadcrumb\"},\"inLanguage\":\"es\",\"potentialAction\":[{\"@type\":\"ReadAction\",\"target\":[\"https:\/\/fumot.uk\/product\/al-fakher-crown-bar-20000-puffs-strawberry-punch-erdbeere-power-suse-explosion\/\"]}]},{\"@type\":\"ImageObject\",\"inLanguage\":\"es\",\"@id\":\"https:\/\/fumot.uk\/product\/al-fakher-crown-bar-20000-puffs-strawberry-punch-erdbeere-power-suse-explosion\/#primaryimage\",\"url\":\"https:\/\/fumot.uk\/wp-content\/uploads\/2026\/01\/AL-FAKHER-CROWN-BAR-20000-Puffs-Strawberry-Punch-Disposable-Vape-scaled-1.png\",\"contentUrl\":\"https:\/\/fumot.uk\/wp-content\/uploads\/2026\/01\/AL-FAKHER-CROWN-BAR-20000-Puffs-Strawberry-Punch-Disposable-Vape-scaled-1.png\",\"width\":2560,\"height\":2560},{\"@type\":\"BreadcrumbList\",\"@id\":\"https:\/\/fumot.uk\/product\/al-fakher-crown-bar-20000-puffs-strawberry-punch-erdbeere-power-suse-explosion\/#breadcrumb\",\"itemListElement\":[{\"@type\":\"ListItem\",\"position\":1,\"name\":\"Home\",\"item\":\"https:\/\/fumot.uk\/\"},{\"@type\":\"ListItem\",\"position\":2,\"name\":\"Shop\",\"item\":\"https:\/\/fumot.uk\/shop\/\"},{\"@type\":\"ListItem\",\"position\":3,\"name\":\"AL FAKHER Crown Bar 20000 Puffs Strawberry Punch (Strawberry Vape) | Adjustable Airflow, LED Display, 20ml\"}]},{\"@type\":\"WebSite\",\"@id\":\"https:\/\/fumot.uk\/#website\",\"url\":\"https:\/\/fumot.uk\/\",\"name\":\"Fumot Official Direct | Straight from the Factory, 100% Genuine\",\"description\":\"Official Website\",\"publisher\":{\"@id\":\"https:\/\/fumot.uk\/#organization\"},\"potentialAction\":[{\"@type\":\"SearchAction\",\"target\":{\"@type\":\"EntryPoint\",\"urlTemplate\":\"https:\/\/fumot.uk\/?s={search_term_string}\"},\"query-input\":{\"@type\":\"PropertyValueSpecification\",\"valueRequired\":true,\"valueName\":\"search_term_string\"}}],\"inLanguage\":\"es\"},{\"@type\":\"Organization\",\"@id\":\"https:\/\/fumot.uk\/#organization\",\"name\":\"Fumot Official Direct | Straight from the Factory, 100% Genuine\",\"url\":\"https:\/\/fumot.uk\/\",\"logo\":{\"@type\":\"ImageObject\",\"inLanguage\":\"es\",\"@id\":\"https:\/\/fumot.uk\/#\/schema\/logo\/image\/\",\"url\":\"https:\/\/fumot.uk\/wp-content\/uploads\/2026\/01\/cropped-fumot-logo1.png\",\"contentUrl\":\"https:\/\/fumot.uk\/wp-content\/uploads\/2026\/01\/cropped-fumot-logo1.png\",\"width\":152,\"height\":106,\"caption\":\"Fumot Official Direct | Straight from the Factory, 100% Genuine\"},\"image\":{\"@id\":\"https:\/\/fumot.uk\/#\/schema\/logo\/image\/\"}}]}<\/script>\n<!-- \/ Yoast SEO plugin. -->","yoast_head_json":{"title":"AL FAKHER Crown Bar 20000 Golpe de Fresa | 20ml","description":"Compra AL FAKHER Crown Bar 20000 Puffs Strawberry Punch. 20ml de e-l\u00edquido, 850mAh USB-C recargable, 0.6\u03a9 malla de resistencia, pantalla LED y flujo de aire ajustable (DTL).","robots":{"index":"index","follow":"follow","max-snippet":"max-snippet:-1","max-image-preview":"max-image-preview:large","max-video-preview":"max-video-preview:-1"},"canonical":"https:\/\/fumot.uk\/es\/product\/al-fakher-crown-bar-20000-puffs-strawberry-punch-erdbeere-power-suse-explosion\/","og_locale":"es_ES","og_type":"article","og_title":"AL FAKHER Crown Bar 20000 Puffs \u2013 Strawberry Punch","og_description":"Juicy strawberry sweetness with a crisp punchy finish. 20ml, 850mAh USB-C rechargeable, 0.6\u03a9 mesh coil, LED display and adjustable airflow. Available on fumot.uk.","og_url":"https:\/\/fumot.uk\/es\/product\/al-fakher-crown-bar-20000-puffs-strawberry-punch-erdbeere-power-suse-explosion\/","og_site_name":"Fumot Official Direct | Straight from the Factory, 100% Genuine","article_modified_time":"2026-01-21T09:17:48+00:00","og_image":[{"width":2560,"height":2560,"url":"https:\/\/fumot.uk\/wp-content\/uploads\/2026\/01\/AL-FAKHER-CROWN-BAR-20000-Puffs-Strawberry-Punch-Disposable-Vape-scaled-1.png","type":"image\/png"}],"twitter_card":"summary_large_image","twitter_misc":{"Tiempo de lectura":"1 minuto"},"schema":{"@context":"https:\/\/schema.org","@graph":[{"@type":"WebPage","@id":"https:\/\/fumot.uk\/product\/al-fakher-crown-bar-20000-puffs-strawberry-punch-erdbeere-power-suse-explosion\/","url":"https:\/\/fumot.uk\/product\/al-fakher-crown-bar-20000-puffs-strawberry-punch-erdbeere-power-suse-explosion\/","name":"AL FAKHER Crown Bar 20000 Golpe de Fresa | 20ml","isPartOf":{"@id":"https:\/\/fumot.uk\/#website"},"primaryImageOfPage":{"@id":"https:\/\/fumot.uk\/product\/al-fakher-crown-bar-20000-puffs-strawberry-punch-erdbeere-power-suse-explosion\/#primaryimage"},"image":{"@id":"https:\/\/fumot.uk\/product\/al-fakher-crown-bar-20000-puffs-strawberry-punch-erdbeere-power-suse-explosion\/#primaryimage"},"thumbnailUrl":"https:\/\/fumot.uk\/wp-content\/uploads\/2026\/01\/AL-FAKHER-CROWN-BAR-20000-Puffs-Strawberry-Punch-Disposable-Vape-scaled-1.png","datePublished":"2026-01-21T04:04:32+00:00","dateModified":"2026-01-21T09:17:48+00:00","description":"Compra AL FAKHER Crown Bar 20000 Puffs Strawberry Punch. 20ml de e-l\u00edquido, 850mAh USB-C recargable, 0.6\u03a9 malla de resistencia, pantalla LED y flujo de aire ajustable (DTL).","breadcrumb":{"@id":"https:\/\/fumot.uk\/product\/al-fakher-crown-bar-20000-puffs-strawberry-punch-erdbeere-power-suse-explosion\/#breadcrumb"},"inLanguage":"es","potentialAction":[{"@type":"ReadAction","target":["https:\/\/fumot.uk\/product\/al-fakher-crown-bar-20000-puffs-strawberry-punch-erdbeere-power-suse-explosion\/"]}]},{"@type":"ImageObject","inLanguage":"es","@id":"https:\/\/fumot.uk\/product\/al-fakher-crown-bar-20000-puffs-strawberry-punch-erdbeere-power-suse-explosion\/#primaryimage","url":"https:\/\/fumot.uk\/wp-content\/uploads\/2026\/01\/AL-FAKHER-CROWN-BAR-20000-Puffs-Strawberry-Punch-Disposable-Vape-scaled-1.png","contentUrl":"https:\/\/fumot.uk\/wp-content\/uploads\/2026\/01\/AL-FAKHER-CROWN-BAR-20000-Puffs-Strawberry-Punch-Disposable-Vape-scaled-1.png","width":2560,"height":2560},{"@type":"BreadcrumbList","@id":"https:\/\/fumot.uk\/product\/al-fakher-crown-bar-20000-puffs-strawberry-punch-erdbeere-power-suse-explosion\/#breadcrumb","itemListElement":[{"@type":"ListItem","position":1,"name":"Home","item":"https:\/\/fumot.uk\/"},{"@type":"ListItem","position":2,"name":"Shop","item":"https:\/\/fumot.uk\/shop\/"},{"@type":"ListItem","position":3,"name":"AL FAKHER Crown Bar 20000 Puffs Strawberry Punch (Strawberry Vape) | Adjustable Airflow, LED Display, 20ml"}]},{"@type":"WebSite","@id":"https:\/\/fumot.uk\/#website","url":"https:\/\/fumot.uk\/","name":"Fumot Official Direct | Directo desde la f\u00e1brica, 100% Original","description":"Sitio Oficial","publisher":{"@id":"https:\/\/fumot.uk\/#organization"},"potentialAction":[{"@type":"SearchAction","target":{"@type":"EntryPoint","urlTemplate":"https:\/\/fumot.uk\/?s={search_term_string}"},"query-input":{"@type":"PropertyValueSpecification","valueRequired":true,"valueName":"search_term_string"}}],"inLanguage":"es"},{"@type":"Organization","@id":"https:\/\/fumot.uk\/#organization","name":"Fumot Official Direct | Directo desde la f\u00e1brica, 100% Original","url":"https:\/\/fumot.uk\/","logo":{"@type":"ImageObject","inLanguage":"es","@id":"https:\/\/fumot.uk\/#\/schema\/logo\/image\/","url":"https:\/\/fumot.uk\/wp-content\/uploads\/2026\/01\/cropped-fumot-logo1.png","contentUrl":"https:\/\/fumot.uk\/wp-content\/uploads\/2026\/01\/cropped-fumot-logo1.png","width":152,"height":106,"caption":"Fumot Official Direct | Straight from the Factory, 100% Genuine"},"image":{"@id":"https:\/\/fumot.uk\/#\/schema\/logo\/image\/"}}]}},"_links":{"self":[{"href":"https:\/\/fumot.uk\/es\/wp-json\/wp\/v2\/product\/3799","targetHints":{"allow":["GET"]}}],"collection":[{"href":"https:\/\/fumot.uk\/es\/wp-json\/wp\/v2\/product"}],"about":[{"href":"https:\/\/fumot.uk\/es\/wp-json\/wp\/v2\/types\/product"}],"replies":[{"embeddable":true,"href":"https:\/\/fumot.uk\/es\/wp-json\/wp\/v2\/comments?post=3799"}],"wp:featuredmedia":[{"embeddable":true,"href":"https:\/\/fumot.uk\/es\/wp-json\/wp\/v2\/media\/3848"}],"wp:attachment":[{"href":"https:\/\/fumot.uk\/es\/wp-json\/wp\/v2\/media?parent=3799"}],"wp:term":[{"taxonomy":"product_brand","embeddable":true,"href":"https:\/\/fumot.uk\/es\/wp-json\/wp\/v2\/product_brand?post=3799"},{"taxonomy":"product_cat","embeddable":true,"href":"https:\/\/fumot.uk\/es\/wp-json\/wp\/v2\/product_cat?post=3799"},{"taxonomy":"product_tag","embeddable":true,"href":"https:\/\/fumot.uk\/es\/wp-json\/wp\/v2\/product_tag?post=3799"}],"curies":[{"name":"wp","href":"https:\/\/api.w.org\/{rel}","templated":true}]}}