{"id":3795,"date":"2026-01-21T04:04:32","date_gmt":"2026-01-21T04:04:32","guid":{"rendered":"https:\/\/fumot.uk\/?post_type=product&#038;p=3795"},"modified":"2026-01-21T09:15:33","modified_gmt":"2026-01-21T09:15:33","slug":"al-fakher-crown-bar-20000-puffs-grape-punch-kraftvoller-traubengenuss-aromatisch-erfrischend","status":"publish","type":"product","link":"https:\/\/fumot.uk\/es\/product\/al-fakher-crown-bar-20000-puffs-grape-punch-kraftvoller-traubengenuss-aromatisch-erfrischend\/","title":{"rendered":"AL FAKHER Crown Bar 20000 Puffs Grape Punch (20ml) \u2013 Flujo de aire ajustable, pantalla LED, recargable USB\u2011C"},"content":{"rendered":"<p><strong>AL FAKHER Crown Bar 20000 Puffs \u2013 Golpe de Uva<\/strong> trae un audaz sabor a uva en un dise\u00f1o refinado, estilo empresarial. Terminado con un cuerpo de aspecto de cuero premium, este vape desechable est\u00e1 construido para una experiencia suave y moderna\u2014con un <strong>pantalla digital LED<\/strong>, una <strong>sistema de flujo de aire ajustable<\/strong>, n\u00edtido, y r\u00e1pido <strong>carga USB\u2011C<\/strong> para conveniencia diaria.<\/p>\n<h3>Perfil de Sabor: Golpe de Uva<\/h3>\n<p><strong>Golpe de Uva<\/strong> es una uva rica y con cuerpo completo con un giro animado\u2014dulce y jugosa en la inhalaci\u00f3n, seguida de un borde ligeramente \u00e1cido y un suave acabado fresco. El resultado es un sabor a uva en capas que se mantiene limpio y refrescante, lo que lo convierte en una opci\u00f3n f\u00e1cil para todo el d\u00eda para los fan\u00e1ticos de las mezclas con sabor a frutas.<\/p>\n<h3>Por qu\u00e9 te gustar\u00e1<\/h3>\n<ul>\n<li><strong>20000+ caladas<\/strong> para un uso prolongado<\/li>\n<li><strong>Capacidad de e-l\u00edquido de 20ml<\/strong> para disfrutar del sabor prolongado<\/li>\n<li><strong>bobina de malla de 0.6\u03a9<\/strong> para vapor consistente y sabroso<\/li>\n<li><strong>Flujo de aire ajustable<\/strong> para ajustar tu calada<\/li>\n<li><strong>pantalla digital LED<\/strong> para un estado claro del dispositivo de un vistazo<\/li>\n<li><strong>de 850mAh<\/strong> con <strong>carga r\u00e1pida USB\u2011C<\/strong><\/li>\n<li><strong>DTL (Directo al Pulm\u00f3n)<\/strong> estilo de calada<\/li>\n<\/ul>\n<h3>Especificaciones del Producto<\/h3>\n<ul>\n<li><strong>Marca\/Modelo:<\/strong> AL FAKHER Crown Bar 20000 Puffs<\/li>\n<li><strong>Sabor:<\/strong> Golpe de Uva (uva audaz)<\/li>\n<li><strong>E-l\u00edquido:<\/strong> 20ml<\/li>\n<li><strong>Bater\u00eda:<\/strong> 850mAh (recargable USB\u2011C)<\/li>\n<li><strong>Bobina:<\/strong> Resistencia de Malla de 0.6\u03a9<\/li>\n<li><strong>Caladas:<\/strong> 20000+ (dependiendo del uso)<\/li>\n<li><strong>Pantalla:<\/strong> pantalla digital LED<\/li>\n<li><strong>Flujo de aire:<\/strong> Ajustable<\/li>\n<li><strong>Fuerza de Nicotina:<\/strong> 0% \/ 2% \/ 3% \/ 5%<\/li>\n<li><strong>Estilo de Vapeo:<\/strong> DTL (Directo al Pulm\u00f3n)<\/li>\n<\/ul>\n<p><strong>Compra m\u00e1s sabores AL FAKHER Crown Bar<\/strong> on <a href=\"https:\/\/fumot.uk\/es\/\">fumot.uk<\/a> y encuentra tu pr\u00f3ximo favorito para todo el d\u00eda.<\/p>\n<p><strong>AL FAKHER Crown Bar 20000 Puffs Golpe de Uva<\/strong>\u2014una confiada mezcla de uva con un acabado fresco y limpio, acompa\u00f1ado de un aspecto premium y control ajustable.<\/p>","protected":false},"excerpt":{"rendered":"<p>Sabor de ponche de uva audaz con un acabado ligeramente fresco. AL FAKHER Crown Bar 20000 Puffs cuenta con 20ml de e-l\u00edquido, carga USB\u2011C de 850mAh, pantalla LED, bobina de malla de 0.6\u03a9 y flujo de aire ajustable (DTL).<\/p>","protected":false},"featured_media":3844,"comment_status":"open","ping_status":"closed","template":"","meta":[],"product_brand":[],"product_cat":[68,190],"product_tag":[60,20,21,72,23,39,25,26,28],"class_list":{"0":"post-3795","1":"product","2":"type-product","3":"status-publish","4":"has-post-thumbnail","6":"product_cat-20000-puff","7":"product_cat-al-fakher-crown-bar-20000-puffs","8":"product_tag-20ml","9":"product_tag-850mah","10":"product_tag-adjustable-airflow","11":"product_tag-direct-to-lung","12":"product_tag-display","13":"product_tag-grape","14":"product_tag-mesh-coil","15":"product_tag-rechargeable","16":"product_tag-type-c","18":"first","19":"instock","20":"sale","21":"shipping-taxable","22":"purchasable","23":"product-type-variable","24":"has-default-attributes"},"yoast_head":"<!-- This site is optimized with the Yoast SEO plugin v26.8 - https:\/\/yoast.com\/product\/yoast-seo-wordpress\/ -->\n<title>AL FAKHER Crown Bar 20000 Puffs Grape Punch | fumot.uk<\/title>\n<meta name=\"description\" content=\"AL FAKHER Crown Bar 20000 Puffs Grape Punch: 20ml, 850mAh USB\u2011C rechargeable, LED display, adjustable airflow, 0.6\u03a9 mesh coil. Nicotine 0\/2\/3\/5%.\" \/>\n<meta name=\"robots\" content=\"index, follow, max-snippet:-1, max-image-preview:large, max-video-preview:-1\" \/>\n<link rel=\"canonical\" href=\"https:\/\/fumot.uk\/es\/product\/al-fakher-crown-bar-20000-puffs-grape-punch-kraftvoller-traubengenuss-aromatisch-erfrischend\/\" \/>\n<meta property=\"og:locale\" content=\"es_ES\" \/>\n<meta property=\"og:type\" content=\"article\" \/>\n<meta property=\"og:title\" content=\"AL FAKHER Crown Bar 20000 Puffs \u2013 Grape Punch\" \/>\n<meta property=\"og:description\" content=\"Juicy grape punch with a refreshing finish. 20ml e-liquid, 850mAh USB\u2011C recharge, LED display, adjustable airflow, 0.6\u03a9 mesh coil. Available at fumot.uk.\" \/>\n<meta property=\"og:url\" content=\"https:\/\/fumot.uk\/es\/product\/al-fakher-crown-bar-20000-puffs-grape-punch-kraftvoller-traubengenuss-aromatisch-erfrischend\/\" \/>\n<meta property=\"og:site_name\" content=\"Fumot Official Direct | Straight from the Factory, 100% Genuine\" \/>\n<meta property=\"article:modified_time\" content=\"2026-01-21T09:15:33+00:00\" \/>\n<meta property=\"og:image\" content=\"https:\/\/fumot.uk\/wp-content\/uploads\/2026\/01\/AL-FAKHER-CROWN-BAR-20000-Puffs-Grape-Punch-Disposable-Vape-scaled-1.png\" \/>\n\t<meta property=\"og:image:width\" content=\"2560\" \/>\n\t<meta property=\"og:image:height\" content=\"2560\" \/>\n\t<meta property=\"og:image:type\" content=\"image\/png\" \/>\n<meta name=\"twitter:card\" content=\"summary_large_image\" \/>\n<meta name=\"twitter:label1\" content=\"Tiempo de lectura\" \/>\n\t<meta name=\"twitter:data1\" content=\"1 minuto\" \/>\n<script type=\"application\/ld+json\" class=\"yoast-schema-graph\">{\"@context\":\"https:\/\/schema.org\",\"@graph\":[{\"@type\":\"WebPage\",\"@id\":\"https:\/\/fumot.uk\/product\/al-fakher-crown-bar-20000-puffs-grape-punch-kraftvoller-traubengenuss-aromatisch-erfrischend\/\",\"url\":\"https:\/\/fumot.uk\/product\/al-fakher-crown-bar-20000-puffs-grape-punch-kraftvoller-traubengenuss-aromatisch-erfrischend\/\",\"name\":\"AL FAKHER Crown Bar 20000 Puffs Grape Punch | fumot.uk\",\"isPartOf\":{\"@id\":\"https:\/\/fumot.uk\/#website\"},\"primaryImageOfPage\":{\"@id\":\"https:\/\/fumot.uk\/product\/al-fakher-crown-bar-20000-puffs-grape-punch-kraftvoller-traubengenuss-aromatisch-erfrischend\/#primaryimage\"},\"image\":{\"@id\":\"https:\/\/fumot.uk\/product\/al-fakher-crown-bar-20000-puffs-grape-punch-kraftvoller-traubengenuss-aromatisch-erfrischend\/#primaryimage\"},\"thumbnailUrl\":\"https:\/\/fumot.uk\/wp-content\/uploads\/2026\/01\/AL-FAKHER-CROWN-BAR-20000-Puffs-Grape-Punch-Disposable-Vape-scaled-1.png\",\"datePublished\":\"2026-01-21T04:04:32+00:00\",\"dateModified\":\"2026-01-21T09:15:33+00:00\",\"description\":\"AL FAKHER Crown Bar 20000 Puffs Grape Punch: 20ml, 850mAh USB\u2011C rechargeable, LED display, adjustable airflow, 0.6\u03a9 mesh coil. Nicotine 0\/2\/3\/5%.\",\"breadcrumb\":{\"@id\":\"https:\/\/fumot.uk\/product\/al-fakher-crown-bar-20000-puffs-grape-punch-kraftvoller-traubengenuss-aromatisch-erfrischend\/#breadcrumb\"},\"inLanguage\":\"es\",\"potentialAction\":[{\"@type\":\"ReadAction\",\"target\":[\"https:\/\/fumot.uk\/product\/al-fakher-crown-bar-20000-puffs-grape-punch-kraftvoller-traubengenuss-aromatisch-erfrischend\/\"]}]},{\"@type\":\"ImageObject\",\"inLanguage\":\"es\",\"@id\":\"https:\/\/fumot.uk\/product\/al-fakher-crown-bar-20000-puffs-grape-punch-kraftvoller-traubengenuss-aromatisch-erfrischend\/#primaryimage\",\"url\":\"https:\/\/fumot.uk\/wp-content\/uploads\/2026\/01\/AL-FAKHER-CROWN-BAR-20000-Puffs-Grape-Punch-Disposable-Vape-scaled-1.png\",\"contentUrl\":\"https:\/\/fumot.uk\/wp-content\/uploads\/2026\/01\/AL-FAKHER-CROWN-BAR-20000-Puffs-Grape-Punch-Disposable-Vape-scaled-1.png\",\"width\":2560,\"height\":2560},{\"@type\":\"BreadcrumbList\",\"@id\":\"https:\/\/fumot.uk\/product\/al-fakher-crown-bar-20000-puffs-grape-punch-kraftvoller-traubengenuss-aromatisch-erfrischend\/#breadcrumb\",\"itemListElement\":[{\"@type\":\"ListItem\",\"position\":1,\"name\":\"Home\",\"item\":\"https:\/\/fumot.uk\/\"},{\"@type\":\"ListItem\",\"position\":2,\"name\":\"Shop\",\"item\":\"https:\/\/fumot.uk\/shop\/\"},{\"@type\":\"ListItem\",\"position\":3,\"name\":\"AL FAKHER Crown Bar 20000 Puffs Grape Punch (20ml) \u2013 Adjustable Airflow, LED Display, USB\u2011C Rechargeable\"}]},{\"@type\":\"WebSite\",\"@id\":\"https:\/\/fumot.uk\/#website\",\"url\":\"https:\/\/fumot.uk\/\",\"name\":\"Fumot Official Direct | Straight from the Factory, 100% Genuine\",\"description\":\"Official Website\",\"publisher\":{\"@id\":\"https:\/\/fumot.uk\/#organization\"},\"potentialAction\":[{\"@type\":\"SearchAction\",\"target\":{\"@type\":\"EntryPoint\",\"urlTemplate\":\"https:\/\/fumot.uk\/?s={search_term_string}\"},\"query-input\":{\"@type\":\"PropertyValueSpecification\",\"valueRequired\":true,\"valueName\":\"search_term_string\"}}],\"inLanguage\":\"es\"},{\"@type\":\"Organization\",\"@id\":\"https:\/\/fumot.uk\/#organization\",\"name\":\"Fumot Official Direct | Straight from the Factory, 100% Genuine\",\"url\":\"https:\/\/fumot.uk\/\",\"logo\":{\"@type\":\"ImageObject\",\"inLanguage\":\"es\",\"@id\":\"https:\/\/fumot.uk\/#\/schema\/logo\/image\/\",\"url\":\"https:\/\/fumot.uk\/wp-content\/uploads\/2026\/01\/cropped-fumot-logo1.png\",\"contentUrl\":\"https:\/\/fumot.uk\/wp-content\/uploads\/2026\/01\/cropped-fumot-logo1.png\",\"width\":152,\"height\":106,\"caption\":\"Fumot Official Direct | Straight from the Factory, 100% Genuine\"},\"image\":{\"@id\":\"https:\/\/fumot.uk\/#\/schema\/logo\/image\/\"}}]}<\/script>\n<!-- \/ Yoast SEO plugin. -->","yoast_head_json":{"title":"AL FAKHER Crown Bar 20000 Puffs Grape Punch | fumot.uk","description":"AL FAKHER Crown Bar 20000 Puffs Grape Punch: 20ml, 850mAh USB\u2011C recargable, pantalla LED, flujo de aire ajustable, bobina de malla de 0.6\u03a9. Nicotina 0\/2\/3\/5%.","robots":{"index":"index","follow":"follow","max-snippet":"max-snippet:-1","max-image-preview":"max-image-preview:large","max-video-preview":"max-video-preview:-1"},"canonical":"https:\/\/fumot.uk\/es\/product\/al-fakher-crown-bar-20000-puffs-grape-punch-kraftvoller-traubengenuss-aromatisch-erfrischend\/","og_locale":"es_ES","og_type":"article","og_title":"AL FAKHER Crown Bar 20000 Puffs \u2013 Grape Punch","og_description":"Juicy grape punch with a refreshing finish. 20ml e-liquid, 850mAh USB\u2011C recharge, LED display, adjustable airflow, 0.6\u03a9 mesh coil. Available at fumot.uk.","og_url":"https:\/\/fumot.uk\/es\/product\/al-fakher-crown-bar-20000-puffs-grape-punch-kraftvoller-traubengenuss-aromatisch-erfrischend\/","og_site_name":"Fumot Official Direct | Straight from the Factory, 100% Genuine","article_modified_time":"2026-01-21T09:15:33+00:00","og_image":[{"width":2560,"height":2560,"url":"https:\/\/fumot.uk\/wp-content\/uploads\/2026\/01\/AL-FAKHER-CROWN-BAR-20000-Puffs-Grape-Punch-Disposable-Vape-scaled-1.png","type":"image\/png"}],"twitter_card":"summary_large_image","twitter_misc":{"Tiempo de lectura":"1 minuto"},"schema":{"@context":"https:\/\/schema.org","@graph":[{"@type":"WebPage","@id":"https:\/\/fumot.uk\/product\/al-fakher-crown-bar-20000-puffs-grape-punch-kraftvoller-traubengenuss-aromatisch-erfrischend\/","url":"https:\/\/fumot.uk\/product\/al-fakher-crown-bar-20000-puffs-grape-punch-kraftvoller-traubengenuss-aromatisch-erfrischend\/","name":"AL FAKHER Crown Bar 20000 Puffs Grape Punch | fumot.uk","isPartOf":{"@id":"https:\/\/fumot.uk\/#website"},"primaryImageOfPage":{"@id":"https:\/\/fumot.uk\/product\/al-fakher-crown-bar-20000-puffs-grape-punch-kraftvoller-traubengenuss-aromatisch-erfrischend\/#primaryimage"},"image":{"@id":"https:\/\/fumot.uk\/product\/al-fakher-crown-bar-20000-puffs-grape-punch-kraftvoller-traubengenuss-aromatisch-erfrischend\/#primaryimage"},"thumbnailUrl":"https:\/\/fumot.uk\/wp-content\/uploads\/2026\/01\/AL-FAKHER-CROWN-BAR-20000-Puffs-Grape-Punch-Disposable-Vape-scaled-1.png","datePublished":"2026-01-21T04:04:32+00:00","dateModified":"2026-01-21T09:15:33+00:00","description":"AL FAKHER Crown Bar 20000 Puffs Grape Punch: 20ml, 850mAh USB\u2011C recargable, pantalla LED, flujo de aire ajustable, bobina de malla de 0.6\u03a9. Nicotina 0\/2\/3\/5%.","breadcrumb":{"@id":"https:\/\/fumot.uk\/product\/al-fakher-crown-bar-20000-puffs-grape-punch-kraftvoller-traubengenuss-aromatisch-erfrischend\/#breadcrumb"},"inLanguage":"es","potentialAction":[{"@type":"ReadAction","target":["https:\/\/fumot.uk\/product\/al-fakher-crown-bar-20000-puffs-grape-punch-kraftvoller-traubengenuss-aromatisch-erfrischend\/"]}]},{"@type":"ImageObject","inLanguage":"es","@id":"https:\/\/fumot.uk\/product\/al-fakher-crown-bar-20000-puffs-grape-punch-kraftvoller-traubengenuss-aromatisch-erfrischend\/#primaryimage","url":"https:\/\/fumot.uk\/wp-content\/uploads\/2026\/01\/AL-FAKHER-CROWN-BAR-20000-Puffs-Grape-Punch-Disposable-Vape-scaled-1.png","contentUrl":"https:\/\/fumot.uk\/wp-content\/uploads\/2026\/01\/AL-FAKHER-CROWN-BAR-20000-Puffs-Grape-Punch-Disposable-Vape-scaled-1.png","width":2560,"height":2560},{"@type":"BreadcrumbList","@id":"https:\/\/fumot.uk\/product\/al-fakher-crown-bar-20000-puffs-grape-punch-kraftvoller-traubengenuss-aromatisch-erfrischend\/#breadcrumb","itemListElement":[{"@type":"ListItem","position":1,"name":"Home","item":"https:\/\/fumot.uk\/"},{"@type":"ListItem","position":2,"name":"Shop","item":"https:\/\/fumot.uk\/shop\/"},{"@type":"ListItem","position":3,"name":"AL FAKHER Crown Bar 20000 Puffs Grape Punch (20ml) \u2013 Adjustable Airflow, LED Display, USB\u2011C Rechargeable"}]},{"@type":"WebSite","@id":"https:\/\/fumot.uk\/#website","url":"https:\/\/fumot.uk\/","name":"Fumot Official Direct | Directo desde la f\u00e1brica, 100% Original","description":"Sitio Oficial","publisher":{"@id":"https:\/\/fumot.uk\/#organization"},"potentialAction":[{"@type":"SearchAction","target":{"@type":"EntryPoint","urlTemplate":"https:\/\/fumot.uk\/?s={search_term_string}"},"query-input":{"@type":"PropertyValueSpecification","valueRequired":true,"valueName":"search_term_string"}}],"inLanguage":"es"},{"@type":"Organization","@id":"https:\/\/fumot.uk\/#organization","name":"Fumot Official Direct | Directo desde la f\u00e1brica, 100% Original","url":"https:\/\/fumot.uk\/","logo":{"@type":"ImageObject","inLanguage":"es","@id":"https:\/\/fumot.uk\/#\/schema\/logo\/image\/","url":"https:\/\/fumot.uk\/wp-content\/uploads\/2026\/01\/cropped-fumot-logo1.png","contentUrl":"https:\/\/fumot.uk\/wp-content\/uploads\/2026\/01\/cropped-fumot-logo1.png","width":152,"height":106,"caption":"Fumot Official Direct | Straight from the Factory, 100% Genuine"},"image":{"@id":"https:\/\/fumot.uk\/#\/schema\/logo\/image\/"}}]}},"_links":{"self":[{"href":"https:\/\/fumot.uk\/es\/wp-json\/wp\/v2\/product\/3795","targetHints":{"allow":["GET"]}}],"collection":[{"href":"https:\/\/fumot.uk\/es\/wp-json\/wp\/v2\/product"}],"about":[{"href":"https:\/\/fumot.uk\/es\/wp-json\/wp\/v2\/types\/product"}],"replies":[{"embeddable":true,"href":"https:\/\/fumot.uk\/es\/wp-json\/wp\/v2\/comments?post=3795"}],"wp:featuredmedia":[{"embeddable":true,"href":"https:\/\/fumot.uk\/es\/wp-json\/wp\/v2\/media\/3844"}],"wp:attachment":[{"href":"https:\/\/fumot.uk\/es\/wp-json\/wp\/v2\/media?parent=3795"}],"wp:term":[{"taxonomy":"product_brand","embeddable":true,"href":"https:\/\/fumot.uk\/es\/wp-json\/wp\/v2\/product_brand?post=3795"},{"taxonomy":"product_cat","embeddable":true,"href":"https:\/\/fumot.uk\/es\/wp-json\/wp\/v2\/product_cat?post=3795"},{"taxonomy":"product_tag","embeddable":true,"href":"https:\/\/fumot.uk\/es\/wp-json\/wp\/v2\/product_tag?post=3795"}],"curies":[{"name":"wp","href":"https:\/\/api.w.org\/{rel}","templated":true}]}}