{"id":3794,"date":"2026-01-21T04:04:31","date_gmt":"2026-01-21T04:04:31","guid":{"rendered":"https:\/\/fumot.uk\/?post_type=product&#038;p=3794"},"modified":"2026-01-21T09:19:56","modified_gmt":"2026-01-21T09:19:56","slug":"al-fakher-crown-bar-20000-puffs-blueberry-gum-fruchtige-suse-trifft-nostalgischen-kaugummi-genuss","status":"publish","type":"product","link":"https:\/\/fumot.uk\/es\/product\/al-fakher-crown-bar-20000-puffs-blueberry-gum-fruchtige-suse-trifft-nostalgischen-kaugummi-genuss\/","title":{"rendered":"AL FAKHER Crown Bar 20000 Puffs Blueberry Gum \u2013 Sabor a Chicle de Ar\u00e1ndano, 20ml, 850mAh, Flujo de Aire Ajustable"},"content":{"rendered":"<p><strong>AL FAKHER Crown Bar 20000 Puffs \u2013 Chicle de Ar\u00e1ndano<\/strong> combina un aspecto premium con una experiencia de vapeo f\u00e1cil y satisfactoria. Terminado en un dise\u00f1o elegante con textura de cuero y equipado con un <strong>pantalla digital LED<\/strong> m\u00e1s <strong>flujo de aire ajustable<\/strong>, est\u00e1 hecho para vapeadores que les gusta ajustar cada calada.<\/p>\n<p><strong>Destacado de sabor: Chicle de Ar\u00e1ndano<\/strong><br \/>Notas brillantes y jugosas de ar\u00e1ndano se encuentran con la suave dulzura del cl\u00e1sico chicle. La primera inhalaci\u00f3n se siente afrutada y completa, seguida de un acabado suave como de caramelo que perdura suavemente\u2014dulce, juguet\u00f3n y agradablemente nost\u00e1lgico sin ser abrumador.<\/p>\n<h3>Por qu\u00e9 te encantar\u00e1 este vape de Chicle de Ar\u00e1ndano<\/h3>\n<ul>\n<li><strong>20,000+ caladas<\/strong> para un disfrute duradero<\/li>\n<li><strong>bobina de malla de 0.6\u03a9<\/strong> dise\u00f1ado para una entrega de sabor consistente<\/li>\n<li><strong>Flujo de aire ajustable<\/strong> para personalizar tu calada<\/li>\n<li><strong>pantalla LED<\/strong> para un estado claro y de un vistazo<\/li>\n<li><strong>Bater\u00eda recargable de 850mAh<\/strong> con <strong>Type-C<\/strong> carga<\/li>\n<\/ul>\n<h3>Especificaciones<\/h3>\n<ul>\n<li><strong>Marca\/Serie:<\/strong> AL FAKHER Crown Bar<\/li>\n<li><strong>Caladas:<\/strong> 20,000+ caladas<\/li>\n<li><strong>Sabor:<\/strong> Chicle de Ar\u00e1ndano (Chicle de Ar\u00e1ndano)<\/li>\n<li><strong>Capacidad de e-l\u00edquido:<\/strong> 20ml<\/li>\n<li><strong>Bater\u00eda:<\/strong> 850mAh, recargable (USB Tipo-C)<\/li>\n<li><strong>Bobina:<\/strong> Resistencia de Malla de 0.6\u03a9<\/li>\n<li><strong>Pantalla:<\/strong> pantalla digital LED<\/li>\n<li><strong>Flujo de aire:<\/strong> Sistema de flujo de aire ajustable<\/li>\n<li><strong>Opciones de nicotina:<\/strong> 0% \/ 2% \/ 3% \/ 5%<\/li>\n<li><strong>Estilo de inhalaci\u00f3n:<\/strong> DTL (Directo al Pulm\u00f3n)<\/li>\n<\/ul>\n<p><strong>Explora m\u00e1s opciones:<\/strong> Explora la colecci\u00f3n completa <a href=\"https:\/\/fumot.uk\/es\/\" target=\"_blank\" rel=\"noopener\">colecci\u00f3n AL FAKHER Crown Bar 20000 Puffs en fumot.uk<\/a> para encontrar tu pr\u00f3ximo sabor favorito.<\/p>\n<p><strong>AL FAKHER Crown Bar 20000 Puffs Chicle de Ar\u00e1ndano<\/strong> \u2014 un vape de chicle de ar\u00e1ndano dulce con un acabado limpio y moderno.<\/p>","protected":false},"excerpt":{"rendered":"<p>AL FAKHER Crown Bar 20000 Puffs en Blueberry Gum ofrece jugoso ar\u00e1ndano envuelto en la dulzura suave del chicle. 20ml, 850mAh Type\u2011C recargable, 0.6\u03a9 malla de resistencia, pantalla LED, flujo de aire ajustable, DTL. Nicotina: 0\/2\/3\/5%.<\/p>","protected":false},"featured_media":3843,"comment_status":"open","ping_status":"closed","template":"","meta":[],"product_brand":[],"product_cat":[68,190],"product_tag":[60,20,21,33,72,23,55,25,26,28],"class_list":{"0":"post-3794","1":"product","2":"type-product","3":"status-publish","4":"has-post-thumbnail","6":"product_cat-20000-puff","7":"product_cat-al-fakher-crown-bar-20000-puffs","8":"product_tag-20ml","9":"product_tag-850mah","10":"product_tag-adjustable-airflow","11":"product_tag-blueberry","12":"product_tag-direct-to-lung","13":"product_tag-display","14":"product_tag-gummy","15":"product_tag-mesh-coil","16":"product_tag-rechargeable","17":"product_tag-type-c","19":"first","20":"instock","21":"sale","22":"shipping-taxable","23":"purchasable","24":"product-type-variable","25":"has-default-attributes"},"yoast_head":"<!-- This site is optimized with the Yoast SEO plugin v26.8 - https:\/\/yoast.com\/product\/yoast-seo-wordpress\/ -->\n<title>AL FAKHER Crown Bar 20000 Puffs Blueberry Gum<\/title>\n<meta name=\"description\" content=\"Blueberry Gum Crown Bar: 20,000+ puffs, 20ml, 850mAh Type\u2011C rechargeable, 0.6\u03a9 mesh coil, LED display, adjustable airflow, DTL. 0\/2\/3\/5% nicotine.\" \/>\n<meta name=\"robots\" content=\"index, follow, max-snippet:-1, max-image-preview:large, max-video-preview:-1\" \/>\n<link rel=\"canonical\" href=\"https:\/\/fumot.uk\/es\/product\/al-fakher-crown-bar-20000-puffs-blueberry-gum-fruchtige-suse-trifft-nostalgischen-kaugummi-genuss\/\" \/>\n<meta property=\"og:locale\" content=\"es_ES\" \/>\n<meta property=\"og:type\" content=\"article\" \/>\n<meta property=\"og:title\" content=\"AL FAKHER Crown Bar 20000 Puffs \u2013 Blueberry Gum\" \/>\n<meta property=\"og:description\" content=\"Juicy blueberry meets smooth bubblegum sweetness. 20,000+ puffs, 20ml, 850mAh Type\u2011C rechargeable, mesh coil, LED display, adjustable airflow. Shop on fumot.uk.\" \/>\n<meta property=\"og:url\" content=\"https:\/\/fumot.uk\/es\/product\/al-fakher-crown-bar-20000-puffs-blueberry-gum-fruchtige-suse-trifft-nostalgischen-kaugummi-genuss\/\" \/>\n<meta property=\"og:site_name\" content=\"Fumot Official Direct | Straight from the Factory, 100% Genuine\" \/>\n<meta property=\"article:modified_time\" content=\"2026-01-21T09:19:56+00:00\" \/>\n<meta property=\"og:image\" content=\"https:\/\/fumot.uk\/wp-content\/uploads\/2026\/01\/AL-FAKHER-CROWN-BAR-20000-Puffs-Blueberry-Gum-Disposable-Vape-scaled-1.png\" \/>\n\t<meta property=\"og:image:width\" content=\"2560\" \/>\n\t<meta property=\"og:image:height\" content=\"2560\" \/>\n\t<meta property=\"og:image:type\" content=\"image\/png\" \/>\n<meta name=\"twitter:card\" content=\"summary_large_image\" \/>\n<meta name=\"twitter:label1\" content=\"Tiempo de lectura\" \/>\n\t<meta name=\"twitter:data1\" content=\"1 minuto\" \/>\n<script type=\"application\/ld+json\" class=\"yoast-schema-graph\">{\"@context\":\"https:\/\/schema.org\",\"@graph\":[{\"@type\":\"WebPage\",\"@id\":\"https:\/\/fumot.uk\/product\/al-fakher-crown-bar-20000-puffs-blueberry-gum-fruchtige-suse-trifft-nostalgischen-kaugummi-genuss\/\",\"url\":\"https:\/\/fumot.uk\/product\/al-fakher-crown-bar-20000-puffs-blueberry-gum-fruchtige-suse-trifft-nostalgischen-kaugummi-genuss\/\",\"name\":\"AL FAKHER Crown Bar 20000 Puffs Blueberry Gum\",\"isPartOf\":{\"@id\":\"https:\/\/fumot.uk\/#website\"},\"primaryImageOfPage\":{\"@id\":\"https:\/\/fumot.uk\/product\/al-fakher-crown-bar-20000-puffs-blueberry-gum-fruchtige-suse-trifft-nostalgischen-kaugummi-genuss\/#primaryimage\"},\"image\":{\"@id\":\"https:\/\/fumot.uk\/product\/al-fakher-crown-bar-20000-puffs-blueberry-gum-fruchtige-suse-trifft-nostalgischen-kaugummi-genuss\/#primaryimage\"},\"thumbnailUrl\":\"https:\/\/fumot.uk\/wp-content\/uploads\/2026\/01\/AL-FAKHER-CROWN-BAR-20000-Puffs-Blueberry-Gum-Disposable-Vape-scaled-1.png\",\"datePublished\":\"2026-01-21T04:04:31+00:00\",\"dateModified\":\"2026-01-21T09:19:56+00:00\",\"description\":\"Blueberry Gum Crown Bar: 20,000+ puffs, 20ml, 850mAh Type\u2011C rechargeable, 0.6\u03a9 mesh coil, LED display, adjustable airflow, DTL. 0\/2\/3\/5% nicotine.\",\"breadcrumb\":{\"@id\":\"https:\/\/fumot.uk\/product\/al-fakher-crown-bar-20000-puffs-blueberry-gum-fruchtige-suse-trifft-nostalgischen-kaugummi-genuss\/#breadcrumb\"},\"inLanguage\":\"es\",\"potentialAction\":[{\"@type\":\"ReadAction\",\"target\":[\"https:\/\/fumot.uk\/product\/al-fakher-crown-bar-20000-puffs-blueberry-gum-fruchtige-suse-trifft-nostalgischen-kaugummi-genuss\/\"]}]},{\"@type\":\"ImageObject\",\"inLanguage\":\"es\",\"@id\":\"https:\/\/fumot.uk\/product\/al-fakher-crown-bar-20000-puffs-blueberry-gum-fruchtige-suse-trifft-nostalgischen-kaugummi-genuss\/#primaryimage\",\"url\":\"https:\/\/fumot.uk\/wp-content\/uploads\/2026\/01\/AL-FAKHER-CROWN-BAR-20000-Puffs-Blueberry-Gum-Disposable-Vape-scaled-1.png\",\"contentUrl\":\"https:\/\/fumot.uk\/wp-content\/uploads\/2026\/01\/AL-FAKHER-CROWN-BAR-20000-Puffs-Blueberry-Gum-Disposable-Vape-scaled-1.png\",\"width\":2560,\"height\":2560},{\"@type\":\"BreadcrumbList\",\"@id\":\"https:\/\/fumot.uk\/product\/al-fakher-crown-bar-20000-puffs-blueberry-gum-fruchtige-suse-trifft-nostalgischen-kaugummi-genuss\/#breadcrumb\",\"itemListElement\":[{\"@type\":\"ListItem\",\"position\":1,\"name\":\"Home\",\"item\":\"https:\/\/fumot.uk\/\"},{\"@type\":\"ListItem\",\"position\":2,\"name\":\"Shop\",\"item\":\"https:\/\/fumot.uk\/shop\/\"},{\"@type\":\"ListItem\",\"position\":3,\"name\":\"AL FAKHER Crown Bar 20000 Puffs Blueberry Gum \u2013 Blueberry Bubblegum Flavor, 20ml, 850mAh, Adjustable Airflow\"}]},{\"@type\":\"WebSite\",\"@id\":\"https:\/\/fumot.uk\/#website\",\"url\":\"https:\/\/fumot.uk\/\",\"name\":\"Fumot Official Direct | Straight from the Factory, 100% Genuine\",\"description\":\"Official Website\",\"publisher\":{\"@id\":\"https:\/\/fumot.uk\/#organization\"},\"potentialAction\":[{\"@type\":\"SearchAction\",\"target\":{\"@type\":\"EntryPoint\",\"urlTemplate\":\"https:\/\/fumot.uk\/?s={search_term_string}\"},\"query-input\":{\"@type\":\"PropertyValueSpecification\",\"valueRequired\":true,\"valueName\":\"search_term_string\"}}],\"inLanguage\":\"es\"},{\"@type\":\"Organization\",\"@id\":\"https:\/\/fumot.uk\/#organization\",\"name\":\"Fumot Official Direct | Straight from the Factory, 100% Genuine\",\"url\":\"https:\/\/fumot.uk\/\",\"logo\":{\"@type\":\"ImageObject\",\"inLanguage\":\"es\",\"@id\":\"https:\/\/fumot.uk\/#\/schema\/logo\/image\/\",\"url\":\"https:\/\/fumot.uk\/wp-content\/uploads\/2026\/01\/cropped-fumot-logo1.png\",\"contentUrl\":\"https:\/\/fumot.uk\/wp-content\/uploads\/2026\/01\/cropped-fumot-logo1.png\",\"width\":152,\"height\":106,\"caption\":\"Fumot Official Direct | Straight from the Factory, 100% Genuine\"},\"image\":{\"@id\":\"https:\/\/fumot.uk\/#\/schema\/logo\/image\/\"}}]}<\/script>\n<!-- \/ Yoast SEO plugin. -->","yoast_head_json":{"title":"AL FAKHER Crown Bar 20000 Puffs Chicle de Ar\u00e1ndano","description":"Barra Corona de Chicle de Ar\u00e1ndano: m\u00e1s de 20,000 caladas, 20ml, 850mAh recargable Tipo\u2011C, bobina de malla de 0.6\u03a9, pantalla LED, flujo de aire ajustable, DTL. 0\/2\/3\/5% nicotina.","robots":{"index":"index","follow":"follow","max-snippet":"max-snippet:-1","max-image-preview":"max-image-preview:large","max-video-preview":"max-video-preview:-1"},"canonical":"https:\/\/fumot.uk\/es\/product\/al-fakher-crown-bar-20000-puffs-blueberry-gum-fruchtige-suse-trifft-nostalgischen-kaugummi-genuss\/","og_locale":"es_ES","og_type":"article","og_title":"AL FAKHER Crown Bar 20000 Puffs \u2013 Blueberry Gum","og_description":"Juicy blueberry meets smooth bubblegum sweetness. 20,000+ puffs, 20ml, 850mAh Type\u2011C rechargeable, mesh coil, LED display, adjustable airflow. Shop on fumot.uk.","og_url":"https:\/\/fumot.uk\/es\/product\/al-fakher-crown-bar-20000-puffs-blueberry-gum-fruchtige-suse-trifft-nostalgischen-kaugummi-genuss\/","og_site_name":"Fumot Official Direct | Straight from the Factory, 100% Genuine","article_modified_time":"2026-01-21T09:19:56+00:00","og_image":[{"width":2560,"height":2560,"url":"https:\/\/fumot.uk\/wp-content\/uploads\/2026\/01\/AL-FAKHER-CROWN-BAR-20000-Puffs-Blueberry-Gum-Disposable-Vape-scaled-1.png","type":"image\/png"}],"twitter_card":"summary_large_image","twitter_misc":{"Tiempo de lectura":"1 minuto"},"schema":{"@context":"https:\/\/schema.org","@graph":[{"@type":"WebPage","@id":"https:\/\/fumot.uk\/product\/al-fakher-crown-bar-20000-puffs-blueberry-gum-fruchtige-suse-trifft-nostalgischen-kaugummi-genuss\/","url":"https:\/\/fumot.uk\/product\/al-fakher-crown-bar-20000-puffs-blueberry-gum-fruchtige-suse-trifft-nostalgischen-kaugummi-genuss\/","name":"AL FAKHER Crown Bar 20000 Puffs Chicle de Ar\u00e1ndano","isPartOf":{"@id":"https:\/\/fumot.uk\/#website"},"primaryImageOfPage":{"@id":"https:\/\/fumot.uk\/product\/al-fakher-crown-bar-20000-puffs-blueberry-gum-fruchtige-suse-trifft-nostalgischen-kaugummi-genuss\/#primaryimage"},"image":{"@id":"https:\/\/fumot.uk\/product\/al-fakher-crown-bar-20000-puffs-blueberry-gum-fruchtige-suse-trifft-nostalgischen-kaugummi-genuss\/#primaryimage"},"thumbnailUrl":"https:\/\/fumot.uk\/wp-content\/uploads\/2026\/01\/AL-FAKHER-CROWN-BAR-20000-Puffs-Blueberry-Gum-Disposable-Vape-scaled-1.png","datePublished":"2026-01-21T04:04:31+00:00","dateModified":"2026-01-21T09:19:56+00:00","description":"Barra Corona de Chicle de Ar\u00e1ndano: m\u00e1s de 20,000 caladas, 20ml, 850mAh recargable Tipo\u2011C, bobina de malla de 0.6\u03a9, pantalla LED, flujo de aire ajustable, DTL. 0\/2\/3\/5% nicotina.","breadcrumb":{"@id":"https:\/\/fumot.uk\/product\/al-fakher-crown-bar-20000-puffs-blueberry-gum-fruchtige-suse-trifft-nostalgischen-kaugummi-genuss\/#breadcrumb"},"inLanguage":"es","potentialAction":[{"@type":"ReadAction","target":["https:\/\/fumot.uk\/product\/al-fakher-crown-bar-20000-puffs-blueberry-gum-fruchtige-suse-trifft-nostalgischen-kaugummi-genuss\/"]}]},{"@type":"ImageObject","inLanguage":"es","@id":"https:\/\/fumot.uk\/product\/al-fakher-crown-bar-20000-puffs-blueberry-gum-fruchtige-suse-trifft-nostalgischen-kaugummi-genuss\/#primaryimage","url":"https:\/\/fumot.uk\/wp-content\/uploads\/2026\/01\/AL-FAKHER-CROWN-BAR-20000-Puffs-Blueberry-Gum-Disposable-Vape-scaled-1.png","contentUrl":"https:\/\/fumot.uk\/wp-content\/uploads\/2026\/01\/AL-FAKHER-CROWN-BAR-20000-Puffs-Blueberry-Gum-Disposable-Vape-scaled-1.png","width":2560,"height":2560},{"@type":"BreadcrumbList","@id":"https:\/\/fumot.uk\/product\/al-fakher-crown-bar-20000-puffs-blueberry-gum-fruchtige-suse-trifft-nostalgischen-kaugummi-genuss\/#breadcrumb","itemListElement":[{"@type":"ListItem","position":1,"name":"Home","item":"https:\/\/fumot.uk\/"},{"@type":"ListItem","position":2,"name":"Shop","item":"https:\/\/fumot.uk\/shop\/"},{"@type":"ListItem","position":3,"name":"AL FAKHER Crown Bar 20000 Puffs Blueberry Gum \u2013 Blueberry Bubblegum Flavor, 20ml, 850mAh, Adjustable Airflow"}]},{"@type":"WebSite","@id":"https:\/\/fumot.uk\/#website","url":"https:\/\/fumot.uk\/","name":"Fumot Official Direct | Directo desde la f\u00e1brica, 100% Original","description":"Sitio Oficial","publisher":{"@id":"https:\/\/fumot.uk\/#organization"},"potentialAction":[{"@type":"SearchAction","target":{"@type":"EntryPoint","urlTemplate":"https:\/\/fumot.uk\/?s={search_term_string}"},"query-input":{"@type":"PropertyValueSpecification","valueRequired":true,"valueName":"search_term_string"}}],"inLanguage":"es"},{"@type":"Organization","@id":"https:\/\/fumot.uk\/#organization","name":"Fumot Official Direct | Directo desde la f\u00e1brica, 100% Original","url":"https:\/\/fumot.uk\/","logo":{"@type":"ImageObject","inLanguage":"es","@id":"https:\/\/fumot.uk\/#\/schema\/logo\/image\/","url":"https:\/\/fumot.uk\/wp-content\/uploads\/2026\/01\/cropped-fumot-logo1.png","contentUrl":"https:\/\/fumot.uk\/wp-content\/uploads\/2026\/01\/cropped-fumot-logo1.png","width":152,"height":106,"caption":"Fumot Official Direct | Straight from the Factory, 100% Genuine"},"image":{"@id":"https:\/\/fumot.uk\/#\/schema\/logo\/image\/"}}]}},"_links":{"self":[{"href":"https:\/\/fumot.uk\/es\/wp-json\/wp\/v2\/product\/3794","targetHints":{"allow":["GET"]}}],"collection":[{"href":"https:\/\/fumot.uk\/es\/wp-json\/wp\/v2\/product"}],"about":[{"href":"https:\/\/fumot.uk\/es\/wp-json\/wp\/v2\/types\/product"}],"replies":[{"embeddable":true,"href":"https:\/\/fumot.uk\/es\/wp-json\/wp\/v2\/comments?post=3794"}],"wp:featuredmedia":[{"embeddable":true,"href":"https:\/\/fumot.uk\/es\/wp-json\/wp\/v2\/media\/3843"}],"wp:attachment":[{"href":"https:\/\/fumot.uk\/es\/wp-json\/wp\/v2\/media?parent=3794"}],"wp:term":[{"taxonomy":"product_brand","embeddable":true,"href":"https:\/\/fumot.uk\/es\/wp-json\/wp\/v2\/product_brand?post=3794"},{"taxonomy":"product_cat","embeddable":true,"href":"https:\/\/fumot.uk\/es\/wp-json\/wp\/v2\/product_cat?post=3794"},{"taxonomy":"product_tag","embeddable":true,"href":"https:\/\/fumot.uk\/es\/wp-json\/wp\/v2\/product_tag?post=3794"}],"curies":[{"name":"wp","href":"https:\/\/api.w.org\/{rel}","templated":true}]}}