{"id":3784,"date":"2026-01-21T04:04:29","date_gmt":"2026-01-21T04:04:29","guid":{"rendered":"https:\/\/fumot.uk\/?post_type=product&#038;p=3784"},"modified":"2026-01-21T09:23:07","modified_gmt":"2026-01-21T09:23:07","slug":"al-fakher-crown-bar-15k-puffs-lush-ice","status":"publish","type":"product","link":"https:\/\/fumot.uk\/es\/product\/al-fakher-crown-bar-15k-puffs-lush-ice\/","title":{"rendered":"AL FAKHER Crown Bar 15000 Puffs Lush Ice Disposable Vape (20ml, Rechargeable, Display)"},"content":{"rendered":"<h3>AL FAKHER Crown Bar 15K Puffs \u2013 Lush Ice<\/h3>\n<p>Conoce el <strong>AL FAKHER Crown Bar 15000 Puffs Lush Ice<\/strong>, suave y de alta capacidad <strong>vape desechable<\/strong> dise\u00f1ado para sesiones largas y uso diario f\u00e1cil. Este sabor mezcla <strong>dulzura jugosa de sand\u00eda<\/strong> con un fresco <strong>acabado de menta helada<\/strong>\u2014fresco, limpio y satisfactorio desde la primera calada hasta la \u00faltima.<\/p>\n<p>Dise\u00f1ado con un <strong>bater\u00eda recargable de 850mAh<\/strong> y <strong>carga r\u00e1pida Type\u2011C<\/strong>, te ayuda a aprovechar al m\u00e1ximo la generosa <strong>20ml de e\u2011l\u00edquido<\/strong> capacidad. El <strong>bobina de malla de 0.6\u03a9<\/strong> calienta uniformemente para un sabor consistente y vapor suave. Un <strong>pantalla LED<\/strong> muestra tanto el nivel de bater\u00eda como el l\u00edquido restante, para que siempre sepas d\u00f3nde est\u00e1s.<\/p>\n<p>Explora m\u00e1s sabores y dispositivos en <a href=\"https:\/\/fumot.uk\/es\/\">fumot.uk<\/a>, o explora nuestras opciones de estilo hielo aqu\u00ed: <a href=\"https:\/\/fumot.uk\/es\/product-tag\/ice\/\">Vapes de hielo<\/a>.<\/p>\n<h4>Caracter\u00edsticas Clave<\/h4>\n<ul>\n<li><strong>Hasta:<\/strong> 15000 caladas<\/li>\n<li><strong>Capacidad de e\u2011l\u00edquido:<\/strong> 20ml<\/li>\n<li><strong>Bobina:<\/strong> bobina de malla de 0.6\u03a9<\/li>\n<li><strong>Bater\u00eda:<\/strong> Bobina de malla<\/li>\n<li><strong>Carga:<\/strong> Tipo\u2011C<\/li>\n<li><strong>Pantalla:<\/strong> Indicador de nivel de bater\u00eda y l\u00edquido<\/li>\n<li><strong>Opciones de nicotina:<\/strong> 0% \/ 2% \/ 3% \/ 5%<\/li>\n<\/ul>\n<h4>Perfil de sabor: Lush Ice<\/h4>\n<ul>\n<li><strong>Nota superior:<\/strong> dulce sand\u00eda<\/li>\n<li><strong>Acabado:<\/strong> menta helada refrescante<\/li>\n<li><strong>En general:<\/strong> refrescante, afrutado y limpio<\/li>\n<\/ul>\n<p><em>Nota:<\/em> El conteo de caladas es una estimaci\u00f3n y puede variar dependiendo del estilo de uso.<\/p>","protected":false},"excerpt":{"rendered":"<p>AL FAKHER Crown Bar Lush Ice ofrece hasta 15000 caladas de frescura de sand\u00eda y menta con 20ml de e\u2011l\u00edquido, una bobina de malla de 0.6\u03a9, pantalla LED y bater\u00eda recargable USB\u2011C de 850mAh.<\/p>","protected":false},"featured_media":3814,"comment_status":"open","ping_status":"closed","template":"","meta":[],"product_brand":[],"product_cat":[16,189,17],"product_tag":[60,20,72,23,29,44,25,26,27,62,28],"class_list":{"0":"post-3784","1":"product","2":"type-product","3":"status-publish","4":"has-post-thumbnail","6":"product_cat-15000-puff","7":"product_cat-al-fakher-crown-bar-15k-puffs","8":"product_cat-vape","9":"product_tag-20ml","10":"product_tag-850mah","11":"product_tag-direct-to-lung","12":"product_tag-display","13":"product_tag-ice","14":"product_tag-lush","15":"product_tag-mesh-coil","16":"product_tag-rechargeable","17":"product_tag-rgb-light","18":"product_tag-sale-vape","19":"product_tag-type-c","21":"first","22":"instock","23":"sale","24":"shipping-taxable","25":"purchasable","26":"product-type-variable","27":"has-default-attributes"},"yoast_head":"<!-- This site is optimized with the Yoast SEO plugin v26.8 - https:\/\/yoast.com\/product\/yoast-seo-wordpress\/ -->\n<title>AL FAKHER Crown Bar 15000 Puffs Lush Ice | fumot.uk<\/title>\n<meta name=\"description\" content=\"Shop AL FAKHER Crown Bar Lush Ice: up to 15000 puffs, 20ml e\u2011liquid, 850mAh USB\u2011C rechargeable battery, 0.6\u03a9 mesh coil and LED display. Nic 0\u20135%.\" \/>\n<meta name=\"robots\" content=\"index, follow, max-snippet:-1, max-image-preview:large, max-video-preview:-1\" \/>\n<link rel=\"canonical\" href=\"https:\/\/fumot.uk\/es\/product\/al-fakher-crown-bar-15k-puffs-lush-ice\/\" \/>\n<meta property=\"og:locale\" content=\"es_ES\" \/>\n<meta property=\"og:type\" content=\"article\" \/>\n<meta property=\"og:title\" content=\"AL FAKHER Crown Bar 15K \u2013 Lush Ice (Watermelon Mint Ice)\" \/>\n<meta property=\"og:description\" content=\"Juicy watermelon with a cool mint finish. 20ml capacity, USB\u2011C rechargeable 850mAh battery, 0.6\u03a9 mesh coil, and LED display\u2014up to 15000 puffs.\" \/>\n<meta property=\"og:url\" content=\"https:\/\/fumot.uk\/es\/product\/al-fakher-crown-bar-15k-puffs-lush-ice\/\" \/>\n<meta property=\"og:site_name\" content=\"Fumot Official Direct | Straight from the Factory, 100% Genuine\" \/>\n<meta property=\"article:modified_time\" content=\"2026-01-21T09:23:07+00:00\" \/>\n<meta property=\"og:image\" content=\"https:\/\/fumot.uk\/wp-content\/uploads\/2026\/01\/AL-FAKHER-CROWN-BAR-15k_Lush-Ice-Disposable-Vape.jpg\" \/>\n\t<meta property=\"og:image:width\" content=\"1246\" \/>\n\t<meta property=\"og:image:height\" content=\"1390\" \/>\n\t<meta property=\"og:image:type\" content=\"image\/jpeg\" \/>\n<meta name=\"twitter:card\" content=\"summary_large_image\" \/>\n<meta name=\"twitter:label1\" content=\"Tiempo de lectura\" \/>\n\t<meta name=\"twitter:data1\" content=\"1 minuto\" \/>\n<script type=\"application\/ld+json\" class=\"yoast-schema-graph\">{\"@context\":\"https:\/\/schema.org\",\"@graph\":[{\"@type\":\"WebPage\",\"@id\":\"https:\/\/fumot.uk\/product\/al-fakher-crown-bar-15k-puffs-lush-ice\/\",\"url\":\"https:\/\/fumot.uk\/product\/al-fakher-crown-bar-15k-puffs-lush-ice\/\",\"name\":\"AL FAKHER Crown Bar 15000 Puffs Lush Ice | fumot.uk\",\"isPartOf\":{\"@id\":\"https:\/\/fumot.uk\/#website\"},\"primaryImageOfPage\":{\"@id\":\"https:\/\/fumot.uk\/product\/al-fakher-crown-bar-15k-puffs-lush-ice\/#primaryimage\"},\"image\":{\"@id\":\"https:\/\/fumot.uk\/product\/al-fakher-crown-bar-15k-puffs-lush-ice\/#primaryimage\"},\"thumbnailUrl\":\"https:\/\/fumot.uk\/wp-content\/uploads\/2026\/01\/AL-FAKHER-CROWN-BAR-15k_Lush-Ice-Disposable-Vape.jpg\",\"datePublished\":\"2026-01-21T04:04:29+00:00\",\"dateModified\":\"2026-01-21T09:23:07+00:00\",\"description\":\"Shop AL FAKHER Crown Bar Lush Ice: up to 15000 puffs, 20ml e\u2011liquid, 850mAh USB\u2011C rechargeable battery, 0.6\u03a9 mesh coil and LED display. Nic 0\u20135%.\",\"breadcrumb\":{\"@id\":\"https:\/\/fumot.uk\/product\/al-fakher-crown-bar-15k-puffs-lush-ice\/#breadcrumb\"},\"inLanguage\":\"es\",\"potentialAction\":[{\"@type\":\"ReadAction\",\"target\":[\"https:\/\/fumot.uk\/product\/al-fakher-crown-bar-15k-puffs-lush-ice\/\"]}]},{\"@type\":\"ImageObject\",\"inLanguage\":\"es\",\"@id\":\"https:\/\/fumot.uk\/product\/al-fakher-crown-bar-15k-puffs-lush-ice\/#primaryimage\",\"url\":\"https:\/\/fumot.uk\/wp-content\/uploads\/2026\/01\/AL-FAKHER-CROWN-BAR-15k_Lush-Ice-Disposable-Vape.jpg\",\"contentUrl\":\"https:\/\/fumot.uk\/wp-content\/uploads\/2026\/01\/AL-FAKHER-CROWN-BAR-15k_Lush-Ice-Disposable-Vape.jpg\",\"width\":1246,\"height\":1390},{\"@type\":\"BreadcrumbList\",\"@id\":\"https:\/\/fumot.uk\/product\/al-fakher-crown-bar-15k-puffs-lush-ice\/#breadcrumb\",\"itemListElement\":[{\"@type\":\"ListItem\",\"position\":1,\"name\":\"Home\",\"item\":\"https:\/\/fumot.uk\/\"},{\"@type\":\"ListItem\",\"position\":2,\"name\":\"Shop\",\"item\":\"https:\/\/fumot.uk\/shop\/\"},{\"@type\":\"ListItem\",\"position\":3,\"name\":\"AL FAKHER Crown Bar 15000 Puffs Lush Ice Disposable Vape (20ml, Rechargeable, Display)\"}]},{\"@type\":\"WebSite\",\"@id\":\"https:\/\/fumot.uk\/#website\",\"url\":\"https:\/\/fumot.uk\/\",\"name\":\"Fumot Official Direct | Straight from the Factory, 100% Genuine\",\"description\":\"Official Website\",\"publisher\":{\"@id\":\"https:\/\/fumot.uk\/#organization\"},\"potentialAction\":[{\"@type\":\"SearchAction\",\"target\":{\"@type\":\"EntryPoint\",\"urlTemplate\":\"https:\/\/fumot.uk\/?s={search_term_string}\"},\"query-input\":{\"@type\":\"PropertyValueSpecification\",\"valueRequired\":true,\"valueName\":\"search_term_string\"}}],\"inLanguage\":\"es\"},{\"@type\":\"Organization\",\"@id\":\"https:\/\/fumot.uk\/#organization\",\"name\":\"Fumot Official Direct | Straight from the Factory, 100% Genuine\",\"url\":\"https:\/\/fumot.uk\/\",\"logo\":{\"@type\":\"ImageObject\",\"inLanguage\":\"es\",\"@id\":\"https:\/\/fumot.uk\/#\/schema\/logo\/image\/\",\"url\":\"https:\/\/fumot.uk\/wp-content\/uploads\/2026\/01\/cropped-fumot-logo1.png\",\"contentUrl\":\"https:\/\/fumot.uk\/wp-content\/uploads\/2026\/01\/cropped-fumot-logo1.png\",\"width\":152,\"height\":106,\"caption\":\"Fumot Official Direct | Straight from the Factory, 100% Genuine\"},\"image\":{\"@id\":\"https:\/\/fumot.uk\/#\/schema\/logo\/image\/\"}}]}<\/script>\n<!-- \/ Yoast SEO plugin. -->","yoast_head_json":{"title":"AL FAKHER Crown Bar 15000 Puffs Lush Ice | fumot.uk","description":"Compra AL FAKHER Crown Bar Lush Ice: hasta 15000 caladas, 20ml de e\u2011l\u00edquido, bater\u00eda recargable USB\u2011C de 850mAh, bobina de malla de 0.6\u03a9 y pantalla LED. Nic 0\u20135%.","robots":{"index":"index","follow":"follow","max-snippet":"max-snippet:-1","max-image-preview":"max-image-preview:large","max-video-preview":"max-video-preview:-1"},"canonical":"https:\/\/fumot.uk\/es\/product\/al-fakher-crown-bar-15k-puffs-lush-ice\/","og_locale":"es_ES","og_type":"article","og_title":"AL FAKHER Crown Bar 15K \u2013 Lush Ice (Watermelon Mint Ice)","og_description":"Juicy watermelon with a cool mint finish. 20ml capacity, USB\u2011C rechargeable 850mAh battery, 0.6\u03a9 mesh coil, and LED display\u2014up to 15000 puffs.","og_url":"https:\/\/fumot.uk\/es\/product\/al-fakher-crown-bar-15k-puffs-lush-ice\/","og_site_name":"Fumot Official Direct | Straight from the Factory, 100% Genuine","article_modified_time":"2026-01-21T09:23:07+00:00","og_image":[{"width":1246,"height":1390,"url":"https:\/\/fumot.uk\/wp-content\/uploads\/2026\/01\/AL-FAKHER-CROWN-BAR-15k_Lush-Ice-Disposable-Vape.jpg","type":"image\/jpeg"}],"twitter_card":"summary_large_image","twitter_misc":{"Tiempo de lectura":"1 minuto"},"schema":{"@context":"https:\/\/schema.org","@graph":[{"@type":"WebPage","@id":"https:\/\/fumot.uk\/product\/al-fakher-crown-bar-15k-puffs-lush-ice\/","url":"https:\/\/fumot.uk\/product\/al-fakher-crown-bar-15k-puffs-lush-ice\/","name":"AL FAKHER Crown Bar 15000 Puffs Lush Ice | fumot.uk","isPartOf":{"@id":"https:\/\/fumot.uk\/#website"},"primaryImageOfPage":{"@id":"https:\/\/fumot.uk\/product\/al-fakher-crown-bar-15k-puffs-lush-ice\/#primaryimage"},"image":{"@id":"https:\/\/fumot.uk\/product\/al-fakher-crown-bar-15k-puffs-lush-ice\/#primaryimage"},"thumbnailUrl":"https:\/\/fumot.uk\/wp-content\/uploads\/2026\/01\/AL-FAKHER-CROWN-BAR-15k_Lush-Ice-Disposable-Vape.jpg","datePublished":"2026-01-21T04:04:29+00:00","dateModified":"2026-01-21T09:23:07+00:00","description":"Compra AL FAKHER Crown Bar Lush Ice: hasta 15000 caladas, 20ml de e\u2011l\u00edquido, bater\u00eda recargable USB\u2011C de 850mAh, bobina de malla de 0.6\u03a9 y pantalla LED. Nic 0\u20135%.","breadcrumb":{"@id":"https:\/\/fumot.uk\/product\/al-fakher-crown-bar-15k-puffs-lush-ice\/#breadcrumb"},"inLanguage":"es","potentialAction":[{"@type":"ReadAction","target":["https:\/\/fumot.uk\/product\/al-fakher-crown-bar-15k-puffs-lush-ice\/"]}]},{"@type":"ImageObject","inLanguage":"es","@id":"https:\/\/fumot.uk\/product\/al-fakher-crown-bar-15k-puffs-lush-ice\/#primaryimage","url":"https:\/\/fumot.uk\/wp-content\/uploads\/2026\/01\/AL-FAKHER-CROWN-BAR-15k_Lush-Ice-Disposable-Vape.jpg","contentUrl":"https:\/\/fumot.uk\/wp-content\/uploads\/2026\/01\/AL-FAKHER-CROWN-BAR-15k_Lush-Ice-Disposable-Vape.jpg","width":1246,"height":1390},{"@type":"BreadcrumbList","@id":"https:\/\/fumot.uk\/product\/al-fakher-crown-bar-15k-puffs-lush-ice\/#breadcrumb","itemListElement":[{"@type":"ListItem","position":1,"name":"Home","item":"https:\/\/fumot.uk\/"},{"@type":"ListItem","position":2,"name":"Shop","item":"https:\/\/fumot.uk\/shop\/"},{"@type":"ListItem","position":3,"name":"AL FAKHER Crown Bar 15000 Puffs Lush Ice Disposable Vape (20ml, Rechargeable, Display)"}]},{"@type":"WebSite","@id":"https:\/\/fumot.uk\/#website","url":"https:\/\/fumot.uk\/","name":"Fumot Official Direct | Directo desde la f\u00e1brica, 100% Original","description":"Sitio Oficial","publisher":{"@id":"https:\/\/fumot.uk\/#organization"},"potentialAction":[{"@type":"SearchAction","target":{"@type":"EntryPoint","urlTemplate":"https:\/\/fumot.uk\/?s={search_term_string}"},"query-input":{"@type":"PropertyValueSpecification","valueRequired":true,"valueName":"search_term_string"}}],"inLanguage":"es"},{"@type":"Organization","@id":"https:\/\/fumot.uk\/#organization","name":"Fumot Official Direct | Directo desde la f\u00e1brica, 100% Original","url":"https:\/\/fumot.uk\/","logo":{"@type":"ImageObject","inLanguage":"es","@id":"https:\/\/fumot.uk\/#\/schema\/logo\/image\/","url":"https:\/\/fumot.uk\/wp-content\/uploads\/2026\/01\/cropped-fumot-logo1.png","contentUrl":"https:\/\/fumot.uk\/wp-content\/uploads\/2026\/01\/cropped-fumot-logo1.png","width":152,"height":106,"caption":"Fumot Official Direct | Straight from the Factory, 100% Genuine"},"image":{"@id":"https:\/\/fumot.uk\/#\/schema\/logo\/image\/"}}]}},"_links":{"self":[{"href":"https:\/\/fumot.uk\/es\/wp-json\/wp\/v2\/product\/3784","targetHints":{"allow":["GET"]}}],"collection":[{"href":"https:\/\/fumot.uk\/es\/wp-json\/wp\/v2\/product"}],"about":[{"href":"https:\/\/fumot.uk\/es\/wp-json\/wp\/v2\/types\/product"}],"replies":[{"embeddable":true,"href":"https:\/\/fumot.uk\/es\/wp-json\/wp\/v2\/comments?post=3784"}],"wp:featuredmedia":[{"embeddable":true,"href":"https:\/\/fumot.uk\/es\/wp-json\/wp\/v2\/media\/3814"}],"wp:attachment":[{"href":"https:\/\/fumot.uk\/es\/wp-json\/wp\/v2\/media?parent=3784"}],"wp:term":[{"taxonomy":"product_brand","embeddable":true,"href":"https:\/\/fumot.uk\/es\/wp-json\/wp\/v2\/product_brand?post=3784"},{"taxonomy":"product_cat","embeddable":true,"href":"https:\/\/fumot.uk\/es\/wp-json\/wp\/v2\/product_cat?post=3784"},{"taxonomy":"product_tag","embeddable":true,"href":"https:\/\/fumot.uk\/es\/wp-json\/wp\/v2\/product_tag?post=3784"}],"curies":[{"name":"wp","href":"https:\/\/api.w.org\/{rel}","templated":true}]}}