{"id":3783,"date":"2026-01-21T04:04:29","date_gmt":"2026-01-21T04:04:29","guid":{"rendered":"https:\/\/fumot.uk\/?post_type=product&#038;p=3783"},"modified":"2026-01-21T09:22:38","modified_gmt":"2026-01-21T09:22:38","slug":"al-fakher-crown-bar-15k-puffs-lucid-dream","status":"publish","type":"product","link":"https:\/\/fumot.uk\/es\/product\/al-fakher-crown-bar-15k-puffs-lucid-dream\/","title":{"rendered":"AL FAKHER Crown Bar 15K Puffs Lucid Dream \u2013 Vape Desechable de Ar\u00e1ndano y Frutas Tropicales (20ml, 850mAh, Pantalla)"},"content":{"rendered":"<h3>AL FAKHER Crown Bar 15K Puffs \u2013 Lucid Dream (Ar\u00e1ndano y Frutas Tropicales)<\/h3>\n<p><strong>AL FAKHER Crown Bar 15K Lucid Dream<\/strong> es un vape desechable recargable premium dise\u00f1ado para sesiones largas y sabor limpio y consistente. Dise\u00f1ado alrededor de un <strong>Capacidad de e-l\u00edquido de 20ml<\/strong>, un suave <strong>bobina de malla de 0.6\u03a9<\/strong>, y un <strong>de 850mAh<\/strong> con <strong>Carga r\u00e1pida USB Tipo\u2011C<\/strong>, es una elecci\u00f3n diaria f\u00e1cil para los vapeadores que quieren conveniencia sin sacrificar el sabor.<\/p>\n<p>En cuanto al sabor, <strong>Sue\u00f1o L\u00facido<\/strong> mezcla dulce, jugoso <strong>ar\u00e1ndano<\/strong> con una brillante mezcla de <strong>notas de frutas tropicales<\/strong> para un acabado refrescante y en capas\u2014afrutado, vibrante y nunca pesado.<\/p>\n<p>Mant\u00e9n el control con el <a href=\"https:\/\/fumot.uk\/es\/product-tag\/display\/\">pantalla LED<\/a>, incorporado, mostrando el nivel de bater\u00eda y el l\u00edquido restante de un vistazo\u2014perfecto para planificar tu d\u00eda y evitar sorpresas.<\/p>\n<h4>Caracter\u00edsticas Clave<\/h4>\n<ul>\n<li><strong>Hasta 15,000 puffs<\/strong> (var\u00eda seg\u00fan el uso)<\/li>\n<li><strong>20ml de e-l\u00edquido<\/strong> capacidad<\/li>\n<li><strong>bobina de malla de 0.6\u03a9<\/strong> para calentamiento uniforme y sabor n\u00edtido<\/li>\n<li><strong>Bater\u00eda recargable de 850mAh<\/strong><\/li>\n<li><strong>USB Tipo\u2011C<\/strong> carga r\u00e1pida<\/li>\n<li><strong>pantalla LED<\/strong> para el nivel de bater\u00eda y e-l\u00edquido<\/li>\n<li><strong>Opciones de nicotina:<\/strong> 0% \/ 2% \/ 3% \/ 5%<\/li>\n<\/ul>\n<h4>Por qu\u00e9 te encantar\u00e1 Lucid Dream<\/h4>\n<ul>\n<li><strong>Predominante en ar\u00e1ndano<\/strong> dulzura con un toque tropical<\/li>\n<li><strong>Perfil de fruta fresco y en capas m\u00faltiples para vapear todo el d\u00eda<\/strong> Suave calada<\/li>\n<li><strong>gracias al rendimiento de la bobina de malla<\/strong> Lucid Dream \u2013 AL FAKHER Crown Bar 15K Puffs<\/li>\n<\/ul>\n<p>Explora m\u00e1s sabores y dispositivos en <a href=\"https:\/\/fumot.uk\/es\/\">fumot.uk<\/a>.<\/p>","protected":false},"excerpt":{"rendered":"<p>AL FAKHER Crown Bar Lucid Dream recargable con hasta 15,000 caladas, 20ml de e-l\u00edquido, bobina de malla de 0.6\u03a9, pantalla LED y carga USB\u2011C. Sabor a ar\u00e1ndano + fruta tropical. Opciones de nicotina 0\u20135%.<\/p>","protected":false},"featured_media":3813,"comment_status":"open","ping_status":"closed","template":"","meta":[],"product_brand":[],"product_cat":[16,189,17],"product_tag":[60,20,33,72,23,42,25,26,27,62,28],"class_list":{"0":"post-3783","1":"product","2":"type-product","3":"status-publish","4":"has-post-thumbnail","6":"product_cat-15000-puff","7":"product_cat-al-fakher-crown-bar-15k-puffs","8":"product_cat-vape","9":"product_tag-20ml","10":"product_tag-850mah","11":"product_tag-blueberry","12":"product_tag-direct-to-lung","13":"product_tag-display","14":"product_tag-mango","15":"product_tag-mesh-coil","16":"product_tag-rechargeable","17":"product_tag-rgb-light","18":"product_tag-sale-vape","19":"product_tag-type-c","21":"first","22":"instock","23":"sale","24":"shipping-taxable","25":"purchasable","26":"product-type-variable","27":"has-default-attributes"},"yoast_head":"<!-- This site is optimized with the Yoast SEO plugin v26.8 - https:\/\/yoast.com\/product\/yoast-seo-wordpress\/ -->\n<title>AL FAKHER Crown Bar 15K Lucid Dream | 20ml Disposable Vape<\/title>\n<meta name=\"description\" content=\"AL FAKHER Crown Bar 15K Lucid Dream: blueberry &amp; tropical fruit. 20ml, 850mAh USB\u2011C rechargeable, 0.6\u03a9 mesh coil, LED display. 0\u20135% nicotine.\" \/>\n<meta name=\"robots\" content=\"index, follow, max-snippet:-1, max-image-preview:large, max-video-preview:-1\" \/>\n<link rel=\"canonical\" href=\"https:\/\/fumot.uk\/es\/product\/al-fakher-crown-bar-15k-puffs-lucid-dream\/\" \/>\n<meta property=\"og:locale\" content=\"es_ES\" \/>\n<meta property=\"og:type\" content=\"article\" \/>\n<meta property=\"og:title\" content=\"Lucid Dream \u2013 AL FAKHER Crown Bar 15K Puffs\" \/>\n<meta property=\"og:description\" content=\"Blueberry meets tropical fruit in Lucid Dream. 20ml, 850mAh USB\u2011C rechargeable, 0.6\u03a9 mesh coil, LED display, up to 15,000 puffs. 0\u20135% nicotine.\" \/>\n<meta property=\"og:url\" content=\"https:\/\/fumot.uk\/es\/product\/al-fakher-crown-bar-15k-puffs-lucid-dream\/\" \/>\n<meta property=\"og:site_name\" content=\"Fumot Official Direct | Straight from the Factory, 100% Genuine\" \/>\n<meta property=\"article:modified_time\" content=\"2026-01-21T09:22:38+00:00\" \/>\n<meta property=\"og:image\" content=\"https:\/\/fumot.uk\/wp-content\/uploads\/2026\/01\/AL-FAKHER-CROWN-BAR-15k_Lucid-Dream-Disposable-Vape.jpg\" \/>\n\t<meta property=\"og:image:width\" content=\"1246\" \/>\n\t<meta property=\"og:image:height\" content=\"1390\" \/>\n\t<meta property=\"og:image:type\" content=\"image\/jpeg\" \/>\n<meta name=\"twitter:card\" content=\"summary_large_image\" \/>\n<meta name=\"twitter:label1\" content=\"Tiempo de lectura\" \/>\n\t<meta name=\"twitter:data1\" content=\"1 minuto\" \/>\n<script type=\"application\/ld+json\" class=\"yoast-schema-graph\">{\"@context\":\"https:\/\/schema.org\",\"@graph\":[{\"@type\":\"WebPage\",\"@id\":\"https:\/\/fumot.uk\/product\/al-fakher-crown-bar-15k-puffs-lucid-dream\/\",\"url\":\"https:\/\/fumot.uk\/product\/al-fakher-crown-bar-15k-puffs-lucid-dream\/\",\"name\":\"AL FAKHER Crown Bar 15K Lucid Dream | 20ml Disposable Vape\",\"isPartOf\":{\"@id\":\"https:\/\/fumot.uk\/#website\"},\"primaryImageOfPage\":{\"@id\":\"https:\/\/fumot.uk\/product\/al-fakher-crown-bar-15k-puffs-lucid-dream\/#primaryimage\"},\"image\":{\"@id\":\"https:\/\/fumot.uk\/product\/al-fakher-crown-bar-15k-puffs-lucid-dream\/#primaryimage\"},\"thumbnailUrl\":\"https:\/\/fumot.uk\/wp-content\/uploads\/2026\/01\/AL-FAKHER-CROWN-BAR-15k_Lucid-Dream-Disposable-Vape.jpg\",\"datePublished\":\"2026-01-21T04:04:29+00:00\",\"dateModified\":\"2026-01-21T09:22:38+00:00\",\"description\":\"AL FAKHER Crown Bar 15K Lucid Dream: blueberry & tropical fruit. 20ml, 850mAh USB\u2011C rechargeable, 0.6\u03a9 mesh coil, LED display. 0\u20135% nicotine.\",\"breadcrumb\":{\"@id\":\"https:\/\/fumot.uk\/product\/al-fakher-crown-bar-15k-puffs-lucid-dream\/#breadcrumb\"},\"inLanguage\":\"es\",\"potentialAction\":[{\"@type\":\"ReadAction\",\"target\":[\"https:\/\/fumot.uk\/product\/al-fakher-crown-bar-15k-puffs-lucid-dream\/\"]}]},{\"@type\":\"ImageObject\",\"inLanguage\":\"es\",\"@id\":\"https:\/\/fumot.uk\/product\/al-fakher-crown-bar-15k-puffs-lucid-dream\/#primaryimage\",\"url\":\"https:\/\/fumot.uk\/wp-content\/uploads\/2026\/01\/AL-FAKHER-CROWN-BAR-15k_Lucid-Dream-Disposable-Vape.jpg\",\"contentUrl\":\"https:\/\/fumot.uk\/wp-content\/uploads\/2026\/01\/AL-FAKHER-CROWN-BAR-15k_Lucid-Dream-Disposable-Vape.jpg\",\"width\":1246,\"height\":1390},{\"@type\":\"BreadcrumbList\",\"@id\":\"https:\/\/fumot.uk\/product\/al-fakher-crown-bar-15k-puffs-lucid-dream\/#breadcrumb\",\"itemListElement\":[{\"@type\":\"ListItem\",\"position\":1,\"name\":\"Home\",\"item\":\"https:\/\/fumot.uk\/\"},{\"@type\":\"ListItem\",\"position\":2,\"name\":\"Shop\",\"item\":\"https:\/\/fumot.uk\/shop\/\"},{\"@type\":\"ListItem\",\"position\":3,\"name\":\"AL FAKHER Crown Bar 15K Puffs Lucid Dream \u2013 Blueberry &#038; Tropical Fruit Disposable Vape (20ml, 850mAh, Display)\"}]},{\"@type\":\"WebSite\",\"@id\":\"https:\/\/fumot.uk\/#website\",\"url\":\"https:\/\/fumot.uk\/\",\"name\":\"Fumot Official Direct | Straight from the Factory, 100% Genuine\",\"description\":\"Official Website\",\"publisher\":{\"@id\":\"https:\/\/fumot.uk\/#organization\"},\"potentialAction\":[{\"@type\":\"SearchAction\",\"target\":{\"@type\":\"EntryPoint\",\"urlTemplate\":\"https:\/\/fumot.uk\/?s={search_term_string}\"},\"query-input\":{\"@type\":\"PropertyValueSpecification\",\"valueRequired\":true,\"valueName\":\"search_term_string\"}}],\"inLanguage\":\"es\"},{\"@type\":\"Organization\",\"@id\":\"https:\/\/fumot.uk\/#organization\",\"name\":\"Fumot Official Direct | Straight from the Factory, 100% Genuine\",\"url\":\"https:\/\/fumot.uk\/\",\"logo\":{\"@type\":\"ImageObject\",\"inLanguage\":\"es\",\"@id\":\"https:\/\/fumot.uk\/#\/schema\/logo\/image\/\",\"url\":\"https:\/\/fumot.uk\/wp-content\/uploads\/2026\/01\/cropped-fumot-logo1.png\",\"contentUrl\":\"https:\/\/fumot.uk\/wp-content\/uploads\/2026\/01\/cropped-fumot-logo1.png\",\"width\":152,\"height\":106,\"caption\":\"Fumot Official Direct | Straight from the Factory, 100% Genuine\"},\"image\":{\"@id\":\"https:\/\/fumot.uk\/#\/schema\/logo\/image\/\"}}]}<\/script>\n<!-- \/ Yoast SEO plugin. -->","yoast_head_json":{"title":"AL FAKHER Crown Bar 15K Lucid Dream | Vape desechable de 20ml","description":"AL FAKHER Crown Bar 15K Lucid Dream: ar\u00e1ndano y fruta tropical. 20ml, 850mAh USB\u2011C recargable, bobina de malla de 0.6\u03a9, pantalla LED. 0\u20135% nicotina.","robots":{"index":"index","follow":"follow","max-snippet":"max-snippet:-1","max-image-preview":"max-image-preview:large","max-video-preview":"max-video-preview:-1"},"canonical":"https:\/\/fumot.uk\/es\/product\/al-fakher-crown-bar-15k-puffs-lucid-dream\/","og_locale":"es_ES","og_type":"article","og_title":"Lucid Dream \u2013 AL FAKHER Crown Bar 15K Puffs","og_description":"Blueberry meets tropical fruit in Lucid Dream. 20ml, 850mAh USB\u2011C rechargeable, 0.6\u03a9 mesh coil, LED display, up to 15,000 puffs. 0\u20135% nicotine.","og_url":"https:\/\/fumot.uk\/es\/product\/al-fakher-crown-bar-15k-puffs-lucid-dream\/","og_site_name":"Fumot Official Direct | Straight from the Factory, 100% Genuine","article_modified_time":"2026-01-21T09:22:38+00:00","og_image":[{"width":1246,"height":1390,"url":"https:\/\/fumot.uk\/wp-content\/uploads\/2026\/01\/AL-FAKHER-CROWN-BAR-15k_Lucid-Dream-Disposable-Vape.jpg","type":"image\/jpeg"}],"twitter_card":"summary_large_image","twitter_misc":{"Tiempo de lectura":"1 minuto"},"schema":{"@context":"https:\/\/schema.org","@graph":[{"@type":"WebPage","@id":"https:\/\/fumot.uk\/product\/al-fakher-crown-bar-15k-puffs-lucid-dream\/","url":"https:\/\/fumot.uk\/product\/al-fakher-crown-bar-15k-puffs-lucid-dream\/","name":"AL FAKHER Crown Bar 15K Lucid Dream | Vape desechable de 20ml","isPartOf":{"@id":"https:\/\/fumot.uk\/#website"},"primaryImageOfPage":{"@id":"https:\/\/fumot.uk\/product\/al-fakher-crown-bar-15k-puffs-lucid-dream\/#primaryimage"},"image":{"@id":"https:\/\/fumot.uk\/product\/al-fakher-crown-bar-15k-puffs-lucid-dream\/#primaryimage"},"thumbnailUrl":"https:\/\/fumot.uk\/wp-content\/uploads\/2026\/01\/AL-FAKHER-CROWN-BAR-15k_Lucid-Dream-Disposable-Vape.jpg","datePublished":"2026-01-21T04:04:29+00:00","dateModified":"2026-01-21T09:22:38+00:00","description":"AL FAKHER Crown Bar 15K Lucid Dream: ar\u00e1ndano y fruta tropical. 20ml, 850mAh USB\u2011C recargable, bobina de malla de 0.6\u03a9, pantalla LED. 0\u20135% nicotina.","breadcrumb":{"@id":"https:\/\/fumot.uk\/product\/al-fakher-crown-bar-15k-puffs-lucid-dream\/#breadcrumb"},"inLanguage":"es","potentialAction":[{"@type":"ReadAction","target":["https:\/\/fumot.uk\/product\/al-fakher-crown-bar-15k-puffs-lucid-dream\/"]}]},{"@type":"ImageObject","inLanguage":"es","@id":"https:\/\/fumot.uk\/product\/al-fakher-crown-bar-15k-puffs-lucid-dream\/#primaryimage","url":"https:\/\/fumot.uk\/wp-content\/uploads\/2026\/01\/AL-FAKHER-CROWN-BAR-15k_Lucid-Dream-Disposable-Vape.jpg","contentUrl":"https:\/\/fumot.uk\/wp-content\/uploads\/2026\/01\/AL-FAKHER-CROWN-BAR-15k_Lucid-Dream-Disposable-Vape.jpg","width":1246,"height":1390},{"@type":"BreadcrumbList","@id":"https:\/\/fumot.uk\/product\/al-fakher-crown-bar-15k-puffs-lucid-dream\/#breadcrumb","itemListElement":[{"@type":"ListItem","position":1,"name":"Home","item":"https:\/\/fumot.uk\/"},{"@type":"ListItem","position":2,"name":"Shop","item":"https:\/\/fumot.uk\/shop\/"},{"@type":"ListItem","position":3,"name":"AL FAKHER Crown Bar 15K Puffs Lucid Dream \u2013 Blueberry &#038; Tropical Fruit Disposable Vape (20ml, 850mAh, Display)"}]},{"@type":"WebSite","@id":"https:\/\/fumot.uk\/#website","url":"https:\/\/fumot.uk\/","name":"Fumot Official Direct | Directo desde la f\u00e1brica, 100% Original","description":"Sitio Oficial","publisher":{"@id":"https:\/\/fumot.uk\/#organization"},"potentialAction":[{"@type":"SearchAction","target":{"@type":"EntryPoint","urlTemplate":"https:\/\/fumot.uk\/?s={search_term_string}"},"query-input":{"@type":"PropertyValueSpecification","valueRequired":true,"valueName":"search_term_string"}}],"inLanguage":"es"},{"@type":"Organization","@id":"https:\/\/fumot.uk\/#organization","name":"Fumot Official Direct | Directo desde la f\u00e1brica, 100% Original","url":"https:\/\/fumot.uk\/","logo":{"@type":"ImageObject","inLanguage":"es","@id":"https:\/\/fumot.uk\/#\/schema\/logo\/image\/","url":"https:\/\/fumot.uk\/wp-content\/uploads\/2026\/01\/cropped-fumot-logo1.png","contentUrl":"https:\/\/fumot.uk\/wp-content\/uploads\/2026\/01\/cropped-fumot-logo1.png","width":152,"height":106,"caption":"Fumot Official Direct | Straight from the Factory, 100% Genuine"},"image":{"@id":"https:\/\/fumot.uk\/#\/schema\/logo\/image\/"}}]}},"_links":{"self":[{"href":"https:\/\/fumot.uk\/es\/wp-json\/wp\/v2\/product\/3783","targetHints":{"allow":["GET"]}}],"collection":[{"href":"https:\/\/fumot.uk\/es\/wp-json\/wp\/v2\/product"}],"about":[{"href":"https:\/\/fumot.uk\/es\/wp-json\/wp\/v2\/types\/product"}],"replies":[{"embeddable":true,"href":"https:\/\/fumot.uk\/es\/wp-json\/wp\/v2\/comments?post=3783"}],"wp:featuredmedia":[{"embeddable":true,"href":"https:\/\/fumot.uk\/es\/wp-json\/wp\/v2\/media\/3813"}],"wp:attachment":[{"href":"https:\/\/fumot.uk\/es\/wp-json\/wp\/v2\/media?parent=3783"}],"wp:term":[{"taxonomy":"product_brand","embeddable":true,"href":"https:\/\/fumot.uk\/es\/wp-json\/wp\/v2\/product_brand?post=3783"},{"taxonomy":"product_cat","embeddable":true,"href":"https:\/\/fumot.uk\/es\/wp-json\/wp\/v2\/product_cat?post=3783"},{"taxonomy":"product_tag","embeddable":true,"href":"https:\/\/fumot.uk\/es\/wp-json\/wp\/v2\/product_tag?post=3783"}],"curies":[{"name":"wp","href":"https:\/\/api.w.org\/{rel}","templated":true}]}}