{"id":3780,"date":"2026-01-21T04:04:28","date_gmt":"2026-01-21T04:04:28","guid":{"rendered":"https:\/\/fumot.uk\/?post_type=product&#038;p=3780"},"modified":"2026-01-21T09:25:34","modified_gmt":"2026-01-21T09:25:34","slug":"al-fakher-crown-bar-15k-puffs-grape-mint","status":"publish","type":"product","link":"https:\/\/fumot.uk\/es\/product\/al-fakher-crown-bar-15k-puffs-grape-mint\/","title":{"rendered":"AL FAKHER Crown Bar 15K Puffs Disposable Vape \u2013 Grape Mint, 20ml, Rechargeable Type\u2011C, Smart LED Display"},"content":{"rendered":"<h3>AL FAKHER Crown Bar 15K Puffs \u2013 Menta de Uva<\/h3>\n<p><strong>AL FAKHER Crown Bar 15K Puffs Menta de Uva<\/strong> es un vapeador desechable de alta capacidad dise\u00f1ado para sesiones largas y un sabor limpio y consistente. Con hasta <strong>15,000 caladas<\/strong>, un generoso <strong>capacidad de 20ml de e\u2011l\u00edquido<\/strong>, y un suave <strong>bobina de malla de 0.6\u03a9<\/strong>, ofrece vapor denso y un sabor n\u00edtido desde la primera calada hasta la \u00faltima.<\/p>\n<p>El perfil de sabor es brillante y refrescante: jugosa <strong>dulzura de uva<\/strong> equilibrada por un fresco <strong>acabado de menta<\/strong>. Es una opci\u00f3n f\u00e1cil para todo el d\u00eda si te gustan las mezclas afrutadas con un regusto fresco.<\/p>\n<p>Dise\u00f1ado para la conveniencia, cuenta con un <strong>Bater\u00eda recargable de 850mAh<\/strong> con <strong>carga r\u00e1pida Type\u2011C<\/strong>. El integrado <strong>Pantalla inteligente LED<\/strong> te ayuda a mantener un seguimiento de los niveles de bater\u00eda y e-l\u00edquido de un vistazo, para que no tengas que adivinar cu\u00e1ndo es el momento de recargar.<\/p>\n<p>Explora m\u00e1s sabores y dispositivos en <a href=\"https:\/\/fumot.uk\/es\/\">fumot.uk<\/a> y explora nuestra colecci\u00f3n de <a href=\"https:\/\/fumot.uk\/es\/product-tag\/smart-display\/\">vapes con pantalla inteligente<\/a> para un uso diario m\u00e1s f\u00e1cil.<\/p>\n<h4>Caracter\u00edsticas Clave<\/h4>\n<ul>\n<li><strong>Caladas:<\/strong> Hasta 15,000<\/li>\n<li><strong>Capacidad de e\u2011l\u00edquido:<\/strong> 20ml<\/li>\n<li><strong>Bobina:<\/strong> Resistencia de Malla de 0.6\u03a9<\/li>\n<li><strong>Bater\u00eda:<\/strong> 850mAh (Recargable)<\/li>\n<li><strong>Carga:<\/strong> Tipo\u2011C<\/li>\n<li><strong>Pantalla:<\/strong> Pantalla Inteligente LED (indicadores de bater\u00eda y l\u00edquido)<\/li>\n<li><strong>Fortalezas de nicotina:<\/strong> 0% \/ 2% \/ 3% \/ 5%<\/li>\n<\/ul>\n<h4>Por qu\u00e9 te gustar\u00e1 Menta de Uva<\/h4>\n<ul>\n<li>Dulce uva al principio con una exhalaci\u00f3n de menta refrescante<\/li>\n<li>Sabor equilibrado y refrescante, ideal para uso diario<\/li>\n<li>La bobina de malla ayuda a mantener la consistencia del sabor<\/li>\n<\/ul>\n<p><em>Nota:<\/em> La cantidad de caladas puede variar seg\u00fan los h\u00e1bitos de uso.<\/p>","protected":false},"excerpt":{"rendered":"<p>AL FAKHER Crown Bar 15K Puffs en Grape Mint: uva jugosa con un acabado de menta fresca, 20ml de e\u2011l\u00edquido, bater\u00eda recargable de 850mAh Type\u2011C, resistencia de malla de 0.6\u03a9, y pantalla inteligente LED.<\/p>","protected":false},"featured_media":3810,"comment_status":"open","ping_status":"closed","template":"","meta":[],"product_brand":[],"product_cat":[16,189,17],"product_tag":[60,20,72,23,39,25,61,26,27,62,28],"class_list":{"0":"post-3780","1":"product","2":"type-product","3":"status-publish","4":"has-post-thumbnail","6":"product_cat-15000-puff","7":"product_cat-al-fakher-crown-bar-15k-puffs","8":"product_cat-vape","9":"product_tag-20ml","10":"product_tag-850mah","11":"product_tag-direct-to-lung","12":"product_tag-display","13":"product_tag-grape","14":"product_tag-mesh-coil","15":"product_tag-mint","16":"product_tag-rechargeable","17":"product_tag-rgb-light","18":"product_tag-sale-vape","19":"product_tag-type-c","21":"first","22":"instock","23":"sale","24":"shipping-taxable","25":"purchasable","26":"product-type-variable","27":"has-default-attributes"},"yoast_head":"<!-- This site is optimized with the Yoast SEO plugin v26.8 - https:\/\/yoast.com\/product\/yoast-seo-wordpress\/ -->\n<title>AL FAKHER Crown Bar 15K Grape Mint | 20ml Smart Display<\/title>\n<meta name=\"description\" content=\"AL FAKHER Crown Bar 15K Puffs Grape Mint disposable vape with 20ml, 850mAh Type\u2011C rechargeable battery, 0.6\u03a9 mesh coil and LED smart display. 0-5% nicotine.\" \/>\n<meta name=\"robots\" content=\"index, follow, max-snippet:-1, max-image-preview:large, max-video-preview:-1\" \/>\n<link rel=\"canonical\" href=\"https:\/\/fumot.uk\/es\/product\/al-fakher-crown-bar-15k-puffs-grape-mint\/\" \/>\n<meta property=\"og:locale\" content=\"es_ES\" \/>\n<meta property=\"og:type\" content=\"article\" \/>\n<meta property=\"og:title\" content=\"AL FAKHER Crown Bar 15K Puffs \u2013 Grape Mint\" \/>\n<meta property=\"og:description\" content=\"Juicy grape meets cool mint in a long-lasting 15K puff device with 20ml capacity, Type\u2011C recharging, 0.6\u03a9 mesh coil, and an LED smart display.\" \/>\n<meta property=\"og:url\" content=\"https:\/\/fumot.uk\/es\/product\/al-fakher-crown-bar-15k-puffs-grape-mint\/\" \/>\n<meta property=\"og:site_name\" content=\"Fumot Official Direct | Straight from the Factory, 100% Genuine\" \/>\n<meta property=\"article:modified_time\" content=\"2026-01-21T09:25:34+00:00\" \/>\n<meta property=\"og:image\" content=\"https:\/\/fumot.uk\/wp-content\/uploads\/2026\/01\/AL-FAKHER-CROWN-BAR-15k_Grape-Mint-Disposable-Vape.jpg\" \/>\n\t<meta property=\"og:image:width\" content=\"1246\" \/>\n\t<meta property=\"og:image:height\" content=\"1390\" \/>\n\t<meta property=\"og:image:type\" content=\"image\/jpeg\" \/>\n<meta name=\"twitter:card\" content=\"summary_large_image\" \/>\n<meta name=\"twitter:label1\" content=\"Tiempo de lectura\" \/>\n\t<meta name=\"twitter:data1\" content=\"1 minuto\" \/>\n<script type=\"application\/ld+json\" class=\"yoast-schema-graph\">{\"@context\":\"https:\/\/schema.org\",\"@graph\":[{\"@type\":\"WebPage\",\"@id\":\"https:\/\/fumot.uk\/product\/al-fakher-crown-bar-15k-puffs-grape-mint\/\",\"url\":\"https:\/\/fumot.uk\/product\/al-fakher-crown-bar-15k-puffs-grape-mint\/\",\"name\":\"AL FAKHER Crown Bar 15K Grape Mint | 20ml Smart Display\",\"isPartOf\":{\"@id\":\"https:\/\/fumot.uk\/#website\"},\"primaryImageOfPage\":{\"@id\":\"https:\/\/fumot.uk\/product\/al-fakher-crown-bar-15k-puffs-grape-mint\/#primaryimage\"},\"image\":{\"@id\":\"https:\/\/fumot.uk\/product\/al-fakher-crown-bar-15k-puffs-grape-mint\/#primaryimage\"},\"thumbnailUrl\":\"https:\/\/fumot.uk\/wp-content\/uploads\/2026\/01\/AL-FAKHER-CROWN-BAR-15k_Grape-Mint-Disposable-Vape.jpg\",\"datePublished\":\"2026-01-21T04:04:28+00:00\",\"dateModified\":\"2026-01-21T09:25:34+00:00\",\"description\":\"AL FAKHER Crown Bar 15K Puffs Grape Mint disposable vape with 20ml, 850mAh Type\u2011C rechargeable battery, 0.6\u03a9 mesh coil and LED smart display. 0-5% nicotine.\",\"breadcrumb\":{\"@id\":\"https:\/\/fumot.uk\/product\/al-fakher-crown-bar-15k-puffs-grape-mint\/#breadcrumb\"},\"inLanguage\":\"es\",\"potentialAction\":[{\"@type\":\"ReadAction\",\"target\":[\"https:\/\/fumot.uk\/product\/al-fakher-crown-bar-15k-puffs-grape-mint\/\"]}]},{\"@type\":\"ImageObject\",\"inLanguage\":\"es\",\"@id\":\"https:\/\/fumot.uk\/product\/al-fakher-crown-bar-15k-puffs-grape-mint\/#primaryimage\",\"url\":\"https:\/\/fumot.uk\/wp-content\/uploads\/2026\/01\/AL-FAKHER-CROWN-BAR-15k_Grape-Mint-Disposable-Vape.jpg\",\"contentUrl\":\"https:\/\/fumot.uk\/wp-content\/uploads\/2026\/01\/AL-FAKHER-CROWN-BAR-15k_Grape-Mint-Disposable-Vape.jpg\",\"width\":1246,\"height\":1390},{\"@type\":\"BreadcrumbList\",\"@id\":\"https:\/\/fumot.uk\/product\/al-fakher-crown-bar-15k-puffs-grape-mint\/#breadcrumb\",\"itemListElement\":[{\"@type\":\"ListItem\",\"position\":1,\"name\":\"Home\",\"item\":\"https:\/\/fumot.uk\/\"},{\"@type\":\"ListItem\",\"position\":2,\"name\":\"Shop\",\"item\":\"https:\/\/fumot.uk\/shop\/\"},{\"@type\":\"ListItem\",\"position\":3,\"name\":\"AL FAKHER Crown Bar 15K Puffs Disposable Vape \u2013 Grape Mint, 20ml, Rechargeable Type\u2011C, Smart LED Display\"}]},{\"@type\":\"WebSite\",\"@id\":\"https:\/\/fumot.uk\/#website\",\"url\":\"https:\/\/fumot.uk\/\",\"name\":\"Fumot Official Direct | Straight from the Factory, 100% Genuine\",\"description\":\"Official Website\",\"publisher\":{\"@id\":\"https:\/\/fumot.uk\/#organization\"},\"potentialAction\":[{\"@type\":\"SearchAction\",\"target\":{\"@type\":\"EntryPoint\",\"urlTemplate\":\"https:\/\/fumot.uk\/?s={search_term_string}\"},\"query-input\":{\"@type\":\"PropertyValueSpecification\",\"valueRequired\":true,\"valueName\":\"search_term_string\"}}],\"inLanguage\":\"es\"},{\"@type\":\"Organization\",\"@id\":\"https:\/\/fumot.uk\/#organization\",\"name\":\"Fumot Official Direct | Straight from the Factory, 100% Genuine\",\"url\":\"https:\/\/fumot.uk\/\",\"logo\":{\"@type\":\"ImageObject\",\"inLanguage\":\"es\",\"@id\":\"https:\/\/fumot.uk\/#\/schema\/logo\/image\/\",\"url\":\"https:\/\/fumot.uk\/wp-content\/uploads\/2026\/01\/cropped-fumot-logo1.png\",\"contentUrl\":\"https:\/\/fumot.uk\/wp-content\/uploads\/2026\/01\/cropped-fumot-logo1.png\",\"width\":152,\"height\":106,\"caption\":\"Fumot Official Direct | Straight from the Factory, 100% Genuine\"},\"image\":{\"@id\":\"https:\/\/fumot.uk\/#\/schema\/logo\/image\/\"}}]}<\/script>\n<!-- \/ Yoast SEO plugin. -->","yoast_head_json":{"title":"AL FAKHER Crown Bar 15K Menta de Uva | Pantalla Inteligente de 20ml","description":"Vape desechable AL FAKHER Crown Bar 15K Puffs Grape Mint con 20ml, bater\u00eda recargable de 850mAh Tipo\u2011C, bobina de malla de 0.6\u03a9 y pantalla inteligente LED. 0-5% nicotina.","robots":{"index":"index","follow":"follow","max-snippet":"max-snippet:-1","max-image-preview":"max-image-preview:large","max-video-preview":"max-video-preview:-1"},"canonical":"https:\/\/fumot.uk\/es\/product\/al-fakher-crown-bar-15k-puffs-grape-mint\/","og_locale":"es_ES","og_type":"article","og_title":"AL FAKHER Crown Bar 15K Puffs \u2013 Grape Mint","og_description":"Juicy grape meets cool mint in a long-lasting 15K puff device with 20ml capacity, Type\u2011C recharging, 0.6\u03a9 mesh coil, and an LED smart display.","og_url":"https:\/\/fumot.uk\/es\/product\/al-fakher-crown-bar-15k-puffs-grape-mint\/","og_site_name":"Fumot Official Direct | Straight from the Factory, 100% Genuine","article_modified_time":"2026-01-21T09:25:34+00:00","og_image":[{"width":1246,"height":1390,"url":"https:\/\/fumot.uk\/wp-content\/uploads\/2026\/01\/AL-FAKHER-CROWN-BAR-15k_Grape-Mint-Disposable-Vape.jpg","type":"image\/jpeg"}],"twitter_card":"summary_large_image","twitter_misc":{"Tiempo de lectura":"1 minuto"},"schema":{"@context":"https:\/\/schema.org","@graph":[{"@type":"WebPage","@id":"https:\/\/fumot.uk\/product\/al-fakher-crown-bar-15k-puffs-grape-mint\/","url":"https:\/\/fumot.uk\/product\/al-fakher-crown-bar-15k-puffs-grape-mint\/","name":"AL FAKHER Crown Bar 15K Menta de Uva | Pantalla Inteligente de 20ml","isPartOf":{"@id":"https:\/\/fumot.uk\/#website"},"primaryImageOfPage":{"@id":"https:\/\/fumot.uk\/product\/al-fakher-crown-bar-15k-puffs-grape-mint\/#primaryimage"},"image":{"@id":"https:\/\/fumot.uk\/product\/al-fakher-crown-bar-15k-puffs-grape-mint\/#primaryimage"},"thumbnailUrl":"https:\/\/fumot.uk\/wp-content\/uploads\/2026\/01\/AL-FAKHER-CROWN-BAR-15k_Grape-Mint-Disposable-Vape.jpg","datePublished":"2026-01-21T04:04:28+00:00","dateModified":"2026-01-21T09:25:34+00:00","description":"Vape desechable AL FAKHER Crown Bar 15K Puffs Grape Mint con 20ml, bater\u00eda recargable de 850mAh Tipo\u2011C, bobina de malla de 0.6\u03a9 y pantalla inteligente LED. 0-5% nicotina.","breadcrumb":{"@id":"https:\/\/fumot.uk\/product\/al-fakher-crown-bar-15k-puffs-grape-mint\/#breadcrumb"},"inLanguage":"es","potentialAction":[{"@type":"ReadAction","target":["https:\/\/fumot.uk\/product\/al-fakher-crown-bar-15k-puffs-grape-mint\/"]}]},{"@type":"ImageObject","inLanguage":"es","@id":"https:\/\/fumot.uk\/product\/al-fakher-crown-bar-15k-puffs-grape-mint\/#primaryimage","url":"https:\/\/fumot.uk\/wp-content\/uploads\/2026\/01\/AL-FAKHER-CROWN-BAR-15k_Grape-Mint-Disposable-Vape.jpg","contentUrl":"https:\/\/fumot.uk\/wp-content\/uploads\/2026\/01\/AL-FAKHER-CROWN-BAR-15k_Grape-Mint-Disposable-Vape.jpg","width":1246,"height":1390},{"@type":"BreadcrumbList","@id":"https:\/\/fumot.uk\/product\/al-fakher-crown-bar-15k-puffs-grape-mint\/#breadcrumb","itemListElement":[{"@type":"ListItem","position":1,"name":"Home","item":"https:\/\/fumot.uk\/"},{"@type":"ListItem","position":2,"name":"Shop","item":"https:\/\/fumot.uk\/shop\/"},{"@type":"ListItem","position":3,"name":"AL FAKHER Crown Bar 15K Puffs Disposable Vape \u2013 Grape Mint, 20ml, Rechargeable Type\u2011C, Smart LED Display"}]},{"@type":"WebSite","@id":"https:\/\/fumot.uk\/#website","url":"https:\/\/fumot.uk\/","name":"Fumot Official Direct | Directo desde la f\u00e1brica, 100% Original","description":"Sitio Oficial","publisher":{"@id":"https:\/\/fumot.uk\/#organization"},"potentialAction":[{"@type":"SearchAction","target":{"@type":"EntryPoint","urlTemplate":"https:\/\/fumot.uk\/?s={search_term_string}"},"query-input":{"@type":"PropertyValueSpecification","valueRequired":true,"valueName":"search_term_string"}}],"inLanguage":"es"},{"@type":"Organization","@id":"https:\/\/fumot.uk\/#organization","name":"Fumot Official Direct | Directo desde la f\u00e1brica, 100% Original","url":"https:\/\/fumot.uk\/","logo":{"@type":"ImageObject","inLanguage":"es","@id":"https:\/\/fumot.uk\/#\/schema\/logo\/image\/","url":"https:\/\/fumot.uk\/wp-content\/uploads\/2026\/01\/cropped-fumot-logo1.png","contentUrl":"https:\/\/fumot.uk\/wp-content\/uploads\/2026\/01\/cropped-fumot-logo1.png","width":152,"height":106,"caption":"Fumot Official Direct | Straight from the Factory, 100% Genuine"},"image":{"@id":"https:\/\/fumot.uk\/#\/schema\/logo\/image\/"}}]}},"_links":{"self":[{"href":"https:\/\/fumot.uk\/es\/wp-json\/wp\/v2\/product\/3780","targetHints":{"allow":["GET"]}}],"collection":[{"href":"https:\/\/fumot.uk\/es\/wp-json\/wp\/v2\/product"}],"about":[{"href":"https:\/\/fumot.uk\/es\/wp-json\/wp\/v2\/types\/product"}],"replies":[{"embeddable":true,"href":"https:\/\/fumot.uk\/es\/wp-json\/wp\/v2\/comments?post=3780"}],"wp:featuredmedia":[{"embeddable":true,"href":"https:\/\/fumot.uk\/es\/wp-json\/wp\/v2\/media\/3810"}],"wp:attachment":[{"href":"https:\/\/fumot.uk\/es\/wp-json\/wp\/v2\/media?parent=3780"}],"wp:term":[{"taxonomy":"product_brand","embeddable":true,"href":"https:\/\/fumot.uk\/es\/wp-json\/wp\/v2\/product_brand?post=3780"},{"taxonomy":"product_cat","embeddable":true,"href":"https:\/\/fumot.uk\/es\/wp-json\/wp\/v2\/product_cat?post=3780"},{"taxonomy":"product_tag","embeddable":true,"href":"https:\/\/fumot.uk\/es\/wp-json\/wp\/v2\/product_tag?post=3780"}],"curies":[{"name":"wp","href":"https:\/\/api.w.org\/{rel}","templated":true}]}}