{"id":375,"date":"2026-01-20T02:43:44","date_gmt":"2026-01-20T02:43:44","guid":{"rendered":"https:\/\/fumot.uk\/?post_type=product&#038;p=375"},"modified":"2026-01-20T07:05:58","modified_gmt":"2026-01-20T07:05:58","slug":"blueberry-bubblegum-randm-tornado-12000-puffs","status":"publish","type":"product","link":"https:\/\/fumot.uk\/es\/product\/blueberry-bubblegum-randm-tornado-12000-puffs\/","title":{"rendered":"R&amp;M Tornado 12000 Blueberry Bubblegum Vape Desechable (20ml, 850mAh, Display)"},"content":{"rendered":"<p><strong>R&amp;M Tornado 12000 Puffs \u2013 Blueberry Bubblegum<\/strong> est\u00e1 hecho para vapeadores que quieren un sabor audaz, un aspecto limpio y una configuraci\u00f3n f\u00e1cil para todo el d\u00eda. Con hasta <strong>12,000 caladas<\/strong>, un gran <strong>Capacidad de e-l\u00edquido de 20ml<\/strong>, y un <strong>bater\u00eda recargable de 850mAh<\/strong>, est\u00e1 dise\u00f1ado para mantener tus sesiones suaves y consistentes.<\/p>\n<p>El incorporado <strong>pantalla LED<\/strong> te ayuda a mantener el control de un vistazo, mostrando tanto <strong>bater\u00eda<\/strong> y <strong>nivel de l\u00edquido<\/strong>. Dentro, <strong>bobina de malla<\/strong> la tecnolog\u00eda apoya un calentamiento uniforme para un sabor rico y vapor constante desde la primera calada hasta la \u00faltima.<\/p>\n<h3>Sabor: Blueberry Bubblegum<\/h3>\n<p>Dulce, jugoso <strong>ar\u00e1ndano<\/strong> se encuentra con ese cl\u00e1sico <strong>giro de chicle<\/strong> \u2014suave, parecido a un caramelo y agradablemente nost\u00e1lgico. El resultado es un vape estilo postre afrutado que se mantiene ligero y agradable sin sentirse pesado.<\/p>\n<h3>Caracter\u00edsticas Clave<\/h3>\n<ul>\n<li><strong>Caladas:<\/strong> Hasta 12,000<\/li>\n<li><strong>Capacidad de e-l\u00edquido:<\/strong> 20ml<\/li>\n<li><strong>Opciones de sal de nicotina:<\/strong> 0% \/ 2% \/ 3% \/ 5%<\/li>\n<li><strong>Bater\u00eda:<\/strong> 850mAh recargable<\/li>\n<li><strong>Carga:<\/strong> Type-C<\/li>\n<li><strong>Bobina:<\/strong> Bobina de malla<\/li>\n<li><strong>Pantalla:<\/strong> RandM Tornado 12000 Puffs Black Ice (Menta + Mora)<\/li>\n<li><strong>Rango:<\/strong> 40 sabores disponibles (var\u00eda seg\u00fan el stock)<\/li>\n<\/ul>\n<p>Explora m\u00e1s sabores y los m\u00e1s vendidos en <strong><a href=\"https:\/\/fumot.uk\/es\/\">fumot.uk<\/a><\/strong>, o navega por la l\u00ednea completa en nuestra <strong><a href=\"https:\/\/fumot.uk\/es\/product-category\/randm-tornado-12000-puffs\/\">colecci\u00f3n R&amp;M Tornado 12000<\/a><\/strong>. \u00bfBuscas m\u00e1s <strong><a href=\"https:\/\/fumot.uk\/es\/product-tag\/20ml\/\">vapes desechables de 20ml<\/a><\/strong>? Tenemos muchas opciones para que coincidan con tu gusto.<\/p>","protected":false},"excerpt":{"rendered":"<p>R&amp;M Tornado 12000 Blueberry Bubblegum: dulce ar\u00e1ndano con un acabado cl\u00e1sico de chicle. 20ml, bobina de malla, pantalla LED, 850mAh recargable (Type\u2011C). Hasta 12,000 caladas.<\/p>","protected":false},"featured_media":417,"comment_status":"open","ping_status":"closed","template":"","meta":[],"product_brand":[],"product_cat":[58,59,17],"product_tag":[60,20,33,49,23,25,26,62,28],"class_list":{"0":"post-375","1":"product","2":"type-product","3":"status-publish","4":"has-post-thumbnail","6":"product_cat-12000-puff","7":"product_cat-randm-tornado-12000-puffs","8":"product_cat-vape","9":"product_tag-20ml","10":"product_tag-850mah","11":"product_tag-blueberry","12":"product_tag-bubblegum","13":"product_tag-display","14":"product_tag-mesh-coil","15":"product_tag-rechargeable","16":"product_tag-sale-vape","17":"product_tag-type-c","19":"first","20":"instock","21":"sale","22":"shipping-taxable","23":"purchasable","24":"product-type-variable","25":"has-default-attributes"},"yoast_head":"<!-- This site is optimized with the Yoast SEO plugin v26.8 - https:\/\/yoast.com\/product\/yoast-seo-wordpress\/ -->\n<title>R&amp;M Tornado 12000 Blueberry Bubblegum | 20ml, Display<\/title>\n<meta name=\"description\" content=\"Shop R&amp;M Tornado 12000 Blueberry Bubblegum at fumot.uk: up to 12,000 puffs, 20ml, mesh coil, LED display, 850mAh rechargeable Type\u2011C. 0\/2\/3\/5%.\" \/>\n<meta name=\"robots\" content=\"index, follow, max-snippet:-1, max-image-preview:large, max-video-preview:-1\" \/>\n<link rel=\"canonical\" href=\"https:\/\/fumot.uk\/es\/product\/blueberry-bubblegum-randm-tornado-12000-puffs\/\" \/>\n<meta property=\"og:locale\" content=\"es_ES\" \/>\n<meta property=\"og:type\" content=\"article\" \/>\n<meta property=\"og:title\" content=\"R&amp;M Tornado 12000 Blueberry Bubblegum (12,000 Puffs)\" \/>\n<meta property=\"og:description\" content=\"Sweet blueberry meets classic bubblegum. 20ml capacity, mesh coil, LED battery\/e-liquid display, 850mAh rechargeable Type\u2011C. Available in 0\/2\/3\/5%.\" \/>\n<meta property=\"og:url\" content=\"https:\/\/fumot.uk\/es\/product\/blueberry-bubblegum-randm-tornado-12000-puffs\/\" \/>\n<meta property=\"og:site_name\" content=\"Fumot Official Direct | Straight from the Factory, 100% Genuine\" \/>\n<meta property=\"article:modified_time\" content=\"2026-01-20T07:05:58+00:00\" \/>\n<meta property=\"og:image\" content=\"https:\/\/fumot.uk\/wp-content\/uploads\/2026\/01\/Randm-Tornado-12000-Puffs-Blueberry-bubblegum-Disposable-Vape-scaled-1.jpg\" \/>\n\t<meta property=\"og:image:width\" content=\"2560\" \/>\n\t<meta property=\"og:image:height\" content=\"2560\" \/>\n\t<meta property=\"og:image:type\" content=\"image\/jpeg\" \/>\n<meta name=\"twitter:card\" content=\"summary_large_image\" \/>\n<meta name=\"twitter:label1\" content=\"Tiempo de lectura\" \/>\n\t<meta name=\"twitter:data1\" content=\"2 minutos\" \/>\n<script type=\"application\/ld+json\" class=\"yoast-schema-graph\">{\"@context\":\"https:\/\/schema.org\",\"@graph\":[{\"@type\":\"WebPage\",\"@id\":\"https:\/\/fumot.uk\/product\/blueberry-bubblegum-randm-tornado-12000-puffs\/\",\"url\":\"https:\/\/fumot.uk\/product\/blueberry-bubblegum-randm-tornado-12000-puffs\/\",\"name\":\"R&M Tornado 12000 Blueberry Bubblegum | 20ml, Display\",\"isPartOf\":{\"@id\":\"https:\/\/fumot.uk\/#website\"},\"primaryImageOfPage\":{\"@id\":\"https:\/\/fumot.uk\/product\/blueberry-bubblegum-randm-tornado-12000-puffs\/#primaryimage\"},\"image\":{\"@id\":\"https:\/\/fumot.uk\/product\/blueberry-bubblegum-randm-tornado-12000-puffs\/#primaryimage\"},\"thumbnailUrl\":\"https:\/\/fumot.uk\/wp-content\/uploads\/2026\/01\/Randm-Tornado-12000-Puffs-Blueberry-bubblegum-Disposable-Vape-scaled-1.jpg\",\"datePublished\":\"2026-01-20T02:43:44+00:00\",\"dateModified\":\"2026-01-20T07:05:58+00:00\",\"description\":\"Shop R&M Tornado 12000 Blueberry Bubblegum at fumot.uk: up to 12,000 puffs, 20ml, mesh coil, LED display, 850mAh rechargeable Type\u2011C. 0\/2\/3\/5%.\",\"breadcrumb\":{\"@id\":\"https:\/\/fumot.uk\/product\/blueberry-bubblegum-randm-tornado-12000-puffs\/#breadcrumb\"},\"inLanguage\":\"es\",\"potentialAction\":[{\"@type\":\"ReadAction\",\"target\":[\"https:\/\/fumot.uk\/product\/blueberry-bubblegum-randm-tornado-12000-puffs\/\"]}]},{\"@type\":\"ImageObject\",\"inLanguage\":\"es\",\"@id\":\"https:\/\/fumot.uk\/product\/blueberry-bubblegum-randm-tornado-12000-puffs\/#primaryimage\",\"url\":\"https:\/\/fumot.uk\/wp-content\/uploads\/2026\/01\/Randm-Tornado-12000-Puffs-Blueberry-bubblegum-Disposable-Vape-scaled-1.jpg\",\"contentUrl\":\"https:\/\/fumot.uk\/wp-content\/uploads\/2026\/01\/Randm-Tornado-12000-Puffs-Blueberry-bubblegum-Disposable-Vape-scaled-1.jpg\",\"width\":2560,\"height\":2560},{\"@type\":\"BreadcrumbList\",\"@id\":\"https:\/\/fumot.uk\/product\/blueberry-bubblegum-randm-tornado-12000-puffs\/#breadcrumb\",\"itemListElement\":[{\"@type\":\"ListItem\",\"position\":1,\"name\":\"Home\",\"item\":\"https:\/\/fumot.uk\/\"},{\"@type\":\"ListItem\",\"position\":2,\"name\":\"Shop\",\"item\":\"https:\/\/fumot.uk\/shop\/\"},{\"@type\":\"ListItem\",\"position\":3,\"name\":\"R&#038;M Tornado 12000 Blueberry Bubblegum Disposable Vape (20ml, 850mAh, Display)\"}]},{\"@type\":\"WebSite\",\"@id\":\"https:\/\/fumot.uk\/#website\",\"url\":\"https:\/\/fumot.uk\/\",\"name\":\"Fumot Official Direct | Straight from the Factory, 100% Genuine\",\"description\":\"Official Website\",\"publisher\":{\"@id\":\"https:\/\/fumot.uk\/#organization\"},\"potentialAction\":[{\"@type\":\"SearchAction\",\"target\":{\"@type\":\"EntryPoint\",\"urlTemplate\":\"https:\/\/fumot.uk\/?s={search_term_string}\"},\"query-input\":{\"@type\":\"PropertyValueSpecification\",\"valueRequired\":true,\"valueName\":\"search_term_string\"}}],\"inLanguage\":\"es\"},{\"@type\":\"Organization\",\"@id\":\"https:\/\/fumot.uk\/#organization\",\"name\":\"Fumot Official Direct | Straight from the Factory, 100% Genuine\",\"url\":\"https:\/\/fumot.uk\/\",\"logo\":{\"@type\":\"ImageObject\",\"inLanguage\":\"es\",\"@id\":\"https:\/\/fumot.uk\/#\/schema\/logo\/image\/\",\"url\":\"https:\/\/fumot.uk\/wp-content\/uploads\/2026\/01\/cropped-fumot-logo1.png\",\"contentUrl\":\"https:\/\/fumot.uk\/wp-content\/uploads\/2026\/01\/cropped-fumot-logo1.png\",\"width\":152,\"height\":106,\"caption\":\"Fumot Official Direct | Straight from the Factory, 100% Genuine\"},\"image\":{\"@id\":\"https:\/\/fumot.uk\/#\/schema\/logo\/image\/\"}}]}<\/script>\n<!-- \/ Yoast SEO plugin. -->","yoast_head_json":{"title":"R&amp;M Tornado 12000 Chicle de Ar\u00e1ndano | 20ml, Display","description":"Compra R&amp;M Tornado 12000 Blueberry Bubblegum en fumot.uk: hasta 12,000 caladas, 20ml, bobina de malla, pantalla LED, 850mAh recargable Tipo\u2011C. 0\/2\/3\/5%.","robots":{"index":"index","follow":"follow","max-snippet":"max-snippet:-1","max-image-preview":"max-image-preview:large","max-video-preview":"max-video-preview:-1"},"canonical":"https:\/\/fumot.uk\/es\/product\/blueberry-bubblegum-randm-tornado-12000-puffs\/","og_locale":"es_ES","og_type":"article","og_title":"R&M Tornado 12000 Blueberry Bubblegum (12,000 Puffs)","og_description":"Sweet blueberry meets classic bubblegum. 20ml capacity, mesh coil, LED battery\/e-liquid display, 850mAh rechargeable Type\u2011C. Available in 0\/2\/3\/5%.","og_url":"https:\/\/fumot.uk\/es\/product\/blueberry-bubblegum-randm-tornado-12000-puffs\/","og_site_name":"Fumot Official Direct | Straight from the Factory, 100% Genuine","article_modified_time":"2026-01-20T07:05:58+00:00","og_image":[{"width":2560,"height":2560,"url":"https:\/\/fumot.uk\/wp-content\/uploads\/2026\/01\/Randm-Tornado-12000-Puffs-Blueberry-bubblegum-Disposable-Vape-scaled-1.jpg","type":"image\/jpeg"}],"twitter_card":"summary_large_image","twitter_misc":{"Tiempo de lectura":"2 minutos"},"schema":{"@context":"https:\/\/schema.org","@graph":[{"@type":"WebPage","@id":"https:\/\/fumot.uk\/product\/blueberry-bubblegum-randm-tornado-12000-puffs\/","url":"https:\/\/fumot.uk\/product\/blueberry-bubblegum-randm-tornado-12000-puffs\/","name":"R&amp;M Tornado 12000 Chicle de Ar\u00e1ndano | 20ml, Display","isPartOf":{"@id":"https:\/\/fumot.uk\/#website"},"primaryImageOfPage":{"@id":"https:\/\/fumot.uk\/product\/blueberry-bubblegum-randm-tornado-12000-puffs\/#primaryimage"},"image":{"@id":"https:\/\/fumot.uk\/product\/blueberry-bubblegum-randm-tornado-12000-puffs\/#primaryimage"},"thumbnailUrl":"https:\/\/fumot.uk\/wp-content\/uploads\/2026\/01\/Randm-Tornado-12000-Puffs-Blueberry-bubblegum-Disposable-Vape-scaled-1.jpg","datePublished":"2026-01-20T02:43:44+00:00","dateModified":"2026-01-20T07:05:58+00:00","description":"Compra R&amp;M Tornado 12000 Blueberry Bubblegum en fumot.uk: hasta 12,000 caladas, 20ml, bobina de malla, pantalla LED, 850mAh recargable Tipo\u2011C. 0\/2\/3\/5%.","breadcrumb":{"@id":"https:\/\/fumot.uk\/product\/blueberry-bubblegum-randm-tornado-12000-puffs\/#breadcrumb"},"inLanguage":"es","potentialAction":[{"@type":"ReadAction","target":["https:\/\/fumot.uk\/product\/blueberry-bubblegum-randm-tornado-12000-puffs\/"]}]},{"@type":"ImageObject","inLanguage":"es","@id":"https:\/\/fumot.uk\/product\/blueberry-bubblegum-randm-tornado-12000-puffs\/#primaryimage","url":"https:\/\/fumot.uk\/wp-content\/uploads\/2026\/01\/Randm-Tornado-12000-Puffs-Blueberry-bubblegum-Disposable-Vape-scaled-1.jpg","contentUrl":"https:\/\/fumot.uk\/wp-content\/uploads\/2026\/01\/Randm-Tornado-12000-Puffs-Blueberry-bubblegum-Disposable-Vape-scaled-1.jpg","width":2560,"height":2560},{"@type":"BreadcrumbList","@id":"https:\/\/fumot.uk\/product\/blueberry-bubblegum-randm-tornado-12000-puffs\/#breadcrumb","itemListElement":[{"@type":"ListItem","position":1,"name":"Home","item":"https:\/\/fumot.uk\/"},{"@type":"ListItem","position":2,"name":"Shop","item":"https:\/\/fumot.uk\/shop\/"},{"@type":"ListItem","position":3,"name":"R&#038;M Tornado 12000 Blueberry Bubblegum Disposable Vape (20ml, 850mAh, Display)"}]},{"@type":"WebSite","@id":"https:\/\/fumot.uk\/#website","url":"https:\/\/fumot.uk\/","name":"Fumot Official Direct | Directo desde la f\u00e1brica, 100% Original","description":"Sitio Oficial","publisher":{"@id":"https:\/\/fumot.uk\/#organization"},"potentialAction":[{"@type":"SearchAction","target":{"@type":"EntryPoint","urlTemplate":"https:\/\/fumot.uk\/?s={search_term_string}"},"query-input":{"@type":"PropertyValueSpecification","valueRequired":true,"valueName":"search_term_string"}}],"inLanguage":"es"},{"@type":"Organization","@id":"https:\/\/fumot.uk\/#organization","name":"Fumot Official Direct | Directo desde la f\u00e1brica, 100% Original","url":"https:\/\/fumot.uk\/","logo":{"@type":"ImageObject","inLanguage":"es","@id":"https:\/\/fumot.uk\/#\/schema\/logo\/image\/","url":"https:\/\/fumot.uk\/wp-content\/uploads\/2026\/01\/cropped-fumot-logo1.png","contentUrl":"https:\/\/fumot.uk\/wp-content\/uploads\/2026\/01\/cropped-fumot-logo1.png","width":152,"height":106,"caption":"Fumot Official Direct | Straight from the Factory, 100% Genuine"},"image":{"@id":"https:\/\/fumot.uk\/#\/schema\/logo\/image\/"}}]}},"_links":{"self":[{"href":"https:\/\/fumot.uk\/es\/wp-json\/wp\/v2\/product\/375","targetHints":{"allow":["GET"]}}],"collection":[{"href":"https:\/\/fumot.uk\/es\/wp-json\/wp\/v2\/product"}],"about":[{"href":"https:\/\/fumot.uk\/es\/wp-json\/wp\/v2\/types\/product"}],"replies":[{"embeddable":true,"href":"https:\/\/fumot.uk\/es\/wp-json\/wp\/v2\/comments?post=375"}],"wp:featuredmedia":[{"embeddable":true,"href":"https:\/\/fumot.uk\/es\/wp-json\/wp\/v2\/media\/417"}],"wp:attachment":[{"href":"https:\/\/fumot.uk\/es\/wp-json\/wp\/v2\/media?parent=375"}],"wp:term":[{"taxonomy":"product_brand","embeddable":true,"href":"https:\/\/fumot.uk\/es\/wp-json\/wp\/v2\/product_brand?post=375"},{"taxonomy":"product_cat","embeddable":true,"href":"https:\/\/fumot.uk\/es\/wp-json\/wp\/v2\/product_cat?post=375"},{"taxonomy":"product_tag","embeddable":true,"href":"https:\/\/fumot.uk\/es\/wp-json\/wp\/v2\/product_tag?post=375"}],"curies":[{"name":"wp","href":"https:\/\/api.w.org\/{rel}","templated":true}]}}