{"id":373,"date":"2026-01-20T02:43:44","date_gmt":"2026-01-20T02:43:44","guid":{"rendered":"https:\/\/fumot.uk\/?post_type=product&#038;p=373"},"modified":"2026-01-20T07:05:54","modified_gmt":"2026-01-20T07:05:54","slug":"peach-ice-randm-tornado-12000-puffs","status":"publish","type":"product","link":"https:\/\/fumot.uk\/es\/product\/peach-ice-randm-tornado-12000-puffs\/","title":{"rendered":"RandM Tornado 12000 Puffs Peach Ice Vape Desechable (20ml, 850mAh, Pantalla LED, Bobina de Malla)"},"content":{"rendered":"<p><strong>RandM Tornado 12000 Puffs Peach Ice<\/strong> ofrece un brillante y jugoso sabor a durazno terminado con una exhalaci\u00f3n helada y crujiente: limpio, refrescante y perfecto para vapear todo el d\u00eda. Dise\u00f1ado para conveniencia y consistencia, este <strong>vape desechable de 12000 puffs<\/strong> presenta una suave <strong>bobina de malla<\/strong> inhalaci\u00f3n, una generosa <strong>20ml de e-l\u00edquido<\/strong> capacidad, y un <strong>bater\u00eda recargable de 850mAh<\/strong> con <strong>carga Tipo-C<\/strong> para que puedas seguir hasta la \u00faltima gota.<\/p>\n<p>El moderno <strong>pantalla LED<\/strong> hace que sea f\u00e1cil verificar tanto el estado de la bater\u00eda como el del e-l\u00edquido de un vistazo, ideal si prefieres un dispositivo que se sienta simple, pero inteligente. Si amas los perfiles frutales con un acabado fresco, <strong>Peach Ice vape<\/strong> alcanza el punto dulce: dulzura de durazno maduro al principio, seguido de una ligera brisa refrescante que se mantiene suave en lugar de abrumadora.<\/p>\n<h3>Perfil de Sabor: Peach Ice<\/h3>\n<ul>\n<li><strong>Inhalaci\u00f3n:<\/strong> dulzura de durazno madurado al sol<\/li>\n<li><strong>Exhalaci\u00f3n:<\/strong> frescura helada y refrescante<\/li>\n<li><strong>En general:<\/strong> crujiente, afrutado y limpio<\/li>\n<\/ul>\n<h3>Caracter\u00edsticas Clave<\/h3>\n<ul>\n<li><strong>Hasta 12000 caladas<\/strong> por dispositivo<\/li>\n<li><strong>Opciones de sal de nicotina:<\/strong> 0% \/ 2% \/ 3% \/ 5%<\/li>\n<li><strong>20ml de e-l\u00edquido<\/strong> capacidad<\/li>\n<li><strong>Bobina de malla<\/strong> para vapor denso y suave<\/li>\n<li><strong>pantalla LED<\/strong> para el estado de la bater\u00eda y el e-l\u00edquido<\/li>\n<li><strong>Recargable 850mAh<\/strong> bater\u00eda incorporada<\/li>\n<li><strong>carga Tipo-C<\/strong> (cable no especificado)<\/li>\n<li><strong>Amplia l\u00ednea de sabores<\/strong> (la serie ofrece m\u00faltiples opciones)<\/li>\n<\/ul>\n<h3>Por qu\u00e9 comprar Peach Ice en fumot.uk<\/h3>\n<p>\u00bfBuscas m\u00e1s mezclas de frutas heladas u otros sabores de RandM? Explora nuestra colecci\u00f3n en <a href=\"https:\/\/fumot.uk\/es\/\">fumot.uk<\/a>. Tambi\u00e9n puedes explorar m\u00e1s opciones en la <a href=\"https:\/\/fumot.uk\/es\/product-category\/12000-puff\/\">vape desechable de 12000 puffs<\/a> gama, o revisar la serie completa <a href=\"https:\/\/fumot.uk\/es\/product-category\/randm-tornado-12000-puffs\/\">RandM Tornado 12000 Puffs<\/a> para sabores adicionales.<\/p>\n<p><em>Nota:<\/em> El conteo de puffs var\u00eda seg\u00fan el estilo de uso. Elige tu fuerza de nicotina preferida antes de finalizar la compra.<\/p>","protected":false},"excerpt":{"rendered":"<p>RandM Tornado 12000 Puffs Peach Ice: melocot\u00f3n maduro jugoso con un acabado helado crujiente. 20ml de e-l\u00edquido, bobina de malla, pantalla LED, dispositivo recargable de 850mAh Tipo\u2011C. Sal de nicotina: 0\/2\/3\/5%.<\/p>","protected":false},"featured_media":415,"comment_status":"open","ping_status":"closed","template":"","meta":[],"product_brand":[],"product_cat":[58,59,17],"product_tag":[60,20,23,29,25,30,26,62,28],"class_list":{"0":"post-373","1":"product","2":"type-product","3":"status-publish","4":"has-post-thumbnail","6":"product_cat-12000-puff","7":"product_cat-randm-tornado-12000-puffs","8":"product_cat-vape","9":"product_tag-20ml","10":"product_tag-850mah","11":"product_tag-display","12":"product_tag-ice","13":"product_tag-mesh-coil","14":"product_tag-peach","15":"product_tag-rechargeable","16":"product_tag-sale-vape","17":"product_tag-type-c","19":"first","20":"instock","21":"sale","22":"shipping-taxable","23":"purchasable","24":"product-type-variable","25":"has-default-attributes"},"yoast_head":"<!-- This site is optimized with the Yoast SEO plugin v26.8 - https:\/\/yoast.com\/product\/yoast-seo-wordpress\/ -->\n<title>RandM Tornado 12000 Peach Ice | 20ml Mesh Coil Vape<\/title>\n<meta name=\"description\" content=\"Shop RandM Tornado 12000 Puffs Peach Ice at fumot.uk. Juicy peach + icy finish, 20ml e-liquid, mesh coil, LED display, 850mAh rechargeable Type-C. 0\/2\/3\/5%.\" \/>\n<meta name=\"robots\" content=\"index, follow, max-snippet:-1, max-image-preview:large, max-video-preview:-1\" \/>\n<link rel=\"canonical\" href=\"https:\/\/fumot.uk\/es\/product\/peach-ice-randm-tornado-12000-puffs\/\" \/>\n<meta property=\"og:locale\" content=\"es_ES\" \/>\n<meta property=\"og:type\" content=\"article\" \/>\n<meta property=\"og:title\" content=\"Peach Ice RandM Tornado 12000 Puffs \u2013 Cool, Juicy Peach\" \/>\n<meta property=\"og:description\" content=\"A clean peach sweetness with a crisp icy exhale. 20ml, mesh coil, LED display, 850mAh rechargeable Type\u2011C. Available in 0\/2\/3\/5%.\" \/>\n<meta property=\"og:url\" content=\"https:\/\/fumot.uk\/es\/product\/peach-ice-randm-tornado-12000-puffs\/\" \/>\n<meta property=\"og:site_name\" content=\"Fumot Official Direct | Straight from the Factory, 100% Genuine\" \/>\n<meta property=\"article:modified_time\" content=\"2026-01-20T07:05:54+00:00\" \/>\n<meta property=\"og:image\" content=\"https:\/\/fumot.uk\/wp-content\/uploads\/2026\/01\/Randm-Tornado-12000-Puffs-Peach-ice-Disposable-Vape-scaled-1.jpg\" \/>\n\t<meta property=\"og:image:width\" content=\"2560\" \/>\n\t<meta property=\"og:image:height\" content=\"2560\" \/>\n\t<meta property=\"og:image:type\" content=\"image\/jpeg\" \/>\n<meta name=\"twitter:card\" content=\"summary_large_image\" \/>\n<meta name=\"twitter:label1\" content=\"Tiempo de lectura\" \/>\n\t<meta name=\"twitter:data1\" content=\"2 minutos\" \/>\n<script type=\"application\/ld+json\" class=\"yoast-schema-graph\">{\"@context\":\"https:\/\/schema.org\",\"@graph\":[{\"@type\":\"WebPage\",\"@id\":\"https:\/\/fumot.uk\/product\/peach-ice-randm-tornado-12000-puffs\/\",\"url\":\"https:\/\/fumot.uk\/product\/peach-ice-randm-tornado-12000-puffs\/\",\"name\":\"RandM Tornado 12000 Peach Ice | 20ml Mesh Coil Vape\",\"isPartOf\":{\"@id\":\"https:\/\/fumot.uk\/#website\"},\"primaryImageOfPage\":{\"@id\":\"https:\/\/fumot.uk\/product\/peach-ice-randm-tornado-12000-puffs\/#primaryimage\"},\"image\":{\"@id\":\"https:\/\/fumot.uk\/product\/peach-ice-randm-tornado-12000-puffs\/#primaryimage\"},\"thumbnailUrl\":\"https:\/\/fumot.uk\/wp-content\/uploads\/2026\/01\/Randm-Tornado-12000-Puffs-Peach-ice-Disposable-Vape-scaled-1.jpg\",\"datePublished\":\"2026-01-20T02:43:44+00:00\",\"dateModified\":\"2026-01-20T07:05:54+00:00\",\"description\":\"Shop RandM Tornado 12000 Puffs Peach Ice at fumot.uk. Juicy peach + icy finish, 20ml e-liquid, mesh coil, LED display, 850mAh rechargeable Type-C. 0\/2\/3\/5%.\",\"breadcrumb\":{\"@id\":\"https:\/\/fumot.uk\/product\/peach-ice-randm-tornado-12000-puffs\/#breadcrumb\"},\"inLanguage\":\"es\",\"potentialAction\":[{\"@type\":\"ReadAction\",\"target\":[\"https:\/\/fumot.uk\/product\/peach-ice-randm-tornado-12000-puffs\/\"]}]},{\"@type\":\"ImageObject\",\"inLanguage\":\"es\",\"@id\":\"https:\/\/fumot.uk\/product\/peach-ice-randm-tornado-12000-puffs\/#primaryimage\",\"url\":\"https:\/\/fumot.uk\/wp-content\/uploads\/2026\/01\/Randm-Tornado-12000-Puffs-Peach-ice-Disposable-Vape-scaled-1.jpg\",\"contentUrl\":\"https:\/\/fumot.uk\/wp-content\/uploads\/2026\/01\/Randm-Tornado-12000-Puffs-Peach-ice-Disposable-Vape-scaled-1.jpg\",\"width\":2560,\"height\":2560},{\"@type\":\"BreadcrumbList\",\"@id\":\"https:\/\/fumot.uk\/product\/peach-ice-randm-tornado-12000-puffs\/#breadcrumb\",\"itemListElement\":[{\"@type\":\"ListItem\",\"position\":1,\"name\":\"Home\",\"item\":\"https:\/\/fumot.uk\/\"},{\"@type\":\"ListItem\",\"position\":2,\"name\":\"Shop\",\"item\":\"https:\/\/fumot.uk\/shop\/\"},{\"@type\":\"ListItem\",\"position\":3,\"name\":\"RandM Tornado 12000 Puffs Peach Ice Disposable Vape (20ml, 850mAh, LED Display, Mesh Coil)\"}]},{\"@type\":\"WebSite\",\"@id\":\"https:\/\/fumot.uk\/#website\",\"url\":\"https:\/\/fumot.uk\/\",\"name\":\"Fumot Official Direct | Straight from the Factory, 100% Genuine\",\"description\":\"Official Website\",\"publisher\":{\"@id\":\"https:\/\/fumot.uk\/#organization\"},\"potentialAction\":[{\"@type\":\"SearchAction\",\"target\":{\"@type\":\"EntryPoint\",\"urlTemplate\":\"https:\/\/fumot.uk\/?s={search_term_string}\"},\"query-input\":{\"@type\":\"PropertyValueSpecification\",\"valueRequired\":true,\"valueName\":\"search_term_string\"}}],\"inLanguage\":\"es\"},{\"@type\":\"Organization\",\"@id\":\"https:\/\/fumot.uk\/#organization\",\"name\":\"Fumot Official Direct | Straight from the Factory, 100% Genuine\",\"url\":\"https:\/\/fumot.uk\/\",\"logo\":{\"@type\":\"ImageObject\",\"inLanguage\":\"es\",\"@id\":\"https:\/\/fumot.uk\/#\/schema\/logo\/image\/\",\"url\":\"https:\/\/fumot.uk\/wp-content\/uploads\/2026\/01\/cropped-fumot-logo1.png\",\"contentUrl\":\"https:\/\/fumot.uk\/wp-content\/uploads\/2026\/01\/cropped-fumot-logo1.png\",\"width\":152,\"height\":106,\"caption\":\"Fumot Official Direct | Straight from the Factory, 100% Genuine\"},\"image\":{\"@id\":\"https:\/\/fumot.uk\/#\/schema\/logo\/image\/\"}}]}<\/script>\n<!-- \/ Yoast SEO plugin. -->","yoast_head_json":{"title":"RandM Tornado 12000 Melocot\u00f3n Hielo | 20ml Malla Bobina Vape","description":"Compra RandM Tornado 12000 Puffs Peach Ice en fumot.uk. Melocot\u00f3n jugoso + acabado helado, 20ml de e-l\u00edquido, bobina de malla, pantalla LED, 850mAh recargable Tipo-C. 0\/2\/3\/5%.","robots":{"index":"index","follow":"follow","max-snippet":"max-snippet:-1","max-image-preview":"max-image-preview:large","max-video-preview":"max-video-preview:-1"},"canonical":"https:\/\/fumot.uk\/es\/product\/peach-ice-randm-tornado-12000-puffs\/","og_locale":"es_ES","og_type":"article","og_title":"Peach Ice RandM Tornado 12000 Puffs \u2013 Cool, Juicy Peach","og_description":"A clean peach sweetness with a crisp icy exhale. 20ml, mesh coil, LED display, 850mAh rechargeable Type\u2011C. Available in 0\/2\/3\/5%.","og_url":"https:\/\/fumot.uk\/es\/product\/peach-ice-randm-tornado-12000-puffs\/","og_site_name":"Fumot Official Direct | Straight from the Factory, 100% Genuine","article_modified_time":"2026-01-20T07:05:54+00:00","og_image":[{"width":2560,"height":2560,"url":"https:\/\/fumot.uk\/wp-content\/uploads\/2026\/01\/Randm-Tornado-12000-Puffs-Peach-ice-Disposable-Vape-scaled-1.jpg","type":"image\/jpeg"}],"twitter_card":"summary_large_image","twitter_misc":{"Tiempo de lectura":"2 minutos"},"schema":{"@context":"https:\/\/schema.org","@graph":[{"@type":"WebPage","@id":"https:\/\/fumot.uk\/product\/peach-ice-randm-tornado-12000-puffs\/","url":"https:\/\/fumot.uk\/product\/peach-ice-randm-tornado-12000-puffs\/","name":"RandM Tornado 12000 Melocot\u00f3n Hielo | 20ml Malla Bobina Vape","isPartOf":{"@id":"https:\/\/fumot.uk\/#website"},"primaryImageOfPage":{"@id":"https:\/\/fumot.uk\/product\/peach-ice-randm-tornado-12000-puffs\/#primaryimage"},"image":{"@id":"https:\/\/fumot.uk\/product\/peach-ice-randm-tornado-12000-puffs\/#primaryimage"},"thumbnailUrl":"https:\/\/fumot.uk\/wp-content\/uploads\/2026\/01\/Randm-Tornado-12000-Puffs-Peach-ice-Disposable-Vape-scaled-1.jpg","datePublished":"2026-01-20T02:43:44+00:00","dateModified":"2026-01-20T07:05:54+00:00","description":"Compra RandM Tornado 12000 Puffs Peach Ice en fumot.uk. Melocot\u00f3n jugoso + acabado helado, 20ml de e-l\u00edquido, bobina de malla, pantalla LED, 850mAh recargable Tipo-C. 0\/2\/3\/5%.","breadcrumb":{"@id":"https:\/\/fumot.uk\/product\/peach-ice-randm-tornado-12000-puffs\/#breadcrumb"},"inLanguage":"es","potentialAction":[{"@type":"ReadAction","target":["https:\/\/fumot.uk\/product\/peach-ice-randm-tornado-12000-puffs\/"]}]},{"@type":"ImageObject","inLanguage":"es","@id":"https:\/\/fumot.uk\/product\/peach-ice-randm-tornado-12000-puffs\/#primaryimage","url":"https:\/\/fumot.uk\/wp-content\/uploads\/2026\/01\/Randm-Tornado-12000-Puffs-Peach-ice-Disposable-Vape-scaled-1.jpg","contentUrl":"https:\/\/fumot.uk\/wp-content\/uploads\/2026\/01\/Randm-Tornado-12000-Puffs-Peach-ice-Disposable-Vape-scaled-1.jpg","width":2560,"height":2560},{"@type":"BreadcrumbList","@id":"https:\/\/fumot.uk\/product\/peach-ice-randm-tornado-12000-puffs\/#breadcrumb","itemListElement":[{"@type":"ListItem","position":1,"name":"Home","item":"https:\/\/fumot.uk\/"},{"@type":"ListItem","position":2,"name":"Shop","item":"https:\/\/fumot.uk\/shop\/"},{"@type":"ListItem","position":3,"name":"RandM Tornado 12000 Puffs Peach Ice Disposable Vape (20ml, 850mAh, LED Display, Mesh Coil)"}]},{"@type":"WebSite","@id":"https:\/\/fumot.uk\/#website","url":"https:\/\/fumot.uk\/","name":"Fumot Official Direct | Directo desde la f\u00e1brica, 100% Original","description":"Sitio Oficial","publisher":{"@id":"https:\/\/fumot.uk\/#organization"},"potentialAction":[{"@type":"SearchAction","target":{"@type":"EntryPoint","urlTemplate":"https:\/\/fumot.uk\/?s={search_term_string}"},"query-input":{"@type":"PropertyValueSpecification","valueRequired":true,"valueName":"search_term_string"}}],"inLanguage":"es"},{"@type":"Organization","@id":"https:\/\/fumot.uk\/#organization","name":"Fumot Official Direct | Directo desde la f\u00e1brica, 100% Original","url":"https:\/\/fumot.uk\/","logo":{"@type":"ImageObject","inLanguage":"es","@id":"https:\/\/fumot.uk\/#\/schema\/logo\/image\/","url":"https:\/\/fumot.uk\/wp-content\/uploads\/2026\/01\/cropped-fumot-logo1.png","contentUrl":"https:\/\/fumot.uk\/wp-content\/uploads\/2026\/01\/cropped-fumot-logo1.png","width":152,"height":106,"caption":"Fumot Official Direct | Straight from the Factory, 100% Genuine"},"image":{"@id":"https:\/\/fumot.uk\/#\/schema\/logo\/image\/"}}]}},"_links":{"self":[{"href":"https:\/\/fumot.uk\/es\/wp-json\/wp\/v2\/product\/373","targetHints":{"allow":["GET"]}}],"collection":[{"href":"https:\/\/fumot.uk\/es\/wp-json\/wp\/v2\/product"}],"about":[{"href":"https:\/\/fumot.uk\/es\/wp-json\/wp\/v2\/types\/product"}],"replies":[{"embeddable":true,"href":"https:\/\/fumot.uk\/es\/wp-json\/wp\/v2\/comments?post=373"}],"wp:featuredmedia":[{"embeddable":true,"href":"https:\/\/fumot.uk\/es\/wp-json\/wp\/v2\/media\/415"}],"wp:attachment":[{"href":"https:\/\/fumot.uk\/es\/wp-json\/wp\/v2\/media?parent=373"}],"wp:term":[{"taxonomy":"product_brand","embeddable":true,"href":"https:\/\/fumot.uk\/es\/wp-json\/wp\/v2\/product_brand?post=373"},{"taxonomy":"product_cat","embeddable":true,"href":"https:\/\/fumot.uk\/es\/wp-json\/wp\/v2\/product_cat?post=373"},{"taxonomy":"product_tag","embeddable":true,"href":"https:\/\/fumot.uk\/es\/wp-json\/wp\/v2\/product_tag?post=373"}],"curies":[{"name":"wp","href":"https:\/\/api.w.org\/{rel}","templated":true}]}}