{"id":370,"date":"2026-01-20T02:43:44","date_gmt":"2026-01-20T02:43:44","guid":{"rendered":"https:\/\/fumot.uk\/?post_type=product&#038;p=370"},"modified":"2026-01-20T07:05:55","modified_gmt":"2026-01-20T07:05:55","slug":"kiwi-passion-fruit-guava-randm-tornado-12000-puffs","status":"publish","type":"product","link":"https:\/\/fumot.uk\/es\/product\/kiwi-passion-fruit-guava-randm-tornado-12000-puffs\/","title":{"rendered":"R&amp;M RandM Tornado 12000 Puffs Kiwi Passion Fruit Guava Vape Desechable (20ml, 850mAh, Pantalla LED, Bobina de Malla)"},"content":{"rendered":"<p><strong>Kiwi Passion Fruit Guava \u2013 RandM Tornado 12000 Puffs<\/strong> trae una brillante mezcla tropical a un vape desechable de larga duraci\u00f3n dise\u00f1ado para la comodidad diaria. Espera una inhalaci\u00f3n suave y consistente gracias a una <strong>bobina de malla<\/strong>, adem\u00e1s de un <strong>pantalla LED<\/strong> f\u00e1cil de leer <strong>bater\u00eda<\/strong> y <strong>que te ayuda a mantener un ojo en los<\/strong> niveles de.<\/p>\n<h3>Sabor: Kiwi Passion Fruit Guava<\/h3>\n<p>Este perfil combina <strong>kiwi crujiente<\/strong> con el toque jugoso de <strong>maracuy\u00e1<\/strong>, redondeado por <strong>guayaba suave y arom\u00e1tica<\/strong>. El resultado es un sabor tropical refrescantemente dulce que se mantiene vibrante desde la primera inhalaci\u00f3n hasta la \u00faltima.<\/p>\n<h3>Caracter\u00edsticas Clave<\/h3>\n<ul>\n<li><strong>Hasta 12000 caladas<\/strong> por dispositivo (el uso var\u00eda)<\/li>\n<li><strong>20ml de e-l\u00edquido<\/strong> capacidad<\/li>\n<li><strong>Opciones de sal de nicotina:<\/strong> 0% \/ 2% \/ 3% \/ 5%<\/li>\n<li><strong>Bobina de malla<\/strong> para un vapor m\u00e1s suave y uniforme<\/li>\n<li><strong>pantalla LED<\/strong> para el estado de la bater\u00eda y el e-l\u00edquido<\/li>\n<li><strong>Recargable 850mAh<\/strong> bater\u00eda incorporada<\/li>\n<li><strong>carga Tipo-C<\/strong> (cable no siempre incluido)<\/li>\n<\/ul>\n<h3>Por qu\u00e9 te gustar\u00e1<\/h3>\n<ul>\n<li><strong>Sin recargas, sin configuraci\u00f3n:<\/strong> abre y vapea<\/li>\n<li><strong>Entrega de sabor estable:<\/strong> la bobina de malla ayuda a mantener las notas tropicales limpias y consistentes<\/li>\n<li><strong>Uso diario m\u00e1s inteligente:<\/strong> la pantalla facilita planificar la recarga y saber cu\u00e1ndo es hora de reemplazar<\/li>\n<\/ul>\n<p>Explora m\u00e1s sabores y opciones de RandM en <a href=\"https:\/\/fumot.uk\/es\/\">fumot.uk<\/a>, o navega por nuestra colecci\u00f3n completa de <a href=\"https:\/\/fumot.uk\/es\/product-category\/randm-tornado-12000-puffs\/\">RandM Tornado 12000 Puffs<\/a> para encontrar tu pr\u00f3ximo favorito.<\/p>\n<p><small>Nota: El conteo de inhalaciones es una estimaci\u00f3n y depende de los h\u00e1bitos de uso individuales. Este producto est\u00e1 destinado solo para usuarios adultos.<\/small><\/p>","protected":false},"excerpt":{"rendered":"<p>Kiwi Tropical Pasi\u00f3n Fruta de la Pasi\u00f3n Guayaba en el RandM Tornado 12000 Puffs vape desechable\u201420ml de e-l\u00edquido, bobina de malla, pantalla LED de bater\u00eda\/e-l\u00edquido y dispositivo recargable de 850mAh Tipo\u2011C. Sal de nicotina: 0\/2\/3\/5%.<\/p>","protected":false},"featured_media":395,"comment_status":"open","ping_status":"closed","template":"","meta":[],"product_brand":[],"product_cat":[58,59,17],"product_tag":[60,20,23,45,25,46,26,62,28],"class_list":{"0":"post-370","1":"product","2":"type-product","3":"status-publish","4":"has-post-thumbnail","6":"product_cat-12000-puff","7":"product_cat-randm-tornado-12000-puffs","8":"product_cat-vape","9":"product_tag-20ml","10":"product_tag-850mah","11":"product_tag-display","12":"product_tag-kiwi","13":"product_tag-mesh-coil","14":"product_tag-passion-fruit","15":"product_tag-rechargeable","16":"product_tag-sale-vape","17":"product_tag-type-c","19":"first","20":"instock","21":"sale","22":"shipping-taxable","23":"purchasable","24":"product-type-variable","25":"has-default-attributes"},"yoast_head":"<!-- This site is optimized with the Yoast SEO plugin v26.8 - https:\/\/yoast.com\/product\/yoast-seo-wordpress\/ -->\n<title>RandM Tornado 12000 Kiwi Passion Fruit Guava | fumot.uk<\/title>\n<meta name=\"description\" content=\"RandM Tornado 12000 Puffs Kiwi Passion Fruit Guava disposable vape: 20ml e-liquid, mesh coil, LED display, 850mAh rechargeable Type\u2011C. 0\/2\/3\/5%.\" \/>\n<meta name=\"robots\" content=\"index, follow, max-snippet:-1, max-image-preview:large, max-video-preview:-1\" \/>\n<link rel=\"canonical\" href=\"https:\/\/fumot.uk\/es\/product\/kiwi-passion-fruit-guava-randm-tornado-12000-puffs\/\" \/>\n<meta property=\"og:locale\" content=\"es_ES\" \/>\n<meta property=\"og:type\" content=\"article\" \/>\n<meta property=\"og:title\" content=\"Kiwi Passion Fruit Guava \u2013 RandM Tornado 12000 Puffs\" \/>\n<meta property=\"og:description\" content=\"A bright tropical blend with mesh-coil smoothness, LED battery\/e-liquid display, 20ml e-liquid and 850mAh rechargeable Type\u2011C. Shop on fumot.uk.\" \/>\n<meta property=\"og:url\" content=\"https:\/\/fumot.uk\/es\/product\/kiwi-passion-fruit-guava-randm-tornado-12000-puffs\/\" \/>\n<meta property=\"og:site_name\" content=\"Fumot Official Direct | Straight from the Factory, 100% Genuine\" \/>\n<meta property=\"article:modified_time\" content=\"2026-01-20T07:05:55+00:00\" \/>\n<meta property=\"og:image\" content=\"https:\/\/fumot.uk\/wp-content\/uploads\/2026\/01\/Randm-Tornado-12000-Puffs-Kiwi-passion-fruit-guava-Disposable-Vape-scaled-1.jpg\" \/>\n\t<meta property=\"og:image:width\" content=\"2560\" \/>\n\t<meta property=\"og:image:height\" content=\"2560\" \/>\n\t<meta property=\"og:image:type\" content=\"image\/jpeg\" \/>\n<meta name=\"twitter:card\" content=\"summary_large_image\" \/>\n<meta name=\"twitter:label1\" content=\"Tiempo de lectura\" \/>\n\t<meta name=\"twitter:data1\" content=\"2 minutos\" \/>\n<script type=\"application\/ld+json\" class=\"yoast-schema-graph\">{\"@context\":\"https:\/\/schema.org\",\"@graph\":[{\"@type\":\"WebPage\",\"@id\":\"https:\/\/fumot.uk\/product\/kiwi-passion-fruit-guava-randm-tornado-12000-puffs\/\",\"url\":\"https:\/\/fumot.uk\/product\/kiwi-passion-fruit-guava-randm-tornado-12000-puffs\/\",\"name\":\"RandM Tornado 12000 Kiwi Passion Fruit Guava | fumot.uk\",\"isPartOf\":{\"@id\":\"https:\/\/fumot.uk\/#website\"},\"primaryImageOfPage\":{\"@id\":\"https:\/\/fumot.uk\/product\/kiwi-passion-fruit-guava-randm-tornado-12000-puffs\/#primaryimage\"},\"image\":{\"@id\":\"https:\/\/fumot.uk\/product\/kiwi-passion-fruit-guava-randm-tornado-12000-puffs\/#primaryimage\"},\"thumbnailUrl\":\"https:\/\/fumot.uk\/wp-content\/uploads\/2026\/01\/Randm-Tornado-12000-Puffs-Kiwi-passion-fruit-guava-Disposable-Vape-scaled-1.jpg\",\"datePublished\":\"2026-01-20T02:43:44+00:00\",\"dateModified\":\"2026-01-20T07:05:55+00:00\",\"description\":\"RandM Tornado 12000 Puffs Kiwi Passion Fruit Guava disposable vape: 20ml e-liquid, mesh coil, LED display, 850mAh rechargeable Type\u2011C. 0\/2\/3\/5%.\",\"breadcrumb\":{\"@id\":\"https:\/\/fumot.uk\/product\/kiwi-passion-fruit-guava-randm-tornado-12000-puffs\/#breadcrumb\"},\"inLanguage\":\"es\",\"potentialAction\":[{\"@type\":\"ReadAction\",\"target\":[\"https:\/\/fumot.uk\/product\/kiwi-passion-fruit-guava-randm-tornado-12000-puffs\/\"]}]},{\"@type\":\"ImageObject\",\"inLanguage\":\"es\",\"@id\":\"https:\/\/fumot.uk\/product\/kiwi-passion-fruit-guava-randm-tornado-12000-puffs\/#primaryimage\",\"url\":\"https:\/\/fumot.uk\/wp-content\/uploads\/2026\/01\/Randm-Tornado-12000-Puffs-Kiwi-passion-fruit-guava-Disposable-Vape-scaled-1.jpg\",\"contentUrl\":\"https:\/\/fumot.uk\/wp-content\/uploads\/2026\/01\/Randm-Tornado-12000-Puffs-Kiwi-passion-fruit-guava-Disposable-Vape-scaled-1.jpg\",\"width\":2560,\"height\":2560},{\"@type\":\"BreadcrumbList\",\"@id\":\"https:\/\/fumot.uk\/product\/kiwi-passion-fruit-guava-randm-tornado-12000-puffs\/#breadcrumb\",\"itemListElement\":[{\"@type\":\"ListItem\",\"position\":1,\"name\":\"Home\",\"item\":\"https:\/\/fumot.uk\/\"},{\"@type\":\"ListItem\",\"position\":2,\"name\":\"Shop\",\"item\":\"https:\/\/fumot.uk\/shop\/\"},{\"@type\":\"ListItem\",\"position\":3,\"name\":\"R&#038;M RandM Tornado 12000 Puffs Kiwi Passion Fruit Guava Disposable Vape (20ml, 850mAh, LED Display, Mesh Coil)\"}]},{\"@type\":\"WebSite\",\"@id\":\"https:\/\/fumot.uk\/#website\",\"url\":\"https:\/\/fumot.uk\/\",\"name\":\"Fumot Official Direct | Straight from the Factory, 100% Genuine\",\"description\":\"Official Website\",\"publisher\":{\"@id\":\"https:\/\/fumot.uk\/#organization\"},\"potentialAction\":[{\"@type\":\"SearchAction\",\"target\":{\"@type\":\"EntryPoint\",\"urlTemplate\":\"https:\/\/fumot.uk\/?s={search_term_string}\"},\"query-input\":{\"@type\":\"PropertyValueSpecification\",\"valueRequired\":true,\"valueName\":\"search_term_string\"}}],\"inLanguage\":\"es\"},{\"@type\":\"Organization\",\"@id\":\"https:\/\/fumot.uk\/#organization\",\"name\":\"Fumot Official Direct | Straight from the Factory, 100% Genuine\",\"url\":\"https:\/\/fumot.uk\/\",\"logo\":{\"@type\":\"ImageObject\",\"inLanguage\":\"es\",\"@id\":\"https:\/\/fumot.uk\/#\/schema\/logo\/image\/\",\"url\":\"https:\/\/fumot.uk\/wp-content\/uploads\/2026\/01\/cropped-fumot-logo1.png\",\"contentUrl\":\"https:\/\/fumot.uk\/wp-content\/uploads\/2026\/01\/cropped-fumot-logo1.png\",\"width\":152,\"height\":106,\"caption\":\"Fumot Official Direct | Straight from the Factory, 100% Genuine\"},\"image\":{\"@id\":\"https:\/\/fumot.uk\/#\/schema\/logo\/image\/\"}}]}<\/script>\n<!-- \/ Yoast SEO plugin. -->","yoast_head_json":{"title":"RandM Tornado 12000 Kiwi Fruta de la Pasi\u00f3n Guayaba | fumot.uk","description":"RandM Tornado 12000 Puffs Kiwi Passion Fruit Guava vape desechable: 20ml de e-l\u00edquido, bobina de malla, pantalla LED, 850mAh recargable Tipo\u2011C. 0\/2\/3\/5%.","robots":{"index":"index","follow":"follow","max-snippet":"max-snippet:-1","max-image-preview":"max-image-preview:large","max-video-preview":"max-video-preview:-1"},"canonical":"https:\/\/fumot.uk\/es\/product\/kiwi-passion-fruit-guava-randm-tornado-12000-puffs\/","og_locale":"es_ES","og_type":"article","og_title":"Kiwi Passion Fruit Guava \u2013 RandM Tornado 12000 Puffs","og_description":"A bright tropical blend with mesh-coil smoothness, LED battery\/e-liquid display, 20ml e-liquid and 850mAh rechargeable Type\u2011C. Shop on fumot.uk.","og_url":"https:\/\/fumot.uk\/es\/product\/kiwi-passion-fruit-guava-randm-tornado-12000-puffs\/","og_site_name":"Fumot Official Direct | Straight from the Factory, 100% Genuine","article_modified_time":"2026-01-20T07:05:55+00:00","og_image":[{"width":2560,"height":2560,"url":"https:\/\/fumot.uk\/wp-content\/uploads\/2026\/01\/Randm-Tornado-12000-Puffs-Kiwi-passion-fruit-guava-Disposable-Vape-scaled-1.jpg","type":"image\/jpeg"}],"twitter_card":"summary_large_image","twitter_misc":{"Tiempo de lectura":"2 minutos"},"schema":{"@context":"https:\/\/schema.org","@graph":[{"@type":"WebPage","@id":"https:\/\/fumot.uk\/product\/kiwi-passion-fruit-guava-randm-tornado-12000-puffs\/","url":"https:\/\/fumot.uk\/product\/kiwi-passion-fruit-guava-randm-tornado-12000-puffs\/","name":"RandM Tornado 12000 Kiwi Fruta de la Pasi\u00f3n Guayaba | fumot.uk","isPartOf":{"@id":"https:\/\/fumot.uk\/#website"},"primaryImageOfPage":{"@id":"https:\/\/fumot.uk\/product\/kiwi-passion-fruit-guava-randm-tornado-12000-puffs\/#primaryimage"},"image":{"@id":"https:\/\/fumot.uk\/product\/kiwi-passion-fruit-guava-randm-tornado-12000-puffs\/#primaryimage"},"thumbnailUrl":"https:\/\/fumot.uk\/wp-content\/uploads\/2026\/01\/Randm-Tornado-12000-Puffs-Kiwi-passion-fruit-guava-Disposable-Vape-scaled-1.jpg","datePublished":"2026-01-20T02:43:44+00:00","dateModified":"2026-01-20T07:05:55+00:00","description":"RandM Tornado 12000 Puffs Kiwi Passion Fruit Guava vape desechable: 20ml de e-l\u00edquido, bobina de malla, pantalla LED, 850mAh recargable Tipo\u2011C. 0\/2\/3\/5%.","breadcrumb":{"@id":"https:\/\/fumot.uk\/product\/kiwi-passion-fruit-guava-randm-tornado-12000-puffs\/#breadcrumb"},"inLanguage":"es","potentialAction":[{"@type":"ReadAction","target":["https:\/\/fumot.uk\/product\/kiwi-passion-fruit-guava-randm-tornado-12000-puffs\/"]}]},{"@type":"ImageObject","inLanguage":"es","@id":"https:\/\/fumot.uk\/product\/kiwi-passion-fruit-guava-randm-tornado-12000-puffs\/#primaryimage","url":"https:\/\/fumot.uk\/wp-content\/uploads\/2026\/01\/Randm-Tornado-12000-Puffs-Kiwi-passion-fruit-guava-Disposable-Vape-scaled-1.jpg","contentUrl":"https:\/\/fumot.uk\/wp-content\/uploads\/2026\/01\/Randm-Tornado-12000-Puffs-Kiwi-passion-fruit-guava-Disposable-Vape-scaled-1.jpg","width":2560,"height":2560},{"@type":"BreadcrumbList","@id":"https:\/\/fumot.uk\/product\/kiwi-passion-fruit-guava-randm-tornado-12000-puffs\/#breadcrumb","itemListElement":[{"@type":"ListItem","position":1,"name":"Home","item":"https:\/\/fumot.uk\/"},{"@type":"ListItem","position":2,"name":"Shop","item":"https:\/\/fumot.uk\/shop\/"},{"@type":"ListItem","position":3,"name":"R&#038;M RandM Tornado 12000 Puffs Kiwi Passion Fruit Guava Disposable Vape (20ml, 850mAh, LED Display, Mesh Coil)"}]},{"@type":"WebSite","@id":"https:\/\/fumot.uk\/#website","url":"https:\/\/fumot.uk\/","name":"Fumot Official Direct | Directo desde la f\u00e1brica, 100% Original","description":"Sitio Oficial","publisher":{"@id":"https:\/\/fumot.uk\/#organization"},"potentialAction":[{"@type":"SearchAction","target":{"@type":"EntryPoint","urlTemplate":"https:\/\/fumot.uk\/?s={search_term_string}"},"query-input":{"@type":"PropertyValueSpecification","valueRequired":true,"valueName":"search_term_string"}}],"inLanguage":"es"},{"@type":"Organization","@id":"https:\/\/fumot.uk\/#organization","name":"Fumot Official Direct | Directo desde la f\u00e1brica, 100% Original","url":"https:\/\/fumot.uk\/","logo":{"@type":"ImageObject","inLanguage":"es","@id":"https:\/\/fumot.uk\/#\/schema\/logo\/image\/","url":"https:\/\/fumot.uk\/wp-content\/uploads\/2026\/01\/cropped-fumot-logo1.png","contentUrl":"https:\/\/fumot.uk\/wp-content\/uploads\/2026\/01\/cropped-fumot-logo1.png","width":152,"height":106,"caption":"Fumot Official Direct | Straight from the Factory, 100% Genuine"},"image":{"@id":"https:\/\/fumot.uk\/#\/schema\/logo\/image\/"}}]}},"_links":{"self":[{"href":"https:\/\/fumot.uk\/es\/wp-json\/wp\/v2\/product\/370","targetHints":{"allow":["GET"]}}],"collection":[{"href":"https:\/\/fumot.uk\/es\/wp-json\/wp\/v2\/product"}],"about":[{"href":"https:\/\/fumot.uk\/es\/wp-json\/wp\/v2\/types\/product"}],"replies":[{"embeddable":true,"href":"https:\/\/fumot.uk\/es\/wp-json\/wp\/v2\/comments?post=370"}],"wp:featuredmedia":[{"embeddable":true,"href":"https:\/\/fumot.uk\/es\/wp-json\/wp\/v2\/media\/395"}],"wp:attachment":[{"href":"https:\/\/fumot.uk\/es\/wp-json\/wp\/v2\/media?parent=370"}],"wp:term":[{"taxonomy":"product_brand","embeddable":true,"href":"https:\/\/fumot.uk\/es\/wp-json\/wp\/v2\/product_brand?post=370"},{"taxonomy":"product_cat","embeddable":true,"href":"https:\/\/fumot.uk\/es\/wp-json\/wp\/v2\/product_cat?post=370"},{"taxonomy":"product_tag","embeddable":true,"href":"https:\/\/fumot.uk\/es\/wp-json\/wp\/v2\/product_tag?post=370"}],"curies":[{"name":"wp","href":"https:\/\/api.w.org\/{rel}","templated":true}]}}