{"id":3595,"date":"2026-01-20T10:14:16","date_gmt":"2026-01-20T10:14:16","guid":{"rendered":"https:\/\/fumot.uk\/?post_type=product&#038;p=3595"},"modified":"2026-01-21T01:28:01","modified_gmt":"2026-01-21T01:28:01","slug":"waspe-fw-30000-puffs-watermelon-bubblegum","status":"publish","type":"product","link":"https:\/\/fumot.uk\/es\/product\/waspe-fw-30000-puffs-watermelon-bubblegum\/","title":{"rendered":"WASPE FW-30000 Puffs Vape Desechable \u2013 Chicle de Sand\u00eda, Doble Malla, Flujo de Aire Ajustable"},"content":{"rendered":"<h2>WASPE FW-30000 Chicle de Sand\u00eda (30,000 Caladas) \u2013 Mel\u00f3n Jugoso se Encuentra con Chicle de Caramelo<\/h2>\n<p>Sum\u00e9rgete en una mezcla juguetona, afrutada y dulce con <strong>WASPE FW-30000 Chicle de Sand\u00eda<\/strong>. Cada calada ofrece una nota brillante de sand\u00eda seguida de un acabado suave de chicle\u2014dulce, limpio y agradablemente duradero. Dise\u00f1ado para vapear a diario o para un uso f\u00e1cil en cualquier lugar, este sabor se mantiene refrescante sin sentirse pesado.<\/p>\n<h3>Destacado de Sabor: Chicle de Sand\u00eda<\/h3>\n<ul>\n<li><strong>Sand\u00eda jugosa<\/strong> al frente con una vibra crujiente, como de verano<\/li>\n<li><strong>Dulzura de chicle<\/strong> al exhalar para un acabado nost\u00e1lgico de caramelo<\/li>\n<li><strong>Sensaci\u00f3n suave en la garganta<\/strong> con salida de vapor consistente<\/li>\n<\/ul>\n<h3>Por Qu\u00e9 Te Encantar\u00e1 el WASPE FW-30000<\/h3>\n<ul>\n<li><strong>Hasta 30,000 caladas (Modo regular)<\/strong> para un disfrute prolongado<\/li>\n<li><strong>Modo pulso (hasta 15,000 puffs)<\/strong> para una calada m\u00e1s fuerte e intensa<\/li>\n<li><strong>Doble Bobina de Malla (1\u03a9 + 1\u03a9)<\/strong> para un calentamiento uniforme, vapor denso y sabor limpio<\/li>\n<li><strong>Flujo de aire ajustable<\/strong> para ajustar tu calada<\/li>\n<li><strong>Pantalla LED inteligente<\/strong> muestra el nivel de bater\u00eda y de e-l\u00edquido de un vistazo<\/li>\n<li><strong>Recargable Tipo-C (850mAh)<\/strong> para una recarga conveniente<\/li>\n<\/ul>\n<h3>Modos y Flujo de Aire<\/h3>\n<p>El control de flujo de aire giratorio te permite cambiar tu experiencia f\u00e1cilmente:<\/p>\n<ul>\n<li><strong>Modo Est\u00e1ndar \/ Regular:<\/strong> hasta <strong>30,000 caladas<\/strong>\u2014sabor equilibrado para vapear todo el d\u00eda<\/li>\n<li><strong>Modo Pulso:<\/strong> hasta <strong>15,000 caladas<\/strong>\u2014sabor m\u00e1s intenso y una sensaci\u00f3n m\u00e1s fuerte en la garganta<\/li>\n<\/ul>\n<h3>Especificaciones<\/h3>\n<ul>\n<li><strong>Caladas:<\/strong> Regular 30,000 \/ Pulso 15,000<\/li>\n<li><strong>Bobina:<\/strong> Doble Malla 1\u03a9 + 1\u03a9<\/li>\n<li><strong>Capacidad de e-l\u00edquido:<\/strong> 28ml<\/li>\n<li><strong>Opciones de nicotina:<\/strong> 0% \/ 2% \/ 5%<\/li>\n<li><strong>Bater\u00eda:<\/strong> 850mAh<\/li>\n<li><strong>Carga:<\/strong> Type-C<\/li>\n<li><strong>Caracter\u00edsticas:<\/strong> Flujo de aire ajustable, pantalla LED<\/li>\n<\/ul>\n<h3>Explora M\u00e1s en fumot.uk<\/h3>\n<p>\u00bfBuscas m\u00e1s sabores duraderos y desechables de alta calada? Explora nuestra colecci\u00f3n en <a href=\"https:\/\/fumot.uk\/es\/\">fumot.uk<\/a> y descubre m\u00e1s <a href=\"https:\/\/fumot.uk\/es\/product-tag\/30000-puff\/\">vapes de 30000 caladas<\/a> y <a href=\"https:\/\/fumot.uk\/es\/product-tag\/waspe\/\">WASPE<\/a> opciones.<\/p>","protected":false},"excerpt":{"rendered":"<p>WASPE FW-30000 Sand\u00eda Chicle vape desechable con hasta 30,000 caladas (Regular), bobina de malla dual, flujo de aire ajustable, pantalla LED, 28ml de e-l\u00edquido y bater\u00eda recargable Tipo-C de 850mAh. Nicotina: 0%\/2%\/5%.<\/p>","protected":false},"featured_media":3638,"comment_status":"open","ping_status":"closed","template":"","meta":[],"product_brand":[],"product_cat":[125,17,187],"product_tag":[84,70,124,71,20,21,49,72,23,73,26,28,32],"class_list":{"0":"post-3595","1":"product","2":"type-product","3":"status-publish","4":"has-post-thumbnail","6":"product_cat-30000-puff","7":"product_cat-vape","8":"product_cat-waspe-fw-30000-puffs","9":"product_tag-0-nikotin","10":"product_tag-2-nikotin","11":"product_tag-28ml","12":"product_tag-5-nikotin","13":"product_tag-850mah","14":"product_tag-adjustable-airflow","15":"product_tag-bubblegum","16":"product_tag-direct-to-lung","17":"product_tag-display","18":"product_tag-dual-mesh","19":"product_tag-rechargeable","20":"product_tag-type-c","21":"product_tag-watermelon","23":"first","24":"instock","25":"sale","26":"shipping-taxable","27":"purchasable","28":"product-type-variable","29":"has-default-attributes"},"yoast_head":"<!-- This site is optimized with the Yoast SEO plugin v26.8 - https:\/\/yoast.com\/product\/yoast-seo-wordpress\/ -->\n<title>WASPE FW-30000 Watermelon Bubblegum | 30,000 Puffs<\/title>\n<meta name=\"description\" content=\"WASPE FW-30000 Watermelon Bubblegum: up to 30,000 puffs, Dual Mesh 1\u03a9+1\u03a9, adjustable airflow, LED display, 28ml, 850mAh Type\u2011C. 0\/2\/5%.\" \/>\n<meta name=\"robots\" content=\"index, follow, max-snippet:-1, max-image-preview:large, max-video-preview:-1\" \/>\n<link rel=\"canonical\" href=\"https:\/\/fumot.uk\/es\/product\/waspe-fw-30000-puffs-watermelon-bubblegum\/\" \/>\n<meta property=\"og:locale\" content=\"es_ES\" \/>\n<meta property=\"og:type\" content=\"article\" \/>\n<meta property=\"og:title\" content=\"WASPE FW-30000 Watermelon Bubblegum \u2013 Up to 30,000 Puffs\" \/>\n<meta property=\"og:description\" content=\"Juicy watermelon with a bubblegum finish. Dual Mesh coil, adjustable airflow, LED display, 28ml e-liquid, Type\u2011C rechargeable 850mAh. 0\/2\/5% nicotine.\" \/>\n<meta property=\"og:url\" content=\"https:\/\/fumot.uk\/es\/product\/waspe-fw-30000-puffs-watermelon-bubblegum\/\" \/>\n<meta property=\"og:site_name\" content=\"Fumot Official Direct | Straight from the Factory, 100% Genuine\" \/>\n<meta property=\"article:modified_time\" content=\"2026-01-21T01:28:01+00:00\" \/>\n<meta property=\"og:image\" content=\"https:\/\/fumot.uk\/wp-content\/uploads\/2026\/01\/Watermelon-Bubblegum-WASPE-FW-30000-PUFFS-Disposable-Vape.jpg\" \/>\n\t<meta property=\"og:image:width\" content=\"1600\" \/>\n\t<meta property=\"og:image:height\" content=\"1600\" \/>\n\t<meta property=\"og:image:type\" content=\"image\/jpeg\" \/>\n<meta name=\"twitter:card\" content=\"summary_large_image\" \/>\n<meta name=\"twitter:label1\" content=\"Tiempo de lectura\" \/>\n\t<meta name=\"twitter:data1\" content=\"2 minutos\" \/>\n<script type=\"application\/ld+json\" class=\"yoast-schema-graph\">{\"@context\":\"https:\/\/schema.org\",\"@graph\":[{\"@type\":\"WebPage\",\"@id\":\"https:\/\/fumot.uk\/product\/waspe-fw-30000-puffs-watermelon-bubblegum\/\",\"url\":\"https:\/\/fumot.uk\/product\/waspe-fw-30000-puffs-watermelon-bubblegum\/\",\"name\":\"WASPE FW-30000 Watermelon Bubblegum | 30,000 Puffs\",\"isPartOf\":{\"@id\":\"https:\/\/fumot.uk\/#website\"},\"primaryImageOfPage\":{\"@id\":\"https:\/\/fumot.uk\/product\/waspe-fw-30000-puffs-watermelon-bubblegum\/#primaryimage\"},\"image\":{\"@id\":\"https:\/\/fumot.uk\/product\/waspe-fw-30000-puffs-watermelon-bubblegum\/#primaryimage\"},\"thumbnailUrl\":\"https:\/\/fumot.uk\/wp-content\/uploads\/2026\/01\/Watermelon-Bubblegum-WASPE-FW-30000-PUFFS-Disposable-Vape.jpg\",\"datePublished\":\"2026-01-20T10:14:16+00:00\",\"dateModified\":\"2026-01-21T01:28:01+00:00\",\"description\":\"WASPE FW-30000 Watermelon Bubblegum: up to 30,000 puffs, Dual Mesh 1\u03a9+1\u03a9, adjustable airflow, LED display, 28ml, 850mAh Type\u2011C. 0\/2\/5%.\",\"breadcrumb\":{\"@id\":\"https:\/\/fumot.uk\/product\/waspe-fw-30000-puffs-watermelon-bubblegum\/#breadcrumb\"},\"inLanguage\":\"es\",\"potentialAction\":[{\"@type\":\"ReadAction\",\"target\":[\"https:\/\/fumot.uk\/product\/waspe-fw-30000-puffs-watermelon-bubblegum\/\"]}]},{\"@type\":\"ImageObject\",\"inLanguage\":\"es\",\"@id\":\"https:\/\/fumot.uk\/product\/waspe-fw-30000-puffs-watermelon-bubblegum\/#primaryimage\",\"url\":\"https:\/\/fumot.uk\/wp-content\/uploads\/2026\/01\/Watermelon-Bubblegum-WASPE-FW-30000-PUFFS-Disposable-Vape.jpg\",\"contentUrl\":\"https:\/\/fumot.uk\/wp-content\/uploads\/2026\/01\/Watermelon-Bubblegum-WASPE-FW-30000-PUFFS-Disposable-Vape.jpg\",\"width\":1600,\"height\":1600},{\"@type\":\"BreadcrumbList\",\"@id\":\"https:\/\/fumot.uk\/product\/waspe-fw-30000-puffs-watermelon-bubblegum\/#breadcrumb\",\"itemListElement\":[{\"@type\":\"ListItem\",\"position\":1,\"name\":\"Home\",\"item\":\"https:\/\/fumot.uk\/\"},{\"@type\":\"ListItem\",\"position\":2,\"name\":\"Shop\",\"item\":\"https:\/\/fumot.uk\/shop\/\"},{\"@type\":\"ListItem\",\"position\":3,\"name\":\"WASPE FW-30000 Puffs Disposable Vape \u2013 Watermelon Bubblegum, Dual Mesh, Adjustable Airflow\"}]},{\"@type\":\"WebSite\",\"@id\":\"https:\/\/fumot.uk\/#website\",\"url\":\"https:\/\/fumot.uk\/\",\"name\":\"Fumot Official Direct | Straight from the Factory, 100% Genuine\",\"description\":\"Official Website\",\"publisher\":{\"@id\":\"https:\/\/fumot.uk\/#organization\"},\"potentialAction\":[{\"@type\":\"SearchAction\",\"target\":{\"@type\":\"EntryPoint\",\"urlTemplate\":\"https:\/\/fumot.uk\/?s={search_term_string}\"},\"query-input\":{\"@type\":\"PropertyValueSpecification\",\"valueRequired\":true,\"valueName\":\"search_term_string\"}}],\"inLanguage\":\"es\"},{\"@type\":\"Organization\",\"@id\":\"https:\/\/fumot.uk\/#organization\",\"name\":\"Fumot Official Direct | Straight from the Factory, 100% Genuine\",\"url\":\"https:\/\/fumot.uk\/\",\"logo\":{\"@type\":\"ImageObject\",\"inLanguage\":\"es\",\"@id\":\"https:\/\/fumot.uk\/#\/schema\/logo\/image\/\",\"url\":\"https:\/\/fumot.uk\/wp-content\/uploads\/2026\/01\/cropped-fumot-logo1.png\",\"contentUrl\":\"https:\/\/fumot.uk\/wp-content\/uploads\/2026\/01\/cropped-fumot-logo1.png\",\"width\":152,\"height\":106,\"caption\":\"Fumot Official Direct | Straight from the Factory, 100% Genuine\"},\"image\":{\"@id\":\"https:\/\/fumot.uk\/#\/schema\/logo\/image\/\"}}]}<\/script>\n<!-- \/ Yoast SEO plugin. -->","yoast_head_json":{"title":"WASPE FW-30000 Chicle de Sand\u00eda | 30,000 inhalaciones","description":"WASPE FW-30000 Chicle de Sand\u00eda: hasta 30,000 inhalaciones, Malla Dual 1\u03a9+1\u03a9, flujo de aire ajustable, pantalla LED, 28ml, 850mAh Tipo\u2011C. 0\/2\/5%.","robots":{"index":"index","follow":"follow","max-snippet":"max-snippet:-1","max-image-preview":"max-image-preview:large","max-video-preview":"max-video-preview:-1"},"canonical":"https:\/\/fumot.uk\/es\/product\/waspe-fw-30000-puffs-watermelon-bubblegum\/","og_locale":"es_ES","og_type":"article","og_title":"WASPE FW-30000 Watermelon Bubblegum \u2013 Up to 30,000 Puffs","og_description":"Juicy watermelon with a bubblegum finish. Dual Mesh coil, adjustable airflow, LED display, 28ml e-liquid, Type\u2011C rechargeable 850mAh. 0\/2\/5% nicotine.","og_url":"https:\/\/fumot.uk\/es\/product\/waspe-fw-30000-puffs-watermelon-bubblegum\/","og_site_name":"Fumot Official Direct | Straight from the Factory, 100% Genuine","article_modified_time":"2026-01-21T01:28:01+00:00","og_image":[{"width":1600,"height":1600,"url":"https:\/\/fumot.uk\/wp-content\/uploads\/2026\/01\/Watermelon-Bubblegum-WASPE-FW-30000-PUFFS-Disposable-Vape.jpg","type":"image\/jpeg"}],"twitter_card":"summary_large_image","twitter_misc":{"Tiempo de lectura":"2 minutos"},"schema":{"@context":"https:\/\/schema.org","@graph":[{"@type":"WebPage","@id":"https:\/\/fumot.uk\/product\/waspe-fw-30000-puffs-watermelon-bubblegum\/","url":"https:\/\/fumot.uk\/product\/waspe-fw-30000-puffs-watermelon-bubblegum\/","name":"WASPE FW-30000 Chicle de Sand\u00eda | 30,000 inhalaciones","isPartOf":{"@id":"https:\/\/fumot.uk\/#website"},"primaryImageOfPage":{"@id":"https:\/\/fumot.uk\/product\/waspe-fw-30000-puffs-watermelon-bubblegum\/#primaryimage"},"image":{"@id":"https:\/\/fumot.uk\/product\/waspe-fw-30000-puffs-watermelon-bubblegum\/#primaryimage"},"thumbnailUrl":"https:\/\/fumot.uk\/wp-content\/uploads\/2026\/01\/Watermelon-Bubblegum-WASPE-FW-30000-PUFFS-Disposable-Vape.jpg","datePublished":"2026-01-20T10:14:16+00:00","dateModified":"2026-01-21T01:28:01+00:00","description":"WASPE FW-30000 Chicle de Sand\u00eda: hasta 30,000 inhalaciones, Malla Dual 1\u03a9+1\u03a9, flujo de aire ajustable, pantalla LED, 28ml, 850mAh Tipo\u2011C. 0\/2\/5%.","breadcrumb":{"@id":"https:\/\/fumot.uk\/product\/waspe-fw-30000-puffs-watermelon-bubblegum\/#breadcrumb"},"inLanguage":"es","potentialAction":[{"@type":"ReadAction","target":["https:\/\/fumot.uk\/product\/waspe-fw-30000-puffs-watermelon-bubblegum\/"]}]},{"@type":"ImageObject","inLanguage":"es","@id":"https:\/\/fumot.uk\/product\/waspe-fw-30000-puffs-watermelon-bubblegum\/#primaryimage","url":"https:\/\/fumot.uk\/wp-content\/uploads\/2026\/01\/Watermelon-Bubblegum-WASPE-FW-30000-PUFFS-Disposable-Vape.jpg","contentUrl":"https:\/\/fumot.uk\/wp-content\/uploads\/2026\/01\/Watermelon-Bubblegum-WASPE-FW-30000-PUFFS-Disposable-Vape.jpg","width":1600,"height":1600},{"@type":"BreadcrumbList","@id":"https:\/\/fumot.uk\/product\/waspe-fw-30000-puffs-watermelon-bubblegum\/#breadcrumb","itemListElement":[{"@type":"ListItem","position":1,"name":"Home","item":"https:\/\/fumot.uk\/"},{"@type":"ListItem","position":2,"name":"Shop","item":"https:\/\/fumot.uk\/shop\/"},{"@type":"ListItem","position":3,"name":"WASPE FW-30000 Puffs Disposable Vape \u2013 Watermelon Bubblegum, Dual Mesh, Adjustable Airflow"}]},{"@type":"WebSite","@id":"https:\/\/fumot.uk\/#website","url":"https:\/\/fumot.uk\/","name":"Fumot Official Direct | Directo desde la f\u00e1brica, 100% Original","description":"Sitio Oficial","publisher":{"@id":"https:\/\/fumot.uk\/#organization"},"potentialAction":[{"@type":"SearchAction","target":{"@type":"EntryPoint","urlTemplate":"https:\/\/fumot.uk\/?s={search_term_string}"},"query-input":{"@type":"PropertyValueSpecification","valueRequired":true,"valueName":"search_term_string"}}],"inLanguage":"es"},{"@type":"Organization","@id":"https:\/\/fumot.uk\/#organization","name":"Fumot Official Direct | Directo desde la f\u00e1brica, 100% Original","url":"https:\/\/fumot.uk\/","logo":{"@type":"ImageObject","inLanguage":"es","@id":"https:\/\/fumot.uk\/#\/schema\/logo\/image\/","url":"https:\/\/fumot.uk\/wp-content\/uploads\/2026\/01\/cropped-fumot-logo1.png","contentUrl":"https:\/\/fumot.uk\/wp-content\/uploads\/2026\/01\/cropped-fumot-logo1.png","width":152,"height":106,"caption":"Fumot Official Direct | Straight from the Factory, 100% Genuine"},"image":{"@id":"https:\/\/fumot.uk\/#\/schema\/logo\/image\/"}}]}},"_links":{"self":[{"href":"https:\/\/fumot.uk\/es\/wp-json\/wp\/v2\/product\/3595","targetHints":{"allow":["GET"]}}],"collection":[{"href":"https:\/\/fumot.uk\/es\/wp-json\/wp\/v2\/product"}],"about":[{"href":"https:\/\/fumot.uk\/es\/wp-json\/wp\/v2\/types\/product"}],"replies":[{"embeddable":true,"href":"https:\/\/fumot.uk\/es\/wp-json\/wp\/v2\/comments?post=3595"}],"wp:featuredmedia":[{"embeddable":true,"href":"https:\/\/fumot.uk\/es\/wp-json\/wp\/v2\/media\/3638"}],"wp:attachment":[{"href":"https:\/\/fumot.uk\/es\/wp-json\/wp\/v2\/media?parent=3595"}],"wp:term":[{"taxonomy":"product_brand","embeddable":true,"href":"https:\/\/fumot.uk\/es\/wp-json\/wp\/v2\/product_brand?post=3595"},{"taxonomy":"product_cat","embeddable":true,"href":"https:\/\/fumot.uk\/es\/wp-json\/wp\/v2\/product_cat?post=3595"},{"taxonomy":"product_tag","embeddable":true,"href":"https:\/\/fumot.uk\/es\/wp-json\/wp\/v2\/product_tag?post=3595"}],"curies":[{"name":"wp","href":"https:\/\/api.w.org\/{rel}","templated":true}]}}