{"id":3570,"date":"2026-01-20T10:13:51","date_gmt":"2026-01-20T10:13:51","guid":{"rendered":"https:\/\/fumot.uk\/?post_type=product&#038;p=3570"},"modified":"2026-01-20T10:15:44","modified_gmt":"2026-01-20T10:15:44","slug":"waspe-fw-30000-puffs-mixed-berry","status":"publish","type":"product","link":"https:\/\/fumot.uk\/es\/product\/waspe-fw-30000-puffs-mixed-berry\/","title":{"rendered":"WASPE FW-30000 PUFFS-Bayas Mixtas"},"content":{"rendered":"<h4 data-start=\"64\" data-end=\"137\"><strong data-start=\"64\" data-end=\"135\">WASPE FW-30000 Bayas Mixtas: Fresco de bayas, intenso placer de vapor<\/strong><\/h4>\n<p data-start=\"139\" data-end=\"569\">Disfruta de la mezcla perfecta de aroma afrutado \u2013 <strong data-start=\"197\" data-end=\"214\">Bayas <a href=\"https:\/\/ultravape.de\/product-tag\/berry\/\">Mixtas<\/a><\/strong>, que se despliega en una explosi\u00f3n de sabor dulce y ligeramente \u00e1cido en la boca. Cada calada ofrece un sabor completo a bayas y un vapor suave y fino, que convence tanto en sabor como en ofrecer un agradable golpe de garganta. Ya sea para el disfrute diario o en movimiento, este aroma proporciona una experiencia de vapor refrescante y duradera.<\/p>\n<h4 data-start=\"563\" data-end=\"588\"><strong data-start=\"563\" data-end=\"586\">Caracter\u00edsticas especiales:<\/strong><\/h4>\n<p>1. Aroma frutal intenso, equilibrado dulce-\u00e1cido<br data-start=\"79\" data-end=\"82\" \/>2. Golpe de garganta suave, sabor puro<strong data-start=\"82\" data-end=\"122\"><br \/>\n<\/strong><\/p>\n<h4 data-start=\"44\" data-end=\"142\"><strong data-start=\"44\" data-end=\"140\">WASPE FW-30000 Cigarrillo Electr\u00f3nico: Pantalla Inteligente \u00d7 Doble Bobina de Malla \u00d7 Flujo de Aire Ajustable<\/strong><\/h4>\n<p data-start=\"144\" data-end=\"431\"><strong data-start=\"144\" data-end=\"173\">Pantalla LED Inteligente<\/strong><br data-start=\"173\" data-end=\"176\" \/>La pantalla LED muestra en todo momento el nivel de bater\u00eda y l\u00edquido, evitando fallos repentinos o tanque vac\u00edo. En combinaci\u00f3n con la bater\u00eda de 850mAh y carga r\u00e1pida Type-C, asegura una carga r\u00e1pida, larga duraci\u00f3n de bater\u00eda y rendimiento estable.<\/p>\n<p data-start=\"433\" data-end=\"515\"><strong data-start=\"433\" data-end=\"460\">Flujo de Aire Ajustable<\/strong><br data-start=\"460\" data-end=\"463\" \/>El regulador de flujo de aire giratorio permite dos modos:<\/p>\n<ul data-start=\"516\" data-end=\"669\">\n<li data-start=\"516\" data-end=\"588\">\n<p data-start=\"518\" data-end=\"588\"><strong data-start=\"518\" data-end=\"535\">Modo Est\u00e1ndar<\/strong>: 30000 caladas, ideal para el disfrute diario del vapor.<\/p>\n<\/li>\n<li data-start=\"589\" data-end=\"669\">\n<p data-start=\"591\" data-end=\"669\"><strong data-start=\"591\" data-end=\"606\">Modo Pulso<\/strong>: 15000 caladas, sabor m\u00e1s intenso y golpe de garganta m\u00e1s fuerte.<\/p>\n<\/li>\n<\/ul>\n<p><strong>Doble Bobina de Malla<\/strong><br data-start=\"689\" data-end=\"692\" \/>La Doble Bobina de Malla de 1\u03a9 + 1\u03a9 asegura un calentamiento uniforme, vapor denso y sabor puro. Con el tanque grande de 28ml se puede vapear durante mucho tiempo. Hay disponibles niveles de nicotina de 0%, 2% y 5%, adecuados para principiantes y vapeadores experimentados.<\/p>\n<h4 data-start=\"671\" data-end=\"946\"><strong data-start=\"671\" data-end=\"689\">Propiedades B\u00e1sicas\uff1a<\/strong><\/h4>\n<p>Regular: 30000 Caladas<br \/>\nPulso: 15000 Caladas<br \/>\nDoble Bobina de Malla: 1ohm+1ohm<br \/>\nE-l\u00edquido:28ml<br \/>\nNicotina<strong>:<\/strong>0%\/2%\/5%<br \/>\nBater\u00eda:850mah<br \/>\nFlujo de aire ajustable<br \/>\nRecargable:Type-C<br \/>\nPantalla LED<\/p>\n<p>Descubre en <a href=\"http:\/\/ultravape.de\/\"><strong data-start=\"47\" data-end=\"63\">ultravape.de<\/strong><\/a> una gran selecci\u00f3n de cigarrillos electr\u00f3nicos de alta calidad. Te ofrecemos un servicio excelente y productos de primera para una experiencia de vapeo de primera clase.<\/p>\n<p><strong data-start=\"82\" data-end=\"122\">\u00a0<\/strong><\/p>","protected":false},"excerpt":{"rendered":"<p>WASPE FW-30000 Bayas Mixtas: Fresco como las bayas, intenso placer de vapor Disfrute de la mezcla perfecta de aroma afrutado \u2013 Bayas Mixtas, que se despliega en una explosi\u00f3n de sabor dulce y ligeramente \u00e1cido en la boca. Cada calada ofrece un sabor completo a bayas y un suave y fino vapor que convence tanto en sabor como en ofrecer un agradable golpe de garganta. Ya sea para el disfrute diario o [\u2026]<\/p>","protected":false},"featured_media":3614,"comment_status":"open","ping_status":"closed","template":"","meta":[],"product_brand":[],"product_cat":[125,17,187],"product_tag":[84,70,124,71,20,21,72,23,73,79,26,28],"class_list":{"0":"post-3570","1":"product","2":"type-product","3":"status-publish","4":"has-post-thumbnail","6":"product_cat-30000-puff","7":"product_cat-vape","8":"product_cat-waspe-fw-30000-puffs","9":"product_tag-0-nikotin","10":"product_tag-2-nikotin","11":"product_tag-28ml","12":"product_tag-5-nikotin","13":"product_tag-850mah","14":"product_tag-adjustable-airflow","15":"product_tag-direct-to-lung","16":"product_tag-display","17":"product_tag-dual-mesh","18":"product_tag-mixed-berries","19":"product_tag-rechargeable","20":"product_tag-type-c","22":"first","23":"instock","24":"sale","25":"shipping-taxable","26":"purchasable","27":"product-type-variable","28":"has-default-attributes"},"yoast_head":"<!-- This site is optimized with the Yoast SEO plugin v26.8 - https:\/\/yoast.com\/product\/yoast-seo-wordpress\/ -->\n<title>WASPE FW-30000 PUFFS-Mixed Berry - Fumot Official Direct | Straight from the Factory, 100% Genuine<\/title>\n<meta name=\"robots\" content=\"index, follow, max-snippet:-1, max-image-preview:large, max-video-preview:-1\" \/>\n<link rel=\"canonical\" href=\"https:\/\/fumot.uk\/es\/product\/waspe-fw-30000-puffs-mixed-berry\/\" \/>\n<meta property=\"og:locale\" content=\"es_ES\" \/>\n<meta property=\"og:type\" content=\"article\" \/>\n<meta property=\"og:title\" content=\"WASPE FW-30000 PUFFS-Mixed Berry - Fumot Official Direct | Straight from the Factory, 100% Genuine\" \/>\n<meta property=\"og:description\" content=\"WASPE FW-30000 Mixed Berries: Beerig-frisch, intensiver Dampfgenuss Genie\u00dfen Sie die perfekte Mischung aus fruchtigem Aroma \u2013 Mixed Berries, das sich zu einer s\u00fc\u00dfen und leicht s\u00e4uerlichen Geschmacksexplosion im Mund entfaltet. Jeder Zug liefert vollen Beerengeschmack und sanften, feinen Dampf, der sowohl geschmacklich \u00fcberzeugt als auch einen angenehmen Throat-Hit bietet. Ob f\u00fcr den t\u00e4glichen Genuss oder [&hellip;]\" \/>\n<meta property=\"og:url\" content=\"https:\/\/fumot.uk\/es\/product\/waspe-fw-30000-puffs-mixed-berry\/\" \/>\n<meta property=\"og:site_name\" content=\"Fumot Official Direct | Straight from the Factory, 100% Genuine\" \/>\n<meta property=\"article:modified_time\" content=\"2026-01-20T10:15:44+00:00\" \/>\n<meta property=\"og:image\" content=\"https:\/\/fumot.uk\/wp-content\/uploads\/2026\/01\/Mixed-Berry-WASPE-FW-30000-PUFFS-Disposable-Vape.jpg\" \/>\n\t<meta property=\"og:image:width\" content=\"1600\" \/>\n\t<meta property=\"og:image:height\" content=\"1600\" \/>\n\t<meta property=\"og:image:type\" content=\"image\/jpeg\" \/>\n<meta name=\"twitter:card\" content=\"summary_large_image\" \/>\n<meta name=\"twitter:label1\" content=\"Tiempo de lectura\" \/>\n\t<meta name=\"twitter:data1\" content=\"2 minutos\" \/>\n<script type=\"application\/ld+json\" class=\"yoast-schema-graph\">{\"@context\":\"https:\/\/schema.org\",\"@graph\":[{\"@type\":\"WebPage\",\"@id\":\"https:\/\/fumot.uk\/product\/waspe-fw-30000-puffs-mixed-berry\/\",\"url\":\"https:\/\/fumot.uk\/product\/waspe-fw-30000-puffs-mixed-berry\/\",\"name\":\"WASPE FW-30000 PUFFS-Mixed Berry - Fumot Official Direct | Straight from the Factory, 100% Genuine\",\"isPartOf\":{\"@id\":\"https:\/\/fumot.uk\/#website\"},\"primaryImageOfPage\":{\"@id\":\"https:\/\/fumot.uk\/product\/waspe-fw-30000-puffs-mixed-berry\/#primaryimage\"},\"image\":{\"@id\":\"https:\/\/fumot.uk\/product\/waspe-fw-30000-puffs-mixed-berry\/#primaryimage\"},\"thumbnailUrl\":\"https:\/\/fumot.uk\/wp-content\/uploads\/2026\/01\/Mixed-Berry-WASPE-FW-30000-PUFFS-Disposable-Vape.jpg\",\"datePublished\":\"2026-01-20T10:13:51+00:00\",\"dateModified\":\"2026-01-20T10:15:44+00:00\",\"breadcrumb\":{\"@id\":\"https:\/\/fumot.uk\/product\/waspe-fw-30000-puffs-mixed-berry\/#breadcrumb\"},\"inLanguage\":\"es\",\"potentialAction\":[{\"@type\":\"ReadAction\",\"target\":[\"https:\/\/fumot.uk\/product\/waspe-fw-30000-puffs-mixed-berry\/\"]}]},{\"@type\":\"ImageObject\",\"inLanguage\":\"es\",\"@id\":\"https:\/\/fumot.uk\/product\/waspe-fw-30000-puffs-mixed-berry\/#primaryimage\",\"url\":\"https:\/\/fumot.uk\/wp-content\/uploads\/2026\/01\/Mixed-Berry-WASPE-FW-30000-PUFFS-Disposable-Vape.jpg\",\"contentUrl\":\"https:\/\/fumot.uk\/wp-content\/uploads\/2026\/01\/Mixed-Berry-WASPE-FW-30000-PUFFS-Disposable-Vape.jpg\",\"width\":1600,\"height\":1600},{\"@type\":\"BreadcrumbList\",\"@id\":\"https:\/\/fumot.uk\/product\/waspe-fw-30000-puffs-mixed-berry\/#breadcrumb\",\"itemListElement\":[{\"@type\":\"ListItem\",\"position\":1,\"name\":\"Home\",\"item\":\"https:\/\/fumot.uk\/\"},{\"@type\":\"ListItem\",\"position\":2,\"name\":\"Shop\",\"item\":\"https:\/\/fumot.uk\/shop\/\"},{\"@type\":\"ListItem\",\"position\":3,\"name\":\"WASPE FW-30000 PUFFS-Mixed Berry\"}]},{\"@type\":\"WebSite\",\"@id\":\"https:\/\/fumot.uk\/#website\",\"url\":\"https:\/\/fumot.uk\/\",\"name\":\"Fumot Official Direct | Straight from the Factory, 100% Genuine\",\"description\":\"Official Website\",\"publisher\":{\"@id\":\"https:\/\/fumot.uk\/#organization\"},\"potentialAction\":[{\"@type\":\"SearchAction\",\"target\":{\"@type\":\"EntryPoint\",\"urlTemplate\":\"https:\/\/fumot.uk\/?s={search_term_string}\"},\"query-input\":{\"@type\":\"PropertyValueSpecification\",\"valueRequired\":true,\"valueName\":\"search_term_string\"}}],\"inLanguage\":\"es\"},{\"@type\":\"Organization\",\"@id\":\"https:\/\/fumot.uk\/#organization\",\"name\":\"Fumot Official Direct | Straight from the Factory, 100% Genuine\",\"url\":\"https:\/\/fumot.uk\/\",\"logo\":{\"@type\":\"ImageObject\",\"inLanguage\":\"es\",\"@id\":\"https:\/\/fumot.uk\/#\/schema\/logo\/image\/\",\"url\":\"https:\/\/fumot.uk\/wp-content\/uploads\/2026\/01\/cropped-fumot-logo1.png\",\"contentUrl\":\"https:\/\/fumot.uk\/wp-content\/uploads\/2026\/01\/cropped-fumot-logo1.png\",\"width\":152,\"height\":106,\"caption\":\"Fumot Official Direct | Straight from the Factory, 100% Genuine\"},\"image\":{\"@id\":\"https:\/\/fumot.uk\/#\/schema\/logo\/image\/\"}}]}<\/script>\n<!-- \/ Yoast SEO plugin. -->","yoast_head_json":{"title":"WASPE FW-30000 PUFFS-Mixed Berry - Fumot Official Direct | Directo de la F\u00e1brica, 100% Original","robots":{"index":"index","follow":"follow","max-snippet":"max-snippet:-1","max-image-preview":"max-image-preview:large","max-video-preview":"max-video-preview:-1"},"canonical":"https:\/\/fumot.uk\/es\/product\/waspe-fw-30000-puffs-mixed-berry\/","og_locale":"es_ES","og_type":"article","og_title":"WASPE FW-30000 PUFFS-Mixed Berry - Fumot Official Direct | Straight from the Factory, 100% Genuine","og_description":"WASPE FW-30000 Mixed Berries: Beerig-frisch, intensiver Dampfgenuss Genie\u00dfen Sie die perfekte Mischung aus fruchtigem Aroma \u2013 Mixed Berries, das sich zu einer s\u00fc\u00dfen und leicht s\u00e4uerlichen Geschmacksexplosion im Mund entfaltet. Jeder Zug liefert vollen Beerengeschmack und sanften, feinen Dampf, der sowohl geschmacklich \u00fcberzeugt als auch einen angenehmen Throat-Hit bietet. Ob f\u00fcr den t\u00e4glichen Genuss oder [&hellip;]","og_url":"https:\/\/fumot.uk\/es\/product\/waspe-fw-30000-puffs-mixed-berry\/","og_site_name":"Fumot Official Direct | Straight from the Factory, 100% Genuine","article_modified_time":"2026-01-20T10:15:44+00:00","og_image":[{"width":1600,"height":1600,"url":"https:\/\/fumot.uk\/wp-content\/uploads\/2026\/01\/Mixed-Berry-WASPE-FW-30000-PUFFS-Disposable-Vape.jpg","type":"image\/jpeg"}],"twitter_card":"summary_large_image","twitter_misc":{"Tiempo de lectura":"2 minutos"},"schema":{"@context":"https:\/\/schema.org","@graph":[{"@type":"WebPage","@id":"https:\/\/fumot.uk\/product\/waspe-fw-30000-puffs-mixed-berry\/","url":"https:\/\/fumot.uk\/product\/waspe-fw-30000-puffs-mixed-berry\/","name":"WASPE FW-30000 PUFFS-Mixed Berry - Fumot Official Direct | Directo de la F\u00e1brica, 100% Original","isPartOf":{"@id":"https:\/\/fumot.uk\/#website"},"primaryImageOfPage":{"@id":"https:\/\/fumot.uk\/product\/waspe-fw-30000-puffs-mixed-berry\/#primaryimage"},"image":{"@id":"https:\/\/fumot.uk\/product\/waspe-fw-30000-puffs-mixed-berry\/#primaryimage"},"thumbnailUrl":"https:\/\/fumot.uk\/wp-content\/uploads\/2026\/01\/Mixed-Berry-WASPE-FW-30000-PUFFS-Disposable-Vape.jpg","datePublished":"2026-01-20T10:13:51+00:00","dateModified":"2026-01-20T10:15:44+00:00","breadcrumb":{"@id":"https:\/\/fumot.uk\/product\/waspe-fw-30000-puffs-mixed-berry\/#breadcrumb"},"inLanguage":"es","potentialAction":[{"@type":"ReadAction","target":["https:\/\/fumot.uk\/product\/waspe-fw-30000-puffs-mixed-berry\/"]}]},{"@type":"ImageObject","inLanguage":"es","@id":"https:\/\/fumot.uk\/product\/waspe-fw-30000-puffs-mixed-berry\/#primaryimage","url":"https:\/\/fumot.uk\/wp-content\/uploads\/2026\/01\/Mixed-Berry-WASPE-FW-30000-PUFFS-Disposable-Vape.jpg","contentUrl":"https:\/\/fumot.uk\/wp-content\/uploads\/2026\/01\/Mixed-Berry-WASPE-FW-30000-PUFFS-Disposable-Vape.jpg","width":1600,"height":1600},{"@type":"BreadcrumbList","@id":"https:\/\/fumot.uk\/product\/waspe-fw-30000-puffs-mixed-berry\/#breadcrumb","itemListElement":[{"@type":"ListItem","position":1,"name":"Home","item":"https:\/\/fumot.uk\/"},{"@type":"ListItem","position":2,"name":"Shop","item":"https:\/\/fumot.uk\/shop\/"},{"@type":"ListItem","position":3,"name":"WASPE FW-30000 PUFFS-Mixed Berry"}]},{"@type":"WebSite","@id":"https:\/\/fumot.uk\/#website","url":"https:\/\/fumot.uk\/","name":"Fumot Official Direct | Directo desde la f\u00e1brica, 100% Original","description":"Sitio Oficial","publisher":{"@id":"https:\/\/fumot.uk\/#organization"},"potentialAction":[{"@type":"SearchAction","target":{"@type":"EntryPoint","urlTemplate":"https:\/\/fumot.uk\/?s={search_term_string}"},"query-input":{"@type":"PropertyValueSpecification","valueRequired":true,"valueName":"search_term_string"}}],"inLanguage":"es"},{"@type":"Organization","@id":"https:\/\/fumot.uk\/#organization","name":"Fumot Official Direct | Directo desde la f\u00e1brica, 100% Original","url":"https:\/\/fumot.uk\/","logo":{"@type":"ImageObject","inLanguage":"es","@id":"https:\/\/fumot.uk\/#\/schema\/logo\/image\/","url":"https:\/\/fumot.uk\/wp-content\/uploads\/2026\/01\/cropped-fumot-logo1.png","contentUrl":"https:\/\/fumot.uk\/wp-content\/uploads\/2026\/01\/cropped-fumot-logo1.png","width":152,"height":106,"caption":"Fumot Official Direct | Straight from the Factory, 100% Genuine"},"image":{"@id":"https:\/\/fumot.uk\/#\/schema\/logo\/image\/"}}]}},"_links":{"self":[{"href":"https:\/\/fumot.uk\/es\/wp-json\/wp\/v2\/product\/3570","targetHints":{"allow":["GET"]}}],"collection":[{"href":"https:\/\/fumot.uk\/es\/wp-json\/wp\/v2\/product"}],"about":[{"href":"https:\/\/fumot.uk\/es\/wp-json\/wp\/v2\/types\/product"}],"replies":[{"embeddable":true,"href":"https:\/\/fumot.uk\/es\/wp-json\/wp\/v2\/comments?post=3570"}],"wp:featuredmedia":[{"embeddable":true,"href":"https:\/\/fumot.uk\/es\/wp-json\/wp\/v2\/media\/3614"}],"wp:attachment":[{"href":"https:\/\/fumot.uk\/es\/wp-json\/wp\/v2\/media?parent=3570"}],"wp:term":[{"taxonomy":"product_brand","embeddable":true,"href":"https:\/\/fumot.uk\/es\/wp-json\/wp\/v2\/product_brand?post=3570"},{"taxonomy":"product_cat","embeddable":true,"href":"https:\/\/fumot.uk\/es\/wp-json\/wp\/v2\/product_cat?post=3570"},{"taxonomy":"product_tag","embeddable":true,"href":"https:\/\/fumot.uk\/es\/wp-json\/wp\/v2\/product_tag?post=3570"}],"curies":[{"name":"wp","href":"https:\/\/api.w.org\/{rel}","templated":true}]}}