{"id":3566,"date":"2026-01-20T10:13:50","date_gmt":"2026-01-20T10:13:50","guid":{"rendered":"https:\/\/fumot.uk\/?post_type=product&#038;p=3566"},"modified":"2026-01-21T01:40:24","modified_gmt":"2026-01-21T01:40:24","slug":"watermelon-bubblegum-waspe-crystal-20000-puffs","status":"publish","type":"product","link":"https:\/\/fumot.uk\/es\/product\/watermelon-bubblegum-waspe-crystal-20000-puffs\/","title":{"rendered":"WASPE Crystal 20000 Puffs Sand\u00eda Chicle Vape Desechable (24ml, Doble Malla, Pantalla LED, USB-C)"},"content":{"rendered":"<h2>WASPE Crystal 20000 Puffs \u2013 Chicle de Sand\u00eda<\/h2>\n<p><strong>Chicle de Sand\u00eda<\/strong> combina jugosa sand\u00eda con un acabado suave, tipo caramelo de chicle para un vapeo brillante, estilo verano que se mantiene dulce sin sentirse exagerado. Cada calada es redonda y sabrosa: mel\u00f3n fresco al frente, seguido de una suave nota de chicle que perdura agradablemente.<\/p>\n<h3>Por qu\u00e9 te encantar\u00e1 este sabor<\/h3>\n<ul>\n<li><strong>Perfil principalmente frutal:<\/strong> sabor a sand\u00eda crujiente con una sensaci\u00f3n limpia y refrescante<\/li>\n<li><strong>Acabado dulce:<\/strong> suave nota de caramelo de chicle para una vibra f\u00e1cil todo el d\u00eda<\/li>\n<li><strong>Vapor suave:<\/strong> dise\u00f1ado para una calada consistente y satisfactoria de principio a fin<\/li>\n<\/ul>\n<h3>Aspecto cristalino, rendimiento inteligente<\/h3>\n<p>El <strong>WASPE Crystal 20000 Puffs<\/strong> combina un cuerpo claro estilo cristal con caracter\u00edsticas pr\u00e1cticas para la conveniencia diaria. El <strong>pantalla LED<\/strong> te mantiene informado de un vistazo, mientras que el <strong>sistema de doble bobina de malla<\/strong> ayuda a entregar vapor denso y suave y sabor estable durante toda la vida \u00fatil del dispositivo. Es <strong>sin mantenimiento<\/strong> y listo para usar directamente de la caja.<\/p>\n<p>Explora m\u00e1s sabores y dispositivos en <a href=\"https:\/\/fumot.uk\/es\/\">fumot.uk<\/a>.<\/p>\n<h3>Especificaciones t\u00e9cnicas<\/h3>\n<ul>\n<li><strong>Caladas:<\/strong> Hasta 20000<\/li>\n<li><strong>Bobina:<\/strong> Doble Bobina de Malla 1\u03a9 + 1\u03a9<\/li>\n<li><strong>Capacidad de e-l\u00edquido:<\/strong> 24ml<\/li>\n<li><strong>Opciones de nicotina:<\/strong> 0% \/ 2% \/ 5% (selecciona tu preferencia)<\/li>\n<li><strong>Bater\u00eda:<\/strong> 900mAh<\/li>\n<li><strong>Carga:<\/strong> USB Tipo-C (recargable)<\/li>\n<li><strong>Pantalla:<\/strong> pantalla LED<\/li>\n<\/ul>\n<h3>Para qui\u00e9n es<\/h3>\n<p>Si disfrutas <strong>fruta + caramelo<\/strong> sabores, Chicle de Sand\u00eda es una excelente opci\u00f3n: refrescante, ligeramente dulce y f\u00e1cil de volver a disfrutar durante el d\u00eda, ya sea que est\u00e9s tomando un descanso r\u00e1pido o acomod\u00e1ndote para una sesi\u00f3n m\u00e1s larga.<\/p>","protected":false},"excerpt":{"rendered":"<p>La jugosa sand\u00eda se encuentra con un suave acabado de chicle en el WASPE Crystal 20000 Puffs. 24ml de e-l\u00edquido, bobinas de malla dual, pantalla LED y recargable por USB\u2011C\u2014disponible en 0%\/2%\/5% de nicotina.<\/p>","protected":false},"featured_media":3610,"comment_status":"open","ping_status":"closed","template":"","meta":[],"product_brand":[],"product_cat":[68,17,185],"product_tag":[84,70,171,71,186,49,113,72,23,73,26,28,32],"class_list":{"0":"post-3566","1":"product","2":"type-product","3":"status-publish","4":"has-post-thumbnail","6":"product_cat-20000-puff","7":"product_cat-vape","8":"product_cat-waspe-crystal-20000-puffs","9":"product_tag-0-nikotin","10":"product_tag-2-nikotin","11":"product_tag-24ml","12":"product_tag-5-nikotin","13":"product_tag-900mah","14":"product_tag-bubblegum","15":"product_tag-crystal-vape","16":"product_tag-direct-to-lung","17":"product_tag-display","18":"product_tag-dual-mesh","19":"product_tag-rechargeable","20":"product_tag-type-c","21":"product_tag-watermelon","23":"first","24":"instock","25":"sale","26":"shipping-taxable","27":"purchasable","28":"product-type-variable","29":"has-default-attributes"},"yoast_head":"<!-- This site is optimized with the Yoast SEO plugin v26.8 - https:\/\/yoast.com\/product\/yoast-seo-wordpress\/ -->\n<title>WASPE Crystal 20000 Puffs Watermelon Bubblegum Vape<\/title>\n<meta name=\"description\" content=\"WASPE Crystal 20000 Puffs Watermelon Bubblegum: 24ml, dual mesh coils, LED display, 900mAh USB\u2011C rechargeable. Choose 0%\/2%\/5% nicotine.\" \/>\n<meta name=\"robots\" content=\"index, follow, max-snippet:-1, max-image-preview:large, max-video-preview:-1\" \/>\n<link rel=\"canonical\" href=\"https:\/\/fumot.uk\/es\/product\/watermelon-bubblegum-waspe-crystal-20000-puffs\/\" \/>\n<meta property=\"og:locale\" content=\"es_ES\" \/>\n<meta property=\"og:type\" content=\"article\" \/>\n<meta property=\"og:title\" content=\"Watermelon Bubblegum \u2013 WASPE Crystal 20000 Puffs\" \/>\n<meta property=\"og:description\" content=\"Fresh watermelon with a smooth bubblegum finish. Crystal-style design with LED display, dual mesh coils, 24ml e-liquid and USB\u2011C rechargeable power.\" \/>\n<meta property=\"og:url\" content=\"https:\/\/fumot.uk\/es\/product\/watermelon-bubblegum-waspe-crystal-20000-puffs\/\" \/>\n<meta property=\"og:site_name\" content=\"Fumot Official Direct | Straight from the Factory, 100% Genuine\" \/>\n<meta property=\"article:modified_time\" content=\"2026-01-21T01:40:24+00:00\" \/>\n<meta property=\"og:image\" content=\"https:\/\/fumot.uk\/wp-content\/uploads\/2026\/01\/WASPE-Crystal-20000-Puffs-Watermelon-Bubblegum-Disposable-Vape.jpg\" \/>\n\t<meta property=\"og:image:width\" content=\"2000\" \/>\n\t<meta property=\"og:image:height\" content=\"1500\" \/>\n\t<meta property=\"og:image:type\" content=\"image\/jpeg\" \/>\n<meta name=\"twitter:card\" content=\"summary_large_image\" \/>\n<meta name=\"twitter:label1\" content=\"Tiempo de lectura\" \/>\n\t<meta name=\"twitter:data1\" content=\"2 minutos\" \/>\n<script type=\"application\/ld+json\" class=\"yoast-schema-graph\">{\"@context\":\"https:\/\/schema.org\",\"@graph\":[{\"@type\":\"WebPage\",\"@id\":\"https:\/\/fumot.uk\/product\/watermelon-bubblegum-waspe-crystal-20000-puffs\/\",\"url\":\"https:\/\/fumot.uk\/product\/watermelon-bubblegum-waspe-crystal-20000-puffs\/\",\"name\":\"WASPE Crystal 20000 Puffs Watermelon Bubblegum Vape\",\"isPartOf\":{\"@id\":\"https:\/\/fumot.uk\/#website\"},\"primaryImageOfPage\":{\"@id\":\"https:\/\/fumot.uk\/product\/watermelon-bubblegum-waspe-crystal-20000-puffs\/#primaryimage\"},\"image\":{\"@id\":\"https:\/\/fumot.uk\/product\/watermelon-bubblegum-waspe-crystal-20000-puffs\/#primaryimage\"},\"thumbnailUrl\":\"https:\/\/fumot.uk\/wp-content\/uploads\/2026\/01\/WASPE-Crystal-20000-Puffs-Watermelon-Bubblegum-Disposable-Vape.jpg\",\"datePublished\":\"2026-01-20T10:13:50+00:00\",\"dateModified\":\"2026-01-21T01:40:24+00:00\",\"description\":\"WASPE Crystal 20000 Puffs Watermelon Bubblegum: 24ml, dual mesh coils, LED display, 900mAh USB\u2011C rechargeable. Choose 0%\/2%\/5% nicotine.\",\"breadcrumb\":{\"@id\":\"https:\/\/fumot.uk\/product\/watermelon-bubblegum-waspe-crystal-20000-puffs\/#breadcrumb\"},\"inLanguage\":\"es\",\"potentialAction\":[{\"@type\":\"ReadAction\",\"target\":[\"https:\/\/fumot.uk\/product\/watermelon-bubblegum-waspe-crystal-20000-puffs\/\"]}]},{\"@type\":\"ImageObject\",\"inLanguage\":\"es\",\"@id\":\"https:\/\/fumot.uk\/product\/watermelon-bubblegum-waspe-crystal-20000-puffs\/#primaryimage\",\"url\":\"https:\/\/fumot.uk\/wp-content\/uploads\/2026\/01\/WASPE-Crystal-20000-Puffs-Watermelon-Bubblegum-Disposable-Vape.jpg\",\"contentUrl\":\"https:\/\/fumot.uk\/wp-content\/uploads\/2026\/01\/WASPE-Crystal-20000-Puffs-Watermelon-Bubblegum-Disposable-Vape.jpg\",\"width\":2000,\"height\":1500},{\"@type\":\"BreadcrumbList\",\"@id\":\"https:\/\/fumot.uk\/product\/watermelon-bubblegum-waspe-crystal-20000-puffs\/#breadcrumb\",\"itemListElement\":[{\"@type\":\"ListItem\",\"position\":1,\"name\":\"Home\",\"item\":\"https:\/\/fumot.uk\/\"},{\"@type\":\"ListItem\",\"position\":2,\"name\":\"Shop\",\"item\":\"https:\/\/fumot.uk\/shop\/\"},{\"@type\":\"ListItem\",\"position\":3,\"name\":\"WASPE Crystal 20000 Puffs Watermelon Bubblegum Disposable Vape (24ml, Dual Mesh, LED Display, USB-C)\"}]},{\"@type\":\"WebSite\",\"@id\":\"https:\/\/fumot.uk\/#website\",\"url\":\"https:\/\/fumot.uk\/\",\"name\":\"Fumot Official Direct | Straight from the Factory, 100% Genuine\",\"description\":\"Official Website\",\"publisher\":{\"@id\":\"https:\/\/fumot.uk\/#organization\"},\"potentialAction\":[{\"@type\":\"SearchAction\",\"target\":{\"@type\":\"EntryPoint\",\"urlTemplate\":\"https:\/\/fumot.uk\/?s={search_term_string}\"},\"query-input\":{\"@type\":\"PropertyValueSpecification\",\"valueRequired\":true,\"valueName\":\"search_term_string\"}}],\"inLanguage\":\"es\"},{\"@type\":\"Organization\",\"@id\":\"https:\/\/fumot.uk\/#organization\",\"name\":\"Fumot Official Direct | Straight from the Factory, 100% Genuine\",\"url\":\"https:\/\/fumot.uk\/\",\"logo\":{\"@type\":\"ImageObject\",\"inLanguage\":\"es\",\"@id\":\"https:\/\/fumot.uk\/#\/schema\/logo\/image\/\",\"url\":\"https:\/\/fumot.uk\/wp-content\/uploads\/2026\/01\/cropped-fumot-logo1.png\",\"contentUrl\":\"https:\/\/fumot.uk\/wp-content\/uploads\/2026\/01\/cropped-fumot-logo1.png\",\"width\":152,\"height\":106,\"caption\":\"Fumot Official Direct | Straight from the Factory, 100% Genuine\"},\"image\":{\"@id\":\"https:\/\/fumot.uk\/#\/schema\/logo\/image\/\"}}]}<\/script>\n<!-- \/ Yoast SEO plugin. -->","yoast_head_json":{"title":"WASPE Crystal 20000 Puffs Vape de Sand\u00eda y Chicle","description":"WASPE Crystal 20000 Puffs Sand\u00eda Chicle: 24ml, bobinas de malla dual, pantalla LED, recargable USB\u2011C de 900mAh. Elija 0%\/2%\/5% nicotina.","robots":{"index":"index","follow":"follow","max-snippet":"max-snippet:-1","max-image-preview":"max-image-preview:large","max-video-preview":"max-video-preview:-1"},"canonical":"https:\/\/fumot.uk\/es\/product\/watermelon-bubblegum-waspe-crystal-20000-puffs\/","og_locale":"es_ES","og_type":"article","og_title":"Watermelon Bubblegum \u2013 WASPE Crystal 20000 Puffs","og_description":"Fresh watermelon with a smooth bubblegum finish. Crystal-style design with LED display, dual mesh coils, 24ml e-liquid and USB\u2011C rechargeable power.","og_url":"https:\/\/fumot.uk\/es\/product\/watermelon-bubblegum-waspe-crystal-20000-puffs\/","og_site_name":"Fumot Official Direct | Straight from the Factory, 100% Genuine","article_modified_time":"2026-01-21T01:40:24+00:00","og_image":[{"width":2000,"height":1500,"url":"https:\/\/fumot.uk\/wp-content\/uploads\/2026\/01\/WASPE-Crystal-20000-Puffs-Watermelon-Bubblegum-Disposable-Vape.jpg","type":"image\/jpeg"}],"twitter_card":"summary_large_image","twitter_misc":{"Tiempo de lectura":"2 minutos"},"schema":{"@context":"https:\/\/schema.org","@graph":[{"@type":"WebPage","@id":"https:\/\/fumot.uk\/product\/watermelon-bubblegum-waspe-crystal-20000-puffs\/","url":"https:\/\/fumot.uk\/product\/watermelon-bubblegum-waspe-crystal-20000-puffs\/","name":"WASPE Crystal 20000 Puffs Vape de Sand\u00eda y Chicle","isPartOf":{"@id":"https:\/\/fumot.uk\/#website"},"primaryImageOfPage":{"@id":"https:\/\/fumot.uk\/product\/watermelon-bubblegum-waspe-crystal-20000-puffs\/#primaryimage"},"image":{"@id":"https:\/\/fumot.uk\/product\/watermelon-bubblegum-waspe-crystal-20000-puffs\/#primaryimage"},"thumbnailUrl":"https:\/\/fumot.uk\/wp-content\/uploads\/2026\/01\/WASPE-Crystal-20000-Puffs-Watermelon-Bubblegum-Disposable-Vape.jpg","datePublished":"2026-01-20T10:13:50+00:00","dateModified":"2026-01-21T01:40:24+00:00","description":"WASPE Crystal 20000 Puffs Sand\u00eda Chicle: 24ml, bobinas de malla dual, pantalla LED, recargable USB\u2011C de 900mAh. Elija 0%\/2%\/5% nicotina.","breadcrumb":{"@id":"https:\/\/fumot.uk\/product\/watermelon-bubblegum-waspe-crystal-20000-puffs\/#breadcrumb"},"inLanguage":"es","potentialAction":[{"@type":"ReadAction","target":["https:\/\/fumot.uk\/product\/watermelon-bubblegum-waspe-crystal-20000-puffs\/"]}]},{"@type":"ImageObject","inLanguage":"es","@id":"https:\/\/fumot.uk\/product\/watermelon-bubblegum-waspe-crystal-20000-puffs\/#primaryimage","url":"https:\/\/fumot.uk\/wp-content\/uploads\/2026\/01\/WASPE-Crystal-20000-Puffs-Watermelon-Bubblegum-Disposable-Vape.jpg","contentUrl":"https:\/\/fumot.uk\/wp-content\/uploads\/2026\/01\/WASPE-Crystal-20000-Puffs-Watermelon-Bubblegum-Disposable-Vape.jpg","width":2000,"height":1500},{"@type":"BreadcrumbList","@id":"https:\/\/fumot.uk\/product\/watermelon-bubblegum-waspe-crystal-20000-puffs\/#breadcrumb","itemListElement":[{"@type":"ListItem","position":1,"name":"Home","item":"https:\/\/fumot.uk\/"},{"@type":"ListItem","position":2,"name":"Shop","item":"https:\/\/fumot.uk\/shop\/"},{"@type":"ListItem","position":3,"name":"WASPE Crystal 20000 Puffs Watermelon Bubblegum Disposable Vape (24ml, Dual Mesh, LED Display, USB-C)"}]},{"@type":"WebSite","@id":"https:\/\/fumot.uk\/#website","url":"https:\/\/fumot.uk\/","name":"Fumot Official Direct | Directo desde la f\u00e1brica, 100% Original","description":"Sitio Oficial","publisher":{"@id":"https:\/\/fumot.uk\/#organization"},"potentialAction":[{"@type":"SearchAction","target":{"@type":"EntryPoint","urlTemplate":"https:\/\/fumot.uk\/?s={search_term_string}"},"query-input":{"@type":"PropertyValueSpecification","valueRequired":true,"valueName":"search_term_string"}}],"inLanguage":"es"},{"@type":"Organization","@id":"https:\/\/fumot.uk\/#organization","name":"Fumot Official Direct | Directo desde la f\u00e1brica, 100% Original","url":"https:\/\/fumot.uk\/","logo":{"@type":"ImageObject","inLanguage":"es","@id":"https:\/\/fumot.uk\/#\/schema\/logo\/image\/","url":"https:\/\/fumot.uk\/wp-content\/uploads\/2026\/01\/cropped-fumot-logo1.png","contentUrl":"https:\/\/fumot.uk\/wp-content\/uploads\/2026\/01\/cropped-fumot-logo1.png","width":152,"height":106,"caption":"Fumot Official Direct | Straight from the Factory, 100% Genuine"},"image":{"@id":"https:\/\/fumot.uk\/#\/schema\/logo\/image\/"}}]}},"_links":{"self":[{"href":"https:\/\/fumot.uk\/es\/wp-json\/wp\/v2\/product\/3566","targetHints":{"allow":["GET"]}}],"collection":[{"href":"https:\/\/fumot.uk\/es\/wp-json\/wp\/v2\/product"}],"about":[{"href":"https:\/\/fumot.uk\/es\/wp-json\/wp\/v2\/types\/product"}],"replies":[{"embeddable":true,"href":"https:\/\/fumot.uk\/es\/wp-json\/wp\/v2\/comments?post=3566"}],"wp:featuredmedia":[{"embeddable":true,"href":"https:\/\/fumot.uk\/es\/wp-json\/wp\/v2\/media\/3610"}],"wp:attachment":[{"href":"https:\/\/fumot.uk\/es\/wp-json\/wp\/v2\/media?parent=3566"}],"wp:term":[{"taxonomy":"product_brand","embeddable":true,"href":"https:\/\/fumot.uk\/es\/wp-json\/wp\/v2\/product_brand?post=3566"},{"taxonomy":"product_cat","embeddable":true,"href":"https:\/\/fumot.uk\/es\/wp-json\/wp\/v2\/product_cat?post=3566"},{"taxonomy":"product_tag","embeddable":true,"href":"https:\/\/fumot.uk\/es\/wp-json\/wp\/v2\/product_tag?post=3566"}],"curies":[{"name":"wp","href":"https:\/\/api.w.org\/{rel}","templated":true}]}}