{"id":3545,"date":"2026-01-20T10:13:26","date_gmt":"2026-01-20T10:13:26","guid":{"rendered":"https:\/\/fumot.uk\/?post_type=product&#038;p=3545"},"modified":"2026-01-21T01:43:22","modified_gmt":"2026-01-21T01:43:22","slug":"peach-ice-waspe-crystal-20000-puffs","status":"publish","type":"product","link":"https:\/\/fumot.uk\/es\/product\/peach-ice-waspe-crystal-20000-puffs\/","title":{"rendered":"WASPE Crystal 20000 Puffs Peach Ice \u2013 Vape Desechable Cristal Claro, 24ml, Malla Dual, USB\u2011C"},"content":{"rendered":"<h4>WASPE Crystal 20000 Puffs Peach Ice \u2013 melocot\u00f3n jugoso, acabado limpio y helado<\/h4>\n<p><strong>WASPE Crystal 20000 Puffs Peach Ice<\/strong> captura el sabor de melocotones maduros calentados por el sol y lo combina con una exhalaci\u00f3n ligera y refrescante. El resultado es suave y aterciopelado: fruta brillante al frente, seguida de una nota de hielo crujiente que mantiene cada calada fresca. Si te encantan los sabores afrutados que no se sienten pesados ni demasiado dulces, Peach Ice es una opci\u00f3n f\u00e1cil para todo el d\u00eda para vibraciones veraniegas en cualquier momento.<\/p>\n<h4>Dise\u00f1o de cristal, rendimiento m\u00e1s inteligente<\/h4>\n<p>El <strong>WASPE Crystal 20000 Puffs<\/strong> destaca con un cuerpo transparente estilo cristal que luce limpio, moderno y premium. Un <strong>pantalla LED<\/strong> te ayuda a estar al tanto del uso, mientras que el <strong>doble bobina de malla (1\u03a9 + 1\u03a9)<\/strong> est\u00e1 dise\u00f1ado para ofrecer vapor denso y suave de manera consistente y un sabor bien definido desde la primera calada hasta la \u00faltima.<\/p>\n<p>Explora m\u00e1s opciones de alta capacidad aqu\u00ed: <a href=\"https:\/\/fumot.uk\/es\/product-category\/20000-puff\/\">vapes de 20000 caladas<\/a>.<\/p>\n<h4>Caracter\u00edsticas clave<\/h4>\n<ul>\n<li><strong>Hasta 20000 caladas<\/strong> (el uso var\u00eda seg\u00fan la longitud de la calada)<\/li>\n<li><strong>Sabor:<\/strong> Peach Ice (melocot\u00f3n jugoso + acabado refrescante)<\/li>\n<li><strong>Capacidad de e-l\u00edquido:<\/strong> 24ml<\/li>\n<li><strong>Bobina:<\/strong> Doble Malla 1\u03a9 + 1\u03a9<\/li>\n<li><strong>Opciones de nicotina:<\/strong> 0% \/ 2% \/ 5%<\/li>\n<li><strong>Bater\u00eda:<\/strong> 900mAh<\/li>\n<li><strong>Recargable:<\/strong> USB Tipo\u2011C<\/li>\n<li><strong>Pantalla:<\/strong> indicador LED<\/li>\n<\/ul>\n<h4>Por qu\u00e9 Peach Ice debe estar en tu rotaci\u00f3n<\/h4>\n<p>Piensa en \u201cmelocot\u00f3n reci\u00e9n cosechado\u201d con una brisa fresca al final: limpio, brillante y satisfactorio. Ya sea que busques un descanso refrescante o un vapeo afrutado diario, <strong>Hielo de Durazno<\/strong> mantiene el sabor vivo y el acabado crujiente.<\/p>","protected":false},"excerpt":{"rendered":"<p>El melocot\u00f3n maduro se encuentra con un acabado helado y crujiente en el WASPE Crystal 20000 Puffs Peach Ice. 24ml de e-l\u00edquido, doble bobina de malla, pantalla LED, recargable USB\u2011C de 900mAh.<\/p>","protected":false},"featured_media":3590,"comment_status":"open","ping_status":"closed","template":"","meta":[],"product_brand":[],"product_cat":[68,17,185],"product_tag":[84,70,171,71,186,113,72,23,73,29,30,26,28],"class_list":{"0":"post-3545","1":"product","2":"type-product","3":"status-publish","4":"has-post-thumbnail","6":"product_cat-20000-puff","7":"product_cat-vape","8":"product_cat-waspe-crystal-20000-puffs","9":"product_tag-0-nikotin","10":"product_tag-2-nikotin","11":"product_tag-24ml","12":"product_tag-5-nikotin","13":"product_tag-900mah","14":"product_tag-crystal-vape","15":"product_tag-direct-to-lung","16":"product_tag-display","17":"product_tag-dual-mesh","18":"product_tag-ice","19":"product_tag-peach","20":"product_tag-rechargeable","21":"product_tag-type-c","23":"first","24":"instock","25":"sale","26":"shipping-taxable","27":"purchasable","28":"product-type-variable","29":"has-default-attributes"},"yoast_head":"<!-- This site is optimized with the Yoast SEO plugin v26.8 - https:\/\/yoast.com\/product\/yoast-seo-wordpress\/ -->\n<title>WASPE Crystal 20000 Puffs Peach Ice | 24ml USB\u2011C<\/title>\n<meta name=\"description\" content=\"WASPE Crystal 20000 Puffs Peach Ice: juicy peach with a cool finish. 24ml, dual mesh coil, LED display, 900mAh USB\u2011C rechargeable. 0\/2\/5% nic.\" \/>\n<meta name=\"robots\" content=\"index, follow, max-snippet:-1, max-image-preview:large, max-video-preview:-1\" \/>\n<link rel=\"canonical\" href=\"https:\/\/fumot.uk\/es\/product\/peach-ice-waspe-crystal-20000-puffs\/\" \/>\n<meta property=\"og:locale\" content=\"es_ES\" \/>\n<meta property=\"og:type\" content=\"article\" \/>\n<meta property=\"og:title\" content=\"WASPE Crystal Peach Ice \u2013 20000 Puffs of Cool Peach Flavor\" \/>\n<meta property=\"og:description\" content=\"Smooth peach taste with an icy finish, crystal-clear design, dual mesh coil and LED display. 24ml, 900mAh USB\u2011C rechargeable. Nic 0\/2\/5%.\" \/>\n<meta property=\"og:url\" content=\"https:\/\/fumot.uk\/es\/product\/peach-ice-waspe-crystal-20000-puffs\/\" \/>\n<meta property=\"og:site_name\" content=\"Fumot Official Direct | Straight from the Factory, 100% Genuine\" \/>\n<meta property=\"article:modified_time\" content=\"2026-01-21T01:43:22+00:00\" \/>\n<meta property=\"og:image\" content=\"https:\/\/fumot.uk\/wp-content\/uploads\/2026\/01\/WASPE-Crystal-20000-Puffs-Peach-Ice-Disposable-Vape.jpg\" \/>\n\t<meta property=\"og:image:width\" content=\"2000\" \/>\n\t<meta property=\"og:image:height\" content=\"1500\" \/>\n\t<meta property=\"og:image:type\" content=\"image\/jpeg\" \/>\n<meta name=\"twitter:card\" content=\"summary_large_image\" \/>\n<meta name=\"twitter:label1\" content=\"Tiempo de lectura\" \/>\n\t<meta name=\"twitter:data1\" content=\"2 minutos\" \/>\n<script type=\"application\/ld+json\" class=\"yoast-schema-graph\">{\"@context\":\"https:\/\/schema.org\",\"@graph\":[{\"@type\":\"WebPage\",\"@id\":\"https:\/\/fumot.uk\/product\/peach-ice-waspe-crystal-20000-puffs\/\",\"url\":\"https:\/\/fumot.uk\/product\/peach-ice-waspe-crystal-20000-puffs\/\",\"name\":\"WASPE Crystal 20000 Puffs Peach Ice | 24ml USB\u2011C\",\"isPartOf\":{\"@id\":\"https:\/\/fumot.uk\/#website\"},\"primaryImageOfPage\":{\"@id\":\"https:\/\/fumot.uk\/product\/peach-ice-waspe-crystal-20000-puffs\/#primaryimage\"},\"image\":{\"@id\":\"https:\/\/fumot.uk\/product\/peach-ice-waspe-crystal-20000-puffs\/#primaryimage\"},\"thumbnailUrl\":\"https:\/\/fumot.uk\/wp-content\/uploads\/2026\/01\/WASPE-Crystal-20000-Puffs-Peach-Ice-Disposable-Vape.jpg\",\"datePublished\":\"2026-01-20T10:13:26+00:00\",\"dateModified\":\"2026-01-21T01:43:22+00:00\",\"description\":\"WASPE Crystal 20000 Puffs Peach Ice: juicy peach with a cool finish. 24ml, dual mesh coil, LED display, 900mAh USB\u2011C rechargeable. 0\/2\/5% nic.\",\"breadcrumb\":{\"@id\":\"https:\/\/fumot.uk\/product\/peach-ice-waspe-crystal-20000-puffs\/#breadcrumb\"},\"inLanguage\":\"es\",\"potentialAction\":[{\"@type\":\"ReadAction\",\"target\":[\"https:\/\/fumot.uk\/product\/peach-ice-waspe-crystal-20000-puffs\/\"]}]},{\"@type\":\"ImageObject\",\"inLanguage\":\"es\",\"@id\":\"https:\/\/fumot.uk\/product\/peach-ice-waspe-crystal-20000-puffs\/#primaryimage\",\"url\":\"https:\/\/fumot.uk\/wp-content\/uploads\/2026\/01\/WASPE-Crystal-20000-Puffs-Peach-Ice-Disposable-Vape.jpg\",\"contentUrl\":\"https:\/\/fumot.uk\/wp-content\/uploads\/2026\/01\/WASPE-Crystal-20000-Puffs-Peach-Ice-Disposable-Vape.jpg\",\"width\":2000,\"height\":1500},{\"@type\":\"BreadcrumbList\",\"@id\":\"https:\/\/fumot.uk\/product\/peach-ice-waspe-crystal-20000-puffs\/#breadcrumb\",\"itemListElement\":[{\"@type\":\"ListItem\",\"position\":1,\"name\":\"Home\",\"item\":\"https:\/\/fumot.uk\/\"},{\"@type\":\"ListItem\",\"position\":2,\"name\":\"Shop\",\"item\":\"https:\/\/fumot.uk\/shop\/\"},{\"@type\":\"ListItem\",\"position\":3,\"name\":\"WASPE Crystal 20000 Puffs Peach Ice \u2013 Crystal Clear Disposable Vape, 24ml, Dual Mesh, USB\u2011C\"}]},{\"@type\":\"WebSite\",\"@id\":\"https:\/\/fumot.uk\/#website\",\"url\":\"https:\/\/fumot.uk\/\",\"name\":\"Fumot Official Direct | Straight from the Factory, 100% Genuine\",\"description\":\"Official Website\",\"publisher\":{\"@id\":\"https:\/\/fumot.uk\/#organization\"},\"potentialAction\":[{\"@type\":\"SearchAction\",\"target\":{\"@type\":\"EntryPoint\",\"urlTemplate\":\"https:\/\/fumot.uk\/?s={search_term_string}\"},\"query-input\":{\"@type\":\"PropertyValueSpecification\",\"valueRequired\":true,\"valueName\":\"search_term_string\"}}],\"inLanguage\":\"es\"},{\"@type\":\"Organization\",\"@id\":\"https:\/\/fumot.uk\/#organization\",\"name\":\"Fumot Official Direct | Straight from the Factory, 100% Genuine\",\"url\":\"https:\/\/fumot.uk\/\",\"logo\":{\"@type\":\"ImageObject\",\"inLanguage\":\"es\",\"@id\":\"https:\/\/fumot.uk\/#\/schema\/logo\/image\/\",\"url\":\"https:\/\/fumot.uk\/wp-content\/uploads\/2026\/01\/cropped-fumot-logo1.png\",\"contentUrl\":\"https:\/\/fumot.uk\/wp-content\/uploads\/2026\/01\/cropped-fumot-logo1.png\",\"width\":152,\"height\":106,\"caption\":\"Fumot Official Direct | Straight from the Factory, 100% Genuine\"},\"image\":{\"@id\":\"https:\/\/fumot.uk\/#\/schema\/logo\/image\/\"}}]}<\/script>\n<!-- \/ Yoast SEO plugin. -->","yoast_head_json":{"title":"WASPE Crystal 20000 Puffs Hielo de Durazno | 24ml USB\u2011C","description":"WASPE Crystal 20000 Puffs Peach Ice: melocot\u00f3n jugoso con un acabado fresco. 24ml, bobina de malla dual, pantalla LED, recargable USB\u2011C de 900mAh. 0\/2\/5% nic.","robots":{"index":"index","follow":"follow","max-snippet":"max-snippet:-1","max-image-preview":"max-image-preview:large","max-video-preview":"max-video-preview:-1"},"canonical":"https:\/\/fumot.uk\/es\/product\/peach-ice-waspe-crystal-20000-puffs\/","og_locale":"es_ES","og_type":"article","og_title":"WASPE Crystal Peach Ice \u2013 20000 Puffs of Cool Peach Flavor","og_description":"Smooth peach taste with an icy finish, crystal-clear design, dual mesh coil and LED display. 24ml, 900mAh USB\u2011C rechargeable. Nic 0\/2\/5%.","og_url":"https:\/\/fumot.uk\/es\/product\/peach-ice-waspe-crystal-20000-puffs\/","og_site_name":"Fumot Official Direct | Straight from the Factory, 100% Genuine","article_modified_time":"2026-01-21T01:43:22+00:00","og_image":[{"width":2000,"height":1500,"url":"https:\/\/fumot.uk\/wp-content\/uploads\/2026\/01\/WASPE-Crystal-20000-Puffs-Peach-Ice-Disposable-Vape.jpg","type":"image\/jpeg"}],"twitter_card":"summary_large_image","twitter_misc":{"Tiempo de lectura":"2 minutos"},"schema":{"@context":"https:\/\/schema.org","@graph":[{"@type":"WebPage","@id":"https:\/\/fumot.uk\/product\/peach-ice-waspe-crystal-20000-puffs\/","url":"https:\/\/fumot.uk\/product\/peach-ice-waspe-crystal-20000-puffs\/","name":"WASPE Crystal 20000 Puffs Hielo de Durazno | 24ml USB\u2011C","isPartOf":{"@id":"https:\/\/fumot.uk\/#website"},"primaryImageOfPage":{"@id":"https:\/\/fumot.uk\/product\/peach-ice-waspe-crystal-20000-puffs\/#primaryimage"},"image":{"@id":"https:\/\/fumot.uk\/product\/peach-ice-waspe-crystal-20000-puffs\/#primaryimage"},"thumbnailUrl":"https:\/\/fumot.uk\/wp-content\/uploads\/2026\/01\/WASPE-Crystal-20000-Puffs-Peach-Ice-Disposable-Vape.jpg","datePublished":"2026-01-20T10:13:26+00:00","dateModified":"2026-01-21T01:43:22+00:00","description":"WASPE Crystal 20000 Puffs Peach Ice: melocot\u00f3n jugoso con un acabado fresco. 24ml, bobina de malla dual, pantalla LED, recargable USB\u2011C de 900mAh. 0\/2\/5% nic.","breadcrumb":{"@id":"https:\/\/fumot.uk\/product\/peach-ice-waspe-crystal-20000-puffs\/#breadcrumb"},"inLanguage":"es","potentialAction":[{"@type":"ReadAction","target":["https:\/\/fumot.uk\/product\/peach-ice-waspe-crystal-20000-puffs\/"]}]},{"@type":"ImageObject","inLanguage":"es","@id":"https:\/\/fumot.uk\/product\/peach-ice-waspe-crystal-20000-puffs\/#primaryimage","url":"https:\/\/fumot.uk\/wp-content\/uploads\/2026\/01\/WASPE-Crystal-20000-Puffs-Peach-Ice-Disposable-Vape.jpg","contentUrl":"https:\/\/fumot.uk\/wp-content\/uploads\/2026\/01\/WASPE-Crystal-20000-Puffs-Peach-Ice-Disposable-Vape.jpg","width":2000,"height":1500},{"@type":"BreadcrumbList","@id":"https:\/\/fumot.uk\/product\/peach-ice-waspe-crystal-20000-puffs\/#breadcrumb","itemListElement":[{"@type":"ListItem","position":1,"name":"Home","item":"https:\/\/fumot.uk\/"},{"@type":"ListItem","position":2,"name":"Shop","item":"https:\/\/fumot.uk\/shop\/"},{"@type":"ListItem","position":3,"name":"WASPE Crystal 20000 Puffs Peach Ice \u2013 Crystal Clear Disposable Vape, 24ml, Dual Mesh, USB\u2011C"}]},{"@type":"WebSite","@id":"https:\/\/fumot.uk\/#website","url":"https:\/\/fumot.uk\/","name":"Fumot Official Direct | Directo desde la f\u00e1brica, 100% Original","description":"Sitio Oficial","publisher":{"@id":"https:\/\/fumot.uk\/#organization"},"potentialAction":[{"@type":"SearchAction","target":{"@type":"EntryPoint","urlTemplate":"https:\/\/fumot.uk\/?s={search_term_string}"},"query-input":{"@type":"PropertyValueSpecification","valueRequired":true,"valueName":"search_term_string"}}],"inLanguage":"es"},{"@type":"Organization","@id":"https:\/\/fumot.uk\/#organization","name":"Fumot Official Direct | Directo desde la f\u00e1brica, 100% Original","url":"https:\/\/fumot.uk\/","logo":{"@type":"ImageObject","inLanguage":"es","@id":"https:\/\/fumot.uk\/#\/schema\/logo\/image\/","url":"https:\/\/fumot.uk\/wp-content\/uploads\/2026\/01\/cropped-fumot-logo1.png","contentUrl":"https:\/\/fumot.uk\/wp-content\/uploads\/2026\/01\/cropped-fumot-logo1.png","width":152,"height":106,"caption":"Fumot Official Direct | Straight from the Factory, 100% Genuine"},"image":{"@id":"https:\/\/fumot.uk\/#\/schema\/logo\/image\/"}}]}},"_links":{"self":[{"href":"https:\/\/fumot.uk\/es\/wp-json\/wp\/v2\/product\/3545","targetHints":{"allow":["GET"]}}],"collection":[{"href":"https:\/\/fumot.uk\/es\/wp-json\/wp\/v2\/product"}],"about":[{"href":"https:\/\/fumot.uk\/es\/wp-json\/wp\/v2\/types\/product"}],"replies":[{"embeddable":true,"href":"https:\/\/fumot.uk\/es\/wp-json\/wp\/v2\/comments?post=3545"}],"wp:featuredmedia":[{"embeddable":true,"href":"https:\/\/fumot.uk\/es\/wp-json\/wp\/v2\/media\/3590"}],"wp:attachment":[{"href":"https:\/\/fumot.uk\/es\/wp-json\/wp\/v2\/media?parent=3545"}],"wp:term":[{"taxonomy":"product_brand","embeddable":true,"href":"https:\/\/fumot.uk\/es\/wp-json\/wp\/v2\/product_brand?post=3545"},{"taxonomy":"product_cat","embeddable":true,"href":"https:\/\/fumot.uk\/es\/wp-json\/wp\/v2\/product_cat?post=3545"},{"taxonomy":"product_tag","embeddable":true,"href":"https:\/\/fumot.uk\/es\/wp-json\/wp\/v2\/product_tag?post=3545"}],"curies":[{"name":"wp","href":"https:\/\/api.w.org\/{rel}","templated":true}]}}