{"id":3544,"date":"2026-01-20T10:13:26","date_gmt":"2026-01-20T10:13:26","guid":{"rendered":"https:\/\/fumot.uk\/?post_type=product&#038;p=3544"},"modified":"2026-01-21T01:42:55","modified_gmt":"2026-01-21T01:42:55","slug":"grape-ice-waspe-crystal-20000-puffs","status":"publish","type":"product","link":"https:\/\/fumot.uk\/es\/product\/grape-ice-waspe-crystal-20000-puffs\/","title":{"rendered":"WASPE Crystal 20000 Puffs Grape Ice Vape Desechable | 24ml, Doble Malla, Pantalla LED, Recargable Tipo\u2011C"},"content":{"rendered":"<h2>WASPE Crystal 20000 Puffs \u2013 Uva Hielo<\/h2>\n<p><strong>Grape Ice<\/strong> combina el sabor de uvas jugosas y maduras con un acabado limpio y refrescante\u2014suave, afrutado y refrescante desde la primera calada hasta la \u00faltima. La nota de uva se mantiene brillante y con cuerpo, mientras que el toque helado mantiene cada calada crujiente sin volverse demasiado dulce.<\/p>\n<h3>Dise\u00f1o cristalino, rendimiento moderno<\/h3>\n<p><strong>WASPE Crystal 20000 Puffs<\/strong> combina una carcasa transparente estilo cristal con caracter\u00edsticas pr\u00e1cticas para el d\u00eda a d\u00eda. El integrado <strong>pantalla LED<\/strong> te ayuda a vigilar el uso de un vistazo, y el <strong>doble bobina de malla<\/strong> sistema est\u00e1 dise\u00f1ado para ofrecer vapor denso y consistente y un perfil de sabor limpio.<\/p>\n<h3>Por qu\u00e9 te encantar\u00e1 Grape Ice<\/h3>\n<ul>\n<li><strong>Sabor a uva fresca:<\/strong> notas de fruta rica y jugosa con una inhalaci\u00f3n suave<\/li>\n<li><strong>Acabado refrescante:<\/strong> un toque crujiente de \u201chielo\u201d que mantiene el sabor ligero<\/li>\n<li><strong>Disfrute duradero:<\/strong> hasta <strong>20000 caladas<\/strong> (el uso var\u00eda)<\/li>\n<li><strong>F\u00e1cil de recargar:<\/strong> <strong>Tipo\u2011C<\/strong> recargable para uso prolongado<\/li>\n<\/ul>\n<h3>Especificaciones t\u00e9cnicas<\/h3>\n<ul>\n<li><strong>Caladas:<\/strong> Hasta 20000<\/li>\n<li><strong>Bobina:<\/strong> Doble Bobina de Malla 1\u03a9 + 1\u03a9<\/li>\n<li><strong>Capacidad de e\u2011l\u00edquido:<\/strong> 24ml<\/li>\n<li><strong>Opciones de nicotina:<\/strong> 0% \/ 2% \/ 5% (selecciona tu preferencia)<\/li>\n<li><strong>Bater\u00eda:<\/strong> 900mAh<\/li>\n<li><strong>Carga:<\/strong> Recargable Tipo\u2011C<\/li>\n<li><strong>Pantalla:<\/strong> Pantalla LED<\/li>\n<\/ul>\n<p>Explora m\u00e1s sabores y toda la gama de WASPE en <a href=\"https:\/\/fumot.uk\/es\/\">fumot.uk<\/a>.<\/p>","protected":false},"excerpt":{"rendered":"<p>Disfruta de una suave inhalaci\u00f3n de uva con un acabado helado y crujiente. WASPE Crystal 20000 Puffs cuenta con 24 ml de e-l\u00edquido, bobinas de malla dual, pantalla LED y recarga Tipo\u2011C (0%\/2%\/5% nicotina).<\/p>","protected":false},"featured_media":3589,"comment_status":"open","ping_status":"closed","template":"","meta":[],"product_brand":[],"product_cat":[68,17,185],"product_tag":[84,70,171,71,186,113,72,23,73,39,26,28],"class_list":{"0":"post-3544","1":"product","2":"type-product","3":"status-publish","4":"has-post-thumbnail","6":"product_cat-20000-puff","7":"product_cat-vape","8":"product_cat-waspe-crystal-20000-puffs","9":"product_tag-0-nikotin","10":"product_tag-2-nikotin","11":"product_tag-24ml","12":"product_tag-5-nikotin","13":"product_tag-900mah","14":"product_tag-crystal-vape","15":"product_tag-direct-to-lung","16":"product_tag-display","17":"product_tag-dual-mesh","18":"product_tag-grape","19":"product_tag-rechargeable","20":"product_tag-type-c","22":"first","23":"instock","24":"sale","25":"shipping-taxable","26":"purchasable","27":"product-type-variable","28":"has-default-attributes"},"yoast_head":"<!-- This site is optimized with the Yoast SEO plugin v26.8 - https:\/\/yoast.com\/product\/yoast-seo-wordpress\/ -->\n<title>WASPE Crystal 20000 Puffs Grape Ice | 24ml Dual Mesh<\/title>\n<meta name=\"description\" content=\"WASPE Crystal 20000 Puffs Grape Ice: juicy grape flavor with a cool finish. 24ml, dual mesh coils, LED display, 900mAh Type\u2011C rechargeable. 0\/2\/5% nicotine.\" \/>\n<meta name=\"robots\" content=\"index, follow, max-snippet:-1, max-image-preview:large, max-video-preview:-1\" \/>\n<link rel=\"canonical\" href=\"https:\/\/fumot.uk\/es\/product\/grape-ice-waspe-crystal-20000-puffs\/\" \/>\n<meta property=\"og:locale\" content=\"es_ES\" \/>\n<meta property=\"og:type\" content=\"article\" \/>\n<meta property=\"og:title\" content=\"WASPE Crystal 20000 Puffs \u2013 Grape Ice\" \/>\n<meta property=\"og:description\" content=\"Juicy grape flavor meets a crisp icy finish. 24ml, dual mesh coil, LED display, Type\u2011C rechargeable\u2014up to 20000 puffs (varies).\" \/>\n<meta property=\"og:url\" content=\"https:\/\/fumot.uk\/es\/product\/grape-ice-waspe-crystal-20000-puffs\/\" \/>\n<meta property=\"og:site_name\" content=\"Fumot Official Direct | Straight from the Factory, 100% Genuine\" \/>\n<meta property=\"article:modified_time\" content=\"2026-01-21T01:42:55+00:00\" \/>\n<meta property=\"og:image\" content=\"https:\/\/fumot.uk\/wp-content\/uploads\/2026\/01\/WASPE-Crystal-20000-Puffs-Grape-Ice-Disposable-Vape.jpg\" \/>\n\t<meta property=\"og:image:width\" content=\"2000\" \/>\n\t<meta property=\"og:image:height\" content=\"1500\" \/>\n\t<meta property=\"og:image:type\" content=\"image\/jpeg\" \/>\n<meta name=\"twitter:card\" content=\"summary_large_image\" \/>\n<meta name=\"twitter:label1\" content=\"Tiempo de lectura\" \/>\n\t<meta name=\"twitter:data1\" content=\"2 minutos\" \/>\n<script type=\"application\/ld+json\" class=\"yoast-schema-graph\">{\"@context\":\"https:\/\/schema.org\",\"@graph\":[{\"@type\":\"WebPage\",\"@id\":\"https:\/\/fumot.uk\/product\/grape-ice-waspe-crystal-20000-puffs\/\",\"url\":\"https:\/\/fumot.uk\/product\/grape-ice-waspe-crystal-20000-puffs\/\",\"name\":\"WASPE Crystal 20000 Puffs Grape Ice | 24ml Dual Mesh\",\"isPartOf\":{\"@id\":\"https:\/\/fumot.uk\/#website\"},\"primaryImageOfPage\":{\"@id\":\"https:\/\/fumot.uk\/product\/grape-ice-waspe-crystal-20000-puffs\/#primaryimage\"},\"image\":{\"@id\":\"https:\/\/fumot.uk\/product\/grape-ice-waspe-crystal-20000-puffs\/#primaryimage\"},\"thumbnailUrl\":\"https:\/\/fumot.uk\/wp-content\/uploads\/2026\/01\/WASPE-Crystal-20000-Puffs-Grape-Ice-Disposable-Vape.jpg\",\"datePublished\":\"2026-01-20T10:13:26+00:00\",\"dateModified\":\"2026-01-21T01:42:55+00:00\",\"description\":\"WASPE Crystal 20000 Puffs Grape Ice: juicy grape flavor with a cool finish. 24ml, dual mesh coils, LED display, 900mAh Type\u2011C rechargeable. 0\/2\/5% nicotine.\",\"breadcrumb\":{\"@id\":\"https:\/\/fumot.uk\/product\/grape-ice-waspe-crystal-20000-puffs\/#breadcrumb\"},\"inLanguage\":\"es\",\"potentialAction\":[{\"@type\":\"ReadAction\",\"target\":[\"https:\/\/fumot.uk\/product\/grape-ice-waspe-crystal-20000-puffs\/\"]}]},{\"@type\":\"ImageObject\",\"inLanguage\":\"es\",\"@id\":\"https:\/\/fumot.uk\/product\/grape-ice-waspe-crystal-20000-puffs\/#primaryimage\",\"url\":\"https:\/\/fumot.uk\/wp-content\/uploads\/2026\/01\/WASPE-Crystal-20000-Puffs-Grape-Ice-Disposable-Vape.jpg\",\"contentUrl\":\"https:\/\/fumot.uk\/wp-content\/uploads\/2026\/01\/WASPE-Crystal-20000-Puffs-Grape-Ice-Disposable-Vape.jpg\",\"width\":2000,\"height\":1500},{\"@type\":\"BreadcrumbList\",\"@id\":\"https:\/\/fumot.uk\/product\/grape-ice-waspe-crystal-20000-puffs\/#breadcrumb\",\"itemListElement\":[{\"@type\":\"ListItem\",\"position\":1,\"name\":\"Home\",\"item\":\"https:\/\/fumot.uk\/\"},{\"@type\":\"ListItem\",\"position\":2,\"name\":\"Shop\",\"item\":\"https:\/\/fumot.uk\/shop\/\"},{\"@type\":\"ListItem\",\"position\":3,\"name\":\"WASPE Crystal 20000 Puffs Grape Ice Disposable Vape | 24ml, Dual Mesh, LED Display, Type\u2011C Rechargeable\"}]},{\"@type\":\"WebSite\",\"@id\":\"https:\/\/fumot.uk\/#website\",\"url\":\"https:\/\/fumot.uk\/\",\"name\":\"Fumot Official Direct | Straight from the Factory, 100% Genuine\",\"description\":\"Official Website\",\"publisher\":{\"@id\":\"https:\/\/fumot.uk\/#organization\"},\"potentialAction\":[{\"@type\":\"SearchAction\",\"target\":{\"@type\":\"EntryPoint\",\"urlTemplate\":\"https:\/\/fumot.uk\/?s={search_term_string}\"},\"query-input\":{\"@type\":\"PropertyValueSpecification\",\"valueRequired\":true,\"valueName\":\"search_term_string\"}}],\"inLanguage\":\"es\"},{\"@type\":\"Organization\",\"@id\":\"https:\/\/fumot.uk\/#organization\",\"name\":\"Fumot Official Direct | Straight from the Factory, 100% Genuine\",\"url\":\"https:\/\/fumot.uk\/\",\"logo\":{\"@type\":\"ImageObject\",\"inLanguage\":\"es\",\"@id\":\"https:\/\/fumot.uk\/#\/schema\/logo\/image\/\",\"url\":\"https:\/\/fumot.uk\/wp-content\/uploads\/2026\/01\/cropped-fumot-logo1.png\",\"contentUrl\":\"https:\/\/fumot.uk\/wp-content\/uploads\/2026\/01\/cropped-fumot-logo1.png\",\"width\":152,\"height\":106,\"caption\":\"Fumot Official Direct | Straight from the Factory, 100% Genuine\"},\"image\":{\"@id\":\"https:\/\/fumot.uk\/#\/schema\/logo\/image\/\"}}]}<\/script>\n<!-- \/ Yoast SEO plugin. -->","yoast_head_json":{"title":"WASPE Crystal 20000 Puffs Uva Hielo | 24ml Malla Dual","description":"WASPE Crystal 20000 Puffs Grape Ice: sabor a uva jugosa con un acabado fresco. 24ml, bobinas de malla dual, pantalla LED, recargable 900mAh Type\u2011C. 0\/2\/5% nicotina.","robots":{"index":"index","follow":"follow","max-snippet":"max-snippet:-1","max-image-preview":"max-image-preview:large","max-video-preview":"max-video-preview:-1"},"canonical":"https:\/\/fumot.uk\/es\/product\/grape-ice-waspe-crystal-20000-puffs\/","og_locale":"es_ES","og_type":"article","og_title":"WASPE Crystal 20000 Puffs \u2013 Grape Ice","og_description":"Juicy grape flavor meets a crisp icy finish. 24ml, dual mesh coil, LED display, Type\u2011C rechargeable\u2014up to 20000 puffs (varies).","og_url":"https:\/\/fumot.uk\/es\/product\/grape-ice-waspe-crystal-20000-puffs\/","og_site_name":"Fumot Official Direct | Straight from the Factory, 100% Genuine","article_modified_time":"2026-01-21T01:42:55+00:00","og_image":[{"width":2000,"height":1500,"url":"https:\/\/fumot.uk\/wp-content\/uploads\/2026\/01\/WASPE-Crystal-20000-Puffs-Grape-Ice-Disposable-Vape.jpg","type":"image\/jpeg"}],"twitter_card":"summary_large_image","twitter_misc":{"Tiempo de lectura":"2 minutos"},"schema":{"@context":"https:\/\/schema.org","@graph":[{"@type":"WebPage","@id":"https:\/\/fumot.uk\/product\/grape-ice-waspe-crystal-20000-puffs\/","url":"https:\/\/fumot.uk\/product\/grape-ice-waspe-crystal-20000-puffs\/","name":"WASPE Crystal 20000 Puffs Uva Hielo | 24ml Malla Dual","isPartOf":{"@id":"https:\/\/fumot.uk\/#website"},"primaryImageOfPage":{"@id":"https:\/\/fumot.uk\/product\/grape-ice-waspe-crystal-20000-puffs\/#primaryimage"},"image":{"@id":"https:\/\/fumot.uk\/product\/grape-ice-waspe-crystal-20000-puffs\/#primaryimage"},"thumbnailUrl":"https:\/\/fumot.uk\/wp-content\/uploads\/2026\/01\/WASPE-Crystal-20000-Puffs-Grape-Ice-Disposable-Vape.jpg","datePublished":"2026-01-20T10:13:26+00:00","dateModified":"2026-01-21T01:42:55+00:00","description":"WASPE Crystal 20000 Puffs Grape Ice: sabor a uva jugosa con un acabado fresco. 24ml, bobinas de malla dual, pantalla LED, recargable 900mAh Type\u2011C. 0\/2\/5% nicotina.","breadcrumb":{"@id":"https:\/\/fumot.uk\/product\/grape-ice-waspe-crystal-20000-puffs\/#breadcrumb"},"inLanguage":"es","potentialAction":[{"@type":"ReadAction","target":["https:\/\/fumot.uk\/product\/grape-ice-waspe-crystal-20000-puffs\/"]}]},{"@type":"ImageObject","inLanguage":"es","@id":"https:\/\/fumot.uk\/product\/grape-ice-waspe-crystal-20000-puffs\/#primaryimage","url":"https:\/\/fumot.uk\/wp-content\/uploads\/2026\/01\/WASPE-Crystal-20000-Puffs-Grape-Ice-Disposable-Vape.jpg","contentUrl":"https:\/\/fumot.uk\/wp-content\/uploads\/2026\/01\/WASPE-Crystal-20000-Puffs-Grape-Ice-Disposable-Vape.jpg","width":2000,"height":1500},{"@type":"BreadcrumbList","@id":"https:\/\/fumot.uk\/product\/grape-ice-waspe-crystal-20000-puffs\/#breadcrumb","itemListElement":[{"@type":"ListItem","position":1,"name":"Home","item":"https:\/\/fumot.uk\/"},{"@type":"ListItem","position":2,"name":"Shop","item":"https:\/\/fumot.uk\/shop\/"},{"@type":"ListItem","position":3,"name":"WASPE Crystal 20000 Puffs Grape Ice Disposable Vape | 24ml, Dual Mesh, LED Display, Type\u2011C Rechargeable"}]},{"@type":"WebSite","@id":"https:\/\/fumot.uk\/#website","url":"https:\/\/fumot.uk\/","name":"Fumot Official Direct | Directo desde la f\u00e1brica, 100% Original","description":"Sitio Oficial","publisher":{"@id":"https:\/\/fumot.uk\/#organization"},"potentialAction":[{"@type":"SearchAction","target":{"@type":"EntryPoint","urlTemplate":"https:\/\/fumot.uk\/?s={search_term_string}"},"query-input":{"@type":"PropertyValueSpecification","valueRequired":true,"valueName":"search_term_string"}}],"inLanguage":"es"},{"@type":"Organization","@id":"https:\/\/fumot.uk\/#organization","name":"Fumot Official Direct | Directo desde la f\u00e1brica, 100% Original","url":"https:\/\/fumot.uk\/","logo":{"@type":"ImageObject","inLanguage":"es","@id":"https:\/\/fumot.uk\/#\/schema\/logo\/image\/","url":"https:\/\/fumot.uk\/wp-content\/uploads\/2026\/01\/cropped-fumot-logo1.png","contentUrl":"https:\/\/fumot.uk\/wp-content\/uploads\/2026\/01\/cropped-fumot-logo1.png","width":152,"height":106,"caption":"Fumot Official Direct | Straight from the Factory, 100% Genuine"},"image":{"@id":"https:\/\/fumot.uk\/#\/schema\/logo\/image\/"}}]}},"_links":{"self":[{"href":"https:\/\/fumot.uk\/es\/wp-json\/wp\/v2\/product\/3544","targetHints":{"allow":["GET"]}}],"collection":[{"href":"https:\/\/fumot.uk\/es\/wp-json\/wp\/v2\/product"}],"about":[{"href":"https:\/\/fumot.uk\/es\/wp-json\/wp\/v2\/types\/product"}],"replies":[{"embeddable":true,"href":"https:\/\/fumot.uk\/es\/wp-json\/wp\/v2\/comments?post=3544"}],"wp:featuredmedia":[{"embeddable":true,"href":"https:\/\/fumot.uk\/es\/wp-json\/wp\/v2\/media\/3589"}],"wp:attachment":[{"href":"https:\/\/fumot.uk\/es\/wp-json\/wp\/v2\/media?parent=3544"}],"wp:term":[{"taxonomy":"product_brand","embeddable":true,"href":"https:\/\/fumot.uk\/es\/wp-json\/wp\/v2\/product_brand?post=3544"},{"taxonomy":"product_cat","embeddable":true,"href":"https:\/\/fumot.uk\/es\/wp-json\/wp\/v2\/product_cat?post=3544"},{"taxonomy":"product_tag","embeddable":true,"href":"https:\/\/fumot.uk\/es\/wp-json\/wp\/v2\/product_tag?post=3544"}],"curies":[{"name":"wp","href":"https:\/\/api.w.org\/{rel}","templated":true}]}}