{"id":3543,"date":"2026-01-20T10:13:25","date_gmt":"2026-01-20T10:13:25","guid":{"rendered":"https:\/\/fumot.uk\/?post_type=product&#038;p=3543"},"modified":"2026-01-21T01:44:04","modified_gmt":"2026-01-21T01:44:04","slug":"mixed-berries-waspe-crystal-20000-puffs","status":"publish","type":"product","link":"https:\/\/fumot.uk\/es\/product\/mixed-berries-waspe-crystal-20000-puffs\/","title":{"rendered":"WASPE Crystal 20000 Puffs Mixed Berries Vape Desechable (24ml, Doble Malla, Pantalla LED, Recargable Tipo\u2011C)"},"content":{"rendered":"<h2>WASPE Crystal 20000 Puffs \u2013 Bayas Mixtas<\/h2>\n<p>Brillante, jugoso y suave: <strong>Bayas Mixtas<\/strong> mezcla madura <strong>frambuesa<\/strong>, <strong>ar\u00e1ndano<\/strong>, y <strong>mora<\/strong> en un perfil de bayas limpio y equilibrado. Cada calada ofrece un impulso de fruta fresca con una dulzura suave\u2014nunca excesivamente parecida a un caramelo\u2014lo que lo convierte en una opci\u00f3n f\u00e1cil para todo el d\u00eda para un momento de vapeo fresco y veraniego.<\/p>\n<h3>Sabor a Bayas Frescas, Dise\u00f1ado para Durar<\/h3>\n<ul>\n<li><strong>Sabor a bayas en capas:<\/strong> frambuesa \u00e1cida al frente, ar\u00e1ndano redondeado en el medio, acabado de mora profunda<\/li>\n<li><strong>Suavidad consistente:<\/strong> bobinas de malla dual ayudan a mantener el sabor estable con el tiempo<\/li>\n<li><strong>Formato de uso prolongado:<\/strong> hasta <strong>20,000 caladas<\/strong> (el uso var\u00eda)<\/li>\n<\/ul>\n<h3>Aspecto Cristalino. Rendimiento Moderno Diario.<\/h3>\n<p><strong>WASPE Crystal 20000 Puffs<\/strong> combina una carcasa transparente estilo cristal con caracter\u00edsticas pr\u00e1cticas para el vapeo diario. El <strong>pantalla LED<\/strong> mantiene las cosas simples a primera vista, mientras que el <strong>Doble Bobina de Malla<\/strong> configuraci\u00f3n apoya vapor denso y sedoso y definici\u00f3n de fruta limpia\u2014ideal para usuarios que prefieren una calada suave y sabrosa.<\/p>\n<h3>Especificaciones<\/h3>\n<ul>\n<li><strong>Caladas:<\/strong> Hasta 20,000<\/li>\n<li><strong>Bobina:<\/strong> Doble Bobina de Malla <strong>1\u03a9 + 1\u03a9<\/strong><\/li>\n<li><strong>850mAh (recargable)<\/strong> <strong>24ml<\/strong><\/li>\n<li><strong>Opciones de Nicotina:<\/strong> <strong>0%<\/strong> \/ <strong>2%<\/strong> \/ <strong>5%<\/strong><\/li>\n<li><strong>Bater\u00eda:<\/strong> <strong>900mAh<\/strong><\/li>\n<li><strong>Carga:<\/strong> <a href=\"https:\/\/fumot.uk\/es\/product-tag\/type-c\/\">recargable Tipo\u2011C<\/a><\/li>\n<li><strong>Pantalla:<\/strong> LED<\/li>\n<\/ul>\n<h3>\u00bfPor qu\u00e9 Bayas Mixtas en fumot.uk?<\/h3>\n<p>Si quieres un <strong>vape desechable recargable<\/strong> que se siente fresco y con sabor a fruta, Bayas Mixtas ofrece una mezcla de bayas animada con un acabado suave\u2014ideal para descansos, desplazamientos o una noche tranquila. Explora m\u00e1s opciones en <a href=\"https:\/\/fumot.uk\/es\/\">fumot.uk<\/a>.<\/p>","protected":false},"excerpt":{"rendered":"<p>WASPE Crystal 20000 Puffs Berries Mixtos vape desechable con 24ml de e-l\u00edquido, bobinas de malla dual, pantalla LED, bater\u00eda de 900mAh y recarga Tipo\u2011C. Nicotina: 0%\/2%\/5%.<\/p>","protected":false},"featured_media":3588,"comment_status":"open","ping_status":"closed","template":"","meta":[],"product_brand":[],"product_cat":[68,17,185],"product_tag":[84,70,171,71,186,113,72,23,73,79,26,28],"class_list":{"0":"post-3543","1":"product","2":"type-product","3":"status-publish","4":"has-post-thumbnail","6":"product_cat-20000-puff","7":"product_cat-vape","8":"product_cat-waspe-crystal-20000-puffs","9":"product_tag-0-nikotin","10":"product_tag-2-nikotin","11":"product_tag-24ml","12":"product_tag-5-nikotin","13":"product_tag-900mah","14":"product_tag-crystal-vape","15":"product_tag-direct-to-lung","16":"product_tag-display","17":"product_tag-dual-mesh","18":"product_tag-mixed-berries","19":"product_tag-rechargeable","20":"product_tag-type-c","22":"first","23":"instock","24":"sale","25":"shipping-taxable","26":"purchasable","27":"product-type-variable","28":"has-default-attributes"},"yoast_head":"<!-- This site is optimized with the Yoast SEO plugin v26.8 - https:\/\/yoast.com\/product\/yoast-seo-wordpress\/ -->\n<title>WASPE Crystal 20000 Puffs Mixed Berries | fumot.uk<\/title>\n<meta name=\"description\" content=\"Shop WASPE Crystal 20000 Puffs Mixed Berries: 24ml, dual mesh coil, LED display, 900mAh Type\u2011C rechargeable. Nicotine 0%\/2%\/5% at fumot.uk.\" \/>\n<meta name=\"robots\" content=\"index, follow, max-snippet:-1, max-image-preview:large, max-video-preview:-1\" \/>\n<link rel=\"canonical\" href=\"https:\/\/fumot.uk\/es\/product\/mixed-berries-waspe-crystal-20000-puffs\/\" \/>\n<meta property=\"og:locale\" content=\"es_ES\" \/>\n<meta property=\"og:type\" content=\"article\" \/>\n<meta property=\"og:title\" content=\"WASPE Crystal 20000 Puffs \u2013 Mixed Berries\" \/>\n<meta property=\"og:description\" content=\"A fresh blend of raspberry, blueberry &amp; blackberry. 24ml, dual mesh, LED display, 900mAh Type\u2011C rechargeable. Up to 20,000 puffs.\" \/>\n<meta property=\"og:url\" content=\"https:\/\/fumot.uk\/es\/product\/mixed-berries-waspe-crystal-20000-puffs\/\" \/>\n<meta property=\"og:site_name\" content=\"Fumot Official Direct | Straight from the Factory, 100% Genuine\" \/>\n<meta property=\"article:modified_time\" content=\"2026-01-21T01:44:04+00:00\" \/>\n<meta property=\"og:image\" content=\"https:\/\/fumot.uk\/wp-content\/uploads\/2026\/01\/WASPE-Crystal-20000-Puffs-Mixed-Berries-Disposable-Vape.jpg\" \/>\n\t<meta property=\"og:image:width\" content=\"2000\" \/>\n\t<meta property=\"og:image:height\" content=\"1500\" \/>\n\t<meta property=\"og:image:type\" content=\"image\/jpeg\" \/>\n<meta name=\"twitter:card\" content=\"summary_large_image\" \/>\n<meta name=\"twitter:label1\" content=\"Tiempo de lectura\" \/>\n\t<meta name=\"twitter:data1\" content=\"2 minutos\" \/>\n<script type=\"application\/ld+json\" class=\"yoast-schema-graph\">{\"@context\":\"https:\/\/schema.org\",\"@graph\":[{\"@type\":\"WebPage\",\"@id\":\"https:\/\/fumot.uk\/product\/mixed-berries-waspe-crystal-20000-puffs\/\",\"url\":\"https:\/\/fumot.uk\/product\/mixed-berries-waspe-crystal-20000-puffs\/\",\"name\":\"WASPE Crystal 20000 Puffs Mixed Berries | fumot.uk\",\"isPartOf\":{\"@id\":\"https:\/\/fumot.uk\/#website\"},\"primaryImageOfPage\":{\"@id\":\"https:\/\/fumot.uk\/product\/mixed-berries-waspe-crystal-20000-puffs\/#primaryimage\"},\"image\":{\"@id\":\"https:\/\/fumot.uk\/product\/mixed-berries-waspe-crystal-20000-puffs\/#primaryimage\"},\"thumbnailUrl\":\"https:\/\/fumot.uk\/wp-content\/uploads\/2026\/01\/WASPE-Crystal-20000-Puffs-Mixed-Berries-Disposable-Vape.jpg\",\"datePublished\":\"2026-01-20T10:13:25+00:00\",\"dateModified\":\"2026-01-21T01:44:04+00:00\",\"description\":\"Shop WASPE Crystal 20000 Puffs Mixed Berries: 24ml, dual mesh coil, LED display, 900mAh Type\u2011C rechargeable. Nicotine 0%\/2%\/5% at fumot.uk.\",\"breadcrumb\":{\"@id\":\"https:\/\/fumot.uk\/product\/mixed-berries-waspe-crystal-20000-puffs\/#breadcrumb\"},\"inLanguage\":\"es\",\"potentialAction\":[{\"@type\":\"ReadAction\",\"target\":[\"https:\/\/fumot.uk\/product\/mixed-berries-waspe-crystal-20000-puffs\/\"]}]},{\"@type\":\"ImageObject\",\"inLanguage\":\"es\",\"@id\":\"https:\/\/fumot.uk\/product\/mixed-berries-waspe-crystal-20000-puffs\/#primaryimage\",\"url\":\"https:\/\/fumot.uk\/wp-content\/uploads\/2026\/01\/WASPE-Crystal-20000-Puffs-Mixed-Berries-Disposable-Vape.jpg\",\"contentUrl\":\"https:\/\/fumot.uk\/wp-content\/uploads\/2026\/01\/WASPE-Crystal-20000-Puffs-Mixed-Berries-Disposable-Vape.jpg\",\"width\":2000,\"height\":1500},{\"@type\":\"BreadcrumbList\",\"@id\":\"https:\/\/fumot.uk\/product\/mixed-berries-waspe-crystal-20000-puffs\/#breadcrumb\",\"itemListElement\":[{\"@type\":\"ListItem\",\"position\":1,\"name\":\"Home\",\"item\":\"https:\/\/fumot.uk\/\"},{\"@type\":\"ListItem\",\"position\":2,\"name\":\"Shop\",\"item\":\"https:\/\/fumot.uk\/shop\/\"},{\"@type\":\"ListItem\",\"position\":3,\"name\":\"WASPE Crystal 20000 Puffs Mixed Berries Disposable Vape (24ml, Dual Mesh, LED Display, Type\u2011C Rechargeable)\"}]},{\"@type\":\"WebSite\",\"@id\":\"https:\/\/fumot.uk\/#website\",\"url\":\"https:\/\/fumot.uk\/\",\"name\":\"Fumot Official Direct | Straight from the Factory, 100% Genuine\",\"description\":\"Official Website\",\"publisher\":{\"@id\":\"https:\/\/fumot.uk\/#organization\"},\"potentialAction\":[{\"@type\":\"SearchAction\",\"target\":{\"@type\":\"EntryPoint\",\"urlTemplate\":\"https:\/\/fumot.uk\/?s={search_term_string}\"},\"query-input\":{\"@type\":\"PropertyValueSpecification\",\"valueRequired\":true,\"valueName\":\"search_term_string\"}}],\"inLanguage\":\"es\"},{\"@type\":\"Organization\",\"@id\":\"https:\/\/fumot.uk\/#organization\",\"name\":\"Fumot Official Direct | Straight from the Factory, 100% Genuine\",\"url\":\"https:\/\/fumot.uk\/\",\"logo\":{\"@type\":\"ImageObject\",\"inLanguage\":\"es\",\"@id\":\"https:\/\/fumot.uk\/#\/schema\/logo\/image\/\",\"url\":\"https:\/\/fumot.uk\/wp-content\/uploads\/2026\/01\/cropped-fumot-logo1.png\",\"contentUrl\":\"https:\/\/fumot.uk\/wp-content\/uploads\/2026\/01\/cropped-fumot-logo1.png\",\"width\":152,\"height\":106,\"caption\":\"Fumot Official Direct | Straight from the Factory, 100% Genuine\"},\"image\":{\"@id\":\"https:\/\/fumot.uk\/#\/schema\/logo\/image\/\"}}]}<\/script>\n<!-- \/ Yoast SEO plugin. -->","yoast_head_json":{"title":"WASPE Crystal 20000 Puffs Bayas Mixtas | fumot.uk","description":"Comprar WASPE Crystal 20000 Puffs Bayas Mixtas: 24ml, bobina de malla dual, pantalla LED, recargable Tipo-C de 900mAh. Nicotina 0%\/2%\/5% en fumot.uk.","robots":{"index":"index","follow":"follow","max-snippet":"max-snippet:-1","max-image-preview":"max-image-preview:large","max-video-preview":"max-video-preview:-1"},"canonical":"https:\/\/fumot.uk\/es\/product\/mixed-berries-waspe-crystal-20000-puffs\/","og_locale":"es_ES","og_type":"article","og_title":"WASPE Crystal 20000 Puffs \u2013 Mixed Berries","og_description":"A fresh blend of raspberry, blueberry & blackberry. 24ml, dual mesh, LED display, 900mAh Type\u2011C rechargeable. Up to 20,000 puffs.","og_url":"https:\/\/fumot.uk\/es\/product\/mixed-berries-waspe-crystal-20000-puffs\/","og_site_name":"Fumot Official Direct | Straight from the Factory, 100% Genuine","article_modified_time":"2026-01-21T01:44:04+00:00","og_image":[{"width":2000,"height":1500,"url":"https:\/\/fumot.uk\/wp-content\/uploads\/2026\/01\/WASPE-Crystal-20000-Puffs-Mixed-Berries-Disposable-Vape.jpg","type":"image\/jpeg"}],"twitter_card":"summary_large_image","twitter_misc":{"Tiempo de lectura":"2 minutos"},"schema":{"@context":"https:\/\/schema.org","@graph":[{"@type":"WebPage","@id":"https:\/\/fumot.uk\/product\/mixed-berries-waspe-crystal-20000-puffs\/","url":"https:\/\/fumot.uk\/product\/mixed-berries-waspe-crystal-20000-puffs\/","name":"WASPE Crystal 20000 Puffs Bayas Mixtas | fumot.uk","isPartOf":{"@id":"https:\/\/fumot.uk\/#website"},"primaryImageOfPage":{"@id":"https:\/\/fumot.uk\/product\/mixed-berries-waspe-crystal-20000-puffs\/#primaryimage"},"image":{"@id":"https:\/\/fumot.uk\/product\/mixed-berries-waspe-crystal-20000-puffs\/#primaryimage"},"thumbnailUrl":"https:\/\/fumot.uk\/wp-content\/uploads\/2026\/01\/WASPE-Crystal-20000-Puffs-Mixed-Berries-Disposable-Vape.jpg","datePublished":"2026-01-20T10:13:25+00:00","dateModified":"2026-01-21T01:44:04+00:00","description":"Comprar WASPE Crystal 20000 Puffs Bayas Mixtas: 24ml, bobina de malla dual, pantalla LED, recargable Tipo-C de 900mAh. Nicotina 0%\/2%\/5% en fumot.uk.","breadcrumb":{"@id":"https:\/\/fumot.uk\/product\/mixed-berries-waspe-crystal-20000-puffs\/#breadcrumb"},"inLanguage":"es","potentialAction":[{"@type":"ReadAction","target":["https:\/\/fumot.uk\/product\/mixed-berries-waspe-crystal-20000-puffs\/"]}]},{"@type":"ImageObject","inLanguage":"es","@id":"https:\/\/fumot.uk\/product\/mixed-berries-waspe-crystal-20000-puffs\/#primaryimage","url":"https:\/\/fumot.uk\/wp-content\/uploads\/2026\/01\/WASPE-Crystal-20000-Puffs-Mixed-Berries-Disposable-Vape.jpg","contentUrl":"https:\/\/fumot.uk\/wp-content\/uploads\/2026\/01\/WASPE-Crystal-20000-Puffs-Mixed-Berries-Disposable-Vape.jpg","width":2000,"height":1500},{"@type":"BreadcrumbList","@id":"https:\/\/fumot.uk\/product\/mixed-berries-waspe-crystal-20000-puffs\/#breadcrumb","itemListElement":[{"@type":"ListItem","position":1,"name":"Home","item":"https:\/\/fumot.uk\/"},{"@type":"ListItem","position":2,"name":"Shop","item":"https:\/\/fumot.uk\/shop\/"},{"@type":"ListItem","position":3,"name":"WASPE Crystal 20000 Puffs Mixed Berries Disposable Vape (24ml, Dual Mesh, LED Display, Type\u2011C Rechargeable)"}]},{"@type":"WebSite","@id":"https:\/\/fumot.uk\/#website","url":"https:\/\/fumot.uk\/","name":"Fumot Official Direct | Directo desde la f\u00e1brica, 100% Original","description":"Sitio Oficial","publisher":{"@id":"https:\/\/fumot.uk\/#organization"},"potentialAction":[{"@type":"SearchAction","target":{"@type":"EntryPoint","urlTemplate":"https:\/\/fumot.uk\/?s={search_term_string}"},"query-input":{"@type":"PropertyValueSpecification","valueRequired":true,"valueName":"search_term_string"}}],"inLanguage":"es"},{"@type":"Organization","@id":"https:\/\/fumot.uk\/#organization","name":"Fumot Official Direct | Directo desde la f\u00e1brica, 100% Original","url":"https:\/\/fumot.uk\/","logo":{"@type":"ImageObject","inLanguage":"es","@id":"https:\/\/fumot.uk\/#\/schema\/logo\/image\/","url":"https:\/\/fumot.uk\/wp-content\/uploads\/2026\/01\/cropped-fumot-logo1.png","contentUrl":"https:\/\/fumot.uk\/wp-content\/uploads\/2026\/01\/cropped-fumot-logo1.png","width":152,"height":106,"caption":"Fumot Official Direct | Straight from the Factory, 100% Genuine"},"image":{"@id":"https:\/\/fumot.uk\/#\/schema\/logo\/image\/"}}]}},"_links":{"self":[{"href":"https:\/\/fumot.uk\/es\/wp-json\/wp\/v2\/product\/3543","targetHints":{"allow":["GET"]}}],"collection":[{"href":"https:\/\/fumot.uk\/es\/wp-json\/wp\/v2\/product"}],"about":[{"href":"https:\/\/fumot.uk\/es\/wp-json\/wp\/v2\/types\/product"}],"replies":[{"embeddable":true,"href":"https:\/\/fumot.uk\/es\/wp-json\/wp\/v2\/comments?post=3543"}],"wp:featuredmedia":[{"embeddable":true,"href":"https:\/\/fumot.uk\/es\/wp-json\/wp\/v2\/media\/3588"}],"wp:attachment":[{"href":"https:\/\/fumot.uk\/es\/wp-json\/wp\/v2\/media?parent=3543"}],"wp:term":[{"taxonomy":"product_brand","embeddable":true,"href":"https:\/\/fumot.uk\/es\/wp-json\/wp\/v2\/product_brand?post=3543"},{"taxonomy":"product_cat","embeddable":true,"href":"https:\/\/fumot.uk\/es\/wp-json\/wp\/v2\/product_cat?post=3543"},{"taxonomy":"product_tag","embeddable":true,"href":"https:\/\/fumot.uk\/es\/wp-json\/wp\/v2\/product_tag?post=3543"}],"curies":[{"name":"wp","href":"https:\/\/api.w.org\/{rel}","templated":true}]}}