{"id":3534,"date":"2026-01-20T10:13:23","date_gmt":"2026-01-20T10:13:23","guid":{"rendered":"https:\/\/fumot.uk\/?post_type=product&#038;p=3534"},"modified":"2026-01-21T01:48:36","modified_gmt":"2026-01-21T01:48:36","slug":"vozol-gear-power-20000-puffs-raspberry-watermelon","status":"publish","type":"product","link":"https:\/\/fumot.uk\/es\/product\/vozol-gear-power-20000-puffs-raspberry-watermelon\/","title":{"rendered":"Vozol Gear Power 20000 Puffs Frambuesa Sand\u00eda Vape Desechable 5% Nicotina (20ml, Doble Malla, Pantalla)"},"content":{"rendered":"<h2>Vozol Gear Power 20000 Puffs Frambuesa Sand\u00eda<\/h2>\n<p><strong>Frambuesa Sand\u00eda<\/strong> combina frambuesa brillante y ligeramente \u00e1cida con la dulzura jugosa de la sand\u00eda madura para un vapeo limpio y veraniego que se mantiene refrescante desde la primera calada hasta la \u00faltima. La frambuesa a\u00f1ade un brillo crujiente, mientras que la sand\u00eda mantiene el final suave y apacible, ideal cuando deseas un sabor a fruta que se sienta ligero, no pesado.<\/p>\n<p>Una suave nota de frescor redondea todo, equilibrando la dulzura y manteniendo cada calada fresca y natural. Ya sea que busques un vape desechable para todo el d\u00eda o una opci\u00f3n afrutada para d\u00edas m\u00e1s c\u00e1lidos, este sabor est\u00e1 dise\u00f1ado para ser f\u00e1cil de disfrutar sin llegar a ser abrumador.<\/p>\n<h3>Caracter\u00edsticas Clave<\/h3>\n<ul>\n<li><strong>Hasta:<\/strong> 20000 caladas<\/li>\n<li><strong>Fuerza de nicotina:<\/strong> 5%<\/li>\n<li><strong>E-l\u00edquido prellenado:<\/strong> 20ml<\/li>\n<li><strong>Bobina:<\/strong> Resistencias de malla dual<\/li>\n<li><strong>Pantalla:<\/strong> Pantalla de pantalla completa<\/li>\n<li><strong>Tecnolog\u00eda:<\/strong> Tecnolog\u00eda S.i.L.C.<\/li>\n<\/ul>\n<h3>\u00bfPor qu\u00e9 elegir Vozol Gear Power 20000?<\/h3>\n<ul>\n<li><strong>Sabor suave y consistente:<\/strong> La tecnolog\u00eda S.i.L.C. apoya una calada uniforme y un perfil de fruta de sabor m\u00e1s limpio.<\/li>\n<li><strong>Rendimiento flexible:<\/strong> Dos modos te permiten alternar entre una experiencia m\u00e1s eficiente y duradera y un vapeo m\u00e1s fuerte e intenso.<\/li>\n<li><strong>Dise\u00f1ado para sesiones largas:<\/strong> Una generosa capacidad prellenada de 20 ml ayuda a reducir la necesidad de reemplazos frecuentes.<\/li>\n<\/ul>\n<h3>Perfil de sabor: Frambuesa x Sand\u00eda<\/h3>\n<ul>\n<li><strong>Nota superior:<\/strong> frambuesa \u00e1cida<\/li>\n<li><strong>Cuerpo principal:<\/strong> sand\u00eda dulce y jugosa<\/li>\n<li><strong>Acabado:<\/strong> ligeramente enfriado, limpio y refrescante<\/li>\n<\/ul>\n<p><strong>Explora m\u00e1s sabores y dispositivos<\/strong> on <a href=\"https:\/\/fumot.uk\/es\/\">fumot.uk<\/a>. Si te gusta una calada personalizada, tambi\u00e9n puedes navegar <a href=\"https:\/\/fumot.uk\/es\/product-tag\/adjustable-airflow\/\">vapes de flujo de aire ajustable<\/a> para m\u00e1s opciones.<\/p>","protected":false},"excerpt":{"rendered":"<p>Frambuesa crujiente se encuentra con sand\u00eda jugosa con un acabado ligeramente fresco. Vozol Gear Power 20000 Puffs incluye 20ml de e-l\u00edquido prellenado, bobinas de malla dual, pantalla completa, y 5% de nicotina.<\/p>","protected":false},"featured_media":3579,"comment_status":"open","ping_status":"closed","template":"","meta":[],"product_brand":[],"product_cat":[68,17,184],"product_tag":[60,131,21,23,73,34,26,28,32],"class_list":{"0":"post-3534","1":"product","2":"type-product","3":"status-publish","4":"has-post-thumbnail","6":"product_cat-20000-puff","7":"product_cat-vape","8":"product_cat-vozol-gear-power-20000-puffs","9":"product_tag-20ml","10":"product_tag-650mah","11":"product_tag-adjustable-airflow","12":"product_tag-display","13":"product_tag-dual-mesh","14":"product_tag-raspberry","15":"product_tag-rechargeable","16":"product_tag-type-c","17":"product_tag-watermelon","19":"first","20":"instock","21":"sale","22":"shipping-taxable","23":"purchasable","24":"product-type-variable","25":"has-default-attributes"},"yoast_head":"<!-- This site is optimized with the Yoast SEO plugin v26.8 - https:\/\/yoast.com\/product\/yoast-seo-wordpress\/ -->\n<title>Vozol Gear Power 20000 Raspberry Watermelon 5% | 20ml<\/title>\n<meta name=\"description\" content=\"Vozol Gear Power 20000 Puffs Raspberry Watermelon: 20ml prefilled, 5% nicotine, Dual Mesh coils, full-screen display and a fresh fruity finish. Shop fumot.uk.\" \/>\n<meta name=\"robots\" content=\"index, follow, max-snippet:-1, max-image-preview:large, max-video-preview:-1\" \/>\n<link rel=\"canonical\" href=\"https:\/\/fumot.uk\/es\/product\/vozol-gear-power-20000-puffs-raspberry-watermelon\/\" \/>\n<meta property=\"og:locale\" content=\"es_ES\" \/>\n<meta property=\"og:type\" content=\"article\" \/>\n<meta property=\"og:title\" content=\"Vozol Gear Power 20000 Puffs \u2013 Raspberry Watermelon\" \/>\n<meta property=\"og:description\" content=\"A bright raspberry bite with juicy watermelon sweetness and a refreshing cool finish. 20ml prefilled, 5% nicotine, Dual Mesh, full-screen display.\" \/>\n<meta property=\"og:url\" content=\"https:\/\/fumot.uk\/es\/product\/vozol-gear-power-20000-puffs-raspberry-watermelon\/\" \/>\n<meta property=\"og:site_name\" content=\"Fumot Official Direct | Straight from the Factory, 100% Genuine\" \/>\n<meta property=\"article:modified_time\" content=\"2026-01-21T01:48:36+00:00\" \/>\n<meta property=\"og:image\" content=\"https:\/\/fumot.uk\/wp-content\/uploads\/2026\/01\/Vozol-Gear-Power-20000-Puffs-Raspberry-Watermelon-Disposable-Vape.png\" \/>\n\t<meta property=\"og:image:width\" content=\"1000\" \/>\n\t<meta property=\"og:image:height\" content=\"1000\" \/>\n\t<meta property=\"og:image:type\" content=\"image\/png\" \/>\n<meta name=\"twitter:card\" content=\"summary_large_image\" \/>\n<meta name=\"twitter:label1\" content=\"Tiempo de lectura\" \/>\n\t<meta name=\"twitter:data1\" content=\"2 minutos\" \/>\n<script type=\"application\/ld+json\" class=\"yoast-schema-graph\">{\"@context\":\"https:\/\/schema.org\",\"@graph\":[{\"@type\":\"WebPage\",\"@id\":\"https:\/\/fumot.uk\/product\/vozol-gear-power-20000-puffs-raspberry-watermelon\/\",\"url\":\"https:\/\/fumot.uk\/product\/vozol-gear-power-20000-puffs-raspberry-watermelon\/\",\"name\":\"Vozol Gear Power 20000 Raspberry Watermelon 5% | 20ml\",\"isPartOf\":{\"@id\":\"https:\/\/fumot.uk\/#website\"},\"primaryImageOfPage\":{\"@id\":\"https:\/\/fumot.uk\/product\/vozol-gear-power-20000-puffs-raspberry-watermelon\/#primaryimage\"},\"image\":{\"@id\":\"https:\/\/fumot.uk\/product\/vozol-gear-power-20000-puffs-raspberry-watermelon\/#primaryimage\"},\"thumbnailUrl\":\"https:\/\/fumot.uk\/wp-content\/uploads\/2026\/01\/Vozol-Gear-Power-20000-Puffs-Raspberry-Watermelon-Disposable-Vape.png\",\"datePublished\":\"2026-01-20T10:13:23+00:00\",\"dateModified\":\"2026-01-21T01:48:36+00:00\",\"description\":\"Vozol Gear Power 20000 Puffs Raspberry Watermelon: 20ml prefilled, 5% nicotine, Dual Mesh coils, full-screen display and a fresh fruity finish. Shop fumot.uk.\",\"breadcrumb\":{\"@id\":\"https:\/\/fumot.uk\/product\/vozol-gear-power-20000-puffs-raspberry-watermelon\/#breadcrumb\"},\"inLanguage\":\"es\",\"potentialAction\":[{\"@type\":\"ReadAction\",\"target\":[\"https:\/\/fumot.uk\/product\/vozol-gear-power-20000-puffs-raspberry-watermelon\/\"]}]},{\"@type\":\"ImageObject\",\"inLanguage\":\"es\",\"@id\":\"https:\/\/fumot.uk\/product\/vozol-gear-power-20000-puffs-raspberry-watermelon\/#primaryimage\",\"url\":\"https:\/\/fumot.uk\/wp-content\/uploads\/2026\/01\/Vozol-Gear-Power-20000-Puffs-Raspberry-Watermelon-Disposable-Vape.png\",\"contentUrl\":\"https:\/\/fumot.uk\/wp-content\/uploads\/2026\/01\/Vozol-Gear-Power-20000-Puffs-Raspberry-Watermelon-Disposable-Vape.png\",\"width\":1000,\"height\":1000},{\"@type\":\"BreadcrumbList\",\"@id\":\"https:\/\/fumot.uk\/product\/vozol-gear-power-20000-puffs-raspberry-watermelon\/#breadcrumb\",\"itemListElement\":[{\"@type\":\"ListItem\",\"position\":1,\"name\":\"Home\",\"item\":\"https:\/\/fumot.uk\/\"},{\"@type\":\"ListItem\",\"position\":2,\"name\":\"Shop\",\"item\":\"https:\/\/fumot.uk\/shop\/\"},{\"@type\":\"ListItem\",\"position\":3,\"name\":\"Vozol Gear Power 20000 Puffs Raspberry Watermelon Disposable Vape 5% Nicotine (20ml, Dual Mesh, Display)\"}]},{\"@type\":\"WebSite\",\"@id\":\"https:\/\/fumot.uk\/#website\",\"url\":\"https:\/\/fumot.uk\/\",\"name\":\"Fumot Official Direct | Straight from the Factory, 100% Genuine\",\"description\":\"Official Website\",\"publisher\":{\"@id\":\"https:\/\/fumot.uk\/#organization\"},\"potentialAction\":[{\"@type\":\"SearchAction\",\"target\":{\"@type\":\"EntryPoint\",\"urlTemplate\":\"https:\/\/fumot.uk\/?s={search_term_string}\"},\"query-input\":{\"@type\":\"PropertyValueSpecification\",\"valueRequired\":true,\"valueName\":\"search_term_string\"}}],\"inLanguage\":\"es\"},{\"@type\":\"Organization\",\"@id\":\"https:\/\/fumot.uk\/#organization\",\"name\":\"Fumot Official Direct | Straight from the Factory, 100% Genuine\",\"url\":\"https:\/\/fumot.uk\/\",\"logo\":{\"@type\":\"ImageObject\",\"inLanguage\":\"es\",\"@id\":\"https:\/\/fumot.uk\/#\/schema\/logo\/image\/\",\"url\":\"https:\/\/fumot.uk\/wp-content\/uploads\/2026\/01\/cropped-fumot-logo1.png\",\"contentUrl\":\"https:\/\/fumot.uk\/wp-content\/uploads\/2026\/01\/cropped-fumot-logo1.png\",\"width\":152,\"height\":106,\"caption\":\"Fumot Official Direct | Straight from the Factory, 100% Genuine\"},\"image\":{\"@id\":\"https:\/\/fumot.uk\/#\/schema\/logo\/image\/\"}}]}<\/script>\n<!-- \/ Yoast SEO plugin. -->","yoast_head_json":{"title":"Vozol Gear Power 20000 Frambuesa Sand\u00eda 5% | 20ml","description":"Vozol Gear Power 20000 Puffs Frambuesa Sand\u00eda: 20ml prellenado, 5% nicotina, bobinas de malla dual, pantalla completa y un acabado fresco y afrutado. Compra en fumot.uk.","robots":{"index":"index","follow":"follow","max-snippet":"max-snippet:-1","max-image-preview":"max-image-preview:large","max-video-preview":"max-video-preview:-1"},"canonical":"https:\/\/fumot.uk\/es\/product\/vozol-gear-power-20000-puffs-raspberry-watermelon\/","og_locale":"es_ES","og_type":"article","og_title":"Vozol Gear Power 20000 Puffs \u2013 Raspberry Watermelon","og_description":"A bright raspberry bite with juicy watermelon sweetness and a refreshing cool finish. 20ml prefilled, 5% nicotine, Dual Mesh, full-screen display.","og_url":"https:\/\/fumot.uk\/es\/product\/vozol-gear-power-20000-puffs-raspberry-watermelon\/","og_site_name":"Fumot Official Direct | Straight from the Factory, 100% Genuine","article_modified_time":"2026-01-21T01:48:36+00:00","og_image":[{"width":1000,"height":1000,"url":"https:\/\/fumot.uk\/wp-content\/uploads\/2026\/01\/Vozol-Gear-Power-20000-Puffs-Raspberry-Watermelon-Disposable-Vape.png","type":"image\/png"}],"twitter_card":"summary_large_image","twitter_misc":{"Tiempo de lectura":"2 minutos"},"schema":{"@context":"https:\/\/schema.org","@graph":[{"@type":"WebPage","@id":"https:\/\/fumot.uk\/product\/vozol-gear-power-20000-puffs-raspberry-watermelon\/","url":"https:\/\/fumot.uk\/product\/vozol-gear-power-20000-puffs-raspberry-watermelon\/","name":"Vozol Gear Power 20000 Frambuesa Sand\u00eda 5% | 20ml","isPartOf":{"@id":"https:\/\/fumot.uk\/#website"},"primaryImageOfPage":{"@id":"https:\/\/fumot.uk\/product\/vozol-gear-power-20000-puffs-raspberry-watermelon\/#primaryimage"},"image":{"@id":"https:\/\/fumot.uk\/product\/vozol-gear-power-20000-puffs-raspberry-watermelon\/#primaryimage"},"thumbnailUrl":"https:\/\/fumot.uk\/wp-content\/uploads\/2026\/01\/Vozol-Gear-Power-20000-Puffs-Raspberry-Watermelon-Disposable-Vape.png","datePublished":"2026-01-20T10:13:23+00:00","dateModified":"2026-01-21T01:48:36+00:00","description":"Vozol Gear Power 20000 Puffs Frambuesa Sand\u00eda: 20ml prellenado, 5% nicotina, bobinas de malla dual, pantalla completa y un acabado fresco y afrutado. Compra en fumot.uk.","breadcrumb":{"@id":"https:\/\/fumot.uk\/product\/vozol-gear-power-20000-puffs-raspberry-watermelon\/#breadcrumb"},"inLanguage":"es","potentialAction":[{"@type":"ReadAction","target":["https:\/\/fumot.uk\/product\/vozol-gear-power-20000-puffs-raspberry-watermelon\/"]}]},{"@type":"ImageObject","inLanguage":"es","@id":"https:\/\/fumot.uk\/product\/vozol-gear-power-20000-puffs-raspberry-watermelon\/#primaryimage","url":"https:\/\/fumot.uk\/wp-content\/uploads\/2026\/01\/Vozol-Gear-Power-20000-Puffs-Raspberry-Watermelon-Disposable-Vape.png","contentUrl":"https:\/\/fumot.uk\/wp-content\/uploads\/2026\/01\/Vozol-Gear-Power-20000-Puffs-Raspberry-Watermelon-Disposable-Vape.png","width":1000,"height":1000},{"@type":"BreadcrumbList","@id":"https:\/\/fumot.uk\/product\/vozol-gear-power-20000-puffs-raspberry-watermelon\/#breadcrumb","itemListElement":[{"@type":"ListItem","position":1,"name":"Home","item":"https:\/\/fumot.uk\/"},{"@type":"ListItem","position":2,"name":"Shop","item":"https:\/\/fumot.uk\/shop\/"},{"@type":"ListItem","position":3,"name":"Vozol Gear Power 20000 Puffs Raspberry Watermelon Disposable Vape 5% Nicotine (20ml, Dual Mesh, Display)"}]},{"@type":"WebSite","@id":"https:\/\/fumot.uk\/#website","url":"https:\/\/fumot.uk\/","name":"Fumot Official Direct | Directo desde la f\u00e1brica, 100% Original","description":"Sitio Oficial","publisher":{"@id":"https:\/\/fumot.uk\/#organization"},"potentialAction":[{"@type":"SearchAction","target":{"@type":"EntryPoint","urlTemplate":"https:\/\/fumot.uk\/?s={search_term_string}"},"query-input":{"@type":"PropertyValueSpecification","valueRequired":true,"valueName":"search_term_string"}}],"inLanguage":"es"},{"@type":"Organization","@id":"https:\/\/fumot.uk\/#organization","name":"Fumot Official Direct | Directo desde la f\u00e1brica, 100% Original","url":"https:\/\/fumot.uk\/","logo":{"@type":"ImageObject","inLanguage":"es","@id":"https:\/\/fumot.uk\/#\/schema\/logo\/image\/","url":"https:\/\/fumot.uk\/wp-content\/uploads\/2026\/01\/cropped-fumot-logo1.png","contentUrl":"https:\/\/fumot.uk\/wp-content\/uploads\/2026\/01\/cropped-fumot-logo1.png","width":152,"height":106,"caption":"Fumot Official Direct | Straight from the Factory, 100% Genuine"},"image":{"@id":"https:\/\/fumot.uk\/#\/schema\/logo\/image\/"}}]}},"_links":{"self":[{"href":"https:\/\/fumot.uk\/es\/wp-json\/wp\/v2\/product\/3534","targetHints":{"allow":["GET"]}}],"collection":[{"href":"https:\/\/fumot.uk\/es\/wp-json\/wp\/v2\/product"}],"about":[{"href":"https:\/\/fumot.uk\/es\/wp-json\/wp\/v2\/types\/product"}],"replies":[{"embeddable":true,"href":"https:\/\/fumot.uk\/es\/wp-json\/wp\/v2\/comments?post=3534"}],"wp:featuredmedia":[{"embeddable":true,"href":"https:\/\/fumot.uk\/es\/wp-json\/wp\/v2\/media\/3579"}],"wp:attachment":[{"href":"https:\/\/fumot.uk\/es\/wp-json\/wp\/v2\/media?parent=3534"}],"wp:term":[{"taxonomy":"product_brand","embeddable":true,"href":"https:\/\/fumot.uk\/es\/wp-json\/wp\/v2\/product_brand?post=3534"},{"taxonomy":"product_cat","embeddable":true,"href":"https:\/\/fumot.uk\/es\/wp-json\/wp\/v2\/product_cat?post=3534"},{"taxonomy":"product_tag","embeddable":true,"href":"https:\/\/fumot.uk\/es\/wp-json\/wp\/v2\/product_tag?post=3534"}],"curies":[{"name":"wp","href":"https:\/\/api.w.org\/{rel}","templated":true}]}}