{"id":3528,"date":"2026-01-20T10:13:22","date_gmt":"2026-01-20T10:13:22","guid":{"rendered":"https:\/\/fumot.uk\/?post_type=product&#038;p=3528"},"modified":"2026-01-21T01:49:21","modified_gmt":"2026-01-21T01:49:21","slug":"vozol-gear-power-20000-puffs-dragon-fruit-banana-cherry","status":"publish","type":"product","link":"https:\/\/fumot.uk\/es\/product\/vozol-gear-power-20000-puffs-dragon-fruit-banana-cherry\/","title":{"rendered":"Vozol Gear Power 20000 Puffs Fruta del Drag\u00f3n Banana Cereza \u2013 20ml, Malla Dual, Pantalla Completa (5% Nicotina)"},"content":{"rendered":"<h2>Vozol Gear Power 20000 Puffs \u2013 Fruta del Drag\u00f3n Banana Cereza<\/h2>\n<p>Conoce un sabor que se siente como un taz\u00f3n de frutas tropicales con un toque brillante: <strong>Fruta del Drag\u00f3n Banana Cereza<\/strong>. El <strong>Vozol Gear Power 20000 Puffs<\/strong> combina la dulzura aireada de la fruta del drag\u00f3n, la cremosidad suave del pl\u00e1tano y el vivo toque de la cereza en un vapeo en capas y satisfactorio. Cada calada comienza con notas tropicales, se suaviza en un final de pl\u00e1tano suave, luego se transforma en un refrescante toque de cereza\u2014limpio, afrutado y f\u00e1cil de disfrutar todo el d\u00eda.<\/p>\n<p>Para mantener el perfil de frutas n\u00edtido, este sabor se termina con un <strong>toque fresco sutil<\/strong>\u2014no abrumador, solo lo suficiente para a\u00f1adir frescura y equilibrar la dulzura natural para un sabor m\u00e1s suave.<\/p>\n<h3>Caracter\u00edsticas Clave<\/h3>\n<ul>\n<li><strong>Caladas:<\/strong> Hasta 20000 caladas<\/li>\n<li><strong>Fuerza de Nicotina:<\/strong> 5% (como seleccionado)<\/li>\n<li><strong>Capacidad de E-L\u00edquido:<\/strong> 20ml<\/li>\n<li><strong>Bobina:<\/strong> Bobinas de malla dual para calentamiento uniforme y sabor m\u00e1s completo<\/li>\n<li><strong>Pantalla:<\/strong> Pantalla de pantalla completa para un estado claro de un vistazo<\/li>\n<li><strong>Tecnolog\u00eda:<\/strong> Tecnolog\u00eda S.i.L.C.<\/li>\n<\/ul>\n<h3>\u00bfPor qu\u00e9 elegir Vozol Gear Power 20000?<\/h3>\n<ul>\n<li><strong>Sabor consistente de principio a fin:<\/strong> Dise\u00f1ado para salida estable y rendimiento confiable durante un uso prolongado.<\/li>\n<li><strong>Vapor m\u00e1s rico y suave:<\/strong> Las bobinas de malla dual ayudan a entregar nubes densas y notas de frutas m\u00e1s detalladas.<\/li>\n<li><strong>Hecho para la conveniencia diaria:<\/strong> Un fuerte equilibrio de poder y comodidad\u2014ideal para usuarios frecuentes que desean una experiencia desechable premium y sin complicaciones.<\/li>\n<\/ul>\n<h3>Explora M\u00e1s en fumot.uk<\/h3>\n<p>\u00bfBuscas m\u00e1s desechables duraderos y sabores afrutados? Explora lo \u00faltimo de la <a href=\"https:\/\/fumot.uk\/es\/\">colecci\u00f3n Vozol en fumot.uk<\/a> y descubre tu pr\u00f3ximo vapeo para todo el d\u00eda.<\/p>","protected":false},"excerpt":{"rendered":"<p>Vozol Gear Power 20000 Puffs en Fruta del Drag\u00f3n Pl\u00e1tano Cereza: fruta del drag\u00f3n tropical, pl\u00e1tano cremoso y cereza picante con un ligero acabado fresco. 20ml, Dual Mesh, pantalla completa, 5% nicotina.<\/p>","protected":false},"featured_media":3557,"comment_status":"open","ping_status":"closed","template":"","meta":[],"product_brand":[],"product_cat":[68,17,184],"product_tag":[60,131,21,57,36,23,43,73,26,28],"class_list":{"0":"post-3528","1":"product","2":"type-product","3":"status-publish","4":"has-post-thumbnail","6":"product_cat-20000-puff","7":"product_cat-vape","8":"product_cat-vozol-gear-power-20000-puffs","9":"product_tag-20ml","10":"product_tag-650mah","11":"product_tag-adjustable-airflow","12":"product_tag-banana","13":"product_tag-cherry","14":"product_tag-display","15":"product_tag-dragon-fruit","16":"product_tag-dual-mesh","17":"product_tag-rechargeable","18":"product_tag-type-c","20":"first","21":"instock","22":"sale","23":"shipping-taxable","24":"purchasable","25":"product-type-variable","26":"has-default-attributes"},"yoast_head":"<!-- This site is optimized with the Yoast SEO plugin v26.8 - https:\/\/yoast.com\/product\/yoast-seo-wordpress\/ -->\n<title>Vozol Gear Power 20000 Dragon Fruit Banana Cherry<\/title>\n<meta name=\"description\" content=\"Vozol Gear Power 20000 Puffs Dragon Fruit Banana Cherry: tropical-smooth fruit blend with a light cool finish. 20ml, Dual Mesh, display, 5% nicotine.\" \/>\n<meta name=\"robots\" content=\"index, follow, max-snippet:-1, max-image-preview:large, max-video-preview:-1\" \/>\n<link rel=\"canonical\" href=\"https:\/\/fumot.uk\/es\/product\/vozol-gear-power-20000-puffs-dragon-fruit-banana-cherry\/\" \/>\n<meta property=\"og:locale\" content=\"es_ES\" \/>\n<meta property=\"og:type\" content=\"article\" \/>\n<meta property=\"og:title\" content=\"Vozol Gear Power 20000 \u2013 Dragon Fruit Banana Cherry\" \/>\n<meta property=\"og:description\" content=\"A vibrant tropical blend of dragon fruit, creamy banana, and tangy cherry with a subtle cooling touch. 20000 puffs, 20ml, Dual Mesh, 5% nicotine.\" \/>\n<meta property=\"og:url\" content=\"https:\/\/fumot.uk\/es\/product\/vozol-gear-power-20000-puffs-dragon-fruit-banana-cherry\/\" \/>\n<meta property=\"og:site_name\" content=\"Fumot Official Direct | Straight from the Factory, 100% Genuine\" \/>\n<meta property=\"article:modified_time\" content=\"2026-01-21T01:49:21+00:00\" \/>\n<meta property=\"og:image\" content=\"https:\/\/fumot.uk\/wp-content\/uploads\/2026\/01\/Vozol-Gear-Power-20000-Puffs-Dragon-Fruit-Banana-Cherry-Disposable-Vape.png\" \/>\n\t<meta property=\"og:image:width\" content=\"1000\" \/>\n\t<meta property=\"og:image:height\" content=\"1000\" \/>\n\t<meta property=\"og:image:type\" content=\"image\/png\" \/>\n<meta name=\"twitter:card\" content=\"summary_large_image\" \/>\n<meta name=\"twitter:label1\" content=\"Tiempo de lectura\" \/>\n\t<meta name=\"twitter:data1\" content=\"3 minutos\" \/>\n<script type=\"application\/ld+json\" class=\"yoast-schema-graph\">{\"@context\":\"https:\/\/schema.org\",\"@graph\":[{\"@type\":\"WebPage\",\"@id\":\"https:\/\/fumot.uk\/product\/vozol-gear-power-20000-puffs-dragon-fruit-banana-cherry\/\",\"url\":\"https:\/\/fumot.uk\/product\/vozol-gear-power-20000-puffs-dragon-fruit-banana-cherry\/\",\"name\":\"Vozol Gear Power 20000 Dragon Fruit Banana Cherry\",\"isPartOf\":{\"@id\":\"https:\/\/fumot.uk\/#website\"},\"primaryImageOfPage\":{\"@id\":\"https:\/\/fumot.uk\/product\/vozol-gear-power-20000-puffs-dragon-fruit-banana-cherry\/#primaryimage\"},\"image\":{\"@id\":\"https:\/\/fumot.uk\/product\/vozol-gear-power-20000-puffs-dragon-fruit-banana-cherry\/#primaryimage\"},\"thumbnailUrl\":\"https:\/\/fumot.uk\/wp-content\/uploads\/2026\/01\/Vozol-Gear-Power-20000-Puffs-Dragon-Fruit-Banana-Cherry-Disposable-Vape.png\",\"datePublished\":\"2026-01-20T10:13:22+00:00\",\"dateModified\":\"2026-01-21T01:49:21+00:00\",\"description\":\"Vozol Gear Power 20000 Puffs Dragon Fruit Banana Cherry: tropical-smooth fruit blend with a light cool finish. 20ml, Dual Mesh, display, 5% nicotine.\",\"breadcrumb\":{\"@id\":\"https:\/\/fumot.uk\/product\/vozol-gear-power-20000-puffs-dragon-fruit-banana-cherry\/#breadcrumb\"},\"inLanguage\":\"es\",\"potentialAction\":[{\"@type\":\"ReadAction\",\"target\":[\"https:\/\/fumot.uk\/product\/vozol-gear-power-20000-puffs-dragon-fruit-banana-cherry\/\"]}]},{\"@type\":\"ImageObject\",\"inLanguage\":\"es\",\"@id\":\"https:\/\/fumot.uk\/product\/vozol-gear-power-20000-puffs-dragon-fruit-banana-cherry\/#primaryimage\",\"url\":\"https:\/\/fumot.uk\/wp-content\/uploads\/2026\/01\/Vozol-Gear-Power-20000-Puffs-Dragon-Fruit-Banana-Cherry-Disposable-Vape.png\",\"contentUrl\":\"https:\/\/fumot.uk\/wp-content\/uploads\/2026\/01\/Vozol-Gear-Power-20000-Puffs-Dragon-Fruit-Banana-Cherry-Disposable-Vape.png\",\"width\":1000,\"height\":1000},{\"@type\":\"BreadcrumbList\",\"@id\":\"https:\/\/fumot.uk\/product\/vozol-gear-power-20000-puffs-dragon-fruit-banana-cherry\/#breadcrumb\",\"itemListElement\":[{\"@type\":\"ListItem\",\"position\":1,\"name\":\"Home\",\"item\":\"https:\/\/fumot.uk\/\"},{\"@type\":\"ListItem\",\"position\":2,\"name\":\"Shop\",\"item\":\"https:\/\/fumot.uk\/shop\/\"},{\"@type\":\"ListItem\",\"position\":3,\"name\":\"Vozol Gear Power 20000 Puffs Dragon Fruit Banana Cherry \u2013 20ml, Dual Mesh, Full-Screen Display (5% Nicotine)\"}]},{\"@type\":\"WebSite\",\"@id\":\"https:\/\/fumot.uk\/#website\",\"url\":\"https:\/\/fumot.uk\/\",\"name\":\"Fumot Official Direct | Straight from the Factory, 100% Genuine\",\"description\":\"Official Website\",\"publisher\":{\"@id\":\"https:\/\/fumot.uk\/#organization\"},\"potentialAction\":[{\"@type\":\"SearchAction\",\"target\":{\"@type\":\"EntryPoint\",\"urlTemplate\":\"https:\/\/fumot.uk\/?s={search_term_string}\"},\"query-input\":{\"@type\":\"PropertyValueSpecification\",\"valueRequired\":true,\"valueName\":\"search_term_string\"}}],\"inLanguage\":\"es\"},{\"@type\":\"Organization\",\"@id\":\"https:\/\/fumot.uk\/#organization\",\"name\":\"Fumot Official Direct | Straight from the Factory, 100% Genuine\",\"url\":\"https:\/\/fumot.uk\/\",\"logo\":{\"@type\":\"ImageObject\",\"inLanguage\":\"es\",\"@id\":\"https:\/\/fumot.uk\/#\/schema\/logo\/image\/\",\"url\":\"https:\/\/fumot.uk\/wp-content\/uploads\/2026\/01\/cropped-fumot-logo1.png\",\"contentUrl\":\"https:\/\/fumot.uk\/wp-content\/uploads\/2026\/01\/cropped-fumot-logo1.png\",\"width\":152,\"height\":106,\"caption\":\"Fumot Official Direct | Straight from the Factory, 100% Genuine\"},\"image\":{\"@id\":\"https:\/\/fumot.uk\/#\/schema\/logo\/image\/\"}}]}<\/script>\n<!-- \/ Yoast SEO plugin. -->","yoast_head_json":{"title":"Vozol Gear Power 20000 Fruta del Drag\u00f3n Banana Cereza","description":"Vozol Gear Power 20000 Puffs Fruta del Drag\u00f3n Pl\u00e1tano Cereza: mezcla de frutas tropicales y suaves con un ligero acabado fresco. 20ml, Dual Mesh, pantalla, 5% nicotina.","robots":{"index":"index","follow":"follow","max-snippet":"max-snippet:-1","max-image-preview":"max-image-preview:large","max-video-preview":"max-video-preview:-1"},"canonical":"https:\/\/fumot.uk\/es\/product\/vozol-gear-power-20000-puffs-dragon-fruit-banana-cherry\/","og_locale":"es_ES","og_type":"article","og_title":"Vozol Gear Power 20000 \u2013 Dragon Fruit Banana Cherry","og_description":"A vibrant tropical blend of dragon fruit, creamy banana, and tangy cherry with a subtle cooling touch. 20000 puffs, 20ml, Dual Mesh, 5% nicotine.","og_url":"https:\/\/fumot.uk\/es\/product\/vozol-gear-power-20000-puffs-dragon-fruit-banana-cherry\/","og_site_name":"Fumot Official Direct | Straight from the Factory, 100% Genuine","article_modified_time":"2026-01-21T01:49:21+00:00","og_image":[{"width":1000,"height":1000,"url":"https:\/\/fumot.uk\/wp-content\/uploads\/2026\/01\/Vozol-Gear-Power-20000-Puffs-Dragon-Fruit-Banana-Cherry-Disposable-Vape.png","type":"image\/png"}],"twitter_card":"summary_large_image","twitter_misc":{"Tiempo de lectura":"3 minutos"},"schema":{"@context":"https:\/\/schema.org","@graph":[{"@type":"WebPage","@id":"https:\/\/fumot.uk\/product\/vozol-gear-power-20000-puffs-dragon-fruit-banana-cherry\/","url":"https:\/\/fumot.uk\/product\/vozol-gear-power-20000-puffs-dragon-fruit-banana-cherry\/","name":"Vozol Gear Power 20000 Fruta del Drag\u00f3n Banana Cereza","isPartOf":{"@id":"https:\/\/fumot.uk\/#website"},"primaryImageOfPage":{"@id":"https:\/\/fumot.uk\/product\/vozol-gear-power-20000-puffs-dragon-fruit-banana-cherry\/#primaryimage"},"image":{"@id":"https:\/\/fumot.uk\/product\/vozol-gear-power-20000-puffs-dragon-fruit-banana-cherry\/#primaryimage"},"thumbnailUrl":"https:\/\/fumot.uk\/wp-content\/uploads\/2026\/01\/Vozol-Gear-Power-20000-Puffs-Dragon-Fruit-Banana-Cherry-Disposable-Vape.png","datePublished":"2026-01-20T10:13:22+00:00","dateModified":"2026-01-21T01:49:21+00:00","description":"Vozol Gear Power 20000 Puffs Fruta del Drag\u00f3n Pl\u00e1tano Cereza: mezcla de frutas tropicales y suaves con un ligero acabado fresco. 20ml, Dual Mesh, pantalla, 5% nicotina.","breadcrumb":{"@id":"https:\/\/fumot.uk\/product\/vozol-gear-power-20000-puffs-dragon-fruit-banana-cherry\/#breadcrumb"},"inLanguage":"es","potentialAction":[{"@type":"ReadAction","target":["https:\/\/fumot.uk\/product\/vozol-gear-power-20000-puffs-dragon-fruit-banana-cherry\/"]}]},{"@type":"ImageObject","inLanguage":"es","@id":"https:\/\/fumot.uk\/product\/vozol-gear-power-20000-puffs-dragon-fruit-banana-cherry\/#primaryimage","url":"https:\/\/fumot.uk\/wp-content\/uploads\/2026\/01\/Vozol-Gear-Power-20000-Puffs-Dragon-Fruit-Banana-Cherry-Disposable-Vape.png","contentUrl":"https:\/\/fumot.uk\/wp-content\/uploads\/2026\/01\/Vozol-Gear-Power-20000-Puffs-Dragon-Fruit-Banana-Cherry-Disposable-Vape.png","width":1000,"height":1000},{"@type":"BreadcrumbList","@id":"https:\/\/fumot.uk\/product\/vozol-gear-power-20000-puffs-dragon-fruit-banana-cherry\/#breadcrumb","itemListElement":[{"@type":"ListItem","position":1,"name":"Home","item":"https:\/\/fumot.uk\/"},{"@type":"ListItem","position":2,"name":"Shop","item":"https:\/\/fumot.uk\/shop\/"},{"@type":"ListItem","position":3,"name":"Vozol Gear Power 20000 Puffs Dragon Fruit Banana Cherry \u2013 20ml, Dual Mesh, Full-Screen Display (5% Nicotine)"}]},{"@type":"WebSite","@id":"https:\/\/fumot.uk\/#website","url":"https:\/\/fumot.uk\/","name":"Fumot Official Direct | Directo desde la f\u00e1brica, 100% Original","description":"Sitio Oficial","publisher":{"@id":"https:\/\/fumot.uk\/#organization"},"potentialAction":[{"@type":"SearchAction","target":{"@type":"EntryPoint","urlTemplate":"https:\/\/fumot.uk\/?s={search_term_string}"},"query-input":{"@type":"PropertyValueSpecification","valueRequired":true,"valueName":"search_term_string"}}],"inLanguage":"es"},{"@type":"Organization","@id":"https:\/\/fumot.uk\/#organization","name":"Fumot Official Direct | Directo desde la f\u00e1brica, 100% Original","url":"https:\/\/fumot.uk\/","logo":{"@type":"ImageObject","inLanguage":"es","@id":"https:\/\/fumot.uk\/#\/schema\/logo\/image\/","url":"https:\/\/fumot.uk\/wp-content\/uploads\/2026\/01\/cropped-fumot-logo1.png","contentUrl":"https:\/\/fumot.uk\/wp-content\/uploads\/2026\/01\/cropped-fumot-logo1.png","width":152,"height":106,"caption":"Fumot Official Direct | Straight from the Factory, 100% Genuine"},"image":{"@id":"https:\/\/fumot.uk\/#\/schema\/logo\/image\/"}}]}},"_links":{"self":[{"href":"https:\/\/fumot.uk\/es\/wp-json\/wp\/v2\/product\/3528","targetHints":{"allow":["GET"]}}],"collection":[{"href":"https:\/\/fumot.uk\/es\/wp-json\/wp\/v2\/product"}],"about":[{"href":"https:\/\/fumot.uk\/es\/wp-json\/wp\/v2\/types\/product"}],"replies":[{"embeddable":true,"href":"https:\/\/fumot.uk\/es\/wp-json\/wp\/v2\/comments?post=3528"}],"wp:featuredmedia":[{"embeddable":true,"href":"https:\/\/fumot.uk\/es\/wp-json\/wp\/v2\/media\/3557"}],"wp:attachment":[{"href":"https:\/\/fumot.uk\/es\/wp-json\/wp\/v2\/media?parent=3528"}],"wp:term":[{"taxonomy":"product_brand","embeddable":true,"href":"https:\/\/fumot.uk\/es\/wp-json\/wp\/v2\/product_brand?post=3528"},{"taxonomy":"product_cat","embeddable":true,"href":"https:\/\/fumot.uk\/es\/wp-json\/wp\/v2\/product_cat?post=3528"},{"taxonomy":"product_tag","embeddable":true,"href":"https:\/\/fumot.uk\/es\/wp-json\/wp\/v2\/product_tag?post=3528"}],"curies":[{"name":"wp","href":"https:\/\/api.w.org\/{rel}","templated":true}]}}