{"id":3439,"date":"2026-01-20T10:12:10","date_gmt":"2026-01-20T10:12:10","guid":{"rendered":"https:\/\/fumot.uk\/?post_type=product&#038;p=3439"},"modified":"2026-01-21T01:57:58","modified_gmt":"2026-01-21T01:57:58","slug":"strawberry-raspberry-cherry-vozol-vista-20k-puffs","status":"publish","type":"product","link":"https:\/\/fumot.uk\/es\/product\/strawberry-raspberry-cherry-vozol-vista-20k-puffs\/","title":{"rendered":"Vozol Vista Crystal 20000 Puffs Vape Desechable \u2013 Fresa Frambuesa Cereza, 24ml, 5% Nicotina, Recargable USB-C"},"content":{"rendered":"<h2>Vozol Vista Crystal 20K Puffs \u2013 Fresa Frambuesa Cereza<\/h2>\n<p>Conoce el <strong>Vozol Vista 20K<\/strong> in <strong>Fresa Frambuesa Cereza<\/strong>\u2014una mezcla brillante y estratificada de bayas con un suave acabado de cereza, envuelta en un dise\u00f1o desechable estilo cristal elegante. Dise\u00f1ado para la conveniencia diaria, combina un gran <strong>24ml de e-l\u00edquido<\/strong> dep\u00f3sito, una <strong>bater\u00eda recargable USB-C de 650mAh<\/strong>, y un <strong>pantalla LCD inteligente<\/strong> que mantiene la informaci\u00f3n clave visible de un vistazo.<\/p>\n<h3>Perfil de sabor: Fresa Frambuesa Cereza<\/h3>\n<ul>\n<li><strong>Nota superior:<\/strong> dulzura jugosa de fresa en la primera calada<\/li>\n<li><strong>Nota media:<\/strong> la frambuesa a\u00f1ade un toque crujiente y ligeramente \u00e1cido<\/li>\n<li><strong>Acabado:<\/strong> la cereza lo completa con un tono de fruta m\u00e1s profundo y suave<\/li>\n<\/ul>\n<p>El resultado es un vape de frutas equilibrado: fresco y vibrante sin volverse demasiado dulce, con un sabor consistente de principio a fin.<\/p>\n<h3>Por qu\u00e9 te encantar\u00e1 el Vozol Vista 20K<\/h3>\n<ul>\n<li><strong>Hasta 20,000 bocanadas<\/strong> (el uso var\u00eda)<\/li>\n<li><strong>capacidad de e-l\u00edquido de 24ml<\/strong> para sesiones m\u00e1s largas entre reemplazos<\/li>\n<li><strong>Bater\u00eda recargable de 650mAh<\/strong> con carga r\u00e1pida <strong>Tipo-C (USB-C)<\/strong> carga<\/li>\n<li><strong>Pantalla LCD inteligente<\/strong> para comprobar f\u00e1cilmente el nivel de bater\u00eda y de l\u00edquido<\/li>\n<li><strong>Potencia ajustable en 6 niveles<\/strong> para ajustar el calor y la intensidad<\/li>\n<li><strong>Bobina de malla dual<\/strong> para un sabor m\u00e1s limpio y vapor m\u00e1s estable<\/li>\n<\/ul>\n<h3>Especificaciones del Producto<\/h3>\n<ul>\n<li><strong>Producto:<\/strong> Vozol Vista Crystal Vape Desechable<\/li>\n<li><strong>Cuenta de Caladas:<\/strong> Hasta 20,000<\/li>\n<li><strong>Sabor:<\/strong> Fresa Frambuesa Cereza<\/li>\n<li><strong>Fuerza de Nicotina:<\/strong> 5% (50mg\/ml)<\/li>\n<li><strong>Capacidad de E-L\u00edquido:<\/strong> 24ml<\/li>\n<li><strong>Bater\u00eda:<\/strong> 650mAh (Recargable)<\/li>\n<li><strong>Carga:<\/strong> USB-C (Tipo-C)<\/li>\n<li><strong>Control de potencia:<\/strong> Potencia ajustable en 6 niveles<\/li>\n<li><strong>Bobina:<\/strong> Doble Bobina de Malla<\/li>\n<\/ul>\n<h3>Explora M\u00e1s en fumot.uk<\/h3>\n<p>Buscando m\u00e1s <strong>Vozol Vista 20K<\/strong> \u00bfsabores y opciones desechables de larga duraci\u00f3n? Explora nuestra colecci\u00f3n aqu\u00ed: <a href=\"https:\/\/fumot.uk\/es\/\" target=\"_blank\" rel=\"noopener\">fumot.uk<\/a>.<\/p>","protected":false},"excerpt":{"rendered":"<p>Vozol Vista Crystal 20K vape desechable en Fresa Frambuesa Cereza. 24ml de e-l\u00edquido, 5% de nicotina, recargable USB-C 650mAh, pantalla LCD inteligente, doble bobina de malla y control de potencia de 6 niveles.<\/p>","protected":false},"featured_media":3484,"comment_status":"open","ping_status":"closed","template":"","meta":[],"product_brand":[],"product_cat":[68,17,183],"product_tag":[171,131,21,36,113,72,73,74,34,26,37,28],"class_list":{"0":"post-3439","1":"product","2":"type-product","3":"status-publish","4":"has-post-thumbnail","6":"product_cat-20000-puff","7":"product_cat-vape","8":"product_cat-vozol-vista-20k-puff","9":"product_tag-24ml","10":"product_tag-650mah","11":"product_tag-adjustable-airflow","12":"product_tag-cherry","13":"product_tag-crystal-vape","14":"product_tag-direct-to-lung","15":"product_tag-dual-mesh","16":"product_tag-lcd-display","17":"product_tag-raspberry","18":"product_tag-rechargeable","19":"product_tag-strawberry","20":"product_tag-type-c","22":"first","23":"instock","24":"sale","25":"shipping-taxable","26":"purchasable","27":"product-type-variable","28":"has-default-attributes"},"yoast_head":"<!-- This site is optimized with the Yoast SEO plugin v26.8 - https:\/\/yoast.com\/product\/yoast-seo-wordpress\/ -->\n<title>Vozol Vista 20K Strawberry Raspberry Cherry | 24ml 5%<\/title>\n<meta name=\"description\" content=\"Vozol Vista Crystal 20K Strawberry Raspberry Cherry: 24ml e-liquid, 5% nicotine, USB-C rechargeable 650mAh, LCD display, dual mesh coil, 6-level power control.\" \/>\n<meta name=\"robots\" content=\"index, follow, max-snippet:-1, max-image-preview:large, max-video-preview:-1\" \/>\n<link rel=\"canonical\" href=\"https:\/\/fumot.uk\/es\/product\/strawberry-raspberry-cherry-vozol-vista-20k-puffs\/\" \/>\n<meta property=\"og:locale\" content=\"es_ES\" \/>\n<meta property=\"og:type\" content=\"article\" \/>\n<meta property=\"og:title\" content=\"Vozol Vista Crystal 20K \u2013 Strawberry Raspberry Cherry\" \/>\n<meta property=\"og:description\" content=\"A bright berry blend with a smooth cherry finish. 24ml, 5% nicotine, USB-C rechargeable 650mAh, smart LCD display, dual mesh coil, up to 20,000 puffs.\" \/>\n<meta property=\"og:url\" content=\"https:\/\/fumot.uk\/es\/product\/strawberry-raspberry-cherry-vozol-vista-20k-puffs\/\" \/>\n<meta property=\"og:site_name\" content=\"Fumot Official Direct | Straight from the Factory, 100% Genuine\" \/>\n<meta property=\"article:modified_time\" content=\"2026-01-21T01:57:58+00:00\" \/>\n<meta property=\"og:image\" content=\"https:\/\/fumot.uk\/wp-content\/uploads\/2026\/01\/Vozol-Vista-20k-Puffs-Srawberry-Raspberry-Cherry-Disposable-Vape-1.jpeg\" \/>\n\t<meta property=\"og:image:width\" content=\"1280\" \/>\n\t<meta property=\"og:image:height\" content=\"1280\" \/>\n\t<meta property=\"og:image:type\" content=\"image\/jpeg\" \/>\n<meta name=\"twitter:card\" content=\"summary_large_image\" \/>\n<meta name=\"twitter:label1\" content=\"Tiempo de lectura\" \/>\n\t<meta name=\"twitter:data1\" content=\"3 minutos\" \/>\n<script type=\"application\/ld+json\" class=\"yoast-schema-graph\">{\"@context\":\"https:\/\/schema.org\",\"@graph\":[{\"@type\":\"WebPage\",\"@id\":\"https:\/\/fumot.uk\/product\/strawberry-raspberry-cherry-vozol-vista-20k-puffs\/\",\"url\":\"https:\/\/fumot.uk\/product\/strawberry-raspberry-cherry-vozol-vista-20k-puffs\/\",\"name\":\"Vozol Vista 20K Strawberry Raspberry Cherry | 24ml 5%\",\"isPartOf\":{\"@id\":\"https:\/\/fumot.uk\/#website\"},\"primaryImageOfPage\":{\"@id\":\"https:\/\/fumot.uk\/product\/strawberry-raspberry-cherry-vozol-vista-20k-puffs\/#primaryimage\"},\"image\":{\"@id\":\"https:\/\/fumot.uk\/product\/strawberry-raspberry-cherry-vozol-vista-20k-puffs\/#primaryimage\"},\"thumbnailUrl\":\"https:\/\/fumot.uk\/wp-content\/uploads\/2026\/01\/Vozol-Vista-20k-Puffs-Srawberry-Raspberry-Cherry-Disposable-Vape-1.jpeg\",\"datePublished\":\"2026-01-20T10:12:10+00:00\",\"dateModified\":\"2026-01-21T01:57:58+00:00\",\"description\":\"Vozol Vista Crystal 20K Strawberry Raspberry Cherry: 24ml e-liquid, 5% nicotine, USB-C rechargeable 650mAh, LCD display, dual mesh coil, 6-level power control.\",\"breadcrumb\":{\"@id\":\"https:\/\/fumot.uk\/product\/strawberry-raspberry-cherry-vozol-vista-20k-puffs\/#breadcrumb\"},\"inLanguage\":\"es\",\"potentialAction\":[{\"@type\":\"ReadAction\",\"target\":[\"https:\/\/fumot.uk\/product\/strawberry-raspberry-cherry-vozol-vista-20k-puffs\/\"]}]},{\"@type\":\"ImageObject\",\"inLanguage\":\"es\",\"@id\":\"https:\/\/fumot.uk\/product\/strawberry-raspberry-cherry-vozol-vista-20k-puffs\/#primaryimage\",\"url\":\"https:\/\/fumot.uk\/wp-content\/uploads\/2026\/01\/Vozol-Vista-20k-Puffs-Srawberry-Raspberry-Cherry-Disposable-Vape-1.jpeg\",\"contentUrl\":\"https:\/\/fumot.uk\/wp-content\/uploads\/2026\/01\/Vozol-Vista-20k-Puffs-Srawberry-Raspberry-Cherry-Disposable-Vape-1.jpeg\",\"width\":1280,\"height\":1280},{\"@type\":\"BreadcrumbList\",\"@id\":\"https:\/\/fumot.uk\/product\/strawberry-raspberry-cherry-vozol-vista-20k-puffs\/#breadcrumb\",\"itemListElement\":[{\"@type\":\"ListItem\",\"position\":1,\"name\":\"Home\",\"item\":\"https:\/\/fumot.uk\/\"},{\"@type\":\"ListItem\",\"position\":2,\"name\":\"Shop\",\"item\":\"https:\/\/fumot.uk\/shop\/\"},{\"@type\":\"ListItem\",\"position\":3,\"name\":\"Vozol Vista Crystal 20000 Puffs Disposable Vape \u2013 Strawberry Raspberry Cherry, 24ml, 5% Nicotine, USB-C Rechargeable\"}]},{\"@type\":\"WebSite\",\"@id\":\"https:\/\/fumot.uk\/#website\",\"url\":\"https:\/\/fumot.uk\/\",\"name\":\"Fumot Official Direct | Straight from the Factory, 100% Genuine\",\"description\":\"Official Website\",\"publisher\":{\"@id\":\"https:\/\/fumot.uk\/#organization\"},\"potentialAction\":[{\"@type\":\"SearchAction\",\"target\":{\"@type\":\"EntryPoint\",\"urlTemplate\":\"https:\/\/fumot.uk\/?s={search_term_string}\"},\"query-input\":{\"@type\":\"PropertyValueSpecification\",\"valueRequired\":true,\"valueName\":\"search_term_string\"}}],\"inLanguage\":\"es\"},{\"@type\":\"Organization\",\"@id\":\"https:\/\/fumot.uk\/#organization\",\"name\":\"Fumot Official Direct | Straight from the Factory, 100% Genuine\",\"url\":\"https:\/\/fumot.uk\/\",\"logo\":{\"@type\":\"ImageObject\",\"inLanguage\":\"es\",\"@id\":\"https:\/\/fumot.uk\/#\/schema\/logo\/image\/\",\"url\":\"https:\/\/fumot.uk\/wp-content\/uploads\/2026\/01\/cropped-fumot-logo1.png\",\"contentUrl\":\"https:\/\/fumot.uk\/wp-content\/uploads\/2026\/01\/cropped-fumot-logo1.png\",\"width\":152,\"height\":106,\"caption\":\"Fumot Official Direct | Straight from the Factory, 100% Genuine\"},\"image\":{\"@id\":\"https:\/\/fumot.uk\/#\/schema\/logo\/image\/\"}}]}<\/script>\n<!-- \/ Yoast SEO plugin. -->","yoast_head_json":{"title":"Vozol Vista 20K Fresa Frambuesa Cereza | 24ml 5%","description":"Vozol Vista Crystal 20K Fresa Frambuesa Cereza: 24ml de e-l\u00edquido, 5% de nicotina, recargable USB-C 650mAh, pantalla LCD, bobina de malla dual, control de potencia de 6 niveles.","robots":{"index":"index","follow":"follow","max-snippet":"max-snippet:-1","max-image-preview":"max-image-preview:large","max-video-preview":"max-video-preview:-1"},"canonical":"https:\/\/fumot.uk\/es\/product\/strawberry-raspberry-cherry-vozol-vista-20k-puffs\/","og_locale":"es_ES","og_type":"article","og_title":"Vozol Vista Crystal 20K \u2013 Strawberry Raspberry Cherry","og_description":"A bright berry blend with a smooth cherry finish. 24ml, 5% nicotine, USB-C rechargeable 650mAh, smart LCD display, dual mesh coil, up to 20,000 puffs.","og_url":"https:\/\/fumot.uk\/es\/product\/strawberry-raspberry-cherry-vozol-vista-20k-puffs\/","og_site_name":"Fumot Official Direct | Straight from the Factory, 100% Genuine","article_modified_time":"2026-01-21T01:57:58+00:00","og_image":[{"width":1280,"height":1280,"url":"https:\/\/fumot.uk\/wp-content\/uploads\/2026\/01\/Vozol-Vista-20k-Puffs-Srawberry-Raspberry-Cherry-Disposable-Vape-1.jpeg","type":"image\/jpeg"}],"twitter_card":"summary_large_image","twitter_misc":{"Tiempo de lectura":"3 minutos"},"schema":{"@context":"https:\/\/schema.org","@graph":[{"@type":"WebPage","@id":"https:\/\/fumot.uk\/product\/strawberry-raspberry-cherry-vozol-vista-20k-puffs\/","url":"https:\/\/fumot.uk\/product\/strawberry-raspberry-cherry-vozol-vista-20k-puffs\/","name":"Vozol Vista 20K Fresa Frambuesa Cereza | 24ml 5%","isPartOf":{"@id":"https:\/\/fumot.uk\/#website"},"primaryImageOfPage":{"@id":"https:\/\/fumot.uk\/product\/strawberry-raspberry-cherry-vozol-vista-20k-puffs\/#primaryimage"},"image":{"@id":"https:\/\/fumot.uk\/product\/strawberry-raspberry-cherry-vozol-vista-20k-puffs\/#primaryimage"},"thumbnailUrl":"https:\/\/fumot.uk\/wp-content\/uploads\/2026\/01\/Vozol-Vista-20k-Puffs-Srawberry-Raspberry-Cherry-Disposable-Vape-1.jpeg","datePublished":"2026-01-20T10:12:10+00:00","dateModified":"2026-01-21T01:57:58+00:00","description":"Vozol Vista Crystal 20K Fresa Frambuesa Cereza: 24ml de e-l\u00edquido, 5% de nicotina, recargable USB-C 650mAh, pantalla LCD, bobina de malla dual, control de potencia de 6 niveles.","breadcrumb":{"@id":"https:\/\/fumot.uk\/product\/strawberry-raspberry-cherry-vozol-vista-20k-puffs\/#breadcrumb"},"inLanguage":"es","potentialAction":[{"@type":"ReadAction","target":["https:\/\/fumot.uk\/product\/strawberry-raspberry-cherry-vozol-vista-20k-puffs\/"]}]},{"@type":"ImageObject","inLanguage":"es","@id":"https:\/\/fumot.uk\/product\/strawberry-raspberry-cherry-vozol-vista-20k-puffs\/#primaryimage","url":"https:\/\/fumot.uk\/wp-content\/uploads\/2026\/01\/Vozol-Vista-20k-Puffs-Srawberry-Raspberry-Cherry-Disposable-Vape-1.jpeg","contentUrl":"https:\/\/fumot.uk\/wp-content\/uploads\/2026\/01\/Vozol-Vista-20k-Puffs-Srawberry-Raspberry-Cherry-Disposable-Vape-1.jpeg","width":1280,"height":1280},{"@type":"BreadcrumbList","@id":"https:\/\/fumot.uk\/product\/strawberry-raspberry-cherry-vozol-vista-20k-puffs\/#breadcrumb","itemListElement":[{"@type":"ListItem","position":1,"name":"Home","item":"https:\/\/fumot.uk\/"},{"@type":"ListItem","position":2,"name":"Shop","item":"https:\/\/fumot.uk\/shop\/"},{"@type":"ListItem","position":3,"name":"Vozol Vista Crystal 20000 Puffs Disposable Vape \u2013 Strawberry Raspberry Cherry, 24ml, 5% Nicotine, USB-C Rechargeable"}]},{"@type":"WebSite","@id":"https:\/\/fumot.uk\/#website","url":"https:\/\/fumot.uk\/","name":"Fumot Official Direct | Directo desde la f\u00e1brica, 100% Original","description":"Sitio Oficial","publisher":{"@id":"https:\/\/fumot.uk\/#organization"},"potentialAction":[{"@type":"SearchAction","target":{"@type":"EntryPoint","urlTemplate":"https:\/\/fumot.uk\/?s={search_term_string}"},"query-input":{"@type":"PropertyValueSpecification","valueRequired":true,"valueName":"search_term_string"}}],"inLanguage":"es"},{"@type":"Organization","@id":"https:\/\/fumot.uk\/#organization","name":"Fumot Official Direct | Directo desde la f\u00e1brica, 100% Original","url":"https:\/\/fumot.uk\/","logo":{"@type":"ImageObject","inLanguage":"es","@id":"https:\/\/fumot.uk\/#\/schema\/logo\/image\/","url":"https:\/\/fumot.uk\/wp-content\/uploads\/2026\/01\/cropped-fumot-logo1.png","contentUrl":"https:\/\/fumot.uk\/wp-content\/uploads\/2026\/01\/cropped-fumot-logo1.png","width":152,"height":106,"caption":"Fumot Official Direct | Straight from the Factory, 100% Genuine"},"image":{"@id":"https:\/\/fumot.uk\/#\/schema\/logo\/image\/"}}]}},"_links":{"self":[{"href":"https:\/\/fumot.uk\/es\/wp-json\/wp\/v2\/product\/3439","targetHints":{"allow":["GET"]}}],"collection":[{"href":"https:\/\/fumot.uk\/es\/wp-json\/wp\/v2\/product"}],"about":[{"href":"https:\/\/fumot.uk\/es\/wp-json\/wp\/v2\/types\/product"}],"replies":[{"embeddable":true,"href":"https:\/\/fumot.uk\/es\/wp-json\/wp\/v2\/comments?post=3439"}],"wp:featuredmedia":[{"embeddable":true,"href":"https:\/\/fumot.uk\/es\/wp-json\/wp\/v2\/media\/3484"}],"wp:attachment":[{"href":"https:\/\/fumot.uk\/es\/wp-json\/wp\/v2\/media?parent=3439"}],"wp:term":[{"taxonomy":"product_brand","embeddable":true,"href":"https:\/\/fumot.uk\/es\/wp-json\/wp\/v2\/product_brand?post=3439"},{"taxonomy":"product_cat","embeddable":true,"href":"https:\/\/fumot.uk\/es\/wp-json\/wp\/v2\/product_cat?post=3439"},{"taxonomy":"product_tag","embeddable":true,"href":"https:\/\/fumot.uk\/es\/wp-json\/wp\/v2\/product_tag?post=3439"}],"curies":[{"name":"wp","href":"https:\/\/api.w.org\/{rel}","templated":true}]}}