{"id":3436,"date":"2026-01-20T10:12:09","date_gmt":"2026-01-20T10:12:09","guid":{"rendered":"https:\/\/fumot.uk\/?post_type=product&#038;p=3436"},"modified":"2026-01-21T01:58:55","modified_gmt":"2026-01-21T01:58:55","slug":"mexican-mango-vozol-vista-20k-puffs","status":"publish","type":"product","link":"https:\/\/fumot.uk\/es\/product\/mexican-mango-vozol-vista-20k-puffs\/","title":{"rendered":"Vozol Vista 20K Puffs Mango Mexicano Cristal Vape Desechable (24ml, 5% Nicotina, Recargable USB-C)"},"content":{"rendered":"<h2>Vozol Vista 20K Puffs \u2013 Mango Mexicano (Edici\u00f3n Cristal)<\/h2>\n<p>Lleva una vibra tropical madura por el sol a cada calada con el <strong>Vozol Vista 20K Puffs Mango Mexicano<\/strong>. Este vape desechable estilo cristal combina un sabor audaz a mango con una construcci\u00f3n rica en caracter\u00edsticas dise\u00f1ada para sesiones largas\u2014con un <strong>capacidad de e-l\u00edquido de 24ml<\/strong>, un <strong>bater\u00eda recargable USB-C de 650mAh<\/strong>, y un claro <strong>pantalla inteligente<\/strong> para verificaciones de estado de un vistazo.<\/p>\n<h3>Perfil de Sabor: Mango Mexicano<\/h3>\n<ul>\n<li><strong>Dulzura de mango maduro<\/strong>: Un sabor a mango jugoso y naturalmente dulce inspirado en los mangos mexicanos maduros.<\/li>\n<li><strong>Aroma tropical<\/strong>: Una nota de fruta fragante que se mantiene suave y satisfactoria desde la primera calada hasta la \u00faltima.<\/li>\n<li><strong>Amigable todo el d\u00eda<\/strong>: Dulce, brillante y f\u00e1cil de disfrutar ya sea que est\u00e9s relaj\u00e1ndote, viajando o tomando un descanso r\u00e1pido.<\/li>\n<\/ul>\n<h3>Por qu\u00e9 te encantar\u00e1 el Vozol Vista 20K<\/h3>\n<ul>\n<li><strong>Hasta 20,000 bocanadas<\/strong>: Dise\u00f1ado para un uso prolongado con menos reemplazos.<\/li>\n<li><strong>capacidad de e-l\u00edquido de 24ml<\/strong>: Gran dep\u00f3sito para un disfrute m\u00e1s prolongado sin complicaciones.<\/li>\n<li><strong>650mAh USB-C recargable<\/strong>: Recarga r\u00e1pida y conveniente a trav\u00e9s de Type-C.<\/li>\n<li><strong>Pantalla inteligente<\/strong>: Muestra claramente <strong>nivel de bater\u00eda<\/strong>, <strong>nivel de l\u00edquido<\/strong>, y estado del dispositivo.<\/li>\n<li><strong>Potencia ajustable en 6 niveles<\/strong>: Ajusta tu intensidad preferida.<\/li>\n<li><strong>Bobina de malla dual<\/strong>: Dise\u00f1ado para un sabor consistente y vapor suave.<\/li>\n<\/ul>\n<h3>Especificaciones<\/h3>\n<ul>\n<li><strong>Producto:<\/strong> Vozol Vista 20K Puffs (Vape Desechable de Cristal)<\/li>\n<li><strong>Capacidad de E-l\u00edquido:<\/strong> Mango Mexicano<\/li>\n<li><strong>Cuenta de Caladas:<\/strong> Hasta 20,000<\/li>\n<li><strong>Fuerza de Nicotina:<\/strong> 5% (50mg\/ml)<\/li>\n<li><strong>Capacidad de E-L\u00edquido:<\/strong> 24ml<\/li>\n<li><strong>Bater\u00eda:<\/strong> 650mAh (USB-C \/ Type-C Recargable)<\/li>\n<li><strong>Control de potencia:<\/strong> Vatios ajustables en 6 pasos<\/li>\n<li><strong>Bobina:<\/strong> Doble Bobina de Malla<\/li>\n<\/ul>\n<p>Explora m\u00e1s opciones de larga duraci\u00f3n en <a href=\"https:\/\/fumot.uk\/es\/\" target=\"_blank\" rel=\"noopener\">fumot.uk<\/a> y descubre tu pr\u00f3ximo <strong>Vozol Vista 20K<\/strong> sabor favorito.<\/p>","protected":false},"excerpt":{"rendered":"<p>Mango Mexicano Jugoso en un vape desechable Vozol Vista 20K estilo cristal. 24ml de e-l\u00edquido, 5% de nicotina, bobina de malla dual, pantalla inteligente, recargable USB-C de 650mAh.<\/p>","protected":false},"featured_media":3481,"comment_status":"open","ping_status":"closed","template":"","meta":[],"product_brand":[],"product_cat":[68,17,183],"product_tag":[171,131,21,113,72,73,74,42,26,28],"class_list":{"0":"post-3436","1":"product","2":"type-product","3":"status-publish","4":"has-post-thumbnail","6":"product_cat-20000-puff","7":"product_cat-vape","8":"product_cat-vozol-vista-20k-puff","9":"product_tag-24ml","10":"product_tag-650mah","11":"product_tag-adjustable-airflow","12":"product_tag-crystal-vape","13":"product_tag-direct-to-lung","14":"product_tag-dual-mesh","15":"product_tag-lcd-display","16":"product_tag-mango","17":"product_tag-rechargeable","18":"product_tag-type-c","20":"first","21":"instock","22":"sale","23":"shipping-taxable","24":"purchasable","25":"product-type-variable","26":"has-default-attributes"},"yoast_head":"<!-- This site is optimized with the Yoast SEO plugin v26.8 - https:\/\/yoast.com\/product\/yoast-seo-wordpress\/ -->\n<title>Vozol Vista 20K Mexican Mango | 24ml, 5% Nicotine<\/title>\n<meta name=\"description\" content=\"Vozol Vista 20K Puffs Mexican Mango crystal disposable vape: 24ml e-liquid, 5% nicotine, dual mesh coil, smart display, 650mAh USB-C rechargeable.\" \/>\n<meta name=\"robots\" content=\"index, follow, max-snippet:-1, max-image-preview:large, max-video-preview:-1\" \/>\n<link rel=\"canonical\" href=\"https:\/\/fumot.uk\/es\/product\/mexican-mango-vozol-vista-20k-puffs\/\" \/>\n<meta property=\"og:locale\" content=\"es_ES\" \/>\n<meta property=\"og:type\" content=\"article\" \/>\n<meta property=\"og:title\" content=\"Vozol Vista 20K Puffs \u2013 Mexican Mango Crystal Vape\" \/>\n<meta property=\"og:description\" content=\"Tropical ripe mango flavour with a smart display, dual mesh coil, 24ml e-liquid and USB-C rechargeable 650mAh battery. Up to 20,000 puffs.\" \/>\n<meta property=\"og:url\" content=\"https:\/\/fumot.uk\/es\/product\/mexican-mango-vozol-vista-20k-puffs\/\" \/>\n<meta property=\"og:site_name\" content=\"Fumot Official Direct | Straight from the Factory, 100% Genuine\" \/>\n<meta property=\"article:modified_time\" content=\"2026-01-21T01:58:55+00:00\" \/>\n<meta property=\"og:image\" content=\"https:\/\/fumot.uk\/wp-content\/uploads\/2026\/01\/Vozol-Vista-20k-Puffs-Mexican-Mango-Disposable-Vape.jpeg\" \/>\n\t<meta property=\"og:image:width\" content=\"1280\" \/>\n\t<meta property=\"og:image:height\" content=\"1280\" \/>\n\t<meta property=\"og:image:type\" content=\"image\/jpeg\" \/>\n<meta name=\"twitter:card\" content=\"summary_large_image\" \/>\n<meta name=\"twitter:label1\" content=\"Tiempo de lectura\" \/>\n\t<meta name=\"twitter:data1\" content=\"3 minutos\" \/>\n<script type=\"application\/ld+json\" class=\"yoast-schema-graph\">{\"@context\":\"https:\/\/schema.org\",\"@graph\":[{\"@type\":\"WebPage\",\"@id\":\"https:\/\/fumot.uk\/product\/mexican-mango-vozol-vista-20k-puffs\/\",\"url\":\"https:\/\/fumot.uk\/product\/mexican-mango-vozol-vista-20k-puffs\/\",\"name\":\"Vozol Vista 20K Mexican Mango | 24ml, 5% Nicotine\",\"isPartOf\":{\"@id\":\"https:\/\/fumot.uk\/#website\"},\"primaryImageOfPage\":{\"@id\":\"https:\/\/fumot.uk\/product\/mexican-mango-vozol-vista-20k-puffs\/#primaryimage\"},\"image\":{\"@id\":\"https:\/\/fumot.uk\/product\/mexican-mango-vozol-vista-20k-puffs\/#primaryimage\"},\"thumbnailUrl\":\"https:\/\/fumot.uk\/wp-content\/uploads\/2026\/01\/Vozol-Vista-20k-Puffs-Mexican-Mango-Disposable-Vape.jpeg\",\"datePublished\":\"2026-01-20T10:12:09+00:00\",\"dateModified\":\"2026-01-21T01:58:55+00:00\",\"description\":\"Vozol Vista 20K Puffs Mexican Mango crystal disposable vape: 24ml e-liquid, 5% nicotine, dual mesh coil, smart display, 650mAh USB-C rechargeable.\",\"breadcrumb\":{\"@id\":\"https:\/\/fumot.uk\/product\/mexican-mango-vozol-vista-20k-puffs\/#breadcrumb\"},\"inLanguage\":\"es\",\"potentialAction\":[{\"@type\":\"ReadAction\",\"target\":[\"https:\/\/fumot.uk\/product\/mexican-mango-vozol-vista-20k-puffs\/\"]}]},{\"@type\":\"ImageObject\",\"inLanguage\":\"es\",\"@id\":\"https:\/\/fumot.uk\/product\/mexican-mango-vozol-vista-20k-puffs\/#primaryimage\",\"url\":\"https:\/\/fumot.uk\/wp-content\/uploads\/2026\/01\/Vozol-Vista-20k-Puffs-Mexican-Mango-Disposable-Vape.jpeg\",\"contentUrl\":\"https:\/\/fumot.uk\/wp-content\/uploads\/2026\/01\/Vozol-Vista-20k-Puffs-Mexican-Mango-Disposable-Vape.jpeg\",\"width\":1280,\"height\":1280},{\"@type\":\"BreadcrumbList\",\"@id\":\"https:\/\/fumot.uk\/product\/mexican-mango-vozol-vista-20k-puffs\/#breadcrumb\",\"itemListElement\":[{\"@type\":\"ListItem\",\"position\":1,\"name\":\"Home\",\"item\":\"https:\/\/fumot.uk\/\"},{\"@type\":\"ListItem\",\"position\":2,\"name\":\"Shop\",\"item\":\"https:\/\/fumot.uk\/shop\/\"},{\"@type\":\"ListItem\",\"position\":3,\"name\":\"Vozol Vista 20K Puffs Mexican Mango Crystal Disposable Vape (24ml, 5% Nicotine, USB-C Rechargeable)\"}]},{\"@type\":\"WebSite\",\"@id\":\"https:\/\/fumot.uk\/#website\",\"url\":\"https:\/\/fumot.uk\/\",\"name\":\"Fumot Official Direct | Straight from the Factory, 100% Genuine\",\"description\":\"Official Website\",\"publisher\":{\"@id\":\"https:\/\/fumot.uk\/#organization\"},\"potentialAction\":[{\"@type\":\"SearchAction\",\"target\":{\"@type\":\"EntryPoint\",\"urlTemplate\":\"https:\/\/fumot.uk\/?s={search_term_string}\"},\"query-input\":{\"@type\":\"PropertyValueSpecification\",\"valueRequired\":true,\"valueName\":\"search_term_string\"}}],\"inLanguage\":\"es\"},{\"@type\":\"Organization\",\"@id\":\"https:\/\/fumot.uk\/#organization\",\"name\":\"Fumot Official Direct | Straight from the Factory, 100% Genuine\",\"url\":\"https:\/\/fumot.uk\/\",\"logo\":{\"@type\":\"ImageObject\",\"inLanguage\":\"es\",\"@id\":\"https:\/\/fumot.uk\/#\/schema\/logo\/image\/\",\"url\":\"https:\/\/fumot.uk\/wp-content\/uploads\/2026\/01\/cropped-fumot-logo1.png\",\"contentUrl\":\"https:\/\/fumot.uk\/wp-content\/uploads\/2026\/01\/cropped-fumot-logo1.png\",\"width\":152,\"height\":106,\"caption\":\"Fumot Official Direct | Straight from the Factory, 100% Genuine\"},\"image\":{\"@id\":\"https:\/\/fumot.uk\/#\/schema\/logo\/image\/\"}}]}<\/script>\n<!-- \/ Yoast SEO plugin. -->","yoast_head_json":{"title":"Vozol Vista 20K Mango Mexicano | 24ml, 5% Nicotina","description":"Vozol Vista 20K Puffs Mango Mexicano cristal vape desechable: 24ml de e-l\u00edquido, 5% nicotina, bobina de malla dual, pantalla inteligente, 650mAh recargable USB-C.","robots":{"index":"index","follow":"follow","max-snippet":"max-snippet:-1","max-image-preview":"max-image-preview:large","max-video-preview":"max-video-preview:-1"},"canonical":"https:\/\/fumot.uk\/es\/product\/mexican-mango-vozol-vista-20k-puffs\/","og_locale":"es_ES","og_type":"article","og_title":"Vozol Vista 20K Puffs \u2013 Mexican Mango Crystal Vape","og_description":"Tropical ripe mango flavour with a smart display, dual mesh coil, 24ml e-liquid and USB-C rechargeable 650mAh battery. Up to 20,000 puffs.","og_url":"https:\/\/fumot.uk\/es\/product\/mexican-mango-vozol-vista-20k-puffs\/","og_site_name":"Fumot Official Direct | Straight from the Factory, 100% Genuine","article_modified_time":"2026-01-21T01:58:55+00:00","og_image":[{"width":1280,"height":1280,"url":"https:\/\/fumot.uk\/wp-content\/uploads\/2026\/01\/Vozol-Vista-20k-Puffs-Mexican-Mango-Disposable-Vape.jpeg","type":"image\/jpeg"}],"twitter_card":"summary_large_image","twitter_misc":{"Tiempo de lectura":"3 minutos"},"schema":{"@context":"https:\/\/schema.org","@graph":[{"@type":"WebPage","@id":"https:\/\/fumot.uk\/product\/mexican-mango-vozol-vista-20k-puffs\/","url":"https:\/\/fumot.uk\/product\/mexican-mango-vozol-vista-20k-puffs\/","name":"Vozol Vista 20K Mango Mexicano | 24ml, 5% Nicotina","isPartOf":{"@id":"https:\/\/fumot.uk\/#website"},"primaryImageOfPage":{"@id":"https:\/\/fumot.uk\/product\/mexican-mango-vozol-vista-20k-puffs\/#primaryimage"},"image":{"@id":"https:\/\/fumot.uk\/product\/mexican-mango-vozol-vista-20k-puffs\/#primaryimage"},"thumbnailUrl":"https:\/\/fumot.uk\/wp-content\/uploads\/2026\/01\/Vozol-Vista-20k-Puffs-Mexican-Mango-Disposable-Vape.jpeg","datePublished":"2026-01-20T10:12:09+00:00","dateModified":"2026-01-21T01:58:55+00:00","description":"Vozol Vista 20K Puffs Mango Mexicano cristal vape desechable: 24ml de e-l\u00edquido, 5% nicotina, bobina de malla dual, pantalla inteligente, 650mAh recargable USB-C.","breadcrumb":{"@id":"https:\/\/fumot.uk\/product\/mexican-mango-vozol-vista-20k-puffs\/#breadcrumb"},"inLanguage":"es","potentialAction":[{"@type":"ReadAction","target":["https:\/\/fumot.uk\/product\/mexican-mango-vozol-vista-20k-puffs\/"]}]},{"@type":"ImageObject","inLanguage":"es","@id":"https:\/\/fumot.uk\/product\/mexican-mango-vozol-vista-20k-puffs\/#primaryimage","url":"https:\/\/fumot.uk\/wp-content\/uploads\/2026\/01\/Vozol-Vista-20k-Puffs-Mexican-Mango-Disposable-Vape.jpeg","contentUrl":"https:\/\/fumot.uk\/wp-content\/uploads\/2026\/01\/Vozol-Vista-20k-Puffs-Mexican-Mango-Disposable-Vape.jpeg","width":1280,"height":1280},{"@type":"BreadcrumbList","@id":"https:\/\/fumot.uk\/product\/mexican-mango-vozol-vista-20k-puffs\/#breadcrumb","itemListElement":[{"@type":"ListItem","position":1,"name":"Home","item":"https:\/\/fumot.uk\/"},{"@type":"ListItem","position":2,"name":"Shop","item":"https:\/\/fumot.uk\/shop\/"},{"@type":"ListItem","position":3,"name":"Vozol Vista 20K Puffs Mexican Mango Crystal Disposable Vape (24ml, 5% Nicotine, USB-C Rechargeable)"}]},{"@type":"WebSite","@id":"https:\/\/fumot.uk\/#website","url":"https:\/\/fumot.uk\/","name":"Fumot Official Direct | Directo desde la f\u00e1brica, 100% Original","description":"Sitio Oficial","publisher":{"@id":"https:\/\/fumot.uk\/#organization"},"potentialAction":[{"@type":"SearchAction","target":{"@type":"EntryPoint","urlTemplate":"https:\/\/fumot.uk\/?s={search_term_string}"},"query-input":{"@type":"PropertyValueSpecification","valueRequired":true,"valueName":"search_term_string"}}],"inLanguage":"es"},{"@type":"Organization","@id":"https:\/\/fumot.uk\/#organization","name":"Fumot Official Direct | Directo desde la f\u00e1brica, 100% Original","url":"https:\/\/fumot.uk\/","logo":{"@type":"ImageObject","inLanguage":"es","@id":"https:\/\/fumot.uk\/#\/schema\/logo\/image\/","url":"https:\/\/fumot.uk\/wp-content\/uploads\/2026\/01\/cropped-fumot-logo1.png","contentUrl":"https:\/\/fumot.uk\/wp-content\/uploads\/2026\/01\/cropped-fumot-logo1.png","width":152,"height":106,"caption":"Fumot Official Direct | Straight from the Factory, 100% Genuine"},"image":{"@id":"https:\/\/fumot.uk\/#\/schema\/logo\/image\/"}}]}},"_links":{"self":[{"href":"https:\/\/fumot.uk\/es\/wp-json\/wp\/v2\/product\/3436","targetHints":{"allow":["GET"]}}],"collection":[{"href":"https:\/\/fumot.uk\/es\/wp-json\/wp\/v2\/product"}],"about":[{"href":"https:\/\/fumot.uk\/es\/wp-json\/wp\/v2\/types\/product"}],"replies":[{"embeddable":true,"href":"https:\/\/fumot.uk\/es\/wp-json\/wp\/v2\/comments?post=3436"}],"wp:featuredmedia":[{"embeddable":true,"href":"https:\/\/fumot.uk\/es\/wp-json\/wp\/v2\/media\/3481"}],"wp:attachment":[{"href":"https:\/\/fumot.uk\/es\/wp-json\/wp\/v2\/media?parent=3436"}],"wp:term":[{"taxonomy":"product_brand","embeddable":true,"href":"https:\/\/fumot.uk\/es\/wp-json\/wp\/v2\/product_brand?post=3436"},{"taxonomy":"product_cat","embeddable":true,"href":"https:\/\/fumot.uk\/es\/wp-json\/wp\/v2\/product_cat?post=3436"},{"taxonomy":"product_tag","embeddable":true,"href":"https:\/\/fumot.uk\/es\/wp-json\/wp\/v2\/product_tag?post=3436"}],"curies":[{"name":"wp","href":"https:\/\/api.w.org\/{rel}","templated":true}]}}