{"id":3435,"date":"2026-01-20T10:12:09","date_gmt":"2026-01-20T10:12:09","guid":{"rendered":"https:\/\/fumot.uk\/?post_type=product&#038;p=3435"},"modified":"2026-01-21T01:59:41","modified_gmt":"2026-01-21T01:59:41","slug":"mango-ice-vozol-vista-20k-puffs","status":"publish","type":"product","link":"https:\/\/fumot.uk\/es\/product\/mango-ice-vozol-vista-20k-puffs\/","title":{"rendered":"Vozol Vista 20000 Puffs Mango Ice Crystal Vape Desechable (24ml, 5% Nicotina, Recargable USB-C)"},"content":{"rendered":"<h2>Vozol Vista 20K Mango Ice \u2013 Estilo Cristalino, Frescor Tropical<\/h2>\n<p><strong>Vozol Vista 20000 Puffs Mango Ice<\/strong> mezcla la dulzura del mango maduro con un acabado limpio y helado para un vapeo brillante y refrescante desde la primera calada hasta la \u00faltima. Dise\u00f1ado con un <strong>aspecto cristalino transparente<\/strong>, un generoso <strong>capacidad de e-l\u00edquido de 24ml<\/strong>, y un <strong>bater\u00eda recargable USB-C de 650mAh<\/strong>, est\u00e1 hecho para sesiones largas y f\u00e1cil de llevar todos los d\u00edas.<\/p>\n<h3>Perfil de Sabor Mango Ice<\/h3>\n<ul>\n<li><strong>Mango Jugoso al Frente:<\/strong> Una nota suave de mango tropical que sabe a madurado al sol y naturalmente dulce.<\/li>\n<li><strong>Exhalaci\u00f3n Helada:<\/strong> Un acabado refrescante que mantiene el mango crujiente, ideal cuando deseas una sensaci\u00f3n m\u00e1s ligera y fresca.<\/li>\n<li><strong>Amigable Todo el D\u00eda:<\/strong> Car\u00e1cter equilibrado de dulce y fresco que se mantiene agradable sin sentirse pesado.<\/li>\n<\/ul>\n<h3>Por Qu\u00e9 Te Encantar\u00e1 Vozol Vista 20K<\/h3>\n<ul>\n<li><strong>Hasta 20,000 caladas:<\/strong> Rendimiento duradero para uso prolongado.<\/li>\n<li><strong>Dep\u00f3sito de e-l\u00edquido de 24ml:<\/strong> Gran capacidad dise\u00f1ada para reducir reemplazos frecuentes.<\/li>\n<li><strong>Recargable USB Tipo-C (650mAh):<\/strong> Recarga conveniente para un uso diario constante.<\/li>\n<li><strong>Control de potencia de 6 niveles:<\/strong> Ajusta la intensidad para que coincida con tu preferencia.<\/li>\n<li><strong>Doble bobina de malla:<\/strong> Ayuda a entregar un sabor constante y vapor suave.<\/li>\n<li><strong>Dise\u00f1o estilo cristal:<\/strong> Aspecto limpio y moderno con una sensaci\u00f3n premium en la mano.<\/li>\n<\/ul>\n<h3>Especificaciones<\/h3>\n<ul>\n<li><strong>Marca\/Serie:<\/strong> Vozol Vista<\/li>\n<li><strong>Cuenta de Caladas:<\/strong> Hasta 20,000<\/li>\n<li><strong>Sabor:<\/strong> Hielo de Mango<\/li>\n<li><strong>Fuerza de Nicotina:<\/strong> 5% (50mg\/ml)<\/li>\n<li><strong>850mAh (recargable)<\/strong> 24ml<\/li>\n<li><strong>Bater\u00eda:<\/strong> 650mAh (recargable por USB-C)<\/li>\n<li><strong>Control de potencia:<\/strong> Potencia ajustable en 6 niveles<\/li>\n<li><strong>Bobina:<\/strong> Doble Bobina de Malla<\/li>\n<\/ul>\n<p>Explora m\u00e1s sabores y dispositivos en <a href=\"https:\/\/fumot.uk\/es\/\">fumot.uk<\/a>.<\/p>","protected":false},"excerpt":{"rendered":"<p>Vozol Vista 20K Mango Ice crystal vape desechable con 24ml de e-l\u00edquido, 5% de nicotina, bobina de malla dual, control de potencia de 6 niveles y bater\u00eda recargable USB-C de 650mAh.<\/p>","protected":false},"featured_media":3480,"comment_status":"open","ping_status":"closed","template":"","meta":[],"product_brand":[],"product_cat":[68,17,183],"product_tag":[171,131,21,113,72,73,29,74,42,26,28],"class_list":{"0":"post-3435","1":"product","2":"type-product","3":"status-publish","4":"has-post-thumbnail","6":"product_cat-20000-puff","7":"product_cat-vape","8":"product_cat-vozol-vista-20k-puff","9":"product_tag-24ml","10":"product_tag-650mah","11":"product_tag-adjustable-airflow","12":"product_tag-crystal-vape","13":"product_tag-direct-to-lung","14":"product_tag-dual-mesh","15":"product_tag-ice","16":"product_tag-lcd-display","17":"product_tag-mango","18":"product_tag-rechargeable","19":"product_tag-type-c","21":"first","22":"instock","23":"sale","24":"shipping-taxable","25":"purchasable","26":"product-type-variable","27":"has-default-attributes"},"yoast_head":"<!-- This site is optimized with the Yoast SEO plugin v26.8 - https:\/\/yoast.com\/product\/yoast-seo-wordpress\/ -->\n<title>Vozol Vista 20K Mango Ice | 24ml, 5% Nicotine, USB-C<\/title>\n<meta name=\"description\" content=\"Vozol Vista 20000 Puffs Mango Ice crystal disposable vape: 24ml e-liquid, 5% nicotine, dual mesh coil, 6-level power, 650mAh USB-C rechargeable.\" \/>\n<meta name=\"robots\" content=\"index, follow, max-snippet:-1, max-image-preview:large, max-video-preview:-1\" \/>\n<link rel=\"canonical\" href=\"https:\/\/fumot.uk\/es\/product\/mango-ice-vozol-vista-20k-puffs\/\" \/>\n<meta property=\"og:locale\" content=\"es_ES\" \/>\n<meta property=\"og:type\" content=\"article\" \/>\n<meta property=\"og:title\" content=\"Vozol Vista 20K Mango Ice \u2013 Sweet Mango, Icy Finish\" \/>\n<meta property=\"og:description\" content=\"Tropical mango sweetness with a refreshing ice-cool exhale. 24ml e-liquid, up to 20,000 puffs, dual mesh coil, 6-level power, USB-C rechargeable.\" \/>\n<meta property=\"og:url\" content=\"https:\/\/fumot.uk\/es\/product\/mango-ice-vozol-vista-20k-puffs\/\" \/>\n<meta property=\"og:site_name\" content=\"Fumot Official Direct | Straight from the Factory, 100% Genuine\" \/>\n<meta property=\"article:modified_time\" content=\"2026-01-21T01:59:41+00:00\" \/>\n<meta property=\"og:image\" content=\"https:\/\/fumot.uk\/wp-content\/uploads\/2026\/01\/Vozol-Vista-20k-Puffs-Mango-Ice-Disposable-Vape.jpeg\" \/>\n\t<meta property=\"og:image:width\" content=\"1280\" \/>\n\t<meta property=\"og:image:height\" content=\"1280\" \/>\n\t<meta property=\"og:image:type\" content=\"image\/jpeg\" \/>\n<meta name=\"twitter:card\" content=\"summary_large_image\" \/>\n<meta name=\"twitter:label1\" content=\"Tiempo de lectura\" \/>\n\t<meta name=\"twitter:data1\" content=\"3 minutos\" \/>\n<script type=\"application\/ld+json\" class=\"yoast-schema-graph\">{\"@context\":\"https:\/\/schema.org\",\"@graph\":[{\"@type\":\"WebPage\",\"@id\":\"https:\/\/fumot.uk\/product\/mango-ice-vozol-vista-20k-puffs\/\",\"url\":\"https:\/\/fumot.uk\/product\/mango-ice-vozol-vista-20k-puffs\/\",\"name\":\"Vozol Vista 20K Mango Ice | 24ml, 5% Nicotine, USB-C\",\"isPartOf\":{\"@id\":\"https:\/\/fumot.uk\/#website\"},\"primaryImageOfPage\":{\"@id\":\"https:\/\/fumot.uk\/product\/mango-ice-vozol-vista-20k-puffs\/#primaryimage\"},\"image\":{\"@id\":\"https:\/\/fumot.uk\/product\/mango-ice-vozol-vista-20k-puffs\/#primaryimage\"},\"thumbnailUrl\":\"https:\/\/fumot.uk\/wp-content\/uploads\/2026\/01\/Vozol-Vista-20k-Puffs-Mango-Ice-Disposable-Vape.jpeg\",\"datePublished\":\"2026-01-20T10:12:09+00:00\",\"dateModified\":\"2026-01-21T01:59:41+00:00\",\"description\":\"Vozol Vista 20000 Puffs Mango Ice crystal disposable vape: 24ml e-liquid, 5% nicotine, dual mesh coil, 6-level power, 650mAh USB-C rechargeable.\",\"breadcrumb\":{\"@id\":\"https:\/\/fumot.uk\/product\/mango-ice-vozol-vista-20k-puffs\/#breadcrumb\"},\"inLanguage\":\"es\",\"potentialAction\":[{\"@type\":\"ReadAction\",\"target\":[\"https:\/\/fumot.uk\/product\/mango-ice-vozol-vista-20k-puffs\/\"]}]},{\"@type\":\"ImageObject\",\"inLanguage\":\"es\",\"@id\":\"https:\/\/fumot.uk\/product\/mango-ice-vozol-vista-20k-puffs\/#primaryimage\",\"url\":\"https:\/\/fumot.uk\/wp-content\/uploads\/2026\/01\/Vozol-Vista-20k-Puffs-Mango-Ice-Disposable-Vape.jpeg\",\"contentUrl\":\"https:\/\/fumot.uk\/wp-content\/uploads\/2026\/01\/Vozol-Vista-20k-Puffs-Mango-Ice-Disposable-Vape.jpeg\",\"width\":1280,\"height\":1280},{\"@type\":\"BreadcrumbList\",\"@id\":\"https:\/\/fumot.uk\/product\/mango-ice-vozol-vista-20k-puffs\/#breadcrumb\",\"itemListElement\":[{\"@type\":\"ListItem\",\"position\":1,\"name\":\"Home\",\"item\":\"https:\/\/fumot.uk\/\"},{\"@type\":\"ListItem\",\"position\":2,\"name\":\"Shop\",\"item\":\"https:\/\/fumot.uk\/shop\/\"},{\"@type\":\"ListItem\",\"position\":3,\"name\":\"Vozol Vista 20000 Puffs Mango Ice Crystal Disposable Vape (24ml, 5% Nicotine, USB-C Rechargeable)\"}]},{\"@type\":\"WebSite\",\"@id\":\"https:\/\/fumot.uk\/#website\",\"url\":\"https:\/\/fumot.uk\/\",\"name\":\"Fumot Official Direct | Straight from the Factory, 100% Genuine\",\"description\":\"Official Website\",\"publisher\":{\"@id\":\"https:\/\/fumot.uk\/#organization\"},\"potentialAction\":[{\"@type\":\"SearchAction\",\"target\":{\"@type\":\"EntryPoint\",\"urlTemplate\":\"https:\/\/fumot.uk\/?s={search_term_string}\"},\"query-input\":{\"@type\":\"PropertyValueSpecification\",\"valueRequired\":true,\"valueName\":\"search_term_string\"}}],\"inLanguage\":\"es\"},{\"@type\":\"Organization\",\"@id\":\"https:\/\/fumot.uk\/#organization\",\"name\":\"Fumot Official Direct | Straight from the Factory, 100% Genuine\",\"url\":\"https:\/\/fumot.uk\/\",\"logo\":{\"@type\":\"ImageObject\",\"inLanguage\":\"es\",\"@id\":\"https:\/\/fumot.uk\/#\/schema\/logo\/image\/\",\"url\":\"https:\/\/fumot.uk\/wp-content\/uploads\/2026\/01\/cropped-fumot-logo1.png\",\"contentUrl\":\"https:\/\/fumot.uk\/wp-content\/uploads\/2026\/01\/cropped-fumot-logo1.png\",\"width\":152,\"height\":106,\"caption\":\"Fumot Official Direct | Straight from the Factory, 100% Genuine\"},\"image\":{\"@id\":\"https:\/\/fumot.uk\/#\/schema\/logo\/image\/\"}}]}<\/script>\n<!-- \/ Yoast SEO plugin. -->","yoast_head_json":{"title":"Vozol Vista 20K Mango Ice | 24ml, 5% Nicotina, USB-C","description":"Vozol Vista 20000 Puffs Mango Ice cristal vape desechable: 24ml de e-l\u00edquido, 5% nicotina, bobina de malla dual, 6 niveles de potencia, 650mAh USB-C recargable.","robots":{"index":"index","follow":"follow","max-snippet":"max-snippet:-1","max-image-preview":"max-image-preview:large","max-video-preview":"max-video-preview:-1"},"canonical":"https:\/\/fumot.uk\/es\/product\/mango-ice-vozol-vista-20k-puffs\/","og_locale":"es_ES","og_type":"article","og_title":"Vozol Vista 20K Mango Ice \u2013 Sweet Mango, Icy Finish","og_description":"Tropical mango sweetness with a refreshing ice-cool exhale. 24ml e-liquid, up to 20,000 puffs, dual mesh coil, 6-level power, USB-C rechargeable.","og_url":"https:\/\/fumot.uk\/es\/product\/mango-ice-vozol-vista-20k-puffs\/","og_site_name":"Fumot Official Direct | Straight from the Factory, 100% Genuine","article_modified_time":"2026-01-21T01:59:41+00:00","og_image":[{"width":1280,"height":1280,"url":"https:\/\/fumot.uk\/wp-content\/uploads\/2026\/01\/Vozol-Vista-20k-Puffs-Mango-Ice-Disposable-Vape.jpeg","type":"image\/jpeg"}],"twitter_card":"summary_large_image","twitter_misc":{"Tiempo de lectura":"3 minutos"},"schema":{"@context":"https:\/\/schema.org","@graph":[{"@type":"WebPage","@id":"https:\/\/fumot.uk\/product\/mango-ice-vozol-vista-20k-puffs\/","url":"https:\/\/fumot.uk\/product\/mango-ice-vozol-vista-20k-puffs\/","name":"Vozol Vista 20K Mango Ice | 24ml, 5% Nicotina, USB-C","isPartOf":{"@id":"https:\/\/fumot.uk\/#website"},"primaryImageOfPage":{"@id":"https:\/\/fumot.uk\/product\/mango-ice-vozol-vista-20k-puffs\/#primaryimage"},"image":{"@id":"https:\/\/fumot.uk\/product\/mango-ice-vozol-vista-20k-puffs\/#primaryimage"},"thumbnailUrl":"https:\/\/fumot.uk\/wp-content\/uploads\/2026\/01\/Vozol-Vista-20k-Puffs-Mango-Ice-Disposable-Vape.jpeg","datePublished":"2026-01-20T10:12:09+00:00","dateModified":"2026-01-21T01:59:41+00:00","description":"Vozol Vista 20000 Puffs Mango Ice cristal vape desechable: 24ml de e-l\u00edquido, 5% nicotina, bobina de malla dual, 6 niveles de potencia, 650mAh USB-C recargable.","breadcrumb":{"@id":"https:\/\/fumot.uk\/product\/mango-ice-vozol-vista-20k-puffs\/#breadcrumb"},"inLanguage":"es","potentialAction":[{"@type":"ReadAction","target":["https:\/\/fumot.uk\/product\/mango-ice-vozol-vista-20k-puffs\/"]}]},{"@type":"ImageObject","inLanguage":"es","@id":"https:\/\/fumot.uk\/product\/mango-ice-vozol-vista-20k-puffs\/#primaryimage","url":"https:\/\/fumot.uk\/wp-content\/uploads\/2026\/01\/Vozol-Vista-20k-Puffs-Mango-Ice-Disposable-Vape.jpeg","contentUrl":"https:\/\/fumot.uk\/wp-content\/uploads\/2026\/01\/Vozol-Vista-20k-Puffs-Mango-Ice-Disposable-Vape.jpeg","width":1280,"height":1280},{"@type":"BreadcrumbList","@id":"https:\/\/fumot.uk\/product\/mango-ice-vozol-vista-20k-puffs\/#breadcrumb","itemListElement":[{"@type":"ListItem","position":1,"name":"Home","item":"https:\/\/fumot.uk\/"},{"@type":"ListItem","position":2,"name":"Shop","item":"https:\/\/fumot.uk\/shop\/"},{"@type":"ListItem","position":3,"name":"Vozol Vista 20000 Puffs Mango Ice Crystal Disposable Vape (24ml, 5% Nicotine, USB-C Rechargeable)"}]},{"@type":"WebSite","@id":"https:\/\/fumot.uk\/#website","url":"https:\/\/fumot.uk\/","name":"Fumot Official Direct | Directo desde la f\u00e1brica, 100% Original","description":"Sitio Oficial","publisher":{"@id":"https:\/\/fumot.uk\/#organization"},"potentialAction":[{"@type":"SearchAction","target":{"@type":"EntryPoint","urlTemplate":"https:\/\/fumot.uk\/?s={search_term_string}"},"query-input":{"@type":"PropertyValueSpecification","valueRequired":true,"valueName":"search_term_string"}}],"inLanguage":"es"},{"@type":"Organization","@id":"https:\/\/fumot.uk\/#organization","name":"Fumot Official Direct | Directo desde la f\u00e1brica, 100% Original","url":"https:\/\/fumot.uk\/","logo":{"@type":"ImageObject","inLanguage":"es","@id":"https:\/\/fumot.uk\/#\/schema\/logo\/image\/","url":"https:\/\/fumot.uk\/wp-content\/uploads\/2026\/01\/cropped-fumot-logo1.png","contentUrl":"https:\/\/fumot.uk\/wp-content\/uploads\/2026\/01\/cropped-fumot-logo1.png","width":152,"height":106,"caption":"Fumot Official Direct | Straight from the Factory, 100% Genuine"},"image":{"@id":"https:\/\/fumot.uk\/#\/schema\/logo\/image\/"}}]}},"_links":{"self":[{"href":"https:\/\/fumot.uk\/es\/wp-json\/wp\/v2\/product\/3435","targetHints":{"allow":["GET"]}}],"collection":[{"href":"https:\/\/fumot.uk\/es\/wp-json\/wp\/v2\/product"}],"about":[{"href":"https:\/\/fumot.uk\/es\/wp-json\/wp\/v2\/types\/product"}],"replies":[{"embeddable":true,"href":"https:\/\/fumot.uk\/es\/wp-json\/wp\/v2\/comments?post=3435"}],"wp:featuredmedia":[{"embeddable":true,"href":"https:\/\/fumot.uk\/es\/wp-json\/wp\/v2\/media\/3480"}],"wp:attachment":[{"href":"https:\/\/fumot.uk\/es\/wp-json\/wp\/v2\/media?parent=3435"}],"wp:term":[{"taxonomy":"product_brand","embeddable":true,"href":"https:\/\/fumot.uk\/es\/wp-json\/wp\/v2\/product_brand?post=3435"},{"taxonomy":"product_cat","embeddable":true,"href":"https:\/\/fumot.uk\/es\/wp-json\/wp\/v2\/product_cat?post=3435"},{"taxonomy":"product_tag","embeddable":true,"href":"https:\/\/fumot.uk\/es\/wp-json\/wp\/v2\/product_tag?post=3435"}],"curies":[{"name":"wp","href":"https:\/\/api.w.org\/{rel}","templated":true}]}}