{"id":3410,"date":"2026-01-20T10:11:43","date_gmt":"2026-01-20T10:11:43","guid":{"rendered":"https:\/\/fumot.uk\/?post_type=product&#038;p=3410"},"modified":"2026-01-21T02:04:11","modified_gmt":"2026-01-21T02:04:11","slug":"vozol-star-40000-puffs-tobacco","status":"publish","type":"product","link":"https:\/\/fumot.uk\/es\/product\/vozol-star-40000-puffs-tobacco\/","title":{"rendered":"Vozol Star 40000 Puffs Tabaco Vape Desechable \u2013 Flujo de Aire Ajustable, Pantalla OLED, Doble Malla, USB\u2011C (5% Nic Salt)"},"content":{"rendered":"<p><strong>Vozol Star 40000 Puffs \u2013 Tabaco<\/strong> trae un sabor cl\u00e1sico y robusto de tabaco a un vape desechable moderno dise\u00f1ado para sesiones largas y f\u00e1cil control. Dise\u00f1ado con un <strong>v\u00e1lvula de flujo de aire ajustable<\/strong> y <strong>cambio inteligente de modo dual<\/strong>, puedes elegir un <strong>Modo Eco<\/strong> m\u00e1s suave y de ahorro de energ\u00eda o un <strong>Modo Potencia<\/strong>m\u00e1s rico y fuerte, para que cada calada se sienta justo como te gusta.<\/p>\n<h3>Sabor a Tabaco: c\u00e1lido, profundo e inconfundiblemente cl\u00e1sico<\/h3>\n<p>El <strong>El perfil de Tabaco<\/strong> es equilibrado y aut\u00e9ntico: aroma c\u00e1lido, profundidad en capas y ese car\u00e1cter familiar de tabaco sin ser abrumador. Es ideal para vapeadores que disfrutan de notas tradicionales de estilo tabaco y quieren una opci\u00f3n constante y satisfactoria para todo el d\u00eda.<\/p>\n<h3>Por qu\u00e9 te gustar\u00e1 el Vozol Star 40000<\/h3>\n<ul>\n<li><strong>Hasta 40000 caladas<\/strong> para uso prolongado y menos reemplazos<\/li>\n<li><strong>Flujo de aire ajustable<\/strong> para ajustar tu calada (de m\u00e1s suave a m\u00e1s abierta)<\/li>\n<li><strong>Modos duales Eco \/ Power<\/strong> para eficiencia o intensidad cuando lo desees<\/li>\n<li><strong>Calentamiento de malla dual<\/strong> para vapor consistente y rendimiento estable de sabor<\/li>\n<li><strong>tecnolog\u00eda S.I.L.C.<\/strong> para apoyar una inhalaci\u00f3n suave y uniforme<\/li>\n<li><strong>Pantalla OLED<\/strong> mostrando el conteo de caladas, nivel de bater\u00eda y estado del modo en tiempo real<\/li>\n<li><strong>Recargable v\u00eda USB\u2011C (Tipo\u2011C)<\/strong> para mayor comodidad<\/li>\n<\/ul>\n<h3>Especificaciones clave<\/h3>\n<ul>\n<li><strong>Capacidad de e-l\u00edquido:<\/strong> 20ml<\/li>\n<li><strong>Bater\u00eda:<\/strong> bater\u00eda de 1000mAh<\/li>\n<li><strong>Fuerza de nicotina:<\/strong> 5% sal de nicotina<\/li>\n<li><strong>Bobina:<\/strong> Doble Malla<\/li>\n<li><strong>Caracter\u00edsticas:<\/strong> Pantalla, Flujo de Aire Ajustable, Modos Eco\/Potencia, Recargable USB\u2011C, Luz RGB<\/li>\n<\/ul>\n<p>\u00bfBuscas m\u00e1s opciones duraderas u otros sabores? Explora los \u00faltimos lanzamientos en <a href=\"https:\/\/fumot.uk\/es\/\" target=\"_blank\" rel=\"noopener\">fumot.uk<\/a>.<\/p>","protected":false},"excerpt":{"rendered":"<p>Disfruta de un cl\u00e1sico sabor a tabaco en el vape desechable Vozol Star 40000 Puffs\u2014flujo de aire ajustable, modos Eco\/Power, calefacci\u00f3n de malla dual, pantalla OLED y recargable por USB\u2011C (20ml, 1000mAh, 5% nic salt).<\/p>","protected":false},"featured_media":3456,"comment_status":"open","ping_status":"closed","template":"","meta":[],"product_brand":[],"product_cat":[82,17,178],"product_tag":[174,60,21,72,23,73,26,27,182,28],"class_list":{"0":"post-3410","1":"product","2":"type-product","3":"status-publish","4":"has-post-thumbnail","6":"product_cat-40000-puff","7":"product_cat-vape","8":"product_cat-vozol-star-40000-puffs","9":"product_tag-1000-mah","10":"product_tag-20ml","11":"product_tag-adjustable-airflow","12":"product_tag-direct-to-lung","13":"product_tag-display","14":"product_tag-dual-mesh","15":"product_tag-rechargeable","16":"product_tag-rgb-light","17":"product_tag-tobacco","18":"product_tag-type-c","20":"first","21":"instock","22":"sale","23":"shipping-taxable","24":"purchasable","25":"product-type-variable","26":"has-default-attributes"},"yoast_head":"<!-- This site is optimized with the Yoast SEO plugin v26.8 - https:\/\/yoast.com\/product\/yoast-seo-wordpress\/ -->\n<title>Vozol Star 40000 Puffs Tobacco | Adjustable Airflow<\/title>\n<meta name=\"description\" content=\"Vozol Star 40000 Puffs Tobacco disposable vape with adjustable airflow, Eco\/Power modes, dual mesh, OLED display &amp; USB\u2011C. 20ml, 1000mAh, 5% nic salt.\" \/>\n<meta name=\"robots\" content=\"index, follow, max-snippet:-1, max-image-preview:large, max-video-preview:-1\" \/>\n<link rel=\"canonical\" href=\"https:\/\/fumot.uk\/es\/product\/vozol-star-40000-puffs-tobacco\/\" \/>\n<meta property=\"og:locale\" content=\"es_ES\" \/>\n<meta property=\"og:type\" content=\"article\" \/>\n<meta property=\"og:title\" content=\"Vozol Star 40000 Puffs Tobacco \u2013 Classic Flavor, Smart Control\" \/>\n<meta property=\"og:description\" content=\"Warm, classic Tobacco taste with adjustable airflow, Eco\/Power modes, dual mesh heating, and an OLED display. USB\u2011C rechargeable, 20ml, 5% nic salt\u2014available at fumot.uk.\" \/>\n<meta property=\"og:url\" content=\"https:\/\/fumot.uk\/es\/product\/vozol-star-40000-puffs-tobacco\/\" \/>\n<meta property=\"og:site_name\" content=\"Fumot Official Direct | Straight from the Factory, 100% Genuine\" \/>\n<meta property=\"article:modified_time\" content=\"2026-01-21T02:04:11+00:00\" \/>\n<meta property=\"og:image\" content=\"https:\/\/fumot.uk\/wp-content\/uploads\/2026\/01\/Vozol-Star-40000-Puffs_Tobacco_Disposable-Vape.png\" \/>\n\t<meta property=\"og:image:width\" content=\"1000\" \/>\n\t<meta property=\"og:image:height\" content=\"1000\" \/>\n\t<meta property=\"og:image:type\" content=\"image\/png\" \/>\n<meta name=\"twitter:card\" content=\"summary_large_image\" \/>\n<meta name=\"twitter:label1\" content=\"Tiempo de lectura\" \/>\n\t<meta name=\"twitter:data1\" content=\"2 minutos\" \/>\n<script type=\"application\/ld+json\" class=\"yoast-schema-graph\">{\"@context\":\"https:\/\/schema.org\",\"@graph\":[{\"@type\":\"WebPage\",\"@id\":\"https:\/\/fumot.uk\/product\/vozol-star-40000-puffs-tobacco\/\",\"url\":\"https:\/\/fumot.uk\/product\/vozol-star-40000-puffs-tobacco\/\",\"name\":\"Vozol Star 40000 Puffs Tobacco | Adjustable Airflow\",\"isPartOf\":{\"@id\":\"https:\/\/fumot.uk\/#website\"},\"primaryImageOfPage\":{\"@id\":\"https:\/\/fumot.uk\/product\/vozol-star-40000-puffs-tobacco\/#primaryimage\"},\"image\":{\"@id\":\"https:\/\/fumot.uk\/product\/vozol-star-40000-puffs-tobacco\/#primaryimage\"},\"thumbnailUrl\":\"https:\/\/fumot.uk\/wp-content\/uploads\/2026\/01\/Vozol-Star-40000-Puffs_Tobacco_Disposable-Vape.png\",\"datePublished\":\"2026-01-20T10:11:43+00:00\",\"dateModified\":\"2026-01-21T02:04:11+00:00\",\"description\":\"Vozol Star 40000 Puffs Tobacco disposable vape with adjustable airflow, Eco\/Power modes, dual mesh, OLED display & USB\u2011C. 20ml, 1000mAh, 5% nic salt.\",\"breadcrumb\":{\"@id\":\"https:\/\/fumot.uk\/product\/vozol-star-40000-puffs-tobacco\/#breadcrumb\"},\"inLanguage\":\"es\",\"potentialAction\":[{\"@type\":\"ReadAction\",\"target\":[\"https:\/\/fumot.uk\/product\/vozol-star-40000-puffs-tobacco\/\"]}]},{\"@type\":\"ImageObject\",\"inLanguage\":\"es\",\"@id\":\"https:\/\/fumot.uk\/product\/vozol-star-40000-puffs-tobacco\/#primaryimage\",\"url\":\"https:\/\/fumot.uk\/wp-content\/uploads\/2026\/01\/Vozol-Star-40000-Puffs_Tobacco_Disposable-Vape.png\",\"contentUrl\":\"https:\/\/fumot.uk\/wp-content\/uploads\/2026\/01\/Vozol-Star-40000-Puffs_Tobacco_Disposable-Vape.png\",\"width\":1000,\"height\":1000},{\"@type\":\"BreadcrumbList\",\"@id\":\"https:\/\/fumot.uk\/product\/vozol-star-40000-puffs-tobacco\/#breadcrumb\",\"itemListElement\":[{\"@type\":\"ListItem\",\"position\":1,\"name\":\"Home\",\"item\":\"https:\/\/fumot.uk\/\"},{\"@type\":\"ListItem\",\"position\":2,\"name\":\"Shop\",\"item\":\"https:\/\/fumot.uk\/shop\/\"},{\"@type\":\"ListItem\",\"position\":3,\"name\":\"Vozol Star 40000 Puffs Tobacco Disposable Vape \u2013 Adjustable Airflow, OLED Display, Dual Mesh, USB\u2011C (5% Nic Salt)\"}]},{\"@type\":\"WebSite\",\"@id\":\"https:\/\/fumot.uk\/#website\",\"url\":\"https:\/\/fumot.uk\/\",\"name\":\"Fumot Official Direct | Straight from the Factory, 100% Genuine\",\"description\":\"Official Website\",\"publisher\":{\"@id\":\"https:\/\/fumot.uk\/#organization\"},\"potentialAction\":[{\"@type\":\"SearchAction\",\"target\":{\"@type\":\"EntryPoint\",\"urlTemplate\":\"https:\/\/fumot.uk\/?s={search_term_string}\"},\"query-input\":{\"@type\":\"PropertyValueSpecification\",\"valueRequired\":true,\"valueName\":\"search_term_string\"}}],\"inLanguage\":\"es\"},{\"@type\":\"Organization\",\"@id\":\"https:\/\/fumot.uk\/#organization\",\"name\":\"Fumot Official Direct | Straight from the Factory, 100% Genuine\",\"url\":\"https:\/\/fumot.uk\/\",\"logo\":{\"@type\":\"ImageObject\",\"inLanguage\":\"es\",\"@id\":\"https:\/\/fumot.uk\/#\/schema\/logo\/image\/\",\"url\":\"https:\/\/fumot.uk\/wp-content\/uploads\/2026\/01\/cropped-fumot-logo1.png\",\"contentUrl\":\"https:\/\/fumot.uk\/wp-content\/uploads\/2026\/01\/cropped-fumot-logo1.png\",\"width\":152,\"height\":106,\"caption\":\"Fumot Official Direct | Straight from the Factory, 100% Genuine\"},\"image\":{\"@id\":\"https:\/\/fumot.uk\/#\/schema\/logo\/image\/\"}}]}<\/script>\n<!-- \/ Yoast SEO plugin. -->","yoast_head_json":{"title":"Vozol Star 40000 Puffs Tabaco | Flujo de aire ajustable","description":"Vozol Star 40000 Caladas Tabaco vape desechable con flujo de aire ajustable, modos Eco\/Potencia, malla dual, pantalla OLED y USB\u2011C. 20ml, 1000mAh, 5% nic sal.","robots":{"index":"index","follow":"follow","max-snippet":"max-snippet:-1","max-image-preview":"max-image-preview:large","max-video-preview":"max-video-preview:-1"},"canonical":"https:\/\/fumot.uk\/es\/product\/vozol-star-40000-puffs-tobacco\/","og_locale":"es_ES","og_type":"article","og_title":"Vozol Star 40000 Puffs Tobacco \u2013 Classic Flavor, Smart Control","og_description":"Warm, classic Tobacco taste with adjustable airflow, Eco\/Power modes, dual mesh heating, and an OLED display. USB\u2011C rechargeable, 20ml, 5% nic salt\u2014available at fumot.uk.","og_url":"https:\/\/fumot.uk\/es\/product\/vozol-star-40000-puffs-tobacco\/","og_site_name":"Fumot Official Direct | Straight from the Factory, 100% Genuine","article_modified_time":"2026-01-21T02:04:11+00:00","og_image":[{"width":1000,"height":1000,"url":"https:\/\/fumot.uk\/wp-content\/uploads\/2026\/01\/Vozol-Star-40000-Puffs_Tobacco_Disposable-Vape.png","type":"image\/png"}],"twitter_card":"summary_large_image","twitter_misc":{"Tiempo de lectura":"2 minutos"},"schema":{"@context":"https:\/\/schema.org","@graph":[{"@type":"WebPage","@id":"https:\/\/fumot.uk\/product\/vozol-star-40000-puffs-tobacco\/","url":"https:\/\/fumot.uk\/product\/vozol-star-40000-puffs-tobacco\/","name":"Vozol Star 40000 Puffs Tabaco | Flujo de aire ajustable","isPartOf":{"@id":"https:\/\/fumot.uk\/#website"},"primaryImageOfPage":{"@id":"https:\/\/fumot.uk\/product\/vozol-star-40000-puffs-tobacco\/#primaryimage"},"image":{"@id":"https:\/\/fumot.uk\/product\/vozol-star-40000-puffs-tobacco\/#primaryimage"},"thumbnailUrl":"https:\/\/fumot.uk\/wp-content\/uploads\/2026\/01\/Vozol-Star-40000-Puffs_Tobacco_Disposable-Vape.png","datePublished":"2026-01-20T10:11:43+00:00","dateModified":"2026-01-21T02:04:11+00:00","description":"Vozol Star 40000 Caladas Tabaco vape desechable con flujo de aire ajustable, modos Eco\/Potencia, malla dual, pantalla OLED y USB\u2011C. 20ml, 1000mAh, 5% nic sal.","breadcrumb":{"@id":"https:\/\/fumot.uk\/product\/vozol-star-40000-puffs-tobacco\/#breadcrumb"},"inLanguage":"es","potentialAction":[{"@type":"ReadAction","target":["https:\/\/fumot.uk\/product\/vozol-star-40000-puffs-tobacco\/"]}]},{"@type":"ImageObject","inLanguage":"es","@id":"https:\/\/fumot.uk\/product\/vozol-star-40000-puffs-tobacco\/#primaryimage","url":"https:\/\/fumot.uk\/wp-content\/uploads\/2026\/01\/Vozol-Star-40000-Puffs_Tobacco_Disposable-Vape.png","contentUrl":"https:\/\/fumot.uk\/wp-content\/uploads\/2026\/01\/Vozol-Star-40000-Puffs_Tobacco_Disposable-Vape.png","width":1000,"height":1000},{"@type":"BreadcrumbList","@id":"https:\/\/fumot.uk\/product\/vozol-star-40000-puffs-tobacco\/#breadcrumb","itemListElement":[{"@type":"ListItem","position":1,"name":"Home","item":"https:\/\/fumot.uk\/"},{"@type":"ListItem","position":2,"name":"Shop","item":"https:\/\/fumot.uk\/shop\/"},{"@type":"ListItem","position":3,"name":"Vozol Star 40000 Puffs Tobacco Disposable Vape \u2013 Adjustable Airflow, OLED Display, Dual Mesh, USB\u2011C (5% Nic Salt)"}]},{"@type":"WebSite","@id":"https:\/\/fumot.uk\/#website","url":"https:\/\/fumot.uk\/","name":"Fumot Official Direct | Directo desde la f\u00e1brica, 100% Original","description":"Sitio Oficial","publisher":{"@id":"https:\/\/fumot.uk\/#organization"},"potentialAction":[{"@type":"SearchAction","target":{"@type":"EntryPoint","urlTemplate":"https:\/\/fumot.uk\/?s={search_term_string}"},"query-input":{"@type":"PropertyValueSpecification","valueRequired":true,"valueName":"search_term_string"}}],"inLanguage":"es"},{"@type":"Organization","@id":"https:\/\/fumot.uk\/#organization","name":"Fumot Official Direct | Directo desde la f\u00e1brica, 100% Original","url":"https:\/\/fumot.uk\/","logo":{"@type":"ImageObject","inLanguage":"es","@id":"https:\/\/fumot.uk\/#\/schema\/logo\/image\/","url":"https:\/\/fumot.uk\/wp-content\/uploads\/2026\/01\/cropped-fumot-logo1.png","contentUrl":"https:\/\/fumot.uk\/wp-content\/uploads\/2026\/01\/cropped-fumot-logo1.png","width":152,"height":106,"caption":"Fumot Official Direct | Straight from the Factory, 100% Genuine"},"image":{"@id":"https:\/\/fumot.uk\/#\/schema\/logo\/image\/"}}]}},"_links":{"self":[{"href":"https:\/\/fumot.uk\/es\/wp-json\/wp\/v2\/product\/3410","targetHints":{"allow":["GET"]}}],"collection":[{"href":"https:\/\/fumot.uk\/es\/wp-json\/wp\/v2\/product"}],"about":[{"href":"https:\/\/fumot.uk\/es\/wp-json\/wp\/v2\/types\/product"}],"replies":[{"embeddable":true,"href":"https:\/\/fumot.uk\/es\/wp-json\/wp\/v2\/comments?post=3410"}],"wp:featuredmedia":[{"embeddable":true,"href":"https:\/\/fumot.uk\/es\/wp-json\/wp\/v2\/media\/3456"}],"wp:attachment":[{"href":"https:\/\/fumot.uk\/es\/wp-json\/wp\/v2\/media?parent=3410"}],"wp:term":[{"taxonomy":"product_brand","embeddable":true,"href":"https:\/\/fumot.uk\/es\/wp-json\/wp\/v2\/product_brand?post=3410"},{"taxonomy":"product_cat","embeddable":true,"href":"https:\/\/fumot.uk\/es\/wp-json\/wp\/v2\/product_cat?post=3410"},{"taxonomy":"product_tag","embeddable":true,"href":"https:\/\/fumot.uk\/es\/wp-json\/wp\/v2\/product_tag?post=3410"}],"curies":[{"name":"wp","href":"https:\/\/api.w.org\/{rel}","templated":true}]}}