{"id":3380,"date":"2026-01-20T10:11:15","date_gmt":"2026-01-20T10:11:15","guid":{"rendered":"https:\/\/fumot.uk\/?post_type=product&#038;p=3380"},"modified":"2026-01-20T10:12:57","modified_gmt":"2026-01-20T10:12:57","slug":"vozol-star-40000-puffs-blueberry-mint","status":"publish","type":"product","link":"https:\/\/fumot.uk\/es\/product\/vozol-star-40000-puffs-blueberry-mint\/","title":{"rendered":"Vozol Star 40000 Puffs-Ar\u00e1ndano Menta"},"content":{"rendered":"<p data-start=\"0\" data-end=\"626\"><strong>Vozol Star 40000 Puffs Blueberry Mint<\/strong> est\u00e1 equipado con bobinas de calentamiento de malla dual y la tecnolog\u00eda inteligente S.I.L.C., que hacen que cada inhalaci\u00f3n sea suave y estable y ofrecen una experiencia de vapeo sabrosa. La elegante pantalla OLED de imagen de onda muestra en tiempo real el n\u00famero de caladas, el estado de la bater\u00eda y el modo actual, siendo el manejo sencillo e intuitivo. Adem\u00e1s, el sistema de activaci\u00f3n por calada y el dise\u00f1o compacto y port\u00e1til aseguran que el Vozol Star permita una experiencia de vapeo perfecta en cualquier momento y lugar.<\/p>\n<p data-start=\"628\" data-end=\"1152\" data-is-last-node=\"\" data-is-only-node=\"\"><strong>Blueberry Mint<\/strong> es un sabor de cigarrillo electr\u00f3nico cuidadosamente equilibrado que combina perfectamente la dulzura de los ar\u00e1ndanos con la frescura de la menta. Cada calada ofrece una explosi\u00f3n doble de sabor de ar\u00e1ndanos intensos y menta refrescante, lo que proporciona una experiencia refrescante similar a los caramelos de ar\u00e1ndano y menta helados.<\/p>\n<h4 data-start=\"0\" data-end=\"41\">Principales ventajas del Vozol Star 40000 Puffs:<\/h4>\n<ul data-start=\"43\" data-end=\"794\" data-is-last-node=\"\" data-is-only-node=\"\">\n<li data-start=\"43\" data-end=\"171\">\n<p data-start=\"45\" data-end=\"171\"><strong data-start=\"45\" data-end=\"82\">E-Liquid con sabor intenso<\/strong> \u2013 Elaborado con sal de nicotina de alta calidad para una experiencia de sabor excepcional.<\/p>\n<\/li>\n<li data-start=\"172\" data-end=\"310\">\n<p data-start=\"174\" data-end=\"310\"><strong data-start=\"174\" data-end=\"214\">Flujo de aire fuerte y uniforme<\/strong> \u2013 <a href=\"https:\/\/ultravape.de\/product-tag\/dual-mesh\/\">Bobinas de calentamiento de malla dual<\/a> aseguran un disfrute constante y suave del vapor en cada calada.<\/p>\n<\/li>\n<li data-start=\"311\" data-end=\"428\">\n<p data-start=\"313\" data-end=\"428\"><strong data-start=\"313\" data-end=\"353\">Recargable y reutilizable<\/strong> \u2013 La carga f\u00e1cil con USB-C prolonga la duraci\u00f3n de uso y reduce el desperdicio.<\/p>\n<\/li>\n<li data-start=\"429\" data-end=\"523\">\n<p data-start=\"431\" data-end=\"523\"><strong data-start=\"431\" data-end=\"455\">Gran capacidad de caladas<\/strong> \u2013 Hasta 40000 caladas por dispositivo, ideal para uso prolongado.<\/p>\n<\/li>\n<li data-start=\"524\" data-end=\"657\">\n<p data-start=\"526\" data-end=\"657\"><strong data-start=\"526\" data-end=\"557\">Dise\u00f1o f\u00e1cil de usar<\/strong> \u2013 Activaci\u00f3n por calada, port\u00e1til y listo para usar para una experiencia de vapeo sin complicaciones.<\/p>\n<\/li>\n<li data-start=\"658\" data-end=\"794\" data-is-last-node=\"\">\n<p data-start=\"660\" data-end=\"794\" data-is-last-node=\"\"><strong data-start=\"660\" data-end=\"697\">Operaci\u00f3n de doble modo inteligente<\/strong> \u2013 Cambio f\u00e1cil entre modo Eco y Power para una experiencia de vapeo personalizada.<\/p>\n<\/li>\n<\/ul>\n<div class=\"text-base my-auto mx-auto pb-10 [--thread-content-margin:--spacing(4)] @[37rem]:[--thread-content-margin:--spacing(6)] @[72rem]:[--thread-content-margin:--spacing(16)] px-(--thread-content-margin)\">\n<div class=\"[--thread-content-max-width:32rem] @[34rem]:[--thread-content-max-width:40rem] @[64rem]:[--thread-content-max-width:48rem] mx-auto max-w-(--thread-content-max-width) flex-1 group\/turn-messages focus-visible:outline-hidden relative flex w-full min-w-0 flex-col agent-turn\" tabindex=\"-1\">\n<div class=\"flex max-w-full flex-col grow\">\n<div class=\"min-h-8 text-message relative flex w-full flex-col items-end gap-2 text-start break-words whitespace-normal [.text-message+&amp;]:mt-5\" dir=\"auto\" data-message-author-role=\"assistant\" data-message-id=\"6bb70cb5-dfba-4da9-b71e-01208bdad8fd\" data-message-model-slug=\"gpt-4-1-mini\">\n<div class=\"flex w-full flex-col gap-1 empty:hidden first:pt-[3px]\">\n<div class=\"markdown prose dark:prose-invert w-full break-words light\">\n<p data-start=\"0\" data-end=\"577\" data-is-last-node=\"\" data-is-only-node=\"\"><strong>Vozol Star 40000 Puffs Blueberry Mint<\/strong> convence con una rica profundidad de sabor, donde los dulces ar\u00e1ndanos se fusionan armoniosamente con la frescura de la menta y ofrecen una inhalaci\u00f3n simult\u00e1neamente fuerte y refrescante. Ya sea que prefiera notas de fruta m\u00e1s intensas o el efecto refrescante de la menta, este sabor equilibra ambos perfectamente y asegura una experiencia de vapeo agradable.<\/p>\n<\/div>\n<\/div>\n<\/div>\n<\/div>\n<\/div>\n<\/div>","protected":false},"excerpt":{"rendered":"<p>Vozol Star 40000 Puffs Blueberry Mint est\u00e1 equipado con bobinas de calefacci\u00f3n de doble malla y la tecnolog\u00eda inteligente S.I.L.C., que hacen que cada inhalaci\u00f3n sea suave y estable, ofreciendo una experiencia de vapeo sabrosa. La elegante pantalla OLED de ondas muestra en tiempo real el n\u00famero de caladas, el nivel de bater\u00eda y el modo actual, siendo su operaci\u00f3n sencilla e intuitiva. Adem\u00e1s, el sistema de activaci\u00f3n por calada [\u2026]<\/p>","protected":false},"featured_media":3418,"comment_status":"open","ping_status":"closed","template":"","meta":[],"product_brand":[],"product_cat":[82,17,178],"product_tag":[174,60,21,33,72,23,73,61,26,27,28],"class_list":{"0":"post-3380","1":"product","2":"type-product","3":"status-publish","4":"has-post-thumbnail","6":"product_cat-40000-puff","7":"product_cat-vape","8":"product_cat-vozol-star-40000-puffs","9":"product_tag-1000-mah","10":"product_tag-20ml","11":"product_tag-adjustable-airflow","12":"product_tag-blueberry","13":"product_tag-direct-to-lung","14":"product_tag-display","15":"product_tag-dual-mesh","16":"product_tag-mint","17":"product_tag-rechargeable","18":"product_tag-rgb-light","19":"product_tag-type-c","21":"first","22":"instock","23":"sale","24":"shipping-taxable","25":"purchasable","26":"product-type-variable","27":"has-default-attributes"},"yoast_head":"<!-- This site is optimized with the Yoast SEO plugin v26.8 - https:\/\/yoast.com\/product\/yoast-seo-wordpress\/ -->\n<title>Vozol Star 40000 Puffs-Blueberry Mint - Fumot Official Direct | Straight from the Factory, 100% Genuine<\/title>\n<meta name=\"robots\" content=\"index, follow, max-snippet:-1, max-image-preview:large, max-video-preview:-1\" \/>\n<link rel=\"canonical\" href=\"https:\/\/fumot.uk\/es\/product\/vozol-star-40000-puffs-blueberry-mint\/\" \/>\n<meta property=\"og:locale\" content=\"es_ES\" \/>\n<meta property=\"og:type\" content=\"article\" \/>\n<meta property=\"og:title\" content=\"Vozol Star 40000 Puffs-Blueberry Mint - Fumot Official Direct | Straight from the Factory, 100% Genuine\" \/>\n<meta property=\"og:description\" content=\"Vozol Star 40000 Puffs Blueberry Mint ist mit Dual-Mesh-Heizspulen und der intelligenten S.I.L.C.-Technologie ausgestattet, die jede Inhalation geschmeidig und stabil machen und ein geschmackvolles Dampferlebnis bieten. Das elegante OLED-Wellenbild-Display zeigt in Echtzeit die Anzahl der Z\u00fcge, den Akkustand und den aktuellen Modus an, wobei die Bedienung einfach und intuitiv ist. Dar\u00fcber hinaus sorgt das Zugaktivierungssystem [&hellip;]\" \/>\n<meta property=\"og:url\" content=\"https:\/\/fumot.uk\/es\/product\/vozol-star-40000-puffs-blueberry-mint\/\" \/>\n<meta property=\"og:site_name\" content=\"Fumot Official Direct | Straight from the Factory, 100% Genuine\" \/>\n<meta property=\"article:modified_time\" content=\"2026-01-20T10:12:57+00:00\" \/>\n<meta property=\"og:image\" content=\"https:\/\/fumot.uk\/wp-content\/uploads\/2026\/01\/Vozol-Star-40000-Puffs_Blueberry-Mint_Disposable-Vape.png\" \/>\n\t<meta property=\"og:image:width\" content=\"1000\" \/>\n\t<meta property=\"og:image:height\" content=\"1000\" \/>\n\t<meta property=\"og:image:type\" content=\"image\/png\" \/>\n<meta name=\"twitter:card\" content=\"summary_large_image\" \/>\n<meta name=\"twitter:label1\" content=\"Tiempo de lectura\" \/>\n\t<meta name=\"twitter:data1\" content=\"2 minutos\" \/>\n<script type=\"application\/ld+json\" class=\"yoast-schema-graph\">{\"@context\":\"https:\/\/schema.org\",\"@graph\":[{\"@type\":\"WebPage\",\"@id\":\"https:\/\/fumot.uk\/product\/vozol-star-40000-puffs-blueberry-mint\/\",\"url\":\"https:\/\/fumot.uk\/product\/vozol-star-40000-puffs-blueberry-mint\/\",\"name\":\"Vozol Star 40000 Puffs-Blueberry Mint - Fumot Official Direct | Straight from the Factory, 100% Genuine\",\"isPartOf\":{\"@id\":\"https:\/\/fumot.uk\/#website\"},\"primaryImageOfPage\":{\"@id\":\"https:\/\/fumot.uk\/product\/vozol-star-40000-puffs-blueberry-mint\/#primaryimage\"},\"image\":{\"@id\":\"https:\/\/fumot.uk\/product\/vozol-star-40000-puffs-blueberry-mint\/#primaryimage\"},\"thumbnailUrl\":\"https:\/\/fumot.uk\/wp-content\/uploads\/2026\/01\/Vozol-Star-40000-Puffs_Blueberry-Mint_Disposable-Vape.png\",\"datePublished\":\"2026-01-20T10:11:15+00:00\",\"dateModified\":\"2026-01-20T10:12:57+00:00\",\"breadcrumb\":{\"@id\":\"https:\/\/fumot.uk\/product\/vozol-star-40000-puffs-blueberry-mint\/#breadcrumb\"},\"inLanguage\":\"es\",\"potentialAction\":[{\"@type\":\"ReadAction\",\"target\":[\"https:\/\/fumot.uk\/product\/vozol-star-40000-puffs-blueberry-mint\/\"]}]},{\"@type\":\"ImageObject\",\"inLanguage\":\"es\",\"@id\":\"https:\/\/fumot.uk\/product\/vozol-star-40000-puffs-blueberry-mint\/#primaryimage\",\"url\":\"https:\/\/fumot.uk\/wp-content\/uploads\/2026\/01\/Vozol-Star-40000-Puffs_Blueberry-Mint_Disposable-Vape.png\",\"contentUrl\":\"https:\/\/fumot.uk\/wp-content\/uploads\/2026\/01\/Vozol-Star-40000-Puffs_Blueberry-Mint_Disposable-Vape.png\",\"width\":1000,\"height\":1000},{\"@type\":\"BreadcrumbList\",\"@id\":\"https:\/\/fumot.uk\/product\/vozol-star-40000-puffs-blueberry-mint\/#breadcrumb\",\"itemListElement\":[{\"@type\":\"ListItem\",\"position\":1,\"name\":\"Home\",\"item\":\"https:\/\/fumot.uk\/\"},{\"@type\":\"ListItem\",\"position\":2,\"name\":\"Shop\",\"item\":\"https:\/\/fumot.uk\/shop\/\"},{\"@type\":\"ListItem\",\"position\":3,\"name\":\"Vozol Star 40000 Puffs-Blueberry Mint\"}]},{\"@type\":\"WebSite\",\"@id\":\"https:\/\/fumot.uk\/#website\",\"url\":\"https:\/\/fumot.uk\/\",\"name\":\"Fumot Official Direct | Straight from the Factory, 100% Genuine\",\"description\":\"Official Website\",\"publisher\":{\"@id\":\"https:\/\/fumot.uk\/#organization\"},\"potentialAction\":[{\"@type\":\"SearchAction\",\"target\":{\"@type\":\"EntryPoint\",\"urlTemplate\":\"https:\/\/fumot.uk\/?s={search_term_string}\"},\"query-input\":{\"@type\":\"PropertyValueSpecification\",\"valueRequired\":true,\"valueName\":\"search_term_string\"}}],\"inLanguage\":\"es\"},{\"@type\":\"Organization\",\"@id\":\"https:\/\/fumot.uk\/#organization\",\"name\":\"Fumot Official Direct | Straight from the Factory, 100% Genuine\",\"url\":\"https:\/\/fumot.uk\/\",\"logo\":{\"@type\":\"ImageObject\",\"inLanguage\":\"es\",\"@id\":\"https:\/\/fumot.uk\/#\/schema\/logo\/image\/\",\"url\":\"https:\/\/fumot.uk\/wp-content\/uploads\/2026\/01\/cropped-fumot-logo1.png\",\"contentUrl\":\"https:\/\/fumot.uk\/wp-content\/uploads\/2026\/01\/cropped-fumot-logo1.png\",\"width\":152,\"height\":106,\"caption\":\"Fumot Official Direct | Straight from the Factory, 100% Genuine\"},\"image\":{\"@id\":\"https:\/\/fumot.uk\/#\/schema\/logo\/image\/\"}}]}<\/script>\n<!-- \/ Yoast SEO plugin. -->","yoast_head_json":{"title":"Vozol Star 40000 Puffs-Ar\u00e1ndano Menta - Fumot Oficial Directo | Directamente de la F\u00e1brica, 100% Aut\u00e9ntico","robots":{"index":"index","follow":"follow","max-snippet":"max-snippet:-1","max-image-preview":"max-image-preview:large","max-video-preview":"max-video-preview:-1"},"canonical":"https:\/\/fumot.uk\/es\/product\/vozol-star-40000-puffs-blueberry-mint\/","og_locale":"es_ES","og_type":"article","og_title":"Vozol Star 40000 Puffs-Blueberry Mint - Fumot Official Direct | Straight from the Factory, 100% Genuine","og_description":"Vozol Star 40000 Puffs Blueberry Mint ist mit Dual-Mesh-Heizspulen und der intelligenten S.I.L.C.-Technologie ausgestattet, die jede Inhalation geschmeidig und stabil machen und ein geschmackvolles Dampferlebnis bieten. Das elegante OLED-Wellenbild-Display zeigt in Echtzeit die Anzahl der Z\u00fcge, den Akkustand und den aktuellen Modus an, wobei die Bedienung einfach und intuitiv ist. Dar\u00fcber hinaus sorgt das Zugaktivierungssystem [&hellip;]","og_url":"https:\/\/fumot.uk\/es\/product\/vozol-star-40000-puffs-blueberry-mint\/","og_site_name":"Fumot Official Direct | Straight from the Factory, 100% Genuine","article_modified_time":"2026-01-20T10:12:57+00:00","og_image":[{"width":1000,"height":1000,"url":"https:\/\/fumot.uk\/wp-content\/uploads\/2026\/01\/Vozol-Star-40000-Puffs_Blueberry-Mint_Disposable-Vape.png","type":"image\/png"}],"twitter_card":"summary_large_image","twitter_misc":{"Tiempo de lectura":"2 minutos"},"schema":{"@context":"https:\/\/schema.org","@graph":[{"@type":"WebPage","@id":"https:\/\/fumot.uk\/product\/vozol-star-40000-puffs-blueberry-mint\/","url":"https:\/\/fumot.uk\/product\/vozol-star-40000-puffs-blueberry-mint\/","name":"Vozol Star 40000 Puffs-Ar\u00e1ndano Menta - Fumot Oficial Directo | Directamente de la F\u00e1brica, 100% Aut\u00e9ntico","isPartOf":{"@id":"https:\/\/fumot.uk\/#website"},"primaryImageOfPage":{"@id":"https:\/\/fumot.uk\/product\/vozol-star-40000-puffs-blueberry-mint\/#primaryimage"},"image":{"@id":"https:\/\/fumot.uk\/product\/vozol-star-40000-puffs-blueberry-mint\/#primaryimage"},"thumbnailUrl":"https:\/\/fumot.uk\/wp-content\/uploads\/2026\/01\/Vozol-Star-40000-Puffs_Blueberry-Mint_Disposable-Vape.png","datePublished":"2026-01-20T10:11:15+00:00","dateModified":"2026-01-20T10:12:57+00:00","breadcrumb":{"@id":"https:\/\/fumot.uk\/product\/vozol-star-40000-puffs-blueberry-mint\/#breadcrumb"},"inLanguage":"es","potentialAction":[{"@type":"ReadAction","target":["https:\/\/fumot.uk\/product\/vozol-star-40000-puffs-blueberry-mint\/"]}]},{"@type":"ImageObject","inLanguage":"es","@id":"https:\/\/fumot.uk\/product\/vozol-star-40000-puffs-blueberry-mint\/#primaryimage","url":"https:\/\/fumot.uk\/wp-content\/uploads\/2026\/01\/Vozol-Star-40000-Puffs_Blueberry-Mint_Disposable-Vape.png","contentUrl":"https:\/\/fumot.uk\/wp-content\/uploads\/2026\/01\/Vozol-Star-40000-Puffs_Blueberry-Mint_Disposable-Vape.png","width":1000,"height":1000},{"@type":"BreadcrumbList","@id":"https:\/\/fumot.uk\/product\/vozol-star-40000-puffs-blueberry-mint\/#breadcrumb","itemListElement":[{"@type":"ListItem","position":1,"name":"Home","item":"https:\/\/fumot.uk\/"},{"@type":"ListItem","position":2,"name":"Shop","item":"https:\/\/fumot.uk\/shop\/"},{"@type":"ListItem","position":3,"name":"Vozol Star 40000 Puffs-Blueberry Mint"}]},{"@type":"WebSite","@id":"https:\/\/fumot.uk\/#website","url":"https:\/\/fumot.uk\/","name":"Fumot Official Direct | Directo desde la f\u00e1brica, 100% Original","description":"Sitio Oficial","publisher":{"@id":"https:\/\/fumot.uk\/#organization"},"potentialAction":[{"@type":"SearchAction","target":{"@type":"EntryPoint","urlTemplate":"https:\/\/fumot.uk\/?s={search_term_string}"},"query-input":{"@type":"PropertyValueSpecification","valueRequired":true,"valueName":"search_term_string"}}],"inLanguage":"es"},{"@type":"Organization","@id":"https:\/\/fumot.uk\/#organization","name":"Fumot Official Direct | Directo desde la f\u00e1brica, 100% Original","url":"https:\/\/fumot.uk\/","logo":{"@type":"ImageObject","inLanguage":"es","@id":"https:\/\/fumot.uk\/#\/schema\/logo\/image\/","url":"https:\/\/fumot.uk\/wp-content\/uploads\/2026\/01\/cropped-fumot-logo1.png","contentUrl":"https:\/\/fumot.uk\/wp-content\/uploads\/2026\/01\/cropped-fumot-logo1.png","width":152,"height":106,"caption":"Fumot Official Direct | Straight from the Factory, 100% Genuine"},"image":{"@id":"https:\/\/fumot.uk\/#\/schema\/logo\/image\/"}}]}},"_links":{"self":[{"href":"https:\/\/fumot.uk\/es\/wp-json\/wp\/v2\/product\/3380","targetHints":{"allow":["GET"]}}],"collection":[{"href":"https:\/\/fumot.uk\/es\/wp-json\/wp\/v2\/product"}],"about":[{"href":"https:\/\/fumot.uk\/es\/wp-json\/wp\/v2\/types\/product"}],"replies":[{"embeddable":true,"href":"https:\/\/fumot.uk\/es\/wp-json\/wp\/v2\/comments?post=3380"}],"wp:featuredmedia":[{"embeddable":true,"href":"https:\/\/fumot.uk\/es\/wp-json\/wp\/v2\/media\/3418"}],"wp:attachment":[{"href":"https:\/\/fumot.uk\/es\/wp-json\/wp\/v2\/media?parent=3380"}],"wp:term":[{"taxonomy":"product_brand","embeddable":true,"href":"https:\/\/fumot.uk\/es\/wp-json\/wp\/v2\/product_brand?post=3380"},{"taxonomy":"product_cat","embeddable":true,"href":"https:\/\/fumot.uk\/es\/wp-json\/wp\/v2\/product_cat?post=3380"},{"taxonomy":"product_tag","embeddable":true,"href":"https:\/\/fumot.uk\/es\/wp-json\/wp\/v2\/product_tag?post=3380"}],"curies":[{"name":"wp","href":"https:\/\/api.w.org\/{rel}","templated":true}]}}