{"id":3377,"date":"2026-01-20T10:11:15","date_gmt":"2026-01-20T10:11:15","guid":{"rendered":"https:\/\/fumot.uk\/?post_type=product&#038;p=3377"},"modified":"2026-01-20T10:12:57","modified_gmt":"2026-01-20T10:12:57","slug":"watermelon-razz-rancher-vozol-rave-40000-puffs","status":"publish","type":"product","link":"https:\/\/fumot.uk\/es\/product\/watermelon-razz-rancher-vozol-rave-40000-puffs\/","title":{"rendered":"Sand\u00eda Razz Rancher-Vozol Rave 40000 Puffs"},"content":{"rendered":"<h3 data-start=\"0\" data-end=\"189\"><strong data-start=\"0\" data-end=\"189\">Vozol Rave 40000 Puffs Watermelon Razz Rancher: La perfecta fusi\u00f3n de dulce sand\u00eda y fresca frambuesa para una experiencia de vapeo \u00fanica y refrescante<\/strong><\/h3>\n<p data-start=\"191\" data-end=\"553\">El<strong> Vozol Rave 40000 Puffs Watermelon Razz Rancher<\/strong> Sabor combina la dulce frescura de la sand\u00eda con la vibrante y ligeramente \u00e1cida nota de las frambuesas. Cada calada despliega la dulce frescura de la sand\u00eda, que se combina armoniosamente con el toque chispeante de la frambuesa, lo que lleva a una experiencia de vapeo refrescante y de sabor \u00fanico.<\/p>\n<h4>Caracter\u00edsticas de sabor:<\/h4>\n<ul>\n<li data-start=\"1266\" data-end=\"1455\">\n<p data-start=\"1268\" data-end=\"1455\"><strong data-start=\"587\" data-end=\"615\">Sabor a sand\u00eda:<\/strong> El sabor de la sand\u00eda es dulce y refrescante, con un aroma natural a fruta que no es demasiado dulce, sino que ofrece una agradable dulzura ligera, ideal para un vapeo veraniego.<\/p>\n<\/li>\n<li data-start=\"1266\" data-end=\"1455\">\n<p data-start=\"1268\" data-end=\"1455\"><strong data-start=\"811\" data-end=\"833\">Sabor a frambuesa:<\/strong> La frambuesa aporta una acidez refrescante que est\u00e1 en perfecto equilibrio con la dulzura de la sand\u00eda, y le da a este sabor una frescura vibrante y chispeante.<\/p>\n<\/li>\n<li data-start=\"1266\" data-end=\"1455\">\n<p data-start=\"1268\" data-end=\"1455\"><strong data-start=\"1015\" data-end=\"1035\">Fusi\u00f3n perfecta:<\/strong> La combinaci\u00f3n de dulce sand\u00eda y frambuesa \u00e1cida proporciona una experiencia de sabor armoniosa, que no es ni demasiado intensa ni demasiado suave, simplemente perfectamente equilibrada.<\/p>\n<\/li>\n<li data-start=\"1266\" data-end=\"1455\"><strong data-start=\"1226\" data-end=\"1253\">Experiencia refrescante:<\/strong> El sabor Vozol Rave 40K Puffs Watermelon Razz Rancher ofrece una experiencia refrescante que recuerda al disfrute de una fruta veraniega. Es adecuado tanto para el uso diario como para momentos de convivencia con amigos.<\/li>\n<\/ul>\n<p data-start=\"1305\" data-end=\"1558\">El <strong><a href=\"https:\/\/ultravape.de\/product-category\/vozol-rave-40000-puffs\/\">Vozol Rave 40K Puffs<\/a> Watermelon Razz Rancher<\/strong> El sabor es la elecci\u00f3n ideal para usuarios que prefieren aromas frutales con una mezcla perfecta de dulzura y acidez. Es la elecci\u00f3n perfecta para el disfrute diario o para reuniones sociales.<\/p>\n<h3>Ventajas de Vozol Rave 40000 Puffs\uff1a<\/h3>\n<h4>1.Dise\u00f1o innovador de pantalla t\u00e1ctil de 270\u00b0<\/h4>\n<p data-start=\"112\" data-end=\"517\">El Vozol Rave 40K Puffs est\u00e1 equipado con la primera pantalla t\u00e1ctil de 270\u00b0 del mundo, que rompe con los dise\u00f1os tradicionales y ofrece una mayor \u00e1rea de visualizaci\u00f3n y una mejor experiencia de usuario. Esta funci\u00f3n no solo permite la f\u00e1cil verificaci\u00f3n del estado del dispositivo, sino que tambi\u00e9n sincroniza la iluminaci\u00f3n con la m\u00fasica y el vapor para crear impresionantes efectos de luz que enriquecen la atm\u00f3sfera en ocasiones sociales.<\/p>\n<h4>2.Longevidad y modos potentes<\/h4>\n<p>En el modo est\u00e1ndar, el dispositivo ofrece una vida \u00fatil excepcional de aproximadamente 40,000 caladas, lo que cumple con las expectativas de uso a largo plazo. En el modo de alto rendimiento, el n\u00famero de caladas se reduce a aproximadamente 25,000, sin embargo, proporciona una mayor producci\u00f3n de vapor y un sabor m\u00e1s intenso, ideal para usuarios que prefieren una experiencia de vapeo m\u00e1s intensa.<\/p>\n<h4>3.Circulaci\u00f3n de aire ajustable y configuraciones de potencia<\/h4>\n<p>El Vozol Rave 40K Puffs ofrece una circulaci\u00f3n de aire ajustable de manera individual y opciones de potencia, que permiten a los usuarios personalizar la experiencia de vapeo seg\u00fan sus preferencias. Ya sea que se prefiera una nube de vapor densa o un vapeo suave, la circulaci\u00f3n de aire y la potencia se pueden controlar f\u00e1cilmente a trav\u00e9s de la pantalla t\u00e1ctil.<\/p>\n<h4>4.Funci\u00f3n de carga r\u00e1pida USB Type-C eficiente<\/h4>\n<p>Con una <a href=\"https:\/\/ultravape.de\/product-tag\/1000-mah\/\">bater\u00eda de 1000mAh<\/a> y la funci\u00f3n de carga USB Type-C, el Vozol Rave 40K Puffs est\u00e1 listo para usar nuevamente de manera extremadamente r\u00e1pida. Gracias al tiempo de carga r\u00e1pida, el dispositivo se puede utilizar nuevamente despu\u00e9s de solo unos minutos, lo que garantiza un tiempo de espera m\u00ednimo y le permite disfrutar del vapeo en cualquier momento.<\/p>","protected":false},"excerpt":{"rendered":"<p>Vozol Rave 40000 Puffs Watermelon Razz Rancher : Die perfekte Fusion von s\u00fc\u00dfem Wassermelonen- und frischem Himbeer f\u00fcr ein einzigartiges und erfrischendes Dampferlebnis Der Vozol Rave 40000 Puffs Watermelon Razz Rancher Geschmack kombiniert die s\u00fc\u00dfe Frische von Wassermelone mit der lebendigen, leicht s\u00e4uerlichen Note von Himbeeren. Jeder Zug entfaltet die s\u00fc\u00dfe Frische der Wassermelone, die [\u2026]<\/p>","protected":false},"featured_media":3415,"comment_status":"open","ping_status":"closed","template":"","meta":[],"product_brand":[],"product_cat":[82,17,177],"product_tag":[174,21,47,72,23,73,26,27,28,32],"class_list":{"0":"post-3377","1":"product","2":"type-product","3":"status-publish","4":"has-post-thumbnail","6":"product_cat-40000-puff","7":"product_cat-vape","8":"product_cat-vozol-rave-40000-puffs","9":"product_tag-1000-mah","10":"product_tag-adjustable-airflow","11":"product_tag-candy","12":"product_tag-direct-to-lung","13":"product_tag-display","14":"product_tag-dual-mesh","15":"product_tag-rechargeable","16":"product_tag-rgb-light","17":"product_tag-type-c","18":"product_tag-watermelon","20":"first","21":"instock","22":"sale","23":"shipping-taxable","24":"purchasable","25":"product-type-variable","26":"has-default-attributes"},"yoast_head":"<!-- This site is optimized with the Yoast SEO plugin v26.8 - https:\/\/yoast.com\/product\/yoast-seo-wordpress\/ -->\n<title>Watermelon Razz Rancher-Vozol Rave 40000 Puffs - Fumot Official Direct | Straight from the Factory, 100% Genuine<\/title>\n<meta name=\"robots\" content=\"index, follow, max-snippet:-1, max-image-preview:large, max-video-preview:-1\" \/>\n<link rel=\"canonical\" href=\"https:\/\/fumot.uk\/es\/product\/watermelon-razz-rancher-vozol-rave-40000-puffs\/\" \/>\n<meta property=\"og:locale\" content=\"es_ES\" \/>\n<meta property=\"og:type\" content=\"article\" \/>\n<meta property=\"og:title\" content=\"Watermelon Razz Rancher-Vozol Rave 40000 Puffs - Fumot Official Direct | Straight from the Factory, 100% Genuine\" \/>\n<meta property=\"og:description\" content=\"Vozol Rave 40000 Puffs Watermelon Razz Rancher : Die perfekte Fusion von s\u00fc\u00dfem Wassermelonen- und frischem Himbeer f\u00fcr ein einzigartiges und erfrischendes Dampferlebnis Der Vozol Rave 40000 Puffs Watermelon Razz Rancher Geschmack kombiniert die s\u00fc\u00dfe Frische von Wassermelone mit der lebendigen, leicht s\u00e4uerlichen Note von Himbeeren. Jeder Zug entfaltet die s\u00fc\u00dfe Frische der Wassermelone, die [&hellip;]\" \/>\n<meta property=\"og:url\" content=\"https:\/\/fumot.uk\/es\/product\/watermelon-razz-rancher-vozol-rave-40000-puffs\/\" \/>\n<meta property=\"og:site_name\" content=\"Fumot Official Direct | Straight from the Factory, 100% Genuine\" \/>\n<meta property=\"article:modified_time\" content=\"2026-01-20T10:12:57+00:00\" \/>\n<meta property=\"og:image\" content=\"https:\/\/fumot.uk\/wp-content\/uploads\/2026\/01\/Watermelon-Razz-Rancher-Vozol-Rave-40000-Puffs-Disposable-Vape.png\" \/>\n\t<meta property=\"og:image:width\" content=\"1920\" \/>\n\t<meta property=\"og:image:height\" content=\"1920\" \/>\n\t<meta property=\"og:image:type\" content=\"image\/png\" \/>\n<meta name=\"twitter:card\" content=\"summary_large_image\" \/>\n<meta name=\"twitter:label1\" content=\"Tiempo de lectura\" \/>\n\t<meta name=\"twitter:data1\" content=\"3 minutos\" \/>\n<script type=\"application\/ld+json\" class=\"yoast-schema-graph\">{\"@context\":\"https:\/\/schema.org\",\"@graph\":[{\"@type\":\"WebPage\",\"@id\":\"https:\/\/fumot.uk\/product\/watermelon-razz-rancher-vozol-rave-40000-puffs\/\",\"url\":\"https:\/\/fumot.uk\/product\/watermelon-razz-rancher-vozol-rave-40000-puffs\/\",\"name\":\"Watermelon Razz Rancher-Vozol Rave 40000 Puffs - Fumot Official Direct | Straight from the Factory, 100% Genuine\",\"isPartOf\":{\"@id\":\"https:\/\/fumot.uk\/#website\"},\"primaryImageOfPage\":{\"@id\":\"https:\/\/fumot.uk\/product\/watermelon-razz-rancher-vozol-rave-40000-puffs\/#primaryimage\"},\"image\":{\"@id\":\"https:\/\/fumot.uk\/product\/watermelon-razz-rancher-vozol-rave-40000-puffs\/#primaryimage\"},\"thumbnailUrl\":\"https:\/\/fumot.uk\/wp-content\/uploads\/2026\/01\/Watermelon-Razz-Rancher-Vozol-Rave-40000-Puffs-Disposable-Vape.png\",\"datePublished\":\"2026-01-20T10:11:15+00:00\",\"dateModified\":\"2026-01-20T10:12:57+00:00\",\"breadcrumb\":{\"@id\":\"https:\/\/fumot.uk\/product\/watermelon-razz-rancher-vozol-rave-40000-puffs\/#breadcrumb\"},\"inLanguage\":\"es\",\"potentialAction\":[{\"@type\":\"ReadAction\",\"target\":[\"https:\/\/fumot.uk\/product\/watermelon-razz-rancher-vozol-rave-40000-puffs\/\"]}]},{\"@type\":\"ImageObject\",\"inLanguage\":\"es\",\"@id\":\"https:\/\/fumot.uk\/product\/watermelon-razz-rancher-vozol-rave-40000-puffs\/#primaryimage\",\"url\":\"https:\/\/fumot.uk\/wp-content\/uploads\/2026\/01\/Watermelon-Razz-Rancher-Vozol-Rave-40000-Puffs-Disposable-Vape.png\",\"contentUrl\":\"https:\/\/fumot.uk\/wp-content\/uploads\/2026\/01\/Watermelon-Razz-Rancher-Vozol-Rave-40000-Puffs-Disposable-Vape.png\",\"width\":1920,\"height\":1920},{\"@type\":\"BreadcrumbList\",\"@id\":\"https:\/\/fumot.uk\/product\/watermelon-razz-rancher-vozol-rave-40000-puffs\/#breadcrumb\",\"itemListElement\":[{\"@type\":\"ListItem\",\"position\":1,\"name\":\"Home\",\"item\":\"https:\/\/fumot.uk\/\"},{\"@type\":\"ListItem\",\"position\":2,\"name\":\"Shop\",\"item\":\"https:\/\/fumot.uk\/shop\/\"},{\"@type\":\"ListItem\",\"position\":3,\"name\":\"Watermelon Razz Rancher-Vozol Rave 40000 Puffs\"}]},{\"@type\":\"WebSite\",\"@id\":\"https:\/\/fumot.uk\/#website\",\"url\":\"https:\/\/fumot.uk\/\",\"name\":\"Fumot Official Direct | Straight from the Factory, 100% Genuine\",\"description\":\"Official Website\",\"publisher\":{\"@id\":\"https:\/\/fumot.uk\/#organization\"},\"potentialAction\":[{\"@type\":\"SearchAction\",\"target\":{\"@type\":\"EntryPoint\",\"urlTemplate\":\"https:\/\/fumot.uk\/?s={search_term_string}\"},\"query-input\":{\"@type\":\"PropertyValueSpecification\",\"valueRequired\":true,\"valueName\":\"search_term_string\"}}],\"inLanguage\":\"es\"},{\"@type\":\"Organization\",\"@id\":\"https:\/\/fumot.uk\/#organization\",\"name\":\"Fumot Official Direct | Straight from the Factory, 100% Genuine\",\"url\":\"https:\/\/fumot.uk\/\",\"logo\":{\"@type\":\"ImageObject\",\"inLanguage\":\"es\",\"@id\":\"https:\/\/fumot.uk\/#\/schema\/logo\/image\/\",\"url\":\"https:\/\/fumot.uk\/wp-content\/uploads\/2026\/01\/cropped-fumot-logo1.png\",\"contentUrl\":\"https:\/\/fumot.uk\/wp-content\/uploads\/2026\/01\/cropped-fumot-logo1.png\",\"width\":152,\"height\":106,\"caption\":\"Fumot Official Direct | Straight from the Factory, 100% Genuine\"},\"image\":{\"@id\":\"https:\/\/fumot.uk\/#\/schema\/logo\/image\/\"}}]}<\/script>\n<!-- \/ Yoast SEO plugin. -->","yoast_head_json":{"title":"Sand\u00eda Razz Rancher-Vozol Rave 40000 Puffs - Fumot Oficial Directo | Directo de la F\u00e1brica, 100% Aut\u00e9ntico","robots":{"index":"index","follow":"follow","max-snippet":"max-snippet:-1","max-image-preview":"max-image-preview:large","max-video-preview":"max-video-preview:-1"},"canonical":"https:\/\/fumot.uk\/es\/product\/watermelon-razz-rancher-vozol-rave-40000-puffs\/","og_locale":"es_ES","og_type":"article","og_title":"Watermelon Razz Rancher-Vozol Rave 40000 Puffs - Fumot Official Direct | Straight from the Factory, 100% Genuine","og_description":"Vozol Rave 40000 Puffs Watermelon Razz Rancher : Die perfekte Fusion von s\u00fc\u00dfem Wassermelonen- und frischem Himbeer f\u00fcr ein einzigartiges und erfrischendes Dampferlebnis Der Vozol Rave 40000 Puffs Watermelon Razz Rancher Geschmack kombiniert die s\u00fc\u00dfe Frische von Wassermelone mit der lebendigen, leicht s\u00e4uerlichen Note von Himbeeren. Jeder Zug entfaltet die s\u00fc\u00dfe Frische der Wassermelone, die [&hellip;]","og_url":"https:\/\/fumot.uk\/es\/product\/watermelon-razz-rancher-vozol-rave-40000-puffs\/","og_site_name":"Fumot Official Direct | Straight from the Factory, 100% Genuine","article_modified_time":"2026-01-20T10:12:57+00:00","og_image":[{"width":1920,"height":1920,"url":"https:\/\/fumot.uk\/wp-content\/uploads\/2026\/01\/Watermelon-Razz-Rancher-Vozol-Rave-40000-Puffs-Disposable-Vape.png","type":"image\/png"}],"twitter_card":"summary_large_image","twitter_misc":{"Tiempo de lectura":"3 minutos"},"schema":{"@context":"https:\/\/schema.org","@graph":[{"@type":"WebPage","@id":"https:\/\/fumot.uk\/product\/watermelon-razz-rancher-vozol-rave-40000-puffs\/","url":"https:\/\/fumot.uk\/product\/watermelon-razz-rancher-vozol-rave-40000-puffs\/","name":"Sand\u00eda Razz Rancher-Vozol Rave 40000 Puffs - Fumot Oficial Directo | Directo de la F\u00e1brica, 100% Aut\u00e9ntico","isPartOf":{"@id":"https:\/\/fumot.uk\/#website"},"primaryImageOfPage":{"@id":"https:\/\/fumot.uk\/product\/watermelon-razz-rancher-vozol-rave-40000-puffs\/#primaryimage"},"image":{"@id":"https:\/\/fumot.uk\/product\/watermelon-razz-rancher-vozol-rave-40000-puffs\/#primaryimage"},"thumbnailUrl":"https:\/\/fumot.uk\/wp-content\/uploads\/2026\/01\/Watermelon-Razz-Rancher-Vozol-Rave-40000-Puffs-Disposable-Vape.png","datePublished":"2026-01-20T10:11:15+00:00","dateModified":"2026-01-20T10:12:57+00:00","breadcrumb":{"@id":"https:\/\/fumot.uk\/product\/watermelon-razz-rancher-vozol-rave-40000-puffs\/#breadcrumb"},"inLanguage":"es","potentialAction":[{"@type":"ReadAction","target":["https:\/\/fumot.uk\/product\/watermelon-razz-rancher-vozol-rave-40000-puffs\/"]}]},{"@type":"ImageObject","inLanguage":"es","@id":"https:\/\/fumot.uk\/product\/watermelon-razz-rancher-vozol-rave-40000-puffs\/#primaryimage","url":"https:\/\/fumot.uk\/wp-content\/uploads\/2026\/01\/Watermelon-Razz-Rancher-Vozol-Rave-40000-Puffs-Disposable-Vape.png","contentUrl":"https:\/\/fumot.uk\/wp-content\/uploads\/2026\/01\/Watermelon-Razz-Rancher-Vozol-Rave-40000-Puffs-Disposable-Vape.png","width":1920,"height":1920},{"@type":"BreadcrumbList","@id":"https:\/\/fumot.uk\/product\/watermelon-razz-rancher-vozol-rave-40000-puffs\/#breadcrumb","itemListElement":[{"@type":"ListItem","position":1,"name":"Home","item":"https:\/\/fumot.uk\/"},{"@type":"ListItem","position":2,"name":"Shop","item":"https:\/\/fumot.uk\/shop\/"},{"@type":"ListItem","position":3,"name":"Watermelon Razz Rancher-Vozol Rave 40000 Puffs"}]},{"@type":"WebSite","@id":"https:\/\/fumot.uk\/#website","url":"https:\/\/fumot.uk\/","name":"Fumot Official Direct | Directo desde la f\u00e1brica, 100% Original","description":"Sitio Oficial","publisher":{"@id":"https:\/\/fumot.uk\/#organization"},"potentialAction":[{"@type":"SearchAction","target":{"@type":"EntryPoint","urlTemplate":"https:\/\/fumot.uk\/?s={search_term_string}"},"query-input":{"@type":"PropertyValueSpecification","valueRequired":true,"valueName":"search_term_string"}}],"inLanguage":"es"},{"@type":"Organization","@id":"https:\/\/fumot.uk\/#organization","name":"Fumot Official Direct | Directo desde la f\u00e1brica, 100% Original","url":"https:\/\/fumot.uk\/","logo":{"@type":"ImageObject","inLanguage":"es","@id":"https:\/\/fumot.uk\/#\/schema\/logo\/image\/","url":"https:\/\/fumot.uk\/wp-content\/uploads\/2026\/01\/cropped-fumot-logo1.png","contentUrl":"https:\/\/fumot.uk\/wp-content\/uploads\/2026\/01\/cropped-fumot-logo1.png","width":152,"height":106,"caption":"Fumot Official Direct | Straight from the Factory, 100% Genuine"},"image":{"@id":"https:\/\/fumot.uk\/#\/schema\/logo\/image\/"}}]}},"_links":{"self":[{"href":"https:\/\/fumot.uk\/es\/wp-json\/wp\/v2\/product\/3377","targetHints":{"allow":["GET"]}}],"collection":[{"href":"https:\/\/fumot.uk\/es\/wp-json\/wp\/v2\/product"}],"about":[{"href":"https:\/\/fumot.uk\/es\/wp-json\/wp\/v2\/types\/product"}],"replies":[{"embeddable":true,"href":"https:\/\/fumot.uk\/es\/wp-json\/wp\/v2\/comments?post=3377"}],"wp:featuredmedia":[{"embeddable":true,"href":"https:\/\/fumot.uk\/es\/wp-json\/wp\/v2\/media\/3415"}],"wp:attachment":[{"href":"https:\/\/fumot.uk\/es\/wp-json\/wp\/v2\/media?parent=3377"}],"wp:term":[{"taxonomy":"product_brand","embeddable":true,"href":"https:\/\/fumot.uk\/es\/wp-json\/wp\/v2\/product_brand?post=3377"},{"taxonomy":"product_cat","embeddable":true,"href":"https:\/\/fumot.uk\/es\/wp-json\/wp\/v2\/product_cat?post=3377"},{"taxonomy":"product_tag","embeddable":true,"href":"https:\/\/fumot.uk\/es\/wp-json\/wp\/v2\/product_tag?post=3377"}],"curies":[{"name":"wp","href":"https:\/\/api.w.org\/{rel}","templated":true}]}}