{"id":3265,"date":"2026-01-20T10:09:38","date_gmt":"2026-01-20T10:09:38","guid":{"rendered":"https:\/\/fumot.uk\/?post_type=product&#038;p=3265"},"modified":"2026-01-21T02:34:09","modified_gmt":"2026-01-21T02:34:09","slug":"vozol-gear-shisha-25k-puffs-watermelon-mint","status":"publish","type":"product","link":"https:\/\/fumot.uk\/es\/product\/vozol-gear-shisha-25k-puffs-watermelon-mint\/","title":{"rendered":"Vozol Gear Shisha 25K Puffs Sand\u00eda Menta Vape Desechable (24ml, 5% Nicotina)"},"content":{"rendered":"<h2>Vozol Gear Shisha 25K Puffs \u2013 Sand\u00eda Menta<\/h2>\n<p><strong>Sand\u00eda Menta<\/strong> es el tipo de sabor que buscas cuando quieres algo limpio, dulce y refrescante. Cada calada mezcla la dulzura jugosa de la sand\u00eda con un acabado de menta crujiente\u2014refrescante sin sentirse pesado, y afrutado sin volverse como un caramelo. Es un perfil brillante y fr\u00edo que se mantiene agradable desde la primera calada hasta la \u00faltima.<\/p>\n<h3>Construido para un vapeo consistente y sabroso<\/h3>\n<p>El <strong>Vozol Gear Shisha 25k Puffs<\/strong> est\u00e1 dise\u00f1ado para mantener el sabor suave y el vapor denso gracias a su <strong>Doble Bobina de Malla<\/strong>. Con <strong>potencia ajustable<\/strong>, puedes ajustar la intensidad para que coincida con tu estilo\u2014ya sea que prefieras una calada m\u00e1s ligera y fresca o un golpe m\u00e1s fuerte con vapor m\u00e1s completo.<\/p>\n<h3>Caracter\u00edsticas Clave<\/h3>\n<ul>\n<li><strong>Hasta 25,000 caladas<\/strong> (el uso var\u00eda seg\u00fan la longitud de la calada y los ajustes)<\/li>\n<li><strong>Doble Bobina de Malla<\/strong> para calentamiento uniforme y sabor m\u00e1s rico<\/li>\n<li><strong>capacidad de e-l\u00edquido de 24ml<\/strong> para un uso prolongado<\/li>\n<li><strong>5% nicotina<\/strong> para una fuerte satisfacci\u00f3n de nicotina<\/li>\n<li><strong>bater\u00eda recargable de 1000mAh<\/strong> con <strong>USB Tipo-C<\/strong> carga<\/li>\n<li><strong>Pantalla a color de 2.1\"<\/strong> para monitorear la bater\u00eda y el e-l\u00edquido<\/li>\n<li><strong>Potencia ajustable<\/strong> para personalizar tu experiencia de vapeo<\/li>\n<\/ul>\n<h3>Por qu\u00e9 Sand\u00eda Menta funciona tan bien<\/h3>\n<p>La sand\u00eda aporta la dulzura jugosa y suave; la menta a\u00f1ade un toque refrescante y limpio. Juntos, crean un sabor equilibrado que se siente fresco todo el d\u00eda\u2014ideal para los fan\u00e1ticos de las mezclas de frutas y menta y los acabados frescos y refrescantes.<\/p>\n<p>Explora m\u00e1s opciones en nuestra <a href=\"https:\/\/fumot.uk\/es\/product-category\/25000-puff\/\">Colecci\u00f3n de vape desechable de 25,000 caladas<\/a> on <strong>fumot.uk<\/strong>.<\/p>\n<p><strong>Nota:<\/strong> La nicotina es una sustancia adictiva. Este producto contiene nicotina y est\u00e1 destinado solo para usuarios adultos.<\/p>","protected":false},"excerpt":{"rendered":"<p>Vozol Gear Shisha 25K Puffs en Watermelon Mint ofrece la dulzura jugosa de la sand\u00eda con un acabado fresco y refrescante de menta. Bobina de malla dual, potencia ajustable, 24ml de e-l\u00edquido, 1000mAh recargable Tipo\u2011C, 5% de nicotina, y una pantalla a color de 2.1\u2033.<\/p>","protected":false},"featured_media":3311,"comment_status":"open","ping_status":"closed","template":"","meta":[],"product_brand":[],"product_cat":[172,17,173],"product_tag":[174,171,21,72,73,61,26,62,28,32],"class_list":{"0":"post-3265","1":"product","2":"type-product","3":"status-publish","4":"has-post-thumbnail","6":"product_cat-25000-puff","7":"product_cat-vape","8":"product_cat-vozol-gear-shisha-25k-puffs","9":"product_tag-1000-mah","10":"product_tag-24ml","11":"product_tag-adjustable-airflow","12":"product_tag-direct-to-lung","13":"product_tag-dual-mesh","14":"product_tag-mint","15":"product_tag-rechargeable","16":"product_tag-sale-vape","17":"product_tag-type-c","18":"product_tag-watermelon","20":"first","21":"instock","22":"sale","23":"shipping-taxable","24":"purchasable","25":"product-type-variable","26":"has-default-attributes"},"yoast_head":"<!-- This site is optimized with the Yoast SEO plugin v26.8 - https:\/\/yoast.com\/product\/yoast-seo-wordpress\/ -->\n<title>Vozol Gear Shisha 25K Watermelon Mint (24ml, 5%)<\/title>\n<meta name=\"description\" content=\"Shop Vozol Gear Shisha 25K Puffs Watermelon Mint: Dual Mesh Coil, adjustable power, 24ml e-liquid, 1000mAh Type\u2011C rechargeable, 5% nicotine, color display.\" \/>\n<meta name=\"robots\" content=\"index, follow, max-snippet:-1, max-image-preview:large, max-video-preview:-1\" \/>\n<link rel=\"canonical\" href=\"https:\/\/fumot.uk\/es\/product\/vozol-gear-shisha-25k-puffs-watermelon-mint\/\" \/>\n<meta property=\"og:locale\" content=\"es_ES\" \/>\n<meta property=\"og:type\" content=\"article\" \/>\n<meta property=\"og:title\" content=\"Vozol Gear Shisha 25K \u2013 Watermelon Mint (Cool &amp; Juicy)\" \/>\n<meta property=\"og:description\" content=\"A refreshing Watermelon Mint blend with Dual Mesh Coil performance, adjustable power, 24ml capacity, and a 1000mAh Type\u2011C rechargeable battery. Available on fumot.uk.\" \/>\n<meta property=\"og:url\" content=\"https:\/\/fumot.uk\/es\/product\/vozol-gear-shisha-25k-puffs-watermelon-mint\/\" \/>\n<meta property=\"og:site_name\" content=\"Fumot Official Direct | Straight from the Factory, 100% Genuine\" \/>\n<meta property=\"article:modified_time\" content=\"2026-01-21T02:34:09+00:00\" \/>\n<meta property=\"og:image\" content=\"https:\/\/fumot.uk\/wp-content\/uploads\/2026\/01\/Watermelon-Mint-Vozol-Gear-Shisha-25k-Disposable-Vape.jpg\" \/>\n\t<meta property=\"og:image:width\" content=\"1080\" \/>\n\t<meta property=\"og:image:height\" content=\"1080\" \/>\n\t<meta property=\"og:image:type\" content=\"image\/jpeg\" \/>\n<meta name=\"twitter:card\" content=\"summary_large_image\" \/>\n<meta name=\"twitter:label1\" content=\"Tiempo de lectura\" \/>\n\t<meta name=\"twitter:data1\" content=\"2 minutos\" \/>\n<script type=\"application\/ld+json\" class=\"yoast-schema-graph\">{\"@context\":\"https:\/\/schema.org\",\"@graph\":[{\"@type\":\"WebPage\",\"@id\":\"https:\/\/fumot.uk\/product\/vozol-gear-shisha-25k-puffs-watermelon-mint\/\",\"url\":\"https:\/\/fumot.uk\/product\/vozol-gear-shisha-25k-puffs-watermelon-mint\/\",\"name\":\"Vozol Gear Shisha 25K Watermelon Mint (24ml, 5%)\",\"isPartOf\":{\"@id\":\"https:\/\/fumot.uk\/#website\"},\"primaryImageOfPage\":{\"@id\":\"https:\/\/fumot.uk\/product\/vozol-gear-shisha-25k-puffs-watermelon-mint\/#primaryimage\"},\"image\":{\"@id\":\"https:\/\/fumot.uk\/product\/vozol-gear-shisha-25k-puffs-watermelon-mint\/#primaryimage\"},\"thumbnailUrl\":\"https:\/\/fumot.uk\/wp-content\/uploads\/2026\/01\/Watermelon-Mint-Vozol-Gear-Shisha-25k-Disposable-Vape.jpg\",\"datePublished\":\"2026-01-20T10:09:38+00:00\",\"dateModified\":\"2026-01-21T02:34:09+00:00\",\"description\":\"Shop Vozol Gear Shisha 25K Puffs Watermelon Mint: Dual Mesh Coil, adjustable power, 24ml e-liquid, 1000mAh Type\u2011C rechargeable, 5% nicotine, color display.\",\"breadcrumb\":{\"@id\":\"https:\/\/fumot.uk\/product\/vozol-gear-shisha-25k-puffs-watermelon-mint\/#breadcrumb\"},\"inLanguage\":\"es\",\"potentialAction\":[{\"@type\":\"ReadAction\",\"target\":[\"https:\/\/fumot.uk\/product\/vozol-gear-shisha-25k-puffs-watermelon-mint\/\"]}]},{\"@type\":\"ImageObject\",\"inLanguage\":\"es\",\"@id\":\"https:\/\/fumot.uk\/product\/vozol-gear-shisha-25k-puffs-watermelon-mint\/#primaryimage\",\"url\":\"https:\/\/fumot.uk\/wp-content\/uploads\/2026\/01\/Watermelon-Mint-Vozol-Gear-Shisha-25k-Disposable-Vape.jpg\",\"contentUrl\":\"https:\/\/fumot.uk\/wp-content\/uploads\/2026\/01\/Watermelon-Mint-Vozol-Gear-Shisha-25k-Disposable-Vape.jpg\",\"width\":1080,\"height\":1080},{\"@type\":\"BreadcrumbList\",\"@id\":\"https:\/\/fumot.uk\/product\/vozol-gear-shisha-25k-puffs-watermelon-mint\/#breadcrumb\",\"itemListElement\":[{\"@type\":\"ListItem\",\"position\":1,\"name\":\"Home\",\"item\":\"https:\/\/fumot.uk\/\"},{\"@type\":\"ListItem\",\"position\":2,\"name\":\"Shop\",\"item\":\"https:\/\/fumot.uk\/shop\/\"},{\"@type\":\"ListItem\",\"position\":3,\"name\":\"Vozol Gear Shisha 25K Puffs Watermelon Mint Disposable Vape (24ml, 5% Nicotine)\"}]},{\"@type\":\"WebSite\",\"@id\":\"https:\/\/fumot.uk\/#website\",\"url\":\"https:\/\/fumot.uk\/\",\"name\":\"Fumot Official Direct | Straight from the Factory, 100% Genuine\",\"description\":\"Official Website\",\"publisher\":{\"@id\":\"https:\/\/fumot.uk\/#organization\"},\"potentialAction\":[{\"@type\":\"SearchAction\",\"target\":{\"@type\":\"EntryPoint\",\"urlTemplate\":\"https:\/\/fumot.uk\/?s={search_term_string}\"},\"query-input\":{\"@type\":\"PropertyValueSpecification\",\"valueRequired\":true,\"valueName\":\"search_term_string\"}}],\"inLanguage\":\"es\"},{\"@type\":\"Organization\",\"@id\":\"https:\/\/fumot.uk\/#organization\",\"name\":\"Fumot Official Direct | Straight from the Factory, 100% Genuine\",\"url\":\"https:\/\/fumot.uk\/\",\"logo\":{\"@type\":\"ImageObject\",\"inLanguage\":\"es\",\"@id\":\"https:\/\/fumot.uk\/#\/schema\/logo\/image\/\",\"url\":\"https:\/\/fumot.uk\/wp-content\/uploads\/2026\/01\/cropped-fumot-logo1.png\",\"contentUrl\":\"https:\/\/fumot.uk\/wp-content\/uploads\/2026\/01\/cropped-fumot-logo1.png\",\"width\":152,\"height\":106,\"caption\":\"Fumot Official Direct | Straight from the Factory, 100% Genuine\"},\"image\":{\"@id\":\"https:\/\/fumot.uk\/#\/schema\/logo\/image\/\"}}]}<\/script>\n<!-- \/ Yoast SEO plugin. -->","yoast_head_json":{"title":"Vozol Gear Shisha 25K Sand\u00eda Menta (24ml, 5%)","description":"Comprar Vozol Gear Shisha 25K Puffs Sand\u00eda Menta: Bobina de malla dual, potencia ajustable, 24ml de e-l\u00edquido, 1000mAh Tipo\u2011C recargable, 5% nicotina, pantalla a color.","robots":{"index":"index","follow":"follow","max-snippet":"max-snippet:-1","max-image-preview":"max-image-preview:large","max-video-preview":"max-video-preview:-1"},"canonical":"https:\/\/fumot.uk\/es\/product\/vozol-gear-shisha-25k-puffs-watermelon-mint\/","og_locale":"es_ES","og_type":"article","og_title":"Vozol Gear Shisha 25K \u2013 Watermelon Mint (Cool & Juicy)","og_description":"A refreshing Watermelon Mint blend with Dual Mesh Coil performance, adjustable power, 24ml capacity, and a 1000mAh Type\u2011C rechargeable battery. Available on fumot.uk.","og_url":"https:\/\/fumot.uk\/es\/product\/vozol-gear-shisha-25k-puffs-watermelon-mint\/","og_site_name":"Fumot Official Direct | Straight from the Factory, 100% Genuine","article_modified_time":"2026-01-21T02:34:09+00:00","og_image":[{"width":1080,"height":1080,"url":"https:\/\/fumot.uk\/wp-content\/uploads\/2026\/01\/Watermelon-Mint-Vozol-Gear-Shisha-25k-Disposable-Vape.jpg","type":"image\/jpeg"}],"twitter_card":"summary_large_image","twitter_misc":{"Tiempo de lectura":"2 minutos"},"schema":{"@context":"https:\/\/schema.org","@graph":[{"@type":"WebPage","@id":"https:\/\/fumot.uk\/product\/vozol-gear-shisha-25k-puffs-watermelon-mint\/","url":"https:\/\/fumot.uk\/product\/vozol-gear-shisha-25k-puffs-watermelon-mint\/","name":"Vozol Gear Shisha 25K Sand\u00eda Menta (24ml, 5%)","isPartOf":{"@id":"https:\/\/fumot.uk\/#website"},"primaryImageOfPage":{"@id":"https:\/\/fumot.uk\/product\/vozol-gear-shisha-25k-puffs-watermelon-mint\/#primaryimage"},"image":{"@id":"https:\/\/fumot.uk\/product\/vozol-gear-shisha-25k-puffs-watermelon-mint\/#primaryimage"},"thumbnailUrl":"https:\/\/fumot.uk\/wp-content\/uploads\/2026\/01\/Watermelon-Mint-Vozol-Gear-Shisha-25k-Disposable-Vape.jpg","datePublished":"2026-01-20T10:09:38+00:00","dateModified":"2026-01-21T02:34:09+00:00","description":"Comprar Vozol Gear Shisha 25K Puffs Sand\u00eda Menta: Bobina de malla dual, potencia ajustable, 24ml de e-l\u00edquido, 1000mAh Tipo\u2011C recargable, 5% nicotina, pantalla a color.","breadcrumb":{"@id":"https:\/\/fumot.uk\/product\/vozol-gear-shisha-25k-puffs-watermelon-mint\/#breadcrumb"},"inLanguage":"es","potentialAction":[{"@type":"ReadAction","target":["https:\/\/fumot.uk\/product\/vozol-gear-shisha-25k-puffs-watermelon-mint\/"]}]},{"@type":"ImageObject","inLanguage":"es","@id":"https:\/\/fumot.uk\/product\/vozol-gear-shisha-25k-puffs-watermelon-mint\/#primaryimage","url":"https:\/\/fumot.uk\/wp-content\/uploads\/2026\/01\/Watermelon-Mint-Vozol-Gear-Shisha-25k-Disposable-Vape.jpg","contentUrl":"https:\/\/fumot.uk\/wp-content\/uploads\/2026\/01\/Watermelon-Mint-Vozol-Gear-Shisha-25k-Disposable-Vape.jpg","width":1080,"height":1080},{"@type":"BreadcrumbList","@id":"https:\/\/fumot.uk\/product\/vozol-gear-shisha-25k-puffs-watermelon-mint\/#breadcrumb","itemListElement":[{"@type":"ListItem","position":1,"name":"Home","item":"https:\/\/fumot.uk\/"},{"@type":"ListItem","position":2,"name":"Shop","item":"https:\/\/fumot.uk\/shop\/"},{"@type":"ListItem","position":3,"name":"Vozol Gear Shisha 25K Puffs Watermelon Mint Disposable Vape (24ml, 5% Nicotine)"}]},{"@type":"WebSite","@id":"https:\/\/fumot.uk\/#website","url":"https:\/\/fumot.uk\/","name":"Fumot Official Direct | Directo desde la f\u00e1brica, 100% Original","description":"Sitio Oficial","publisher":{"@id":"https:\/\/fumot.uk\/#organization"},"potentialAction":[{"@type":"SearchAction","target":{"@type":"EntryPoint","urlTemplate":"https:\/\/fumot.uk\/?s={search_term_string}"},"query-input":{"@type":"PropertyValueSpecification","valueRequired":true,"valueName":"search_term_string"}}],"inLanguage":"es"},{"@type":"Organization","@id":"https:\/\/fumot.uk\/#organization","name":"Fumot Official Direct | Directo desde la f\u00e1brica, 100% Original","url":"https:\/\/fumot.uk\/","logo":{"@type":"ImageObject","inLanguage":"es","@id":"https:\/\/fumot.uk\/#\/schema\/logo\/image\/","url":"https:\/\/fumot.uk\/wp-content\/uploads\/2026\/01\/cropped-fumot-logo1.png","contentUrl":"https:\/\/fumot.uk\/wp-content\/uploads\/2026\/01\/cropped-fumot-logo1.png","width":152,"height":106,"caption":"Fumot Official Direct | Straight from the Factory, 100% Genuine"},"image":{"@id":"https:\/\/fumot.uk\/#\/schema\/logo\/image\/"}}]}},"_links":{"self":[{"href":"https:\/\/fumot.uk\/es\/wp-json\/wp\/v2\/product\/3265","targetHints":{"allow":["GET"]}}],"collection":[{"href":"https:\/\/fumot.uk\/es\/wp-json\/wp\/v2\/product"}],"about":[{"href":"https:\/\/fumot.uk\/es\/wp-json\/wp\/v2\/types\/product"}],"replies":[{"embeddable":true,"href":"https:\/\/fumot.uk\/es\/wp-json\/wp\/v2\/comments?post=3265"}],"wp:featuredmedia":[{"embeddable":true,"href":"https:\/\/fumot.uk\/es\/wp-json\/wp\/v2\/media\/3311"}],"wp:attachment":[{"href":"https:\/\/fumot.uk\/es\/wp-json\/wp\/v2\/media?parent=3265"}],"wp:term":[{"taxonomy":"product_brand","embeddable":true,"href":"https:\/\/fumot.uk\/es\/wp-json\/wp\/v2\/product_brand?post=3265"},{"taxonomy":"product_cat","embeddable":true,"href":"https:\/\/fumot.uk\/es\/wp-json\/wp\/v2\/product_cat?post=3265"},{"taxonomy":"product_tag","embeddable":true,"href":"https:\/\/fumot.uk\/es\/wp-json\/wp\/v2\/product_tag?post=3265"}],"curies":[{"name":"wp","href":"https:\/\/api.w.org\/{rel}","templated":true}]}}