{"id":3258,"date":"2026-01-20T10:09:36","date_gmt":"2026-01-20T10:09:36","guid":{"rendered":"https:\/\/fumot.uk\/?post_type=product&#038;p=3258"},"modified":"2026-01-21T02:37:47","modified_gmt":"2026-01-21T02:37:47","slug":"vozol-gear-shisha-25k-puffs-peach-ice","status":"publish","type":"product","link":"https:\/\/fumot.uk\/es\/product\/vozol-gear-shisha-25k-puffs-peach-ice\/","title":{"rendered":"Vozol Gear Shisha 25K Puffs Peach Ice \u2013 Dual Mesh, 24ml, 1000mAh, Pantalla Inteligente (5% Nic)"},"content":{"rendered":"<h2>Vozol Gear Shisha 25K Puffs \u2013 Hielo de Durazno<\/h2>\n<p><strong>Hielo de Durazno<\/strong> combina la suavidad dulce del durazno maduro con un acabado helado limpio\u2014suave al inhalar, refrescantemente fresco al exhalar. Es un vape afrutado y brillante hecho para los fan\u00e1ticos de <em>fruta fresca + hielo<\/em> perfiles, sin saber pesado o excesivamente dulce.<\/p>\n<p>Dise\u00f1ado para consistencia y conveniencia, el <strong>Vozol Gear Shisha 25k Puffs<\/strong> combina un generoso <strong>capacidad de e-l\u00edquido de 24ml<\/strong> con <strong>Doble Bobina de Malla<\/strong> tecnolog\u00eda para ofrecer sabor estable y vapor denso con el tiempo. El <strong>pantalla inteligente a color de 2.1 pulgadas<\/strong> mantiene la informaci\u00f3n clave visible de un vistazo\u2014nivel de bater\u00eda y e-l\u00edquido restante\u2014para que no est\u00e9s adivinando a mitad de sesi\u00f3n. Con un <strong>bater\u00eda recargable de 1000mAh<\/strong> y <strong>Carga r\u00e1pida Tipo-C<\/strong>, est\u00e1 dise\u00f1ado para un uso prolongado y f\u00e1cil recarga.<\/p>\n<h3>Por qu\u00e9 te encantar\u00e1 Hielo de Durazno<\/h3>\n<ul>\n<li><strong>Sabor jugoso de durazno<\/strong> con un acabado fresco y crujiente<\/li>\n<li><strong>Perfil refrescante para todo el d\u00eda<\/strong>\u2014especialmente popular para climas c\u00e1lidos<\/li>\n<li><strong>Postgusto limpio<\/strong> que se mantiene ligero y suave<\/li>\n<\/ul>\n<h3>Caracter\u00edsticas Clave<\/h3>\n<ul>\n<li><strong>Hasta 25,000 caladas<\/strong> para un disfrute prolongado<\/li>\n<li><strong>Doble Bobina de Malla<\/strong> para un calentamiento uniforme y vapor rico<\/li>\n<li><strong>capacidad de e-l\u00edquido de 24ml<\/strong> para menos interrupciones<\/li>\n<li><strong>5% nicotina<\/strong> (ver atributo del producto)<\/li>\n<li><strong>Bater\u00eda de 1000mAh<\/strong> + <strong>carga Tipo-C<\/strong><\/li>\n<li><strong>Pantalla inteligente a color de 2.1\u2033<\/strong> para el estado de la bater\u00eda y el e-l\u00edquido<\/li>\n<li><strong>Potencia ajustable<\/strong> para igualar tu intensidad preferida<\/li>\n<\/ul>\n<p><strong>Explora m\u00e1s sabores:<\/strong> Navega por la gama completa aqu\u00ed: <a href=\"https:\/\/fumot.uk\/es\/product-category\/vozol-gear-shisha-25k-puffs\/\">colecci\u00f3n Vozol Gear Shisha 25K Puffs en fumot.uk<\/a>.<\/p>\n<p><small>Nota: La cantidad de caladas puede variar dependiendo del estilo de uso.<\/small><\/p>","protected":false},"excerpt":{"rendered":"<p>Disfruta de la suave dulzura del melocot\u00f3n con un acabado helado y crujiente. Vozol Gear Shisha 25K Puffs cuenta con Dual Mesh Coil, capacidad de 24ml, recarga Type\u2011C de 1000mAh, pantalla inteligente y 5% nic.<\/p>","protected":false},"featured_media":3304,"comment_status":"open","ping_status":"closed","template":"","meta":[],"product_brand":[],"product_cat":[172,17,173],"product_tag":[174,171,21,72,73,29,30,26,62,28],"class_list":{"0":"post-3258","1":"product","2":"type-product","3":"status-publish","4":"has-post-thumbnail","6":"product_cat-25000-puff","7":"product_cat-vape","8":"product_cat-vozol-gear-shisha-25k-puffs","9":"product_tag-1000-mah","10":"product_tag-24ml","11":"product_tag-adjustable-airflow","12":"product_tag-direct-to-lung","13":"product_tag-dual-mesh","14":"product_tag-ice","15":"product_tag-peach","16":"product_tag-rechargeable","17":"product_tag-sale-vape","18":"product_tag-type-c","20":"first","21":"instock","22":"sale","23":"shipping-taxable","24":"purchasable","25":"product-type-variable","26":"has-default-attributes"},"yoast_head":"<!-- This site is optimized with the Yoast SEO plugin v26.8 - https:\/\/yoast.com\/product\/yoast-seo-wordpress\/ -->\n<title>Vozol Gear Shisha 25K Peach Ice | 24ml Dual Mesh 5%<\/title>\n<meta name=\"description\" content=\"Vozol Gear Shisha 25K Puffs Peach Ice: juicy peach with a cool finish. Dual Mesh Coil, 24ml e-liquid, 1000mAh Type\u2011C recharge, 2.1&quot; display, 5% nic.\" \/>\n<meta name=\"robots\" content=\"index, follow, max-snippet:-1, max-image-preview:large, max-video-preview:-1\" \/>\n<link rel=\"canonical\" href=\"https:\/\/fumot.uk\/es\/product\/vozol-gear-shisha-25k-puffs-peach-ice\/\" \/>\n<meta property=\"og:locale\" content=\"es_ES\" \/>\n<meta property=\"og:type\" content=\"article\" \/>\n<meta property=\"og:title\" content=\"Peach Ice Vozol Gear Shisha 25K Puffs \u2013 Cool &amp; Juicy\" \/>\n<meta property=\"og:description\" content=\"A smooth peach vape with a refreshing icy finish. Dual Mesh Coil, 24ml capacity, 1000mAh Type\u2011C rechargeable, smart display, and adjustable power.\" \/>\n<meta property=\"og:url\" content=\"https:\/\/fumot.uk\/es\/product\/vozol-gear-shisha-25k-puffs-peach-ice\/\" \/>\n<meta property=\"og:site_name\" content=\"Fumot Official Direct | Straight from the Factory, 100% Genuine\" \/>\n<meta property=\"article:modified_time\" content=\"2026-01-21T02:37:47+00:00\" \/>\n<meta property=\"og:image\" content=\"https:\/\/fumot.uk\/wp-content\/uploads\/2026\/01\/Peach-Ice-Vozol-Gear-Shisha-25k-Disposable-Vape.jpg\" \/>\n\t<meta property=\"og:image:width\" content=\"1080\" \/>\n\t<meta property=\"og:image:height\" content=\"1080\" \/>\n\t<meta property=\"og:image:type\" content=\"image\/jpeg\" \/>\n<meta name=\"twitter:card\" content=\"summary_large_image\" \/>\n<meta name=\"twitter:label1\" content=\"Tiempo de lectura\" \/>\n\t<meta name=\"twitter:data1\" content=\"3 minutos\" \/>\n<script type=\"application\/ld+json\" class=\"yoast-schema-graph\">{\"@context\":\"https:\/\/schema.org\",\"@graph\":[{\"@type\":\"WebPage\",\"@id\":\"https:\/\/fumot.uk\/product\/vozol-gear-shisha-25k-puffs-peach-ice\/\",\"url\":\"https:\/\/fumot.uk\/product\/vozol-gear-shisha-25k-puffs-peach-ice\/\",\"name\":\"Vozol Gear Shisha 25K Peach Ice | 24ml Dual Mesh 5%\",\"isPartOf\":{\"@id\":\"https:\/\/fumot.uk\/#website\"},\"primaryImageOfPage\":{\"@id\":\"https:\/\/fumot.uk\/product\/vozol-gear-shisha-25k-puffs-peach-ice\/#primaryimage\"},\"image\":{\"@id\":\"https:\/\/fumot.uk\/product\/vozol-gear-shisha-25k-puffs-peach-ice\/#primaryimage\"},\"thumbnailUrl\":\"https:\/\/fumot.uk\/wp-content\/uploads\/2026\/01\/Peach-Ice-Vozol-Gear-Shisha-25k-Disposable-Vape.jpg\",\"datePublished\":\"2026-01-20T10:09:36+00:00\",\"dateModified\":\"2026-01-21T02:37:47+00:00\",\"description\":\"Vozol Gear Shisha 25K Puffs Peach Ice: juicy peach with a cool finish. Dual Mesh Coil, 24ml e-liquid, 1000mAh Type\u2011C recharge, 2.1\\\" display, 5% nic.\",\"breadcrumb\":{\"@id\":\"https:\/\/fumot.uk\/product\/vozol-gear-shisha-25k-puffs-peach-ice\/#breadcrumb\"},\"inLanguage\":\"es\",\"potentialAction\":[{\"@type\":\"ReadAction\",\"target\":[\"https:\/\/fumot.uk\/product\/vozol-gear-shisha-25k-puffs-peach-ice\/\"]}]},{\"@type\":\"ImageObject\",\"inLanguage\":\"es\",\"@id\":\"https:\/\/fumot.uk\/product\/vozol-gear-shisha-25k-puffs-peach-ice\/#primaryimage\",\"url\":\"https:\/\/fumot.uk\/wp-content\/uploads\/2026\/01\/Peach-Ice-Vozol-Gear-Shisha-25k-Disposable-Vape.jpg\",\"contentUrl\":\"https:\/\/fumot.uk\/wp-content\/uploads\/2026\/01\/Peach-Ice-Vozol-Gear-Shisha-25k-Disposable-Vape.jpg\",\"width\":1080,\"height\":1080},{\"@type\":\"BreadcrumbList\",\"@id\":\"https:\/\/fumot.uk\/product\/vozol-gear-shisha-25k-puffs-peach-ice\/#breadcrumb\",\"itemListElement\":[{\"@type\":\"ListItem\",\"position\":1,\"name\":\"Home\",\"item\":\"https:\/\/fumot.uk\/\"},{\"@type\":\"ListItem\",\"position\":2,\"name\":\"Shop\",\"item\":\"https:\/\/fumot.uk\/shop\/\"},{\"@type\":\"ListItem\",\"position\":3,\"name\":\"Vozol Gear Shisha 25K Puffs Peach Ice \u2013 Dual Mesh, 24ml, 1000mAh, Smart Display (5% Nic)\"}]},{\"@type\":\"WebSite\",\"@id\":\"https:\/\/fumot.uk\/#website\",\"url\":\"https:\/\/fumot.uk\/\",\"name\":\"Fumot Official Direct | Straight from the Factory, 100% Genuine\",\"description\":\"Official Website\",\"publisher\":{\"@id\":\"https:\/\/fumot.uk\/#organization\"},\"potentialAction\":[{\"@type\":\"SearchAction\",\"target\":{\"@type\":\"EntryPoint\",\"urlTemplate\":\"https:\/\/fumot.uk\/?s={search_term_string}\"},\"query-input\":{\"@type\":\"PropertyValueSpecification\",\"valueRequired\":true,\"valueName\":\"search_term_string\"}}],\"inLanguage\":\"es\"},{\"@type\":\"Organization\",\"@id\":\"https:\/\/fumot.uk\/#organization\",\"name\":\"Fumot Official Direct | Straight from the Factory, 100% Genuine\",\"url\":\"https:\/\/fumot.uk\/\",\"logo\":{\"@type\":\"ImageObject\",\"inLanguage\":\"es\",\"@id\":\"https:\/\/fumot.uk\/#\/schema\/logo\/image\/\",\"url\":\"https:\/\/fumot.uk\/wp-content\/uploads\/2026\/01\/cropped-fumot-logo1.png\",\"contentUrl\":\"https:\/\/fumot.uk\/wp-content\/uploads\/2026\/01\/cropped-fumot-logo1.png\",\"width\":152,\"height\":106,\"caption\":\"Fumot Official Direct | Straight from the Factory, 100% Genuine\"},\"image\":{\"@id\":\"https:\/\/fumot.uk\/#\/schema\/logo\/image\/\"}}]}<\/script>\n<!-- \/ Yoast SEO plugin. -->","yoast_head_json":{"title":"Vozol Gear Shisha 25K Melocot\u00f3n Hielo | 24ml Dual Mesh 5%","description":"Vozol Gear Shisha 25K Puffs Peach Ice: durazno jugoso con un acabado fresco. Dual Mesh Coil, 24ml de e-l\u00edquido, recarga 1000mAh Type\u2011C, pantalla de 2.1\", 5% nic.","robots":{"index":"index","follow":"follow","max-snippet":"max-snippet:-1","max-image-preview":"max-image-preview:large","max-video-preview":"max-video-preview:-1"},"canonical":"https:\/\/fumot.uk\/es\/product\/vozol-gear-shisha-25k-puffs-peach-ice\/","og_locale":"es_ES","og_type":"article","og_title":"Peach Ice Vozol Gear Shisha 25K Puffs \u2013 Cool & Juicy","og_description":"A smooth peach vape with a refreshing icy finish. Dual Mesh Coil, 24ml capacity, 1000mAh Type\u2011C rechargeable, smart display, and adjustable power.","og_url":"https:\/\/fumot.uk\/es\/product\/vozol-gear-shisha-25k-puffs-peach-ice\/","og_site_name":"Fumot Official Direct | Straight from the Factory, 100% Genuine","article_modified_time":"2026-01-21T02:37:47+00:00","og_image":[{"width":1080,"height":1080,"url":"https:\/\/fumot.uk\/wp-content\/uploads\/2026\/01\/Peach-Ice-Vozol-Gear-Shisha-25k-Disposable-Vape.jpg","type":"image\/jpeg"}],"twitter_card":"summary_large_image","twitter_misc":{"Tiempo de lectura":"3 minutos"},"schema":{"@context":"https:\/\/schema.org","@graph":[{"@type":"WebPage","@id":"https:\/\/fumot.uk\/product\/vozol-gear-shisha-25k-puffs-peach-ice\/","url":"https:\/\/fumot.uk\/product\/vozol-gear-shisha-25k-puffs-peach-ice\/","name":"Vozol Gear Shisha 25K Melocot\u00f3n Hielo | 24ml Dual Mesh 5%","isPartOf":{"@id":"https:\/\/fumot.uk\/#website"},"primaryImageOfPage":{"@id":"https:\/\/fumot.uk\/product\/vozol-gear-shisha-25k-puffs-peach-ice\/#primaryimage"},"image":{"@id":"https:\/\/fumot.uk\/product\/vozol-gear-shisha-25k-puffs-peach-ice\/#primaryimage"},"thumbnailUrl":"https:\/\/fumot.uk\/wp-content\/uploads\/2026\/01\/Peach-Ice-Vozol-Gear-Shisha-25k-Disposable-Vape.jpg","datePublished":"2026-01-20T10:09:36+00:00","dateModified":"2026-01-21T02:37:47+00:00","description":"Vozol Gear Shisha 25K Puffs Peach Ice: durazno jugoso con un acabado fresco. Dual Mesh Coil, 24ml de e-l\u00edquido, recarga 1000mAh Type\u2011C, pantalla de 2.1\", 5% nic.","breadcrumb":{"@id":"https:\/\/fumot.uk\/product\/vozol-gear-shisha-25k-puffs-peach-ice\/#breadcrumb"},"inLanguage":"es","potentialAction":[{"@type":"ReadAction","target":["https:\/\/fumot.uk\/product\/vozol-gear-shisha-25k-puffs-peach-ice\/"]}]},{"@type":"ImageObject","inLanguage":"es","@id":"https:\/\/fumot.uk\/product\/vozol-gear-shisha-25k-puffs-peach-ice\/#primaryimage","url":"https:\/\/fumot.uk\/wp-content\/uploads\/2026\/01\/Peach-Ice-Vozol-Gear-Shisha-25k-Disposable-Vape.jpg","contentUrl":"https:\/\/fumot.uk\/wp-content\/uploads\/2026\/01\/Peach-Ice-Vozol-Gear-Shisha-25k-Disposable-Vape.jpg","width":1080,"height":1080},{"@type":"BreadcrumbList","@id":"https:\/\/fumot.uk\/product\/vozol-gear-shisha-25k-puffs-peach-ice\/#breadcrumb","itemListElement":[{"@type":"ListItem","position":1,"name":"Home","item":"https:\/\/fumot.uk\/"},{"@type":"ListItem","position":2,"name":"Shop","item":"https:\/\/fumot.uk\/shop\/"},{"@type":"ListItem","position":3,"name":"Vozol Gear Shisha 25K Puffs Peach Ice \u2013 Dual Mesh, 24ml, 1000mAh, Smart Display (5% Nic)"}]},{"@type":"WebSite","@id":"https:\/\/fumot.uk\/#website","url":"https:\/\/fumot.uk\/","name":"Fumot Official Direct | Directo desde la f\u00e1brica, 100% Original","description":"Sitio Oficial","publisher":{"@id":"https:\/\/fumot.uk\/#organization"},"potentialAction":[{"@type":"SearchAction","target":{"@type":"EntryPoint","urlTemplate":"https:\/\/fumot.uk\/?s={search_term_string}"},"query-input":{"@type":"PropertyValueSpecification","valueRequired":true,"valueName":"search_term_string"}}],"inLanguage":"es"},{"@type":"Organization","@id":"https:\/\/fumot.uk\/#organization","name":"Fumot Official Direct | Directo desde la f\u00e1brica, 100% Original","url":"https:\/\/fumot.uk\/","logo":{"@type":"ImageObject","inLanguage":"es","@id":"https:\/\/fumot.uk\/#\/schema\/logo\/image\/","url":"https:\/\/fumot.uk\/wp-content\/uploads\/2026\/01\/cropped-fumot-logo1.png","contentUrl":"https:\/\/fumot.uk\/wp-content\/uploads\/2026\/01\/cropped-fumot-logo1.png","width":152,"height":106,"caption":"Fumot Official Direct | Straight from the Factory, 100% Genuine"},"image":{"@id":"https:\/\/fumot.uk\/#\/schema\/logo\/image\/"}}]}},"_links":{"self":[{"href":"https:\/\/fumot.uk\/es\/wp-json\/wp\/v2\/product\/3258","targetHints":{"allow":["GET"]}}],"collection":[{"href":"https:\/\/fumot.uk\/es\/wp-json\/wp\/v2\/product"}],"about":[{"href":"https:\/\/fumot.uk\/es\/wp-json\/wp\/v2\/types\/product"}],"replies":[{"embeddable":true,"href":"https:\/\/fumot.uk\/es\/wp-json\/wp\/v2\/comments?post=3258"}],"wp:featuredmedia":[{"embeddable":true,"href":"https:\/\/fumot.uk\/es\/wp-json\/wp\/v2\/media\/3304"}],"wp:attachment":[{"href":"https:\/\/fumot.uk\/es\/wp-json\/wp\/v2\/media?parent=3258"}],"wp:term":[{"taxonomy":"product_brand","embeddable":true,"href":"https:\/\/fumot.uk\/es\/wp-json\/wp\/v2\/product_brand?post=3258"},{"taxonomy":"product_cat","embeddable":true,"href":"https:\/\/fumot.uk\/es\/wp-json\/wp\/v2\/product_cat?post=3258"},{"taxonomy":"product_tag","embeddable":true,"href":"https:\/\/fumot.uk\/es\/wp-json\/wp\/v2\/product_tag?post=3258"}],"curies":[{"name":"wp","href":"https:\/\/api.w.org\/{rel}","templated":true}]}}