{"id":3220,"date":"2026-01-20T10:09:06","date_gmt":"2026-01-20T10:09:06","guid":{"rendered":"https:\/\/fumot.uk\/?post_type=product&#038;p=3220"},"modified":"2026-01-21T02:58:55","modified_gmt":"2026-01-21T02:58:55","slug":"peach-mango-watermelon-vozol-star-20000-puffs","status":"publish","type":"product","link":"https:\/\/fumot.uk\/es\/product\/peach-mango-watermelon-vozol-star-20000-puffs\/","title":{"rendered":"Vozol Star 20000 Puffs Melocot\u00f3n Mango Sand\u00eda (24ml, 5% Nic, Pantalla LED, Recargable USB-C)"},"content":{"rendered":"<h2>Vozol Star 20000 Puffs \u2013 Melocot\u00f3n Mango Sand\u00eda<\/h2>\n<p>Lleva una vibra soleada y frutal a cada calada con <strong>Vozol Star 20000 Puffs Melocot\u00f3n Mango Sand\u00eda<\/strong>. Esta mezcla combina <strong>dulzura suave de melocot\u00f3n<\/strong>, <strong>mango tropical<\/strong>, y un <strong>acabado fresco de sand\u00eda<\/strong> para un sabor suave y refrescante que se mantiene brillante de principio a fin.<\/p>\n<h3>Perfil de Sabor: Melocot\u00f3n + Mango + Sand\u00eda<\/h3>\n<ul>\n<li><strong>Durazno<\/strong>: dulzura suave y jugosa<\/li>\n<li><strong>Mango<\/strong>: notas ricas de frutas tropicales<\/li>\n<li><strong>Sand\u00eda<\/strong>: acabado ligero y limpio para una sensaci\u00f3n f\u00e1cil todo el d\u00eda<\/li>\n<\/ul>\n<h3>Caracter\u00edsticas Clave<\/h3>\n<ul>\n<li><strong>Hasta 20000 caladas<\/strong> (var\u00eda seg\u00fan el uso)<\/li>\n<li><strong>Fuerza de nicotina:<\/strong> 5% (50mg)<\/li>\n<li><strong>tanque de 24ml de e-l\u00edquido prellenado<\/strong> para un uso prolongado<\/li>\n<li><strong>Bater\u00eda recargable de 650mAh<\/strong><\/li>\n<li><strong>carga USB Tipo-C<\/strong> para una recarga conveniente<\/li>\n<li><strong>pantalla LED f\u00e1cil de leer<\/strong> muestra el nivel de bater\u00eda y el l\u00edquido restante<\/li>\n<li><strong>Bobinas de malla dual<\/strong> para un sabor consistente y vapor suave<\/li>\n<\/ul>\n<h3>Por qu\u00e9 te gustar\u00e1<\/h3>\n<p>Si est\u00e1s buscando un <strong>vape desechable de 20,000 caladas<\/strong> que equilibra lo dulce y refrescante, Melocot\u00f3n Mango Sand\u00eda es destacado. El <strong>doble bobina de malla<\/strong> ayuda a mantener las notas de frutas claras y uniformes, mientras que el <strong>pantalla<\/strong> facilita el seguimiento de la energ\u00eda y el l\u00edquido de un vistazo.<\/p>\n<p>Explora m\u00e1s opciones y nuevos lanzamientos en <a href=\"https:\/\/fumot.uk\/es\/\">fumot.uk<\/a>.<\/p>\n<h3>Especificaciones<\/h3>\n<ul>\n<li><strong>RandM Tornado 12000 Puffs<\/strong> Vozol Star 20000 Puffs<\/li>\n<li><strong>Sabor:<\/strong> Mango Sand\u00eda Durazno<\/li>\n<li><strong>Nicotina:<\/strong> 5% (50mg)<\/li>\n<li><strong>Capacidad de e-l\u00edquido:<\/strong> 24ml<\/li>\n<li><strong>Bater\u00eda:<\/strong> 650mAh (recargable)<\/li>\n<li><strong>Carga:<\/strong> USB Tipo-C<\/li>\n<li><strong>Bobina:<\/strong> Doble Malla<\/li>\n<li><strong>Pantalla:<\/strong> pantalla LED f\u00e1cil de leer<\/li>\n<\/ul>","protected":false},"excerpt":{"rendered":"<p>Vozol Star 20000 Puffs vape desechable de Durazno Mango Sand\u00eda con 24ml de e-l\u00edquido, 5% de nicotina, bobinas de malla dual, pantalla LED y bater\u00eda recargable USB-C de 650mAh.<\/p>","protected":false},"featured_media":3238,"comment_status":"open","ping_status":"closed","template":"","meta":[],"product_brand":[],"product_cat":[68,17,170],"product_tag":[171,131,72,23,73,42,30,26,27,62,28,32],"class_list":{"0":"post-3220","1":"product","2":"type-product","3":"status-publish","4":"has-post-thumbnail","6":"product_cat-20000-puff","7":"product_cat-vape","8":"product_cat-vozol-star-20000-puffs","9":"product_tag-24ml","10":"product_tag-650mah","11":"product_tag-direct-to-lung","12":"product_tag-display","13":"product_tag-dual-mesh","14":"product_tag-mango","15":"product_tag-peach","16":"product_tag-rechargeable","17":"product_tag-rgb-light","18":"product_tag-sale-vape","19":"product_tag-type-c","20":"product_tag-watermelon","22":"first","23":"instock","24":"sale","25":"shipping-taxable","26":"purchasable","27":"product-type-variable","28":"has-default-attributes"},"yoast_head":"<!-- This site is optimized with the Yoast SEO plugin v26.8 - https:\/\/yoast.com\/product\/yoast-seo-wordpress\/ -->\n<title>Vozol Star 20000 Peach Mango Watermelon | 24ml 5%<\/title>\n<meta name=\"description\" content=\"Shop Vozol Star 20000 Puffs Peach Mango Watermelon: 24ml prefilled, 5% nicotine, dual mesh coil, LED display, USB-C rechargeable 650mAh. At fumot.uk.\" \/>\n<meta name=\"robots\" content=\"index, follow, max-snippet:-1, max-image-preview:large, max-video-preview:-1\" \/>\n<link rel=\"canonical\" href=\"https:\/\/fumot.uk\/es\/product\/peach-mango-watermelon-vozol-star-20000-puffs\/\" \/>\n<meta property=\"og:locale\" content=\"es_ES\" \/>\n<meta property=\"og:type\" content=\"article\" \/>\n<meta property=\"og:title\" content=\"Vozol Star 20000 Puffs \u2013 Peach Mango Watermelon\" \/>\n<meta property=\"og:description\" content=\"Juicy peach, tropical mango, and a clean watermelon finish. 24ml, 5% nic, LED display, dual mesh coil, USB-C rechargeable\u2014available at fumot.uk.\" \/>\n<meta property=\"og:url\" content=\"https:\/\/fumot.uk\/es\/product\/peach-mango-watermelon-vozol-star-20000-puffs\/\" \/>\n<meta property=\"og:site_name\" content=\"Fumot Official Direct | Straight from the Factory, 100% Genuine\" \/>\n<meta property=\"article:modified_time\" content=\"2026-01-21T02:58:55+00:00\" \/>\n<meta property=\"og:image\" content=\"https:\/\/fumot.uk\/wp-content\/uploads\/2026\/01\/peach-mango-watermelon-vozol-star-20000-disposable-vape.png\" \/>\n\t<meta property=\"og:image:width\" content=\"1170\" \/>\n\t<meta property=\"og:image:height\" content=\"1170\" \/>\n\t<meta property=\"og:image:type\" content=\"image\/png\" \/>\n<meta name=\"twitter:card\" content=\"summary_large_image\" \/>\n<meta name=\"twitter:label1\" content=\"Tiempo de lectura\" \/>\n\t<meta name=\"twitter:data1\" content=\"2 minutos\" \/>\n<script type=\"application\/ld+json\" class=\"yoast-schema-graph\">{\"@context\":\"https:\/\/schema.org\",\"@graph\":[{\"@type\":\"WebPage\",\"@id\":\"https:\/\/fumot.uk\/product\/peach-mango-watermelon-vozol-star-20000-puffs\/\",\"url\":\"https:\/\/fumot.uk\/product\/peach-mango-watermelon-vozol-star-20000-puffs\/\",\"name\":\"Vozol Star 20000 Peach Mango Watermelon | 24ml 5%\",\"isPartOf\":{\"@id\":\"https:\/\/fumot.uk\/#website\"},\"primaryImageOfPage\":{\"@id\":\"https:\/\/fumot.uk\/product\/peach-mango-watermelon-vozol-star-20000-puffs\/#primaryimage\"},\"image\":{\"@id\":\"https:\/\/fumot.uk\/product\/peach-mango-watermelon-vozol-star-20000-puffs\/#primaryimage\"},\"thumbnailUrl\":\"https:\/\/fumot.uk\/wp-content\/uploads\/2026\/01\/peach-mango-watermelon-vozol-star-20000-disposable-vape.png\",\"datePublished\":\"2026-01-20T10:09:06+00:00\",\"dateModified\":\"2026-01-21T02:58:55+00:00\",\"description\":\"Shop Vozol Star 20000 Puffs Peach Mango Watermelon: 24ml prefilled, 5% nicotine, dual mesh coil, LED display, USB-C rechargeable 650mAh. At fumot.uk.\",\"breadcrumb\":{\"@id\":\"https:\/\/fumot.uk\/product\/peach-mango-watermelon-vozol-star-20000-puffs\/#breadcrumb\"},\"inLanguage\":\"es\",\"potentialAction\":[{\"@type\":\"ReadAction\",\"target\":[\"https:\/\/fumot.uk\/product\/peach-mango-watermelon-vozol-star-20000-puffs\/\"]}]},{\"@type\":\"ImageObject\",\"inLanguage\":\"es\",\"@id\":\"https:\/\/fumot.uk\/product\/peach-mango-watermelon-vozol-star-20000-puffs\/#primaryimage\",\"url\":\"https:\/\/fumot.uk\/wp-content\/uploads\/2026\/01\/peach-mango-watermelon-vozol-star-20000-disposable-vape.png\",\"contentUrl\":\"https:\/\/fumot.uk\/wp-content\/uploads\/2026\/01\/peach-mango-watermelon-vozol-star-20000-disposable-vape.png\",\"width\":1170,\"height\":1170},{\"@type\":\"BreadcrumbList\",\"@id\":\"https:\/\/fumot.uk\/product\/peach-mango-watermelon-vozol-star-20000-puffs\/#breadcrumb\",\"itemListElement\":[{\"@type\":\"ListItem\",\"position\":1,\"name\":\"Home\",\"item\":\"https:\/\/fumot.uk\/\"},{\"@type\":\"ListItem\",\"position\":2,\"name\":\"Shop\",\"item\":\"https:\/\/fumot.uk\/shop\/\"},{\"@type\":\"ListItem\",\"position\":3,\"name\":\"Vozol Star 20000 Puffs Peach Mango Watermelon (24ml, 5% Nic, LED Display, USB-C Rechargeable)\"}]},{\"@type\":\"WebSite\",\"@id\":\"https:\/\/fumot.uk\/#website\",\"url\":\"https:\/\/fumot.uk\/\",\"name\":\"Fumot Official Direct | Straight from the Factory, 100% Genuine\",\"description\":\"Official Website\",\"publisher\":{\"@id\":\"https:\/\/fumot.uk\/#organization\"},\"potentialAction\":[{\"@type\":\"SearchAction\",\"target\":{\"@type\":\"EntryPoint\",\"urlTemplate\":\"https:\/\/fumot.uk\/?s={search_term_string}\"},\"query-input\":{\"@type\":\"PropertyValueSpecification\",\"valueRequired\":true,\"valueName\":\"search_term_string\"}}],\"inLanguage\":\"es\"},{\"@type\":\"Organization\",\"@id\":\"https:\/\/fumot.uk\/#organization\",\"name\":\"Fumot Official Direct | Straight from the Factory, 100% Genuine\",\"url\":\"https:\/\/fumot.uk\/\",\"logo\":{\"@type\":\"ImageObject\",\"inLanguage\":\"es\",\"@id\":\"https:\/\/fumot.uk\/#\/schema\/logo\/image\/\",\"url\":\"https:\/\/fumot.uk\/wp-content\/uploads\/2026\/01\/cropped-fumot-logo1.png\",\"contentUrl\":\"https:\/\/fumot.uk\/wp-content\/uploads\/2026\/01\/cropped-fumot-logo1.png\",\"width\":152,\"height\":106,\"caption\":\"Fumot Official Direct | Straight from the Factory, 100% Genuine\"},\"image\":{\"@id\":\"https:\/\/fumot.uk\/#\/schema\/logo\/image\/\"}}]}<\/script>\n<!-- \/ Yoast SEO plugin. -->","yoast_head_json":{"title":"Vozol Star 20000 Melocot\u00f3n Mango Sand\u00eda | 24ml 5%","description":"Comprar Vozol Star 20000 Puffs Melocot\u00f3n Mango Sand\u00eda: 24ml prellenado, 5% nicotina, bobina de malla dual, pantalla LED, recargable USB-C 650mAh. En fumot.uk.","robots":{"index":"index","follow":"follow","max-snippet":"max-snippet:-1","max-image-preview":"max-image-preview:large","max-video-preview":"max-video-preview:-1"},"canonical":"https:\/\/fumot.uk\/es\/product\/peach-mango-watermelon-vozol-star-20000-puffs\/","og_locale":"es_ES","og_type":"article","og_title":"Vozol Star 20000 Puffs \u2013 Peach Mango Watermelon","og_description":"Juicy peach, tropical mango, and a clean watermelon finish. 24ml, 5% nic, LED display, dual mesh coil, USB-C rechargeable\u2014available at fumot.uk.","og_url":"https:\/\/fumot.uk\/es\/product\/peach-mango-watermelon-vozol-star-20000-puffs\/","og_site_name":"Fumot Official Direct | Straight from the Factory, 100% Genuine","article_modified_time":"2026-01-21T02:58:55+00:00","og_image":[{"width":1170,"height":1170,"url":"https:\/\/fumot.uk\/wp-content\/uploads\/2026\/01\/peach-mango-watermelon-vozol-star-20000-disposable-vape.png","type":"image\/png"}],"twitter_card":"summary_large_image","twitter_misc":{"Tiempo de lectura":"2 minutos"},"schema":{"@context":"https:\/\/schema.org","@graph":[{"@type":"WebPage","@id":"https:\/\/fumot.uk\/product\/peach-mango-watermelon-vozol-star-20000-puffs\/","url":"https:\/\/fumot.uk\/product\/peach-mango-watermelon-vozol-star-20000-puffs\/","name":"Vozol Star 20000 Melocot\u00f3n Mango Sand\u00eda | 24ml 5%","isPartOf":{"@id":"https:\/\/fumot.uk\/#website"},"primaryImageOfPage":{"@id":"https:\/\/fumot.uk\/product\/peach-mango-watermelon-vozol-star-20000-puffs\/#primaryimage"},"image":{"@id":"https:\/\/fumot.uk\/product\/peach-mango-watermelon-vozol-star-20000-puffs\/#primaryimage"},"thumbnailUrl":"https:\/\/fumot.uk\/wp-content\/uploads\/2026\/01\/peach-mango-watermelon-vozol-star-20000-disposable-vape.png","datePublished":"2026-01-20T10:09:06+00:00","dateModified":"2026-01-21T02:58:55+00:00","description":"Comprar Vozol Star 20000 Puffs Melocot\u00f3n Mango Sand\u00eda: 24ml prellenado, 5% nicotina, bobina de malla dual, pantalla LED, recargable USB-C 650mAh. En fumot.uk.","breadcrumb":{"@id":"https:\/\/fumot.uk\/product\/peach-mango-watermelon-vozol-star-20000-puffs\/#breadcrumb"},"inLanguage":"es","potentialAction":[{"@type":"ReadAction","target":["https:\/\/fumot.uk\/product\/peach-mango-watermelon-vozol-star-20000-puffs\/"]}]},{"@type":"ImageObject","inLanguage":"es","@id":"https:\/\/fumot.uk\/product\/peach-mango-watermelon-vozol-star-20000-puffs\/#primaryimage","url":"https:\/\/fumot.uk\/wp-content\/uploads\/2026\/01\/peach-mango-watermelon-vozol-star-20000-disposable-vape.png","contentUrl":"https:\/\/fumot.uk\/wp-content\/uploads\/2026\/01\/peach-mango-watermelon-vozol-star-20000-disposable-vape.png","width":1170,"height":1170},{"@type":"BreadcrumbList","@id":"https:\/\/fumot.uk\/product\/peach-mango-watermelon-vozol-star-20000-puffs\/#breadcrumb","itemListElement":[{"@type":"ListItem","position":1,"name":"Home","item":"https:\/\/fumot.uk\/"},{"@type":"ListItem","position":2,"name":"Shop","item":"https:\/\/fumot.uk\/shop\/"},{"@type":"ListItem","position":3,"name":"Vozol Star 20000 Puffs Peach Mango Watermelon (24ml, 5% Nic, LED Display, USB-C Rechargeable)"}]},{"@type":"WebSite","@id":"https:\/\/fumot.uk\/#website","url":"https:\/\/fumot.uk\/","name":"Fumot Official Direct | Directo desde la f\u00e1brica, 100% Original","description":"Sitio Oficial","publisher":{"@id":"https:\/\/fumot.uk\/#organization"},"potentialAction":[{"@type":"SearchAction","target":{"@type":"EntryPoint","urlTemplate":"https:\/\/fumot.uk\/?s={search_term_string}"},"query-input":{"@type":"PropertyValueSpecification","valueRequired":true,"valueName":"search_term_string"}}],"inLanguage":"es"},{"@type":"Organization","@id":"https:\/\/fumot.uk\/#organization","name":"Fumot Official Direct | Directo desde la f\u00e1brica, 100% Original","url":"https:\/\/fumot.uk\/","logo":{"@type":"ImageObject","inLanguage":"es","@id":"https:\/\/fumot.uk\/#\/schema\/logo\/image\/","url":"https:\/\/fumot.uk\/wp-content\/uploads\/2026\/01\/cropped-fumot-logo1.png","contentUrl":"https:\/\/fumot.uk\/wp-content\/uploads\/2026\/01\/cropped-fumot-logo1.png","width":152,"height":106,"caption":"Fumot Official Direct | Straight from the Factory, 100% Genuine"},"image":{"@id":"https:\/\/fumot.uk\/#\/schema\/logo\/image\/"}}]}},"_links":{"self":[{"href":"https:\/\/fumot.uk\/es\/wp-json\/wp\/v2\/product\/3220","targetHints":{"allow":["GET"]}}],"collection":[{"href":"https:\/\/fumot.uk\/es\/wp-json\/wp\/v2\/product"}],"about":[{"href":"https:\/\/fumot.uk\/es\/wp-json\/wp\/v2\/types\/product"}],"replies":[{"embeddable":true,"href":"https:\/\/fumot.uk\/es\/wp-json\/wp\/v2\/comments?post=3220"}],"wp:featuredmedia":[{"embeddable":true,"href":"https:\/\/fumot.uk\/es\/wp-json\/wp\/v2\/media\/3238"}],"wp:attachment":[{"href":"https:\/\/fumot.uk\/es\/wp-json\/wp\/v2\/media?parent=3220"}],"wp:term":[{"taxonomy":"product_brand","embeddable":true,"href":"https:\/\/fumot.uk\/es\/wp-json\/wp\/v2\/product_brand?post=3220"},{"taxonomy":"product_cat","embeddable":true,"href":"https:\/\/fumot.uk\/es\/wp-json\/wp\/v2\/product_cat?post=3220"},{"taxonomy":"product_tag","embeddable":true,"href":"https:\/\/fumot.uk\/es\/wp-json\/wp\/v2\/product_tag?post=3220"}],"curies":[{"name":"wp","href":"https:\/\/api.w.org\/{rel}","templated":true}]}}