{"id":3016,"date":"2026-01-20T10:06:40","date_gmt":"2026-01-20T10:06:40","guid":{"rendered":"https:\/\/fumot.uk\/?post_type=product&#038;p=3016"},"modified":"2026-01-21T03:21:36","modified_gmt":"2026-01-21T03:21:36","slug":"blueberry-storm-vozol-star-20000-puffs","status":"publish","type":"product","link":"https:\/\/fumot.uk\/es\/product\/blueberry-storm-vozol-star-20000-puffs\/","title":{"rendered":"Vozol Star 20000 Puffs Tormenta de Ar\u00e1ndano Vape Desechable (24ml, 5% Nicotina) \u2013 Bobinas de Malla Doble, Pantalla LED, Recargable USB\u2011C"},"content":{"rendered":"<h2>Vozol Star 20000 Puffs \u2013 Blueberry Storm<\/h2>\n<p>Conoce <strong>Tormenta de Ar\u00e1ndanos<\/strong>\u2014un vape de ar\u00e1ndano brillante y maduro con un acabado limpio y refrescante. En la <strong>Vozol Star 20000 Puffs<\/strong> l\u00ednea, este sabor est\u00e1 dise\u00f1ado para satisfacci\u00f3n todo el d\u00eda: afrutado al inhalar, crujiente al exhalar, y consistentemente suave gracias al <strong>doble bobina de malla<\/strong> rendimiento.<\/p>\n<h3>Experiencia de Sabor: Blueberry Storm<\/h3>\n<ul>\n<li><strong>Sabor:<\/strong> dulzura jugosa de ar\u00e1ndano con un toque helado fresco<\/li>\n<li><strong>Ambiente:<\/strong> limpio, fresco y f\u00e1cil de disfrutar durante un uso prolongado<\/li>\n<li><strong>Ideal para:<\/strong> fan\u00e1ticos de <strong>vape desechable de ar\u00e1ndano<\/strong> sabores que quieren un acabado refrescante<\/li>\n<\/ul>\n<h3>Caracter\u00edsticas Clave<\/h3>\n<ul>\n<li><strong>Hasta 20,000 caladas:<\/strong> dise\u00f1ado para conveniencia duradera<\/li>\n<li><strong>24ml de e-l\u00edquido precargado:<\/strong> capacidad generosa para menos reemplazos<\/li>\n<li><strong>5% nicotina (50mg):<\/strong> fuerte intensidad de nicotina para un golpe satisfactorio<\/li>\n<li><strong>Bater\u00eda recargable de 650mAh:<\/strong> potencia confiable para uso diario<\/li>\n<li><strong>Bobinas de malla dual:<\/strong> vapor constante, calada suave y sabor consistente<\/li>\n<li><strong>Pantalla LED completa:<\/strong> verifica <strong>bater\u00eda<\/strong> y <strong>que te ayuda a mantener un ojo en los<\/strong> niveles de un vistazo<\/li>\n<li><strong>carga USB-C:<\/strong> recarga moderna y conveniente<\/li>\n<\/ul>\n<h3>Por qu\u00e9 querr\u00e1s Blueberry Storm<\/h3>\n<p>Si est\u00e1s buscando un <strong>vape desechable premium<\/strong> que se mantiene simple, este cumple con los requisitos: audaz sabor a ar\u00e1ndano, acabado fresco y caracter\u00edsticas inteligentes como una pantalla LED para que no adivines cu\u00e1ndo es hora de recargar.<\/p>\n<p><strong>Compra m\u00e1s sabores y desechables de Vozol:<\/strong> <a href=\"https:\/\/fumot.uk\/es\/\">fumot.uk<\/a><\/p>","protected":false},"excerpt":{"rendered":"<p>Vozol Star 20000 Puffs Blueberry Storm vape desechable con jugosa ar\u00e1ndano y un acabado fresco. 24ml prellenado, 5% nicotina, bobinas de malla dual, pantalla LED, 650mAh USB\u2011C recargable.<\/p>","protected":false},"featured_media":3061,"comment_status":"open","ping_status":"closed","template":"","meta":[],"product_brand":[],"product_cat":[68,17,170],"product_tag":[171,131,33,72,23,73,26,27,62,28],"class_list":{"0":"post-3016","1":"product","2":"type-product","3":"status-publish","4":"has-post-thumbnail","6":"product_cat-20000-puff","7":"product_cat-vape","8":"product_cat-vozol-star-20000-puffs","9":"product_tag-24ml","10":"product_tag-650mah","11":"product_tag-blueberry","12":"product_tag-direct-to-lung","13":"product_tag-display","14":"product_tag-dual-mesh","15":"product_tag-rechargeable","16":"product_tag-rgb-light","17":"product_tag-sale-vape","18":"product_tag-type-c","20":"first","21":"instock","22":"sale","23":"shipping-taxable","24":"purchasable","25":"product-type-variable","26":"has-default-attributes"},"yoast_head":"<!-- This site is optimized with the Yoast SEO plugin v26.8 - https:\/\/yoast.com\/product\/yoast-seo-wordpress\/ -->\n<title>Vozol Star 20000 Blueberry Storm 5% (24ml) Vape<\/title>\n<meta name=\"description\" content=\"Vozol Star 20000 Puffs Blueberry Storm disposable vape: juicy blueberry with a cool finish, 24ml prefilled, 5% nicotine, dual mesh coils, LED display, 650mAh USB\u2011C rechargeable.\" \/>\n<meta name=\"robots\" content=\"index, follow, max-snippet:-1, max-image-preview:large, max-video-preview:-1\" \/>\n<link rel=\"canonical\" href=\"https:\/\/fumot.uk\/es\/product\/blueberry-storm-vozol-star-20000-puffs\/\" \/>\n<meta property=\"og:locale\" content=\"es_ES\" \/>\n<meta property=\"og:type\" content=\"article\" \/>\n<meta property=\"og:title\" content=\"Vozol Star 20000 Puffs \u2013 Blueberry Storm (24ml, 5%)\" \/>\n<meta property=\"og:description\" content=\"Juicy blueberry taste with a crisp, cool finish. Dual mesh coils, LED display, 24ml prefilled, 5% nicotine, and USB\u2011C rechargeable 650mAh power. Shop at fumot.uk.\" \/>\n<meta property=\"og:url\" content=\"https:\/\/fumot.uk\/es\/product\/blueberry-storm-vozol-star-20000-puffs\/\" \/>\n<meta property=\"og:site_name\" content=\"Fumot Official Direct | Straight from the Factory, 100% Genuine\" \/>\n<meta property=\"article:modified_time\" content=\"2026-01-21T03:21:36+00:00\" \/>\n<meta property=\"og:image\" content=\"https:\/\/fumot.uk\/wp-content\/uploads\/2026\/01\/blueberry-storm-vozol-star-20000-disposable-vape.png\" \/>\n\t<meta property=\"og:image:width\" content=\"1170\" \/>\n\t<meta property=\"og:image:height\" content=\"1169\" \/>\n\t<meta property=\"og:image:type\" content=\"image\/png\" \/>\n<meta name=\"twitter:card\" content=\"summary_large_image\" \/>\n<meta name=\"twitter:label1\" content=\"Tiempo de lectura\" \/>\n\t<meta name=\"twitter:data1\" content=\"1 minuto\" \/>\n<script type=\"application\/ld+json\" class=\"yoast-schema-graph\">{\"@context\":\"https:\/\/schema.org\",\"@graph\":[{\"@type\":\"WebPage\",\"@id\":\"https:\/\/fumot.uk\/product\/blueberry-storm-vozol-star-20000-puffs\/\",\"url\":\"https:\/\/fumot.uk\/product\/blueberry-storm-vozol-star-20000-puffs\/\",\"name\":\"Vozol Star 20000 Blueberry Storm 5% (24ml) Vape\",\"isPartOf\":{\"@id\":\"https:\/\/fumot.uk\/#website\"},\"primaryImageOfPage\":{\"@id\":\"https:\/\/fumot.uk\/product\/blueberry-storm-vozol-star-20000-puffs\/#primaryimage\"},\"image\":{\"@id\":\"https:\/\/fumot.uk\/product\/blueberry-storm-vozol-star-20000-puffs\/#primaryimage\"},\"thumbnailUrl\":\"https:\/\/fumot.uk\/wp-content\/uploads\/2026\/01\/blueberry-storm-vozol-star-20000-disposable-vape.png\",\"datePublished\":\"2026-01-20T10:06:40+00:00\",\"dateModified\":\"2026-01-21T03:21:36+00:00\",\"description\":\"Vozol Star 20000 Puffs Blueberry Storm disposable vape: juicy blueberry with a cool finish, 24ml prefilled, 5% nicotine, dual mesh coils, LED display, 650mAh USB\u2011C rechargeable.\",\"breadcrumb\":{\"@id\":\"https:\/\/fumot.uk\/product\/blueberry-storm-vozol-star-20000-puffs\/#breadcrumb\"},\"inLanguage\":\"es\",\"potentialAction\":[{\"@type\":\"ReadAction\",\"target\":[\"https:\/\/fumot.uk\/product\/blueberry-storm-vozol-star-20000-puffs\/\"]}]},{\"@type\":\"ImageObject\",\"inLanguage\":\"es\",\"@id\":\"https:\/\/fumot.uk\/product\/blueberry-storm-vozol-star-20000-puffs\/#primaryimage\",\"url\":\"https:\/\/fumot.uk\/wp-content\/uploads\/2026\/01\/blueberry-storm-vozol-star-20000-disposable-vape.png\",\"contentUrl\":\"https:\/\/fumot.uk\/wp-content\/uploads\/2026\/01\/blueberry-storm-vozol-star-20000-disposable-vape.png\",\"width\":1170,\"height\":1169},{\"@type\":\"BreadcrumbList\",\"@id\":\"https:\/\/fumot.uk\/product\/blueberry-storm-vozol-star-20000-puffs\/#breadcrumb\",\"itemListElement\":[{\"@type\":\"ListItem\",\"position\":1,\"name\":\"Home\",\"item\":\"https:\/\/fumot.uk\/\"},{\"@type\":\"ListItem\",\"position\":2,\"name\":\"Shop\",\"item\":\"https:\/\/fumot.uk\/shop\/\"},{\"@type\":\"ListItem\",\"position\":3,\"name\":\"Vozol Star 20000 Puffs Blueberry Storm Disposable Vape (24ml, 5% Nicotine) \u2013 Dual Mesh Coils, LED Display, USB\u2011C Rechargeable\"}]},{\"@type\":\"WebSite\",\"@id\":\"https:\/\/fumot.uk\/#website\",\"url\":\"https:\/\/fumot.uk\/\",\"name\":\"Fumot Official Direct | Straight from the Factory, 100% Genuine\",\"description\":\"Official Website\",\"publisher\":{\"@id\":\"https:\/\/fumot.uk\/#organization\"},\"potentialAction\":[{\"@type\":\"SearchAction\",\"target\":{\"@type\":\"EntryPoint\",\"urlTemplate\":\"https:\/\/fumot.uk\/?s={search_term_string}\"},\"query-input\":{\"@type\":\"PropertyValueSpecification\",\"valueRequired\":true,\"valueName\":\"search_term_string\"}}],\"inLanguage\":\"es\"},{\"@type\":\"Organization\",\"@id\":\"https:\/\/fumot.uk\/#organization\",\"name\":\"Fumot Official Direct | Straight from the Factory, 100% Genuine\",\"url\":\"https:\/\/fumot.uk\/\",\"logo\":{\"@type\":\"ImageObject\",\"inLanguage\":\"es\",\"@id\":\"https:\/\/fumot.uk\/#\/schema\/logo\/image\/\",\"url\":\"https:\/\/fumot.uk\/wp-content\/uploads\/2026\/01\/cropped-fumot-logo1.png\",\"contentUrl\":\"https:\/\/fumot.uk\/wp-content\/uploads\/2026\/01\/cropped-fumot-logo1.png\",\"width\":152,\"height\":106,\"caption\":\"Fumot Official Direct | Straight from the Factory, 100% Genuine\"},\"image\":{\"@id\":\"https:\/\/fumot.uk\/#\/schema\/logo\/image\/\"}}]}<\/script>\n<!-- \/ Yoast SEO plugin. -->","yoast_head_json":{"title":"Vozol Star 20000 Tormenta de Ar\u00e1ndanos 5% (24ml) Vape","description":"Vozol Star 20000 Puffs Blueberry Storm vape desechable: ar\u00e1ndano jugoso con un acabado fresco, 24ml prellenado, 5% nicotina, bobinas de malla dual, pantalla LED, recargable USB\u2011C de 650mAh.","robots":{"index":"index","follow":"follow","max-snippet":"max-snippet:-1","max-image-preview":"max-image-preview:large","max-video-preview":"max-video-preview:-1"},"canonical":"https:\/\/fumot.uk\/es\/product\/blueberry-storm-vozol-star-20000-puffs\/","og_locale":"es_ES","og_type":"article","og_title":"Vozol Star 20000 Puffs \u2013 Blueberry Storm (24ml, 5%)","og_description":"Juicy blueberry taste with a crisp, cool finish. Dual mesh coils, LED display, 24ml prefilled, 5% nicotine, and USB\u2011C rechargeable 650mAh power. Shop at fumot.uk.","og_url":"https:\/\/fumot.uk\/es\/product\/blueberry-storm-vozol-star-20000-puffs\/","og_site_name":"Fumot Official Direct | Straight from the Factory, 100% Genuine","article_modified_time":"2026-01-21T03:21:36+00:00","og_image":[{"width":1170,"height":1169,"url":"https:\/\/fumot.uk\/wp-content\/uploads\/2026\/01\/blueberry-storm-vozol-star-20000-disposable-vape.png","type":"image\/png"}],"twitter_card":"summary_large_image","twitter_misc":{"Tiempo de lectura":"1 minuto"},"schema":{"@context":"https:\/\/schema.org","@graph":[{"@type":"WebPage","@id":"https:\/\/fumot.uk\/product\/blueberry-storm-vozol-star-20000-puffs\/","url":"https:\/\/fumot.uk\/product\/blueberry-storm-vozol-star-20000-puffs\/","name":"Vozol Star 20000 Tormenta de Ar\u00e1ndanos 5% (24ml) Vape","isPartOf":{"@id":"https:\/\/fumot.uk\/#website"},"primaryImageOfPage":{"@id":"https:\/\/fumot.uk\/product\/blueberry-storm-vozol-star-20000-puffs\/#primaryimage"},"image":{"@id":"https:\/\/fumot.uk\/product\/blueberry-storm-vozol-star-20000-puffs\/#primaryimage"},"thumbnailUrl":"https:\/\/fumot.uk\/wp-content\/uploads\/2026\/01\/blueberry-storm-vozol-star-20000-disposable-vape.png","datePublished":"2026-01-20T10:06:40+00:00","dateModified":"2026-01-21T03:21:36+00:00","description":"Vozol Star 20000 Puffs Blueberry Storm vape desechable: ar\u00e1ndano jugoso con un acabado fresco, 24ml prellenado, 5% nicotina, bobinas de malla dual, pantalla LED, recargable USB\u2011C de 650mAh.","breadcrumb":{"@id":"https:\/\/fumot.uk\/product\/blueberry-storm-vozol-star-20000-puffs\/#breadcrumb"},"inLanguage":"es","potentialAction":[{"@type":"ReadAction","target":["https:\/\/fumot.uk\/product\/blueberry-storm-vozol-star-20000-puffs\/"]}]},{"@type":"ImageObject","inLanguage":"es","@id":"https:\/\/fumot.uk\/product\/blueberry-storm-vozol-star-20000-puffs\/#primaryimage","url":"https:\/\/fumot.uk\/wp-content\/uploads\/2026\/01\/blueberry-storm-vozol-star-20000-disposable-vape.png","contentUrl":"https:\/\/fumot.uk\/wp-content\/uploads\/2026\/01\/blueberry-storm-vozol-star-20000-disposable-vape.png","width":1170,"height":1169},{"@type":"BreadcrumbList","@id":"https:\/\/fumot.uk\/product\/blueberry-storm-vozol-star-20000-puffs\/#breadcrumb","itemListElement":[{"@type":"ListItem","position":1,"name":"Home","item":"https:\/\/fumot.uk\/"},{"@type":"ListItem","position":2,"name":"Shop","item":"https:\/\/fumot.uk\/shop\/"},{"@type":"ListItem","position":3,"name":"Vozol Star 20000 Puffs Blueberry Storm Disposable Vape (24ml, 5% Nicotine) \u2013 Dual Mesh Coils, LED Display, USB\u2011C Rechargeable"}]},{"@type":"WebSite","@id":"https:\/\/fumot.uk\/#website","url":"https:\/\/fumot.uk\/","name":"Fumot Official Direct | Directo desde la f\u00e1brica, 100% Original","description":"Sitio Oficial","publisher":{"@id":"https:\/\/fumot.uk\/#organization"},"potentialAction":[{"@type":"SearchAction","target":{"@type":"EntryPoint","urlTemplate":"https:\/\/fumot.uk\/?s={search_term_string}"},"query-input":{"@type":"PropertyValueSpecification","valueRequired":true,"valueName":"search_term_string"}}],"inLanguage":"es"},{"@type":"Organization","@id":"https:\/\/fumot.uk\/#organization","name":"Fumot Official Direct | Directo desde la f\u00e1brica, 100% Original","url":"https:\/\/fumot.uk\/","logo":{"@type":"ImageObject","inLanguage":"es","@id":"https:\/\/fumot.uk\/#\/schema\/logo\/image\/","url":"https:\/\/fumot.uk\/wp-content\/uploads\/2026\/01\/cropped-fumot-logo1.png","contentUrl":"https:\/\/fumot.uk\/wp-content\/uploads\/2026\/01\/cropped-fumot-logo1.png","width":152,"height":106,"caption":"Fumot Official Direct | Straight from the Factory, 100% Genuine"},"image":{"@id":"https:\/\/fumot.uk\/#\/schema\/logo\/image\/"}}]}},"_links":{"self":[{"href":"https:\/\/fumot.uk\/es\/wp-json\/wp\/v2\/product\/3016","targetHints":{"allow":["GET"]}}],"collection":[{"href":"https:\/\/fumot.uk\/es\/wp-json\/wp\/v2\/product"}],"about":[{"href":"https:\/\/fumot.uk\/es\/wp-json\/wp\/v2\/types\/product"}],"replies":[{"embeddable":true,"href":"https:\/\/fumot.uk\/es\/wp-json\/wp\/v2\/comments?post=3016"}],"wp:featuredmedia":[{"embeddable":true,"href":"https:\/\/fumot.uk\/es\/wp-json\/wp\/v2\/media\/3061"}],"wp:attachment":[{"href":"https:\/\/fumot.uk\/es\/wp-json\/wp\/v2\/media?parent=3016"}],"wp:term":[{"taxonomy":"product_brand","embeddable":true,"href":"https:\/\/fumot.uk\/es\/wp-json\/wp\/v2\/product_brand?post=3016"},{"taxonomy":"product_cat","embeddable":true,"href":"https:\/\/fumot.uk\/es\/wp-json\/wp\/v2\/product_cat?post=3016"},{"taxonomy":"product_tag","embeddable":true,"href":"https:\/\/fumot.uk\/es\/wp-json\/wp\/v2\/product_tag?post=3016"}],"curies":[{"name":"wp","href":"https:\/\/api.w.org\/{rel}","templated":true}]}}