{"id":3015,"date":"2026-01-20T10:06:40","date_gmt":"2026-01-20T10:06:40","guid":{"rendered":"https:\/\/fumot.uk\/?post_type=product&#038;p=3015"},"modified":"2026-01-21T03:21:10","modified_gmt":"2026-01-21T03:21:10","slug":"waspe-triple-flavor-60000-puffs-blueberry-raspberry-blueberry-cotton-candy-double-apple-ice","status":"publish","type":"product","link":"https:\/\/fumot.uk\/es\/product\/waspe-triple-flavor-60000-puffs-blueberry-raspberry-blueberry-cotton-candy-double-apple-ice\/","title":{"rendered":"WASPE Triple Flavor 60000 Puffs Vape Desechable (54ml) \u2013 Ar\u00e1ndano Frambuesa \/ Algod\u00f3n de Az\u00facar de Ar\u00e1ndano \/ Hielo de Manzana Doble"},"content":{"rendered":"<h3>WASPE Triple Flavor 60000 Puffs \u2013 Tres Sabores, Una Rotaci\u00f3n Suave<\/h3>\n<p><strong>WASPE Triple Flavor 60000 Puffs \u2013 Ar\u00e1ndano Frambuesa &amp; Algod\u00f3n de Az\u00facar de Ar\u00e1ndano &amp; Doble Manzana Helada<\/strong> es de alta capacidad <strong>vape desechable 3 en 1<\/strong> dise\u00f1ado para variedad sin complicaciones. Con <strong>54ml de e-l\u00edquido<\/strong>, hasta <strong>60,000 caladas<\/strong> (dependiente del uso), y un <strong>selector de giro de tres c\u00e1maras<\/strong>, puedes cambiar de sabor en segundos. Un n\u00edtido <strong>pantalla LED<\/strong> te mantiene actualizado sobre los niveles de bater\u00eda y e-l\u00edquido, mientras que el <strong>Bater\u00eda recargable de 650mAh<\/strong> soporta <strong>carga r\u00e1pida Type\u2011C<\/strong> para un uso diario confiable.<\/p>\n<h4>Historia de Sabores: Ar\u00e1ndano Frambuesa \/ Algod\u00f3n de Az\u00facar de Ar\u00e1ndano \/ Doble Manzana Helada<\/h4>\n<ul>\n<li><strong>Ar\u00e1ndano Frambuesa:<\/strong> Dulzura brillante de ar\u00e1ndano equilibrada por un vivo toque de frambuesa\u2014jugoso y limpio.<\/li>\n<li><strong>Algod\u00f3n de Az\u00facar de Ar\u00e1ndano:<\/strong> Una suave base de bayas envuelta en una nota de caramelo nost\u00e1lgica y suave\u2014dulce pero no abrumador.<\/li>\n<li><strong>Manzana Doble Hielo:<\/strong> Capas de manzana crujiente con un acabado fresco para una exhalaci\u00f3n helada y refrescante.<\/li>\n<\/ul>\n<p>Este tr\u00edo se mueve de afrutado a dulce de caramelo a fresco helado\u2014ideal si te gusta que tus sesiones de vapeo se sientan diferentes a lo largo del d\u00eda.<\/p>\n<h4>Por Qu\u00e9 Te Gustar\u00e1 Este Desechable 3 en 1<\/h4>\n<ul>\n<li><strong>Cambio de sabor f\u00e1cil:<\/strong> El mecanismo de giro te permite cambiar entre las tres c\u00e1maras r\u00e1pidamente\u2014sin pasos complicados.<\/li>\n<li><strong>Consistencia Triple Mesh:<\/strong> <strong>0.9\u03a9 \u00d7 3 bobinas de malla<\/strong> ayudan a ofrecer un sabor constante y una calada suave en los tres sabores.<\/li>\n<li><strong>Pantalla LED inteligente:<\/strong> Indicador de bater\u00eda y e-l\u00edquido en tiempo real para menos sorpresas.<\/li>\n<li><strong>Comodidad recargable:<\/strong> <strong>bater\u00eda de 650mAh<\/strong> bater\u00eda con <strong>Tipo\u2011C<\/strong> carga te mantiene en marcha entre cargas.<\/li>\n<li><strong>Opciones de nicotina:<\/strong> Elige <strong>0%<\/strong>, <strong>2%<\/strong>, o <strong>5%<\/strong> para adaptarse a tu preferencia (la disponibilidad var\u00eda seg\u00fan la selecci\u00f3n).<\/li>\n<\/ul>\n<h4>Especificaciones<\/h4>\n<ul>\n<li><strong>Tipo de dispositivo:<\/strong> vape desechable 3 en 1 (recargable)<\/li>\n<li><strong>Caladas:<\/strong> Hasta 60,000 (dependiendo del uso)<\/li>\n<li><strong>Capacidad de E-L\u00edquido:<\/strong> 54ml<\/li>\n<li><strong>Bobina:<\/strong> Malla Triple 0.9\u03a9 \u00d7 3<\/li>\n<li><strong>Bater\u00eda:<\/strong> 650mAh recargable<\/li>\n<li><strong>Carga:<\/strong> carga r\u00e1pida Type\u2011C<\/li>\n<li><strong>Pantalla:<\/strong> Indicadores LED de bater\u00eda y e-l\u00edquido<\/li>\n<li><strong>Fuerzas de Nicotina:<\/strong> 0% \/ 2% \/ 5% (seleccionable)<\/li>\n<\/ul>\n<p><strong>Explora m\u00e1s<\/strong> desechables de 60000 caladas y vapes de m\u00faltiples sabores en <a href=\"https:\/\/fumot.uk\/es\/\">fumot.uk<\/a>.<\/p>","protected":false},"excerpt":{"rendered":"<p>WASPE Triple Flavor 60000 Puffs 3-en-1 vape desechable con 54ml de e-l\u00edquido, giro para cambiar sabores, pantalla LED, bater\u00eda recargable de 650mAh Tipo\u2011C, y opciones de nicotina (0%\/2%\/5%).<\/p>","protected":false},"featured_media":3060,"comment_status":"open","ping_status":"closed","template":"","meta":[],"product_brand":[],"product_cat":[115,17,168],"product_tag":[117,131,31,33,47,23,34,26,62,118,169,28],"class_list":{"0":"post-3015","1":"product","2":"type-product","3":"status-publish","4":"has-post-thumbnail","6":"product_cat-60000-puff","7":"product_cat-vape","8":"product_cat-waspe-triple-flavor-60000-puffs","9":"product_tag-54ml","10":"product_tag-650mah","11":"product_tag-apple","12":"product_tag-blueberry","13":"product_tag-candy","14":"product_tag-display","15":"product_tag-raspberry","16":"product_tag-rechargeable","17":"product_tag-sale-vape","18":"product_tag-triple-flavor","19":"product_tag-triple-mesh","20":"product_tag-type-c","22":"first","23":"instock","24":"sale","25":"shipping-taxable","26":"purchasable","27":"product-type-variable","28":"has-default-attributes"},"yoast_head":"<!-- This site is optimized with the Yoast SEO plugin v26.8 - https:\/\/yoast.com\/product\/yoast-seo-wordpress\/ -->\n<title>WASPE Triple Flavor 60000 Puffs \u2013 54ml 3-in-1 Vape<\/title>\n<meta name=\"description\" content=\"WASPE 60000 puff 3-in-1 disposable vape with 54ml e-liquid, triple mesh coils, LED display, 650mAh Type\u2011C recharge. Flavors: Blueberry Raspberry, Cotton Candy, Double Apple Ice.\" \/>\n<meta name=\"robots\" content=\"index, follow, max-snippet:-1, max-image-preview:large, max-video-preview:-1\" \/>\n<link rel=\"canonical\" href=\"https:\/\/fumot.uk\/es\/product\/waspe-triple-flavor-60000-puffs-blueberry-raspberry-blueberry-cotton-candy-double-apple-ice\/\" \/>\n<meta property=\"og:locale\" content=\"es_ES\" \/>\n<meta property=\"og:type\" content=\"article\" \/>\n<meta property=\"og:title\" content=\"WASPE Triple Flavor 60000 Puffs \u2013 Blueberry to Apple Ice\" \/>\n<meta property=\"og:description\" content=\"Switch between 3 flavors with a twist: Blueberry Raspberry, Blueberry Cotton Candy &amp; Double Apple Ice. 54ml, LED display, 650mAh Type\u2011C rechargeable.\" \/>\n<meta property=\"og:url\" content=\"https:\/\/fumot.uk\/es\/product\/waspe-triple-flavor-60000-puffs-blueberry-raspberry-blueberry-cotton-candy-double-apple-ice\/\" \/>\n<meta property=\"og:site_name\" content=\"Fumot Official Direct | Straight from the Factory, 100% Genuine\" \/>\n<meta property=\"article:modified_time\" content=\"2026-01-21T03:21:10+00:00\" \/>\n<meta property=\"og:image\" content=\"https:\/\/fumot.uk\/wp-content\/uploads\/2026\/01\/WASPE-3-IN-1-60000-PUFFS-Blueberry-Raspberry-Blueberry-Cotton-Candy-Double-Apple-Ice-Disposable-Vape.jpg\" \/>\n\t<meta property=\"og:image:width\" content=\"1200\" \/>\n\t<meta property=\"og:image:height\" content=\"1200\" \/>\n\t<meta property=\"og:image:type\" content=\"image\/jpeg\" \/>\n<meta name=\"twitter:card\" content=\"summary_large_image\" \/>\n<meta name=\"twitter:label1\" content=\"Tiempo de lectura\" \/>\n\t<meta name=\"twitter:data1\" content=\"3 minutos\" \/>\n<script type=\"application\/ld+json\" class=\"yoast-schema-graph\">{\"@context\":\"https:\/\/schema.org\",\"@graph\":[{\"@type\":\"WebPage\",\"@id\":\"https:\/\/fumot.uk\/product\/waspe-triple-flavor-60000-puffs-blueberry-raspberry-blueberry-cotton-candy-double-apple-ice\/\",\"url\":\"https:\/\/fumot.uk\/product\/waspe-triple-flavor-60000-puffs-blueberry-raspberry-blueberry-cotton-candy-double-apple-ice\/\",\"name\":\"WASPE Triple Flavor 60000 Puffs \u2013 54ml 3-in-1 Vape\",\"isPartOf\":{\"@id\":\"https:\/\/fumot.uk\/#website\"},\"primaryImageOfPage\":{\"@id\":\"https:\/\/fumot.uk\/product\/waspe-triple-flavor-60000-puffs-blueberry-raspberry-blueberry-cotton-candy-double-apple-ice\/#primaryimage\"},\"image\":{\"@id\":\"https:\/\/fumot.uk\/product\/waspe-triple-flavor-60000-puffs-blueberry-raspberry-blueberry-cotton-candy-double-apple-ice\/#primaryimage\"},\"thumbnailUrl\":\"https:\/\/fumot.uk\/wp-content\/uploads\/2026\/01\/WASPE-3-IN-1-60000-PUFFS-Blueberry-Raspberry-Blueberry-Cotton-Candy-Double-Apple-Ice-Disposable-Vape.jpg\",\"datePublished\":\"2026-01-20T10:06:40+00:00\",\"dateModified\":\"2026-01-21T03:21:10+00:00\",\"description\":\"WASPE 60000 puff 3-in-1 disposable vape with 54ml e-liquid, triple mesh coils, LED display, 650mAh Type\u2011C recharge. Flavors: Blueberry Raspberry, Cotton Candy, Double Apple Ice.\",\"breadcrumb\":{\"@id\":\"https:\/\/fumot.uk\/product\/waspe-triple-flavor-60000-puffs-blueberry-raspberry-blueberry-cotton-candy-double-apple-ice\/#breadcrumb\"},\"inLanguage\":\"es\",\"potentialAction\":[{\"@type\":\"ReadAction\",\"target\":[\"https:\/\/fumot.uk\/product\/waspe-triple-flavor-60000-puffs-blueberry-raspberry-blueberry-cotton-candy-double-apple-ice\/\"]}]},{\"@type\":\"ImageObject\",\"inLanguage\":\"es\",\"@id\":\"https:\/\/fumot.uk\/product\/waspe-triple-flavor-60000-puffs-blueberry-raspberry-blueberry-cotton-candy-double-apple-ice\/#primaryimage\",\"url\":\"https:\/\/fumot.uk\/wp-content\/uploads\/2026\/01\/WASPE-3-IN-1-60000-PUFFS-Blueberry-Raspberry-Blueberry-Cotton-Candy-Double-Apple-Ice-Disposable-Vape.jpg\",\"contentUrl\":\"https:\/\/fumot.uk\/wp-content\/uploads\/2026\/01\/WASPE-3-IN-1-60000-PUFFS-Blueberry-Raspberry-Blueberry-Cotton-Candy-Double-Apple-Ice-Disposable-Vape.jpg\",\"width\":1200,\"height\":1200},{\"@type\":\"BreadcrumbList\",\"@id\":\"https:\/\/fumot.uk\/product\/waspe-triple-flavor-60000-puffs-blueberry-raspberry-blueberry-cotton-candy-double-apple-ice\/#breadcrumb\",\"itemListElement\":[{\"@type\":\"ListItem\",\"position\":1,\"name\":\"Home\",\"item\":\"https:\/\/fumot.uk\/\"},{\"@type\":\"ListItem\",\"position\":2,\"name\":\"Shop\",\"item\":\"https:\/\/fumot.uk\/shop\/\"},{\"@type\":\"ListItem\",\"position\":3,\"name\":\"WASPE Triple Flavor 60000 Puffs Disposable Vape (54ml) \u2013 Blueberry Raspberry \/ Blueberry Cotton Candy \/ Double Apple Ice\"}]},{\"@type\":\"WebSite\",\"@id\":\"https:\/\/fumot.uk\/#website\",\"url\":\"https:\/\/fumot.uk\/\",\"name\":\"Fumot Official Direct | Straight from the Factory, 100% Genuine\",\"description\":\"Official Website\",\"publisher\":{\"@id\":\"https:\/\/fumot.uk\/#organization\"},\"potentialAction\":[{\"@type\":\"SearchAction\",\"target\":{\"@type\":\"EntryPoint\",\"urlTemplate\":\"https:\/\/fumot.uk\/?s={search_term_string}\"},\"query-input\":{\"@type\":\"PropertyValueSpecification\",\"valueRequired\":true,\"valueName\":\"search_term_string\"}}],\"inLanguage\":\"es\"},{\"@type\":\"Organization\",\"@id\":\"https:\/\/fumot.uk\/#organization\",\"name\":\"Fumot Official Direct | Straight from the Factory, 100% Genuine\",\"url\":\"https:\/\/fumot.uk\/\",\"logo\":{\"@type\":\"ImageObject\",\"inLanguage\":\"es\",\"@id\":\"https:\/\/fumot.uk\/#\/schema\/logo\/image\/\",\"url\":\"https:\/\/fumot.uk\/wp-content\/uploads\/2026\/01\/cropped-fumot-logo1.png\",\"contentUrl\":\"https:\/\/fumot.uk\/wp-content\/uploads\/2026\/01\/cropped-fumot-logo1.png\",\"width\":152,\"height\":106,\"caption\":\"Fumot Official Direct | Straight from the Factory, 100% Genuine\"},\"image\":{\"@id\":\"https:\/\/fumot.uk\/#\/schema\/logo\/image\/\"}}]}<\/script>\n<!-- \/ Yoast SEO plugin. -->","yoast_head_json":{"title":"WASPE Triple Sabor 60000 Caladas \u2013 54ml Vape 3-en-1","description":"WASPE 60000 puff 3-en-1 vape desechable con 54ml de e-l\u00edquido, triple bobina de malla, pantalla LED, recarga Type\u2011C de 650mAh. Sabores: Frambuesa Ar\u00e1ndano, Algod\u00f3n de Az\u00facar, Doble Manzana Hielo.","robots":{"index":"index","follow":"follow","max-snippet":"max-snippet:-1","max-image-preview":"max-image-preview:large","max-video-preview":"max-video-preview:-1"},"canonical":"https:\/\/fumot.uk\/es\/product\/waspe-triple-flavor-60000-puffs-blueberry-raspberry-blueberry-cotton-candy-double-apple-ice\/","og_locale":"es_ES","og_type":"article","og_title":"WASPE Triple Flavor 60000 Puffs \u2013 Blueberry to Apple Ice","og_description":"Switch between 3 flavors with a twist: Blueberry Raspberry, Blueberry Cotton Candy & Double Apple Ice. 54ml, LED display, 650mAh Type\u2011C rechargeable.","og_url":"https:\/\/fumot.uk\/es\/product\/waspe-triple-flavor-60000-puffs-blueberry-raspberry-blueberry-cotton-candy-double-apple-ice\/","og_site_name":"Fumot Official Direct | Straight from the Factory, 100% Genuine","article_modified_time":"2026-01-21T03:21:10+00:00","og_image":[{"width":1200,"height":1200,"url":"https:\/\/fumot.uk\/wp-content\/uploads\/2026\/01\/WASPE-3-IN-1-60000-PUFFS-Blueberry-Raspberry-Blueberry-Cotton-Candy-Double-Apple-Ice-Disposable-Vape.jpg","type":"image\/jpeg"}],"twitter_card":"summary_large_image","twitter_misc":{"Tiempo de lectura":"3 minutos"},"schema":{"@context":"https:\/\/schema.org","@graph":[{"@type":"WebPage","@id":"https:\/\/fumot.uk\/product\/waspe-triple-flavor-60000-puffs-blueberry-raspberry-blueberry-cotton-candy-double-apple-ice\/","url":"https:\/\/fumot.uk\/product\/waspe-triple-flavor-60000-puffs-blueberry-raspberry-blueberry-cotton-candy-double-apple-ice\/","name":"WASPE Triple Sabor 60000 Caladas \u2013 54ml Vape 3-en-1","isPartOf":{"@id":"https:\/\/fumot.uk\/#website"},"primaryImageOfPage":{"@id":"https:\/\/fumot.uk\/product\/waspe-triple-flavor-60000-puffs-blueberry-raspberry-blueberry-cotton-candy-double-apple-ice\/#primaryimage"},"image":{"@id":"https:\/\/fumot.uk\/product\/waspe-triple-flavor-60000-puffs-blueberry-raspberry-blueberry-cotton-candy-double-apple-ice\/#primaryimage"},"thumbnailUrl":"https:\/\/fumot.uk\/wp-content\/uploads\/2026\/01\/WASPE-3-IN-1-60000-PUFFS-Blueberry-Raspberry-Blueberry-Cotton-Candy-Double-Apple-Ice-Disposable-Vape.jpg","datePublished":"2026-01-20T10:06:40+00:00","dateModified":"2026-01-21T03:21:10+00:00","description":"WASPE 60000 puff 3-en-1 vape desechable con 54ml de e-l\u00edquido, triple bobina de malla, pantalla LED, recarga Type\u2011C de 650mAh. Sabores: Frambuesa Ar\u00e1ndano, Algod\u00f3n de Az\u00facar, Doble Manzana Hielo.","breadcrumb":{"@id":"https:\/\/fumot.uk\/product\/waspe-triple-flavor-60000-puffs-blueberry-raspberry-blueberry-cotton-candy-double-apple-ice\/#breadcrumb"},"inLanguage":"es","potentialAction":[{"@type":"ReadAction","target":["https:\/\/fumot.uk\/product\/waspe-triple-flavor-60000-puffs-blueberry-raspberry-blueberry-cotton-candy-double-apple-ice\/"]}]},{"@type":"ImageObject","inLanguage":"es","@id":"https:\/\/fumot.uk\/product\/waspe-triple-flavor-60000-puffs-blueberry-raspberry-blueberry-cotton-candy-double-apple-ice\/#primaryimage","url":"https:\/\/fumot.uk\/wp-content\/uploads\/2026\/01\/WASPE-3-IN-1-60000-PUFFS-Blueberry-Raspberry-Blueberry-Cotton-Candy-Double-Apple-Ice-Disposable-Vape.jpg","contentUrl":"https:\/\/fumot.uk\/wp-content\/uploads\/2026\/01\/WASPE-3-IN-1-60000-PUFFS-Blueberry-Raspberry-Blueberry-Cotton-Candy-Double-Apple-Ice-Disposable-Vape.jpg","width":1200,"height":1200},{"@type":"BreadcrumbList","@id":"https:\/\/fumot.uk\/product\/waspe-triple-flavor-60000-puffs-blueberry-raspberry-blueberry-cotton-candy-double-apple-ice\/#breadcrumb","itemListElement":[{"@type":"ListItem","position":1,"name":"Home","item":"https:\/\/fumot.uk\/"},{"@type":"ListItem","position":2,"name":"Shop","item":"https:\/\/fumot.uk\/shop\/"},{"@type":"ListItem","position":3,"name":"WASPE Triple Flavor 60000 Puffs Disposable Vape (54ml) \u2013 Blueberry Raspberry \/ Blueberry Cotton Candy \/ Double Apple Ice"}]},{"@type":"WebSite","@id":"https:\/\/fumot.uk\/#website","url":"https:\/\/fumot.uk\/","name":"Fumot Official Direct | Directo desde la f\u00e1brica, 100% Original","description":"Sitio Oficial","publisher":{"@id":"https:\/\/fumot.uk\/#organization"},"potentialAction":[{"@type":"SearchAction","target":{"@type":"EntryPoint","urlTemplate":"https:\/\/fumot.uk\/?s={search_term_string}"},"query-input":{"@type":"PropertyValueSpecification","valueRequired":true,"valueName":"search_term_string"}}],"inLanguage":"es"},{"@type":"Organization","@id":"https:\/\/fumot.uk\/#organization","name":"Fumot Official Direct | Directo desde la f\u00e1brica, 100% Original","url":"https:\/\/fumot.uk\/","logo":{"@type":"ImageObject","inLanguage":"es","@id":"https:\/\/fumot.uk\/#\/schema\/logo\/image\/","url":"https:\/\/fumot.uk\/wp-content\/uploads\/2026\/01\/cropped-fumot-logo1.png","contentUrl":"https:\/\/fumot.uk\/wp-content\/uploads\/2026\/01\/cropped-fumot-logo1.png","width":152,"height":106,"caption":"Fumot Official Direct | Straight from the Factory, 100% Genuine"},"image":{"@id":"https:\/\/fumot.uk\/#\/schema\/logo\/image\/"}}]}},"_links":{"self":[{"href":"https:\/\/fumot.uk\/es\/wp-json\/wp\/v2\/product\/3015","targetHints":{"allow":["GET"]}}],"collection":[{"href":"https:\/\/fumot.uk\/es\/wp-json\/wp\/v2\/product"}],"about":[{"href":"https:\/\/fumot.uk\/es\/wp-json\/wp\/v2\/types\/product"}],"replies":[{"embeddable":true,"href":"https:\/\/fumot.uk\/es\/wp-json\/wp\/v2\/comments?post=3015"}],"wp:featuredmedia":[{"embeddable":true,"href":"https:\/\/fumot.uk\/es\/wp-json\/wp\/v2\/media\/3060"}],"wp:attachment":[{"href":"https:\/\/fumot.uk\/es\/wp-json\/wp\/v2\/media?parent=3015"}],"wp:term":[{"taxonomy":"product_brand","embeddable":true,"href":"https:\/\/fumot.uk\/es\/wp-json\/wp\/v2\/product_brand?post=3015"},{"taxonomy":"product_cat","embeddable":true,"href":"https:\/\/fumot.uk\/es\/wp-json\/wp\/v2\/product_cat?post=3015"},{"taxonomy":"product_tag","embeddable":true,"href":"https:\/\/fumot.uk\/es\/wp-json\/wp\/v2\/product_tag?post=3015"}],"curies":[{"name":"wp","href":"https:\/\/api.w.org\/{rel}","templated":true}]}}