{"id":3014,"date":"2026-01-20T10:06:40","date_gmt":"2026-01-20T10:06:40","guid":{"rendered":"https:\/\/fumot.uk\/?post_type=product&#038;p=3014"},"modified":"2026-01-21T03:20:41","modified_gmt":"2026-01-21T03:20:41","slug":"waspe-triple-flavor-60000-puffs-cherry-cola-ice-strawberry-cola-cola-ice","status":"publish","type":"product","link":"https:\/\/fumot.uk\/es\/product\/waspe-triple-flavor-60000-puffs-cherry-cola-ice-strawberry-cola-cola-ice\/","title":{"rendered":"WASPE Triple Flavor 60000 Puffs Vape Desechable \u2013 Hielo de Cereza y Cola \/ Fresa y Cola \/ Hielo de Cola (54ml, Pantalla LED, Recargable USB-C)"},"content":{"rendered":"<h3>WASPE Triple Flavor 60000 Puffs \u2013 Tres Sabores Inspirados en Cola, Un Dispositivo Inteligente<\/h3>\n<p><strong>WASPE Triple Flavor 60000 Puffs \u2013 Cherry Cola Ice &amp; Strawberry Cola &amp; Cola Ice<\/strong> est\u00e1 dise\u00f1ado para vapeadores que quieren variedad sin cambiar de dispositivo. Presenta un innovador <strong>dise\u00f1o de 3 c\u00e1maras<\/strong> con <strong>tres bobinas de malla separadas de 0.9\u03a9<\/strong>, puedes cambiar de sabor instant\u00e1neamente usando el <strong>selector giratorio<\/strong>. Con una generosa <strong>capacidad de 54ml de e-l\u00edquido<\/strong>, un <strong>Bater\u00eda recargable de 650mAh<\/strong>, <strong>Carga r\u00e1pida USB Tipo-C<\/strong>, y un claro <strong>pantalla LED<\/strong> para niveles de bater\u00eda y l\u00edquido, est\u00e1 dise\u00f1ado para conveniencia constante, todos los d\u00edas.<\/p>\n<h4>Tr\u00edo de Sabores: Cherry Cola Ice \/ Strawberry Cola \/ Cola Ice<\/h4>\n<p>Esta l\u00ednea celebra la cl\u00e1sica vibra de cola en tres direcciones refrescantes:<\/p>\n<ul>\n<li><strong>Cherry Cola Ice<\/strong> \u2013 car\u00e1cter de cola efervescente con un acabado fresco de cereza.<\/li>\n<li><strong>Strawberry Cola<\/strong> \u2013 fresa dulce y afrutada sobre notas suaves de cola.<\/li>\n<li><strong>Cola Hielo<\/strong> \u2013 sabor limpio y cl\u00e1sico de cola con un toque helado para una calada extra refrescante.<\/li>\n<\/ul>\n<p>\u00bfPrefieres explorar m\u00e1s sabores como este? Navega m\u00e1s opciones en <a href=\"https:\/\/fumot.uk\/es\/\" target=\"_blank\" rel=\"noopener\">fumot.uk<\/a>.<\/p>\n<h4>Por qu\u00e9 te gustar\u00e1<\/h4>\n<ul>\n<li><strong>Cambio de sabor 3-en-1 con giro<\/strong> \u2013 gira para cambiar de sabor en cualquier momento.<\/li>\n<li><strong>Triple bobina de malla de 0.9\u03a9<\/strong> \u2013 calentamiento estable y sabor limpio y consistente.<\/li>\n<li><strong>Hasta 60,000 caladas<\/strong> \u2013 uso prolongado respaldado por un gran volumen de e-l\u00edquido.<\/li>\n<li><strong>capacidad de 54ml de e-l\u00edquido<\/strong> \u2013 menos interrupciones, m\u00e1s sesiones ininterrumpidas.<\/li>\n<li><strong>pantalla LED<\/strong> \u2013 revisi\u00f3n r\u00e1pida de niveles de bater\u00eda y e-l\u00edquido de un vistazo.<\/li>\n<li><strong>Bater\u00eda recargable de 650mAh<\/strong> + <strong>carga r\u00e1pida USB-C<\/strong> \u2013 potencia pr\u00e1ctica para llevar diariamente.<\/li>\n<li><strong>Opciones de nicotina<\/strong> \u2013 disponible en <strong>0%<\/strong>, <strong>2%<\/strong>, y <strong>5%<\/strong> para adaptarse a diferentes preferencias.<\/li>\n<\/ul>\n<h4>Especificaciones<\/h4>\n<ul>\n<li><strong>Tipo:<\/strong> Vape desechable (recargable)<\/li>\n<li><strong>Caladas:<\/strong> Hasta 60,000<\/li>\n<li><strong>Sistema de Sabores:<\/strong> Triple sabor \/ 3 c\u00e1maras<\/li>\n<li><strong>Resistencias:<\/strong> Bobina de Malla de 0.9\u03a9 \u00d7 3<\/li>\n<li><strong>850mAh (recargable)<\/strong> 54ml<\/li>\n<li><strong>Bater\u00eda:<\/strong> 650mAh (integrado)<\/li>\n<li><strong>Carga:<\/strong> USB Tipo-C<\/li>\n<li><strong>Pantalla:<\/strong> LED (indicadores de bater\u00eda y e-l\u00edquido)<\/li>\n<li><strong>Fuerza de Nicotina:<\/strong> 0% \/ 2% \/ 5% (las opciones var\u00edan seg\u00fan la selecci\u00f3n)<\/li>\n<\/ul>\n<p><strong>Consejo:<\/strong> Si disfrutas de perfiles de cola, esta configuraci\u00f3n de triple sabor es una excelente manera de mantener tu gusto fresco durante todo el d\u00eda: cambia de la cl\u00e1sica cola helada a la fresa afrutada, luego termina con cereza fr\u00eda cuando quieras.<\/p>","protected":false},"excerpt":{"rendered":"<p>WASPE Triple Flavor 60000 Puffs vape desechable con Cherry Cola Ice, Strawberry Cola &amp; Cola Ice. 54ml, triple bobinas de malla de 0.9\u03a9, interruptor de sabor giratorio, pantalla LED, recargable USB-C de 650mAh.<\/p>","protected":false},"featured_media":3059,"comment_status":"open","ping_status":"closed","template":"","meta":[],"product_brand":[],"product_cat":[115,17,168],"product_tag":[117,131,36,40,23,29,26,62,37,118,169,28],"class_list":{"0":"post-3014","1":"product","2":"type-product","3":"status-publish","4":"has-post-thumbnail","6":"product_cat-60000-puff","7":"product_cat-vape","8":"product_cat-waspe-triple-flavor-60000-puffs","9":"product_tag-54ml","10":"product_tag-650mah","11":"product_tag-cherry","12":"product_tag-cola","13":"product_tag-display","14":"product_tag-ice","15":"product_tag-rechargeable","16":"product_tag-sale-vape","17":"product_tag-strawberry","18":"product_tag-triple-flavor","19":"product_tag-triple-mesh","20":"product_tag-type-c","22":"first","23":"instock","24":"sale","25":"shipping-taxable","26":"purchasable","27":"product-type-variable","28":"has-default-attributes"},"yoast_head":"<!-- This site is optimized with the Yoast SEO plugin v26.8 - https:\/\/yoast.com\/product\/yoast-seo-wordpress\/ -->\n<title>WASPE Triple Flavor 60000 Puffs Cherry Cola Ice<\/title>\n<meta name=\"description\" content=\"WASPE Triple Flavor 60000 Puffs: Cherry Cola Ice, Strawberry Cola &amp; Cola Ice. 54ml, triple 0.9\u03a9 mesh coils, LED display, 650mAh USB-C rechargeable.\" \/>\n<meta name=\"robots\" content=\"index, follow, max-snippet:-1, max-image-preview:large, max-video-preview:-1\" \/>\n<link rel=\"canonical\" href=\"https:\/\/fumot.uk\/es\/product\/waspe-triple-flavor-60000-puffs-cherry-cola-ice-strawberry-cola-cola-ice\/\" \/>\n<meta property=\"og:locale\" content=\"es_ES\" \/>\n<meta property=\"og:type\" content=\"article\" \/>\n<meta property=\"og:title\" content=\"WASPE Triple Flavor 60000 Puffs \u2013 3 Cola Flavors in 1\" \/>\n<meta property=\"og:description\" content=\"Switch between Cherry Cola Ice, Strawberry Cola and Cola Ice with a twist. 54ml, triple mesh coils, LED display, 650mAh USB-C rechargeable.\" \/>\n<meta property=\"og:url\" content=\"https:\/\/fumot.uk\/es\/product\/waspe-triple-flavor-60000-puffs-cherry-cola-ice-strawberry-cola-cola-ice\/\" \/>\n<meta property=\"og:site_name\" content=\"Fumot Official Direct | Straight from the Factory, 100% Genuine\" \/>\n<meta property=\"article:modified_time\" content=\"2026-01-21T03:20:41+00:00\" \/>\n<meta property=\"og:image\" content=\"https:\/\/fumot.uk\/wp-content\/uploads\/2026\/01\/WASPE-3-IN-1-60000-PUFFS_Cherry-Cola-Ice-Strawberry-Cola-Cola-Ice-Disposable-Vape.jpg\" \/>\n\t<meta property=\"og:image:width\" content=\"1200\" \/>\n\t<meta property=\"og:image:height\" content=\"1200\" \/>\n\t<meta property=\"og:image:type\" content=\"image\/jpeg\" \/>\n<meta name=\"twitter:card\" content=\"summary_large_image\" \/>\n<meta name=\"twitter:label1\" content=\"Tiempo de lectura\" \/>\n\t<meta name=\"twitter:data1\" content=\"3 minutos\" \/>\n<script type=\"application\/ld+json\" class=\"yoast-schema-graph\">{\"@context\":\"https:\/\/schema.org\",\"@graph\":[{\"@type\":\"WebPage\",\"@id\":\"https:\/\/fumot.uk\/product\/waspe-triple-flavor-60000-puffs-cherry-cola-ice-strawberry-cola-cola-ice\/\",\"url\":\"https:\/\/fumot.uk\/product\/waspe-triple-flavor-60000-puffs-cherry-cola-ice-strawberry-cola-cola-ice\/\",\"name\":\"WASPE Triple Flavor 60000 Puffs Cherry Cola Ice\",\"isPartOf\":{\"@id\":\"https:\/\/fumot.uk\/#website\"},\"primaryImageOfPage\":{\"@id\":\"https:\/\/fumot.uk\/product\/waspe-triple-flavor-60000-puffs-cherry-cola-ice-strawberry-cola-cola-ice\/#primaryimage\"},\"image\":{\"@id\":\"https:\/\/fumot.uk\/product\/waspe-triple-flavor-60000-puffs-cherry-cola-ice-strawberry-cola-cola-ice\/#primaryimage\"},\"thumbnailUrl\":\"https:\/\/fumot.uk\/wp-content\/uploads\/2026\/01\/WASPE-3-IN-1-60000-PUFFS_Cherry-Cola-Ice-Strawberry-Cola-Cola-Ice-Disposable-Vape.jpg\",\"datePublished\":\"2026-01-20T10:06:40+00:00\",\"dateModified\":\"2026-01-21T03:20:41+00:00\",\"description\":\"WASPE Triple Flavor 60000 Puffs: Cherry Cola Ice, Strawberry Cola & Cola Ice. 54ml, triple 0.9\u03a9 mesh coils, LED display, 650mAh USB-C rechargeable.\",\"breadcrumb\":{\"@id\":\"https:\/\/fumot.uk\/product\/waspe-triple-flavor-60000-puffs-cherry-cola-ice-strawberry-cola-cola-ice\/#breadcrumb\"},\"inLanguage\":\"es\",\"potentialAction\":[{\"@type\":\"ReadAction\",\"target\":[\"https:\/\/fumot.uk\/product\/waspe-triple-flavor-60000-puffs-cherry-cola-ice-strawberry-cola-cola-ice\/\"]}]},{\"@type\":\"ImageObject\",\"inLanguage\":\"es\",\"@id\":\"https:\/\/fumot.uk\/product\/waspe-triple-flavor-60000-puffs-cherry-cola-ice-strawberry-cola-cola-ice\/#primaryimage\",\"url\":\"https:\/\/fumot.uk\/wp-content\/uploads\/2026\/01\/WASPE-3-IN-1-60000-PUFFS_Cherry-Cola-Ice-Strawberry-Cola-Cola-Ice-Disposable-Vape.jpg\",\"contentUrl\":\"https:\/\/fumot.uk\/wp-content\/uploads\/2026\/01\/WASPE-3-IN-1-60000-PUFFS_Cherry-Cola-Ice-Strawberry-Cola-Cola-Ice-Disposable-Vape.jpg\",\"width\":1200,\"height\":1200},{\"@type\":\"BreadcrumbList\",\"@id\":\"https:\/\/fumot.uk\/product\/waspe-triple-flavor-60000-puffs-cherry-cola-ice-strawberry-cola-cola-ice\/#breadcrumb\",\"itemListElement\":[{\"@type\":\"ListItem\",\"position\":1,\"name\":\"Home\",\"item\":\"https:\/\/fumot.uk\/\"},{\"@type\":\"ListItem\",\"position\":2,\"name\":\"Shop\",\"item\":\"https:\/\/fumot.uk\/shop\/\"},{\"@type\":\"ListItem\",\"position\":3,\"name\":\"WASPE Triple Flavor 60000 Puffs Disposable Vape \u2013 Cherry Cola Ice \/ Strawberry Cola \/ Cola Ice (54ml, LED Display, USB-C Rechargeable)\"}]},{\"@type\":\"WebSite\",\"@id\":\"https:\/\/fumot.uk\/#website\",\"url\":\"https:\/\/fumot.uk\/\",\"name\":\"Fumot Official Direct | Straight from the Factory, 100% Genuine\",\"description\":\"Official Website\",\"publisher\":{\"@id\":\"https:\/\/fumot.uk\/#organization\"},\"potentialAction\":[{\"@type\":\"SearchAction\",\"target\":{\"@type\":\"EntryPoint\",\"urlTemplate\":\"https:\/\/fumot.uk\/?s={search_term_string}\"},\"query-input\":{\"@type\":\"PropertyValueSpecification\",\"valueRequired\":true,\"valueName\":\"search_term_string\"}}],\"inLanguage\":\"es\"},{\"@type\":\"Organization\",\"@id\":\"https:\/\/fumot.uk\/#organization\",\"name\":\"Fumot Official Direct | Straight from the Factory, 100% Genuine\",\"url\":\"https:\/\/fumot.uk\/\",\"logo\":{\"@type\":\"ImageObject\",\"inLanguage\":\"es\",\"@id\":\"https:\/\/fumot.uk\/#\/schema\/logo\/image\/\",\"url\":\"https:\/\/fumot.uk\/wp-content\/uploads\/2026\/01\/cropped-fumot-logo1.png\",\"contentUrl\":\"https:\/\/fumot.uk\/wp-content\/uploads\/2026\/01\/cropped-fumot-logo1.png\",\"width\":152,\"height\":106,\"caption\":\"Fumot Official Direct | Straight from the Factory, 100% Genuine\"},\"image\":{\"@id\":\"https:\/\/fumot.uk\/#\/schema\/logo\/image\/\"}}]}<\/script>\n<!-- \/ Yoast SEO plugin. -->","yoast_head_json":{"title":"WASPE Triple Flavor 60000 Puffs Hielo de Cereza y Cola","description":"WASPE Triple Flavor 60000 Puffs: Cereza Cola Hielo, Fresa Cola &amp; Cola Hielo. 54ml, triple bobinas de malla de 0.9\u03a9, pantalla LED, recargable USB-C de 650mAh.","robots":{"index":"index","follow":"follow","max-snippet":"max-snippet:-1","max-image-preview":"max-image-preview:large","max-video-preview":"max-video-preview:-1"},"canonical":"https:\/\/fumot.uk\/es\/product\/waspe-triple-flavor-60000-puffs-cherry-cola-ice-strawberry-cola-cola-ice\/","og_locale":"es_ES","og_type":"article","og_title":"WASPE Triple Flavor 60000 Puffs \u2013 3 Cola Flavors in 1","og_description":"Switch between Cherry Cola Ice, Strawberry Cola and Cola Ice with a twist. 54ml, triple mesh coils, LED display, 650mAh USB-C rechargeable.","og_url":"https:\/\/fumot.uk\/es\/product\/waspe-triple-flavor-60000-puffs-cherry-cola-ice-strawberry-cola-cola-ice\/","og_site_name":"Fumot Official Direct | Straight from the Factory, 100% Genuine","article_modified_time":"2026-01-21T03:20:41+00:00","og_image":[{"width":1200,"height":1200,"url":"https:\/\/fumot.uk\/wp-content\/uploads\/2026\/01\/WASPE-3-IN-1-60000-PUFFS_Cherry-Cola-Ice-Strawberry-Cola-Cola-Ice-Disposable-Vape.jpg","type":"image\/jpeg"}],"twitter_card":"summary_large_image","twitter_misc":{"Tiempo de lectura":"3 minutos"},"schema":{"@context":"https:\/\/schema.org","@graph":[{"@type":"WebPage","@id":"https:\/\/fumot.uk\/product\/waspe-triple-flavor-60000-puffs-cherry-cola-ice-strawberry-cola-cola-ice\/","url":"https:\/\/fumot.uk\/product\/waspe-triple-flavor-60000-puffs-cherry-cola-ice-strawberry-cola-cola-ice\/","name":"WASPE Triple Flavor 60000 Puffs Hielo de Cereza y Cola","isPartOf":{"@id":"https:\/\/fumot.uk\/#website"},"primaryImageOfPage":{"@id":"https:\/\/fumot.uk\/product\/waspe-triple-flavor-60000-puffs-cherry-cola-ice-strawberry-cola-cola-ice\/#primaryimage"},"image":{"@id":"https:\/\/fumot.uk\/product\/waspe-triple-flavor-60000-puffs-cherry-cola-ice-strawberry-cola-cola-ice\/#primaryimage"},"thumbnailUrl":"https:\/\/fumot.uk\/wp-content\/uploads\/2026\/01\/WASPE-3-IN-1-60000-PUFFS_Cherry-Cola-Ice-Strawberry-Cola-Cola-Ice-Disposable-Vape.jpg","datePublished":"2026-01-20T10:06:40+00:00","dateModified":"2026-01-21T03:20:41+00:00","description":"WASPE Triple Flavor 60000 Puffs: Cereza Cola Hielo, Fresa Cola &amp; Cola Hielo. 54ml, triple bobinas de malla de 0.9\u03a9, pantalla LED, recargable USB-C de 650mAh.","breadcrumb":{"@id":"https:\/\/fumot.uk\/product\/waspe-triple-flavor-60000-puffs-cherry-cola-ice-strawberry-cola-cola-ice\/#breadcrumb"},"inLanguage":"es","potentialAction":[{"@type":"ReadAction","target":["https:\/\/fumot.uk\/product\/waspe-triple-flavor-60000-puffs-cherry-cola-ice-strawberry-cola-cola-ice\/"]}]},{"@type":"ImageObject","inLanguage":"es","@id":"https:\/\/fumot.uk\/product\/waspe-triple-flavor-60000-puffs-cherry-cola-ice-strawberry-cola-cola-ice\/#primaryimage","url":"https:\/\/fumot.uk\/wp-content\/uploads\/2026\/01\/WASPE-3-IN-1-60000-PUFFS_Cherry-Cola-Ice-Strawberry-Cola-Cola-Ice-Disposable-Vape.jpg","contentUrl":"https:\/\/fumot.uk\/wp-content\/uploads\/2026\/01\/WASPE-3-IN-1-60000-PUFFS_Cherry-Cola-Ice-Strawberry-Cola-Cola-Ice-Disposable-Vape.jpg","width":1200,"height":1200},{"@type":"BreadcrumbList","@id":"https:\/\/fumot.uk\/product\/waspe-triple-flavor-60000-puffs-cherry-cola-ice-strawberry-cola-cola-ice\/#breadcrumb","itemListElement":[{"@type":"ListItem","position":1,"name":"Home","item":"https:\/\/fumot.uk\/"},{"@type":"ListItem","position":2,"name":"Shop","item":"https:\/\/fumot.uk\/shop\/"},{"@type":"ListItem","position":3,"name":"WASPE Triple Flavor 60000 Puffs Disposable Vape \u2013 Cherry Cola Ice \/ Strawberry Cola \/ Cola Ice (54ml, LED Display, USB-C Rechargeable)"}]},{"@type":"WebSite","@id":"https:\/\/fumot.uk\/#website","url":"https:\/\/fumot.uk\/","name":"Fumot Official Direct | Directo desde la f\u00e1brica, 100% Original","description":"Sitio Oficial","publisher":{"@id":"https:\/\/fumot.uk\/#organization"},"potentialAction":[{"@type":"SearchAction","target":{"@type":"EntryPoint","urlTemplate":"https:\/\/fumot.uk\/?s={search_term_string}"},"query-input":{"@type":"PropertyValueSpecification","valueRequired":true,"valueName":"search_term_string"}}],"inLanguage":"es"},{"@type":"Organization","@id":"https:\/\/fumot.uk\/#organization","name":"Fumot Official Direct | Directo desde la f\u00e1brica, 100% Original","url":"https:\/\/fumot.uk\/","logo":{"@type":"ImageObject","inLanguage":"es","@id":"https:\/\/fumot.uk\/#\/schema\/logo\/image\/","url":"https:\/\/fumot.uk\/wp-content\/uploads\/2026\/01\/cropped-fumot-logo1.png","contentUrl":"https:\/\/fumot.uk\/wp-content\/uploads\/2026\/01\/cropped-fumot-logo1.png","width":152,"height":106,"caption":"Fumot Official Direct | Straight from the Factory, 100% Genuine"},"image":{"@id":"https:\/\/fumot.uk\/#\/schema\/logo\/image\/"}}]}},"_links":{"self":[{"href":"https:\/\/fumot.uk\/es\/wp-json\/wp\/v2\/product\/3014","targetHints":{"allow":["GET"]}}],"collection":[{"href":"https:\/\/fumot.uk\/es\/wp-json\/wp\/v2\/product"}],"about":[{"href":"https:\/\/fumot.uk\/es\/wp-json\/wp\/v2\/types\/product"}],"replies":[{"embeddable":true,"href":"https:\/\/fumot.uk\/es\/wp-json\/wp\/v2\/comments?post=3014"}],"wp:featuredmedia":[{"embeddable":true,"href":"https:\/\/fumot.uk\/es\/wp-json\/wp\/v2\/media\/3059"}],"wp:attachment":[{"href":"https:\/\/fumot.uk\/es\/wp-json\/wp\/v2\/media?parent=3014"}],"wp:term":[{"taxonomy":"product_brand","embeddable":true,"href":"https:\/\/fumot.uk\/es\/wp-json\/wp\/v2\/product_brand?post=3014"},{"taxonomy":"product_cat","embeddable":true,"href":"https:\/\/fumot.uk\/es\/wp-json\/wp\/v2\/product_cat?post=3014"},{"taxonomy":"product_tag","embeddable":true,"href":"https:\/\/fumot.uk\/es\/wp-json\/wp\/v2\/product_tag?post=3014"}],"curies":[{"name":"wp","href":"https:\/\/api.w.org\/{rel}","templated":true}]}}