{"id":2984,"date":"2026-01-20T10:06:14","date_gmt":"2026-01-20T10:06:14","guid":{"rendered":"https:\/\/fumot.uk\/?post_type=product&#038;p=2984"},"modified":"2026-01-21T03:33:41","modified_gmt":"2026-01-21T03:33:41","slug":"peach-lce-watermelon-mango-peach-waspe-crystal-double-flavors-40k-puffs","status":"publish","type":"product","link":"https:\/\/fumot.uk\/es\/product\/peach-lce-watermelon-mango-peach-waspe-crystal-double-flavors-40k-puffs\/","title":{"rendered":"WASPE Crystal Doble Sabores 40K Puffs Vape Desechable \u2013 Hielo de Durazno &amp; Sand\u00eda Mango Durazno (32ml, Pantalla LED, USB\u2011C)"},"content":{"rendered":"<h2>WASPE Crystal Doble Sabores 40K Puffs \u2013 Hielo de Durazno &amp; Sand\u00eda Mango Durazno<\/h2>\n<p>Conoce una combinaci\u00f3n de sabores hecha para variedad todo el d\u00eda: <strong>Hielo de Durazno<\/strong> para un acabado limpio y fresco de durazno, y <strong>Sand\u00eda Mango Melocot\u00f3n<\/strong> para una mezcla tropical jugosa con dulzura suave. El <strong>WASPE Crystal Doble Sabores 40K Puffs<\/strong> presenta un conveniente <strong>interruptor de doble sabor<\/strong>, para que puedas cambiar el sabor cuando cambie tu estado de \u00e1nimo\u2014sin necesidad de dispositivo adicional.<\/p>\n<p>Dise\u00f1ado con un aspecto moderno de cristal, tambi\u00e9n ofrece mejoras pr\u00e1cticas como un <strong>Pantalla inteligente LED<\/strong> para el estado en tiempo real de la bater\u00eda y el e-l\u00edquido, adem\u00e1s <strong>Carga r\u00e1pida USB Tipo\u2011C<\/strong> para recargar f\u00e1cilmente. Con <strong>capacidad de e-l\u00edquido de 32ml<\/strong> y hasta <strong>40,000 caladas<\/strong>, est\u00e1 dise\u00f1ado para un uso prolongado mientras mantiene la experiencia consistente.<\/p>\n<h3>Notas de Sabor<\/h3>\n<ul>\n<li><strong>Hielo de Durazno:<\/strong> durazno maduro con un toque fresco y crujiente<\/li>\n<li><strong>Sand\u00eda Mango Durazno:<\/strong> sand\u00eda jugosa con capas de mango y durazno suave<\/li>\n<\/ul>\n<h3>Caracter\u00edsticas Clave<\/h3>\n<ul>\n<li><strong>Hasta:<\/strong> 40,000 caladas<\/li>\n<li><strong>Sistema de Doble Sabor:<\/strong> cambia f\u00e1cilmente entre dos sabores<\/li>\n<li><strong>Resistencias de Malla Dual:<\/strong> 0.9\u03a9 + 0.9\u03a9 para una entrega de sabor suave y uniforme<\/li>\n<li><strong>Capacidad de E\u2011L\u00edquido:<\/strong> 32ml<\/li>\n<li><strong>Opciones de Nicotina:<\/strong> 0% \/ 2% \/ 5%<\/li>\n<li><strong>Bater\u00eda:<\/strong> 850mAh<\/li>\n<li><strong>Recargable:<\/strong> Carga r\u00e1pida USB Tipo\u2011C<\/li>\n<li><strong>Pantalla LED:<\/strong> indicadores de bater\u00eda y e-l\u00edquido<\/li>\n<\/ul>\n<p><strong>\u00bfBuscas m\u00e1s vapes desechables de doble sabor?<\/strong> Explora nuestras \u00faltimas novedades en <a href=\"https:\/\/fumot.uk\/es\/\" target=\"_blank\" rel=\"noopener\">fumot.uk<\/a>.<\/p>\n<p><img loading=\"lazy\" decoding=\"async\" class=\"size-full wp-image-717\" title=\"Hielo de Durazno &amp; Sand\u00eda Mango Durazno WASPE Crystal Doble Sabor 40k Puffs Dispositivo Desechable\" src=\"https:\/\/ultravape.de\/wp-content\/uploads\/2025\/07\/Peach-lce-Watermelon-Mango-Peach-WASPE-Crystal-Double-Flavor-40k-Puffs-Disposable-Device.jpg\" alt=\"Hielo de Durazno &amp; Sand\u00eda Mango Durazno WASPE Crystal Doble Sabor 40k Puffs Dispositivo Desechable\" width=\"2000\" height=\"1562\" \/><\/p>","protected":false},"excerpt":{"rendered":"<p>Cambia entre Melocot\u00f3n Hielo y Sand\u00eda Mango Melocot\u00f3n en un solo dispositivo. WASPE Crystal Double Flavors ofrece hasta 40,000 caladas, 32ml de e-l\u00edquido, pantalla LED y carga r\u00e1pida USB\u2011C. Nicotina: 0\/2\/5%.<\/p>","protected":false},"featured_media":3029,"comment_status":"open","ping_status":"closed","template":"","meta":[],"product_brand":[],"product_cat":[82,17,166],"product_tag":[167,20,23,114,73,29,42,30,26,28,32],"class_list":{"0":"post-2984","1":"product","2":"type-product","3":"status-publish","4":"has-post-thumbnail","6":"product_cat-40000-puff","7":"product_cat-vape","8":"product_cat-waspe-crystal-double-flavors-40k-puffs","9":"product_tag-32ml","10":"product_tag-850mah","11":"product_tag-display","12":"product_tag-dual-flavor","13":"product_tag-dual-mesh","14":"product_tag-ice","15":"product_tag-mango","16":"product_tag-peach","17":"product_tag-rechargeable","18":"product_tag-type-c","19":"product_tag-watermelon","21":"first","22":"instock","23":"sale","24":"shipping-taxable","25":"purchasable","26":"product-type-variable","27":"has-default-attributes"},"yoast_head":"<!-- This site is optimized with the Yoast SEO plugin v26.8 - https:\/\/yoast.com\/product\/yoast-seo-wordpress\/ -->\n<title>WASPE Crystal Double Flavors 40K \u2013 Peach Ice &amp; WMP<\/title>\n<meta name=\"description\" content=\"WASPE Crystal Double Flavors disposable vape: Peach Ice + Watermelon Mango Peach. 40,000 puffs, 32ml, dual mesh coils, LED display, USB\u2011C. 0\/2\/5% nicotine.\" \/>\n<meta name=\"robots\" content=\"index, follow, max-snippet:-1, max-image-preview:large, max-video-preview:-1\" \/>\n<link rel=\"canonical\" href=\"https:\/\/fumot.uk\/es\/product\/peach-lce-watermelon-mango-peach-waspe-crystal-double-flavors-40k-puffs\/\" \/>\n<meta property=\"og:locale\" content=\"es_ES\" \/>\n<meta property=\"og:type\" content=\"article\" \/>\n<meta property=\"og:title\" content=\"WASPE Crystal Double Flavors 40K \u2013 Peach Ice &amp; Watermelon Mango Peach\" \/>\n<meta property=\"og:description\" content=\"Two flavors in one: cool Peach Ice or juicy Watermelon Mango Peach. 32ml, up to 40K puffs, LED display, USB\u2011C recharge, 0\/2\/5% nicotine.\" \/>\n<meta property=\"og:url\" content=\"https:\/\/fumot.uk\/es\/product\/peach-lce-watermelon-mango-peach-waspe-crystal-double-flavors-40k-puffs\/\" \/>\n<meta property=\"og:site_name\" content=\"Fumot Official Direct | Straight from the Factory, 100% Genuine\" \/>\n<meta property=\"article:modified_time\" content=\"2026-01-21T03:33:41+00:00\" \/>\n<meta property=\"og:image\" content=\"https:\/\/fumot.uk\/wp-content\/uploads\/2026\/01\/WASPE-Crystal-Double-Flavors-40k-Puffs-Peach-Ice-Watermelon-Mango-Peach-Disposable-Vape.jpg\" \/>\n\t<meta property=\"og:image:width\" content=\"1500\" \/>\n\t<meta property=\"og:image:height\" content=\"1500\" \/>\n\t<meta property=\"og:image:type\" content=\"image\/jpeg\" \/>\n<meta name=\"twitter:card\" content=\"summary_large_image\" \/>\n<meta name=\"twitter:label1\" content=\"Tiempo de lectura\" \/>\n\t<meta name=\"twitter:data1\" content=\"2 minutos\" \/>\n<script type=\"application\/ld+json\" class=\"yoast-schema-graph\">{\"@context\":\"https:\/\/schema.org\",\"@graph\":[{\"@type\":\"WebPage\",\"@id\":\"https:\/\/fumot.uk\/product\/peach-lce-watermelon-mango-peach-waspe-crystal-double-flavors-40k-puffs\/\",\"url\":\"https:\/\/fumot.uk\/product\/peach-lce-watermelon-mango-peach-waspe-crystal-double-flavors-40k-puffs\/\",\"name\":\"WASPE Crystal Double Flavors 40K \u2013 Peach Ice & WMP\",\"isPartOf\":{\"@id\":\"https:\/\/fumot.uk\/#website\"},\"primaryImageOfPage\":{\"@id\":\"https:\/\/fumot.uk\/product\/peach-lce-watermelon-mango-peach-waspe-crystal-double-flavors-40k-puffs\/#primaryimage\"},\"image\":{\"@id\":\"https:\/\/fumot.uk\/product\/peach-lce-watermelon-mango-peach-waspe-crystal-double-flavors-40k-puffs\/#primaryimage\"},\"thumbnailUrl\":\"https:\/\/fumot.uk\/wp-content\/uploads\/2026\/01\/WASPE-Crystal-Double-Flavors-40k-Puffs-Peach-Ice-Watermelon-Mango-Peach-Disposable-Vape.jpg\",\"datePublished\":\"2026-01-20T10:06:14+00:00\",\"dateModified\":\"2026-01-21T03:33:41+00:00\",\"description\":\"WASPE Crystal Double Flavors disposable vape: Peach Ice + Watermelon Mango Peach. 40,000 puffs, 32ml, dual mesh coils, LED display, USB\u2011C. 0\/2\/5% nicotine.\",\"breadcrumb\":{\"@id\":\"https:\/\/fumot.uk\/product\/peach-lce-watermelon-mango-peach-waspe-crystal-double-flavors-40k-puffs\/#breadcrumb\"},\"inLanguage\":\"es\",\"potentialAction\":[{\"@type\":\"ReadAction\",\"target\":[\"https:\/\/fumot.uk\/product\/peach-lce-watermelon-mango-peach-waspe-crystal-double-flavors-40k-puffs\/\"]}]},{\"@type\":\"ImageObject\",\"inLanguage\":\"es\",\"@id\":\"https:\/\/fumot.uk\/product\/peach-lce-watermelon-mango-peach-waspe-crystal-double-flavors-40k-puffs\/#primaryimage\",\"url\":\"https:\/\/fumot.uk\/wp-content\/uploads\/2026\/01\/WASPE-Crystal-Double-Flavors-40k-Puffs-Peach-Ice-Watermelon-Mango-Peach-Disposable-Vape.jpg\",\"contentUrl\":\"https:\/\/fumot.uk\/wp-content\/uploads\/2026\/01\/WASPE-Crystal-Double-Flavors-40k-Puffs-Peach-Ice-Watermelon-Mango-Peach-Disposable-Vape.jpg\",\"width\":1500,\"height\":1500},{\"@type\":\"BreadcrumbList\",\"@id\":\"https:\/\/fumot.uk\/product\/peach-lce-watermelon-mango-peach-waspe-crystal-double-flavors-40k-puffs\/#breadcrumb\",\"itemListElement\":[{\"@type\":\"ListItem\",\"position\":1,\"name\":\"Home\",\"item\":\"https:\/\/fumot.uk\/\"},{\"@type\":\"ListItem\",\"position\":2,\"name\":\"Shop\",\"item\":\"https:\/\/fumot.uk\/shop\/\"},{\"@type\":\"ListItem\",\"position\":3,\"name\":\"WASPE Crystal Double Flavors 40K Puffs Disposable Vape \u2013 Peach Ice &#038; Watermelon Mango Peach (32ml, LED Display, USB\u2011C)\"}]},{\"@type\":\"WebSite\",\"@id\":\"https:\/\/fumot.uk\/#website\",\"url\":\"https:\/\/fumot.uk\/\",\"name\":\"Fumot Official Direct | Straight from the Factory, 100% Genuine\",\"description\":\"Official Website\",\"publisher\":{\"@id\":\"https:\/\/fumot.uk\/#organization\"},\"potentialAction\":[{\"@type\":\"SearchAction\",\"target\":{\"@type\":\"EntryPoint\",\"urlTemplate\":\"https:\/\/fumot.uk\/?s={search_term_string}\"},\"query-input\":{\"@type\":\"PropertyValueSpecification\",\"valueRequired\":true,\"valueName\":\"search_term_string\"}}],\"inLanguage\":\"es\"},{\"@type\":\"Organization\",\"@id\":\"https:\/\/fumot.uk\/#organization\",\"name\":\"Fumot Official Direct | Straight from the Factory, 100% Genuine\",\"url\":\"https:\/\/fumot.uk\/\",\"logo\":{\"@type\":\"ImageObject\",\"inLanguage\":\"es\",\"@id\":\"https:\/\/fumot.uk\/#\/schema\/logo\/image\/\",\"url\":\"https:\/\/fumot.uk\/wp-content\/uploads\/2026\/01\/cropped-fumot-logo1.png\",\"contentUrl\":\"https:\/\/fumot.uk\/wp-content\/uploads\/2026\/01\/cropped-fumot-logo1.png\",\"width\":152,\"height\":106,\"caption\":\"Fumot Official Direct | Straight from the Factory, 100% Genuine\"},\"image\":{\"@id\":\"https:\/\/fumot.uk\/#\/schema\/logo\/image\/\"}}]}<\/script>\n<!-- \/ Yoast SEO plugin. -->","yoast_head_json":{"title":"WASPE Crystal Doble Sabores 40K \u2013 Hielo de Durazno &amp; WMP","description":"WASPE Crystal Double Flavors vape desechable: Hielo de melocot\u00f3n + Mango de sand\u00eda y melocot\u00f3n. 40,000 inhalaciones, 32ml, bobinas de malla dual, pantalla LED, USB\u2011C. 0\/2\/5% nicotina.","robots":{"index":"index","follow":"follow","max-snippet":"max-snippet:-1","max-image-preview":"max-image-preview:large","max-video-preview":"max-video-preview:-1"},"canonical":"https:\/\/fumot.uk\/es\/product\/peach-lce-watermelon-mango-peach-waspe-crystal-double-flavors-40k-puffs\/","og_locale":"es_ES","og_type":"article","og_title":"WASPE Crystal Double Flavors 40K \u2013 Peach Ice & Watermelon Mango Peach","og_description":"Two flavors in one: cool Peach Ice or juicy Watermelon Mango Peach. 32ml, up to 40K puffs, LED display, USB\u2011C recharge, 0\/2\/5% nicotine.","og_url":"https:\/\/fumot.uk\/es\/product\/peach-lce-watermelon-mango-peach-waspe-crystal-double-flavors-40k-puffs\/","og_site_name":"Fumot Official Direct | Straight from the Factory, 100% Genuine","article_modified_time":"2026-01-21T03:33:41+00:00","og_image":[{"width":1500,"height":1500,"url":"https:\/\/fumot.uk\/wp-content\/uploads\/2026\/01\/WASPE-Crystal-Double-Flavors-40k-Puffs-Peach-Ice-Watermelon-Mango-Peach-Disposable-Vape.jpg","type":"image\/jpeg"}],"twitter_card":"summary_large_image","twitter_misc":{"Tiempo de lectura":"2 minutos"},"schema":{"@context":"https:\/\/schema.org","@graph":[{"@type":"WebPage","@id":"https:\/\/fumot.uk\/product\/peach-lce-watermelon-mango-peach-waspe-crystal-double-flavors-40k-puffs\/","url":"https:\/\/fumot.uk\/product\/peach-lce-watermelon-mango-peach-waspe-crystal-double-flavors-40k-puffs\/","name":"WASPE Crystal Doble Sabores 40K \u2013 Hielo de Durazno &amp; WMP","isPartOf":{"@id":"https:\/\/fumot.uk\/#website"},"primaryImageOfPage":{"@id":"https:\/\/fumot.uk\/product\/peach-lce-watermelon-mango-peach-waspe-crystal-double-flavors-40k-puffs\/#primaryimage"},"image":{"@id":"https:\/\/fumot.uk\/product\/peach-lce-watermelon-mango-peach-waspe-crystal-double-flavors-40k-puffs\/#primaryimage"},"thumbnailUrl":"https:\/\/fumot.uk\/wp-content\/uploads\/2026\/01\/WASPE-Crystal-Double-Flavors-40k-Puffs-Peach-Ice-Watermelon-Mango-Peach-Disposable-Vape.jpg","datePublished":"2026-01-20T10:06:14+00:00","dateModified":"2026-01-21T03:33:41+00:00","description":"WASPE Crystal Double Flavors vape desechable: Hielo de melocot\u00f3n + Mango de sand\u00eda y melocot\u00f3n. 40,000 inhalaciones, 32ml, bobinas de malla dual, pantalla LED, USB\u2011C. 0\/2\/5% nicotina.","breadcrumb":{"@id":"https:\/\/fumot.uk\/product\/peach-lce-watermelon-mango-peach-waspe-crystal-double-flavors-40k-puffs\/#breadcrumb"},"inLanguage":"es","potentialAction":[{"@type":"ReadAction","target":["https:\/\/fumot.uk\/product\/peach-lce-watermelon-mango-peach-waspe-crystal-double-flavors-40k-puffs\/"]}]},{"@type":"ImageObject","inLanguage":"es","@id":"https:\/\/fumot.uk\/product\/peach-lce-watermelon-mango-peach-waspe-crystal-double-flavors-40k-puffs\/#primaryimage","url":"https:\/\/fumot.uk\/wp-content\/uploads\/2026\/01\/WASPE-Crystal-Double-Flavors-40k-Puffs-Peach-Ice-Watermelon-Mango-Peach-Disposable-Vape.jpg","contentUrl":"https:\/\/fumot.uk\/wp-content\/uploads\/2026\/01\/WASPE-Crystal-Double-Flavors-40k-Puffs-Peach-Ice-Watermelon-Mango-Peach-Disposable-Vape.jpg","width":1500,"height":1500},{"@type":"BreadcrumbList","@id":"https:\/\/fumot.uk\/product\/peach-lce-watermelon-mango-peach-waspe-crystal-double-flavors-40k-puffs\/#breadcrumb","itemListElement":[{"@type":"ListItem","position":1,"name":"Home","item":"https:\/\/fumot.uk\/"},{"@type":"ListItem","position":2,"name":"Shop","item":"https:\/\/fumot.uk\/shop\/"},{"@type":"ListItem","position":3,"name":"WASPE Crystal Double Flavors 40K Puffs Disposable Vape \u2013 Peach Ice &#038; Watermelon Mango Peach (32ml, LED Display, USB\u2011C)"}]},{"@type":"WebSite","@id":"https:\/\/fumot.uk\/#website","url":"https:\/\/fumot.uk\/","name":"Fumot Official Direct | Directo desde la f\u00e1brica, 100% Original","description":"Sitio Oficial","publisher":{"@id":"https:\/\/fumot.uk\/#organization"},"potentialAction":[{"@type":"SearchAction","target":{"@type":"EntryPoint","urlTemplate":"https:\/\/fumot.uk\/?s={search_term_string}"},"query-input":{"@type":"PropertyValueSpecification","valueRequired":true,"valueName":"search_term_string"}}],"inLanguage":"es"},{"@type":"Organization","@id":"https:\/\/fumot.uk\/#organization","name":"Fumot Official Direct | Directo desde la f\u00e1brica, 100% Original","url":"https:\/\/fumot.uk\/","logo":{"@type":"ImageObject","inLanguage":"es","@id":"https:\/\/fumot.uk\/#\/schema\/logo\/image\/","url":"https:\/\/fumot.uk\/wp-content\/uploads\/2026\/01\/cropped-fumot-logo1.png","contentUrl":"https:\/\/fumot.uk\/wp-content\/uploads\/2026\/01\/cropped-fumot-logo1.png","width":152,"height":106,"caption":"Fumot Official Direct | Straight from the Factory, 100% Genuine"},"image":{"@id":"https:\/\/fumot.uk\/#\/schema\/logo\/image\/"}}]}},"_links":{"self":[{"href":"https:\/\/fumot.uk\/es\/wp-json\/wp\/v2\/product\/2984","targetHints":{"allow":["GET"]}}],"collection":[{"href":"https:\/\/fumot.uk\/es\/wp-json\/wp\/v2\/product"}],"about":[{"href":"https:\/\/fumot.uk\/es\/wp-json\/wp\/v2\/types\/product"}],"replies":[{"embeddable":true,"href":"https:\/\/fumot.uk\/es\/wp-json\/wp\/v2\/comments?post=2984"}],"wp:featuredmedia":[{"embeddable":true,"href":"https:\/\/fumot.uk\/es\/wp-json\/wp\/v2\/media\/3029"}],"wp:attachment":[{"href":"https:\/\/fumot.uk\/es\/wp-json\/wp\/v2\/media?parent=2984"}],"wp:term":[{"taxonomy":"product_brand","embeddable":true,"href":"https:\/\/fumot.uk\/es\/wp-json\/wp\/v2\/product_brand?post=2984"},{"taxonomy":"product_cat","embeddable":true,"href":"https:\/\/fumot.uk\/es\/wp-json\/wp\/v2\/product_cat?post=2984"},{"taxonomy":"product_tag","embeddable":true,"href":"https:\/\/fumot.uk\/es\/wp-json\/wp\/v2\/product_tag?post=2984"}],"curies":[{"name":"wp","href":"https:\/\/api.w.org\/{rel}","templated":true}]}}