{"id":2230,"date":"2026-01-20T08:28:25","date_gmt":"2026-01-20T08:28:25","guid":{"rendered":"https:\/\/fumot.uk\/?post_type=product&#038;p=2230"},"modified":"2026-01-20T09:03:39","modified_gmt":"2026-01-20T09:03:39","slug":"uzy-6-in-1-150000-puffs-grape-ice-mango-peach-blueberry-watermelon","status":"publish","type":"product","link":"https:\/\/fumot.uk\/es\/product\/uzy-6-in-1-150000-puffs-grape-ice-mango-peach-blueberry-watermelon\/","title":{"rendered":"UZY 6-en-1 150000 Puffs Vape Desechable \u2013 Hielo de Uva \/ Melocot\u00f3n Mango \/ Sand\u00eda Ar\u00e1ndano (64ml, Display, Recargable 650mAh)"},"content":{"rendered":"<h2>UZY 6-en-1 150000 Caladas \u2013 3 Sabores, Hasta 6 Rutas de Sabor<\/h2>\n<p>Conoce el <strong>UZY 6-in-1 150000 Puffs<\/strong> en un tr\u00edo orientado a las frutas: <strong>Grape Ice<\/strong>, <strong>Mango Durazno<\/strong>, y <strong>Ar\u00e1ndano Sand\u00eda<\/strong>. Construido alrededor de la tecnolog\u00eda de separaci\u00f3n de sabores <strong>sistema de 6 sabores<\/strong> y <strong>caracter\u00edstica de UZY<\/strong>, puedes disfrutar cada sabor base por s\u00ed solo o cambiar a una mezcla combinada para un perfil instant\u00e1neamente diferente\u2014fresco, limpio y consistentemente suave de principio a fin.<\/p>\n<h3>Perfil de Sabor: Uva Helada \/ Mango Durazno \/ Ar\u00e1ndano Sand\u00eda<\/h3>\n<ul>\n<li><strong>Grape Ice<\/strong> \u2013 Dulzura de uva madura con un acabado fresco y crujiente para una calada brillante y refrescante.<\/li>\n<li><strong>Mango Durazno<\/strong> \u2013 Riqueza tropical de mango equilibrada por un suave y jugoso durazno para una mezcla de frutas redonda y satisfactoria.<\/li>\n<li><strong>Ar\u00e1ndano Sand\u00eda<\/strong> \u2013 Ligera acidez de ar\u00e1ndano sobre frescura de sand\u00eda limpia para un vapeo f\u00e1cil de estilo todo el d\u00eda.<\/li>\n<\/ul>\n<h3>C\u00f3mo Funciona la Experiencia 6-en-1<\/h3>\n<p>La innovaci\u00f3n es el <strong>sistema de 6 sabores<\/strong>: con tres sabores principales disponibles, el dispositivo te permite mantenerlos <strong>separados y puros<\/strong> o crear <strong>combinaciones de pares<\/strong> a demanda\u2014d\u00e1ndote variedad sin sabor confuso. El resultado es un borde de sabor m\u00e1s definido y una experiencia divertida y cambiante cuando quieras algo nuevo.<\/p>\n<h3>Construido para Sabor Consistente<\/h3>\n<ul>\n<li><strong>Bobina de Malla Cu\u00e1druple<\/strong> \u2013 Cuatro n\u00facleos de calentamiento de malla trabajan juntos para un calor uniforme y salida estable.<\/li>\n<li><strong>Capacidad de 64ml<\/strong> \u2013 Dise\u00f1ado para uso prolongado en tus sabores elegidos.<\/li>\n<li><strong>Recargable 650mAh<\/strong> \u2013 Recarga conveniente para sesiones m\u00e1s largas.<\/li>\n<li><strong>Pantalla<\/strong> \u2013 Visibilidad clara y r\u00e1pida para una experiencia diaria m\u00e1s controlada.<\/li>\n<\/ul>\n<h3>Opciones de Nicotina<\/h3>\n<p>Disponible en <strong>0%<\/strong>, <strong>2%<\/strong>, <strong>3%<\/strong>, y <strong>5%<\/strong> concentraciones de nicotina (la selecci\u00f3n var\u00eda seg\u00fan el stock).<\/p>\n<h3>\u00bfPor Qu\u00e9 Este Conjunto de Sabores?<\/h3>\n<p>Si te gustan <strong>fruta helada<\/strong>, <strong>suavidad tropical<\/strong>, y <strong>baya-mel\u00f3n fresco<\/strong> tonos, este tr\u00edo cubre m\u00faltiples estados de \u00e1nimo\u2014fr\u00edo y crujiente, cremoso y tropical, o limpio y jugoso\u2014sin necesitar m\u00faltiples dispositivos.<\/p>\n<p><strong>Explora m\u00e1s opciones de UZY:<\/strong> <a href=\"https:\/\/fumot.uk\/es\/\" target=\"_blank\" rel=\"noopener\">fumot.uk<\/a><\/p>\n<hr \/>\n<p><strong>Categor\u00eda:<\/strong> 150000 caladas, Cigarrillo Electr\u00f3nico Desechable, UZY 6-en-1 150000 Caladas<br \/>\n<strong>Etiquetas:<\/strong> 6 en 1 vape, 150000 caladas, vape desechable, UZY, 64ml, 650mah, recargable, pantalla, bobina de malla cu\u00e1druple, uva helada, mango durazno, ar\u00e1ndano sand\u00eda, 0% 2% 3% 5% nicotina<\/p>","protected":false},"excerpt":{"rendered":"<p>UZY 6-en-1 150000 Puffs vape desechable con sabor a Hielo de Uva, Melocot\u00f3n Mango y Sand\u00eda Ar\u00e1ndano. La tecnolog\u00eda de separaci\u00f3n de sabores te permite disfrutar cada sabor limpiamente o cambiar a mezclas emparejadas para mayor variedad. Bobina de malla cu\u00e1druple, 64ml, pantalla, recargable 650mAh. Opciones de nicotina: 0%, 2%, 3%, 5%.<\/p>","protected":false},"featured_media":2265,"comment_status":"open","ping_status":"closed","template":"","meta":[],"product_brand":[],"product_cat":[147,148,17],"product_tag":[84,70,85,71,149,150,131,33,23,39,29,42,30,133,26,32],"class_list":{"0":"post-2230","1":"product","2":"type-product","3":"status-publish","4":"has-post-thumbnail","6":"product_cat-150000-puff","7":"product_cat-uzy-6-in-1-150000-puffs","8":"product_cat-vape","9":"product_tag-0-nikotin","10":"product_tag-2-nikotin","11":"product_tag-3-nikotin","12":"product_tag-5-nikotin","13":"product_tag-6-in-1-vape","14":"product_tag-64ml","15":"product_tag-650mah","16":"product_tag-blueberry","17":"product_tag-display","18":"product_tag-grape","19":"product_tag-ice","20":"product_tag-mango","21":"product_tag-peach","22":"product_tag-quadruple-mesh-coil","23":"product_tag-rechargeable","24":"product_tag-watermelon","26":"first","27":"instock","28":"sale","29":"shipping-taxable","30":"purchasable","31":"product-type-variable","32":"has-default-attributes"},"yoast_head":"<!-- This site is optimized with the Yoast SEO plugin v26.8 - https:\/\/yoast.com\/product\/yoast-seo-wordpress\/ -->\n<title>UZY 6-in-1 150000 Puffs \u2013 Grape Ice Trio Vape<\/title>\n<meta name=\"description\" content=\"UZY 6-in-1 150000 Puffs with Grape Ice, Mango Peach &amp; Blueberry Watermelon. 64ml, display, rechargeable 650mAh, quad mesh. 0\u20135% nicotine.\" \/>\n<meta name=\"robots\" content=\"index, follow, max-snippet:-1, max-image-preview:large, max-video-preview:-1\" \/>\n<link rel=\"canonical\" href=\"https:\/\/fumot.uk\/es\/product\/uzy-6-in-1-150000-puffs-grape-ice-mango-peach-blueberry-watermelon\/\" \/>\n<meta property=\"og:locale\" content=\"es_ES\" \/>\n<meta property=\"og:type\" content=\"article\" \/>\n<meta property=\"og:title\" content=\"UZY 6-in-1 150000 Puffs \u2013 Grape Ice \/ Mango Peach \/ Blueberry Watermelon\" \/>\n<meta property=\"og:description\" content=\"Switch between 3 base flavors or paired blends with UZY\u2019s 6-in-1 system. 64ml, display, rechargeable 650mAh, quad mesh coil. 0\u20135% nicotine.\" \/>\n<meta property=\"og:url\" content=\"https:\/\/fumot.uk\/es\/product\/uzy-6-in-1-150000-puffs-grape-ice-mango-peach-blueberry-watermelon\/\" \/>\n<meta property=\"og:site_name\" content=\"Fumot Official Direct | Straight from the Factory, 100% Genuine\" \/>\n<meta property=\"article:modified_time\" content=\"2026-01-20T09:03:39+00:00\" \/>\n<meta property=\"og:image\" content=\"https:\/\/fumot.uk\/wp-content\/uploads\/2026\/01\/UZY-6-IN-1-150000-Puffs-grape-ice-mango-peach-blueberry-watermelon-disposable-vape-ultravape-scaled-1-1024x1024.png\" \/>\n\t<meta property=\"og:image:width\" content=\"1024\" \/>\n\t<meta property=\"og:image:height\" content=\"1024\" \/>\n\t<meta property=\"og:image:type\" content=\"image\/png\" \/>\n<meta name=\"twitter:card\" content=\"summary_large_image\" \/>\n<meta name=\"twitter:label1\" content=\"Tiempo de lectura\" \/>\n\t<meta name=\"twitter:data1\" content=\"2 minutos\" \/>\n<script type=\"application\/ld+json\" class=\"yoast-schema-graph\">{\"@context\":\"https:\/\/schema.org\",\"@graph\":[{\"@type\":\"WebPage\",\"@id\":\"https:\/\/fumot.uk\/product\/uzy-6-in-1-150000-puffs-grape-ice-mango-peach-blueberry-watermelon\/\",\"url\":\"https:\/\/fumot.uk\/product\/uzy-6-in-1-150000-puffs-grape-ice-mango-peach-blueberry-watermelon\/\",\"name\":\"UZY 6-in-1 150000 Puffs \u2013 Grape Ice Trio Vape\",\"isPartOf\":{\"@id\":\"https:\/\/fumot.uk\/#website\"},\"primaryImageOfPage\":{\"@id\":\"https:\/\/fumot.uk\/product\/uzy-6-in-1-150000-puffs-grape-ice-mango-peach-blueberry-watermelon\/#primaryimage\"},\"image\":{\"@id\":\"https:\/\/fumot.uk\/product\/uzy-6-in-1-150000-puffs-grape-ice-mango-peach-blueberry-watermelon\/#primaryimage\"},\"thumbnailUrl\":\"https:\/\/fumot.uk\/wp-content\/uploads\/2026\/01\/UZY-6-IN-1-150000-Puffs-grape-ice-mango-peach-blueberry-watermelon-disposable-vape-ultravape-scaled-1.png\",\"datePublished\":\"2026-01-20T08:28:25+00:00\",\"dateModified\":\"2026-01-20T09:03:39+00:00\",\"description\":\"UZY 6-in-1 150000 Puffs with Grape Ice, Mango Peach & Blueberry Watermelon. 64ml, display, rechargeable 650mAh, quad mesh. 0\u20135% nicotine.\",\"breadcrumb\":{\"@id\":\"https:\/\/fumot.uk\/product\/uzy-6-in-1-150000-puffs-grape-ice-mango-peach-blueberry-watermelon\/#breadcrumb\"},\"inLanguage\":\"es\",\"potentialAction\":[{\"@type\":\"ReadAction\",\"target\":[\"https:\/\/fumot.uk\/product\/uzy-6-in-1-150000-puffs-grape-ice-mango-peach-blueberry-watermelon\/\"]}]},{\"@type\":\"ImageObject\",\"inLanguage\":\"es\",\"@id\":\"https:\/\/fumot.uk\/product\/uzy-6-in-1-150000-puffs-grape-ice-mango-peach-blueberry-watermelon\/#primaryimage\",\"url\":\"https:\/\/fumot.uk\/wp-content\/uploads\/2026\/01\/UZY-6-IN-1-150000-Puffs-grape-ice-mango-peach-blueberry-watermelon-disposable-vape-ultravape-scaled-1.png\",\"contentUrl\":\"https:\/\/fumot.uk\/wp-content\/uploads\/2026\/01\/UZY-6-IN-1-150000-Puffs-grape-ice-mango-peach-blueberry-watermelon-disposable-vape-ultravape-scaled-1.png\",\"width\":2560,\"height\":2560},{\"@type\":\"BreadcrumbList\",\"@id\":\"https:\/\/fumot.uk\/product\/uzy-6-in-1-150000-puffs-grape-ice-mango-peach-blueberry-watermelon\/#breadcrumb\",\"itemListElement\":[{\"@type\":\"ListItem\",\"position\":1,\"name\":\"Home\",\"item\":\"https:\/\/fumot.uk\/\"},{\"@type\":\"ListItem\",\"position\":2,\"name\":\"Shop\",\"item\":\"https:\/\/fumot.uk\/shop\/\"},{\"@type\":\"ListItem\",\"position\":3,\"name\":\"UZY 6-in-1 150000 Puffs Disposable Vape \u2013 Grape Ice \/ Mango Peach \/ Blueberry Watermelon (64ml, Display, Rechargeable 650mAh)\"}]},{\"@type\":\"WebSite\",\"@id\":\"https:\/\/fumot.uk\/#website\",\"url\":\"https:\/\/fumot.uk\/\",\"name\":\"Fumot Official Direct | Straight from the Factory, 100% Genuine\",\"description\":\"Official Website\",\"publisher\":{\"@id\":\"https:\/\/fumot.uk\/#organization\"},\"potentialAction\":[{\"@type\":\"SearchAction\",\"target\":{\"@type\":\"EntryPoint\",\"urlTemplate\":\"https:\/\/fumot.uk\/?s={search_term_string}\"},\"query-input\":{\"@type\":\"PropertyValueSpecification\",\"valueRequired\":true,\"valueName\":\"search_term_string\"}}],\"inLanguage\":\"es\"},{\"@type\":\"Organization\",\"@id\":\"https:\/\/fumot.uk\/#organization\",\"name\":\"Fumot Official Direct | Straight from the Factory, 100% Genuine\",\"url\":\"https:\/\/fumot.uk\/\",\"logo\":{\"@type\":\"ImageObject\",\"inLanguage\":\"es\",\"@id\":\"https:\/\/fumot.uk\/#\/schema\/logo\/image\/\",\"url\":\"https:\/\/fumot.uk\/wp-content\/uploads\/2026\/01\/cropped-fumot-logo1.png\",\"contentUrl\":\"https:\/\/fumot.uk\/wp-content\/uploads\/2026\/01\/cropped-fumot-logo1.png\",\"width\":152,\"height\":106,\"caption\":\"Fumot Official Direct | Straight from the Factory, 100% Genuine\"},\"image\":{\"@id\":\"https:\/\/fumot.uk\/#\/schema\/logo\/image\/\"}}]}<\/script>\n<!-- \/ Yoast SEO plugin. -->","yoast_head_json":{"title":"UZY 6-en-1 150000 Puffs \u2013 Vape de Uva Ice Trio","description":"UZY 6-en-1 150000 inhalaciones con Hielo de Uva, Melocot\u00f3n Mango &amp; Sand\u00eda Ar\u00e1ndano. 64ml, exhibici\u00f3n, recargable 650mAh, malla cu\u00e1druple. 0\u20135% nicotina.","robots":{"index":"index","follow":"follow","max-snippet":"max-snippet:-1","max-image-preview":"max-image-preview:large","max-video-preview":"max-video-preview:-1"},"canonical":"https:\/\/fumot.uk\/es\/product\/uzy-6-in-1-150000-puffs-grape-ice-mango-peach-blueberry-watermelon\/","og_locale":"es_ES","og_type":"article","og_title":"UZY 6-in-1 150000 Puffs \u2013 Grape Ice \/ Mango Peach \/ Blueberry Watermelon","og_description":"Switch between 3 base flavors or paired blends with UZY\u2019s 6-in-1 system. 64ml, display, rechargeable 650mAh, quad mesh coil. 0\u20135% nicotine.","og_url":"https:\/\/fumot.uk\/es\/product\/uzy-6-in-1-150000-puffs-grape-ice-mango-peach-blueberry-watermelon\/","og_site_name":"Fumot Official Direct | Straight from the Factory, 100% Genuine","article_modified_time":"2026-01-20T09:03:39+00:00","og_image":[{"width":1024,"height":1024,"url":"https:\/\/fumot.uk\/wp-content\/uploads\/2026\/01\/UZY-6-IN-1-150000-Puffs-grape-ice-mango-peach-blueberry-watermelon-disposable-vape-ultravape-scaled-1-1024x1024.png","type":"image\/png"}],"twitter_card":"summary_large_image","twitter_misc":{"Tiempo de lectura":"2 minutos"},"schema":{"@context":"https:\/\/schema.org","@graph":[{"@type":"WebPage","@id":"https:\/\/fumot.uk\/product\/uzy-6-in-1-150000-puffs-grape-ice-mango-peach-blueberry-watermelon\/","url":"https:\/\/fumot.uk\/product\/uzy-6-in-1-150000-puffs-grape-ice-mango-peach-blueberry-watermelon\/","name":"UZY 6-en-1 150000 Puffs \u2013 Vape de Uva Ice Trio","isPartOf":{"@id":"https:\/\/fumot.uk\/#website"},"primaryImageOfPage":{"@id":"https:\/\/fumot.uk\/product\/uzy-6-in-1-150000-puffs-grape-ice-mango-peach-blueberry-watermelon\/#primaryimage"},"image":{"@id":"https:\/\/fumot.uk\/product\/uzy-6-in-1-150000-puffs-grape-ice-mango-peach-blueberry-watermelon\/#primaryimage"},"thumbnailUrl":"https:\/\/fumot.uk\/wp-content\/uploads\/2026\/01\/UZY-6-IN-1-150000-Puffs-grape-ice-mango-peach-blueberry-watermelon-disposable-vape-ultravape-scaled-1.png","datePublished":"2026-01-20T08:28:25+00:00","dateModified":"2026-01-20T09:03:39+00:00","description":"UZY 6-en-1 150000 inhalaciones con Hielo de Uva, Melocot\u00f3n Mango &amp; Sand\u00eda Ar\u00e1ndano. 64ml, exhibici\u00f3n, recargable 650mAh, malla cu\u00e1druple. 0\u20135% nicotina.","breadcrumb":{"@id":"https:\/\/fumot.uk\/product\/uzy-6-in-1-150000-puffs-grape-ice-mango-peach-blueberry-watermelon\/#breadcrumb"},"inLanguage":"es","potentialAction":[{"@type":"ReadAction","target":["https:\/\/fumot.uk\/product\/uzy-6-in-1-150000-puffs-grape-ice-mango-peach-blueberry-watermelon\/"]}]},{"@type":"ImageObject","inLanguage":"es","@id":"https:\/\/fumot.uk\/product\/uzy-6-in-1-150000-puffs-grape-ice-mango-peach-blueberry-watermelon\/#primaryimage","url":"https:\/\/fumot.uk\/wp-content\/uploads\/2026\/01\/UZY-6-IN-1-150000-Puffs-grape-ice-mango-peach-blueberry-watermelon-disposable-vape-ultravape-scaled-1.png","contentUrl":"https:\/\/fumot.uk\/wp-content\/uploads\/2026\/01\/UZY-6-IN-1-150000-Puffs-grape-ice-mango-peach-blueberry-watermelon-disposable-vape-ultravape-scaled-1.png","width":2560,"height":2560},{"@type":"BreadcrumbList","@id":"https:\/\/fumot.uk\/product\/uzy-6-in-1-150000-puffs-grape-ice-mango-peach-blueberry-watermelon\/#breadcrumb","itemListElement":[{"@type":"ListItem","position":1,"name":"Home","item":"https:\/\/fumot.uk\/"},{"@type":"ListItem","position":2,"name":"Shop","item":"https:\/\/fumot.uk\/shop\/"},{"@type":"ListItem","position":3,"name":"UZY 6-in-1 150000 Puffs Disposable Vape \u2013 Grape Ice \/ Mango Peach \/ Blueberry Watermelon (64ml, Display, Rechargeable 650mAh)"}]},{"@type":"WebSite","@id":"https:\/\/fumot.uk\/#website","url":"https:\/\/fumot.uk\/","name":"Fumot Official Direct | Directo desde la f\u00e1brica, 100% Original","description":"Sitio Oficial","publisher":{"@id":"https:\/\/fumot.uk\/#organization"},"potentialAction":[{"@type":"SearchAction","target":{"@type":"EntryPoint","urlTemplate":"https:\/\/fumot.uk\/?s={search_term_string}"},"query-input":{"@type":"PropertyValueSpecification","valueRequired":true,"valueName":"search_term_string"}}],"inLanguage":"es"},{"@type":"Organization","@id":"https:\/\/fumot.uk\/#organization","name":"Fumot Official Direct | Directo desde la f\u00e1brica, 100% Original","url":"https:\/\/fumot.uk\/","logo":{"@type":"ImageObject","inLanguage":"es","@id":"https:\/\/fumot.uk\/#\/schema\/logo\/image\/","url":"https:\/\/fumot.uk\/wp-content\/uploads\/2026\/01\/cropped-fumot-logo1.png","contentUrl":"https:\/\/fumot.uk\/wp-content\/uploads\/2026\/01\/cropped-fumot-logo1.png","width":152,"height":106,"caption":"Fumot Official Direct | Straight from the Factory, 100% Genuine"},"image":{"@id":"https:\/\/fumot.uk\/#\/schema\/logo\/image\/"}}]}},"_links":{"self":[{"href":"https:\/\/fumot.uk\/es\/wp-json\/wp\/v2\/product\/2230","targetHints":{"allow":["GET"]}}],"collection":[{"href":"https:\/\/fumot.uk\/es\/wp-json\/wp\/v2\/product"}],"about":[{"href":"https:\/\/fumot.uk\/es\/wp-json\/wp\/v2\/types\/product"}],"replies":[{"embeddable":true,"href":"https:\/\/fumot.uk\/es\/wp-json\/wp\/v2\/comments?post=2230"}],"wp:featuredmedia":[{"embeddable":true,"href":"https:\/\/fumot.uk\/es\/wp-json\/wp\/v2\/media\/2265"}],"wp:attachment":[{"href":"https:\/\/fumot.uk\/es\/wp-json\/wp\/v2\/media?parent=2230"}],"wp:term":[{"taxonomy":"product_brand","embeddable":true,"href":"https:\/\/fumot.uk\/es\/wp-json\/wp\/v2\/product_brand?post=2230"},{"taxonomy":"product_cat","embeddable":true,"href":"https:\/\/fumot.uk\/es\/wp-json\/wp\/v2\/product_cat?post=2230"},{"taxonomy":"product_tag","embeddable":true,"href":"https:\/\/fumot.uk\/es\/wp-json\/wp\/v2\/product_tag?post=2230"}],"curies":[{"name":"wp","href":"https:\/\/api.w.org\/{rel}","templated":true}]}}