{"id":2228,"date":"2026-01-20T08:28:25","date_gmt":"2026-01-20T08:28:25","guid":{"rendered":"https:\/\/fumot.uk\/?post_type=product&#038;p=2228"},"modified":"2026-01-20T09:03:37","modified_gmt":"2026-01-20T09:03:37","slug":"uzy-6-in-1-150000-puffs-blueberry-ice-raspberry-lemon-watermelon-bubblegum","status":"publish","type":"product","link":"https:\/\/fumot.uk\/es\/product\/uzy-6-in-1-150000-puffs-blueberry-ice-raspberry-lemon-watermelon-bubblegum\/","title":{"rendered":"UZY Vape Desechable 6-en-1 150000 Caladas (64ml, Recargable, Pantalla) \u2013 Hielo de Ar\u00e1ndano \/ Lim\u00f3n Frambuesa \/ Chicle de Sand\u00eda"},"content":{"rendered":"<h2>UZY 6-en-1 150000 Puffs \u2013 Blueberry Ice \/ Raspberry Lemon \/ Watermelon Bubblegum<\/h2>\n<p>Conoce el <strong>Vape desechable UZY 6-en-1<\/strong> dise\u00f1ado para sesiones largas y variedad de sabores. Esta edici\u00f3n combina tres perfiles destacados\u2014<strong>Hielo de ar\u00e1ndano<\/strong>, <strong>Raspberry Lemon<\/strong>, y <strong>Chicle de Sand\u00eda<\/strong>\u2014y utiliza el dise\u00f1o de separaci\u00f3n de sabores de UZY para que puedas disfrutar <strong>un sabor limpio y distinto<\/strong> y cambiar tu ambiente cuando quieras.<\/p>\n<h3>Por qu\u00e9 te encantar\u00e1 este vape UZY 6 en 1<\/h3>\n<ul>\n<li><strong>Hasta 150000 caladas<\/strong> (el uso var\u00eda seg\u00fan la longitud de la calada)<\/li>\n<li><strong>sistema de sabor 6-en-1<\/strong>: rota sabores para una experiencia fresca todo el d\u00eda<\/li>\n<li><strong>Bobina de Malla Cu\u00e1druple<\/strong> para vapor suave y consistente y capas de sabor m\u00e1s claras<\/li>\n<li><strong>Capacidad de 64ml de e-l\u00edquido<\/strong><\/li>\n<li><strong>650mAh recargable<\/strong> bater\u00eda para ayudarte a seguir adelante<\/li>\n<li><strong>Pantalla<\/strong> para ver el estado de un vistazo<\/li>\n<li>Opciones de nicotina: <strong>0%<\/strong>, <strong>2%<\/strong>, <strong>3%<\/strong>, <strong>5%<\/strong><\/li>\n<\/ul>\n<h3>Enfoque de sabor: a qu\u00e9 sabe<\/h3>\n<h4>Hielo de ar\u00e1ndano<\/h4>\n<p>Un cl\u00e1sico de bayas crujiente. Espera la <strong>ar\u00e1ndano maduro<\/strong> dulzura con un <strong>acabado helado<\/strong> limpio y refrescante que se mantiene sin dominar la fruta.<\/p>\n<h4>Raspberry Lemon<\/h4>\n<p>Brillante y animado. <strong>Lim\u00f3n \u00e1cido<\/strong> eleva las notas jugosas <strong>frambuesa<\/strong> para un perfil dulce-\u00e1cido equilibrado que se siente especialmente refrescante entre sabores m\u00e1s intensos.<\/p>\n<h4>Chicle de Sand\u00eda<\/h4>\n<p>Juguet\u00f3n y nost\u00e1lgico. <strong>Sand\u00eda jugosa<\/strong> se encuentra con una <strong>giro de chicle<\/strong> dulzura suave\u2014suave, como caramelo, y perfecto cuando quieres algo divertido y tranquilo.<\/p>\n<h3>C\u00f3mo rotar sabores para la experiencia m\u00e1s fresca<\/h3>\n<p>Comienza con <strong>Hielo de ar\u00e1ndano<\/strong> para un reinicio fresco, cambia a <strong>Raspberry Lemon<\/strong> cuando quieras un impulso picante, y termina con <strong>Chicle de Sand\u00eda<\/strong> para un vape dulce y relajado. Rotar sabores ayuda a mantener tu paladar fresco durante todo el d\u00eda.<\/p>\n<h3>Explora m\u00e1s sabores en fumot.uk<\/h3>\n<p>\u00bfTe encantan los perfiles de bayas? Explora m\u00e1s opciones aqu\u00ed: <a href=\"https:\/\/fumot.uk\/es\/product-tag\/blueberry\/\">Vapes de ar\u00e1ndano<\/a>.<\/p>\n<h3>Especificaciones<\/h3>\n<ul>\n<li>Categor\u00eda: <strong>150000 caladas<\/strong>, <strong>Cigarrillo electr\u00f3nico desechable<\/strong>, <strong>UZY 6-in-1 150000 Puffs<\/strong><\/li>\n<li>Capacidad: <strong>64ml<\/strong><\/li>\n<li>Bater\u00eda: <strong>650mAh recargable<\/strong><\/li>\n<li>Bobina: <strong>Bobina de Malla Cu\u00e1druple<\/strong><\/li>\n<li>Caracter\u00edsticas: <strong>Pantalla<\/strong>, dise\u00f1o de separaci\u00f3n de sabores<\/li>\n<li>Fortalezas de nicotina: <strong>0%<\/strong> \/ <strong>2%<\/strong> \/ <strong>3%<\/strong> \/ <strong>5%<\/strong><\/li>\n<\/ul>\n<p><strong>Precio:<\/strong> \u00a312.19<\/p>","protected":false},"excerpt":{"rendered":"<p>Cambia con el vape desechable UZY 6-en-1 que ofrece hasta 150000 caladas, 64ml de e-l\u00edquido, una bater\u00eda recargable de 650mAh, pantalla y bobina de malla cu\u00e1druple. Conjunto de sabores: Hielo de Ar\u00e1ndano, Lim\u00f3n Frambuesa y Chicle de Sand\u00eda. Opciones de nicotina: 0%, 2%, 3%, 5%.<\/p>","protected":false},"featured_media":2239,"comment_status":"open","ping_status":"closed","template":"","meta":[],"product_brand":[],"product_cat":[147,148,17],"product_tag":[84,70,85,71,149,150,131,33,49,23,29,24,133,34,26,32],"class_list":{"0":"post-2228","1":"product","2":"type-product","3":"status-publish","4":"has-post-thumbnail","6":"product_cat-150000-puff","7":"product_cat-uzy-6-in-1-150000-puffs","8":"product_cat-vape","9":"product_tag-0-nikotin","10":"product_tag-2-nikotin","11":"product_tag-3-nikotin","12":"product_tag-5-nikotin","13":"product_tag-6-in-1-vape","14":"product_tag-64ml","15":"product_tag-650mah","16":"product_tag-blueberry","17":"product_tag-bubblegum","18":"product_tag-display","19":"product_tag-ice","20":"product_tag-lemon","21":"product_tag-quadruple-mesh-coil","22":"product_tag-raspberry","23":"product_tag-rechargeable","24":"product_tag-watermelon","26":"first","27":"instock","28":"sale","29":"shipping-taxable","30":"purchasable","31":"product-type-variable","32":"has-default-attributes"},"yoast_head":"<!-- This site is optimized with the Yoast SEO plugin v26.8 - https:\/\/yoast.com\/product\/yoast-seo-wordpress\/ -->\n<title>UZY 6-in-1 150000 Puffs \u2013 Blueberry Ice Trio<\/title>\n<meta name=\"description\" content=\"UZY 6-in-1 disposable vape: up to 150000 puffs, 64ml, 650mAh rechargeable, display, Quadruple Mesh Coil. Blueberry Ice, Raspberry Lemon, Watermelon Bubblegum.\" \/>\n<meta name=\"robots\" content=\"index, follow, max-snippet:-1, max-image-preview:large, max-video-preview:-1\" \/>\n<link rel=\"canonical\" href=\"https:\/\/fumot.uk\/es\/product\/uzy-6-in-1-150000-puffs-blueberry-ice-raspberry-lemon-watermelon-bubblegum\/\" \/>\n<meta property=\"og:locale\" content=\"es_ES\" \/>\n<meta property=\"og:type\" content=\"article\" \/>\n<meta property=\"og:title\" content=\"UZY 6-in-1 150000 Puffs \u2013 Blueberry Ice \/ Raspberry Lemon \/ Watermelon Bubblegum\" \/>\n<meta property=\"og:description\" content=\"A flavor-rotating UZY 6-in-1 disposable vape with up to 150000 puffs, 64ml capacity, rechargeable 650mAh battery, display, and smooth Quadruple Mesh Coil performance.\" \/>\n<meta property=\"og:url\" content=\"https:\/\/fumot.uk\/es\/product\/uzy-6-in-1-150000-puffs-blueberry-ice-raspberry-lemon-watermelon-bubblegum\/\" \/>\n<meta property=\"og:site_name\" content=\"Fumot Official Direct | Straight from the Factory, 100% Genuine\" \/>\n<meta property=\"article:modified_time\" content=\"2026-01-20T09:03:37+00:00\" \/>\n<meta property=\"og:image\" content=\"https:\/\/fumot.uk\/wp-content\/uploads\/2026\/01\/UZY-6-IN-1-150000-Puffs-blueberry-ice-raspberry-lemon-watermelon-bubblegum-disposable-vape-ultravape-scaled-1-1024x1024.png\" \/>\n\t<meta property=\"og:image:width\" content=\"1024\" \/>\n\t<meta property=\"og:image:height\" content=\"1024\" \/>\n\t<meta property=\"og:image:type\" content=\"image\/png\" \/>\n<meta name=\"twitter:card\" content=\"summary_large_image\" \/>\n<meta name=\"twitter:label1\" content=\"Tiempo de lectura\" \/>\n\t<meta name=\"twitter:data1\" content=\"2 minutos\" \/>\n<script type=\"application\/ld+json\" class=\"yoast-schema-graph\">{\"@context\":\"https:\/\/schema.org\",\"@graph\":[{\"@type\":\"WebPage\",\"@id\":\"https:\/\/fumot.uk\/product\/uzy-6-in-1-150000-puffs-blueberry-ice-raspberry-lemon-watermelon-bubblegum\/\",\"url\":\"https:\/\/fumot.uk\/product\/uzy-6-in-1-150000-puffs-blueberry-ice-raspberry-lemon-watermelon-bubblegum\/\",\"name\":\"UZY 6-in-1 150000 Puffs \u2013 Blueberry Ice Trio\",\"isPartOf\":{\"@id\":\"https:\/\/fumot.uk\/#website\"},\"primaryImageOfPage\":{\"@id\":\"https:\/\/fumot.uk\/product\/uzy-6-in-1-150000-puffs-blueberry-ice-raspberry-lemon-watermelon-bubblegum\/#primaryimage\"},\"image\":{\"@id\":\"https:\/\/fumot.uk\/product\/uzy-6-in-1-150000-puffs-blueberry-ice-raspberry-lemon-watermelon-bubblegum\/#primaryimage\"},\"thumbnailUrl\":\"https:\/\/fumot.uk\/wp-content\/uploads\/2026\/01\/UZY-6-IN-1-150000-Puffs-blueberry-ice-raspberry-lemon-watermelon-bubblegum-disposable-vape-ultravape-scaled-1.png\",\"datePublished\":\"2026-01-20T08:28:25+00:00\",\"dateModified\":\"2026-01-20T09:03:37+00:00\",\"description\":\"UZY 6-in-1 disposable vape: up to 150000 puffs, 64ml, 650mAh rechargeable, display, Quadruple Mesh Coil. Blueberry Ice, Raspberry Lemon, Watermelon Bubblegum.\",\"breadcrumb\":{\"@id\":\"https:\/\/fumot.uk\/product\/uzy-6-in-1-150000-puffs-blueberry-ice-raspberry-lemon-watermelon-bubblegum\/#breadcrumb\"},\"inLanguage\":\"es\",\"potentialAction\":[{\"@type\":\"ReadAction\",\"target\":[\"https:\/\/fumot.uk\/product\/uzy-6-in-1-150000-puffs-blueberry-ice-raspberry-lemon-watermelon-bubblegum\/\"]}]},{\"@type\":\"ImageObject\",\"inLanguage\":\"es\",\"@id\":\"https:\/\/fumot.uk\/product\/uzy-6-in-1-150000-puffs-blueberry-ice-raspberry-lemon-watermelon-bubblegum\/#primaryimage\",\"url\":\"https:\/\/fumot.uk\/wp-content\/uploads\/2026\/01\/UZY-6-IN-1-150000-Puffs-blueberry-ice-raspberry-lemon-watermelon-bubblegum-disposable-vape-ultravape-scaled-1.png\",\"contentUrl\":\"https:\/\/fumot.uk\/wp-content\/uploads\/2026\/01\/UZY-6-IN-1-150000-Puffs-blueberry-ice-raspberry-lemon-watermelon-bubblegum-disposable-vape-ultravape-scaled-1.png\",\"width\":2560,\"height\":2560},{\"@type\":\"BreadcrumbList\",\"@id\":\"https:\/\/fumot.uk\/product\/uzy-6-in-1-150000-puffs-blueberry-ice-raspberry-lemon-watermelon-bubblegum\/#breadcrumb\",\"itemListElement\":[{\"@type\":\"ListItem\",\"position\":1,\"name\":\"Home\",\"item\":\"https:\/\/fumot.uk\/\"},{\"@type\":\"ListItem\",\"position\":2,\"name\":\"Shop\",\"item\":\"https:\/\/fumot.uk\/shop\/\"},{\"@type\":\"ListItem\",\"position\":3,\"name\":\"UZY 6-in-1 Disposable Vape 150000 Puffs (64ml, Rechargeable, Display) \u2013 Blueberry Ice \/ Raspberry Lemon \/ Watermelon Bubblegum\"}]},{\"@type\":\"WebSite\",\"@id\":\"https:\/\/fumot.uk\/#website\",\"url\":\"https:\/\/fumot.uk\/\",\"name\":\"Fumot Official Direct | Straight from the Factory, 100% Genuine\",\"description\":\"Official Website\",\"publisher\":{\"@id\":\"https:\/\/fumot.uk\/#organization\"},\"potentialAction\":[{\"@type\":\"SearchAction\",\"target\":{\"@type\":\"EntryPoint\",\"urlTemplate\":\"https:\/\/fumot.uk\/?s={search_term_string}\"},\"query-input\":{\"@type\":\"PropertyValueSpecification\",\"valueRequired\":true,\"valueName\":\"search_term_string\"}}],\"inLanguage\":\"es\"},{\"@type\":\"Organization\",\"@id\":\"https:\/\/fumot.uk\/#organization\",\"name\":\"Fumot Official Direct | Straight from the Factory, 100% Genuine\",\"url\":\"https:\/\/fumot.uk\/\",\"logo\":{\"@type\":\"ImageObject\",\"inLanguage\":\"es\",\"@id\":\"https:\/\/fumot.uk\/#\/schema\/logo\/image\/\",\"url\":\"https:\/\/fumot.uk\/wp-content\/uploads\/2026\/01\/cropped-fumot-logo1.png\",\"contentUrl\":\"https:\/\/fumot.uk\/wp-content\/uploads\/2026\/01\/cropped-fumot-logo1.png\",\"width\":152,\"height\":106,\"caption\":\"Fumot Official Direct | Straight from the Factory, 100% Genuine\"},\"image\":{\"@id\":\"https:\/\/fumot.uk\/#\/schema\/logo\/image\/\"}}]}<\/script>\n<!-- \/ Yoast SEO plugin. -->","yoast_head_json":{"title":"UZY 6-en-1 150000 Caladas \u2013 Trio de Hielo de Ar\u00e1ndano","description":"UZY vape desechable 6 en 1: hasta 150000 caladas, 64ml, 650mAh recargable, pantalla, Bobina de Malla Cu\u00e1druple. Hielo de Ar\u00e1ndano, Lim\u00f3n Frambuesa, Chicle de Sand\u00eda.","robots":{"index":"index","follow":"follow","max-snippet":"max-snippet:-1","max-image-preview":"max-image-preview:large","max-video-preview":"max-video-preview:-1"},"canonical":"https:\/\/fumot.uk\/es\/product\/uzy-6-in-1-150000-puffs-blueberry-ice-raspberry-lemon-watermelon-bubblegum\/","og_locale":"es_ES","og_type":"article","og_title":"UZY 6-in-1 150000 Puffs \u2013 Blueberry Ice \/ Raspberry Lemon \/ Watermelon Bubblegum","og_description":"A flavor-rotating UZY 6-in-1 disposable vape with up to 150000 puffs, 64ml capacity, rechargeable 650mAh battery, display, and smooth Quadruple Mesh Coil performance.","og_url":"https:\/\/fumot.uk\/es\/product\/uzy-6-in-1-150000-puffs-blueberry-ice-raspberry-lemon-watermelon-bubblegum\/","og_site_name":"Fumot Official Direct | Straight from the Factory, 100% Genuine","article_modified_time":"2026-01-20T09:03:37+00:00","og_image":[{"width":1024,"height":1024,"url":"https:\/\/fumot.uk\/wp-content\/uploads\/2026\/01\/UZY-6-IN-1-150000-Puffs-blueberry-ice-raspberry-lemon-watermelon-bubblegum-disposable-vape-ultravape-scaled-1-1024x1024.png","type":"image\/png"}],"twitter_card":"summary_large_image","twitter_misc":{"Tiempo de lectura":"2 minutos"},"schema":{"@context":"https:\/\/schema.org","@graph":[{"@type":"WebPage","@id":"https:\/\/fumot.uk\/product\/uzy-6-in-1-150000-puffs-blueberry-ice-raspberry-lemon-watermelon-bubblegum\/","url":"https:\/\/fumot.uk\/product\/uzy-6-in-1-150000-puffs-blueberry-ice-raspberry-lemon-watermelon-bubblegum\/","name":"UZY 6-en-1 150000 Caladas \u2013 Trio de Hielo de Ar\u00e1ndano","isPartOf":{"@id":"https:\/\/fumot.uk\/#website"},"primaryImageOfPage":{"@id":"https:\/\/fumot.uk\/product\/uzy-6-in-1-150000-puffs-blueberry-ice-raspberry-lemon-watermelon-bubblegum\/#primaryimage"},"image":{"@id":"https:\/\/fumot.uk\/product\/uzy-6-in-1-150000-puffs-blueberry-ice-raspberry-lemon-watermelon-bubblegum\/#primaryimage"},"thumbnailUrl":"https:\/\/fumot.uk\/wp-content\/uploads\/2026\/01\/UZY-6-IN-1-150000-Puffs-blueberry-ice-raspberry-lemon-watermelon-bubblegum-disposable-vape-ultravape-scaled-1.png","datePublished":"2026-01-20T08:28:25+00:00","dateModified":"2026-01-20T09:03:37+00:00","description":"UZY vape desechable 6 en 1: hasta 150000 caladas, 64ml, 650mAh recargable, pantalla, Bobina de Malla Cu\u00e1druple. Hielo de Ar\u00e1ndano, Lim\u00f3n Frambuesa, Chicle de Sand\u00eda.","breadcrumb":{"@id":"https:\/\/fumot.uk\/product\/uzy-6-in-1-150000-puffs-blueberry-ice-raspberry-lemon-watermelon-bubblegum\/#breadcrumb"},"inLanguage":"es","potentialAction":[{"@type":"ReadAction","target":["https:\/\/fumot.uk\/product\/uzy-6-in-1-150000-puffs-blueberry-ice-raspberry-lemon-watermelon-bubblegum\/"]}]},{"@type":"ImageObject","inLanguage":"es","@id":"https:\/\/fumot.uk\/product\/uzy-6-in-1-150000-puffs-blueberry-ice-raspberry-lemon-watermelon-bubblegum\/#primaryimage","url":"https:\/\/fumot.uk\/wp-content\/uploads\/2026\/01\/UZY-6-IN-1-150000-Puffs-blueberry-ice-raspberry-lemon-watermelon-bubblegum-disposable-vape-ultravape-scaled-1.png","contentUrl":"https:\/\/fumot.uk\/wp-content\/uploads\/2026\/01\/UZY-6-IN-1-150000-Puffs-blueberry-ice-raspberry-lemon-watermelon-bubblegum-disposable-vape-ultravape-scaled-1.png","width":2560,"height":2560},{"@type":"BreadcrumbList","@id":"https:\/\/fumot.uk\/product\/uzy-6-in-1-150000-puffs-blueberry-ice-raspberry-lemon-watermelon-bubblegum\/#breadcrumb","itemListElement":[{"@type":"ListItem","position":1,"name":"Home","item":"https:\/\/fumot.uk\/"},{"@type":"ListItem","position":2,"name":"Shop","item":"https:\/\/fumot.uk\/shop\/"},{"@type":"ListItem","position":3,"name":"UZY 6-in-1 Disposable Vape 150000 Puffs (64ml, Rechargeable, Display) \u2013 Blueberry Ice \/ Raspberry Lemon \/ Watermelon Bubblegum"}]},{"@type":"WebSite","@id":"https:\/\/fumot.uk\/#website","url":"https:\/\/fumot.uk\/","name":"Fumot Official Direct | Directo desde la f\u00e1brica, 100% Original","description":"Sitio Oficial","publisher":{"@id":"https:\/\/fumot.uk\/#organization"},"potentialAction":[{"@type":"SearchAction","target":{"@type":"EntryPoint","urlTemplate":"https:\/\/fumot.uk\/?s={search_term_string}"},"query-input":{"@type":"PropertyValueSpecification","valueRequired":true,"valueName":"search_term_string"}}],"inLanguage":"es"},{"@type":"Organization","@id":"https:\/\/fumot.uk\/#organization","name":"Fumot Official Direct | Directo desde la f\u00e1brica, 100% Original","url":"https:\/\/fumot.uk\/","logo":{"@type":"ImageObject","inLanguage":"es","@id":"https:\/\/fumot.uk\/#\/schema\/logo\/image\/","url":"https:\/\/fumot.uk\/wp-content\/uploads\/2026\/01\/cropped-fumot-logo1.png","contentUrl":"https:\/\/fumot.uk\/wp-content\/uploads\/2026\/01\/cropped-fumot-logo1.png","width":152,"height":106,"caption":"Fumot Official Direct | Straight from the Factory, 100% Genuine"},"image":{"@id":"https:\/\/fumot.uk\/#\/schema\/logo\/image\/"}}]}},"_links":{"self":[{"href":"https:\/\/fumot.uk\/es\/wp-json\/wp\/v2\/product\/2228","targetHints":{"allow":["GET"]}}],"collection":[{"href":"https:\/\/fumot.uk\/es\/wp-json\/wp\/v2\/product"}],"about":[{"href":"https:\/\/fumot.uk\/es\/wp-json\/wp\/v2\/types\/product"}],"replies":[{"embeddable":true,"href":"https:\/\/fumot.uk\/es\/wp-json\/wp\/v2\/comments?post=2228"}],"wp:featuredmedia":[{"embeddable":true,"href":"https:\/\/fumot.uk\/es\/wp-json\/wp\/v2\/media\/2239"}],"wp:attachment":[{"href":"https:\/\/fumot.uk\/es\/wp-json\/wp\/v2\/media?parent=2228"}],"wp:term":[{"taxonomy":"product_brand","embeddable":true,"href":"https:\/\/fumot.uk\/es\/wp-json\/wp\/v2\/product_brand?post=2228"},{"taxonomy":"product_cat","embeddable":true,"href":"https:\/\/fumot.uk\/es\/wp-json\/wp\/v2\/product_cat?post=2228"},{"taxonomy":"product_tag","embeddable":true,"href":"https:\/\/fumot.uk\/es\/wp-json\/wp\/v2\/product_tag?post=2228"}],"curies":[{"name":"wp","href":"https:\/\/api.w.org\/{rel}","templated":true}]}}