{"id":1694,"date":"2026-01-20T08:21:39","date_gmt":"2026-01-20T08:21:39","guid":{"rendered":"https:\/\/fumot.uk\/?post_type=product&#038;p=1694"},"modified":"2026-01-20T09:11:09","modified_gmt":"2026-01-20T09:11:09","slug":"uzy-crystal-4-in-1-100000-puffs-strawberry-watermelon-blue-razz-ice-blueberry-raspberry-cherry-fizzy-cherry-ice","status":"publish","type":"product","link":"https:\/\/fumot.uk\/es\/product\/uzy-crystal-4-in-1-100000-puffs-strawberry-watermelon-blue-razz-ice-blueberry-raspberry-cherry-fizzy-cherry-ice\/","title":{"rendered":"UZY Crystal 4-en-1 Vape Desechable 100000 Caladas (56ml) \u2013 Fresa Sand\u00eda, Hielo de Frambuesa Azul, Ar\u00e1ndano Frambuesa Cereza y Hielo de Cereza Efervescente"},"content":{"rendered":"<p><strong>UZY Crystal 4-en-1 100000 Caladas<\/strong> aporta un giro fresco al <em>vape desechable<\/em> experiencia con un cuerpo cristalino y transparente que muestra su elegante construcci\u00f3n interna. El punto culminante es el <strong>boquilla giratoria de 4 sabores<\/strong>\u2014simplemente gira para cambiar de sabor en cualquier momento, manteniendo cada sesi\u00f3n variada y satisfactoria. Con un <strong>coil de malla cu\u00e1druple (1.0\u03a9\u00d74)<\/strong> para un sabor suave y consistente, un <strong>pantalla LED<\/strong> para ver el estado de un vistazo, y <strong>recarga USB Tipo-C<\/strong>, est\u00e1 dise\u00f1ado para una comodidad duradera y estilo diario.<\/p>\n<h3>4 Sabores en 1 Dispositivo<\/h3>\n<p>Un dispositivo, cuatro perfiles distintos\u2014frutales, helados y ligeramente chispeantes. Gira la boquilla para adaptarla a tu estado de \u00e1nimo en segundos.<\/p>\n<h4>Sand\u00eda Fresa<\/h4>\n<p>Jugosa sand\u00eda se encuentra con dulce fresa para una mezcla veraniega brillante que se mantiene f\u00e1cil y suave de principio a fin.<\/p>\n<h4>Blue Razz Ice<\/h4>\n<p>Notas de frambuesa azul \u00e1cida combinadas con un acabado helado limpio\u2014crujiente, refrescante y perfecto cuando quieres un golpe m\u00e1s fr\u00edo.<\/p>\n<h4>Ar\u00e1ndano Frambuesa Cereza<\/h4>\n<p>Un tr\u00edo de bayas ricas con profundidad de cereza: suavidad de ar\u00e1ndano, toque de frambuesa y una dulzura redondeada de cereza para un vapeo de frutas m\u00e1s completo.<\/p>\n<h4>Fizzy Cherry Ice<\/h4>\n<p>Cereza dulce con un borde helado y un sutil brillo \u201cchispeante\u201d\u2014ligeramente juguet\u00f3n, limpio y agradablemente diferente.<\/p>\n<p><strong>Consejo:<\/strong> Si te gusta explorar m\u00e1s opciones de sabores cu\u00e1druples, explora la gama completa en <a href=\"https:\/\/fumot.uk\/es\/\" target=\"_blank\" rel=\"noopener\">fumot.uk<\/a>.<\/p>\n<h3>Caracter\u00edsticas Clave<\/h3>\n<ul>\n<li><strong>Caladas:<\/strong> Hasta 100000 caladas<\/li>\n<li><strong>Sistema de Sabores:<\/strong> Boquilla giratoria 4 en 1 (sabores cu\u00e1druples)<\/li>\n<li><strong>Bobina:<\/strong> Coil de malla cu\u00e1druple (1.0\u03a9 \u00d7 4)<\/li>\n<li><strong>850mAh (recargable)<\/strong> 56ml<\/li>\n<li><strong>Opciones de Nicotina:<\/strong> 0% \/ 2% \/ 3% \/ 5%<\/li>\n<li><strong>Bater\u00eda:<\/strong> bater\u00eda de 650mAh<\/li>\n<li><strong>Carga:<\/strong> Recargable USB Tipo-C<\/li>\n<li><strong>Pantalla:<\/strong> Pantalla LED \/ pantalla inteligente<\/li>\n<\/ul>\n<h3>Por Qu\u00e9 Te Encantar\u00e1<\/h3>\n<ul>\n<li><strong>Cambia de sabor al instante<\/strong>\u2014sin cambiar de dispositivos, sin mezclar botellas<\/li>\n<li><strong>Sabor limpio y consistente<\/strong> del sistema de calentamiento de malla cu\u00e1druple<\/li>\n<li><strong>Aspecto cristalino transparente<\/strong> que destaca en tu mano<\/li>\n<li><strong>Conveniencia recargable<\/strong> para uso prolongado<\/li>\n<\/ul>","protected":false},"excerpt":{"rendered":"<p>UZY Crystal 4-en-1 vape desechable con hasta 100000 caladas, 56ml de e-l\u00edquido, bobina de malla cu\u00e1druple, pantalla LED y recarga Type\u2011C. Gira para cambiar entre Fresa Sand\u00eda, Hielo de Frambuesa Azul, Cereza Frambuesa Ar\u00e1ndano y Hielo de Cereza Gaseosa.<\/p>","protected":false},"featured_media":1740,"comment_status":"open","ping_status":"closed","template":"","meta":[],"product_brand":[],"product_cat":[127,128,17],"product_tag":[129,130,131,22,33,36,113,72,23,29,132,133,34,26,62,37,28,32],"class_list":{"0":"post-1694","1":"product","2":"type-product","3":"status-publish","4":"has-post-thumbnail","6":"product_cat-100000-puff","7":"product_cat-uzy-crystal-4-in-1-100000-puffs","8":"product_cat-vape","9":"product_tag-4-in-1-vape","10":"product_tag-56ml","11":"product_tag-650mah","12":"product_tag-blue-razz","13":"product_tag-blueberry","14":"product_tag-cherry","15":"product_tag-crystal-vape","16":"product_tag-direct-to-lung","17":"product_tag-display","18":"product_tag-ice","19":"product_tag-quad-flavors","20":"product_tag-quadruple-mesh-coil","21":"product_tag-raspberry","22":"product_tag-rechargeable","23":"product_tag-sale-vape","24":"product_tag-strawberry","25":"product_tag-type-c","26":"product_tag-watermelon","28":"first","29":"instock","30":"sale","31":"shipping-taxable","32":"purchasable","33":"product-type-variable","34":"has-default-attributes"},"yoast_head":"<!-- This site is optimized with the Yoast SEO plugin v26.8 - https:\/\/yoast.com\/product\/yoast-seo-wordpress\/ -->\n<title>UZY Crystal 4-in-1 100000 Puffs \u2013 4 Flavors, 56ml<\/title>\n<meta name=\"description\" content=\"UZY Crystal 4-in-1 disposable vape: up to 100000 puffs, 56ml, quad mesh coil, LED display, Type\u2011C recharge. 4 flavors in 1: fruit &amp; ice.\" \/>\n<meta name=\"robots\" content=\"index, follow, max-snippet:-1, max-image-preview:large, max-video-preview:-1\" \/>\n<link rel=\"canonical\" href=\"https:\/\/fumot.uk\/es\/product\/uzy-crystal-4-in-1-100000-puffs-strawberry-watermelon-blue-razz-ice-blueberry-raspberry-cherry-fizzy-cherry-ice\/\" \/>\n<meta property=\"og:locale\" content=\"es_ES\" \/>\n<meta property=\"og:type\" content=\"article\" \/>\n<meta property=\"og:title\" content=\"UZY Crystal 4-in-1: 100000 Puffs, 4 Flavors in One\" \/>\n<meta property=\"og:description\" content=\"Twist-to-switch quad flavors\u2014Strawberry Watermelon, Blue Razz Ice, Blueberry Raspberry Cherry &amp; Fizzy Cherry Ice. 56ml, quad mesh coil, LED display, Type\u2011C.\" \/>\n<meta property=\"og:url\" content=\"https:\/\/fumot.uk\/es\/product\/uzy-crystal-4-in-1-100000-puffs-strawberry-watermelon-blue-razz-ice-blueberry-raspberry-cherry-fizzy-cherry-ice\/\" \/>\n<meta property=\"og:site_name\" content=\"Fumot Official Direct | Straight from the Factory, 100% Genuine\" \/>\n<meta property=\"article:modified_time\" content=\"2026-01-20T09:11:09+00:00\" \/>\n<meta property=\"og:image\" content=\"https:\/\/fumot.uk\/wp-content\/uploads\/2026\/01\/UZY-Crystal-4-in-1-100000-Puffs-HeyVape-strawberry-watermelon-blue-razz-ice-blueberry-raspberry-cherry-fizzy-cherry-ice.jpg\" \/>\n\t<meta property=\"og:image:width\" content=\"2500\" \/>\n\t<meta property=\"og:image:height\" content=\"2500\" \/>\n\t<meta property=\"og:image:type\" content=\"image\/jpeg\" \/>\n<meta name=\"twitter:card\" content=\"summary_large_image\" \/>\n<meta name=\"twitter:label1\" content=\"Tiempo de lectura\" \/>\n\t<meta name=\"twitter:data1\" content=\"2 minutos\" \/>\n<script type=\"application\/ld+json\" class=\"yoast-schema-graph\">{\"@context\":\"https:\/\/schema.org\",\"@graph\":[{\"@type\":\"WebPage\",\"@id\":\"https:\/\/fumot.uk\/product\/uzy-crystal-4-in-1-100000-puffs-strawberry-watermelon-blue-razz-ice-blueberry-raspberry-cherry-fizzy-cherry-ice\/\",\"url\":\"https:\/\/fumot.uk\/product\/uzy-crystal-4-in-1-100000-puffs-strawberry-watermelon-blue-razz-ice-blueberry-raspberry-cherry-fizzy-cherry-ice\/\",\"name\":\"UZY Crystal 4-in-1 100000 Puffs \u2013 4 Flavors, 56ml\",\"isPartOf\":{\"@id\":\"https:\/\/fumot.uk\/#website\"},\"primaryImageOfPage\":{\"@id\":\"https:\/\/fumot.uk\/product\/uzy-crystal-4-in-1-100000-puffs-strawberry-watermelon-blue-razz-ice-blueberry-raspberry-cherry-fizzy-cherry-ice\/#primaryimage\"},\"image\":{\"@id\":\"https:\/\/fumot.uk\/product\/uzy-crystal-4-in-1-100000-puffs-strawberry-watermelon-blue-razz-ice-blueberry-raspberry-cherry-fizzy-cherry-ice\/#primaryimage\"},\"thumbnailUrl\":\"https:\/\/fumot.uk\/wp-content\/uploads\/2026\/01\/UZY-Crystal-4-in-1-100000-Puffs-HeyVape-strawberry-watermelon-blue-razz-ice-blueberry-raspberry-cherry-fizzy-cherry-ice.jpg\",\"datePublished\":\"2026-01-20T08:21:39+00:00\",\"dateModified\":\"2026-01-20T09:11:09+00:00\",\"description\":\"UZY Crystal 4-in-1 disposable vape: up to 100000 puffs, 56ml, quad mesh coil, LED display, Type\u2011C recharge. 4 flavors in 1: fruit & ice.\",\"breadcrumb\":{\"@id\":\"https:\/\/fumot.uk\/product\/uzy-crystal-4-in-1-100000-puffs-strawberry-watermelon-blue-razz-ice-blueberry-raspberry-cherry-fizzy-cherry-ice\/#breadcrumb\"},\"inLanguage\":\"es\",\"potentialAction\":[{\"@type\":\"ReadAction\",\"target\":[\"https:\/\/fumot.uk\/product\/uzy-crystal-4-in-1-100000-puffs-strawberry-watermelon-blue-razz-ice-blueberry-raspberry-cherry-fizzy-cherry-ice\/\"]}]},{\"@type\":\"ImageObject\",\"inLanguage\":\"es\",\"@id\":\"https:\/\/fumot.uk\/product\/uzy-crystal-4-in-1-100000-puffs-strawberry-watermelon-blue-razz-ice-blueberry-raspberry-cherry-fizzy-cherry-ice\/#primaryimage\",\"url\":\"https:\/\/fumot.uk\/wp-content\/uploads\/2026\/01\/UZY-Crystal-4-in-1-100000-Puffs-HeyVape-strawberry-watermelon-blue-razz-ice-blueberry-raspberry-cherry-fizzy-cherry-ice.jpg\",\"contentUrl\":\"https:\/\/fumot.uk\/wp-content\/uploads\/2026\/01\/UZY-Crystal-4-in-1-100000-Puffs-HeyVape-strawberry-watermelon-blue-razz-ice-blueberry-raspberry-cherry-fizzy-cherry-ice.jpg\",\"width\":2500,\"height\":2500},{\"@type\":\"BreadcrumbList\",\"@id\":\"https:\/\/fumot.uk\/product\/uzy-crystal-4-in-1-100000-puffs-strawberry-watermelon-blue-razz-ice-blueberry-raspberry-cherry-fizzy-cherry-ice\/#breadcrumb\",\"itemListElement\":[{\"@type\":\"ListItem\",\"position\":1,\"name\":\"Home\",\"item\":\"https:\/\/fumot.uk\/\"},{\"@type\":\"ListItem\",\"position\":2,\"name\":\"Shop\",\"item\":\"https:\/\/fumot.uk\/shop\/\"},{\"@type\":\"ListItem\",\"position\":3,\"name\":\"UZY Crystal 4-in-1 Disposable Vape 100000 Puffs (56ml) \u2013 Strawberry Watermelon, Blue Razz Ice, Blueberry Raspberry Cherry &#038; Fizzy Cherry Ice\"}]},{\"@type\":\"WebSite\",\"@id\":\"https:\/\/fumot.uk\/#website\",\"url\":\"https:\/\/fumot.uk\/\",\"name\":\"Fumot Official Direct | Straight from the Factory, 100% Genuine\",\"description\":\"Official Website\",\"publisher\":{\"@id\":\"https:\/\/fumot.uk\/#organization\"},\"potentialAction\":[{\"@type\":\"SearchAction\",\"target\":{\"@type\":\"EntryPoint\",\"urlTemplate\":\"https:\/\/fumot.uk\/?s={search_term_string}\"},\"query-input\":{\"@type\":\"PropertyValueSpecification\",\"valueRequired\":true,\"valueName\":\"search_term_string\"}}],\"inLanguage\":\"es\"},{\"@type\":\"Organization\",\"@id\":\"https:\/\/fumot.uk\/#organization\",\"name\":\"Fumot Official Direct | Straight from the Factory, 100% Genuine\",\"url\":\"https:\/\/fumot.uk\/\",\"logo\":{\"@type\":\"ImageObject\",\"inLanguage\":\"es\",\"@id\":\"https:\/\/fumot.uk\/#\/schema\/logo\/image\/\",\"url\":\"https:\/\/fumot.uk\/wp-content\/uploads\/2026\/01\/cropped-fumot-logo1.png\",\"contentUrl\":\"https:\/\/fumot.uk\/wp-content\/uploads\/2026\/01\/cropped-fumot-logo1.png\",\"width\":152,\"height\":106,\"caption\":\"Fumot Official Direct | Straight from the Factory, 100% Genuine\"},\"image\":{\"@id\":\"https:\/\/fumot.uk\/#\/schema\/logo\/image\/\"}}]}<\/script>\n<!-- \/ Yoast SEO plugin. -->","yoast_head_json":{"title":"UZY Crystal 4-en-1 100000 Puffs \u2013 4 Sabores, 56ml","description":"UZY Crystal 4-en-1 vape desechable: hasta 100000 caladas, 56ml, bobina de malla cu\u00e1druple, pantalla LED, recarga Tipo\u2011C. 4 sabores en 1: fruta y hielo.","robots":{"index":"index","follow":"follow","max-snippet":"max-snippet:-1","max-image-preview":"max-image-preview:large","max-video-preview":"max-video-preview:-1"},"canonical":"https:\/\/fumot.uk\/es\/product\/uzy-crystal-4-in-1-100000-puffs-strawberry-watermelon-blue-razz-ice-blueberry-raspberry-cherry-fizzy-cherry-ice\/","og_locale":"es_ES","og_type":"article","og_title":"UZY Crystal 4-in-1: 100000 Puffs, 4 Flavors in One","og_description":"Twist-to-switch quad flavors\u2014Strawberry Watermelon, Blue Razz Ice, Blueberry Raspberry Cherry & Fizzy Cherry Ice. 56ml, quad mesh coil, LED display, Type\u2011C.","og_url":"https:\/\/fumot.uk\/es\/product\/uzy-crystal-4-in-1-100000-puffs-strawberry-watermelon-blue-razz-ice-blueberry-raspberry-cherry-fizzy-cherry-ice\/","og_site_name":"Fumot Official Direct | Straight from the Factory, 100% Genuine","article_modified_time":"2026-01-20T09:11:09+00:00","og_image":[{"width":2500,"height":2500,"url":"https:\/\/fumot.uk\/wp-content\/uploads\/2026\/01\/UZY-Crystal-4-in-1-100000-Puffs-HeyVape-strawberry-watermelon-blue-razz-ice-blueberry-raspberry-cherry-fizzy-cherry-ice.jpg","type":"image\/jpeg"}],"twitter_card":"summary_large_image","twitter_misc":{"Tiempo de lectura":"2 minutos"},"schema":{"@context":"https:\/\/schema.org","@graph":[{"@type":"WebPage","@id":"https:\/\/fumot.uk\/product\/uzy-crystal-4-in-1-100000-puffs-strawberry-watermelon-blue-razz-ice-blueberry-raspberry-cherry-fizzy-cherry-ice\/","url":"https:\/\/fumot.uk\/product\/uzy-crystal-4-in-1-100000-puffs-strawberry-watermelon-blue-razz-ice-blueberry-raspberry-cherry-fizzy-cherry-ice\/","name":"UZY Crystal 4-en-1 100000 Puffs \u2013 4 Sabores, 56ml","isPartOf":{"@id":"https:\/\/fumot.uk\/#website"},"primaryImageOfPage":{"@id":"https:\/\/fumot.uk\/product\/uzy-crystal-4-in-1-100000-puffs-strawberry-watermelon-blue-razz-ice-blueberry-raspberry-cherry-fizzy-cherry-ice\/#primaryimage"},"image":{"@id":"https:\/\/fumot.uk\/product\/uzy-crystal-4-in-1-100000-puffs-strawberry-watermelon-blue-razz-ice-blueberry-raspberry-cherry-fizzy-cherry-ice\/#primaryimage"},"thumbnailUrl":"https:\/\/fumot.uk\/wp-content\/uploads\/2026\/01\/UZY-Crystal-4-in-1-100000-Puffs-HeyVape-strawberry-watermelon-blue-razz-ice-blueberry-raspberry-cherry-fizzy-cherry-ice.jpg","datePublished":"2026-01-20T08:21:39+00:00","dateModified":"2026-01-20T09:11:09+00:00","description":"UZY Crystal 4-en-1 vape desechable: hasta 100000 caladas, 56ml, bobina de malla cu\u00e1druple, pantalla LED, recarga Tipo\u2011C. 4 sabores en 1: fruta y hielo.","breadcrumb":{"@id":"https:\/\/fumot.uk\/product\/uzy-crystal-4-in-1-100000-puffs-strawberry-watermelon-blue-razz-ice-blueberry-raspberry-cherry-fizzy-cherry-ice\/#breadcrumb"},"inLanguage":"es","potentialAction":[{"@type":"ReadAction","target":["https:\/\/fumot.uk\/product\/uzy-crystal-4-in-1-100000-puffs-strawberry-watermelon-blue-razz-ice-blueberry-raspberry-cherry-fizzy-cherry-ice\/"]}]},{"@type":"ImageObject","inLanguage":"es","@id":"https:\/\/fumot.uk\/product\/uzy-crystal-4-in-1-100000-puffs-strawberry-watermelon-blue-razz-ice-blueberry-raspberry-cherry-fizzy-cherry-ice\/#primaryimage","url":"https:\/\/fumot.uk\/wp-content\/uploads\/2026\/01\/UZY-Crystal-4-in-1-100000-Puffs-HeyVape-strawberry-watermelon-blue-razz-ice-blueberry-raspberry-cherry-fizzy-cherry-ice.jpg","contentUrl":"https:\/\/fumot.uk\/wp-content\/uploads\/2026\/01\/UZY-Crystal-4-in-1-100000-Puffs-HeyVape-strawberry-watermelon-blue-razz-ice-blueberry-raspberry-cherry-fizzy-cherry-ice.jpg","width":2500,"height":2500},{"@type":"BreadcrumbList","@id":"https:\/\/fumot.uk\/product\/uzy-crystal-4-in-1-100000-puffs-strawberry-watermelon-blue-razz-ice-blueberry-raspberry-cherry-fizzy-cherry-ice\/#breadcrumb","itemListElement":[{"@type":"ListItem","position":1,"name":"Home","item":"https:\/\/fumot.uk\/"},{"@type":"ListItem","position":2,"name":"Shop","item":"https:\/\/fumot.uk\/shop\/"},{"@type":"ListItem","position":3,"name":"UZY Crystal 4-in-1 Disposable Vape 100000 Puffs (56ml) \u2013 Strawberry Watermelon, Blue Razz Ice, Blueberry Raspberry Cherry &#038; Fizzy Cherry Ice"}]},{"@type":"WebSite","@id":"https:\/\/fumot.uk\/#website","url":"https:\/\/fumot.uk\/","name":"Fumot Official Direct | Directo desde la f\u00e1brica, 100% Original","description":"Sitio Oficial","publisher":{"@id":"https:\/\/fumot.uk\/#organization"},"potentialAction":[{"@type":"SearchAction","target":{"@type":"EntryPoint","urlTemplate":"https:\/\/fumot.uk\/?s={search_term_string}"},"query-input":{"@type":"PropertyValueSpecification","valueRequired":true,"valueName":"search_term_string"}}],"inLanguage":"es"},{"@type":"Organization","@id":"https:\/\/fumot.uk\/#organization","name":"Fumot Official Direct | Directo desde la f\u00e1brica, 100% Original","url":"https:\/\/fumot.uk\/","logo":{"@type":"ImageObject","inLanguage":"es","@id":"https:\/\/fumot.uk\/#\/schema\/logo\/image\/","url":"https:\/\/fumot.uk\/wp-content\/uploads\/2026\/01\/cropped-fumot-logo1.png","contentUrl":"https:\/\/fumot.uk\/wp-content\/uploads\/2026\/01\/cropped-fumot-logo1.png","width":152,"height":106,"caption":"Fumot Official Direct | Straight from the Factory, 100% Genuine"},"image":{"@id":"https:\/\/fumot.uk\/#\/schema\/logo\/image\/"}}]}},"_links":{"self":[{"href":"https:\/\/fumot.uk\/es\/wp-json\/wp\/v2\/product\/1694","targetHints":{"allow":["GET"]}}],"collection":[{"href":"https:\/\/fumot.uk\/es\/wp-json\/wp\/v2\/product"}],"about":[{"href":"https:\/\/fumot.uk\/es\/wp-json\/wp\/v2\/types\/product"}],"replies":[{"embeddable":true,"href":"https:\/\/fumot.uk\/es\/wp-json\/wp\/v2\/comments?post=1694"}],"wp:featuredmedia":[{"embeddable":true,"href":"https:\/\/fumot.uk\/es\/wp-json\/wp\/v2\/media\/1740"}],"wp:attachment":[{"href":"https:\/\/fumot.uk\/es\/wp-json\/wp\/v2\/media?parent=1694"}],"wp:term":[{"taxonomy":"product_brand","embeddable":true,"href":"https:\/\/fumot.uk\/es\/wp-json\/wp\/v2\/product_brand?post=1694"},{"taxonomy":"product_cat","embeddable":true,"href":"https:\/\/fumot.uk\/es\/wp-json\/wp\/v2\/product_cat?post=1694"},{"taxonomy":"product_tag","embeddable":true,"href":"https:\/\/fumot.uk\/es\/wp-json\/wp\/v2\/product_tag?post=1694"}],"curies":[{"name":"wp","href":"https:\/\/api.w.org\/{rel}","templated":true}]}}