{"id":1679,"date":"2026-01-20T08:21:13","date_gmt":"2026-01-20T08:21:13","guid":{"rendered":"https:\/\/fumot.uk\/?post_type=product&#038;p=1679"},"modified":"2026-01-20T09:14:03","modified_gmt":"2026-01-20T09:14:03","slug":"uzy-tornado-30000-puffs-blue-razz-lemonade-watermelon-bubblegum-dual-flavor-vape","status":"publish","type":"product","link":"https:\/\/fumot.uk\/es\/product\/uzy-tornado-30000-puffs-blue-razz-lemonade-watermelon-bubblegum-dual-flavor-vape\/","title":{"rendered":"UZY Tornado 30000 Puffs Vape Desechable de Doble Sabor \u2013 Blue Razz Lemonade &amp; Watermelon Bubblegum (40ml, Display, 850mAh USB-C)"},"content":{"rendered":"<h2>UZY Tornado 30000 Puffs Dual-Flavor Vape \u2013 Sabor Intercambiable, Un Dispositivo<\/h2>\n<p><strong>UZY Tornado 30000 Puffs<\/strong> est\u00e1 dise\u00f1ado para la variedad. Con un ingenioso <strong>sistema de doble sabor<\/strong>, puedes cambiar tu experiencia de vapeo en segundos\u2014simplemente gira la boquilla para alternar entre <strong>Limonada Blue Razz<\/strong> y <strong>Chicle de Sand\u00eda<\/strong>. Sin dispositivo adicional, sin complicaciones\u2014solo dos sabores distintos listos cuando t\u00fa lo est\u00e9s.<\/p>\n<h3>Por Qu\u00e9 Te Encantar\u00e1 el UZY Tornado 30000<\/h3>\n<ul>\n<li><strong>Pantalla completa:<\/strong> Pantalla clara en el dispositivo muestra <strong>nivel de bater\u00eda<\/strong> y <strong>el estado del e-l\u00edquido para ambos sabores<\/strong> para que siempre sepas lo que queda.<\/li>\n<li><strong>Flujo de aire ajustable:<\/strong> Ajusta tu calada de m\u00e1s suave a m\u00e1s intensa\u2014seg\u00fan tu preferencia.<\/li>\n<li><strong>Doble bobina de malla:<\/strong> Dise\u00f1ado para un calentamiento constante y una inhalaci\u00f3n limpia, sabrosa y suave.<\/li>\n<li><strong>Hasta 30000 caladas:<\/strong> Uso prolongado para menos reemplazos (var\u00eda seg\u00fan el estilo de uso).<\/li>\n<li><strong>Capacidad de 40ml de e-l\u00edquido:<\/strong> Volumen generoso para un disfrute prolongado.<\/li>\n<li><strong>Bater\u00eda recargable de 850mAh:<\/strong> Energ\u00eda confiable con <strong>USB Tipo-C<\/strong> carga.<\/li>\n<li><strong>Opciones de nicotina:<\/strong> Disponible en <strong>0%, 2%, 3%, 5%<\/strong> para adaptarse a tu preferencia.<\/li>\n<\/ul>\n<h3>Destacado de Sabor: Limonada de Blue Razz &amp; Chicle de Sand\u00eda<\/h3>\n<p>Esta combinaci\u00f3n est\u00e1 hecha para vapeadores que gustan de perfiles l\u00fadicos y frutales\u2014brillante por un lado, dulce y nost\u00e1lgico por el otro.<\/p>\n<h4>Limonada Blue Razz<\/h4>\n<p>Piensa en limonada \u00e1cida con un audaz estallido de frambuesa azul. Es <strong>picante, con brillo de bayas y refrescantemente agudo<\/strong>\u2014una gran elecci\u00f3n cuando quieres algo animado y crujiente.<\/p>\n<h4>Chicle de Sand\u00eda<\/h4>\n<p>La jugosa sand\u00eda se encuentra con la dulzura cl\u00e1sica del chicle para un <strong>acabado suave, como de caramelo<\/strong>. Suave, dulce y relajado\u2014perfecto cuando est\u00e1s de humor para algo l\u00fadico.<\/p>\n<h3>Especificaciones R\u00e1pidas<\/h3>\n<ul>\n<li><strong>Categor\u00eda:<\/strong> Vape desechable de 30000 caladas \/ Einweg E-Zigarette<\/li>\n<li><strong>E-l\u00edquido:<\/strong> 40ml<\/li>\n<li><strong>Bater\u00eda:<\/strong> 850mAh recargable<\/li>\n<li><strong>Carga:<\/strong> Type-C<\/li>\n<li><strong>Bobina:<\/strong> Doble Malla<\/li>\n<li><strong>Pantalla:<\/strong> Indicador de bater\u00eda + l\u00edquido (doble sabor)<\/li>\n<li><strong>Fortalezas de nicotina:<\/strong> 0%, 2%, 3%, 5%<\/li>\n<\/ul>\n<p>Explora m\u00e1s opciones de sabor y \u00faltimas llegadas en <a href=\"https:\/\/fumot.uk\/es\/\">fumot.uk<\/a>.<\/p>","protected":false},"excerpt":{"rendered":"<p>UZY Tornado 30000 Puffs vape desechable de doble sabor con Blue Razz Lemonade &amp; Watermelon Bubblegum intercambiables. 40ml, pantalla, flujo de aire ajustable, bobina de malla dual, 850mAh USB-C, 0\u20135% nicotina.<\/p>","protected":false},"featured_media":1737,"comment_status":"open","ping_status":"closed","template":"","meta":[],"product_brand":[],"product_cat":[125,126,17],"product_tag":[112,20,22,49,72,23,114,73,48,26,62,28,32],"class_list":{"0":"post-1679","1":"product","2":"type-product","3":"status-publish","4":"has-post-thumbnail","6":"product_cat-30000-puff","7":"product_cat-uzy-tornado-30000-puffs","8":"product_cat-vape","9":"product_tag-40ml","10":"product_tag-850mah","11":"product_tag-blue-razz","12":"product_tag-bubblegum","13":"product_tag-direct-to-lung","14":"product_tag-display","15":"product_tag-dual-flavor","16":"product_tag-dual-mesh","17":"product_tag-lemonade","18":"product_tag-rechargeable","19":"product_tag-sale-vape","20":"product_tag-type-c","21":"product_tag-watermelon","23":"first","24":"instock","25":"sale","26":"shipping-taxable","27":"purchasable","28":"product-type-variable","29":"has-default-attributes"},"yoast_head":"<!-- This site is optimized with the Yoast SEO plugin v26.8 - https:\/\/yoast.com\/product\/yoast-seo-wordpress\/ -->\n<title>UZY Tornado 30000 Puffs Dual Flavor | Blue Razz &amp; Melon<\/title>\n<meta name=\"description\" content=\"UZY Tornado 30000 Puffs dual-flavor vape: rotate to switch Blue Razz Lemonade &amp; Watermelon Bubblegum. 40ml, display, airflow control, 850mAh USB-C.\" \/>\n<meta name=\"robots\" content=\"index, follow, max-snippet:-1, max-image-preview:large, max-video-preview:-1\" \/>\n<link rel=\"canonical\" href=\"https:\/\/fumot.uk\/es\/product\/uzy-tornado-30000-puffs-blue-razz-lemonade-watermelon-bubblegum-dual-flavor-vape\/\" \/>\n<meta property=\"og:locale\" content=\"es_ES\" \/>\n<meta property=\"og:type\" content=\"article\" \/>\n<meta property=\"og:title\" content=\"UZY Tornado 30000 Puffs \u2013 Blue Razz Lemonade &amp; Watermelon Bubblegum\" \/>\n<meta property=\"og:description\" content=\"Two flavors in one device. Rotate to switch between Blue Razz Lemonade and Watermelon Bubblegum. 40ml, display, adjustable airflow, dual mesh, USB-C rechargeable.\" \/>\n<meta property=\"og:url\" content=\"https:\/\/fumot.uk\/es\/product\/uzy-tornado-30000-puffs-blue-razz-lemonade-watermelon-bubblegum-dual-flavor-vape\/\" \/>\n<meta property=\"og:site_name\" content=\"Fumot Official Direct | Straight from the Factory, 100% Genuine\" \/>\n<meta property=\"article:modified_time\" content=\"2026-01-20T09:14:03+00:00\" \/>\n<meta property=\"og:image\" content=\"https:\/\/fumot.uk\/wp-content\/uploads\/2026\/01\/blue-Razz-lemonade-watermelon-bubblegum-_UZY-TORNADO-30000-Puffs-Disposable-Vape-scaled-1-1024x1024.png\" \/>\n\t<meta property=\"og:image:width\" content=\"1024\" \/>\n\t<meta property=\"og:image:height\" content=\"1024\" \/>\n\t<meta property=\"og:image:type\" content=\"image\/png\" \/>\n<meta name=\"twitter:card\" content=\"summary_large_image\" \/>\n<meta name=\"twitter:label1\" content=\"Tiempo de lectura\" \/>\n\t<meta name=\"twitter:data1\" content=\"2 minutos\" \/>\n<script type=\"application\/ld+json\" class=\"yoast-schema-graph\">{\"@context\":\"https:\/\/schema.org\",\"@graph\":[{\"@type\":\"WebPage\",\"@id\":\"https:\/\/fumot.uk\/product\/uzy-tornado-30000-puffs-blue-razz-lemonade-watermelon-bubblegum-dual-flavor-vape\/\",\"url\":\"https:\/\/fumot.uk\/product\/uzy-tornado-30000-puffs-blue-razz-lemonade-watermelon-bubblegum-dual-flavor-vape\/\",\"name\":\"UZY Tornado 30000 Puffs Dual Flavor | Blue Razz & Melon\",\"isPartOf\":{\"@id\":\"https:\/\/fumot.uk\/#website\"},\"primaryImageOfPage\":{\"@id\":\"https:\/\/fumot.uk\/product\/uzy-tornado-30000-puffs-blue-razz-lemonade-watermelon-bubblegum-dual-flavor-vape\/#primaryimage\"},\"image\":{\"@id\":\"https:\/\/fumot.uk\/product\/uzy-tornado-30000-puffs-blue-razz-lemonade-watermelon-bubblegum-dual-flavor-vape\/#primaryimage\"},\"thumbnailUrl\":\"https:\/\/fumot.uk\/wp-content\/uploads\/2026\/01\/blue-Razz-lemonade-watermelon-bubblegum-_UZY-TORNADO-30000-Puffs-Disposable-Vape-scaled-1.png\",\"datePublished\":\"2026-01-20T08:21:13+00:00\",\"dateModified\":\"2026-01-20T09:14:03+00:00\",\"description\":\"UZY Tornado 30000 Puffs dual-flavor vape: rotate to switch Blue Razz Lemonade & Watermelon Bubblegum. 40ml, display, airflow control, 850mAh USB-C.\",\"breadcrumb\":{\"@id\":\"https:\/\/fumot.uk\/product\/uzy-tornado-30000-puffs-blue-razz-lemonade-watermelon-bubblegum-dual-flavor-vape\/#breadcrumb\"},\"inLanguage\":\"es\",\"potentialAction\":[{\"@type\":\"ReadAction\",\"target\":[\"https:\/\/fumot.uk\/product\/uzy-tornado-30000-puffs-blue-razz-lemonade-watermelon-bubblegum-dual-flavor-vape\/\"]}]},{\"@type\":\"ImageObject\",\"inLanguage\":\"es\",\"@id\":\"https:\/\/fumot.uk\/product\/uzy-tornado-30000-puffs-blue-razz-lemonade-watermelon-bubblegum-dual-flavor-vape\/#primaryimage\",\"url\":\"https:\/\/fumot.uk\/wp-content\/uploads\/2026\/01\/blue-Razz-lemonade-watermelon-bubblegum-_UZY-TORNADO-30000-Puffs-Disposable-Vape-scaled-1.png\",\"contentUrl\":\"https:\/\/fumot.uk\/wp-content\/uploads\/2026\/01\/blue-Razz-lemonade-watermelon-bubblegum-_UZY-TORNADO-30000-Puffs-Disposable-Vape-scaled-1.png\",\"width\":2560,\"height\":2560},{\"@type\":\"BreadcrumbList\",\"@id\":\"https:\/\/fumot.uk\/product\/uzy-tornado-30000-puffs-blue-razz-lemonade-watermelon-bubblegum-dual-flavor-vape\/#breadcrumb\",\"itemListElement\":[{\"@type\":\"ListItem\",\"position\":1,\"name\":\"Home\",\"item\":\"https:\/\/fumot.uk\/\"},{\"@type\":\"ListItem\",\"position\":2,\"name\":\"Shop\",\"item\":\"https:\/\/fumot.uk\/shop\/\"},{\"@type\":\"ListItem\",\"position\":3,\"name\":\"UZY Tornado 30000 Puffs Dual Flavor Disposable Vape \u2013 Blue Razz Lemonade &#038; Watermelon Bubblegum (40ml, Display, 850mAh USB-C)\"}]},{\"@type\":\"WebSite\",\"@id\":\"https:\/\/fumot.uk\/#website\",\"url\":\"https:\/\/fumot.uk\/\",\"name\":\"Fumot Official Direct | Straight from the Factory, 100% Genuine\",\"description\":\"Official Website\",\"publisher\":{\"@id\":\"https:\/\/fumot.uk\/#organization\"},\"potentialAction\":[{\"@type\":\"SearchAction\",\"target\":{\"@type\":\"EntryPoint\",\"urlTemplate\":\"https:\/\/fumot.uk\/?s={search_term_string}\"},\"query-input\":{\"@type\":\"PropertyValueSpecification\",\"valueRequired\":true,\"valueName\":\"search_term_string\"}}],\"inLanguage\":\"es\"},{\"@type\":\"Organization\",\"@id\":\"https:\/\/fumot.uk\/#organization\",\"name\":\"Fumot Official Direct | Straight from the Factory, 100% Genuine\",\"url\":\"https:\/\/fumot.uk\/\",\"logo\":{\"@type\":\"ImageObject\",\"inLanguage\":\"es\",\"@id\":\"https:\/\/fumot.uk\/#\/schema\/logo\/image\/\",\"url\":\"https:\/\/fumot.uk\/wp-content\/uploads\/2026\/01\/cropped-fumot-logo1.png\",\"contentUrl\":\"https:\/\/fumot.uk\/wp-content\/uploads\/2026\/01\/cropped-fumot-logo1.png\",\"width\":152,\"height\":106,\"caption\":\"Fumot Official Direct | Straight from the Factory, 100% Genuine\"},\"image\":{\"@id\":\"https:\/\/fumot.uk\/#\/schema\/logo\/image\/\"}}]}<\/script>\n<!-- \/ Yoast SEO plugin. -->","yoast_head_json":{"title":"UZY Tornado 30000 Puffs Doble Sabor | Blue Razz &amp; Mel\u00f3n","description":"UZY Tornado 30000 Puffs vape de doble sabor: gira para cambiar Limonada de Frambuesa Azul y Chicle de Sand\u00eda. 40ml, pantalla, control de flujo de aire, 850mAh USB-C.","robots":{"index":"index","follow":"follow","max-snippet":"max-snippet:-1","max-image-preview":"max-image-preview:large","max-video-preview":"max-video-preview:-1"},"canonical":"https:\/\/fumot.uk\/es\/product\/uzy-tornado-30000-puffs-blue-razz-lemonade-watermelon-bubblegum-dual-flavor-vape\/","og_locale":"es_ES","og_type":"article","og_title":"UZY Tornado 30000 Puffs \u2013 Blue Razz Lemonade & Watermelon Bubblegum","og_description":"Two flavors in one device. Rotate to switch between Blue Razz Lemonade and Watermelon Bubblegum. 40ml, display, adjustable airflow, dual mesh, USB-C rechargeable.","og_url":"https:\/\/fumot.uk\/es\/product\/uzy-tornado-30000-puffs-blue-razz-lemonade-watermelon-bubblegum-dual-flavor-vape\/","og_site_name":"Fumot Official Direct | Straight from the Factory, 100% Genuine","article_modified_time":"2026-01-20T09:14:03+00:00","og_image":[{"width":1024,"height":1024,"url":"https:\/\/fumot.uk\/wp-content\/uploads\/2026\/01\/blue-Razz-lemonade-watermelon-bubblegum-_UZY-TORNADO-30000-Puffs-Disposable-Vape-scaled-1-1024x1024.png","type":"image\/png"}],"twitter_card":"summary_large_image","twitter_misc":{"Tiempo de lectura":"2 minutos"},"schema":{"@context":"https:\/\/schema.org","@graph":[{"@type":"WebPage","@id":"https:\/\/fumot.uk\/product\/uzy-tornado-30000-puffs-blue-razz-lemonade-watermelon-bubblegum-dual-flavor-vape\/","url":"https:\/\/fumot.uk\/product\/uzy-tornado-30000-puffs-blue-razz-lemonade-watermelon-bubblegum-dual-flavor-vape\/","name":"UZY Tornado 30000 Puffs Doble Sabor | Blue Razz &amp; Mel\u00f3n","isPartOf":{"@id":"https:\/\/fumot.uk\/#website"},"primaryImageOfPage":{"@id":"https:\/\/fumot.uk\/product\/uzy-tornado-30000-puffs-blue-razz-lemonade-watermelon-bubblegum-dual-flavor-vape\/#primaryimage"},"image":{"@id":"https:\/\/fumot.uk\/product\/uzy-tornado-30000-puffs-blue-razz-lemonade-watermelon-bubblegum-dual-flavor-vape\/#primaryimage"},"thumbnailUrl":"https:\/\/fumot.uk\/wp-content\/uploads\/2026\/01\/blue-Razz-lemonade-watermelon-bubblegum-_UZY-TORNADO-30000-Puffs-Disposable-Vape-scaled-1.png","datePublished":"2026-01-20T08:21:13+00:00","dateModified":"2026-01-20T09:14:03+00:00","description":"UZY Tornado 30000 Puffs vape de doble sabor: gira para cambiar Limonada de Frambuesa Azul y Chicle de Sand\u00eda. 40ml, pantalla, control de flujo de aire, 850mAh USB-C.","breadcrumb":{"@id":"https:\/\/fumot.uk\/product\/uzy-tornado-30000-puffs-blue-razz-lemonade-watermelon-bubblegum-dual-flavor-vape\/#breadcrumb"},"inLanguage":"es","potentialAction":[{"@type":"ReadAction","target":["https:\/\/fumot.uk\/product\/uzy-tornado-30000-puffs-blue-razz-lemonade-watermelon-bubblegum-dual-flavor-vape\/"]}]},{"@type":"ImageObject","inLanguage":"es","@id":"https:\/\/fumot.uk\/product\/uzy-tornado-30000-puffs-blue-razz-lemonade-watermelon-bubblegum-dual-flavor-vape\/#primaryimage","url":"https:\/\/fumot.uk\/wp-content\/uploads\/2026\/01\/blue-Razz-lemonade-watermelon-bubblegum-_UZY-TORNADO-30000-Puffs-Disposable-Vape-scaled-1.png","contentUrl":"https:\/\/fumot.uk\/wp-content\/uploads\/2026\/01\/blue-Razz-lemonade-watermelon-bubblegum-_UZY-TORNADO-30000-Puffs-Disposable-Vape-scaled-1.png","width":2560,"height":2560},{"@type":"BreadcrumbList","@id":"https:\/\/fumot.uk\/product\/uzy-tornado-30000-puffs-blue-razz-lemonade-watermelon-bubblegum-dual-flavor-vape\/#breadcrumb","itemListElement":[{"@type":"ListItem","position":1,"name":"Home","item":"https:\/\/fumot.uk\/"},{"@type":"ListItem","position":2,"name":"Shop","item":"https:\/\/fumot.uk\/shop\/"},{"@type":"ListItem","position":3,"name":"UZY Tornado 30000 Puffs Dual Flavor Disposable Vape \u2013 Blue Razz Lemonade &#038; Watermelon Bubblegum (40ml, Display, 850mAh USB-C)"}]},{"@type":"WebSite","@id":"https:\/\/fumot.uk\/#website","url":"https:\/\/fumot.uk\/","name":"Fumot Official Direct | Directo desde la f\u00e1brica, 100% Original","description":"Sitio Oficial","publisher":{"@id":"https:\/\/fumot.uk\/#organization"},"potentialAction":[{"@type":"SearchAction","target":{"@type":"EntryPoint","urlTemplate":"https:\/\/fumot.uk\/?s={search_term_string}"},"query-input":{"@type":"PropertyValueSpecification","valueRequired":true,"valueName":"search_term_string"}}],"inLanguage":"es"},{"@type":"Organization","@id":"https:\/\/fumot.uk\/#organization","name":"Fumot Official Direct | Directo desde la f\u00e1brica, 100% Original","url":"https:\/\/fumot.uk\/","logo":{"@type":"ImageObject","inLanguage":"es","@id":"https:\/\/fumot.uk\/#\/schema\/logo\/image\/","url":"https:\/\/fumot.uk\/wp-content\/uploads\/2026\/01\/cropped-fumot-logo1.png","contentUrl":"https:\/\/fumot.uk\/wp-content\/uploads\/2026\/01\/cropped-fumot-logo1.png","width":152,"height":106,"caption":"Fumot Official Direct | Straight from the Factory, 100% Genuine"},"image":{"@id":"https:\/\/fumot.uk\/#\/schema\/logo\/image\/"}}]}},"_links":{"self":[{"href":"https:\/\/fumot.uk\/es\/wp-json\/wp\/v2\/product\/1679","targetHints":{"allow":["GET"]}}],"collection":[{"href":"https:\/\/fumot.uk\/es\/wp-json\/wp\/v2\/product"}],"about":[{"href":"https:\/\/fumot.uk\/es\/wp-json\/wp\/v2\/types\/product"}],"replies":[{"embeddable":true,"href":"https:\/\/fumot.uk\/es\/wp-json\/wp\/v2\/comments?post=1679"}],"wp:featuredmedia":[{"embeddable":true,"href":"https:\/\/fumot.uk\/es\/wp-json\/wp\/v2\/media\/1737"}],"wp:attachment":[{"href":"https:\/\/fumot.uk\/es\/wp-json\/wp\/v2\/media?parent=1679"}],"wp:term":[{"taxonomy":"product_brand","embeddable":true,"href":"https:\/\/fumot.uk\/es\/wp-json\/wp\/v2\/product_brand?post=1679"},{"taxonomy":"product_cat","embeddable":true,"href":"https:\/\/fumot.uk\/es\/wp-json\/wp\/v2\/product_cat?post=1679"},{"taxonomy":"product_tag","embeddable":true,"href":"https:\/\/fumot.uk\/es\/wp-json\/wp\/v2\/product_tag?post=1679"}],"curies":[{"name":"wp","href":"https:\/\/api.w.org\/{rel}","templated":true}]}}