{"id":1672,"date":"2026-01-20T08:21:11","date_gmt":"2026-01-20T08:21:11","guid":{"rendered":"https:\/\/fumot.uk\/?post_type=product&#038;p=1672"},"modified":"2026-01-20T09:18:48","modified_gmt":"2026-01-20T09:18:48","slug":"uzy-tornado-30000-puffs-watermelon-ice-lemon-lime-dual-flavor-vape","status":"publish","type":"product","link":"https:\/\/fumot.uk\/es\/product\/uzy-tornado-30000-puffs-watermelon-ice-lemon-lime-dual-flavor-vape\/","title":{"rendered":"UZY Tornado 30000 Puffs Dual Flavor Disposable Vape \u2013 Hielo de Sand\u00eda &amp; Lim\u00f3n Lima | 40ml, 850mAh, Tipo\u2011C, Pantalla"},"content":{"rendered":"<h2>UZY Tornado 30000 Puffs Vape de Doble Sabor (Sand\u00eda Hielo &amp; Lim\u00f3n Lima)<\/h2>\n<p>Conoce el <strong>UZY Tornado 30000 Puffs<\/strong>\u2014a <strong>vape desechable de doble sabor<\/strong> dise\u00f1ado para variedad y sesiones largas. Simplemente <strong>gira la boquilla<\/strong> para cambiar entre dos sabores cuando quieras\u2014sin segundo dispositivo, sin complicaciones. Descubre m\u00e1s opciones en nuestra <a href=\"https:\/\/fumot.uk\/es\/product-category\/uzy-tornado-30000-puffs\/\">colecci\u00f3n UZY Tornado 30000 Puffs<\/a>.<\/p>\n<h3>Dos sabores frescos de verano en un solo dispositivo<\/h3>\n<p><strong>Hielo de Sand\u00eda<\/strong> ofrece la dulzura jugosa de la sand\u00eda terminada con una brisa limpia y fresca\u2014crujiente y f\u00e1cil de disfrutar durante todo el d\u00eda.<\/p>\n<p><strong>Lim\u00f3n Lima<\/strong> mezcla lim\u00f3n brillante con lima picante para un perfil c\u00edtrico burbujeante con una ligera dulzura\u2014como un vape estilo limonada fr\u00eda.<\/p>\n<p>Cambia entre <strong>frutal-fresco<\/strong> y <strong>c\u00edtrico-brillante<\/strong> en segundos para mantener cada bocanada fresca.<\/p>\n<h3>Dise\u00f1ado para control, comodidad y consistencia<\/h3>\n<ul>\n<li><strong>Pantalla completa<\/strong>: muestra claramente <strong>bater\u00eda<\/strong> y <strong>niveles de e-l\u00edquido<\/strong> para ambos sabores de un vistazo.<\/li>\n<li><strong>Flujo de aire ajustable<\/strong>: ajusta tu inhalaci\u00f3n de m\u00e1s suave a m\u00e1s intensa.<\/li>\n<li><strong>Bobina de malla dual<\/strong>: dise\u00f1ado para calentamiento uniforme y entrega constante de sabor.<\/li>\n<\/ul>\n<h3>Especificaciones clave<\/h3>\n<ul>\n<li><strong>Hasta 30000 caladas<\/strong> (var\u00eda seg\u00fan el uso)<\/li>\n<li><strong>Capacidad de 40ml de e\u2011l\u00edquido<\/strong><\/li>\n<li><strong>Bater\u00eda recargable de 850mAh<\/strong><\/li>\n<li><strong>la carga Tipo\u2011C<\/strong><\/li>\n<li><strong>Fortalezas de nicotina<\/strong>: 0%, 2%, 3%, 5%<\/li>\n<li><strong>Estilo<\/strong>: vape desechable de doble sabor con interruptor giratorio<\/li>\n<\/ul>\n<h3>Por qu\u00e9 encaja en tu rotaci\u00f3n diaria<\/h3>\n<p>Si te gustan <strong>fruta fresca como hielo<\/strong> y <strong>c\u00edtrico intenso<\/strong>, esta combinaci\u00f3n UZY Tornado mantiene las cosas animadas\u2014sand\u00eda fresca cuando quieres un refresco suave, y lim\u00f3n-lima cuando quieres un golpe m\u00e1s brillante y en\u00e9rgico. Explora m\u00e1s vapes de doble sabor en <a href=\"https:\/\/fumot.uk\/es\/\">fumot.uk<\/a>.<\/p>","protected":false},"excerpt":{"rendered":"<p>Vape desechable UZY Tornado 30000 Puffs de doble sabor con giro para cambiar entre Sand\u00eda Helada y Lim\u00f3n Lima. 40ml, 850mAh recargable, Tipo\u2011C, pantalla, flujo de aire ajustable, bobina de malla dual. Nicotina: 0\/2\/3\/5%.<\/p>","protected":false},"featured_media":1722,"comment_status":"open","ping_status":"closed","template":"","meta":[],"product_brand":[],"product_cat":[125,126,17],"product_tag":[112,20,72,23,114,73,29,67,26,62,28,32],"class_list":{"0":"post-1672","1":"product","2":"type-product","3":"status-publish","4":"has-post-thumbnail","6":"product_cat-30000-puff","7":"product_cat-uzy-tornado-30000-puffs","8":"product_cat-vape","9":"product_tag-40ml","10":"product_tag-850mah","11":"product_tag-direct-to-lung","12":"product_tag-display","13":"product_tag-dual-flavor","14":"product_tag-dual-mesh","15":"product_tag-ice","16":"product_tag-lemon-and-lime","17":"product_tag-rechargeable","18":"product_tag-sale-vape","19":"product_tag-type-c","20":"product_tag-watermelon","22":"first","23":"instock","24":"sale","25":"shipping-taxable","26":"purchasable","27":"product-type-variable","28":"has-default-attributes"},"yoast_head":"<!-- This site is optimized with the Yoast SEO plugin v26.8 - https:\/\/yoast.com\/product\/yoast-seo-wordpress\/ -->\n<title>UZY Tornado 30000 Puffs Watermelon Ice &amp; Lemon Lime<\/title>\n<meta name=\"description\" content=\"UZY Tornado 30000 Puffs dual\u2011flavor disposable vape: twist to switch Watermelon Ice &amp; Lemon Lime. 40ml, 850mAh Type\u2011C, display, airflow control.\" \/>\n<meta name=\"robots\" content=\"index, follow, max-snippet:-1, max-image-preview:large, max-video-preview:-1\" \/>\n<link rel=\"canonical\" href=\"https:\/\/fumot.uk\/es\/product\/uzy-tornado-30000-puffs-watermelon-ice-lemon-lime-dual-flavor-vape\/\" \/>\n<meta property=\"og:locale\" content=\"es_ES\" \/>\n<meta property=\"og:type\" content=\"article\" \/>\n<meta property=\"og:title\" content=\"UZY Tornado 30000 Puffs \u2013 Watermelon Ice &amp; Lemon Lime (Dual Flavor)\" \/>\n<meta property=\"og:description\" content=\"Twist to switch between Watermelon Ice and Lemon Lime. 40ml e\u2011liquid, 850mAh rechargeable battery, Type\u2011C charging, display, adjustable airflow and dual mesh coil.\" \/>\n<meta property=\"og:url\" content=\"https:\/\/fumot.uk\/es\/product\/uzy-tornado-30000-puffs-watermelon-ice-lemon-lime-dual-flavor-vape\/\" \/>\n<meta property=\"og:site_name\" content=\"Fumot Official Direct | Straight from the Factory, 100% Genuine\" \/>\n<meta property=\"article:modified_time\" content=\"2026-01-20T09:18:48+00:00\" \/>\n<meta property=\"og:image\" content=\"https:\/\/fumot.uk\/wp-content\/uploads\/2026\/01\/UZY-Tornado-30Puffs-Disposable-Vape-watermelon-ice-Lemon-lime-scaled-1-1024x1024.png\" \/>\n\t<meta property=\"og:image:width\" content=\"1024\" \/>\n\t<meta property=\"og:image:height\" content=\"1024\" \/>\n\t<meta property=\"og:image:type\" content=\"image\/png\" \/>\n<meta name=\"twitter:card\" content=\"summary_large_image\" \/>\n<meta name=\"twitter:label1\" content=\"Tiempo de lectura\" \/>\n\t<meta name=\"twitter:data1\" content=\"2 minutos\" \/>\n<script type=\"application\/ld+json\" class=\"yoast-schema-graph\">{\"@context\":\"https:\/\/schema.org\",\"@graph\":[{\"@type\":\"WebPage\",\"@id\":\"https:\/\/fumot.uk\/product\/uzy-tornado-30000-puffs-watermelon-ice-lemon-lime-dual-flavor-vape\/\",\"url\":\"https:\/\/fumot.uk\/product\/uzy-tornado-30000-puffs-watermelon-ice-lemon-lime-dual-flavor-vape\/\",\"name\":\"UZY Tornado 30000 Puffs Watermelon Ice & Lemon Lime\",\"isPartOf\":{\"@id\":\"https:\/\/fumot.uk\/#website\"},\"primaryImageOfPage\":{\"@id\":\"https:\/\/fumot.uk\/product\/uzy-tornado-30000-puffs-watermelon-ice-lemon-lime-dual-flavor-vape\/#primaryimage\"},\"image\":{\"@id\":\"https:\/\/fumot.uk\/product\/uzy-tornado-30000-puffs-watermelon-ice-lemon-lime-dual-flavor-vape\/#primaryimage\"},\"thumbnailUrl\":\"https:\/\/fumot.uk\/wp-content\/uploads\/2026\/01\/UZY-Tornado-30Puffs-Disposable-Vape-watermelon-ice-Lemon-lime-scaled-1.png\",\"datePublished\":\"2026-01-20T08:21:11+00:00\",\"dateModified\":\"2026-01-20T09:18:48+00:00\",\"description\":\"UZY Tornado 30000 Puffs dual\u2011flavor disposable vape: twist to switch Watermelon Ice & Lemon Lime. 40ml, 850mAh Type\u2011C, display, airflow control.\",\"breadcrumb\":{\"@id\":\"https:\/\/fumot.uk\/product\/uzy-tornado-30000-puffs-watermelon-ice-lemon-lime-dual-flavor-vape\/#breadcrumb\"},\"inLanguage\":\"es\",\"potentialAction\":[{\"@type\":\"ReadAction\",\"target\":[\"https:\/\/fumot.uk\/product\/uzy-tornado-30000-puffs-watermelon-ice-lemon-lime-dual-flavor-vape\/\"]}]},{\"@type\":\"ImageObject\",\"inLanguage\":\"es\",\"@id\":\"https:\/\/fumot.uk\/product\/uzy-tornado-30000-puffs-watermelon-ice-lemon-lime-dual-flavor-vape\/#primaryimage\",\"url\":\"https:\/\/fumot.uk\/wp-content\/uploads\/2026\/01\/UZY-Tornado-30Puffs-Disposable-Vape-watermelon-ice-Lemon-lime-scaled-1.png\",\"contentUrl\":\"https:\/\/fumot.uk\/wp-content\/uploads\/2026\/01\/UZY-Tornado-30Puffs-Disposable-Vape-watermelon-ice-Lemon-lime-scaled-1.png\",\"width\":2560,\"height\":2560},{\"@type\":\"BreadcrumbList\",\"@id\":\"https:\/\/fumot.uk\/product\/uzy-tornado-30000-puffs-watermelon-ice-lemon-lime-dual-flavor-vape\/#breadcrumb\",\"itemListElement\":[{\"@type\":\"ListItem\",\"position\":1,\"name\":\"Home\",\"item\":\"https:\/\/fumot.uk\/\"},{\"@type\":\"ListItem\",\"position\":2,\"name\":\"Shop\",\"item\":\"https:\/\/fumot.uk\/shop\/\"},{\"@type\":\"ListItem\",\"position\":3,\"name\":\"UZY Tornado 30000 Puffs Dual Flavor Disposable Vape \u2013 Watermelon Ice &#038; Lemon Lime | 40ml, 850mAh, Type\u2011C, Display\"}]},{\"@type\":\"WebSite\",\"@id\":\"https:\/\/fumot.uk\/#website\",\"url\":\"https:\/\/fumot.uk\/\",\"name\":\"Fumot Official Direct | Straight from the Factory, 100% Genuine\",\"description\":\"Official Website\",\"publisher\":{\"@id\":\"https:\/\/fumot.uk\/#organization\"},\"potentialAction\":[{\"@type\":\"SearchAction\",\"target\":{\"@type\":\"EntryPoint\",\"urlTemplate\":\"https:\/\/fumot.uk\/?s={search_term_string}\"},\"query-input\":{\"@type\":\"PropertyValueSpecification\",\"valueRequired\":true,\"valueName\":\"search_term_string\"}}],\"inLanguage\":\"es\"},{\"@type\":\"Organization\",\"@id\":\"https:\/\/fumot.uk\/#organization\",\"name\":\"Fumot Official Direct | Straight from the Factory, 100% Genuine\",\"url\":\"https:\/\/fumot.uk\/\",\"logo\":{\"@type\":\"ImageObject\",\"inLanguage\":\"es\",\"@id\":\"https:\/\/fumot.uk\/#\/schema\/logo\/image\/\",\"url\":\"https:\/\/fumot.uk\/wp-content\/uploads\/2026\/01\/cropped-fumot-logo1.png\",\"contentUrl\":\"https:\/\/fumot.uk\/wp-content\/uploads\/2026\/01\/cropped-fumot-logo1.png\",\"width\":152,\"height\":106,\"caption\":\"Fumot Official Direct | Straight from the Factory, 100% Genuine\"},\"image\":{\"@id\":\"https:\/\/fumot.uk\/#\/schema\/logo\/image\/\"}}]}<\/script>\n<!-- \/ Yoast SEO plugin. -->","yoast_head_json":{"title":"UZY Tornado 30000 Puffs Sand\u00eda Hielo &amp; Lim\u00f3n Lima","description":"UZY Tornado 30000 Puffs vape desechable de doble sabor: gira para cambiar Hielo de Sand\u00eda &amp; Lim\u00f3n Lima. 40ml, 850mAh Tipo\u2011C, pantalla, control de flujo de aire.","robots":{"index":"index","follow":"follow","max-snippet":"max-snippet:-1","max-image-preview":"max-image-preview:large","max-video-preview":"max-video-preview:-1"},"canonical":"https:\/\/fumot.uk\/es\/product\/uzy-tornado-30000-puffs-watermelon-ice-lemon-lime-dual-flavor-vape\/","og_locale":"es_ES","og_type":"article","og_title":"UZY Tornado 30000 Puffs \u2013 Watermelon Ice & Lemon Lime (Dual Flavor)","og_description":"Twist to switch between Watermelon Ice and Lemon Lime. 40ml e\u2011liquid, 850mAh rechargeable battery, Type\u2011C charging, display, adjustable airflow and dual mesh coil.","og_url":"https:\/\/fumot.uk\/es\/product\/uzy-tornado-30000-puffs-watermelon-ice-lemon-lime-dual-flavor-vape\/","og_site_name":"Fumot Official Direct | Straight from the Factory, 100% Genuine","article_modified_time":"2026-01-20T09:18:48+00:00","og_image":[{"width":1024,"height":1024,"url":"https:\/\/fumot.uk\/wp-content\/uploads\/2026\/01\/UZY-Tornado-30Puffs-Disposable-Vape-watermelon-ice-Lemon-lime-scaled-1-1024x1024.png","type":"image\/png"}],"twitter_card":"summary_large_image","twitter_misc":{"Tiempo de lectura":"2 minutos"},"schema":{"@context":"https:\/\/schema.org","@graph":[{"@type":"WebPage","@id":"https:\/\/fumot.uk\/product\/uzy-tornado-30000-puffs-watermelon-ice-lemon-lime-dual-flavor-vape\/","url":"https:\/\/fumot.uk\/product\/uzy-tornado-30000-puffs-watermelon-ice-lemon-lime-dual-flavor-vape\/","name":"UZY Tornado 30000 Puffs Sand\u00eda Hielo &amp; Lim\u00f3n Lima","isPartOf":{"@id":"https:\/\/fumot.uk\/#website"},"primaryImageOfPage":{"@id":"https:\/\/fumot.uk\/product\/uzy-tornado-30000-puffs-watermelon-ice-lemon-lime-dual-flavor-vape\/#primaryimage"},"image":{"@id":"https:\/\/fumot.uk\/product\/uzy-tornado-30000-puffs-watermelon-ice-lemon-lime-dual-flavor-vape\/#primaryimage"},"thumbnailUrl":"https:\/\/fumot.uk\/wp-content\/uploads\/2026\/01\/UZY-Tornado-30Puffs-Disposable-Vape-watermelon-ice-Lemon-lime-scaled-1.png","datePublished":"2026-01-20T08:21:11+00:00","dateModified":"2026-01-20T09:18:48+00:00","description":"UZY Tornado 30000 Puffs vape desechable de doble sabor: gira para cambiar Hielo de Sand\u00eda &amp; Lim\u00f3n Lima. 40ml, 850mAh Tipo\u2011C, pantalla, control de flujo de aire.","breadcrumb":{"@id":"https:\/\/fumot.uk\/product\/uzy-tornado-30000-puffs-watermelon-ice-lemon-lime-dual-flavor-vape\/#breadcrumb"},"inLanguage":"es","potentialAction":[{"@type":"ReadAction","target":["https:\/\/fumot.uk\/product\/uzy-tornado-30000-puffs-watermelon-ice-lemon-lime-dual-flavor-vape\/"]}]},{"@type":"ImageObject","inLanguage":"es","@id":"https:\/\/fumot.uk\/product\/uzy-tornado-30000-puffs-watermelon-ice-lemon-lime-dual-flavor-vape\/#primaryimage","url":"https:\/\/fumot.uk\/wp-content\/uploads\/2026\/01\/UZY-Tornado-30Puffs-Disposable-Vape-watermelon-ice-Lemon-lime-scaled-1.png","contentUrl":"https:\/\/fumot.uk\/wp-content\/uploads\/2026\/01\/UZY-Tornado-30Puffs-Disposable-Vape-watermelon-ice-Lemon-lime-scaled-1.png","width":2560,"height":2560},{"@type":"BreadcrumbList","@id":"https:\/\/fumot.uk\/product\/uzy-tornado-30000-puffs-watermelon-ice-lemon-lime-dual-flavor-vape\/#breadcrumb","itemListElement":[{"@type":"ListItem","position":1,"name":"Home","item":"https:\/\/fumot.uk\/"},{"@type":"ListItem","position":2,"name":"Shop","item":"https:\/\/fumot.uk\/shop\/"},{"@type":"ListItem","position":3,"name":"UZY Tornado 30000 Puffs Dual Flavor Disposable Vape \u2013 Watermelon Ice &#038; Lemon Lime | 40ml, 850mAh, Type\u2011C, Display"}]},{"@type":"WebSite","@id":"https:\/\/fumot.uk\/#website","url":"https:\/\/fumot.uk\/","name":"Fumot Official Direct | Directo desde la f\u00e1brica, 100% Original","description":"Sitio Oficial","publisher":{"@id":"https:\/\/fumot.uk\/#organization"},"potentialAction":[{"@type":"SearchAction","target":{"@type":"EntryPoint","urlTemplate":"https:\/\/fumot.uk\/?s={search_term_string}"},"query-input":{"@type":"PropertyValueSpecification","valueRequired":true,"valueName":"search_term_string"}}],"inLanguage":"es"},{"@type":"Organization","@id":"https:\/\/fumot.uk\/#organization","name":"Fumot Official Direct | Directo desde la f\u00e1brica, 100% Original","url":"https:\/\/fumot.uk\/","logo":{"@type":"ImageObject","inLanguage":"es","@id":"https:\/\/fumot.uk\/#\/schema\/logo\/image\/","url":"https:\/\/fumot.uk\/wp-content\/uploads\/2026\/01\/cropped-fumot-logo1.png","contentUrl":"https:\/\/fumot.uk\/wp-content\/uploads\/2026\/01\/cropped-fumot-logo1.png","width":152,"height":106,"caption":"Fumot Official Direct | Straight from the Factory, 100% Genuine"},"image":{"@id":"https:\/\/fumot.uk\/#\/schema\/logo\/image\/"}}]}},"_links":{"self":[{"href":"https:\/\/fumot.uk\/es\/wp-json\/wp\/v2\/product\/1672","targetHints":{"allow":["GET"]}}],"collection":[{"href":"https:\/\/fumot.uk\/es\/wp-json\/wp\/v2\/product"}],"about":[{"href":"https:\/\/fumot.uk\/es\/wp-json\/wp\/v2\/types\/product"}],"replies":[{"embeddable":true,"href":"https:\/\/fumot.uk\/es\/wp-json\/wp\/v2\/comments?post=1672"}],"wp:featuredmedia":[{"embeddable":true,"href":"https:\/\/fumot.uk\/es\/wp-json\/wp\/v2\/media\/1722"}],"wp:attachment":[{"href":"https:\/\/fumot.uk\/es\/wp-json\/wp\/v2\/media?parent=1672"}],"wp:term":[{"taxonomy":"product_brand","embeddable":true,"href":"https:\/\/fumot.uk\/es\/wp-json\/wp\/v2\/product_brand?post=1672"},{"taxonomy":"product_cat","embeddable":true,"href":"https:\/\/fumot.uk\/es\/wp-json\/wp\/v2\/product_cat?post=1672"},{"taxonomy":"product_tag","embeddable":true,"href":"https:\/\/fumot.uk\/es\/wp-json\/wp\/v2\/product_tag?post=1672"}],"curies":[{"name":"wp","href":"https:\/\/api.w.org\/{rel}","templated":true}]}}