{"id":1653,"date":"2026-01-20T08:20:48","date_gmt":"2026-01-20T08:20:48","guid":{"rendered":"https:\/\/fumot.uk\/?post_type=product&#038;p=1653"},"modified":"2026-01-20T09:22:08","modified_gmt":"2026-01-20T09:22:08","slug":"mr-blue-uzy-tornado-20000-puffs","status":"publish","type":"product","link":"https:\/\/fumot.uk\/es\/product\/mr-blue-uzy-tornado-20000-puffs\/","title":{"rendered":"UZY Tornado 20000 Puffs Mr Blue \u2013 Vape Desechable de Hielo de Ar\u00e1ndano y Bayas (28ml, Recargable Tipo\u2011C)"},"content":{"rendered":"<h2>UZY Tornado 20000 Puffs \u2013 Mr Blue (Blueberry Berry Ice)<\/h2>\n<p><strong>Sr. Azul<\/strong> est\u00e1 hecho para vapeadores que quieren un audaz <strong>mezcla de bayas con predominio de ar\u00e1ndanos<\/strong> terminada con una nota de hielo limpia y refrescante. Desde la primera inhalaci\u00f3n, saborear\u00e1s jugosos ar\u00e1ndanos con una suavidad dulce, seguida de una fresca mentolada que mantiene el perfil n\u00edtido\u2014nunca \u00e1spero, nunca abrumador. Es un sabor f\u00e1cil para todo el d\u00eda que se siente especialmente refrescante en d\u00edas c\u00e1lidos.<\/p>\n<h3>Destacados del Sabor<\/h3>\n<ul>\n<li><strong>Aut\u00e9ntico sabor a ar\u00e1ndano y bayas mixtas:<\/strong> con cuerpo, afrutado y naturalmente dulce.<\/li>\n<li><strong>Acabado fresco de hielo:<\/strong> un frescor mentolado equilibrado que complementa las bayas sin aspereza.<\/li>\n<li><strong>Dulce se encuentra con fresco:<\/strong> un vape de bayas satisfactorio que se mantiene suave y limpio durante la sesi\u00f3n.<\/li>\n<\/ul>\n<h3>UZY Tornado 20000 Puffs \u2013 Caracter\u00edsticas Clave<\/h3>\n<ul>\n<li><strong>Caladas:<\/strong> Hasta 20000 caladas<\/li>\n<li><strong>Capacidad de e\u2011l\u00edquido:<\/strong> 28ml prellenado<\/li>\n<li><strong>Opciones de fuerza de nicotina:<\/strong> 0%, 2%, 3% o 5% (selecciona tu nivel preferido)<\/li>\n<li><strong>Tipo de dispositivo:<\/strong> Vape desechable (recargable)<\/li>\n<li><strong>Bater\u00eda:<\/strong> 850mAh, recargable<\/li>\n<li><strong>Carga:<\/strong> USB Tipo\u2011C<\/li>\n<li><strong>Bobina:<\/strong> Bobina de malla<\/li>\n<li><strong>Estilo de vapeo:<\/strong> Directo al Pulm\u00f3n (DTL)<\/li>\n<li><strong>Pantalla:<\/strong> Pantalla incorporada (donde sea aplicable por lote\/modelo)<\/li>\n<li><strong>Sabores:<\/strong> 12 opciones disponibles en la serie<\/li>\n<\/ul>\n<h3>\u00bfPor qu\u00e9 elegir Mr Blue en fumot.uk?<\/h3>\n<p>Si disfrutas <strong>vapes desechables de bayas, ar\u00e1ndanos y hielo<\/strong>, Mr Blue es una opci\u00f3n confiable para un rico sabor a fruta con un acabado refrescante. Explora m\u00e1s opciones y nuevas llegadas en <a href=\"https:\/\/fumot.uk\/es\/\">fumot.uk<\/a>.<\/p>\n<p><strong>Nota:<\/strong> La cantidad de puffs puede variar dependiendo de los patrones de uso individual.<\/p>","protected":false},"excerpt":{"rendered":"<p>UZY Tornado 20000 Puffs Mr Blue ofrece la dulzura jugosa de ar\u00e1ndanos y bayas mixtas con un acabado suave y fresco. 28ml prellenado, 850mAh recargable, Type\u2011C.<\/p>","protected":false},"featured_media":1706,"comment_status":"open","ping_status":"closed","template":"","meta":[],"product_brand":[],"product_cat":[68,123,17],"product_tag":[124,20,41,33,72,23,25,26,28],"class_list":{"0":"post-1653","1":"product","2":"type-product","3":"status-publish","4":"has-post-thumbnail","6":"product_cat-20000-puff","7":"product_cat-uzy-tornado-20000-puffs","8":"product_cat-vape","9":"product_tag-28ml","10":"product_tag-850mah","11":"product_tag-berry","12":"product_tag-blueberry","13":"product_tag-direct-to-lung","14":"product_tag-display","15":"product_tag-mesh-coil","16":"product_tag-rechargeable","17":"product_tag-type-c","19":"first","20":"instock","21":"sale","22":"shipping-taxable","23":"purchasable","24":"product-type-variable"},"yoast_head":"<!-- This site is optimized with the Yoast SEO plugin v26.8 - https:\/\/yoast.com\/product\/yoast-seo-wordpress\/ -->\n<title>UZY Tornado 20000 Puffs Mr Blue | Blueberry Ice Vape<\/title>\n<meta name=\"description\" content=\"Shop UZY Tornado 20000 Puffs Mr Blue: blueberry &amp; mixed berry ice flavour, 28ml prefilled, 850mAh rechargeable, USB\u2011C. Nicotine: 0\/2\/3\/5%.\" \/>\n<meta name=\"robots\" content=\"index, follow, max-snippet:-1, max-image-preview:large, max-video-preview:-1\" \/>\n<link rel=\"canonical\" href=\"https:\/\/fumot.uk\/es\/product\/mr-blue-uzy-tornado-20000-puffs\/\" \/>\n<meta property=\"og:locale\" content=\"es_ES\" \/>\n<meta property=\"og:type\" content=\"article\" \/>\n<meta property=\"og:title\" content=\"UZY Tornado 20000 Puffs \u2013 Mr Blue (Blueberry Berry Ice)\" \/>\n<meta property=\"og:description\" content=\"A bold blueberry &amp; mixed berry blend with a smooth ice finish. 28ml prefilled, rechargeable 850mAh, USB\u2011C. Choose 0\/2\/3\/5% nicotine on fumot.uk.\" \/>\n<meta property=\"og:url\" content=\"https:\/\/fumot.uk\/es\/product\/mr-blue-uzy-tornado-20000-puffs\/\" \/>\n<meta property=\"og:site_name\" content=\"Fumot Official Direct | Straight from the Factory, 100% Genuine\" \/>\n<meta property=\"article:modified_time\" content=\"2026-01-20T09:22:08+00:00\" \/>\n<meta property=\"og:image\" content=\"https:\/\/fumot.uk\/wp-content\/uploads\/2026\/01\/UZY-TORNADO-20000_Mr-Blue-Disposable-Vape-scaled-1-1024x1024.png\" \/>\n\t<meta property=\"og:image:width\" content=\"1024\" \/>\n\t<meta property=\"og:image:height\" content=\"1024\" \/>\n\t<meta property=\"og:image:type\" content=\"image\/png\" \/>\n<meta name=\"twitter:card\" content=\"summary_large_image\" \/>\n<meta name=\"twitter:label1\" content=\"Tiempo de lectura\" \/>\n\t<meta name=\"twitter:data1\" content=\"2 minutos\" \/>\n<script type=\"application\/ld+json\" class=\"yoast-schema-graph\">{\"@context\":\"https:\/\/schema.org\",\"@graph\":[{\"@type\":\"WebPage\",\"@id\":\"https:\/\/fumot.uk\/product\/mr-blue-uzy-tornado-20000-puffs\/\",\"url\":\"https:\/\/fumot.uk\/product\/mr-blue-uzy-tornado-20000-puffs\/\",\"name\":\"UZY Tornado 20000 Puffs Mr Blue | Blueberry Ice Vape\",\"isPartOf\":{\"@id\":\"https:\/\/fumot.uk\/#website\"},\"primaryImageOfPage\":{\"@id\":\"https:\/\/fumot.uk\/product\/mr-blue-uzy-tornado-20000-puffs\/#primaryimage\"},\"image\":{\"@id\":\"https:\/\/fumot.uk\/product\/mr-blue-uzy-tornado-20000-puffs\/#primaryimage\"},\"thumbnailUrl\":\"https:\/\/fumot.uk\/wp-content\/uploads\/2026\/01\/UZY-TORNADO-20000_Mr-Blue-Disposable-Vape-scaled-1.png\",\"datePublished\":\"2026-01-20T08:20:48+00:00\",\"dateModified\":\"2026-01-20T09:22:08+00:00\",\"description\":\"Shop UZY Tornado 20000 Puffs Mr Blue: blueberry & mixed berry ice flavour, 28ml prefilled, 850mAh rechargeable, USB\u2011C. Nicotine: 0\/2\/3\/5%.\",\"breadcrumb\":{\"@id\":\"https:\/\/fumot.uk\/product\/mr-blue-uzy-tornado-20000-puffs\/#breadcrumb\"},\"inLanguage\":\"es\",\"potentialAction\":[{\"@type\":\"ReadAction\",\"target\":[\"https:\/\/fumot.uk\/product\/mr-blue-uzy-tornado-20000-puffs\/\"]}]},{\"@type\":\"ImageObject\",\"inLanguage\":\"es\",\"@id\":\"https:\/\/fumot.uk\/product\/mr-blue-uzy-tornado-20000-puffs\/#primaryimage\",\"url\":\"https:\/\/fumot.uk\/wp-content\/uploads\/2026\/01\/UZY-TORNADO-20000_Mr-Blue-Disposable-Vape-scaled-1.png\",\"contentUrl\":\"https:\/\/fumot.uk\/wp-content\/uploads\/2026\/01\/UZY-TORNADO-20000_Mr-Blue-Disposable-Vape-scaled-1.png\",\"width\":2560,\"height\":2560},{\"@type\":\"BreadcrumbList\",\"@id\":\"https:\/\/fumot.uk\/product\/mr-blue-uzy-tornado-20000-puffs\/#breadcrumb\",\"itemListElement\":[{\"@type\":\"ListItem\",\"position\":1,\"name\":\"Home\",\"item\":\"https:\/\/fumot.uk\/\"},{\"@type\":\"ListItem\",\"position\":2,\"name\":\"Shop\",\"item\":\"https:\/\/fumot.uk\/shop\/\"},{\"@type\":\"ListItem\",\"position\":3,\"name\":\"UZY Tornado 20000 Puffs Mr Blue \u2013 Blueberry Berry Ice Disposable Vape (28ml, Rechargeable Type\u2011C)\"}]},{\"@type\":\"WebSite\",\"@id\":\"https:\/\/fumot.uk\/#website\",\"url\":\"https:\/\/fumot.uk\/\",\"name\":\"Fumot Official Direct | Straight from the Factory, 100% Genuine\",\"description\":\"Official Website\",\"publisher\":{\"@id\":\"https:\/\/fumot.uk\/#organization\"},\"potentialAction\":[{\"@type\":\"SearchAction\",\"target\":{\"@type\":\"EntryPoint\",\"urlTemplate\":\"https:\/\/fumot.uk\/?s={search_term_string}\"},\"query-input\":{\"@type\":\"PropertyValueSpecification\",\"valueRequired\":true,\"valueName\":\"search_term_string\"}}],\"inLanguage\":\"es\"},{\"@type\":\"Organization\",\"@id\":\"https:\/\/fumot.uk\/#organization\",\"name\":\"Fumot Official Direct | Straight from the Factory, 100% Genuine\",\"url\":\"https:\/\/fumot.uk\/\",\"logo\":{\"@type\":\"ImageObject\",\"inLanguage\":\"es\",\"@id\":\"https:\/\/fumot.uk\/#\/schema\/logo\/image\/\",\"url\":\"https:\/\/fumot.uk\/wp-content\/uploads\/2026\/01\/cropped-fumot-logo1.png\",\"contentUrl\":\"https:\/\/fumot.uk\/wp-content\/uploads\/2026\/01\/cropped-fumot-logo1.png\",\"width\":152,\"height\":106,\"caption\":\"Fumot Official Direct | Straight from the Factory, 100% Genuine\"},\"image\":{\"@id\":\"https:\/\/fumot.uk\/#\/schema\/logo\/image\/\"}}]}<\/script>\n<!-- \/ Yoast SEO plugin. -->","yoast_head_json":{"title":"UZY Tornado 20000 Puffs Mr Blue | Vape de Hielo de Ar\u00e1ndano","description":"Comprar UZY Tornado 20000 Puffs Mr Blue: sabor a ar\u00e1ndano y bayas mixtas con hielo, 28ml prellenado, 850mAh recargable, USB\u2011C. Nicotina: 0\/2\/3\/5%.","robots":{"index":"index","follow":"follow","max-snippet":"max-snippet:-1","max-image-preview":"max-image-preview:large","max-video-preview":"max-video-preview:-1"},"canonical":"https:\/\/fumot.uk\/es\/product\/mr-blue-uzy-tornado-20000-puffs\/","og_locale":"es_ES","og_type":"article","og_title":"UZY Tornado 20000 Puffs \u2013 Mr Blue (Blueberry Berry Ice)","og_description":"A bold blueberry & mixed berry blend with a smooth ice finish. 28ml prefilled, rechargeable 850mAh, USB\u2011C. Choose 0\/2\/3\/5% nicotine on fumot.uk.","og_url":"https:\/\/fumot.uk\/es\/product\/mr-blue-uzy-tornado-20000-puffs\/","og_site_name":"Fumot Official Direct | Straight from the Factory, 100% Genuine","article_modified_time":"2026-01-20T09:22:08+00:00","og_image":[{"width":1024,"height":1024,"url":"https:\/\/fumot.uk\/wp-content\/uploads\/2026\/01\/UZY-TORNADO-20000_Mr-Blue-Disposable-Vape-scaled-1-1024x1024.png","type":"image\/png"}],"twitter_card":"summary_large_image","twitter_misc":{"Tiempo de lectura":"2 minutos"},"schema":{"@context":"https:\/\/schema.org","@graph":[{"@type":"WebPage","@id":"https:\/\/fumot.uk\/product\/mr-blue-uzy-tornado-20000-puffs\/","url":"https:\/\/fumot.uk\/product\/mr-blue-uzy-tornado-20000-puffs\/","name":"UZY Tornado 20000 Puffs Mr Blue | Vape de Hielo de Ar\u00e1ndano","isPartOf":{"@id":"https:\/\/fumot.uk\/#website"},"primaryImageOfPage":{"@id":"https:\/\/fumot.uk\/product\/mr-blue-uzy-tornado-20000-puffs\/#primaryimage"},"image":{"@id":"https:\/\/fumot.uk\/product\/mr-blue-uzy-tornado-20000-puffs\/#primaryimage"},"thumbnailUrl":"https:\/\/fumot.uk\/wp-content\/uploads\/2026\/01\/UZY-TORNADO-20000_Mr-Blue-Disposable-Vape-scaled-1.png","datePublished":"2026-01-20T08:20:48+00:00","dateModified":"2026-01-20T09:22:08+00:00","description":"Comprar UZY Tornado 20000 Puffs Mr Blue: sabor a ar\u00e1ndano y bayas mixtas con hielo, 28ml prellenado, 850mAh recargable, USB\u2011C. Nicotina: 0\/2\/3\/5%.","breadcrumb":{"@id":"https:\/\/fumot.uk\/product\/mr-blue-uzy-tornado-20000-puffs\/#breadcrumb"},"inLanguage":"es","potentialAction":[{"@type":"ReadAction","target":["https:\/\/fumot.uk\/product\/mr-blue-uzy-tornado-20000-puffs\/"]}]},{"@type":"ImageObject","inLanguage":"es","@id":"https:\/\/fumot.uk\/product\/mr-blue-uzy-tornado-20000-puffs\/#primaryimage","url":"https:\/\/fumot.uk\/wp-content\/uploads\/2026\/01\/UZY-TORNADO-20000_Mr-Blue-Disposable-Vape-scaled-1.png","contentUrl":"https:\/\/fumot.uk\/wp-content\/uploads\/2026\/01\/UZY-TORNADO-20000_Mr-Blue-Disposable-Vape-scaled-1.png","width":2560,"height":2560},{"@type":"BreadcrumbList","@id":"https:\/\/fumot.uk\/product\/mr-blue-uzy-tornado-20000-puffs\/#breadcrumb","itemListElement":[{"@type":"ListItem","position":1,"name":"Home","item":"https:\/\/fumot.uk\/"},{"@type":"ListItem","position":2,"name":"Shop","item":"https:\/\/fumot.uk\/shop\/"},{"@type":"ListItem","position":3,"name":"UZY Tornado 20000 Puffs Mr Blue \u2013 Blueberry Berry Ice Disposable Vape (28ml, Rechargeable Type\u2011C)"}]},{"@type":"WebSite","@id":"https:\/\/fumot.uk\/#website","url":"https:\/\/fumot.uk\/","name":"Fumot Official Direct | Directo desde la f\u00e1brica, 100% Original","description":"Sitio Oficial","publisher":{"@id":"https:\/\/fumot.uk\/#organization"},"potentialAction":[{"@type":"SearchAction","target":{"@type":"EntryPoint","urlTemplate":"https:\/\/fumot.uk\/?s={search_term_string}"},"query-input":{"@type":"PropertyValueSpecification","valueRequired":true,"valueName":"search_term_string"}}],"inLanguage":"es"},{"@type":"Organization","@id":"https:\/\/fumot.uk\/#organization","name":"Fumot Official Direct | Directo desde la f\u00e1brica, 100% Original","url":"https:\/\/fumot.uk\/","logo":{"@type":"ImageObject","inLanguage":"es","@id":"https:\/\/fumot.uk\/#\/schema\/logo\/image\/","url":"https:\/\/fumot.uk\/wp-content\/uploads\/2026\/01\/cropped-fumot-logo1.png","contentUrl":"https:\/\/fumot.uk\/wp-content\/uploads\/2026\/01\/cropped-fumot-logo1.png","width":152,"height":106,"caption":"Fumot Official Direct | Straight from the Factory, 100% Genuine"},"image":{"@id":"https:\/\/fumot.uk\/#\/schema\/logo\/image\/"}}]}},"_links":{"self":[{"href":"https:\/\/fumot.uk\/es\/wp-json\/wp\/v2\/product\/1653","targetHints":{"allow":["GET"]}}],"collection":[{"href":"https:\/\/fumot.uk\/es\/wp-json\/wp\/v2\/product"}],"about":[{"href":"https:\/\/fumot.uk\/es\/wp-json\/wp\/v2\/types\/product"}],"replies":[{"embeddable":true,"href":"https:\/\/fumot.uk\/es\/wp-json\/wp\/v2\/comments?post=1653"}],"wp:featuredmedia":[{"embeddable":true,"href":"https:\/\/fumot.uk\/es\/wp-json\/wp\/v2\/media\/1706"}],"wp:attachment":[{"href":"https:\/\/fumot.uk\/es\/wp-json\/wp\/v2\/media?parent=1653"}],"wp:term":[{"taxonomy":"product_brand","embeddable":true,"href":"https:\/\/fumot.uk\/es\/wp-json\/wp\/v2\/product_brand?post=1653"},{"taxonomy":"product_cat","embeddable":true,"href":"https:\/\/fumot.uk\/es\/wp-json\/wp\/v2\/product_cat?post=1653"},{"taxonomy":"product_tag","embeddable":true,"href":"https:\/\/fumot.uk\/es\/wp-json\/wp\/v2\/product_tag?post=1653"}],"curies":[{"name":"wp","href":"https:\/\/api.w.org\/{rel}","templated":true}]}}