{"id":1650,"date":"2026-01-20T08:20:47","date_gmt":"2026-01-20T08:20:47","guid":{"rendered":"https:\/\/fumot.uk\/?post_type=product&#038;p=1650"},"modified":"2026-01-20T09:23:28","modified_gmt":"2026-01-20T09:23:28","slug":"blueberry-raspberry-uzy-tornado-20000-puffs","status":"publish","type":"product","link":"https:\/\/fumot.uk\/es\/product\/blueberry-raspberry-uzy-tornado-20000-puffs\/","title":{"rendered":"UZY Tornado 20000 Puffs Vape Desechable de Ar\u00e1ndano y Frambuesa (28ml, Recargable Tipo\u2011C)"},"content":{"rendered":"<h2>UZY Tornado 20000 Puffs \u2013 Ar\u00e1ndano Frambuesa<\/h2>\n<p><strong>Ar\u00e1ndano Frambuesa<\/strong> en el <strong>UZY Tornado 20000 Puffs<\/strong> combina la suave dulzura del ar\u00e1ndano maduro con el toque brillante y ligeramente \u00e1cido de la frambuesa. El resultado es una mezcla vibrante de bayas que se mantiene equilibrada: afrutada, refrescante y agradablemente suave desde la primera calada hasta la \u00faltima.<\/p>\n<p>Si disfrutas de sabores frutales en capas que se sienten vivos pero no abrumadores, este <strong>vape desechable de bayas<\/strong> es una opci\u00f3n confiable para todo el d\u00eda.<\/p>\n<h3>Destacados de Sabor<\/h3>\n<ul>\n<li><strong>Armon\u00eda de doble baya:<\/strong> Notas profundas de ar\u00e1ndano se encuentran con la frescura crujiente de la frambuesa para un sabor redondeado y con car\u00e1cter.<\/li>\n<li><strong>Perfil de fruta audaz y limpio:<\/strong> Una inhalaci\u00f3n brillante con sabor a bayas y un acabado suave y satisfactorio.<\/li>\n<li><strong>Sensaci\u00f3n fresca todos los d\u00edas:<\/strong> Dulce pero ligero\u2014ideal para uso diario y descansos r\u00e1pidos.<\/li>\n<\/ul>\n<h3>Caracter\u00edsticas del Producto<\/h3>\n<ul>\n<li><strong>Caladas:<\/strong> Hasta 20,000<\/li>\n<li><strong>Capacidad de e-l\u00edquido:<\/strong> 28ml prellenado<\/li>\n<li><strong>Opciones de nicotina:<\/strong> 0%, 2%, 3%, o 5%<\/li>\n<li><strong>Tipo de dispositivo:<\/strong> Vape desechable (dispositivo de un solo uso)<\/li>\n<li><strong>Bater\u00eda:<\/strong> 850mAh, recargable<\/li>\n<li><strong>Carga:<\/strong> USB Tipo\u2011C<\/li>\n<li><strong>Bobina:<\/strong> Bobina de malla<\/li>\n<li><strong>Estilo de vapeo:<\/strong> Directo al Pulm\u00f3n (DTL)<\/li>\n<li><strong>Pantalla:<\/strong> Pantalla incorporada<\/li>\n<\/ul>\n<h3>\u00bfPor qu\u00e9 comprar en fumot.uk?<\/h3>\n<p>Explora m\u00e1s sabores y toda la gama de UZY en <a href=\"https:\/\/fumot.uk\/es\/\">fumot.uk<\/a>. \u00bfBuscas un giro diferente de bayas? Explora nuestras <a href=\"https:\/\/fumot.uk\/es\/product-tag\/blueberry\/\">Ar\u00e1ndano<\/a> y <a href=\"https:\/\/fumot.uk\/es\/product-tag\/raspberry\/\">Frambuesa<\/a> selecciones etiquetadas.<\/p>\n<p><em>Nota:<\/em> El conteo de caladas puede variar dependiendo del estilo de uso individual.<\/p>","protected":false},"excerpt":{"rendered":"<p>UZY Tornado 20000 Puffs Blueberry Raspberry vape desechable con una mezcla equilibrada de bayas dulces y \u00e1cidas, 28ml de e-l\u00edquido prellenado, bater\u00eda recargable de 850mAh y carga Tipo\u2011C. Nicotina: 0%, 2%, 3%, o 5%.<\/p>","protected":false},"featured_media":1691,"comment_status":"open","ping_status":"closed","template":"","meta":[],"product_brand":[],"product_cat":[68,123,17],"product_tag":[124,20,33,72,23,25,34,26,28],"class_list":{"0":"post-1650","1":"product","2":"type-product","3":"status-publish","4":"has-post-thumbnail","6":"product_cat-20000-puff","7":"product_cat-uzy-tornado-20000-puffs","8":"product_cat-vape","9":"product_tag-28ml","10":"product_tag-850mah","11":"product_tag-blueberry","12":"product_tag-direct-to-lung","13":"product_tag-display","14":"product_tag-mesh-coil","15":"product_tag-raspberry","16":"product_tag-rechargeable","17":"product_tag-type-c","19":"first","20":"instock","21":"sale","22":"shipping-taxable","23":"purchasable","24":"product-type-variable"},"yoast_head":"<!-- This site is optimized with the Yoast SEO plugin v26.8 - https:\/\/yoast.com\/product\/yoast-seo-wordpress\/ -->\n<title>UZY Tornado 20000 Blueberry Raspberry | 28ml<\/title>\n<meta name=\"description\" content=\"UZY Tornado 20000 Puffs Blueberry Raspberry: smooth blueberry meets bright raspberry. 28ml, mesh coil, 850mAh rechargeable, Type\u2011C. Nicotine 0\u20135%.\" \/>\n<meta name=\"robots\" content=\"index, follow, max-snippet:-1, max-image-preview:large, max-video-preview:-1\" \/>\n<link rel=\"canonical\" href=\"https:\/\/fumot.uk\/es\/product\/blueberry-raspberry-uzy-tornado-20000-puffs\/\" \/>\n<meta property=\"og:locale\" content=\"es_ES\" \/>\n<meta property=\"og:type\" content=\"article\" \/>\n<meta property=\"og:title\" content=\"Blueberry Raspberry UZY Tornado 20000 Puffs (28ml)\" \/>\n<meta property=\"og:description\" content=\"A lively berry duo\u2014sweet blueberry with a fresh raspberry lift. 28ml prefilled, mesh coil, 850mAh rechargeable, Type\u2011C. Available in 0\u20135% nicotine.\" \/>\n<meta property=\"og:url\" content=\"https:\/\/fumot.uk\/es\/product\/blueberry-raspberry-uzy-tornado-20000-puffs\/\" \/>\n<meta property=\"og:site_name\" content=\"Fumot Official Direct | Straight from the Factory, 100% Genuine\" \/>\n<meta property=\"article:modified_time\" content=\"2026-01-20T09:23:28+00:00\" \/>\n<meta property=\"og:image\" content=\"https:\/\/fumot.uk\/wp-content\/uploads\/2026\/01\/UZY-TORNADO-20000_Blueberry-Raspberry-Disposable-Vape-scaled-1-1024x1024.png\" \/>\n\t<meta property=\"og:image:width\" content=\"1024\" \/>\n\t<meta property=\"og:image:height\" content=\"1024\" \/>\n\t<meta property=\"og:image:type\" content=\"image\/png\" \/>\n<meta name=\"twitter:card\" content=\"summary_large_image\" \/>\n<meta name=\"twitter:label1\" content=\"Tiempo de lectura\" \/>\n\t<meta name=\"twitter:data1\" content=\"2 minutos\" \/>\n<script type=\"application\/ld+json\" class=\"yoast-schema-graph\">{\"@context\":\"https:\/\/schema.org\",\"@graph\":[{\"@type\":\"WebPage\",\"@id\":\"https:\/\/fumot.uk\/product\/blueberry-raspberry-uzy-tornado-20000-puffs\/\",\"url\":\"https:\/\/fumot.uk\/product\/blueberry-raspberry-uzy-tornado-20000-puffs\/\",\"name\":\"UZY Tornado 20000 Blueberry Raspberry | 28ml\",\"isPartOf\":{\"@id\":\"https:\/\/fumot.uk\/#website\"},\"primaryImageOfPage\":{\"@id\":\"https:\/\/fumot.uk\/product\/blueberry-raspberry-uzy-tornado-20000-puffs\/#primaryimage\"},\"image\":{\"@id\":\"https:\/\/fumot.uk\/product\/blueberry-raspberry-uzy-tornado-20000-puffs\/#primaryimage\"},\"thumbnailUrl\":\"https:\/\/fumot.uk\/wp-content\/uploads\/2026\/01\/UZY-TORNADO-20000_Blueberry-Raspberry-Disposable-Vape-scaled-1.png\",\"datePublished\":\"2026-01-20T08:20:47+00:00\",\"dateModified\":\"2026-01-20T09:23:28+00:00\",\"description\":\"UZY Tornado 20000 Puffs Blueberry Raspberry: smooth blueberry meets bright raspberry. 28ml, mesh coil, 850mAh rechargeable, Type\u2011C. Nicotine 0\u20135%.\",\"breadcrumb\":{\"@id\":\"https:\/\/fumot.uk\/product\/blueberry-raspberry-uzy-tornado-20000-puffs\/#breadcrumb\"},\"inLanguage\":\"es\",\"potentialAction\":[{\"@type\":\"ReadAction\",\"target\":[\"https:\/\/fumot.uk\/product\/blueberry-raspberry-uzy-tornado-20000-puffs\/\"]}]},{\"@type\":\"ImageObject\",\"inLanguage\":\"es\",\"@id\":\"https:\/\/fumot.uk\/product\/blueberry-raspberry-uzy-tornado-20000-puffs\/#primaryimage\",\"url\":\"https:\/\/fumot.uk\/wp-content\/uploads\/2026\/01\/UZY-TORNADO-20000_Blueberry-Raspberry-Disposable-Vape-scaled-1.png\",\"contentUrl\":\"https:\/\/fumot.uk\/wp-content\/uploads\/2026\/01\/UZY-TORNADO-20000_Blueberry-Raspberry-Disposable-Vape-scaled-1.png\",\"width\":2560,\"height\":2560},{\"@type\":\"BreadcrumbList\",\"@id\":\"https:\/\/fumot.uk\/product\/blueberry-raspberry-uzy-tornado-20000-puffs\/#breadcrumb\",\"itemListElement\":[{\"@type\":\"ListItem\",\"position\":1,\"name\":\"Home\",\"item\":\"https:\/\/fumot.uk\/\"},{\"@type\":\"ListItem\",\"position\":2,\"name\":\"Shop\",\"item\":\"https:\/\/fumot.uk\/shop\/\"},{\"@type\":\"ListItem\",\"position\":3,\"name\":\"UZY Tornado 20000 Puffs Blueberry Raspberry Disposable Vape (28ml, Rechargeable Type\u2011C)\"}]},{\"@type\":\"WebSite\",\"@id\":\"https:\/\/fumot.uk\/#website\",\"url\":\"https:\/\/fumot.uk\/\",\"name\":\"Fumot Official Direct | Straight from the Factory, 100% Genuine\",\"description\":\"Official Website\",\"publisher\":{\"@id\":\"https:\/\/fumot.uk\/#organization\"},\"potentialAction\":[{\"@type\":\"SearchAction\",\"target\":{\"@type\":\"EntryPoint\",\"urlTemplate\":\"https:\/\/fumot.uk\/?s={search_term_string}\"},\"query-input\":{\"@type\":\"PropertyValueSpecification\",\"valueRequired\":true,\"valueName\":\"search_term_string\"}}],\"inLanguage\":\"es\"},{\"@type\":\"Organization\",\"@id\":\"https:\/\/fumot.uk\/#organization\",\"name\":\"Fumot Official Direct | Straight from the Factory, 100% Genuine\",\"url\":\"https:\/\/fumot.uk\/\",\"logo\":{\"@type\":\"ImageObject\",\"inLanguage\":\"es\",\"@id\":\"https:\/\/fumot.uk\/#\/schema\/logo\/image\/\",\"url\":\"https:\/\/fumot.uk\/wp-content\/uploads\/2026\/01\/cropped-fumot-logo1.png\",\"contentUrl\":\"https:\/\/fumot.uk\/wp-content\/uploads\/2026\/01\/cropped-fumot-logo1.png\",\"width\":152,\"height\":106,\"caption\":\"Fumot Official Direct | Straight from the Factory, 100% Genuine\"},\"image\":{\"@id\":\"https:\/\/fumot.uk\/#\/schema\/logo\/image\/\"}}]}<\/script>\n<!-- \/ Yoast SEO plugin. -->","yoast_head_json":{"title":"UZY Tornado 20000 Ar\u00e1ndano Frambuesa | 28ml","description":"UZY Tornado 20000 Puffs Blueberry Raspberry: suave ar\u00e1ndano se encuentra con brillante frambuesa. 28ml, bobina de malla, recargable 850mAh, Tipo\u2011C. Nicotina 0\u20135%.","robots":{"index":"index","follow":"follow","max-snippet":"max-snippet:-1","max-image-preview":"max-image-preview:large","max-video-preview":"max-video-preview:-1"},"canonical":"https:\/\/fumot.uk\/es\/product\/blueberry-raspberry-uzy-tornado-20000-puffs\/","og_locale":"es_ES","og_type":"article","og_title":"Blueberry Raspberry UZY Tornado 20000 Puffs (28ml)","og_description":"A lively berry duo\u2014sweet blueberry with a fresh raspberry lift. 28ml prefilled, mesh coil, 850mAh rechargeable, Type\u2011C. Available in 0\u20135% nicotine.","og_url":"https:\/\/fumot.uk\/es\/product\/blueberry-raspberry-uzy-tornado-20000-puffs\/","og_site_name":"Fumot Official Direct | Straight from the Factory, 100% Genuine","article_modified_time":"2026-01-20T09:23:28+00:00","og_image":[{"width":1024,"height":1024,"url":"https:\/\/fumot.uk\/wp-content\/uploads\/2026\/01\/UZY-TORNADO-20000_Blueberry-Raspberry-Disposable-Vape-scaled-1-1024x1024.png","type":"image\/png"}],"twitter_card":"summary_large_image","twitter_misc":{"Tiempo de lectura":"2 minutos"},"schema":{"@context":"https:\/\/schema.org","@graph":[{"@type":"WebPage","@id":"https:\/\/fumot.uk\/product\/blueberry-raspberry-uzy-tornado-20000-puffs\/","url":"https:\/\/fumot.uk\/product\/blueberry-raspberry-uzy-tornado-20000-puffs\/","name":"UZY Tornado 20000 Ar\u00e1ndano Frambuesa | 28ml","isPartOf":{"@id":"https:\/\/fumot.uk\/#website"},"primaryImageOfPage":{"@id":"https:\/\/fumot.uk\/product\/blueberry-raspberry-uzy-tornado-20000-puffs\/#primaryimage"},"image":{"@id":"https:\/\/fumot.uk\/product\/blueberry-raspberry-uzy-tornado-20000-puffs\/#primaryimage"},"thumbnailUrl":"https:\/\/fumot.uk\/wp-content\/uploads\/2026\/01\/UZY-TORNADO-20000_Blueberry-Raspberry-Disposable-Vape-scaled-1.png","datePublished":"2026-01-20T08:20:47+00:00","dateModified":"2026-01-20T09:23:28+00:00","description":"UZY Tornado 20000 Puffs Blueberry Raspberry: suave ar\u00e1ndano se encuentra con brillante frambuesa. 28ml, bobina de malla, recargable 850mAh, Tipo\u2011C. Nicotina 0\u20135%.","breadcrumb":{"@id":"https:\/\/fumot.uk\/product\/blueberry-raspberry-uzy-tornado-20000-puffs\/#breadcrumb"},"inLanguage":"es","potentialAction":[{"@type":"ReadAction","target":["https:\/\/fumot.uk\/product\/blueberry-raspberry-uzy-tornado-20000-puffs\/"]}]},{"@type":"ImageObject","inLanguage":"es","@id":"https:\/\/fumot.uk\/product\/blueberry-raspberry-uzy-tornado-20000-puffs\/#primaryimage","url":"https:\/\/fumot.uk\/wp-content\/uploads\/2026\/01\/UZY-TORNADO-20000_Blueberry-Raspberry-Disposable-Vape-scaled-1.png","contentUrl":"https:\/\/fumot.uk\/wp-content\/uploads\/2026\/01\/UZY-TORNADO-20000_Blueberry-Raspberry-Disposable-Vape-scaled-1.png","width":2560,"height":2560},{"@type":"BreadcrumbList","@id":"https:\/\/fumot.uk\/product\/blueberry-raspberry-uzy-tornado-20000-puffs\/#breadcrumb","itemListElement":[{"@type":"ListItem","position":1,"name":"Home","item":"https:\/\/fumot.uk\/"},{"@type":"ListItem","position":2,"name":"Shop","item":"https:\/\/fumot.uk\/shop\/"},{"@type":"ListItem","position":3,"name":"UZY Tornado 20000 Puffs Blueberry Raspberry Disposable Vape (28ml, Rechargeable Type\u2011C)"}]},{"@type":"WebSite","@id":"https:\/\/fumot.uk\/#website","url":"https:\/\/fumot.uk\/","name":"Fumot Official Direct | Directo desde la f\u00e1brica, 100% Original","description":"Sitio Oficial","publisher":{"@id":"https:\/\/fumot.uk\/#organization"},"potentialAction":[{"@type":"SearchAction","target":{"@type":"EntryPoint","urlTemplate":"https:\/\/fumot.uk\/?s={search_term_string}"},"query-input":{"@type":"PropertyValueSpecification","valueRequired":true,"valueName":"search_term_string"}}],"inLanguage":"es"},{"@type":"Organization","@id":"https:\/\/fumot.uk\/#organization","name":"Fumot Official Direct | Directo desde la f\u00e1brica, 100% Original","url":"https:\/\/fumot.uk\/","logo":{"@type":"ImageObject","inLanguage":"es","@id":"https:\/\/fumot.uk\/#\/schema\/logo\/image\/","url":"https:\/\/fumot.uk\/wp-content\/uploads\/2026\/01\/cropped-fumot-logo1.png","contentUrl":"https:\/\/fumot.uk\/wp-content\/uploads\/2026\/01\/cropped-fumot-logo1.png","width":152,"height":106,"caption":"Fumot Official Direct | Straight from the Factory, 100% Genuine"},"image":{"@id":"https:\/\/fumot.uk\/#\/schema\/logo\/image\/"}}]}},"_links":{"self":[{"href":"https:\/\/fumot.uk\/es\/wp-json\/wp\/v2\/product\/1650","targetHints":{"allow":["GET"]}}],"collection":[{"href":"https:\/\/fumot.uk\/es\/wp-json\/wp\/v2\/product"}],"about":[{"href":"https:\/\/fumot.uk\/es\/wp-json\/wp\/v2\/types\/product"}],"replies":[{"embeddable":true,"href":"https:\/\/fumot.uk\/es\/wp-json\/wp\/v2\/comments?post=1650"}],"wp:featuredmedia":[{"embeddable":true,"href":"https:\/\/fumot.uk\/es\/wp-json\/wp\/v2\/media\/1691"}],"wp:attachment":[{"href":"https:\/\/fumot.uk\/es\/wp-json\/wp\/v2\/media?parent=1650"}],"wp:term":[{"taxonomy":"product_brand","embeddable":true,"href":"https:\/\/fumot.uk\/es\/wp-json\/wp\/v2\/product_brand?post=1650"},{"taxonomy":"product_cat","embeddable":true,"href":"https:\/\/fumot.uk\/es\/wp-json\/wp\/v2\/product_cat?post=1650"},{"taxonomy":"product_tag","embeddable":true,"href":"https:\/\/fumot.uk\/es\/wp-json\/wp\/v2\/product_tag?post=1650"}],"curies":[{"name":"wp","href":"https:\/\/api.w.org\/{rel}","templated":true}]}}