{"id":1646,"date":"2026-01-20T08:20:46","date_gmt":"2026-01-20T08:20:46","guid":{"rendered":"https:\/\/fumot.uk\/?post_type=product&#038;p=1646"},"modified":"2026-01-20T09:24:52","modified_gmt":"2026-01-20T09:24:52","slug":"summer-peach-ice-strawberry-ice-blue-razz-ice-uzy-triple-flavor-60000-puffs","status":"publish","type":"product","link":"https:\/\/fumot.uk\/es\/product\/summer-peach-ice-strawberry-ice-blue-razz-ice-uzy-triple-flavor-60000-puffs\/","title":{"rendered":"UZY Triple Flavor 60000 Puffs Vape Desechable \u2013 Hielo de Melocot\u00f3n de Verano \/ Hielo de Fresa \/ Hielo de Frambuesa Azul (54ml, 850mAh, Tipo\u2011C)"},"content":{"rendered":"<h3>UZY Triple Flavor 60000 Puffs \u2013 Hielo de Durazno de Verano \/ Hielo de Fresa \/ Hielo de Blue Razz<\/h3>\n<p>Conoce un tr\u00edo de frutas frescas hecho para la frescura diaria: <strong>Verano Durazno Hielo<\/strong>, <strong>Hielo de Fresa<\/strong>, y <strong>Blue Razz Ice<\/strong> en un solo dispositivo. El <strong>UZY Triple Flavor 60000 Puffs<\/strong> utiliza un <strong>sistema de 3 c\u00e1maras<\/strong> para que puedas cambiar de perfil en cualquier momento, manteniendo tu sesi\u00f3n de vapeo variada sin llevar m\u00faltiples desechables.<\/p>\n<h3>L\u00ednea de Sabores (3 en 1)<\/h3>\n<ul>\n<li><strong>Verano Durazno Hielo<\/strong> \u2013 dulzura de durazno jugoso con un acabado limpio y refrescante para una calada suave y brillante.<\/li>\n<li><strong>Hielo de Fresa<\/strong> \u2013 notas de fresa madura equilibradas con mentol fresco para un sabor f\u00e1cil y refrescante todo el d\u00eda.<\/li>\n<li><strong>Blue Razz Ice<\/strong> \u2013 car\u00e1cter \u00e1cido de blue razz combinado con un toque m\u00e1s helado para una vibrante sensaci\u00f3n de fruta fr\u00eda.<\/li>\n<\/ul>\n<h3>Por qu\u00e9 te gustar\u00e1<\/h3>\n<p>Dise\u00f1ado para consistencia y comodidad, este vape desechable cuenta con calentamiento de malla avanzada para ayudar a ofrecer <strong>sabor uniforme<\/strong> y un <strong>inhalaci\u00f3n suave<\/strong> en las tres c\u00e1maras. El <strong>pantalla LED inteligente<\/strong> mantiene los elementos esenciales visibles, mostrando <strong>bater\u00eda<\/strong> y <strong>nivel de e\u2011l\u00edquido<\/strong> de un vistazo, para que no est\u00e9s adivinando a mitad del d\u00eda.<\/p>\n<h3>Especificaciones Clave<\/h3>\n<ul>\n<li><strong>Caladas:<\/strong> hasta 60000<\/li>\n<li><strong>Sabores:<\/strong> Triple Sabor (3 c\u00e1maras)<\/li>\n<li><strong>Bobina\/Calentamiento:<\/strong> Tecnolog\u00eda de Doble Malla (con dise\u00f1o de sistema de calentamiento de triple malla)<\/li>\n<li><strong>E\u2011l\u00edquido:<\/strong> 54ml en total (18ml + 18ml + 18ml)<\/li>\n<li><strong>Opciones de nicotina:<\/strong> 0% \/ 2% \/ 3% \/ 5% (selecciona tu preferencia)<\/li>\n<li><strong>Bater\u00eda:<\/strong> 850mAh<\/li>\n<li><strong>Carga:<\/strong> Recargable USB Tipo\u2011C<\/li>\n<li><strong>Pantalla:<\/strong> Pantalla LED inteligente (indicadores de bater\u00eda y l\u00edquido)<\/li>\n<li><strong>Modos:<\/strong> Versiones Pro y Max disponibles (ajuste de potencia)<\/li>\n<\/ul>\n<h3>Rotaci\u00f3n de Verano Fresco, Un Dispositivo<\/h3>\n<p>Si te gustan <strong>sabores de vapeo helados<\/strong> y quieres opciones a demanda, este <strong>vape desechable de triple sabor<\/strong> te ofrece un frescor de durazno, un enfriamiento de fresa y una mordida audaz de blue razz, listo cuando cambie tu estado de \u00e1nimo.<\/p>\n<p><strong>Explora m\u00e1s en:<\/strong> <a href=\"https:\/\/fumot.uk\/es\/\" target=\"_blank\" rel=\"noopener\">fumot.uk<\/a><\/p>","protected":false},"excerpt":{"rendered":"<p>Cambia entre 3 sabores de frutas heladas\u2014Summer Peach Ice, Strawberry Ice y Blue Razz Ice\u2014en un vape desechable UZY Triple Flavor 60000 Puffs. 54ml, 850mAh, Type\u2011C, pantalla LED inteligente, opciones de nicotina 0\u20135%.<\/p>","protected":false},"featured_media":1687,"comment_status":"open","ping_status":"closed","template":"","meta":[],"product_brand":[],"product_cat":[115,116,17],"product_tag":[117,20,57,22,72,73,29,30,26,37,118,28],"class_list":{"0":"post-1646","1":"product","2":"type-product","3":"status-publish","4":"has-post-thumbnail","6":"product_cat-60000-puff","7":"product_cat-uzy-triple-flavor-60000-puffs","8":"product_cat-vape","9":"product_tag-54ml","10":"product_tag-850mah","11":"product_tag-banana","12":"product_tag-blue-razz","13":"product_tag-direct-to-lung","14":"product_tag-dual-mesh","15":"product_tag-ice","16":"product_tag-peach","17":"product_tag-rechargeable","18":"product_tag-strawberry","19":"product_tag-triple-flavor","20":"product_tag-type-c","22":"first","23":"instock","24":"sale","25":"shipping-taxable","26":"purchasable","27":"product-type-variable"},"yoast_head":"<!-- This site is optimized with the Yoast SEO plugin v26.8 - https:\/\/yoast.com\/product\/yoast-seo-wordpress\/ -->\n<title>UZY Triple Flavor 60000 Puffs \u2013 Peach\/Strawberry\/Blue Razz<\/title>\n<meta name=\"description\" content=\"UZY Triple Flavor 60000 Puffs disposable vape with 3 iced fruit flavors: Summer Peach Ice, Strawberry Ice, Blue Razz Ice. 54ml, 850mAh, Type\u2011C, LED display.\" \/>\n<meta name=\"robots\" content=\"index, follow, max-snippet:-1, max-image-preview:large, max-video-preview:-1\" \/>\n<link rel=\"canonical\" href=\"https:\/\/fumot.uk\/es\/product\/summer-peach-ice-strawberry-ice-blue-razz-ice-uzy-triple-flavor-60000-puffs\/\" \/>\n<meta property=\"og:locale\" content=\"es_ES\" \/>\n<meta property=\"og:type\" content=\"article\" \/>\n<meta property=\"og:title\" content=\"UZY Triple Flavor 60000 Puffs \u2013 3 Iced Fruit Flavors in 1\" \/>\n<meta property=\"og:description\" content=\"Summer Peach Ice, Strawberry Ice &amp; Blue Razz Ice in a 3\u2011chamber disposable vape. 54ml e\u2011liquid, 850mAh rechargeable, Type\u2011C, smart LED display. Shop at fumot.uk.\" \/>\n<meta property=\"og:url\" content=\"https:\/\/fumot.uk\/es\/product\/summer-peach-ice-strawberry-ice-blue-razz-ice-uzy-triple-flavor-60000-puffs\/\" \/>\n<meta property=\"og:site_name\" content=\"Fumot Official Direct | Straight from the Factory, 100% Genuine\" \/>\n<meta property=\"article:modified_time\" content=\"2026-01-20T09:24:52+00:00\" \/>\n<meta property=\"og:image\" content=\"https:\/\/fumot.uk\/wp-content\/uploads\/2026\/01\/Summer-Peach-Ice-Strawberry-ice-Blue-Razz-Ice-UZY-Triple-Flavor-30000-Puffs-Disposable-Vape.jpg\" \/>\n\t<meta property=\"og:image:width\" content=\"1630\" \/>\n\t<meta property=\"og:image:height\" content=\"1630\" \/>\n\t<meta property=\"og:image:type\" content=\"image\/jpeg\" \/>\n<meta name=\"twitter:card\" content=\"summary_large_image\" \/>\n<meta name=\"twitter:label1\" content=\"Tiempo de lectura\" \/>\n\t<meta name=\"twitter:data1\" content=\"2 minutos\" \/>\n<script type=\"application\/ld+json\" class=\"yoast-schema-graph\">{\"@context\":\"https:\/\/schema.org\",\"@graph\":[{\"@type\":\"WebPage\",\"@id\":\"https:\/\/fumot.uk\/product\/summer-peach-ice-strawberry-ice-blue-razz-ice-uzy-triple-flavor-60000-puffs\/\",\"url\":\"https:\/\/fumot.uk\/product\/summer-peach-ice-strawberry-ice-blue-razz-ice-uzy-triple-flavor-60000-puffs\/\",\"name\":\"UZY Triple Flavor 60000 Puffs \u2013 Peach\/Strawberry\/Blue Razz\",\"isPartOf\":{\"@id\":\"https:\/\/fumot.uk\/#website\"},\"primaryImageOfPage\":{\"@id\":\"https:\/\/fumot.uk\/product\/summer-peach-ice-strawberry-ice-blue-razz-ice-uzy-triple-flavor-60000-puffs\/#primaryimage\"},\"image\":{\"@id\":\"https:\/\/fumot.uk\/product\/summer-peach-ice-strawberry-ice-blue-razz-ice-uzy-triple-flavor-60000-puffs\/#primaryimage\"},\"thumbnailUrl\":\"https:\/\/fumot.uk\/wp-content\/uploads\/2026\/01\/Summer-Peach-Ice-Strawberry-ice-Blue-Razz-Ice-UZY-Triple-Flavor-30000-Puffs-Disposable-Vape.jpg\",\"datePublished\":\"2026-01-20T08:20:46+00:00\",\"dateModified\":\"2026-01-20T09:24:52+00:00\",\"description\":\"UZY Triple Flavor 60000 Puffs disposable vape with 3 iced fruit flavors: Summer Peach Ice, Strawberry Ice, Blue Razz Ice. 54ml, 850mAh, Type\u2011C, LED display.\",\"breadcrumb\":{\"@id\":\"https:\/\/fumot.uk\/product\/summer-peach-ice-strawberry-ice-blue-razz-ice-uzy-triple-flavor-60000-puffs\/#breadcrumb\"},\"inLanguage\":\"es\",\"potentialAction\":[{\"@type\":\"ReadAction\",\"target\":[\"https:\/\/fumot.uk\/product\/summer-peach-ice-strawberry-ice-blue-razz-ice-uzy-triple-flavor-60000-puffs\/\"]}]},{\"@type\":\"ImageObject\",\"inLanguage\":\"es\",\"@id\":\"https:\/\/fumot.uk\/product\/summer-peach-ice-strawberry-ice-blue-razz-ice-uzy-triple-flavor-60000-puffs\/#primaryimage\",\"url\":\"https:\/\/fumot.uk\/wp-content\/uploads\/2026\/01\/Summer-Peach-Ice-Strawberry-ice-Blue-Razz-Ice-UZY-Triple-Flavor-30000-Puffs-Disposable-Vape.jpg\",\"contentUrl\":\"https:\/\/fumot.uk\/wp-content\/uploads\/2026\/01\/Summer-Peach-Ice-Strawberry-ice-Blue-Razz-Ice-UZY-Triple-Flavor-30000-Puffs-Disposable-Vape.jpg\",\"width\":1630,\"height\":1630},{\"@type\":\"BreadcrumbList\",\"@id\":\"https:\/\/fumot.uk\/product\/summer-peach-ice-strawberry-ice-blue-razz-ice-uzy-triple-flavor-60000-puffs\/#breadcrumb\",\"itemListElement\":[{\"@type\":\"ListItem\",\"position\":1,\"name\":\"Home\",\"item\":\"https:\/\/fumot.uk\/\"},{\"@type\":\"ListItem\",\"position\":2,\"name\":\"Shop\",\"item\":\"https:\/\/fumot.uk\/shop\/\"},{\"@type\":\"ListItem\",\"position\":3,\"name\":\"UZY Triple Flavor 60000 Puffs Disposable Vape \u2013 Summer Peach Ice \/ Strawberry Ice \/ Blue Razz Ice (54ml, 850mAh, Type\u2011C)\"}]},{\"@type\":\"WebSite\",\"@id\":\"https:\/\/fumot.uk\/#website\",\"url\":\"https:\/\/fumot.uk\/\",\"name\":\"Fumot Official Direct | Straight from the Factory, 100% Genuine\",\"description\":\"Official Website\",\"publisher\":{\"@id\":\"https:\/\/fumot.uk\/#organization\"},\"potentialAction\":[{\"@type\":\"SearchAction\",\"target\":{\"@type\":\"EntryPoint\",\"urlTemplate\":\"https:\/\/fumot.uk\/?s={search_term_string}\"},\"query-input\":{\"@type\":\"PropertyValueSpecification\",\"valueRequired\":true,\"valueName\":\"search_term_string\"}}],\"inLanguage\":\"es\"},{\"@type\":\"Organization\",\"@id\":\"https:\/\/fumot.uk\/#organization\",\"name\":\"Fumot Official Direct | Straight from the Factory, 100% Genuine\",\"url\":\"https:\/\/fumot.uk\/\",\"logo\":{\"@type\":\"ImageObject\",\"inLanguage\":\"es\",\"@id\":\"https:\/\/fumot.uk\/#\/schema\/logo\/image\/\",\"url\":\"https:\/\/fumot.uk\/wp-content\/uploads\/2026\/01\/cropped-fumot-logo1.png\",\"contentUrl\":\"https:\/\/fumot.uk\/wp-content\/uploads\/2026\/01\/cropped-fumot-logo1.png\",\"width\":152,\"height\":106,\"caption\":\"Fumot Official Direct | Straight from the Factory, 100% Genuine\"},\"image\":{\"@id\":\"https:\/\/fumot.uk\/#\/schema\/logo\/image\/\"}}]}<\/script>\n<!-- \/ Yoast SEO plugin. -->","yoast_head_json":{"title":"UZY Triple Flavor 60000 Puffs \u2013 Durazno\/Fresa\/Frambuesa Azul","description":"UZY Triple Flavor 60000 Puffs vape desechable con 3 sabores de frutas heladas: Hielo de Durazno de Verano, Hielo de Fresa, Hielo de Blue Razz. 54ml, 850mAh, Tipo\u2011C, pantalla LED.","robots":{"index":"index","follow":"follow","max-snippet":"max-snippet:-1","max-image-preview":"max-image-preview:large","max-video-preview":"max-video-preview:-1"},"canonical":"https:\/\/fumot.uk\/es\/product\/summer-peach-ice-strawberry-ice-blue-razz-ice-uzy-triple-flavor-60000-puffs\/","og_locale":"es_ES","og_type":"article","og_title":"UZY Triple Flavor 60000 Puffs \u2013 3 Iced Fruit Flavors in 1","og_description":"Summer Peach Ice, Strawberry Ice & Blue Razz Ice in a 3\u2011chamber disposable vape. 54ml e\u2011liquid, 850mAh rechargeable, Type\u2011C, smart LED display. Shop at fumot.uk.","og_url":"https:\/\/fumot.uk\/es\/product\/summer-peach-ice-strawberry-ice-blue-razz-ice-uzy-triple-flavor-60000-puffs\/","og_site_name":"Fumot Official Direct | Straight from the Factory, 100% Genuine","article_modified_time":"2026-01-20T09:24:52+00:00","og_image":[{"width":1630,"height":1630,"url":"https:\/\/fumot.uk\/wp-content\/uploads\/2026\/01\/Summer-Peach-Ice-Strawberry-ice-Blue-Razz-Ice-UZY-Triple-Flavor-30000-Puffs-Disposable-Vape.jpg","type":"image\/jpeg"}],"twitter_card":"summary_large_image","twitter_misc":{"Tiempo de lectura":"2 minutos"},"schema":{"@context":"https:\/\/schema.org","@graph":[{"@type":"WebPage","@id":"https:\/\/fumot.uk\/product\/summer-peach-ice-strawberry-ice-blue-razz-ice-uzy-triple-flavor-60000-puffs\/","url":"https:\/\/fumot.uk\/product\/summer-peach-ice-strawberry-ice-blue-razz-ice-uzy-triple-flavor-60000-puffs\/","name":"UZY Triple Flavor 60000 Puffs \u2013 Durazno\/Fresa\/Frambuesa Azul","isPartOf":{"@id":"https:\/\/fumot.uk\/#website"},"primaryImageOfPage":{"@id":"https:\/\/fumot.uk\/product\/summer-peach-ice-strawberry-ice-blue-razz-ice-uzy-triple-flavor-60000-puffs\/#primaryimage"},"image":{"@id":"https:\/\/fumot.uk\/product\/summer-peach-ice-strawberry-ice-blue-razz-ice-uzy-triple-flavor-60000-puffs\/#primaryimage"},"thumbnailUrl":"https:\/\/fumot.uk\/wp-content\/uploads\/2026\/01\/Summer-Peach-Ice-Strawberry-ice-Blue-Razz-Ice-UZY-Triple-Flavor-30000-Puffs-Disposable-Vape.jpg","datePublished":"2026-01-20T08:20:46+00:00","dateModified":"2026-01-20T09:24:52+00:00","description":"UZY Triple Flavor 60000 Puffs vape desechable con 3 sabores de frutas heladas: Hielo de Durazno de Verano, Hielo de Fresa, Hielo de Blue Razz. 54ml, 850mAh, Tipo\u2011C, pantalla LED.","breadcrumb":{"@id":"https:\/\/fumot.uk\/product\/summer-peach-ice-strawberry-ice-blue-razz-ice-uzy-triple-flavor-60000-puffs\/#breadcrumb"},"inLanguage":"es","potentialAction":[{"@type":"ReadAction","target":["https:\/\/fumot.uk\/product\/summer-peach-ice-strawberry-ice-blue-razz-ice-uzy-triple-flavor-60000-puffs\/"]}]},{"@type":"ImageObject","inLanguage":"es","@id":"https:\/\/fumot.uk\/product\/summer-peach-ice-strawberry-ice-blue-razz-ice-uzy-triple-flavor-60000-puffs\/#primaryimage","url":"https:\/\/fumot.uk\/wp-content\/uploads\/2026\/01\/Summer-Peach-Ice-Strawberry-ice-Blue-Razz-Ice-UZY-Triple-Flavor-30000-Puffs-Disposable-Vape.jpg","contentUrl":"https:\/\/fumot.uk\/wp-content\/uploads\/2026\/01\/Summer-Peach-Ice-Strawberry-ice-Blue-Razz-Ice-UZY-Triple-Flavor-30000-Puffs-Disposable-Vape.jpg","width":1630,"height":1630},{"@type":"BreadcrumbList","@id":"https:\/\/fumot.uk\/product\/summer-peach-ice-strawberry-ice-blue-razz-ice-uzy-triple-flavor-60000-puffs\/#breadcrumb","itemListElement":[{"@type":"ListItem","position":1,"name":"Home","item":"https:\/\/fumot.uk\/"},{"@type":"ListItem","position":2,"name":"Shop","item":"https:\/\/fumot.uk\/shop\/"},{"@type":"ListItem","position":3,"name":"UZY Triple Flavor 60000 Puffs Disposable Vape \u2013 Summer Peach Ice \/ Strawberry Ice \/ Blue Razz Ice (54ml, 850mAh, Type\u2011C)"}]},{"@type":"WebSite","@id":"https:\/\/fumot.uk\/#website","url":"https:\/\/fumot.uk\/","name":"Fumot Official Direct | Directo desde la f\u00e1brica, 100% Original","description":"Sitio Oficial","publisher":{"@id":"https:\/\/fumot.uk\/#organization"},"potentialAction":[{"@type":"SearchAction","target":{"@type":"EntryPoint","urlTemplate":"https:\/\/fumot.uk\/?s={search_term_string}"},"query-input":{"@type":"PropertyValueSpecification","valueRequired":true,"valueName":"search_term_string"}}],"inLanguage":"es"},{"@type":"Organization","@id":"https:\/\/fumot.uk\/#organization","name":"Fumot Official Direct | Directo desde la f\u00e1brica, 100% Original","url":"https:\/\/fumot.uk\/","logo":{"@type":"ImageObject","inLanguage":"es","@id":"https:\/\/fumot.uk\/#\/schema\/logo\/image\/","url":"https:\/\/fumot.uk\/wp-content\/uploads\/2026\/01\/cropped-fumot-logo1.png","contentUrl":"https:\/\/fumot.uk\/wp-content\/uploads\/2026\/01\/cropped-fumot-logo1.png","width":152,"height":106,"caption":"Fumot Official Direct | Straight from the Factory, 100% Genuine"},"image":{"@id":"https:\/\/fumot.uk\/#\/schema\/logo\/image\/"}}]}},"_links":{"self":[{"href":"https:\/\/fumot.uk\/es\/wp-json\/wp\/v2\/product\/1646","targetHints":{"allow":["GET"]}}],"collection":[{"href":"https:\/\/fumot.uk\/es\/wp-json\/wp\/v2\/product"}],"about":[{"href":"https:\/\/fumot.uk\/es\/wp-json\/wp\/v2\/types\/product"}],"replies":[{"embeddable":true,"href":"https:\/\/fumot.uk\/es\/wp-json\/wp\/v2\/comments?post=1646"}],"wp:featuredmedia":[{"embeddable":true,"href":"https:\/\/fumot.uk\/es\/wp-json\/wp\/v2\/media\/1687"}],"wp:attachment":[{"href":"https:\/\/fumot.uk\/es\/wp-json\/wp\/v2\/media?parent=1646"}],"wp:term":[{"taxonomy":"product_brand","embeddable":true,"href":"https:\/\/fumot.uk\/es\/wp-json\/wp\/v2\/product_brand?post=1646"},{"taxonomy":"product_cat","embeddable":true,"href":"https:\/\/fumot.uk\/es\/wp-json\/wp\/v2\/product_cat?post=1646"},{"taxonomy":"product_tag","embeddable":true,"href":"https:\/\/fumot.uk\/es\/wp-json\/wp\/v2\/product_tag?post=1646"}],"curies":[{"name":"wp","href":"https:\/\/api.w.org\/{rel}","templated":true}]}}