{"id":1642,"date":"2026-01-20T08:20:45","date_gmt":"2026-01-20T08:20:45","guid":{"rendered":"https:\/\/fumot.uk\/?post_type=product&#038;p=1642"},"modified":"2026-01-20T08:23:55","modified_gmt":"2026-01-20T08:23:55","slug":"grape-ice-love-666-strawberry-red-bull-uzy-triple-flavor-60000-puffs","status":"publish","type":"product","link":"https:\/\/fumot.uk\/es\/product\/grape-ice-love-666-strawberry-red-bull-uzy-triple-flavor-60000-puffs\/","title":{"rendered":"Hielo de Uva \/ Love 666 \/ Red Bull de Fresa-UZY Triple Sabor 60000 Puffs"},"content":{"rendered":"<h3>UZY Triple Flavor 60000 Puffs-Grape Ice \/ Love 666 \/ Strawberry Red Bull<\/h3>\n<p data-start=\"111\" data-end=\"465\"><strong data-start=\"111\" data-end=\"175\">Grape Ice: Afrutado y fresco con un intenso sabor a uva<\/strong><br data-start=\"175\" data-end=\"178\" \/><em data-start=\"178\" data-end=\"189\">Grape Ice<\/em> combina el dulce y rico sabor de las uvas maduras con una refrescante nota de mentol. El resultado es una experiencia de vapeo afrutada y fresca que combina la dulzura afrutada con un toque de frescura vigorizante, ideal para los amantes de las uvas que prefieren un toque fresco.<\/p>\n<p data-start=\"472\" data-end=\"743\"><strong data-start=\"472\" data-end=\"517\">Love 666: Misterioso y seductor<\/strong><br data-start=\"517\" data-end=\"520\" \/><em data-start=\"520\" data-end=\"530\">Love 666<\/em> ofrece una mezcla \u00fanica de notas afrutadas y dulces, redondeadas con un toque de especias. Este aroma es intenso y emocionante, perfecto para aquellos que buscan algo especial e inolvidable.<\/p>\n<p data-start=\"750\" data-end=\"1057\"><strong data-start=\"750\" data-end=\"796\">Strawberry Red Bull: Estimulante y afrutado<\/strong><br data-start=\"796\" data-end=\"799\" \/><em data-start=\"799\" data-end=\"820\">Strawberry Red Bull<\/em> combina la dulzura afrutada de las fresas maduras con la frescura energ\u00e9tica de una bebida energ\u00e9tica Red Bull. Esta combinaci\u00f3n proporciona una experiencia de vapeo din\u00e1mica y refrescante, ideal para aquellos que aman la energ\u00eda afrutada en cada calada.<\/p>\n<p data-start=\"1064\" data-end=\"1336\" data-is-last-node=\"\" data-is-only-node=\"\"><strong data-start=\"1064\" data-end=\"1109\">Tres mundos de sabor \u00fanicos<\/strong><br data-start=\"1109\" data-end=\"1112\" \/>Con Grape Ice, Love 666 y Strawberry Red Bull, el <strong data-start=\"1171\" data-end=\"1204\">UZY Triple Flavor 60000 Puffs<\/strong> ofrece tres aromas variados y emocionantes. Para cada gusto, la experiencia de vapeo adecuada: fresca, intensa y a la moda.<\/p>\n<h3><strong>M\u00e1s sabor, triple disfrute<\/strong><\/h3>\n<p>El <strong data-start=\"94\" data-end=\"139\" data-is-only-node=\"\">UZY Triple Flavor 60000 Puffs E-Cigarrillo<\/strong> est\u00e1 equipado con un innovador sistema de sabor de tres c\u00e1maras que le permite cambiar entre diferentes aromas en cualquier momento, para una experiencia de vapeo vers\u00e1til e individual. Combinado con la avanzada tecnolog\u00eda de calentamiento Triple-Mesh, cada calada es especialmente intensa, uniforme y agradablemente suave. La <strong data-start=\"490\" data-end=\"518\">pantalla LED inteligente<\/strong> integrada muestra el nivel de bater\u00eda y la cantidad de l\u00edquido en tiempo real, proporcionando as\u00ed el m\u00e1ximo control y comodidad en el uso.<\/p>\n<h3>UZY Triple Flavor 60000 Puffs \u2013 Caracter\u00edsticas principales:<\/h3>\n<p>\u2611 Caladas: 60000 Puffs<br data-start=\"81\" data-end=\"84\" \/>\u2611 Tres sabores<br data-start=\"111\" data-end=\"114\" \/>\u2611 Tecnolog\u00eda de bobina Dual-Mesh<br data-start=\"142\" data-end=\"145\" \/>\u2611 E-Liquid: Verdaderos 54 ml (18 ml + 18 ml + 18 ml)<br data-start=\"192\" data-end=\"195\" \/>\u2611 Contenido de nicotina: 0\u202f% \/ 2\u202f% \/ 3\u202f% \/ 5\u202f%<br data-start=\"233\" data-end=\"236\" \/>\u2611 Bater\u00eda: 850\u202fmAh<br data-start=\"251\" data-end=\"254\" \/>\u2611 Recargable: Puerto de carga Type-C<br data-start=\"293\" data-end=\"296\" \/>\u2611 Pantalla LED (Pantalla inteligente)<br data-start=\"324\" data-end=\"327\" \/>\u2611 Visualizaci\u00f3n clara del nivel de bater\u00eda y l\u00edquido<br data-start=\"368\" data-end=\"371\" \/>\u2611 Control de potencia: Versi\u00f3n Pro y Max disponible<\/p>","protected":false},"excerpt":{"rendered":"<p>UZY Triple Flavor 60000 Puffs-Grape Ice \/ Love 666\u00a0 \/ Strawberry Red Bull Grape Ice: Fruchtig und k\u00fchl mit intensivem TraubengeschmackGrape Ice kombiniert den s\u00fc\u00dfen, vollmundigen Geschmack reifer Trauben mit einer erfrischenden Mentholnote. Das Ergebnis ist ein fruchtig-k\u00fchles Dampferlebnis, das s\u00fc\u00dfe Fruchtigkeit mit einem belebenden Frischekick verbindet \u2013 ideal f\u00fcr Traubenliebhaber, die eine k\u00fchle Note [\u2026]<\/p>","protected":false},"featured_media":1683,"comment_status":"open","ping_status":"closed","template":"","meta":[],"product_brand":[],"product_cat":[115,116,17],"product_tag":[117,20,36,72,73,39,29,78,46,30,26,64,37,118,28],"class_list":{"0":"post-1642","1":"product","2":"type-product","3":"status-publish","4":"has-post-thumbnail","6":"product_cat-60000-puff","7":"product_cat-uzy-triple-flavor-60000-puffs","8":"product_cat-vape","9":"product_tag-54ml","10":"product_tag-850mah","11":"product_tag-cherry","12":"product_tag-direct-to-lung","13":"product_tag-dual-mesh","14":"product_tag-grape","15":"product_tag-ice","16":"product_tag-melon","17":"product_tag-passion-fruit","18":"product_tag-peach","19":"product_tag-rechargeable","20":"product_tag-red-bull","21":"product_tag-strawberry","22":"product_tag-triple-flavor","23":"product_tag-type-c","25":"first","26":"instock","27":"sale","28":"shipping-taxable","29":"purchasable","30":"product-type-variable"},"yoast_head":"<!-- This site is optimized with the Yoast SEO plugin v26.8 - https:\/\/yoast.com\/product\/yoast-seo-wordpress\/ -->\n<title>Grape Ice \/ Love 666 \/ Strawberry Red Bull-UZY Triple Flavor 60000 Puffs - Fumot Official Direct | Straight from the Factory, 100% Genuine<\/title>\n<meta name=\"robots\" content=\"index, follow, max-snippet:-1, max-image-preview:large, max-video-preview:-1\" \/>\n<link rel=\"canonical\" href=\"https:\/\/fumot.uk\/es\/product\/grape-ice-love-666-strawberry-red-bull-uzy-triple-flavor-60000-puffs\/\" \/>\n<meta property=\"og:locale\" content=\"es_ES\" \/>\n<meta property=\"og:type\" content=\"article\" \/>\n<meta property=\"og:title\" content=\"Grape Ice \/ Love 666 \/ Strawberry Red Bull-UZY Triple Flavor 60000 Puffs - Fumot Official Direct | Straight from the Factory, 100% Genuine\" \/>\n<meta property=\"og:description\" content=\"UZY Triple Flavor 60000 Puffs-Grape Ice \/ Love 666\u00a0 \/ Strawberry Red Bull Grape Ice: Fruchtig und k\u00fchl mit intensivem TraubengeschmackGrape Ice kombiniert den s\u00fc\u00dfen, vollmundigen Geschmack reifer Trauben mit einer erfrischenden Mentholnote. Das Ergebnis ist ein fruchtig-k\u00fchles Dampferlebnis, das s\u00fc\u00dfe Fruchtigkeit mit einem belebenden Frischekick verbindet \u2013 ideal f\u00fcr Traubenliebhaber, die eine k\u00fchle Note [&hellip;]\" \/>\n<meta property=\"og:url\" content=\"https:\/\/fumot.uk\/es\/product\/grape-ice-love-666-strawberry-red-bull-uzy-triple-flavor-60000-puffs\/\" \/>\n<meta property=\"og:site_name\" content=\"Fumot Official Direct | Straight from the Factory, 100% Genuine\" \/>\n<meta property=\"article:modified_time\" content=\"2026-01-20T08:23:55+00:00\" \/>\n<meta property=\"og:image\" content=\"https:\/\/fumot.uk\/wp-content\/uploads\/2026\/01\/Grape-Ice-Love-666-Strawberry-Red-Bull-UZY-Triple-Flavor-30000-Puffs-Disposable-Vape.jpg\" \/>\n\t<meta property=\"og:image:width\" content=\"1630\" \/>\n\t<meta property=\"og:image:height\" content=\"1630\" \/>\n\t<meta property=\"og:image:type\" content=\"image\/jpeg\" \/>\n<meta name=\"twitter:card\" content=\"summary_large_image\" \/>\n<meta name=\"twitter:label1\" content=\"Tiempo de lectura\" \/>\n\t<meta name=\"twitter:data1\" content=\"2 minutos\" \/>\n<script type=\"application\/ld+json\" class=\"yoast-schema-graph\">{\"@context\":\"https:\/\/schema.org\",\"@graph\":[{\"@type\":\"WebPage\",\"@id\":\"https:\/\/fumot.uk\/product\/grape-ice-love-666-strawberry-red-bull-uzy-triple-flavor-60000-puffs\/\",\"url\":\"https:\/\/fumot.uk\/product\/grape-ice-love-666-strawberry-red-bull-uzy-triple-flavor-60000-puffs\/\",\"name\":\"Grape Ice \/ Love 666 \/ Strawberry Red Bull-UZY Triple Flavor 60000 Puffs - Fumot Official Direct | Straight from the Factory, 100% Genuine\",\"isPartOf\":{\"@id\":\"https:\/\/fumot.uk\/#website\"},\"primaryImageOfPage\":{\"@id\":\"https:\/\/fumot.uk\/product\/grape-ice-love-666-strawberry-red-bull-uzy-triple-flavor-60000-puffs\/#primaryimage\"},\"image\":{\"@id\":\"https:\/\/fumot.uk\/product\/grape-ice-love-666-strawberry-red-bull-uzy-triple-flavor-60000-puffs\/#primaryimage\"},\"thumbnailUrl\":\"https:\/\/fumot.uk\/wp-content\/uploads\/2026\/01\/Grape-Ice-Love-666-Strawberry-Red-Bull-UZY-Triple-Flavor-30000-Puffs-Disposable-Vape.jpg\",\"datePublished\":\"2026-01-20T08:20:45+00:00\",\"dateModified\":\"2026-01-20T08:23:55+00:00\",\"breadcrumb\":{\"@id\":\"https:\/\/fumot.uk\/product\/grape-ice-love-666-strawberry-red-bull-uzy-triple-flavor-60000-puffs\/#breadcrumb\"},\"inLanguage\":\"es\",\"potentialAction\":[{\"@type\":\"ReadAction\",\"target\":[\"https:\/\/fumot.uk\/product\/grape-ice-love-666-strawberry-red-bull-uzy-triple-flavor-60000-puffs\/\"]}]},{\"@type\":\"ImageObject\",\"inLanguage\":\"es\",\"@id\":\"https:\/\/fumot.uk\/product\/grape-ice-love-666-strawberry-red-bull-uzy-triple-flavor-60000-puffs\/#primaryimage\",\"url\":\"https:\/\/fumot.uk\/wp-content\/uploads\/2026\/01\/Grape-Ice-Love-666-Strawberry-Red-Bull-UZY-Triple-Flavor-30000-Puffs-Disposable-Vape.jpg\",\"contentUrl\":\"https:\/\/fumot.uk\/wp-content\/uploads\/2026\/01\/Grape-Ice-Love-666-Strawberry-Red-Bull-UZY-Triple-Flavor-30000-Puffs-Disposable-Vape.jpg\",\"width\":1630,\"height\":1630},{\"@type\":\"BreadcrumbList\",\"@id\":\"https:\/\/fumot.uk\/product\/grape-ice-love-666-strawberry-red-bull-uzy-triple-flavor-60000-puffs\/#breadcrumb\",\"itemListElement\":[{\"@type\":\"ListItem\",\"position\":1,\"name\":\"Home\",\"item\":\"https:\/\/fumot.uk\/\"},{\"@type\":\"ListItem\",\"position\":2,\"name\":\"Shop\",\"item\":\"https:\/\/fumot.uk\/shop\/\"},{\"@type\":\"ListItem\",\"position\":3,\"name\":\"Grape Ice \/ Love 666 \/ Strawberry Red Bull-UZY Triple Flavor 60000 Puffs\"}]},{\"@type\":\"WebSite\",\"@id\":\"https:\/\/fumot.uk\/#website\",\"url\":\"https:\/\/fumot.uk\/\",\"name\":\"Fumot Official Direct | Straight from the Factory, 100% Genuine\",\"description\":\"Official Website\",\"publisher\":{\"@id\":\"https:\/\/fumot.uk\/#organization\"},\"potentialAction\":[{\"@type\":\"SearchAction\",\"target\":{\"@type\":\"EntryPoint\",\"urlTemplate\":\"https:\/\/fumot.uk\/?s={search_term_string}\"},\"query-input\":{\"@type\":\"PropertyValueSpecification\",\"valueRequired\":true,\"valueName\":\"search_term_string\"}}],\"inLanguage\":\"es\"},{\"@type\":\"Organization\",\"@id\":\"https:\/\/fumot.uk\/#organization\",\"name\":\"Fumot Official Direct | Straight from the Factory, 100% Genuine\",\"url\":\"https:\/\/fumot.uk\/\",\"logo\":{\"@type\":\"ImageObject\",\"inLanguage\":\"es\",\"@id\":\"https:\/\/fumot.uk\/#\/schema\/logo\/image\/\",\"url\":\"https:\/\/fumot.uk\/wp-content\/uploads\/2026\/01\/cropped-fumot-logo1.png\",\"contentUrl\":\"https:\/\/fumot.uk\/wp-content\/uploads\/2026\/01\/cropped-fumot-logo1.png\",\"width\":152,\"height\":106,\"caption\":\"Fumot Official Direct | Straight from the Factory, 100% Genuine\"},\"image\":{\"@id\":\"https:\/\/fumot.uk\/#\/schema\/logo\/image\/\"}}]}<\/script>\n<!-- \/ Yoast SEO plugin. -->","yoast_head_json":{"title":"Hielo de Uva \/ Amor 666 \/ Fresa Red Bull-UZY Triple Sabor 60000 Caladas - Fumot Oficial Directo | Directo de F\u00e1brica, 100% Aut\u00e9ntico","robots":{"index":"index","follow":"follow","max-snippet":"max-snippet:-1","max-image-preview":"max-image-preview:large","max-video-preview":"max-video-preview:-1"},"canonical":"https:\/\/fumot.uk\/es\/product\/grape-ice-love-666-strawberry-red-bull-uzy-triple-flavor-60000-puffs\/","og_locale":"es_ES","og_type":"article","og_title":"Grape Ice \/ Love 666 \/ Strawberry Red Bull-UZY Triple Flavor 60000 Puffs - Fumot Official Direct | Straight from the Factory, 100% Genuine","og_description":"UZY Triple Flavor 60000 Puffs-Grape Ice \/ Love 666\u00a0 \/ Strawberry Red Bull Grape Ice: Fruchtig und k\u00fchl mit intensivem TraubengeschmackGrape Ice kombiniert den s\u00fc\u00dfen, vollmundigen Geschmack reifer Trauben mit einer erfrischenden Mentholnote. Das Ergebnis ist ein fruchtig-k\u00fchles Dampferlebnis, das s\u00fc\u00dfe Fruchtigkeit mit einem belebenden Frischekick verbindet \u2013 ideal f\u00fcr Traubenliebhaber, die eine k\u00fchle Note [&hellip;]","og_url":"https:\/\/fumot.uk\/es\/product\/grape-ice-love-666-strawberry-red-bull-uzy-triple-flavor-60000-puffs\/","og_site_name":"Fumot Official Direct | Straight from the Factory, 100% Genuine","article_modified_time":"2026-01-20T08:23:55+00:00","og_image":[{"width":1630,"height":1630,"url":"https:\/\/fumot.uk\/wp-content\/uploads\/2026\/01\/Grape-Ice-Love-666-Strawberry-Red-Bull-UZY-Triple-Flavor-30000-Puffs-Disposable-Vape.jpg","type":"image\/jpeg"}],"twitter_card":"summary_large_image","twitter_misc":{"Tiempo de lectura":"2 minutos"},"schema":{"@context":"https:\/\/schema.org","@graph":[{"@type":"WebPage","@id":"https:\/\/fumot.uk\/product\/grape-ice-love-666-strawberry-red-bull-uzy-triple-flavor-60000-puffs\/","url":"https:\/\/fumot.uk\/product\/grape-ice-love-666-strawberry-red-bull-uzy-triple-flavor-60000-puffs\/","name":"Hielo de Uva \/ Amor 666 \/ Fresa Red Bull-UZY Triple Sabor 60000 Caladas - Fumot Oficial Directo | Directo de F\u00e1brica, 100% Aut\u00e9ntico","isPartOf":{"@id":"https:\/\/fumot.uk\/#website"},"primaryImageOfPage":{"@id":"https:\/\/fumot.uk\/product\/grape-ice-love-666-strawberry-red-bull-uzy-triple-flavor-60000-puffs\/#primaryimage"},"image":{"@id":"https:\/\/fumot.uk\/product\/grape-ice-love-666-strawberry-red-bull-uzy-triple-flavor-60000-puffs\/#primaryimage"},"thumbnailUrl":"https:\/\/fumot.uk\/wp-content\/uploads\/2026\/01\/Grape-Ice-Love-666-Strawberry-Red-Bull-UZY-Triple-Flavor-30000-Puffs-Disposable-Vape.jpg","datePublished":"2026-01-20T08:20:45+00:00","dateModified":"2026-01-20T08:23:55+00:00","breadcrumb":{"@id":"https:\/\/fumot.uk\/product\/grape-ice-love-666-strawberry-red-bull-uzy-triple-flavor-60000-puffs\/#breadcrumb"},"inLanguage":"es","potentialAction":[{"@type":"ReadAction","target":["https:\/\/fumot.uk\/product\/grape-ice-love-666-strawberry-red-bull-uzy-triple-flavor-60000-puffs\/"]}]},{"@type":"ImageObject","inLanguage":"es","@id":"https:\/\/fumot.uk\/product\/grape-ice-love-666-strawberry-red-bull-uzy-triple-flavor-60000-puffs\/#primaryimage","url":"https:\/\/fumot.uk\/wp-content\/uploads\/2026\/01\/Grape-Ice-Love-666-Strawberry-Red-Bull-UZY-Triple-Flavor-30000-Puffs-Disposable-Vape.jpg","contentUrl":"https:\/\/fumot.uk\/wp-content\/uploads\/2026\/01\/Grape-Ice-Love-666-Strawberry-Red-Bull-UZY-Triple-Flavor-30000-Puffs-Disposable-Vape.jpg","width":1630,"height":1630},{"@type":"BreadcrumbList","@id":"https:\/\/fumot.uk\/product\/grape-ice-love-666-strawberry-red-bull-uzy-triple-flavor-60000-puffs\/#breadcrumb","itemListElement":[{"@type":"ListItem","position":1,"name":"Home","item":"https:\/\/fumot.uk\/"},{"@type":"ListItem","position":2,"name":"Shop","item":"https:\/\/fumot.uk\/shop\/"},{"@type":"ListItem","position":3,"name":"Grape Ice \/ Love 666 \/ Strawberry Red Bull-UZY Triple Flavor 60000 Puffs"}]},{"@type":"WebSite","@id":"https:\/\/fumot.uk\/#website","url":"https:\/\/fumot.uk\/","name":"Fumot Official Direct | Directo desde la f\u00e1brica, 100% Original","description":"Sitio Oficial","publisher":{"@id":"https:\/\/fumot.uk\/#organization"},"potentialAction":[{"@type":"SearchAction","target":{"@type":"EntryPoint","urlTemplate":"https:\/\/fumot.uk\/?s={search_term_string}"},"query-input":{"@type":"PropertyValueSpecification","valueRequired":true,"valueName":"search_term_string"}}],"inLanguage":"es"},{"@type":"Organization","@id":"https:\/\/fumot.uk\/#organization","name":"Fumot Official Direct | Directo desde la f\u00e1brica, 100% Original","url":"https:\/\/fumot.uk\/","logo":{"@type":"ImageObject","inLanguage":"es","@id":"https:\/\/fumot.uk\/#\/schema\/logo\/image\/","url":"https:\/\/fumot.uk\/wp-content\/uploads\/2026\/01\/cropped-fumot-logo1.png","contentUrl":"https:\/\/fumot.uk\/wp-content\/uploads\/2026\/01\/cropped-fumot-logo1.png","width":152,"height":106,"caption":"Fumot Official Direct | Straight from the Factory, 100% Genuine"},"image":{"@id":"https:\/\/fumot.uk\/#\/schema\/logo\/image\/"}}]}},"_links":{"self":[{"href":"https:\/\/fumot.uk\/es\/wp-json\/wp\/v2\/product\/1642","targetHints":{"allow":["GET"]}}],"collection":[{"href":"https:\/\/fumot.uk\/es\/wp-json\/wp\/v2\/product"}],"about":[{"href":"https:\/\/fumot.uk\/es\/wp-json\/wp\/v2\/types\/product"}],"replies":[{"embeddable":true,"href":"https:\/\/fumot.uk\/es\/wp-json\/wp\/v2\/comments?post=1642"}],"wp:featuredmedia":[{"embeddable":true,"href":"https:\/\/fumot.uk\/es\/wp-json\/wp\/v2\/media\/1683"}],"wp:attachment":[{"href":"https:\/\/fumot.uk\/es\/wp-json\/wp\/v2\/media?parent=1642"}],"wp:term":[{"taxonomy":"product_brand","embeddable":true,"href":"https:\/\/fumot.uk\/es\/wp-json\/wp\/v2\/product_brand?post=1642"},{"taxonomy":"product_cat","embeddable":true,"href":"https:\/\/fumot.uk\/es\/wp-json\/wp\/v2\/product_cat?post=1642"},{"taxonomy":"product_tag","embeddable":true,"href":"https:\/\/fumot.uk\/es\/wp-json\/wp\/v2\/product_tag?post=1642"}],"curies":[{"name":"wp","href":"https:\/\/api.w.org\/{rel}","templated":true}]}}