{"id":1640,"date":"2026-01-20T08:20:45","date_gmt":"2026-01-20T08:20:45","guid":{"rendered":"https:\/\/fumot.uk\/?post_type=product&#038;p=1640"},"modified":"2026-01-20T09:32:35","modified_gmt":"2026-01-20T09:32:35","slug":"strawberry-watermelon-cola-ice-cherry-cola-uzy-triple-flavor-60000-puffs","status":"publish","type":"product","link":"https:\/\/fumot.uk\/es\/product\/strawberry-watermelon-cola-ice-cherry-cola-uzy-triple-flavor-60000-puffs\/","title":{"rendered":"UZY Triple Flavor 60000 Puffs \u2013 Fresa Sand\u00eda \/ Cola Hielo \/ Cereza Cola (54ml, 850mAh, USB\u2011C)"},"content":{"rendered":"<h3>UZY Triple Flavor 60000 Puffs \u2013 Fresa Sand\u00eda \/ Cola Hielo \/ Cereza Cola<\/h3>\n<p>Conoce un tr\u00edo audaz creado para la variedad durante todo el d\u00eda: <strong>Sand\u00eda Fresa<\/strong> para una dulzura veraniega jugosa, <strong>Cola Hielo<\/strong> para un golpe de cola fresco y refrescante, y <strong>Cola de cereza<\/strong> para un giro afrutado en un cl\u00e1sico. Con el <strong>sistema de sabor de 3 c\u00e1maras<\/strong>, de UZY, puedes cambiar de sabor en cualquier momento\u2014sin llevar m\u00faltiples dispositivos.<\/p>\n<h3>L\u00ednea de Sabores (3 en 1)<\/h3>\n<ul>\n<li><strong>Sand\u00eda Fresa<\/strong> \u2013 Dulzura de fresa madura mezclada con sand\u00eda refrescante para un acabado ligero y suave.<\/li>\n<li><strong>Cola Hielo<\/strong> \u2013 Sabor familiar de cola combinado con una nota fr\u00eda y helada para una calada limpia y energizante.<\/li>\n<li><strong>Cola de cereza<\/strong> \u2013 Acentos brillantes de cereza superpuestos sobre un car\u00e1cter de cola estilo efervescente\u2014dulce, \u00e1cido y equilibrado.<\/li>\n<\/ul>\n<h3>Cambio de Triple Sabor, Salida Suave<\/h3>\n<p>El <strong>Vape desechable UZY Triple Flavor 60000 Puffs<\/strong> combina un dise\u00f1o de m\u00faltiples sabores con calentamiento avanzado para un sabor consistente desde la primera calada hasta la \u00faltima. Un <strong>pantalla LED inteligente<\/strong> te ayuda a llevar un seguimiento de <strong>nivel de bater\u00eda<\/strong> y <strong>que te ayuda a mantener un ojo en los<\/strong> de un vistazo, haciendo el uso diario simple y predecible.<\/p>\n<h3>Caracter\u00edsticas Clave<\/h3>\n<ul>\n<li><strong>Caladas:<\/strong> hasta 60000<\/li>\n<li><strong>Sabores:<\/strong> 3 en 1 (Triple C\u00e1mara)<\/li>\n<li><strong>Bobina:<\/strong> Tecnolog\u00eda de bobina Dual Mesh<\/li>\n<li><strong>E-l\u00edquido:<\/strong> 54ml en total (18ml + 18ml + 18ml)<\/li>\n<li><strong>Opciones de nicotina:<\/strong> 0% \/ 2% \/ 3% \/ 5%<\/li>\n<li><strong>Bater\u00eda:<\/strong> 850mAh<\/li>\n<li><strong>Recargable:<\/strong> USB Tipo\u2011C<\/li>\n<li><strong>Pantalla:<\/strong> Pantalla Inteligente (indicadores de bater\u00eda y l\u00edquido)<\/li>\n<li><strong>Modos de potencia:<\/strong> Versiones Pro y Max disponibles<\/li>\n<\/ul>\n<h3>Por Qu\u00e9 Este Tr\u00edo Funciona<\/h3>\n<p>Comienza dulce con <strong>Sand\u00eda Fresa<\/strong>, refresca tu paladar con <strong>Cola Hielo<\/strong>, luego termina con el toque juguet\u00f3n de <strong>Cola de cereza<\/strong>. Es una rotaci\u00f3n limpia de sabores de fruta y estilo soda que se mantiene interesante sin resultar abrumadora.<\/p>\n<p><strong>Compra con confianza en<\/strong> <a href=\"https:\/\/fumot.uk\/es\/\">fumot.uk<\/a> <strong>y explora m\u00e1s opciones de alta capacidad aqu\u00ed:<\/strong> <a href=\"https:\/\/fumot.uk\/es\/product-category\/60000-puff\/\">vapes de 60000 caladas<\/a>.<\/p>","protected":false},"excerpt":{"rendered":"<p>Vape desechable UZY de triple c\u00e1mara con Fresa Sand\u00eda, Cola Hielo y Cereza Cola. Hasta 60000 caladas, 54ml (18+18+18), recarga USB\u2011C de 850mAh, pantalla LED inteligente, bobina de malla dual. Nicotina: 0\/2\/3\/5%.<\/p>","protected":false},"featured_media":1681,"comment_status":"open","ping_status":"closed","template":"","meta":[],"product_brand":[],"product_cat":[115,116,17],"product_tag":[117,20,36,40,72,73,29,26,37,118,28,32],"class_list":{"0":"post-1640","1":"product","2":"type-product","3":"status-publish","4":"has-post-thumbnail","6":"product_cat-60000-puff","7":"product_cat-uzy-triple-flavor-60000-puffs","8":"product_cat-vape","9":"product_tag-54ml","10":"product_tag-850mah","11":"product_tag-cherry","12":"product_tag-cola","13":"product_tag-direct-to-lung","14":"product_tag-dual-mesh","15":"product_tag-ice","16":"product_tag-rechargeable","17":"product_tag-strawberry","18":"product_tag-triple-flavor","19":"product_tag-type-c","20":"product_tag-watermelon","22":"first","23":"instock","24":"sale","25":"shipping-taxable","26":"purchasable","27":"product-type-variable"},"yoast_head":"<!-- This site is optimized with the Yoast SEO plugin v26.8 - https:\/\/yoast.com\/product\/yoast-seo-wordpress\/ -->\n<title>UZY Triple Flavor 60000 Puffs \u2013 Strawberry Watermelon Trio<\/title>\n<meta name=\"description\" content=\"UZY Triple Flavor 60000 Puffs: Strawberry Watermelon, Cola Ice &amp; Cherry Cola. 54ml total, 850mAh USB\u2011C rechargeable, smart LED display, dual mesh.\" \/>\n<meta name=\"robots\" content=\"index, follow, max-snippet:-1, max-image-preview:large, max-video-preview:-1\" \/>\n<link rel=\"canonical\" href=\"https:\/\/fumot.uk\/es\/product\/strawberry-watermelon-cola-ice-cherry-cola-uzy-triple-flavor-60000-puffs\/\" \/>\n<meta property=\"og:locale\" content=\"es_ES\" \/>\n<meta property=\"og:type\" content=\"article\" \/>\n<meta property=\"og:title\" content=\"UZY Triple Flavor 60000 Puffs \u2013 Strawberry Watermelon \/ Cola Ice \/ Cherry Cola\" \/>\n<meta property=\"og:description\" content=\"Switch between 3 flavors anytime. 54ml total, up to 60000 puffs, 850mAh USB\u2011C rechargeable, smart LED display, dual mesh coil. Shop at fumot.uk.\" \/>\n<meta property=\"og:url\" content=\"https:\/\/fumot.uk\/es\/product\/strawberry-watermelon-cola-ice-cherry-cola-uzy-triple-flavor-60000-puffs\/\" \/>\n<meta property=\"og:site_name\" content=\"Fumot Official Direct | Straight from the Factory, 100% Genuine\" \/>\n<meta property=\"article:modified_time\" content=\"2026-01-20T09:32:35+00:00\" \/>\n<meta property=\"og:image\" content=\"https:\/\/fumot.uk\/wp-content\/uploads\/2026\/01\/Strawberry-Watermelon-Cola-Ice-Cherry-Cola-UZY-Triple-Flavor-30000-Puffs-Disposable-Vape.jpg\" \/>\n\t<meta property=\"og:image:width\" content=\"1630\" \/>\n\t<meta property=\"og:image:height\" content=\"1630\" \/>\n\t<meta property=\"og:image:type\" content=\"image\/jpeg\" \/>\n<meta name=\"twitter:card\" content=\"summary_large_image\" \/>\n<meta name=\"twitter:label1\" content=\"Tiempo de lectura\" \/>\n\t<meta name=\"twitter:data1\" content=\"3 minutos\" \/>\n<script type=\"application\/ld+json\" class=\"yoast-schema-graph\">{\"@context\":\"https:\/\/schema.org\",\"@graph\":[{\"@type\":\"WebPage\",\"@id\":\"https:\/\/fumot.uk\/product\/strawberry-watermelon-cola-ice-cherry-cola-uzy-triple-flavor-60000-puffs\/\",\"url\":\"https:\/\/fumot.uk\/product\/strawberry-watermelon-cola-ice-cherry-cola-uzy-triple-flavor-60000-puffs\/\",\"name\":\"UZY Triple Flavor 60000 Puffs \u2013 Strawberry Watermelon Trio\",\"isPartOf\":{\"@id\":\"https:\/\/fumot.uk\/#website\"},\"primaryImageOfPage\":{\"@id\":\"https:\/\/fumot.uk\/product\/strawberry-watermelon-cola-ice-cherry-cola-uzy-triple-flavor-60000-puffs\/#primaryimage\"},\"image\":{\"@id\":\"https:\/\/fumot.uk\/product\/strawberry-watermelon-cola-ice-cherry-cola-uzy-triple-flavor-60000-puffs\/#primaryimage\"},\"thumbnailUrl\":\"https:\/\/fumot.uk\/wp-content\/uploads\/2026\/01\/Strawberry-Watermelon-Cola-Ice-Cherry-Cola-UZY-Triple-Flavor-30000-Puffs-Disposable-Vape.jpg\",\"datePublished\":\"2026-01-20T08:20:45+00:00\",\"dateModified\":\"2026-01-20T09:32:35+00:00\",\"description\":\"UZY Triple Flavor 60000 Puffs: Strawberry Watermelon, Cola Ice & Cherry Cola. 54ml total, 850mAh USB\u2011C rechargeable, smart LED display, dual mesh.\",\"breadcrumb\":{\"@id\":\"https:\/\/fumot.uk\/product\/strawberry-watermelon-cola-ice-cherry-cola-uzy-triple-flavor-60000-puffs\/#breadcrumb\"},\"inLanguage\":\"es\",\"potentialAction\":[{\"@type\":\"ReadAction\",\"target\":[\"https:\/\/fumot.uk\/product\/strawberry-watermelon-cola-ice-cherry-cola-uzy-triple-flavor-60000-puffs\/\"]}]},{\"@type\":\"ImageObject\",\"inLanguage\":\"es\",\"@id\":\"https:\/\/fumot.uk\/product\/strawberry-watermelon-cola-ice-cherry-cola-uzy-triple-flavor-60000-puffs\/#primaryimage\",\"url\":\"https:\/\/fumot.uk\/wp-content\/uploads\/2026\/01\/Strawberry-Watermelon-Cola-Ice-Cherry-Cola-UZY-Triple-Flavor-30000-Puffs-Disposable-Vape.jpg\",\"contentUrl\":\"https:\/\/fumot.uk\/wp-content\/uploads\/2026\/01\/Strawberry-Watermelon-Cola-Ice-Cherry-Cola-UZY-Triple-Flavor-30000-Puffs-Disposable-Vape.jpg\",\"width\":1630,\"height\":1630},{\"@type\":\"BreadcrumbList\",\"@id\":\"https:\/\/fumot.uk\/product\/strawberry-watermelon-cola-ice-cherry-cola-uzy-triple-flavor-60000-puffs\/#breadcrumb\",\"itemListElement\":[{\"@type\":\"ListItem\",\"position\":1,\"name\":\"Home\",\"item\":\"https:\/\/fumot.uk\/\"},{\"@type\":\"ListItem\",\"position\":2,\"name\":\"Shop\",\"item\":\"https:\/\/fumot.uk\/shop\/\"},{\"@type\":\"ListItem\",\"position\":3,\"name\":\"UZY Triple Flavor 60000 Puffs \u2013 Strawberry Watermelon \/ Cola Ice \/ Cherry Cola (54ml, 850mAh, USB\u2011C)\"}]},{\"@type\":\"WebSite\",\"@id\":\"https:\/\/fumot.uk\/#website\",\"url\":\"https:\/\/fumot.uk\/\",\"name\":\"Fumot Official Direct | Straight from the Factory, 100% Genuine\",\"description\":\"Official Website\",\"publisher\":{\"@id\":\"https:\/\/fumot.uk\/#organization\"},\"potentialAction\":[{\"@type\":\"SearchAction\",\"target\":{\"@type\":\"EntryPoint\",\"urlTemplate\":\"https:\/\/fumot.uk\/?s={search_term_string}\"},\"query-input\":{\"@type\":\"PropertyValueSpecification\",\"valueRequired\":true,\"valueName\":\"search_term_string\"}}],\"inLanguage\":\"es\"},{\"@type\":\"Organization\",\"@id\":\"https:\/\/fumot.uk\/#organization\",\"name\":\"Fumot Official Direct | Straight from the Factory, 100% Genuine\",\"url\":\"https:\/\/fumot.uk\/\",\"logo\":{\"@type\":\"ImageObject\",\"inLanguage\":\"es\",\"@id\":\"https:\/\/fumot.uk\/#\/schema\/logo\/image\/\",\"url\":\"https:\/\/fumot.uk\/wp-content\/uploads\/2026\/01\/cropped-fumot-logo1.png\",\"contentUrl\":\"https:\/\/fumot.uk\/wp-content\/uploads\/2026\/01\/cropped-fumot-logo1.png\",\"width\":152,\"height\":106,\"caption\":\"Fumot Official Direct | Straight from the Factory, 100% Genuine\"},\"image\":{\"@id\":\"https:\/\/fumot.uk\/#\/schema\/logo\/image\/\"}}]}<\/script>\n<!-- \/ Yoast SEO plugin. -->","yoast_head_json":{"title":"UZY Triple Flavor 60000 Puffs \u2013 Trio de Fresa y Sand\u00eda","description":"UZY Triple Flavor 60000 Puffs: Fresa Sand\u00eda, Cola Hielo &amp; Cereza Cola. 54ml total, 850mAh USB\u2011C recargable, pantalla LED inteligente, doble malla.","robots":{"index":"index","follow":"follow","max-snippet":"max-snippet:-1","max-image-preview":"max-image-preview:large","max-video-preview":"max-video-preview:-1"},"canonical":"https:\/\/fumot.uk\/es\/product\/strawberry-watermelon-cola-ice-cherry-cola-uzy-triple-flavor-60000-puffs\/","og_locale":"es_ES","og_type":"article","og_title":"UZY Triple Flavor 60000 Puffs \u2013 Strawberry Watermelon \/ Cola Ice \/ Cherry Cola","og_description":"Switch between 3 flavors anytime. 54ml total, up to 60000 puffs, 850mAh USB\u2011C rechargeable, smart LED display, dual mesh coil. Shop at fumot.uk.","og_url":"https:\/\/fumot.uk\/es\/product\/strawberry-watermelon-cola-ice-cherry-cola-uzy-triple-flavor-60000-puffs\/","og_site_name":"Fumot Official Direct | Straight from the Factory, 100% Genuine","article_modified_time":"2026-01-20T09:32:35+00:00","og_image":[{"width":1630,"height":1630,"url":"https:\/\/fumot.uk\/wp-content\/uploads\/2026\/01\/Strawberry-Watermelon-Cola-Ice-Cherry-Cola-UZY-Triple-Flavor-30000-Puffs-Disposable-Vape.jpg","type":"image\/jpeg"}],"twitter_card":"summary_large_image","twitter_misc":{"Tiempo de lectura":"3 minutos"},"schema":{"@context":"https:\/\/schema.org","@graph":[{"@type":"WebPage","@id":"https:\/\/fumot.uk\/product\/strawberry-watermelon-cola-ice-cherry-cola-uzy-triple-flavor-60000-puffs\/","url":"https:\/\/fumot.uk\/product\/strawberry-watermelon-cola-ice-cherry-cola-uzy-triple-flavor-60000-puffs\/","name":"UZY Triple Flavor 60000 Puffs \u2013 Trio de Fresa y Sand\u00eda","isPartOf":{"@id":"https:\/\/fumot.uk\/#website"},"primaryImageOfPage":{"@id":"https:\/\/fumot.uk\/product\/strawberry-watermelon-cola-ice-cherry-cola-uzy-triple-flavor-60000-puffs\/#primaryimage"},"image":{"@id":"https:\/\/fumot.uk\/product\/strawberry-watermelon-cola-ice-cherry-cola-uzy-triple-flavor-60000-puffs\/#primaryimage"},"thumbnailUrl":"https:\/\/fumot.uk\/wp-content\/uploads\/2026\/01\/Strawberry-Watermelon-Cola-Ice-Cherry-Cola-UZY-Triple-Flavor-30000-Puffs-Disposable-Vape.jpg","datePublished":"2026-01-20T08:20:45+00:00","dateModified":"2026-01-20T09:32:35+00:00","description":"UZY Triple Flavor 60000 Puffs: Fresa Sand\u00eda, Cola Hielo &amp; Cereza Cola. 54ml total, 850mAh USB\u2011C recargable, pantalla LED inteligente, doble malla.","breadcrumb":{"@id":"https:\/\/fumot.uk\/product\/strawberry-watermelon-cola-ice-cherry-cola-uzy-triple-flavor-60000-puffs\/#breadcrumb"},"inLanguage":"es","potentialAction":[{"@type":"ReadAction","target":["https:\/\/fumot.uk\/product\/strawberry-watermelon-cola-ice-cherry-cola-uzy-triple-flavor-60000-puffs\/"]}]},{"@type":"ImageObject","inLanguage":"es","@id":"https:\/\/fumot.uk\/product\/strawberry-watermelon-cola-ice-cherry-cola-uzy-triple-flavor-60000-puffs\/#primaryimage","url":"https:\/\/fumot.uk\/wp-content\/uploads\/2026\/01\/Strawberry-Watermelon-Cola-Ice-Cherry-Cola-UZY-Triple-Flavor-30000-Puffs-Disposable-Vape.jpg","contentUrl":"https:\/\/fumot.uk\/wp-content\/uploads\/2026\/01\/Strawberry-Watermelon-Cola-Ice-Cherry-Cola-UZY-Triple-Flavor-30000-Puffs-Disposable-Vape.jpg","width":1630,"height":1630},{"@type":"BreadcrumbList","@id":"https:\/\/fumot.uk\/product\/strawberry-watermelon-cola-ice-cherry-cola-uzy-triple-flavor-60000-puffs\/#breadcrumb","itemListElement":[{"@type":"ListItem","position":1,"name":"Home","item":"https:\/\/fumot.uk\/"},{"@type":"ListItem","position":2,"name":"Shop","item":"https:\/\/fumot.uk\/shop\/"},{"@type":"ListItem","position":3,"name":"UZY Triple Flavor 60000 Puffs \u2013 Strawberry Watermelon \/ Cola Ice \/ Cherry Cola (54ml, 850mAh, USB\u2011C)"}]},{"@type":"WebSite","@id":"https:\/\/fumot.uk\/#website","url":"https:\/\/fumot.uk\/","name":"Fumot Official Direct | Directo desde la f\u00e1brica, 100% Original","description":"Sitio Oficial","publisher":{"@id":"https:\/\/fumot.uk\/#organization"},"potentialAction":[{"@type":"SearchAction","target":{"@type":"EntryPoint","urlTemplate":"https:\/\/fumot.uk\/?s={search_term_string}"},"query-input":{"@type":"PropertyValueSpecification","valueRequired":true,"valueName":"search_term_string"}}],"inLanguage":"es"},{"@type":"Organization","@id":"https:\/\/fumot.uk\/#organization","name":"Fumot Official Direct | Directo desde la f\u00e1brica, 100% Original","url":"https:\/\/fumot.uk\/","logo":{"@type":"ImageObject","inLanguage":"es","@id":"https:\/\/fumot.uk\/#\/schema\/logo\/image\/","url":"https:\/\/fumot.uk\/wp-content\/uploads\/2026\/01\/cropped-fumot-logo1.png","contentUrl":"https:\/\/fumot.uk\/wp-content\/uploads\/2026\/01\/cropped-fumot-logo1.png","width":152,"height":106,"caption":"Fumot Official Direct | Straight from the Factory, 100% Genuine"},"image":{"@id":"https:\/\/fumot.uk\/#\/schema\/logo\/image\/"}}]}},"_links":{"self":[{"href":"https:\/\/fumot.uk\/es\/wp-json\/wp\/v2\/product\/1640","targetHints":{"allow":["GET"]}}],"collection":[{"href":"https:\/\/fumot.uk\/es\/wp-json\/wp\/v2\/product"}],"about":[{"href":"https:\/\/fumot.uk\/es\/wp-json\/wp\/v2\/types\/product"}],"replies":[{"embeddable":true,"href":"https:\/\/fumot.uk\/es\/wp-json\/wp\/v2\/comments?post=1640"}],"wp:featuredmedia":[{"embeddable":true,"href":"https:\/\/fumot.uk\/es\/wp-json\/wp\/v2\/media\/1681"}],"wp:attachment":[{"href":"https:\/\/fumot.uk\/es\/wp-json\/wp\/v2\/media?parent=1640"}],"wp:term":[{"taxonomy":"product_brand","embeddable":true,"href":"https:\/\/fumot.uk\/es\/wp-json\/wp\/v2\/product_brand?post=1640"},{"taxonomy":"product_cat","embeddable":true,"href":"https:\/\/fumot.uk\/es\/wp-json\/wp\/v2\/product_cat?post=1640"},{"taxonomy":"product_tag","embeddable":true,"href":"https:\/\/fumot.uk\/es\/wp-json\/wp\/v2\/product_tag?post=1640"}],"curies":[{"name":"wp","href":"https:\/\/api.w.org\/{rel}","templated":true}]}}