{"id":1628,"date":"2026-01-20T08:20:42","date_gmt":"2026-01-20T08:20:42","guid":{"rendered":"https:\/\/fumot.uk\/?post_type=product&#038;p=1628"},"modified":"2026-01-20T09:40:30","modified_gmt":"2026-01-20T09:40:30","slug":"uzy-crystal-twin-50000-puffs-blueberry-ice-summmer-peach-ice","status":"publish","type":"product","link":"https:\/\/fumot.uk\/es\/product\/uzy-crystal-twin-50000-puffs-blueberry-ice-summmer-peach-ice\/","title":{"rendered":"UZY Crystal Twin 50000 Puffs Dual Flavor Vape \u2013 Hielo de Ar\u00e1ndano &amp; Hielo de Melocot\u00f3n de Verano (40ml, Recargable)"},"content":{"rendered":"<h3>UZY Crystal Twin 50000 Puffs \u2013 Cambia sabores con un clic<\/h3>\n<p>Conoce el <strong>UZY Crystal Twin 50000 Puffs<\/strong>, recargable <strong>vape desechable de doble sabor<\/strong> dise\u00f1ado para la variedad sin complicaciones. Su innovador <strong>Sistema de Doble Sabor<\/strong> utiliza <strong>dos c\u00e1maras de e-l\u00edquido de 20ml separadas<\/strong> y <strong>dos bobinas de malla independientes de 0.9\u03a9<\/strong>, para que puedas cambiar entre sabores al instante\u2014<strong>sin recargas, sin cambiar c\u00e1psulas, y sin mezclar sabores<\/strong>. Un dispositivo, dos viajes de sabor distintos.<\/p>\n<h3>Sabor 1: Hielo de Ar\u00e1ndano<\/h3>\n<p><strong>Hielo de ar\u00e1ndano<\/strong> ofrece una mezcla brillante de ar\u00e1ndano dulce y \u00e1cido con un acabado helado limpio. Piensa en bayas del bosque maduras seguidas de una exhalaci\u00f3n fresca y refrescante\u2014refrescante y f\u00e1cil de disfrutar durante todo el d\u00eda.<\/p>\n<h3>Sabor 2: Hielo de Durazno de Verano<\/h3>\n<p><strong>Verano Durazno Hielo<\/strong> es suave, jugoso y ba\u00f1ado por el sol. La dulzura del durazno maduro lidera el camino, redondeada con un suave frescor para el equilibrio. Es suave, afrutado y perfecto cuando deseas algo m\u00e1s suave que los sabores con mucho mentol.<\/p>\n<h3>Dos Sabores, Un Dispositivo de Cristal<\/h3>\n<p>Cambia del mordisco fresco de bayas de <strong>Hielo de ar\u00e1ndano<\/strong> a la calma jugosa de <strong>Verano Durazno Hielo<\/strong> en cualquier momento\u2014solo presiona el bot\u00f3n y disfruta de la otra c\u00e1mara. El <strong>dise\u00f1o estilo cristal<\/strong> a\u00f1ade un aspecto moderno, mientras que el <strong>Pantalla inteligente LED<\/strong> te ayuda a seguir el uso de un vistazo.<\/p>\n<h3>Especificaciones Clave y Destacados<\/h3>\n<ul>\n<li><strong>Hasta 50000 caladas<\/strong> (el uso var\u00eda seg\u00fan el estilo de calada)<\/li>\n<li><strong>Vape desechable de doble sabor<\/strong>: dos tanques separados, cambio r\u00e1pido<\/li>\n<li><strong>Bobinas de malla dual<\/strong>: 0.9\u03a9 + 0.9\u03a9 para vapor suave y consistente<\/li>\n<li><strong>40ml de e-l\u00edquido total<\/strong>: 2 \u00d7 c\u00e1maras de 20ml<\/li>\n<li><strong>Opciones de nicotina<\/strong>: 0% \/ 2% \/ 3% \/ 5%<\/li>\n<li><strong>Bater\u00eda recargable de 850mAh<\/strong> con <strong>Carga r\u00e1pida Tipo-C<\/strong><\/li>\n<li><strong>Pantalla inteligente LED<\/strong> para controles de estado m\u00e1s claros<\/li>\n<\/ul>\n<h3>Explora M\u00e1s en fumot.uk<\/h3>\n<p>\u00bfBuscas m\u00e1s opciones como esta? Explora nuestra selecci\u00f3n de <a href=\"https:\/\/fumot.uk\/es\/product-tag\/dual-flavor\/\">vapes de Doble Sabor<\/a> y <a href=\"https:\/\/fumot.uk\/es\/product-tag\/crystal-vape\/\">estilos de vape de Cristal<\/a> on <a href=\"https:\/\/fumot.uk\/es\/\">fumot.uk<\/a>.<\/p>\n<p><strong>Nota:<\/strong> Siempre elige la fuerza de nicotina que te convenga. Mantener fuera del alcance de ni\u00f1os y mascotas.<\/p>","protected":false},"excerpt":{"rendered":"<p>UZY Crystal Twin 50000 Puffs vape desechable de doble sabor con Blueberry Ice &amp; Summer Peach Ice. 40ml (2\u00d720ml), bobinas de malla duales de 0.9\u03a9, recargable Tipo\u2011C de 850mAh, pantalla LED. Nicotina: 0\/2\/3\/5%.<\/p>","protected":false},"featured_media":1658,"comment_status":"open","ping_status":"closed","template":"","meta":[],"product_brand":[],"product_cat":[110,111,17],"product_tag":[112,20,33,113,72,23,114,73,29,30,26,28],"class_list":{"0":"post-1628","1":"product","2":"type-product","3":"status-publish","4":"has-post-thumbnail","6":"product_cat-50000-puff","7":"product_cat-uzy-crystal-twin-50000-puffs","8":"product_cat-vape","9":"product_tag-40ml","10":"product_tag-850mah","11":"product_tag-blueberry","12":"product_tag-crystal-vape","13":"product_tag-direct-to-lung","14":"product_tag-display","15":"product_tag-dual-flavor","16":"product_tag-dual-mesh","17":"product_tag-ice","18":"product_tag-peach","19":"product_tag-rechargeable","20":"product_tag-type-c","22":"first","23":"instock","24":"sale","25":"shipping-taxable","26":"purchasable","27":"product-type-variable","28":"has-default-attributes"},"yoast_head":"<!-- This site is optimized with the Yoast SEO plugin v26.8 - https:\/\/yoast.com\/product\/yoast-seo-wordpress\/ -->\n<title>UZY Crystal Twin 50000 Puffs Blueberry Ice &amp; Peach<\/title>\n<meta name=\"description\" content=\"UZY Crystal Twin 50000 Puffs dual flavor vape: Blueberry Ice + Summer Peach Ice. 40ml (2\u00d720ml), dual 0.9\u03a9 mesh, 850mAh Type\u2011C rechargeable, LED display.\" \/>\n<meta name=\"robots\" content=\"index, follow, max-snippet:-1, max-image-preview:large, max-video-preview:-1\" \/>\n<link rel=\"canonical\" href=\"https:\/\/fumot.uk\/es\/product\/uzy-crystal-twin-50000-puffs-blueberry-ice-summmer-peach-ice\/\" \/>\n<meta property=\"og:locale\" content=\"es_ES\" \/>\n<meta property=\"og:type\" content=\"article\" \/>\n<meta property=\"og:title\" content=\"UZY Crystal Twin 50000 Puffs \u2013 Blueberry Ice &amp; Summer Peach Ice\" \/>\n<meta property=\"og:description\" content=\"Switch between two flavors anytime: Blueberry Ice and Summer Peach Ice. Dual 20ml chambers, dual 0.9\u03a9 mesh coils, 850mAh Type\u2011C rechargeable, LED display.\" \/>\n<meta property=\"og:url\" content=\"https:\/\/fumot.uk\/es\/product\/uzy-crystal-twin-50000-puffs-blueberry-ice-summmer-peach-ice\/\" \/>\n<meta property=\"og:site_name\" content=\"Fumot Official Direct | Straight from the Factory, 100% Genuine\" \/>\n<meta property=\"article:modified_time\" content=\"2026-01-20T09:40:30+00:00\" \/>\n<meta property=\"og:image\" content=\"https:\/\/fumot.uk\/wp-content\/uploads\/2026\/01\/UZY-CRYSTAL-TWIN-50000_Blueberry-Ice-Summmer-Peach-Ice-Disposable-Vape.jpg\" \/>\n\t<meta property=\"og:image:width\" content=\"2288\" \/>\n\t<meta property=\"og:image:height\" content=\"2288\" \/>\n\t<meta property=\"og:image:type\" content=\"image\/jpeg\" \/>\n<meta name=\"twitter:card\" content=\"summary_large_image\" \/>\n<meta name=\"twitter:label1\" content=\"Tiempo de lectura\" \/>\n\t<meta name=\"twitter:data1\" content=\"2 minutos\" \/>\n<script type=\"application\/ld+json\" class=\"yoast-schema-graph\">{\"@context\":\"https:\/\/schema.org\",\"@graph\":[{\"@type\":\"WebPage\",\"@id\":\"https:\/\/fumot.uk\/product\/uzy-crystal-twin-50000-puffs-blueberry-ice-summmer-peach-ice\/\",\"url\":\"https:\/\/fumot.uk\/product\/uzy-crystal-twin-50000-puffs-blueberry-ice-summmer-peach-ice\/\",\"name\":\"UZY Crystal Twin 50000 Puffs Blueberry Ice & Peach\",\"isPartOf\":{\"@id\":\"https:\/\/fumot.uk\/#website\"},\"primaryImageOfPage\":{\"@id\":\"https:\/\/fumot.uk\/product\/uzy-crystal-twin-50000-puffs-blueberry-ice-summmer-peach-ice\/#primaryimage\"},\"image\":{\"@id\":\"https:\/\/fumot.uk\/product\/uzy-crystal-twin-50000-puffs-blueberry-ice-summmer-peach-ice\/#primaryimage\"},\"thumbnailUrl\":\"https:\/\/fumot.uk\/wp-content\/uploads\/2026\/01\/UZY-CRYSTAL-TWIN-50000_Blueberry-Ice-Summmer-Peach-Ice-Disposable-Vape.jpg\",\"datePublished\":\"2026-01-20T08:20:42+00:00\",\"dateModified\":\"2026-01-20T09:40:30+00:00\",\"description\":\"UZY Crystal Twin 50000 Puffs dual flavor vape: Blueberry Ice + Summer Peach Ice. 40ml (2\u00d720ml), dual 0.9\u03a9 mesh, 850mAh Type\u2011C rechargeable, LED display.\",\"breadcrumb\":{\"@id\":\"https:\/\/fumot.uk\/product\/uzy-crystal-twin-50000-puffs-blueberry-ice-summmer-peach-ice\/#breadcrumb\"},\"inLanguage\":\"es\",\"potentialAction\":[{\"@type\":\"ReadAction\",\"target\":[\"https:\/\/fumot.uk\/product\/uzy-crystal-twin-50000-puffs-blueberry-ice-summmer-peach-ice\/\"]}]},{\"@type\":\"ImageObject\",\"inLanguage\":\"es\",\"@id\":\"https:\/\/fumot.uk\/product\/uzy-crystal-twin-50000-puffs-blueberry-ice-summmer-peach-ice\/#primaryimage\",\"url\":\"https:\/\/fumot.uk\/wp-content\/uploads\/2026\/01\/UZY-CRYSTAL-TWIN-50000_Blueberry-Ice-Summmer-Peach-Ice-Disposable-Vape.jpg\",\"contentUrl\":\"https:\/\/fumot.uk\/wp-content\/uploads\/2026\/01\/UZY-CRYSTAL-TWIN-50000_Blueberry-Ice-Summmer-Peach-Ice-Disposable-Vape.jpg\",\"width\":2288,\"height\":2288},{\"@type\":\"BreadcrumbList\",\"@id\":\"https:\/\/fumot.uk\/product\/uzy-crystal-twin-50000-puffs-blueberry-ice-summmer-peach-ice\/#breadcrumb\",\"itemListElement\":[{\"@type\":\"ListItem\",\"position\":1,\"name\":\"Home\",\"item\":\"https:\/\/fumot.uk\/\"},{\"@type\":\"ListItem\",\"position\":2,\"name\":\"Shop\",\"item\":\"https:\/\/fumot.uk\/shop\/\"},{\"@type\":\"ListItem\",\"position\":3,\"name\":\"UZY Crystal Twin 50000 Puffs Dual Flavor Vape \u2013 Blueberry Ice &#038; Summer Peach Ice (40ml, Rechargeable)\"}]},{\"@type\":\"WebSite\",\"@id\":\"https:\/\/fumot.uk\/#website\",\"url\":\"https:\/\/fumot.uk\/\",\"name\":\"Fumot Official Direct | Straight from the Factory, 100% Genuine\",\"description\":\"Official Website\",\"publisher\":{\"@id\":\"https:\/\/fumot.uk\/#organization\"},\"potentialAction\":[{\"@type\":\"SearchAction\",\"target\":{\"@type\":\"EntryPoint\",\"urlTemplate\":\"https:\/\/fumot.uk\/?s={search_term_string}\"},\"query-input\":{\"@type\":\"PropertyValueSpecification\",\"valueRequired\":true,\"valueName\":\"search_term_string\"}}],\"inLanguage\":\"es\"},{\"@type\":\"Organization\",\"@id\":\"https:\/\/fumot.uk\/#organization\",\"name\":\"Fumot Official Direct | Straight from the Factory, 100% Genuine\",\"url\":\"https:\/\/fumot.uk\/\",\"logo\":{\"@type\":\"ImageObject\",\"inLanguage\":\"es\",\"@id\":\"https:\/\/fumot.uk\/#\/schema\/logo\/image\/\",\"url\":\"https:\/\/fumot.uk\/wp-content\/uploads\/2026\/01\/cropped-fumot-logo1.png\",\"contentUrl\":\"https:\/\/fumot.uk\/wp-content\/uploads\/2026\/01\/cropped-fumot-logo1.png\",\"width\":152,\"height\":106,\"caption\":\"Fumot Official Direct | Straight from the Factory, 100% Genuine\"},\"image\":{\"@id\":\"https:\/\/fumot.uk\/#\/schema\/logo\/image\/\"}}]}<\/script>\n<!-- \/ Yoast SEO plugin. -->","yoast_head_json":{"title":"UZY Crystal Twin 50000 Puffs Hielo de Ar\u00e1ndano &amp; Durazno","description":"UZY Crystal Twin 50000 Puffs vape de doble sabor: Hielo de Ar\u00e1ndano + Hielo de Melocot\u00f3n de Verano. 40ml (2\u00d720ml), doble malla de 0.9\u03a9, recargable Tipo\u2011C de 850mAh, pantalla LED.","robots":{"index":"index","follow":"follow","max-snippet":"max-snippet:-1","max-image-preview":"max-image-preview:large","max-video-preview":"max-video-preview:-1"},"canonical":"https:\/\/fumot.uk\/es\/product\/uzy-crystal-twin-50000-puffs-blueberry-ice-summmer-peach-ice\/","og_locale":"es_ES","og_type":"article","og_title":"UZY Crystal Twin 50000 Puffs \u2013 Blueberry Ice & Summer Peach Ice","og_description":"Switch between two flavors anytime: Blueberry Ice and Summer Peach Ice. Dual 20ml chambers, dual 0.9\u03a9 mesh coils, 850mAh Type\u2011C rechargeable, LED display.","og_url":"https:\/\/fumot.uk\/es\/product\/uzy-crystal-twin-50000-puffs-blueberry-ice-summmer-peach-ice\/","og_site_name":"Fumot Official Direct | Straight from the Factory, 100% Genuine","article_modified_time":"2026-01-20T09:40:30+00:00","og_image":[{"width":2288,"height":2288,"url":"https:\/\/fumot.uk\/wp-content\/uploads\/2026\/01\/UZY-CRYSTAL-TWIN-50000_Blueberry-Ice-Summmer-Peach-Ice-Disposable-Vape.jpg","type":"image\/jpeg"}],"twitter_card":"summary_large_image","twitter_misc":{"Tiempo de lectura":"2 minutos"},"schema":{"@context":"https:\/\/schema.org","@graph":[{"@type":"WebPage","@id":"https:\/\/fumot.uk\/product\/uzy-crystal-twin-50000-puffs-blueberry-ice-summmer-peach-ice\/","url":"https:\/\/fumot.uk\/product\/uzy-crystal-twin-50000-puffs-blueberry-ice-summmer-peach-ice\/","name":"UZY Crystal Twin 50000 Puffs Hielo de Ar\u00e1ndano &amp; Durazno","isPartOf":{"@id":"https:\/\/fumot.uk\/#website"},"primaryImageOfPage":{"@id":"https:\/\/fumot.uk\/product\/uzy-crystal-twin-50000-puffs-blueberry-ice-summmer-peach-ice\/#primaryimage"},"image":{"@id":"https:\/\/fumot.uk\/product\/uzy-crystal-twin-50000-puffs-blueberry-ice-summmer-peach-ice\/#primaryimage"},"thumbnailUrl":"https:\/\/fumot.uk\/wp-content\/uploads\/2026\/01\/UZY-CRYSTAL-TWIN-50000_Blueberry-Ice-Summmer-Peach-Ice-Disposable-Vape.jpg","datePublished":"2026-01-20T08:20:42+00:00","dateModified":"2026-01-20T09:40:30+00:00","description":"UZY Crystal Twin 50000 Puffs vape de doble sabor: Hielo de Ar\u00e1ndano + Hielo de Melocot\u00f3n de Verano. 40ml (2\u00d720ml), doble malla de 0.9\u03a9, recargable Tipo\u2011C de 850mAh, pantalla LED.","breadcrumb":{"@id":"https:\/\/fumot.uk\/product\/uzy-crystal-twin-50000-puffs-blueberry-ice-summmer-peach-ice\/#breadcrumb"},"inLanguage":"es","potentialAction":[{"@type":"ReadAction","target":["https:\/\/fumot.uk\/product\/uzy-crystal-twin-50000-puffs-blueberry-ice-summmer-peach-ice\/"]}]},{"@type":"ImageObject","inLanguage":"es","@id":"https:\/\/fumot.uk\/product\/uzy-crystal-twin-50000-puffs-blueberry-ice-summmer-peach-ice\/#primaryimage","url":"https:\/\/fumot.uk\/wp-content\/uploads\/2026\/01\/UZY-CRYSTAL-TWIN-50000_Blueberry-Ice-Summmer-Peach-Ice-Disposable-Vape.jpg","contentUrl":"https:\/\/fumot.uk\/wp-content\/uploads\/2026\/01\/UZY-CRYSTAL-TWIN-50000_Blueberry-Ice-Summmer-Peach-Ice-Disposable-Vape.jpg","width":2288,"height":2288},{"@type":"BreadcrumbList","@id":"https:\/\/fumot.uk\/product\/uzy-crystal-twin-50000-puffs-blueberry-ice-summmer-peach-ice\/#breadcrumb","itemListElement":[{"@type":"ListItem","position":1,"name":"Home","item":"https:\/\/fumot.uk\/"},{"@type":"ListItem","position":2,"name":"Shop","item":"https:\/\/fumot.uk\/shop\/"},{"@type":"ListItem","position":3,"name":"UZY Crystal Twin 50000 Puffs Dual Flavor Vape \u2013 Blueberry Ice &#038; Summer Peach Ice (40ml, Rechargeable)"}]},{"@type":"WebSite","@id":"https:\/\/fumot.uk\/#website","url":"https:\/\/fumot.uk\/","name":"Fumot Official Direct | Directo desde la f\u00e1brica, 100% Original","description":"Sitio Oficial","publisher":{"@id":"https:\/\/fumot.uk\/#organization"},"potentialAction":[{"@type":"SearchAction","target":{"@type":"EntryPoint","urlTemplate":"https:\/\/fumot.uk\/?s={search_term_string}"},"query-input":{"@type":"PropertyValueSpecification","valueRequired":true,"valueName":"search_term_string"}}],"inLanguage":"es"},{"@type":"Organization","@id":"https:\/\/fumot.uk\/#organization","name":"Fumot Official Direct | Directo desde la f\u00e1brica, 100% Original","url":"https:\/\/fumot.uk\/","logo":{"@type":"ImageObject","inLanguage":"es","@id":"https:\/\/fumot.uk\/#\/schema\/logo\/image\/","url":"https:\/\/fumot.uk\/wp-content\/uploads\/2026\/01\/cropped-fumot-logo1.png","contentUrl":"https:\/\/fumot.uk\/wp-content\/uploads\/2026\/01\/cropped-fumot-logo1.png","width":152,"height":106,"caption":"Fumot Official Direct | Straight from the Factory, 100% Genuine"},"image":{"@id":"https:\/\/fumot.uk\/#\/schema\/logo\/image\/"}}]}},"_links":{"self":[{"href":"https:\/\/fumot.uk\/es\/wp-json\/wp\/v2\/product\/1628","targetHints":{"allow":["GET"]}}],"collection":[{"href":"https:\/\/fumot.uk\/es\/wp-json\/wp\/v2\/product"}],"about":[{"href":"https:\/\/fumot.uk\/es\/wp-json\/wp\/v2\/types\/product"}],"replies":[{"embeddable":true,"href":"https:\/\/fumot.uk\/es\/wp-json\/wp\/v2\/comments?post=1628"}],"wp:featuredmedia":[{"embeddable":true,"href":"https:\/\/fumot.uk\/es\/wp-json\/wp\/v2\/media\/1658"}],"wp:attachment":[{"href":"https:\/\/fumot.uk\/es\/wp-json\/wp\/v2\/media?parent=1628"}],"wp:term":[{"taxonomy":"product_brand","embeddable":true,"href":"https:\/\/fumot.uk\/es\/wp-json\/wp\/v2\/product_brand?post=1628"},{"taxonomy":"product_cat","embeddable":true,"href":"https:\/\/fumot.uk\/es\/wp-json\/wp\/v2\/product_cat?post=1628"},{"taxonomy":"product_tag","embeddable":true,"href":"https:\/\/fumot.uk\/es\/wp-json\/wp\/v2\/product_tag?post=1628"}],"curies":[{"name":"wp","href":"https:\/\/api.w.org\/{rel}","templated":true}]}}