{"id":134,"date":"2026-01-20T02:40:55","date_gmt":"2026-01-20T02:40:55","guid":{"rendered":"https:\/\/fumot.uk\/?post_type=product&#038;p=134"},"modified":"2026-01-20T07:13:07","modified_gmt":"2026-01-20T07:13:07","slug":"strawberry-watermelon-randm-tornado-12000-puffs","status":"publish","type":"product","link":"https:\/\/fumot.uk\/es\/product\/strawberry-watermelon-randm-tornado-12000-puffs\/","title":{"rendered":"R&amp;M RandM Tornado 12000 Puffs Fresa Sand\u00eda Vape Desechable (20ml, Bobina de Malla, Pantalla LED, 850mAh Recargable)"},"content":{"rendered":"<p><strong>R&amp;M RandM Tornado 12000 Puffs Fresa Sand\u00eda<\/strong> ofrece una mezcla de frutas brillante y jugosa dise\u00f1ada para un sabor suave y consistente desde la primera calada hasta la \u00faltima. Construido con un <strong>bobina de malla<\/strong> y un <strong>bater\u00eda recargable de 850mAh<\/strong>, este <strong>vape desechable de 12000 puffs<\/strong> est\u00e1 hecho para un rendimiento duradero y confiable. El <strong>pantalla LED<\/strong> te ayuda a llevar un seguimiento de ambos <strong>nivel de bater\u00eda<\/strong> y <strong>nivel de l\u00edquido<\/strong> de un vistazo.<\/p>\n<p><strong>Perfil de sabor: Fresa Sand\u00eda<\/strong><br \/>Espera la dulzura de la fresa madura seguida de un acabado limpio y refrescante de sand\u00eda. Es un vape de frutas equilibrado que se mantiene ligero y f\u00e1cil, ideal para el uso diario cuando quieres algo dulce pero no pesado.<\/p>\n<h3>Caracter\u00edsticas Clave<\/h3>\n<ul>\n<li><strong>Hasta 12000 caladas<\/strong> por dispositivo<\/li>\n<li><strong>20ml de e-l\u00edquido<\/strong> capacidad<\/li>\n<li><strong>Opciones de sal de nicotina:<\/strong> 0% \/ 2% \/ 3% \/ 5%<\/li>\n<li><strong>Bobina de malla<\/strong> para un vapor m\u00e1s suave y un sabor m\u00e1s claro<\/li>\n<li><strong>pantalla LED<\/strong> para el estado de la bater\u00eda + e-l\u00edquido<\/li>\n<li><strong>Recargable<\/strong> <strong>850mAh<\/strong> bater\u00eda incorporada<\/li>\n<li><strong>carga Tipo-C<\/strong> (cable no incluido)<\/li>\n<li>Parte de la gama RandM Tornado con m\u00faltiples sabores disponibles<\/li>\n<\/ul>\n<p>Compra con confianza en <strong><a href=\"https:\/\/fumot.uk\/es\/\">fumot.uk<\/a><\/strong> y explora m\u00e1s desechables de larga duraci\u00f3n en nuestro <a href=\"https:\/\/fumot.uk\/es\/\">colecci\u00f3n RandM Tornado 12000 Puffs<\/a>.<\/p>","protected":false},"excerpt":{"rendered":"<p>RandM Tornado 12000 Puffs Fresa Sand\u00eda: fresa dulce + sand\u00eda crujiente en un desechable de malla suave. 20ml, pantalla LED, 850mAh recargable, 0\u20135% nic salt.<\/p>","protected":false},"featured_media":177,"comment_status":"open","ping_status":"closed","template":"","meta":[],"product_brand":[],"product_cat":[58,59,17],"product_tag":[60,20,23,25,26,62,37,28,32],"class_list":{"0":"post-134","1":"product","2":"type-product","3":"status-publish","4":"has-post-thumbnail","6":"product_cat-12000-puff","7":"product_cat-randm-tornado-12000-puffs","8":"product_cat-vape","9":"product_tag-20ml","10":"product_tag-850mah","11":"product_tag-display","12":"product_tag-mesh-coil","13":"product_tag-rechargeable","14":"product_tag-sale-vape","15":"product_tag-strawberry","16":"product_tag-type-c","17":"product_tag-watermelon","19":"first","20":"instock","21":"sale","22":"shipping-taxable","23":"purchasable","24":"product-type-variable","25":"has-default-attributes"},"yoast_head":"<!-- This site is optimized with the Yoast SEO plugin v26.8 - https:\/\/yoast.com\/product\/yoast-seo-wordpress\/ -->\n<title>RandM Tornado 12000 Strawberry Watermelon | 20ml<\/title>\n<meta name=\"description\" content=\"RandM Tornado 12000 Strawberry Watermelon disposable vape with 20ml e-liquid, mesh coil, LED battery\/liquid display, 850mAh rechargeable, 0\/2\/3\/5% nic salt.\" \/>\n<meta name=\"robots\" content=\"index, follow, max-snippet:-1, max-image-preview:large, max-video-preview:-1\" \/>\n<link rel=\"canonical\" href=\"https:\/\/fumot.uk\/es\/product\/strawberry-watermelon-randm-tornado-12000-puffs\/\" \/>\n<meta property=\"og:locale\" content=\"es_ES\" \/>\n<meta property=\"og:type\" content=\"article\" \/>\n<meta property=\"og:title\" content=\"RandM Tornado 12000 Strawberry Watermelon (20ml, Mesh Coil)\" \/>\n<meta property=\"og:description\" content=\"Juicy strawberry sweetness with a refreshing watermelon finish. Up to 12000 puffs, 20ml e-liquid, LED display, mesh coil, 850mAh rechargeable\u2014shop at fumot.uk.\" \/>\n<meta property=\"og:url\" content=\"https:\/\/fumot.uk\/es\/product\/strawberry-watermelon-randm-tornado-12000-puffs\/\" \/>\n<meta property=\"og:site_name\" content=\"Fumot Official Direct | Straight from the Factory, 100% Genuine\" \/>\n<meta property=\"article:modified_time\" content=\"2026-01-20T07:13:07+00:00\" \/>\n<meta property=\"og:image\" content=\"https:\/\/fumot.uk\/wp-content\/uploads\/2026\/01\/Randm-Tornado-12000-Puffs-Strawberry-Watermelon-Disposable-Vape.jpg\" \/>\n\t<meta property=\"og:image:width\" content=\"2000\" \/>\n\t<meta property=\"og:image:height\" content=\"2000\" \/>\n\t<meta property=\"og:image:type\" content=\"image\/jpeg\" \/>\n<meta name=\"twitter:card\" content=\"summary_large_image\" \/>\n<meta name=\"twitter:label1\" content=\"Tiempo de lectura\" \/>\n\t<meta name=\"twitter:data1\" content=\"2 minutos\" \/>\n<script type=\"application\/ld+json\" class=\"yoast-schema-graph\">{\"@context\":\"https:\/\/schema.org\",\"@graph\":[{\"@type\":\"WebPage\",\"@id\":\"https:\/\/fumot.uk\/product\/strawberry-watermelon-randm-tornado-12000-puffs\/\",\"url\":\"https:\/\/fumot.uk\/product\/strawberry-watermelon-randm-tornado-12000-puffs\/\",\"name\":\"RandM Tornado 12000 Strawberry Watermelon | 20ml\",\"isPartOf\":{\"@id\":\"https:\/\/fumot.uk\/#website\"},\"primaryImageOfPage\":{\"@id\":\"https:\/\/fumot.uk\/product\/strawberry-watermelon-randm-tornado-12000-puffs\/#primaryimage\"},\"image\":{\"@id\":\"https:\/\/fumot.uk\/product\/strawberry-watermelon-randm-tornado-12000-puffs\/#primaryimage\"},\"thumbnailUrl\":\"https:\/\/fumot.uk\/wp-content\/uploads\/2026\/01\/Randm-Tornado-12000-Puffs-Strawberry-Watermelon-Disposable-Vape.jpg\",\"datePublished\":\"2026-01-20T02:40:55+00:00\",\"dateModified\":\"2026-01-20T07:13:07+00:00\",\"description\":\"RandM Tornado 12000 Strawberry Watermelon disposable vape with 20ml e-liquid, mesh coil, LED battery\/liquid display, 850mAh rechargeable, 0\/2\/3\/5% nic salt.\",\"breadcrumb\":{\"@id\":\"https:\/\/fumot.uk\/product\/strawberry-watermelon-randm-tornado-12000-puffs\/#breadcrumb\"},\"inLanguage\":\"es\",\"potentialAction\":[{\"@type\":\"ReadAction\",\"target\":[\"https:\/\/fumot.uk\/product\/strawberry-watermelon-randm-tornado-12000-puffs\/\"]}]},{\"@type\":\"ImageObject\",\"inLanguage\":\"es\",\"@id\":\"https:\/\/fumot.uk\/product\/strawberry-watermelon-randm-tornado-12000-puffs\/#primaryimage\",\"url\":\"https:\/\/fumot.uk\/wp-content\/uploads\/2026\/01\/Randm-Tornado-12000-Puffs-Strawberry-Watermelon-Disposable-Vape.jpg\",\"contentUrl\":\"https:\/\/fumot.uk\/wp-content\/uploads\/2026\/01\/Randm-Tornado-12000-Puffs-Strawberry-Watermelon-Disposable-Vape.jpg\",\"width\":2000,\"height\":2000},{\"@type\":\"BreadcrumbList\",\"@id\":\"https:\/\/fumot.uk\/product\/strawberry-watermelon-randm-tornado-12000-puffs\/#breadcrumb\",\"itemListElement\":[{\"@type\":\"ListItem\",\"position\":1,\"name\":\"Home\",\"item\":\"https:\/\/fumot.uk\/\"},{\"@type\":\"ListItem\",\"position\":2,\"name\":\"Shop\",\"item\":\"https:\/\/fumot.uk\/shop\/\"},{\"@type\":\"ListItem\",\"position\":3,\"name\":\"R&#038;M RandM Tornado 12000 Puffs Strawberry Watermelon Disposable Vape (20ml, Mesh Coil, LED Display, 850mAh Rechargeable)\"}]},{\"@type\":\"WebSite\",\"@id\":\"https:\/\/fumot.uk\/#website\",\"url\":\"https:\/\/fumot.uk\/\",\"name\":\"Fumot Official Direct | Straight from the Factory, 100% Genuine\",\"description\":\"Official Website\",\"publisher\":{\"@id\":\"https:\/\/fumot.uk\/#organization\"},\"potentialAction\":[{\"@type\":\"SearchAction\",\"target\":{\"@type\":\"EntryPoint\",\"urlTemplate\":\"https:\/\/fumot.uk\/?s={search_term_string}\"},\"query-input\":{\"@type\":\"PropertyValueSpecification\",\"valueRequired\":true,\"valueName\":\"search_term_string\"}}],\"inLanguage\":\"es\"},{\"@type\":\"Organization\",\"@id\":\"https:\/\/fumot.uk\/#organization\",\"name\":\"Fumot Official Direct | Straight from the Factory, 100% Genuine\",\"url\":\"https:\/\/fumot.uk\/\",\"logo\":{\"@type\":\"ImageObject\",\"inLanguage\":\"es\",\"@id\":\"https:\/\/fumot.uk\/#\/schema\/logo\/image\/\",\"url\":\"https:\/\/fumot.uk\/wp-content\/uploads\/2026\/01\/cropped-fumot-logo1.png\",\"contentUrl\":\"https:\/\/fumot.uk\/wp-content\/uploads\/2026\/01\/cropped-fumot-logo1.png\",\"width\":152,\"height\":106,\"caption\":\"Fumot Official Direct | Straight from the Factory, 100% Genuine\"},\"image\":{\"@id\":\"https:\/\/fumot.uk\/#\/schema\/logo\/image\/\"}}]}<\/script>\n<!-- \/ Yoast SEO plugin. -->","yoast_head_json":{"title":"RandM Tornado 12000 Fresa Sand\u00eda | 20ml","description":"RandM Tornado 12000 Strawberry Watermelon vape desechable con 20ml de e-l\u00edquido, bobina de malla, pantalla LED de bater\u00eda\/l\u00edquido, 850mAh recargable, 0\/2\/3\/5% sal de nic.","robots":{"index":"index","follow":"follow","max-snippet":"max-snippet:-1","max-image-preview":"max-image-preview:large","max-video-preview":"max-video-preview:-1"},"canonical":"https:\/\/fumot.uk\/es\/product\/strawberry-watermelon-randm-tornado-12000-puffs\/","og_locale":"es_ES","og_type":"article","og_title":"RandM Tornado 12000 Strawberry Watermelon (20ml, Mesh Coil)","og_description":"Juicy strawberry sweetness with a refreshing watermelon finish. Up to 12000 puffs, 20ml e-liquid, LED display, mesh coil, 850mAh rechargeable\u2014shop at fumot.uk.","og_url":"https:\/\/fumot.uk\/es\/product\/strawberry-watermelon-randm-tornado-12000-puffs\/","og_site_name":"Fumot Official Direct | Straight from the Factory, 100% Genuine","article_modified_time":"2026-01-20T07:13:07+00:00","og_image":[{"width":2000,"height":2000,"url":"https:\/\/fumot.uk\/wp-content\/uploads\/2026\/01\/Randm-Tornado-12000-Puffs-Strawberry-Watermelon-Disposable-Vape.jpg","type":"image\/jpeg"}],"twitter_card":"summary_large_image","twitter_misc":{"Tiempo de lectura":"2 minutos"},"schema":{"@context":"https:\/\/schema.org","@graph":[{"@type":"WebPage","@id":"https:\/\/fumot.uk\/product\/strawberry-watermelon-randm-tornado-12000-puffs\/","url":"https:\/\/fumot.uk\/product\/strawberry-watermelon-randm-tornado-12000-puffs\/","name":"RandM Tornado 12000 Fresa Sand\u00eda | 20ml","isPartOf":{"@id":"https:\/\/fumot.uk\/#website"},"primaryImageOfPage":{"@id":"https:\/\/fumot.uk\/product\/strawberry-watermelon-randm-tornado-12000-puffs\/#primaryimage"},"image":{"@id":"https:\/\/fumot.uk\/product\/strawberry-watermelon-randm-tornado-12000-puffs\/#primaryimage"},"thumbnailUrl":"https:\/\/fumot.uk\/wp-content\/uploads\/2026\/01\/Randm-Tornado-12000-Puffs-Strawberry-Watermelon-Disposable-Vape.jpg","datePublished":"2026-01-20T02:40:55+00:00","dateModified":"2026-01-20T07:13:07+00:00","description":"RandM Tornado 12000 Strawberry Watermelon vape desechable con 20ml de e-l\u00edquido, bobina de malla, pantalla LED de bater\u00eda\/l\u00edquido, 850mAh recargable, 0\/2\/3\/5% sal de nic.","breadcrumb":{"@id":"https:\/\/fumot.uk\/product\/strawberry-watermelon-randm-tornado-12000-puffs\/#breadcrumb"},"inLanguage":"es","potentialAction":[{"@type":"ReadAction","target":["https:\/\/fumot.uk\/product\/strawberry-watermelon-randm-tornado-12000-puffs\/"]}]},{"@type":"ImageObject","inLanguage":"es","@id":"https:\/\/fumot.uk\/product\/strawberry-watermelon-randm-tornado-12000-puffs\/#primaryimage","url":"https:\/\/fumot.uk\/wp-content\/uploads\/2026\/01\/Randm-Tornado-12000-Puffs-Strawberry-Watermelon-Disposable-Vape.jpg","contentUrl":"https:\/\/fumot.uk\/wp-content\/uploads\/2026\/01\/Randm-Tornado-12000-Puffs-Strawberry-Watermelon-Disposable-Vape.jpg","width":2000,"height":2000},{"@type":"BreadcrumbList","@id":"https:\/\/fumot.uk\/product\/strawberry-watermelon-randm-tornado-12000-puffs\/#breadcrumb","itemListElement":[{"@type":"ListItem","position":1,"name":"Home","item":"https:\/\/fumot.uk\/"},{"@type":"ListItem","position":2,"name":"Shop","item":"https:\/\/fumot.uk\/shop\/"},{"@type":"ListItem","position":3,"name":"R&#038;M RandM Tornado 12000 Puffs Strawberry Watermelon Disposable Vape (20ml, Mesh Coil, LED Display, 850mAh Rechargeable)"}]},{"@type":"WebSite","@id":"https:\/\/fumot.uk\/#website","url":"https:\/\/fumot.uk\/","name":"Fumot Official Direct | Directo desde la f\u00e1brica, 100% Original","description":"Sitio Oficial","publisher":{"@id":"https:\/\/fumot.uk\/#organization"},"potentialAction":[{"@type":"SearchAction","target":{"@type":"EntryPoint","urlTemplate":"https:\/\/fumot.uk\/?s={search_term_string}"},"query-input":{"@type":"PropertyValueSpecification","valueRequired":true,"valueName":"search_term_string"}}],"inLanguage":"es"},{"@type":"Organization","@id":"https:\/\/fumot.uk\/#organization","name":"Fumot Official Direct | Directo desde la f\u00e1brica, 100% Original","url":"https:\/\/fumot.uk\/","logo":{"@type":"ImageObject","inLanguage":"es","@id":"https:\/\/fumot.uk\/#\/schema\/logo\/image\/","url":"https:\/\/fumot.uk\/wp-content\/uploads\/2026\/01\/cropped-fumot-logo1.png","contentUrl":"https:\/\/fumot.uk\/wp-content\/uploads\/2026\/01\/cropped-fumot-logo1.png","width":152,"height":106,"caption":"Fumot Official Direct | Straight from the Factory, 100% Genuine"},"image":{"@id":"https:\/\/fumot.uk\/#\/schema\/logo\/image\/"}}]}},"_links":{"self":[{"href":"https:\/\/fumot.uk\/es\/wp-json\/wp\/v2\/product\/134","targetHints":{"allow":["GET"]}}],"collection":[{"href":"https:\/\/fumot.uk\/es\/wp-json\/wp\/v2\/product"}],"about":[{"href":"https:\/\/fumot.uk\/es\/wp-json\/wp\/v2\/types\/product"}],"replies":[{"embeddable":true,"href":"https:\/\/fumot.uk\/es\/wp-json\/wp\/v2\/comments?post=134"}],"wp:featuredmedia":[{"embeddable":true,"href":"https:\/\/fumot.uk\/es\/wp-json\/wp\/v2\/media\/177"}],"wp:attachment":[{"href":"https:\/\/fumot.uk\/es\/wp-json\/wp\/v2\/media?parent=134"}],"wp:term":[{"taxonomy":"product_brand","embeddable":true,"href":"https:\/\/fumot.uk\/es\/wp-json\/wp\/v2\/product_brand?post=134"},{"taxonomy":"product_cat","embeddable":true,"href":"https:\/\/fumot.uk\/es\/wp-json\/wp\/v2\/product_cat?post=134"},{"taxonomy":"product_tag","embeddable":true,"href":"https:\/\/fumot.uk\/es\/wp-json\/wp\/v2\/product_tag?post=134"}],"curies":[{"name":"wp","href":"https:\/\/api.w.org\/{rel}","templated":true}]}}