{"id":133,"date":"2026-01-20T02:40:55","date_gmt":"2026-01-20T02:40:55","guid":{"rendered":"https:\/\/fumot.uk\/?post_type=product&#038;p=133"},"modified":"2026-01-20T07:13:41","modified_gmt":"2026-01-20T07:13:41","slug":"blueberry-raspberry-randm-tornado-12000-puffs","status":"publish","type":"product","link":"https:\/\/fumot.uk\/es\/product\/blueberry-raspberry-randm-tornado-12000-puffs\/","title":{"rendered":"R&amp;M RandM Tornado 12000 Puffs Blueberry Raspberry Vape Desechable | 20ml, Bobina de Malla, Pantalla LED"},"content":{"rendered":"<p><strong>R&amp;M RandM Tornado 12000 Puffs Ar\u00e1ndano Frambuesa<\/strong> trae una vibrante mezcla de bayas a un vape desechable elegante y moderno dise\u00f1ado para la conveniencia diaria. Presentando un <strong>Indicador de bater\u00eda y e-l\u00edquido<\/strong> para un sabor suave y consistente y un <strong>pantalla LED<\/strong> que muestra el estado de la bater\u00eda y el e-l\u00edquido, siempre sabr\u00e1s d\u00f3nde est\u00e1s antes de tu pr\u00f3xima calada.<\/p>\n<h3>Perfil de Sabor Ar\u00e1ndano Frambuesa<\/h3>\n<p>Esta <strong>Ar\u00e1ndano Frambuesa<\/strong> mezcla equilibra la <strong>dulce jugosidad de los ar\u00e1ndanos maduros<\/strong> con el <strong>suave brillo \u00e1cido de las frambuesas<\/strong>. El resultado es un vape afrutado y en capas que se siente brillante, refrescante y satisfactorio desde la primera calada hasta la \u00faltima.<\/p>\n<h3>Caracter\u00edsticas Clave<\/h3>\n<ul>\n<li><strong>Hasta 12000 caladas<\/strong> por dispositivo (dependiendo del uso)<\/li>\n<li><strong>20ml de e-l\u00edquido<\/strong> capacidad<\/li>\n<li><strong>Opciones de sal de nicotina:<\/strong> 0% \/ 2% \/ 3% \/ 5%<\/li>\n<li><strong>Indicador de bater\u00eda y e-l\u00edquido<\/strong> para un calentamiento uniforme y un sabor limpio<\/li>\n<li><strong>pantalla LED<\/strong> para el nivel de bater\u00eda y e-l\u00edquido<\/li>\n<li><strong>Recargable<\/strong> con <strong>Type-C<\/strong> carga<\/li>\n<li><strong>Bater\u00eda integrada de 850mAh<\/strong><\/li>\n<li><strong>40 sabores disponibles<\/strong> en la gama RandM Tornado 12000<\/li>\n<\/ul>\n<h3>Por qu\u00e9 te gustar\u00e1<\/h3>\n<p>Si quieres un <strong>vape desechable con sabor a bayas<\/strong> que sabe suave y se mantiene consistente, esta es una elecci\u00f3n destacada. La pantalla a\u00f1ade control pr\u00e1ctico, mientras que el dise\u00f1o recargable te ayuda a aprovechar al m\u00e1ximo el e-l\u00edquido dentro.<\/p>\n<p>Descubre m\u00e1s sabores y las \u00faltimas novedades en <strong><a href=\"https:\/\/fumot.uk\/es\/\">fumot.uk<\/a><\/strong>. Tambi\u00e9n puedes explorar m\u00e1s perfiles de frutas en nuestra <a href=\"https:\/\/fumot.uk\/es\/product-tag\/blueberry\/\">Ar\u00e1ndano<\/a> selecci\u00f3n.<\/p>","protected":false},"excerpt":{"rendered":"<p>R&amp;M RandM Tornado 12000 Blueberry Raspberry disposable vape with 20ml e-liquid, Mesh Coil, LED battery\/e-liquid display, 850mAh rechargeable Type\u2011C. Nicotine salt: 0\/2\/3\/5%.<\/p>","protected":false},"featured_media":176,"comment_status":"open","ping_status":"closed","template":"","meta":[],"product_brand":[],"product_cat":[58,59,17],"product_tag":[60,20,33,23,25,34,26,62,28],"class_list":{"0":"post-133","1":"product","2":"type-product","3":"status-publish","4":"has-post-thumbnail","6":"product_cat-12000-puff","7":"product_cat-randm-tornado-12000-puffs","8":"product_cat-vape","9":"product_tag-20ml","10":"product_tag-850mah","11":"product_tag-blueberry","12":"product_tag-display","13":"product_tag-mesh-coil","14":"product_tag-raspberry","15":"product_tag-rechargeable","16":"product_tag-sale-vape","17":"product_tag-type-c","19":"first","20":"instock","21":"sale","22":"shipping-taxable","23":"purchasable","24":"product-type-variable","25":"has-default-attributes"},"yoast_head":"<!-- This site is optimized with the Yoast SEO plugin v26.8 - https:\/\/yoast.com\/product\/yoast-seo-wordpress\/ -->\n<title>RandM Tornado 12000 Blueberry Raspberry | 20ml Mesh Coil<\/title>\n<meta name=\"description\" content=\"RandM Tornado 12000 Blueberry Raspberry: up to 12000 puffs, 20ml e-liquid, Mesh Coil, LED display, 850mAh Type\u2011C rechargeable. 0\/2\/3\/5% nic salt.\" \/>\n<meta name=\"robots\" content=\"index, follow, max-snippet:-1, max-image-preview:large, max-video-preview:-1\" \/>\n<link rel=\"canonical\" href=\"https:\/\/fumot.uk\/es\/product\/blueberry-raspberry-randm-tornado-12000-puffs\/\" \/>\n<meta property=\"og:locale\" content=\"es_ES\" \/>\n<meta property=\"og:type\" content=\"article\" \/>\n<meta property=\"og:title\" content=\"Blueberry Raspberry RandM Tornado 12000 Puffs\" \/>\n<meta property=\"og:description\" content=\"A bright blueberry-raspberry blend in the RandM Tornado 12000: 20ml, Mesh Coil, LED battery\/e-liquid display, 850mAh Type\u2011C rechargeable. 0\u20135%.\" \/>\n<meta property=\"og:url\" content=\"https:\/\/fumot.uk\/es\/product\/blueberry-raspberry-randm-tornado-12000-puffs\/\" \/>\n<meta property=\"og:site_name\" content=\"Fumot Official Direct | Straight from the Factory, 100% Genuine\" \/>\n<meta property=\"article:modified_time\" content=\"2026-01-20T07:13:41+00:00\" \/>\n<meta property=\"og:image\" content=\"https:\/\/fumot.uk\/wp-content\/uploads\/2026\/01\/Randm-Tornado-12000-Puffs-Blueberry-Raspberry-Disposable-Vape.jpg\" \/>\n\t<meta property=\"og:image:width\" content=\"2000\" \/>\n\t<meta property=\"og:image:height\" content=\"2000\" \/>\n\t<meta property=\"og:image:type\" content=\"image\/jpeg\" \/>\n<meta name=\"twitter:card\" content=\"summary_large_image\" \/>\n<meta name=\"twitter:label1\" content=\"Tiempo de lectura\" \/>\n\t<meta name=\"twitter:data1\" content=\"2 minutos\" \/>\n<script type=\"application\/ld+json\" class=\"yoast-schema-graph\">{\"@context\":\"https:\/\/schema.org\",\"@graph\":[{\"@type\":\"WebPage\",\"@id\":\"https:\/\/fumot.uk\/product\/blueberry-raspberry-randm-tornado-12000-puffs\/\",\"url\":\"https:\/\/fumot.uk\/product\/blueberry-raspberry-randm-tornado-12000-puffs\/\",\"name\":\"RandM Tornado 12000 Blueberry Raspberry | 20ml Mesh Coil\",\"isPartOf\":{\"@id\":\"https:\/\/fumot.uk\/#website\"},\"primaryImageOfPage\":{\"@id\":\"https:\/\/fumot.uk\/product\/blueberry-raspberry-randm-tornado-12000-puffs\/#primaryimage\"},\"image\":{\"@id\":\"https:\/\/fumot.uk\/product\/blueberry-raspberry-randm-tornado-12000-puffs\/#primaryimage\"},\"thumbnailUrl\":\"https:\/\/fumot.uk\/wp-content\/uploads\/2026\/01\/Randm-Tornado-12000-Puffs-Blueberry-Raspberry-Disposable-Vape.jpg\",\"datePublished\":\"2026-01-20T02:40:55+00:00\",\"dateModified\":\"2026-01-20T07:13:41+00:00\",\"description\":\"RandM Tornado 12000 Blueberry Raspberry: up to 12000 puffs, 20ml e-liquid, Mesh Coil, LED display, 850mAh Type\u2011C rechargeable. 0\/2\/3\/5% nic salt.\",\"breadcrumb\":{\"@id\":\"https:\/\/fumot.uk\/product\/blueberry-raspberry-randm-tornado-12000-puffs\/#breadcrumb\"},\"inLanguage\":\"es\",\"potentialAction\":[{\"@type\":\"ReadAction\",\"target\":[\"https:\/\/fumot.uk\/product\/blueberry-raspberry-randm-tornado-12000-puffs\/\"]}]},{\"@type\":\"ImageObject\",\"inLanguage\":\"es\",\"@id\":\"https:\/\/fumot.uk\/product\/blueberry-raspberry-randm-tornado-12000-puffs\/#primaryimage\",\"url\":\"https:\/\/fumot.uk\/wp-content\/uploads\/2026\/01\/Randm-Tornado-12000-Puffs-Blueberry-Raspberry-Disposable-Vape.jpg\",\"contentUrl\":\"https:\/\/fumot.uk\/wp-content\/uploads\/2026\/01\/Randm-Tornado-12000-Puffs-Blueberry-Raspberry-Disposable-Vape.jpg\",\"width\":2000,\"height\":2000},{\"@type\":\"BreadcrumbList\",\"@id\":\"https:\/\/fumot.uk\/product\/blueberry-raspberry-randm-tornado-12000-puffs\/#breadcrumb\",\"itemListElement\":[{\"@type\":\"ListItem\",\"position\":1,\"name\":\"Home\",\"item\":\"https:\/\/fumot.uk\/\"},{\"@type\":\"ListItem\",\"position\":2,\"name\":\"Shop\",\"item\":\"https:\/\/fumot.uk\/shop\/\"},{\"@type\":\"ListItem\",\"position\":3,\"name\":\"R&#038;M RandM Tornado 12000 Puffs Blueberry Raspberry Disposable Vape | 20ml, Mesh Coil, LED Display\"}]},{\"@type\":\"WebSite\",\"@id\":\"https:\/\/fumot.uk\/#website\",\"url\":\"https:\/\/fumot.uk\/\",\"name\":\"Fumot Official Direct | Straight from the Factory, 100% Genuine\",\"description\":\"Official Website\",\"publisher\":{\"@id\":\"https:\/\/fumot.uk\/#organization\"},\"potentialAction\":[{\"@type\":\"SearchAction\",\"target\":{\"@type\":\"EntryPoint\",\"urlTemplate\":\"https:\/\/fumot.uk\/?s={search_term_string}\"},\"query-input\":{\"@type\":\"PropertyValueSpecification\",\"valueRequired\":true,\"valueName\":\"search_term_string\"}}],\"inLanguage\":\"es\"},{\"@type\":\"Organization\",\"@id\":\"https:\/\/fumot.uk\/#organization\",\"name\":\"Fumot Official Direct | Straight from the Factory, 100% Genuine\",\"url\":\"https:\/\/fumot.uk\/\",\"logo\":{\"@type\":\"ImageObject\",\"inLanguage\":\"es\",\"@id\":\"https:\/\/fumot.uk\/#\/schema\/logo\/image\/\",\"url\":\"https:\/\/fumot.uk\/wp-content\/uploads\/2026\/01\/cropped-fumot-logo1.png\",\"contentUrl\":\"https:\/\/fumot.uk\/wp-content\/uploads\/2026\/01\/cropped-fumot-logo1.png\",\"width\":152,\"height\":106,\"caption\":\"Fumot Official Direct | Straight from the Factory, 100% Genuine\"},\"image\":{\"@id\":\"https:\/\/fumot.uk\/#\/schema\/logo\/image\/\"}}]}<\/script>\n<!-- \/ Yoast SEO plugin. -->","yoast_head_json":{"title":"RandM Tornado 12000 Ar\u00e1ndano Frambuesa | 20ml Bobina de Malla","description":"RandM Tornado 12000 Blueberry Raspberry: hasta 12000 caladas, 20ml de e-l\u00edquido, bobina de malla, pantalla LED, recargable 850mAh Tipo\u2011C. 0\/2\/3\/5% sal de nicotina.","robots":{"index":"index","follow":"follow","max-snippet":"max-snippet:-1","max-image-preview":"max-image-preview:large","max-video-preview":"max-video-preview:-1"},"canonical":"https:\/\/fumot.uk\/es\/product\/blueberry-raspberry-randm-tornado-12000-puffs\/","og_locale":"es_ES","og_type":"article","og_title":"Blueberry Raspberry RandM Tornado 12000 Puffs","og_description":"A bright blueberry-raspberry blend in the RandM Tornado 12000: 20ml, Mesh Coil, LED battery\/e-liquid display, 850mAh Type\u2011C rechargeable. 0\u20135%.","og_url":"https:\/\/fumot.uk\/es\/product\/blueberry-raspberry-randm-tornado-12000-puffs\/","og_site_name":"Fumot Official Direct | Straight from the Factory, 100% Genuine","article_modified_time":"2026-01-20T07:13:41+00:00","og_image":[{"width":2000,"height":2000,"url":"https:\/\/fumot.uk\/wp-content\/uploads\/2026\/01\/Randm-Tornado-12000-Puffs-Blueberry-Raspberry-Disposable-Vape.jpg","type":"image\/jpeg"}],"twitter_card":"summary_large_image","twitter_misc":{"Tiempo de lectura":"2 minutos"},"schema":{"@context":"https:\/\/schema.org","@graph":[{"@type":"WebPage","@id":"https:\/\/fumot.uk\/product\/blueberry-raspberry-randm-tornado-12000-puffs\/","url":"https:\/\/fumot.uk\/product\/blueberry-raspberry-randm-tornado-12000-puffs\/","name":"RandM Tornado 12000 Ar\u00e1ndano Frambuesa | 20ml Bobina de Malla","isPartOf":{"@id":"https:\/\/fumot.uk\/#website"},"primaryImageOfPage":{"@id":"https:\/\/fumot.uk\/product\/blueberry-raspberry-randm-tornado-12000-puffs\/#primaryimage"},"image":{"@id":"https:\/\/fumot.uk\/product\/blueberry-raspberry-randm-tornado-12000-puffs\/#primaryimage"},"thumbnailUrl":"https:\/\/fumot.uk\/wp-content\/uploads\/2026\/01\/Randm-Tornado-12000-Puffs-Blueberry-Raspberry-Disposable-Vape.jpg","datePublished":"2026-01-20T02:40:55+00:00","dateModified":"2026-01-20T07:13:41+00:00","description":"RandM Tornado 12000 Blueberry Raspberry: hasta 12000 caladas, 20ml de e-l\u00edquido, bobina de malla, pantalla LED, recargable 850mAh Tipo\u2011C. 0\/2\/3\/5% sal de nicotina.","breadcrumb":{"@id":"https:\/\/fumot.uk\/product\/blueberry-raspberry-randm-tornado-12000-puffs\/#breadcrumb"},"inLanguage":"es","potentialAction":[{"@type":"ReadAction","target":["https:\/\/fumot.uk\/product\/blueberry-raspberry-randm-tornado-12000-puffs\/"]}]},{"@type":"ImageObject","inLanguage":"es","@id":"https:\/\/fumot.uk\/product\/blueberry-raspberry-randm-tornado-12000-puffs\/#primaryimage","url":"https:\/\/fumot.uk\/wp-content\/uploads\/2026\/01\/Randm-Tornado-12000-Puffs-Blueberry-Raspberry-Disposable-Vape.jpg","contentUrl":"https:\/\/fumot.uk\/wp-content\/uploads\/2026\/01\/Randm-Tornado-12000-Puffs-Blueberry-Raspberry-Disposable-Vape.jpg","width":2000,"height":2000},{"@type":"BreadcrumbList","@id":"https:\/\/fumot.uk\/product\/blueberry-raspberry-randm-tornado-12000-puffs\/#breadcrumb","itemListElement":[{"@type":"ListItem","position":1,"name":"Home","item":"https:\/\/fumot.uk\/"},{"@type":"ListItem","position":2,"name":"Shop","item":"https:\/\/fumot.uk\/shop\/"},{"@type":"ListItem","position":3,"name":"R&#038;M RandM Tornado 12000 Puffs Blueberry Raspberry Disposable Vape | 20ml, Mesh Coil, LED Display"}]},{"@type":"WebSite","@id":"https:\/\/fumot.uk\/#website","url":"https:\/\/fumot.uk\/","name":"Fumot Official Direct | Directo desde la f\u00e1brica, 100% Original","description":"Sitio Oficial","publisher":{"@id":"https:\/\/fumot.uk\/#organization"},"potentialAction":[{"@type":"SearchAction","target":{"@type":"EntryPoint","urlTemplate":"https:\/\/fumot.uk\/?s={search_term_string}"},"query-input":{"@type":"PropertyValueSpecification","valueRequired":true,"valueName":"search_term_string"}}],"inLanguage":"es"},{"@type":"Organization","@id":"https:\/\/fumot.uk\/#organization","name":"Fumot Official Direct | Directo desde la f\u00e1brica, 100% Original","url":"https:\/\/fumot.uk\/","logo":{"@type":"ImageObject","inLanguage":"es","@id":"https:\/\/fumot.uk\/#\/schema\/logo\/image\/","url":"https:\/\/fumot.uk\/wp-content\/uploads\/2026\/01\/cropped-fumot-logo1.png","contentUrl":"https:\/\/fumot.uk\/wp-content\/uploads\/2026\/01\/cropped-fumot-logo1.png","width":152,"height":106,"caption":"Fumot Official Direct | Straight from the Factory, 100% Genuine"},"image":{"@id":"https:\/\/fumot.uk\/#\/schema\/logo\/image\/"}}]}},"_links":{"self":[{"href":"https:\/\/fumot.uk\/es\/wp-json\/wp\/v2\/product\/133","targetHints":{"allow":["GET"]}}],"collection":[{"href":"https:\/\/fumot.uk\/es\/wp-json\/wp\/v2\/product"}],"about":[{"href":"https:\/\/fumot.uk\/es\/wp-json\/wp\/v2\/types\/product"}],"replies":[{"embeddable":true,"href":"https:\/\/fumot.uk\/es\/wp-json\/wp\/v2\/comments?post=133"}],"wp:featuredmedia":[{"embeddable":true,"href":"https:\/\/fumot.uk\/es\/wp-json\/wp\/v2\/media\/176"}],"wp:attachment":[{"href":"https:\/\/fumot.uk\/es\/wp-json\/wp\/v2\/media?parent=133"}],"wp:term":[{"taxonomy":"product_brand","embeddable":true,"href":"https:\/\/fumot.uk\/es\/wp-json\/wp\/v2\/product_brand?post=133"},{"taxonomy":"product_cat","embeddable":true,"href":"https:\/\/fumot.uk\/es\/wp-json\/wp\/v2\/product_cat?post=133"},{"taxonomy":"product_tag","embeddable":true,"href":"https:\/\/fumot.uk\/es\/wp-json\/wp\/v2\/product_tag?post=133"}],"curies":[{"name":"wp","href":"https:\/\/api.w.org\/{rel}","templated":true}]}}