{"id":6787,"date":"2026-01-23T02:19:15","date_gmt":"2026-01-23T02:19:15","guid":{"rendered":"https:\/\/fumot.uk\/?page_id=6787"},"modified":"2026-01-23T02:19:15","modified_gmt":"2026-01-23T02:19:15","slug":"terms-of-service","status":"publish","type":"page","link":"https:\/\/fumot.uk\/es\/terms-of-service\/","title":{"rendered":"T\u00e9rminos de Servicio"},"content":{"rendered":"<h2>T\u00e9rminos de Servicio<\/h2>\n<p><strong>\u00daltima actualizaci\u00f3n: 22 de enero de 2026<\/strong><\/p>\n<p>Bienvenido a <strong>fumot.uk<\/strong> (el \u201cSitio Web\u201d). Estos T\u00e9rminos de Servicio (\u201cT\u00e9rminos\u201d) regulan su acceso y uso del Sitio Web y la compra de productos de nosotros.<\/p>\n<p>Al acceder, navegar o comprar en fumot.uk, usted acepta estar sujeto a estos T\u00e9rminos. Si NO est\u00e1 de acuerdo, no debe usar el Sitio Web ni realizar pedidos.<\/p>\n<div class=\"warning\"><strong>IMPORTANTE \u2013 RESTRICCI\u00d3N DE EDAD<\/strong><\/p>\n<p>Este Sitio Web vende productos que contienen nicotina. Seg\u00fan la ley del Reino Unido (Regulaciones de Productos de Inhalaci\u00f3n de Nicotina (Edad de Venta y Compra por Poder) de 2015), es ilegal vender productos de nicotina a cualquier persona menor de 18 a\u00f1os.<\/p>\n<p><span class=\"important\">Debe tener al menos 18 a\u00f1os para comprar cualquier producto de fumot.uk.<\/span><br \/>\nUtilizamos procesos de verificaci\u00f3n de edad en el momento del pago. Al realizar un pedido, declara que tiene 18 a\u00f1os o m\u00e1s.<\/div>\n<h3>1. Informaci\u00f3n Sobre Nosotros<\/h3>\n<p>fumot.uk es operado por [Nombre de su Empresa \/ Nombre de su Entidad Legal], registrado en [Inglaterra y Gales \/ Escocia, etc.] bajo el n\u00famero de empresa [Su N\u00famero de Empresa], con oficina registrada en [Su Direcci\u00f3n Completa].<\/p>\n<p>N\u00famero de IVA: [Su n\u00famero de IVA si corresponde]<\/p>\n<h3>2. Productos \u2013 Advertencias Importantes<\/h3>\n<ul>\n<li>Todos los productos vendidos en fumot.uk contienen nicotina, a menos que se indique claramente como 0mg \/ sin nicotina.<\/li>\n<li><strong>ADVERTENCIA:<\/strong> La nicotina es una sustancia qu\u00edmica adictiva.<\/li>\n<li>Nuestros productos est\u00e1n destinados para uso exclusivo de fumadores y vapeadores adultos existentes. No son adecuados para no fumadores, mujeres embarazadas o en per\u00edodo de lactancia, personas con enfermedades card\u00edacas, presi\u00f3n arterial alta, diabetes o personas que toman medicamentos para la depresi\u00f3n o el asma.<\/li>\n<li>Los vapes desechables son cigarrillos electr\u00f3nicos de un solo uso. Una vez que la bater\u00eda o el e-l\u00edquido se agotan, el producto debe desecharse responsablemente de acuerdo con las regulaciones locales de RAEE \u2013 NO lo ponga en residuos dom\u00e9sticos.<\/li>\n<\/ul>\n<h3>3. Pedidos y Formaci\u00f3n de Contratos<\/h3>\n<p>Mostrar productos en el Sitio Web no constituye una oferta de venta. Su pedido es una oferta de compra. Un contrato se forma solo cuando le enviamos un correo electr\u00f3nico de confirmaci\u00f3n de pedido.<\/p>\n<p>Nos reservamos el derecho de rechazar o cancelar cualquier pedido (incluso despu\u00e9s de la confirmaci\u00f3n) por cualquier motivo, incluyendo pero no limitado a:<\/p>\n<ul>\n<li>Compra sospechosa por menores de edad<\/li>\n<li>Fallo en la verificaci\u00f3n de edad<\/li>\n<li>Falta de disponibilidad de stock<\/li>\n<li>Errores de precios<\/li>\n<li>Sospecha de fraude<\/li>\n<\/ul>\n<h3>4. Precios y Pago<\/h3>\n<p>Todos los precios est\u00e1n en GBP e incluyen IVA donde corresponda. Los cargos de entrega se muestran por separado.<\/p>\n<p>Aceptamos tarjetas de cr\u00e9dito\/d\u00e9bito principales y otros m\u00e9todos de pago mostrados en el momento del pago. El pago se procesa de manera segura a trav\u00e9s de [Su Proveedor de Pago, por ejemplo, Stripe \/ PayPal].<\/p>\n<h3>5. Entrega<\/h3>\n<p>Nuestro objetivo es despachar pedidos dentro de [1\u20132] d\u00edas h\u00e1biles. Los tiempos de entrega son solo estimaciones.<\/p>\n<p>El riesgo de p\u00e9rdida pasa a usted en el momento de la entrega. El t\u00edtulo pasa cuando recibimos el pago completo.<\/p>\n<h3>6. Devoluciones y Reembolsos \u2013 Vapes Desechables<\/h3>\n<p>Por razones de higiene y seguridad del producto, no aceptamos devoluciones ni reembolsos en vapes desechables usados o abiertos.<\/p>\n<p>Los vapes desechables sin abrir y sin usar pueden devolverse dentro de los 14 d\u00edas posteriores a la entrega bajo las Regulaciones de Contratos de Consumo, siempre que est\u00e9n en condiciones de reventa. El franqueo de devoluci\u00f3n es su responsabilidad.<\/p>\n<p>Los productos defectuosos \/ con fallas est\u00e1n cubiertos bajo nuestra garant\u00eda de derechos legales.<\/p>\n<h3>7. Pol\u00edtica de Verificaci\u00f3n de Edad<\/h3>\n<p>Estamos legalmente obligados a verificar que todos los clientes tengan 18 a\u00f1os o m\u00e1s. Podemos utilizar servicios de verificaci\u00f3n de edad de terceros y\/o solicitar identificaci\u00f3n fotogr\u00e1fica antes de procesar o despachar pedidos.<\/p>\n<h3>8. Limitaci\u00f3n de Responsabilidad<\/h3>\n<p>En la m\u00e1xima medida permitida por la ley, nuestra responsabilidad total hacia usted no exceder\u00e1 el monto pagado por usted por el\/los producto(s) en cuesti\u00f3n.<\/p>\n<p>No somos responsables de p\u00e9rdidas indirectas, consecuentes o especiales (incluyendo p\u00e9rdida de ganancias, datos, disfrute del vapeo, etc.).<\/p>\n<h3>9. Propiedad Intelectual<\/h3>\n<p>Todo el contenido en fumot.uk (texto, im\u00e1genes, logotipos, descripciones de productos) es de nuestra propiedad o est\u00e1 licenciado a nosotros. No puede reproducirlo o usarlo sin permiso.<\/p>\n<h3>10. Ley Aplicable y Jurisdicci\u00f3n<\/h3>\n<p>Estos T\u00e9rminos se rigen por las leyes de Inglaterra y Gales. Cualquier disputa estar\u00e1 sujeta a la jurisdicci\u00f3n exclusiva de los tribunales de Inglaterra y Gales.<\/p>\n<h3>11. Cambios a Estos T\u00e9rminos<\/h3>\n<p>Podemos actualizar estos T\u00e9rminos de vez en cuando. La versi\u00f3n actual siempre se muestra en esta p\u00e1gina. El uso continuo del Sitio Web despu\u00e9s de los cambios constituye aceptaci\u00f3n.<\/p>","protected":false},"excerpt":{"rendered":"<p>Terms of Service Last updated: January 22, 2026 Welcome to fumot.uk (the \u201cWebsite\u201d). These Terms of Service (\u201cTerms\u201d) govern your access to and use of the Website and the purchase of products from us. By accessing, browsing or purchasing from fumot.uk, you agree to be bound by these Terms. If you do NOT agree, you [\u2026]<\/p>","protected":false},"author":1,"featured_media":0,"parent":0,"menu_order":0,"comment_status":"closed","ping_status":"closed","template":"","meta":{"footnotes":""},"class_list":["post-6787","page","type-page","status-publish","hentry"],"yoast_head":"<!-- This site is optimized with the Yoast SEO plugin v26.8 - https:\/\/yoast.com\/product\/yoast-seo-wordpress\/ -->\n<title>Terms of Service - Fumot Official Direct | Straight from the Factory, 100% Genuine<\/title>\n<meta name=\"description\" content=\"Latest Fumot disposable vapes at fumot.uk \u2013 massive flavour selection, unbeatable puff counts &amp; speedy UK delivery. Must be 18+. Shop now!\" \/>\n<meta name=\"robots\" content=\"index, follow, max-snippet:-1, max-image-preview:large, max-video-preview:-1\" \/>\n<link rel=\"canonical\" href=\"https:\/\/fumot.uk\/es\/terms-of-service\/\" \/>\n<meta property=\"og:locale\" content=\"es_ES\" \/>\n<meta property=\"og:type\" content=\"article\" \/>\n<meta property=\"og:title\" content=\"Terms of Service - Fumot Official Direct | Straight from the Factory, 100% Genuine\" \/>\n<meta property=\"og:description\" content=\"Latest Fumot disposable vapes at fumot.uk \u2013 massive flavour selection, unbeatable puff counts &amp; speedy UK delivery. Must be 18+. Shop now!\" \/>\n<meta property=\"og:url\" content=\"https:\/\/fumot.uk\/es\/terms-of-service\/\" \/>\n<meta property=\"og:site_name\" content=\"Fumot Official Direct | Straight from the Factory, 100% Genuine\" \/>\n<meta name=\"twitter:card\" content=\"summary_large_image\" \/>\n<meta name=\"twitter:label1\" content=\"Tiempo de lectura\" \/>\n\t<meta name=\"twitter:data1\" content=\"3 minutos\" \/>\n<script type=\"application\/ld+json\" class=\"yoast-schema-graph\">{\"@context\":\"https:\/\/schema.org\",\"@graph\":[{\"@type\":\"WebPage\",\"@id\":\"https:\/\/fumot.uk\/terms-of-service\/\",\"url\":\"https:\/\/fumot.uk\/terms-of-service\/\",\"name\":\"Terms of Service - Fumot Official Direct | Straight from the Factory, 100% Genuine\",\"isPartOf\":{\"@id\":\"https:\/\/fumot.uk\/#website\"},\"datePublished\":\"2026-01-23T02:19:15+00:00\",\"description\":\"Latest Fumot disposable vapes at fumot.uk \u2013 massive flavour selection, unbeatable puff counts & speedy UK delivery. Must be 18+. Shop now!\",\"breadcrumb\":{\"@id\":\"https:\/\/fumot.uk\/terms-of-service\/#breadcrumb\"},\"inLanguage\":\"es\",\"potentialAction\":[{\"@type\":\"ReadAction\",\"target\":[\"https:\/\/fumot.uk\/terms-of-service\/\"]}]},{\"@type\":\"BreadcrumbList\",\"@id\":\"https:\/\/fumot.uk\/terms-of-service\/#breadcrumb\",\"itemListElement\":[{\"@type\":\"ListItem\",\"position\":1,\"name\":\"Home\",\"item\":\"https:\/\/fumot.uk\/\"},{\"@type\":\"ListItem\",\"position\":2,\"name\":\"Terms of Service\"}]},{\"@type\":\"WebSite\",\"@id\":\"https:\/\/fumot.uk\/#website\",\"url\":\"https:\/\/fumot.uk\/\",\"name\":\"Fumot Official Direct | Straight from the Factory, 100% Genuine\",\"description\":\"Official Website\",\"publisher\":{\"@id\":\"https:\/\/fumot.uk\/#organization\"},\"potentialAction\":[{\"@type\":\"SearchAction\",\"target\":{\"@type\":\"EntryPoint\",\"urlTemplate\":\"https:\/\/fumot.uk\/?s={search_term_string}\"},\"query-input\":{\"@type\":\"PropertyValueSpecification\",\"valueRequired\":true,\"valueName\":\"search_term_string\"}}],\"inLanguage\":\"es\"},{\"@type\":\"Organization\",\"@id\":\"https:\/\/fumot.uk\/#organization\",\"name\":\"Fumot Official Direct | Straight from the Factory, 100% Genuine\",\"url\":\"https:\/\/fumot.uk\/\",\"logo\":{\"@type\":\"ImageObject\",\"inLanguage\":\"es\",\"@id\":\"https:\/\/fumot.uk\/#\/schema\/logo\/image\/\",\"url\":\"https:\/\/fumot.uk\/wp-content\/uploads\/2026\/01\/cropped-fumot-logo1.png\",\"contentUrl\":\"https:\/\/fumot.uk\/wp-content\/uploads\/2026\/01\/cropped-fumot-logo1.png\",\"width\":152,\"height\":106,\"caption\":\"Fumot Official Direct | Straight from the Factory, 100% Genuine\"},\"image\":{\"@id\":\"https:\/\/fumot.uk\/#\/schema\/logo\/image\/\"}}]}<\/script>\n<!-- \/ Yoast SEO plugin. -->","yoast_head_json":{"title":"T\u00e9rminos de Servicio - Fumot Official Direct | Directo de la F\u00e1brica, 100% Genuine","description":"\u00daltimos vapes desechables Fumot en fumot.uk: enorme selecci\u00f3n de sabores, cantidad de caladas inigualable y entrega r\u00e1pida en el Reino Unido. Debes tener 18+. \u00a1Compra ahora!","robots":{"index":"index","follow":"follow","max-snippet":"max-snippet:-1","max-image-preview":"max-image-preview:large","max-video-preview":"max-video-preview:-1"},"canonical":"https:\/\/fumot.uk\/es\/terms-of-service\/","og_locale":"es_ES","og_type":"article","og_title":"Terms of Service - Fumot Official Direct | Straight from the Factory, 100% Genuine","og_description":"Latest Fumot disposable vapes at fumot.uk \u2013 massive flavour selection, unbeatable puff counts & speedy UK delivery. Must be 18+. Shop now!","og_url":"https:\/\/fumot.uk\/es\/terms-of-service\/","og_site_name":"Fumot Official Direct | Straight from the Factory, 100% Genuine","twitter_card":"summary_large_image","twitter_misc":{"Tiempo de lectura":"3 minutos"},"schema":{"@context":"https:\/\/schema.org","@graph":[{"@type":"WebPage","@id":"https:\/\/fumot.uk\/terms-of-service\/","url":"https:\/\/fumot.uk\/terms-of-service\/","name":"T\u00e9rminos de Servicio - Fumot Official Direct | Directo de la F\u00e1brica, 100% Genuine","isPartOf":{"@id":"https:\/\/fumot.uk\/#website"},"datePublished":"2026-01-23T02:19:15+00:00","description":"\u00daltimos vapes desechables Fumot en fumot.uk: enorme selecci\u00f3n de sabores, cantidad de caladas inigualable y entrega r\u00e1pida en el Reino Unido. Debes tener 18+. \u00a1Compra ahora!","breadcrumb":{"@id":"https:\/\/fumot.uk\/terms-of-service\/#breadcrumb"},"inLanguage":"es","potentialAction":[{"@type":"ReadAction","target":["https:\/\/fumot.uk\/terms-of-service\/"]}]},{"@type":"BreadcrumbList","@id":"https:\/\/fumot.uk\/terms-of-service\/#breadcrumb","itemListElement":[{"@type":"ListItem","position":1,"name":"Home","item":"https:\/\/fumot.uk\/"},{"@type":"ListItem","position":2,"name":"Terms of Service"}]},{"@type":"WebSite","@id":"https:\/\/fumot.uk\/#website","url":"https:\/\/fumot.uk\/","name":"Fumot Official Direct | Directo desde la f\u00e1brica, 100% Original","description":"Sitio Oficial","publisher":{"@id":"https:\/\/fumot.uk\/#organization"},"potentialAction":[{"@type":"SearchAction","target":{"@type":"EntryPoint","urlTemplate":"https:\/\/fumot.uk\/?s={search_term_string}"},"query-input":{"@type":"PropertyValueSpecification","valueRequired":true,"valueName":"search_term_string"}}],"inLanguage":"es"},{"@type":"Organization","@id":"https:\/\/fumot.uk\/#organization","name":"Fumot Official Direct | Directo desde la f\u00e1brica, 100% Original","url":"https:\/\/fumot.uk\/","logo":{"@type":"ImageObject","inLanguage":"es","@id":"https:\/\/fumot.uk\/#\/schema\/logo\/image\/","url":"https:\/\/fumot.uk\/wp-content\/uploads\/2026\/01\/cropped-fumot-logo1.png","contentUrl":"https:\/\/fumot.uk\/wp-content\/uploads\/2026\/01\/cropped-fumot-logo1.png","width":152,"height":106,"caption":"Fumot Official Direct | Straight from the Factory, 100% Genuine"},"image":{"@id":"https:\/\/fumot.uk\/#\/schema\/logo\/image\/"}}]}},"_links":{"self":[{"href":"https:\/\/fumot.uk\/es\/wp-json\/wp\/v2\/pages\/6787","targetHints":{"allow":["GET"]}}],"collection":[{"href":"https:\/\/fumot.uk\/es\/wp-json\/wp\/v2\/pages"}],"about":[{"href":"https:\/\/fumot.uk\/es\/wp-json\/wp\/v2\/types\/page"}],"author":[{"embeddable":true,"href":"https:\/\/fumot.uk\/es\/wp-json\/wp\/v2\/users\/1"}],"replies":[{"embeddable":true,"href":"https:\/\/fumot.uk\/es\/wp-json\/wp\/v2\/comments?post=6787"}],"version-history":[{"count":1,"href":"https:\/\/fumot.uk\/es\/wp-json\/wp\/v2\/pages\/6787\/revisions"}],"predecessor-version":[{"id":6789,"href":"https:\/\/fumot.uk\/es\/wp-json\/wp\/v2\/pages\/6787\/revisions\/6789"}],"wp:attachment":[{"href":"https:\/\/fumot.uk\/es\/wp-json\/wp\/v2\/media?parent=6787"}],"curies":[{"name":"wp","href":"https:\/\/api.w.org\/{rel}","templated":true}]}}