{"id":6779,"date":"2026-01-23T01:52:57","date_gmt":"2026-01-23T01:52:57","guid":{"rendered":"https:\/\/fumot.uk\/?page_id=6779"},"modified":"2026-01-23T01:52:57","modified_gmt":"2026-01-23T01:52:57","slug":"shipping-info","status":"publish","type":"page","link":"https:\/\/fumot.uk\/es\/shipping-info\/","title":{"rendered":"Informaci\u00f3n de Env\u00edo"},"content":{"rendered":"<div class=\"entry-content\">\n<h2>Informaci\u00f3n de Env\u00edo<\/h2>\n<h3>1. Procesamiento y Env\u00edo de Pedidos<\/h3>\n<ul>\n<li>Los pedidos generalmente se procesan y env\u00edan dentro de 1\u20133 d\u00edas h\u00e1biles.<\/li>\n<li>El tiempo de entrega generalmente var\u00eda de 7 a 15 d\u00edas h\u00e1biles despu\u00e9s del env\u00edo.<\/li>\n<li>Por favor, tenga en cuenta: No procesamos ni enviamos pedidos los fines de semana o d\u00edas festivos.<\/li>\n<\/ul>\n<h3>2. Seguimiento de su Paquete<\/h3>\n<ul>\n<li>Una vez que su pedido haya sido enviado, recibir\u00e1 un n\u00famero de seguimiento por correo electr\u00f3nico.<\/li>\n<li>Puede monitorear el estado de su paquete en cualquier momento usando el n\u00famero de seguimiento en <strong>17track.net<\/strong>.<\/li>\n<li>La informaci\u00f3n de seguimiento puede tardar de 1 a 2 d\u00edas en activarse despu\u00e9s del env\u00edo.<\/li>\n<\/ul>\n<h3>3. Modificaciones y Cancelaciones de Pedidos<\/h3>\n<ul>\n<li>Puede cancelar su pedido o actualizar la direcci\u00f3n de env\u00edo en cualquier momento antes de que los art\u00edculos sean enviados.<\/li>\n<li>Una vez que el paquete haya salido de nuestra instalaci\u00f3n, no se pueden procesar cambios de direcci\u00f3n ni reembolsos.<\/li>\n<li>El env\u00edo gratuito est\u00e1 disponible para pedidos entregados en Estados Unidos y Australia.<\/li>\n<\/ul>\n<h3>4. Env\u00edo DDP (Entrega con Derechos Pagados)<\/h3>\n<p>Para pa\u00edses seleccionados, ofrecemos el servicio **Entrega con Derechos Pagados (DDP)**, lo que significa que no tendr\u00e1 que manejar el despacho de aduana ni pagar impuestos\/derechos de importaci\u00f3n al llegar. Las opciones disponibles incluyen:<\/p>\n<ul>\n<li><strong>Estados Unidos:<\/strong> UPS Express (excluyendo Alaska y Haw\u00e1i)<\/li>\n<li><strong>Reino Unido:<\/strong> DPD Express local<\/li>\n<li><strong>Europa (general):<\/strong> UPS Express \/ DPD Express \/ DHL Express<\/li>\n<\/ul>\n<p><strong>El servicio DDP est\u00e1 disponible en los siguientes pa\u00edses europeos:<\/strong> Alemania, B\u00e9lgica, Luxemburgo, Pa\u00edses Bajos, Rep\u00fablica Checa, Polonia, Croacia, Eslovaquia, Eslovenia, Finlandia, Dinamarca, Suecia, Austria, Francia, Italia, Hungr\u00eda, Bulgaria, Lituania, Estonia, Letonia, Grecia, Irlanda, Portugal, Espa\u00f1a.<\/p>\n<h3>5. Tiempos de Entrega Estimados por Pa\u00eds\/Regi\u00f3n<\/h3>\n<p>A continuaci\u00f3n se presenta una visi\u00f3n general de los m\u00e9todos de env\u00edo y ventanas de entrega aproximadas para destinos populares:<\/p>\n<table>\n<thead>\n<tr>\n<th>Pa\u00eds \/ Regi\u00f3n<\/th>\n<th>M\u00e9todo de Env\u00edo<\/th>\n<th>Tiempo de Entrega Estimado<\/th>\n<\/tr>\n<\/thead>\n<tbody>\n<tr>\n<td>Estados Unidos<\/td>\n<td>UPS Ground local<\/td>\n<td>10\u201315 d\u00edas h\u00e1biles<\/td>\n<\/tr>\n<tr>\n<td>Reino Unido<\/td>\n<td>DPD Express local<\/td>\n<td>7\u201312 d\u00edas h\u00e1biles<\/td>\n<\/tr>\n<tr>\n<td>Alemania<\/td>\n<td>UPS \/ DPD \/ DHL<\/td>\n<td>8\u201315 d\u00edas h\u00e1biles<\/td>\n<\/tr>\n<tr>\n<td>Francia<\/td>\n<td>UPS \/ DPD \/ DHL<\/td>\n<td>10\u201315 d\u00edas h\u00e1biles<\/td>\n<\/tr>\n<tr>\n<td>B\u00e9lgica<\/td>\n<td>UPS \/ DPD \/ DHL<\/td>\n<td>10\u201315 d\u00edas h\u00e1biles<\/td>\n<\/tr>\n<tr>\n<td>Luxemburgo<\/td>\n<td>UPS \/ DPD \/ DHL<\/td>\n<td>10\u201315 d\u00edas h\u00e1biles<\/td>\n<\/tr>\n<tr>\n<td>Pa\u00edses Bajos<\/td>\n<td>UPS \/ DPD \/ DHL<\/td>\n<td>10\u201315 d\u00edas h\u00e1biles<\/td>\n<\/tr>\n<tr>\n<td>Rep\u00fablica Checa<\/td>\n<td>UPS \/ DPD \/ DHL<\/td>\n<td>10\u201315 d\u00edas h\u00e1biles<\/td>\n<\/tr>\n<tr>\n<td>Polonia<\/td>\n<td>UPS \/ DPD \/ DHL<\/td>\n<td>10\u201315 d\u00edas h\u00e1biles<\/td>\n<\/tr>\n<tr>\n<td>Croacia<\/td>\n<td>UPS \/ DPD \/ DHL<\/td>\n<td>10\u201315 d\u00edas h\u00e1biles<\/td>\n<\/tr>\n<tr>\n<td>Eslovaquia<\/td>\n<td>UPS \/ DPD \/ DHL<\/td>\n<td>10\u201315 d\u00edas h\u00e1biles<\/td>\n<\/tr>\n<tr>\n<td>Eslovenia<\/td>\n<td>UPS \/ DPD \/ DHL<\/td>\n<td>10\u201315 d\u00edas h\u00e1biles<\/td>\n<\/tr>\n<tr>\n<td>Finlandia<\/td>\n<td>UPS \/ DPD \/ DHL<\/td>\n<td>10\u201315 d\u00edas h\u00e1biles<\/td>\n<\/tr>\n<tr>\n<td>Dinamarca<\/td>\n<td>UPS \/ DPD \/ DHL<\/td>\n<td>10\u201315 d\u00edas h\u00e1biles<\/td>\n<\/tr>\n<tr>\n<td>Suecia<\/td>\n<td>UPS \/ DPD \/ DHL<\/td>\n<td>10\u201315 d\u00edas h\u00e1biles<\/td>\n<\/tr>\n<tr>\n<td>Austria<\/td>\n<td>UPS \/ DPD \/ DHL<\/td>\n<td>10\u201315 d\u00edas h\u00e1biles<\/td>\n<\/tr>\n<tr>\n<td>Italia<\/td>\n<td>UPS \/ DPD \/ DHL<\/td>\n<td>10\u201315 d\u00edas h\u00e1biles<\/td>\n<\/tr>\n<tr>\n<td>Hungr\u00eda<\/td>\n<td>UPS \/ DPD \/ DHL<\/td>\n<td>10\u201315 d\u00edas h\u00e1biles<\/td>\n<\/tr>\n<tr>\n<td>Lituania<\/td>\n<td>UPS \/ DPD \/ DHL<\/td>\n<td>10\u201315 d\u00edas h\u00e1biles<\/td>\n<\/tr>\n<tr>\n<td>Estonia<\/td>\n<td>UPS \/ DPD \/ DHL<\/td>\n<td>10\u201315 d\u00edas h\u00e1biles<\/td>\n<\/tr>\n<tr>\n<td>Letonia<\/td>\n<td>UPS \/ DPD \/ DHL<\/td>\n<td>10\u201315 d\u00edas h\u00e1biles<\/td>\n<\/tr>\n<tr>\n<td>Grecia<\/td>\n<td>UPS \/ DPD \/ DHL<\/td>\n<td>10\u201315 d\u00edas h\u00e1biles<\/td>\n<\/tr>\n<tr>\n<td>Irlanda<\/td>\n<td>UPS \/ DPD \/ DHL<\/td>\n<td>10\u201315 d\u00edas h\u00e1biles<\/td>\n<\/tr>\n<tr>\n<td>Portugal<\/td>\n<td>UPS \/ DPD \/ DHL<\/td>\n<td>10\u201315 d\u00edas h\u00e1biles<\/td>\n<\/tr>\n<tr>\n<td>Espa\u00f1a<\/td>\n<td>UPS \/ DPD \/ DHL<\/td>\n<td>10\u201315 d\u00edas h\u00e1biles<\/td>\n<\/tr>\n<tr>\n<td>EAU (\u00e1rea de Dub\u00e1i)<\/td>\n<td>Ruta dedicada a Dub\u00e1i<\/td>\n<td>12\u201318 d\u00edas h\u00e1biles<\/td>\n<\/tr>\n<tr>\n<td>Sud\u00e1frica<\/td>\n<td>Ruta dedicada a Sud\u00e1frica<\/td>\n<td>15\u201325 d\u00edas h\u00e1biles<\/td>\n<\/tr>\n<tr>\n<td>Vietnam<\/td>\n<td>Ruta dedicada a Vietnam<\/td>\n<td>3\u20135 d\u00edas h\u00e1biles<\/td>\n<\/tr>\n<tr>\n<td>Malasia Occidental<\/td>\n<td>Ruta dedicada a Malasia<\/td>\n<td>4\u20138 d\u00edas h\u00e1biles<\/td>\n<\/tr>\n<\/tbody>\n<\/table>\n<h3>6. Despacho de Aduanas y Derechos de Importaci\u00f3n<\/h3>\n<ul>\n<li>Para destinos no listados bajo el servicio DDP, el despacho de aduanas y el pago de cualquier derecho, impuesto o tarifa de manejo aplicable ser\u00e1 responsabilidad del destinatario a la llegada.<\/li>\n<li>Recomendamos consultar con su oficina de aduanas local para obtener detalles sobre posibles cargos y requisitos.<\/li>\n<li>En algunos casos, las autoridades aduaneras pueden solicitar una factura comercial o licencia comercial.<\/li>\n<\/ul>\n<p>At <a href=\"https:\/\/fumot.uk\/es\/\">fumot.uk<\/a>, nos esforzamos por ofrecer servicios de env\u00edo r\u00e1pidos, confiables y transparentes. Si tiene alguna pregunta o necesita asistencia, no dude en contactarnos en cualquier momento.<\/p>\n<\/div>","protected":false},"excerpt":{"rendered":"<p>Shipping Info 1. Order Processing &amp; Dispatch Orders are typically processed and shipped within 1\u20133 business days. Delivery time usually ranges from 7 to 15 business days after dispatch. Please note: We do not process or ship orders on weekends or public holidays. 2. Tracking Your Package Once your order has been shipped, you will [\u2026]<\/p>","protected":false},"author":1,"featured_media":0,"parent":0,"menu_order":0,"comment_status":"closed","ping_status":"closed","template":"","meta":{"footnotes":""},"class_list":["post-6779","page","type-page","status-publish","hentry"],"yoast_head":"<!-- This site is optimized with the Yoast SEO plugin v26.8 - https:\/\/yoast.com\/product\/yoast-seo-wordpress\/ -->\n<title>Shipping Info - Fumot Official Direct | Straight from the Factory, 100% Genuine<\/title>\n<meta name=\"description\" content=\"Fumot.uk Shipping: 1\u20133 day processing, 7\u201315 day worldwide delivery, free shipping to US &amp; Australia, DDP customs-paid options across Europe &amp; UK, easy 17track tracking. Order with confidence today!\" \/>\n<meta name=\"robots\" content=\"index, follow, max-snippet:-1, max-image-preview:large, max-video-preview:-1\" \/>\n<link rel=\"canonical\" href=\"https:\/\/fumot.uk\/es\/shipping-info\/\" \/>\n<meta property=\"og:locale\" content=\"es_ES\" \/>\n<meta property=\"og:type\" content=\"article\" \/>\n<meta property=\"og:title\" content=\"Shipping Info - Fumot Official Direct | Straight from the Factory, 100% Genuine\" \/>\n<meta property=\"og:description\" content=\"Fumot.uk Shipping: 1\u20133 day processing, 7\u201315 day worldwide delivery, free shipping to US &amp; Australia, DDP customs-paid options across Europe &amp; UK, easy 17track tracking. Order with confidence today!\" \/>\n<meta property=\"og:url\" content=\"https:\/\/fumot.uk\/es\/shipping-info\/\" \/>\n<meta property=\"og:site_name\" content=\"Fumot Official Direct | Straight from the Factory, 100% Genuine\" \/>\n<meta name=\"twitter:card\" content=\"summary_large_image\" \/>\n<meta name=\"twitter:label1\" content=\"Tiempo de lectura\" \/>\n\t<meta name=\"twitter:data1\" content=\"3 minutos\" \/>\n<script type=\"application\/ld+json\" class=\"yoast-schema-graph\">{\"@context\":\"https:\/\/schema.org\",\"@graph\":[{\"@type\":\"WebPage\",\"@id\":\"https:\/\/fumot.uk\/shipping-info\/\",\"url\":\"https:\/\/fumot.uk\/shipping-info\/\",\"name\":\"Shipping Info - Fumot Official Direct | Straight from the Factory, 100% Genuine\",\"isPartOf\":{\"@id\":\"https:\/\/fumot.uk\/#website\"},\"datePublished\":\"2026-01-23T01:52:57+00:00\",\"description\":\"Fumot.uk Shipping: 1\u20133 day processing, 7\u201315 day worldwide delivery, free shipping to US & Australia, DDP customs-paid options across Europe & UK, easy 17track tracking. Order with confidence today!\",\"breadcrumb\":{\"@id\":\"https:\/\/fumot.uk\/shipping-info\/#breadcrumb\"},\"inLanguage\":\"es\",\"potentialAction\":[{\"@type\":\"ReadAction\",\"target\":[\"https:\/\/fumot.uk\/shipping-info\/\"]}]},{\"@type\":\"BreadcrumbList\",\"@id\":\"https:\/\/fumot.uk\/shipping-info\/#breadcrumb\",\"itemListElement\":[{\"@type\":\"ListItem\",\"position\":1,\"name\":\"Home\",\"item\":\"https:\/\/fumot.uk\/\"},{\"@type\":\"ListItem\",\"position\":2,\"name\":\"Shipping Info\"}]},{\"@type\":\"WebSite\",\"@id\":\"https:\/\/fumot.uk\/#website\",\"url\":\"https:\/\/fumot.uk\/\",\"name\":\"Fumot Official Direct | Straight from the Factory, 100% Genuine\",\"description\":\"Official Website\",\"publisher\":{\"@id\":\"https:\/\/fumot.uk\/#organization\"},\"potentialAction\":[{\"@type\":\"SearchAction\",\"target\":{\"@type\":\"EntryPoint\",\"urlTemplate\":\"https:\/\/fumot.uk\/?s={search_term_string}\"},\"query-input\":{\"@type\":\"PropertyValueSpecification\",\"valueRequired\":true,\"valueName\":\"search_term_string\"}}],\"inLanguage\":\"es\"},{\"@type\":\"Organization\",\"@id\":\"https:\/\/fumot.uk\/#organization\",\"name\":\"Fumot Official Direct | Straight from the Factory, 100% Genuine\",\"url\":\"https:\/\/fumot.uk\/\",\"logo\":{\"@type\":\"ImageObject\",\"inLanguage\":\"es\",\"@id\":\"https:\/\/fumot.uk\/#\/schema\/logo\/image\/\",\"url\":\"https:\/\/fumot.uk\/wp-content\/uploads\/2026\/01\/cropped-fumot-logo1.png\",\"contentUrl\":\"https:\/\/fumot.uk\/wp-content\/uploads\/2026\/01\/cropped-fumot-logo1.png\",\"width\":152,\"height\":106,\"caption\":\"Fumot Official Direct | Straight from the Factory, 100% Genuine\"},\"image\":{\"@id\":\"https:\/\/fumot.uk\/#\/schema\/logo\/image\/\"}}]}<\/script>\n<!-- \/ Yoast SEO plugin. -->","yoast_head_json":{"title":"Informaci\u00f3n de Env\u00edo - Fumot Official Direct | Directo de la F\u00e1brica, 100% Genuine","description":"Env\u00edo Fumot.uk: procesamiento de 1\u20133 d\u00edas, entrega mundial de 7\u201315 d\u00edas, env\u00edo gratuito a EE.UU. y Australia, opciones DDP con aduana pagada en toda Europa y Reino Unido, f\u00e1cil seguimiento con 17track. \u00a1Haz tu pedido con confianza hoy!","robots":{"index":"index","follow":"follow","max-snippet":"max-snippet:-1","max-image-preview":"max-image-preview:large","max-video-preview":"max-video-preview:-1"},"canonical":"https:\/\/fumot.uk\/es\/shipping-info\/","og_locale":"es_ES","og_type":"article","og_title":"Shipping Info - Fumot Official Direct | Straight from the Factory, 100% Genuine","og_description":"Fumot.uk Shipping: 1\u20133 day processing, 7\u201315 day worldwide delivery, free shipping to US & Australia, DDP customs-paid options across Europe & UK, easy 17track tracking. Order with confidence today!","og_url":"https:\/\/fumot.uk\/es\/shipping-info\/","og_site_name":"Fumot Official Direct | Straight from the Factory, 100% Genuine","twitter_card":"summary_large_image","twitter_misc":{"Tiempo de lectura":"3 minutos"},"schema":{"@context":"https:\/\/schema.org","@graph":[{"@type":"WebPage","@id":"https:\/\/fumot.uk\/shipping-info\/","url":"https:\/\/fumot.uk\/shipping-info\/","name":"Informaci\u00f3n de Env\u00edo - Fumot Official Direct | Directo de la F\u00e1brica, 100% Genuine","isPartOf":{"@id":"https:\/\/fumot.uk\/#website"},"datePublished":"2026-01-23T01:52:57+00:00","description":"Env\u00edo Fumot.uk: procesamiento de 1\u20133 d\u00edas, entrega mundial de 7\u201315 d\u00edas, env\u00edo gratuito a EE.UU. y Australia, opciones DDP con aduana pagada en toda Europa y Reino Unido, f\u00e1cil seguimiento con 17track. \u00a1Haz tu pedido con confianza hoy!","breadcrumb":{"@id":"https:\/\/fumot.uk\/shipping-info\/#breadcrumb"},"inLanguage":"es","potentialAction":[{"@type":"ReadAction","target":["https:\/\/fumot.uk\/shipping-info\/"]}]},{"@type":"BreadcrumbList","@id":"https:\/\/fumot.uk\/shipping-info\/#breadcrumb","itemListElement":[{"@type":"ListItem","position":1,"name":"Home","item":"https:\/\/fumot.uk\/"},{"@type":"ListItem","position":2,"name":"Shipping Info"}]},{"@type":"WebSite","@id":"https:\/\/fumot.uk\/#website","url":"https:\/\/fumot.uk\/","name":"Fumot Official Direct | Directo desde la f\u00e1brica, 100% Original","description":"Sitio Oficial","publisher":{"@id":"https:\/\/fumot.uk\/#organization"},"potentialAction":[{"@type":"SearchAction","target":{"@type":"EntryPoint","urlTemplate":"https:\/\/fumot.uk\/?s={search_term_string}"},"query-input":{"@type":"PropertyValueSpecification","valueRequired":true,"valueName":"search_term_string"}}],"inLanguage":"es"},{"@type":"Organization","@id":"https:\/\/fumot.uk\/#organization","name":"Fumot Official Direct | Directo desde la f\u00e1brica, 100% Original","url":"https:\/\/fumot.uk\/","logo":{"@type":"ImageObject","inLanguage":"es","@id":"https:\/\/fumot.uk\/#\/schema\/logo\/image\/","url":"https:\/\/fumot.uk\/wp-content\/uploads\/2026\/01\/cropped-fumot-logo1.png","contentUrl":"https:\/\/fumot.uk\/wp-content\/uploads\/2026\/01\/cropped-fumot-logo1.png","width":152,"height":106,"caption":"Fumot Official Direct | Straight from the Factory, 100% Genuine"},"image":{"@id":"https:\/\/fumot.uk\/#\/schema\/logo\/image\/"}}]}},"_links":{"self":[{"href":"https:\/\/fumot.uk\/es\/wp-json\/wp\/v2\/pages\/6779","targetHints":{"allow":["GET"]}}],"collection":[{"href":"https:\/\/fumot.uk\/es\/wp-json\/wp\/v2\/pages"}],"about":[{"href":"https:\/\/fumot.uk\/es\/wp-json\/wp\/v2\/types\/page"}],"author":[{"embeddable":true,"href":"https:\/\/fumot.uk\/es\/wp-json\/wp\/v2\/users\/1"}],"replies":[{"embeddable":true,"href":"https:\/\/fumot.uk\/es\/wp-json\/wp\/v2\/comments?post=6779"}],"version-history":[{"count":1,"href":"https:\/\/fumot.uk\/es\/wp-json\/wp\/v2\/pages\/6779\/revisions"}],"predecessor-version":[{"id":6781,"href":"https:\/\/fumot.uk\/es\/wp-json\/wp\/v2\/pages\/6779\/revisions\/6781"}],"wp:attachment":[{"href":"https:\/\/fumot.uk\/es\/wp-json\/wp\/v2\/media?parent=6779"}],"curies":[{"name":"wp","href":"https:\/\/api.w.org\/{rel}","templated":true}]}}